{"id":61747,"date":"2024-05-22T15:10:03","date_gmt":"2024-05-22T13:10:03","guid":{"rendered":"https:\/\/www.klb-koetztal.de\/produkt\/floor-sealer-72-repair\/"},"modified":"2026-02-25T12:16:01","modified_gmt":"2026-02-25T11:16:01","slug":"floor-sealer-72-repair","status":"publish","type":"product","link":"https:\/\/dev.klb-koetztal.de\/en\/produkt\/floor-sealer-72-repair\/","title":{"rendered":"FLOOR SEALER&#160;72 Repair&#160;"},"content":{"rendered":"","protected":false},"excerpt":{"rendered":"<p>Rapid-setting 2-component UP compound for renovating and repairing small-surface defects such as chipping, scratches or tear-outs&#160;on elastic subfloors \u2013 like PVC, linoleum or rubber coverings&#160;\u2013&#160;prior to the coloured top sealing with&#160;FLOOR SEALER systems.<\/p>\n","protected":false},"featured_media":59523,"template":"","meta":{"_acf_changed":false},"product_brand":[],"product_cat":[12533,12534],"product_tag":[],"class_list":{"0":"post-61747","1":"product","2":"type-product","3":"status-publish","4":"has-post-thumbnail","6":"product_cat-floor-sealer","7":"product_cat-floor-sealer-_renovation-and-injection-resins","9":"first","10":"instock","11":"shipping-taxable","12":"product-type-simple"},"acf":{"product_header":{"module_product_header":{"":null,"prototype_headline":{"headline":"FLOOR SEALER&#160;72 Repair&#160;","h1":true,"subheadline":"Rapid-setting 2-component UP compound for repairing small-surface damages on subfloors prior to the use of FLOOR SEALER systems.","anchor":"","url":""},"grid_text_slider":false,"grid_text_content":[{"text":"<p class=\"product-short-title\" style=\"text-align: center;\"><strong>Brief description<\/strong><\/p>\n<p>Rapid-setting 2-component UP compound for renovating and repairing small-surface defects such as chipping, scratches or tear-outs&#160;on elastic subfloors \u2013 like PVC, linoleum or rubber coverings&#160;\u2013&#160;prior to the coloured top sealing with&#160;FLOOR SEALER systems.<\/p>\n","width":"4","background_color_text":"bg-white","border_color":"border-gray-light"},{"text":"<p class=\"product-sicing-title\" style=\"text-align: center;\"><strong>Packaging units<\/strong><\/p>\n<ul>\n<li>FF6157-95 &#8211; Combo can 1.00 kg<\/li>\n<\/ul>\n<p><\/p>\n<p>Please do not hesitate to contact us directly for enquiries about larger delivery quantities or packaging units.<\/p>\n\n","width":"4","background_color_text":"bg-white","border_color":"border-gray-light"},{"text":"<p class=\"product-attr-title\" style=\"text-align: center;\"><strong>Properties<\/strong><\/p>\n<ul>\n<li>very rapid-setting<\/li>\n<li>quickly reworkable<\/li>\n<li>easily grindable<\/li>\n<li>good interlayer adhesion<\/li>\n<li>stable setting<\/li>\n<li>impervious to fluids<\/li>\n<li>good resistance to water and chemicals<\/li>\n<li>filling and levelling coats<\/li>\n<\/ul>\n","width":"4","background_color_text":"bg-white","border_color":"border-gray-light"}],"background_color":"bg-none","background_color_content":"bg-none"}},"downloads":{"module_download_list":{"inhalt":null,"downloads":[{"download":{"ID":60200,"id":60200,"title":"FLOOR_SEALER_72_Repair_Set_PI_fr_2024_02-1","filename":"FLOOR_SEALER_72_Repair_Set_PI_fr_2024_02-1.pdf","filesize":297004,"url":"https:\/\/dev.klb-koetztal.de\/app\/uploads\/2024\/02\/FLOOR_SEALER_72_Repair_Set_PI_fr_2024_02-1.pdf","link":"https:\/\/dev.klb-koetztal.de\/en\/?attachment_id=60200","alt":"","author":"7","description":"","caption":"","name":"floor_sealer_72_repair_set_pi_fr_2024_02-1-2","status":"inherit","uploaded_to":0,"date":"2024-02-19 10:40:11","modified":"2024-02-19 10:40:11","menu_order":0,"mime_type":"application\/pdf","type":"application","subtype":"pdf","icon":"https:\/\/dev.klb-koetztal.de\/wp\/wp-includes\/images\/media\/document.png"},"filename":"Information Produit FR","protected":false,"doclang":"FR","externalkey":"Produktinformation","docpos":"3"},{"download":{"ID":61749,"id":61749,"title":"FLOOR_SEALER_72_Repair_Set_PI_en_2024_05","filename":"FLOOR_SEALER_72_Repair_Set_PI_en_2024_05.pdf","filesize":292003,"url":"https:\/\/dev.klb-koetztal.de\/app\/uploads\/2024\/05\/FLOOR_SEALER_72_Repair_Set_PI_en_2024_05.pdf","link":"https:\/\/dev.klb-koetztal.de\/en\/?attachment_id=61749","alt":"","author":"7","description":"","caption":"","name":"floor_sealer_72_repair_set_pi_en_2024_05-2","status":"inherit","uploaded_to":0,"date":"2024-05-22 13:10:09","modified":"2024-05-22 13:10:09","menu_order":0,"mime_type":"application\/pdf","type":"application","subtype":"pdf","icon":"https:\/\/dev.klb-koetztal.de\/wp\/wp-includes\/images\/media\/document.png"},"filename":"Product Information","protected":false,"doclang":"GB","externalkey":"Produktinformation","docpos":"2"},{"download":false,"filename":"Safety data sheet","protected":true,"doclang":"GB","externalkey":"Sicherheitsdatenblatt","docpos":"2"},{"download":false,"filename":"Fiche de donn\u00e9es de s\u00e9curit\u00e9 FR","protected":true,"doclang":"FR","externalkey":"Sicherheitsdatenblatt","docpos":"3"}],"einstellungen":null,"background_color":"bg-none","background_color_content":"bg-none"}},"included_in_systems":{"module_included_in_systems":{"":null,"background_color":"bg-gray-medium","background_color_content":"bg-none"}},"contact":{"module_contact":{"":null,"background_color":"bg-none","background_color_content":"bg-none"}},"ausschreibende":{"module_ausschreibende":{"andern_sie_den_inhalt_unter_universelle_elemente":null,"background_color":"bg-none","background_color_content":"bg-none"}}},"yoast_head":"<!-- This site is optimized with the Yoast SEO plugin v27.0 - https:\/\/yoast.com\/product\/yoast-seo-wordpress\/ -->\n<title>FLOOR SEALER&#160;72 Repair&#160;<\/title>\n<meta name=\"description\" content=\"\u2714\ufe0f\" \/>\n<meta name=\"robots\" content=\"noindex, follow, max-snippet:-1, max-image-preview:large, max-video-preview:-1\" \/>\n<meta property=\"og:locale\" content=\"en_GB\" \/>\n<meta property=\"og:type\" content=\"article\" \/>\n<meta property=\"og:title\" content=\"FLOOR SEALER&#160;72 Repair&#160;\" \/>\n<meta property=\"og:description\" content=\"\u2714\ufe0f\" \/>\n<meta property=\"og:url\" content=\"https:\/\/dev.klb-koetztal.de\/en\/produkt\/floor-sealer-72-repair\/\" \/>\n<meta property=\"og:site_name\" content=\"KLB K\u00f6tztal\" \/>\n<meta property=\"article:publisher\" content=\"https:\/\/www.facebook.com\/klbkoetztal\" \/>\n<meta property=\"article:modified_time\" content=\"2026-02-25T11:16:01+00:00\" \/>\n<meta property=\"og:image\" content=\"https:\/\/dev.klb-koetztal.de\/app\/uploads\/2024\/01\/KLB_Floor_Sealer_Repar_Kit_1kg_20221121-DSC_0475-Bearbeitet_500px.jpg\" \/>\n\t<meta property=\"og:image:width\" content=\"500\" \/>\n\t<meta property=\"og:image:height\" content=\"500\" \/>\n\t<meta property=\"og:image:type\" content=\"image\/jpeg\" \/>\n<meta name=\"twitter:card\" content=\"summary_large_image\" \/>\n<script type=\"application\/ld+json\" class=\"yoast-schema-graph\">{\"@context\":\"https:\/\/schema.org\",\"@graph\":[{\"@type\":\"WebPage\",\"@id\":\"https:\/\/dev.klb-koetztal.de\/en\/produkt\/floor-sealer-72-repair\/\",\"url\":\"https:\/\/dev.klb-koetztal.de\/en\/produkt\/floor-sealer-72-repair\/\",\"name\":\"FLOOR SEALER&#160;72 Repair&#160;\",\"isPartOf\":{\"@id\":\"https:\/\/dev.klb-koetztal.de\/en\/#website\"},\"primaryImageOfPage\":{\"@id\":\"https:\/\/dev.klb-koetztal.de\/en\/produkt\/floor-sealer-72-repair\/#primaryimage\"},\"image\":{\"@id\":\"https:\/\/dev.klb-koetztal.de\/en\/produkt\/floor-sealer-72-repair\/#primaryimage\"},\"thumbnailUrl\":\"https:\/\/dev.klb-koetztal.de\/app\/uploads\/2024\/01\/KLB_Floor_Sealer_Repar_Kit_1kg_20221121-DSC_0475-Bearbeitet_500px.jpg\",\"datePublished\":\"2024-05-22T13:10:03+00:00\",\"dateModified\":\"2026-02-25T11:16:01+00:00\",\"description\":\"\u2714\ufe0f\",\"breadcrumb\":{\"@id\":\"https:\/\/dev.klb-koetztal.de\/en\/produkt\/floor-sealer-72-repair\/#breadcrumb\"},\"inLanguage\":\"en-GB\",\"potentialAction\":[{\"@type\":\"ReadAction\",\"target\":[\"https:\/\/dev.klb-koetztal.de\/en\/produkt\/floor-sealer-72-repair\/\"]}]},{\"@type\":\"ImageObject\",\"inLanguage\":\"en-GB\",\"@id\":\"https:\/\/dev.klb-koetztal.de\/en\/produkt\/floor-sealer-72-repair\/#primaryimage\",\"url\":\"https:\/\/dev.klb-koetztal.de\/app\/uploads\/2024\/01\/KLB_Floor_Sealer_Repar_Kit_1kg_20221121-DSC_0475-Bearbeitet_500px.jpg\",\"contentUrl\":\"https:\/\/dev.klb-koetztal.de\/app\/uploads\/2024\/01\/KLB_Floor_Sealer_Repar_Kit_1kg_20221121-DSC_0475-Bearbeitet_500px.jpg\",\"width\":500,\"height\":500},{\"@type\":\"BreadcrumbList\",\"@id\":\"https:\/\/dev.klb-koetztal.de\/en\/produkt\/floor-sealer-72-repair\/#breadcrumb\",\"itemListElement\":[{\"@type\":\"ListItem\",\"position\":1,\"name\":\"Startseite\",\"item\":\"https:\/\/dev.klb-koetztal.de\/en\/\"},{\"@type\":\"ListItem\",\"position\":2,\"name\":\"FLOOR SEALER&#160;72 Repair&#160;\"}]},{\"@type\":\"WebSite\",\"@id\":\"https:\/\/dev.klb-koetztal.de\/en\/#website\",\"url\":\"https:\/\/dev.klb-koetztal.de\/en\/\",\"name\":\"KLB K\u00f6tztal\",\"description\":\"Gute B\u00f6den haben ein System.\",\"potentialAction\":[{\"@type\":\"SearchAction\",\"target\":{\"@type\":\"EntryPoint\",\"urlTemplate\":\"https:\/\/dev.klb-koetztal.de\/en\/?s={search_term_string}\"},\"query-input\":{\"@type\":\"PropertyValueSpecification\",\"valueRequired\":true,\"valueName\":\"search_term_string\"}}],\"inLanguage\":\"en-GB\"}]}<\/script>\n<!-- \/ Yoast SEO plugin. -->","yoast_head_json":{"title":"FLOOR SEALER&#160;72 Repair&#160;","description":"\u2714\ufe0f","robots":{"index":"noindex","follow":"follow","max-snippet":"max-snippet:-1","max-image-preview":"max-image-preview:large","max-video-preview":"max-video-preview:-1"},"og_locale":"en_GB","og_type":"article","og_title":"FLOOR SEALER&#160;72 Repair&#160;","og_description":"\u2714\ufe0f","og_url":"https:\/\/dev.klb-koetztal.de\/en\/produkt\/floor-sealer-72-repair\/","og_site_name":"KLB K\u00f6tztal","article_publisher":"https:\/\/www.facebook.com\/klbkoetztal","article_modified_time":"2026-02-25T11:16:01+00:00","og_image":[{"width":500,"height":500,"url":"https:\/\/dev.klb-koetztal.de\/app\/uploads\/2024\/01\/KLB_Floor_Sealer_Repar_Kit_1kg_20221121-DSC_0475-Bearbeitet_500px.jpg","type":"image\/jpeg"}],"twitter_card":"summary_large_image","schema":{"@context":"https:\/\/schema.org","@graph":[{"@type":"WebPage","@id":"https:\/\/dev.klb-koetztal.de\/en\/produkt\/floor-sealer-72-repair\/","url":"https:\/\/dev.klb-koetztal.de\/en\/produkt\/floor-sealer-72-repair\/","name":"FLOOR SEALER&#160;72 Repair&#160;","isPartOf":{"@id":"https:\/\/dev.klb-koetztal.de\/en\/#website"},"primaryImageOfPage":{"@id":"https:\/\/dev.klb-koetztal.de\/en\/produkt\/floor-sealer-72-repair\/#primaryimage"},"image":{"@id":"https:\/\/dev.klb-koetztal.de\/en\/produkt\/floor-sealer-72-repair\/#primaryimage"},"thumbnailUrl":"https:\/\/dev.klb-koetztal.de\/app\/uploads\/2024\/01\/KLB_Floor_Sealer_Repar_Kit_1kg_20221121-DSC_0475-Bearbeitet_500px.jpg","datePublished":"2024-05-22T13:10:03+00:00","dateModified":"2026-02-25T11:16:01+00:00","description":"\u2714\ufe0f","breadcrumb":{"@id":"https:\/\/dev.klb-koetztal.de\/en\/produkt\/floor-sealer-72-repair\/#breadcrumb"},"inLanguage":"en-GB","potentialAction":[{"@type":"ReadAction","target":["https:\/\/dev.klb-koetztal.de\/en\/produkt\/floor-sealer-72-repair\/"]}]},{"@type":"ImageObject","inLanguage":"en-GB","@id":"https:\/\/dev.klb-koetztal.de\/en\/produkt\/floor-sealer-72-repair\/#primaryimage","url":"https:\/\/dev.klb-koetztal.de\/app\/uploads\/2024\/01\/KLB_Floor_Sealer_Repar_Kit_1kg_20221121-DSC_0475-Bearbeitet_500px.jpg","contentUrl":"https:\/\/dev.klb-koetztal.de\/app\/uploads\/2024\/01\/KLB_Floor_Sealer_Repar_Kit_1kg_20221121-DSC_0475-Bearbeitet_500px.jpg","width":500,"height":500},{"@type":"BreadcrumbList","@id":"https:\/\/dev.klb-koetztal.de\/en\/produkt\/floor-sealer-72-repair\/#breadcrumb","itemListElement":[{"@type":"ListItem","position":1,"name":"Startseite","item":"https:\/\/dev.klb-koetztal.de\/en\/"},{"@type":"ListItem","position":2,"name":"FLOOR SEALER&#160;72 Repair&#160;"}]},{"@type":"WebSite","@id":"https:\/\/dev.klb-koetztal.de\/en\/#website","url":"https:\/\/dev.klb-koetztal.de\/en\/","name":"KLB K\u00f6tztal","description":"Gute B\u00f6den haben ein System.","potentialAction":[{"@type":"SearchAction","target":{"@type":"EntryPoint","urlTemplate":"https:\/\/dev.klb-koetztal.de\/en\/?s={search_term_string}"},"query-input":{"@type":"PropertyValueSpecification","valueRequired":true,"valueName":"search_term_string"}}],"inLanguage":"en-GB"}]}},"_links":{"self":[{"href":"https:\/\/dev.klb-koetztal.de\/en\/wp-json\/wp\/v2\/product\/61747","targetHints":{"allow":["GET"]}}],"collection":[{"href":"https:\/\/dev.klb-koetztal.de\/en\/wp-json\/wp\/v2\/product"}],"about":[{"href":"https:\/\/dev.klb-koetztal.de\/en\/wp-json\/wp\/v2\/types\/product"}],"wp:featuredmedia":[{"embeddable":true,"href":"https:\/\/dev.klb-koetztal.de\/en\/wp-json\/wp\/v2\/media\/59523"}],"wp:attachment":[{"href":"https:\/\/dev.klb-koetztal.de\/en\/wp-json\/wp\/v2\/media?parent=61747"}],"wp:term":[{"taxonomy":"product_brand","embeddable":true,"href":"https:\/\/dev.klb-koetztal.de\/en\/wp-json\/wp\/v2\/product_brand?post=61747"},{"taxonomy":"product_cat","embeddable":true,"href":"https:\/\/dev.klb-koetztal.de\/en\/wp-json\/wp\/v2\/product_cat?post=61747"},{"taxonomy":"product_tag","embeddable":true,"href":"https:\/\/dev.klb-koetztal.de\/en\/wp-json\/wp\/v2\/product_tag?post=61747"}],"curies":[{"name":"wp","href":"https:\/\/api.w.org\/{rel}","templated":true}]}}