{"id":61357,"date":"2024-05-06T17:50:51","date_gmt":"2024-05-06T15:50:51","guid":{"rendered":"https:\/\/www.klb-koetztal.de\/produkt\/klb-system-acryl-ac-20\/"},"modified":"2026-03-16T14:06:54","modified_gmt":"2026-03-16T13:06:54","slug":"klb-system-acryl-ac-20","status":"publish","type":"product","link":"https:\/\/dev.klb-koetztal.de\/en\/produkt\/klb-system-acryl-ac-20\/","title":{"rendered":"KLB-SYSTEM ACRYL AC 20"},"content":{"rendered":"","protected":false},"excerpt":{"rendered":"<p>Low-viscosity, rapid-setting PMMA primer for mineral substrates and subsequent PMMA coatings.&#160;<br \/>\nPlease order hardener powder separately!<\/p>\n","protected":false},"featured_media":50267,"template":"","meta":{"_acf_changed":false},"product_brand":[],"product_cat":[9607,9655,9609,9657],"product_tag":[],"class_list":{"0":"post-61357","1":"product","2":"type-product","3":"status-publish","4":"has-post-thumbnail","6":"product_cat-primers","7":"product_cat-pmma-primers","8":"product_cat-coatings","9":"product_cat-pmma-coatings-and-top-sealer","11":"first","12":"instock","13":"shipping-taxable","14":"product-type-simple"},"acf":{"product_header":{"module_product_header":{"":null,"prototype_headline":{"headline":"KLB-SYSTEM ACRYL AC 20","h1":true,"subheadline":"Rapid-setting, low viscosity 2-component PMMA base coat","anchor":"","url":""},"grid_text_slider":false,"grid_text_content":[{"text":"<p class=\"product-short-title\" style=\"text-align: center;\"><strong>Brief description<\/strong><\/p>\n<p>Low-viscosity, rapid-setting PMMA primer for mineral substrates and subsequent PMMA coatings.&#160;<\/p>\n<p>Please order hardener powder separately!<\/p>\n","width":"4","background_color_text":"bg-white","border_color":"border-gray-light"},{"text":"<p class=\"product-sicing-title\" style=\"text-align: center;\"><strong>Packaging units<\/strong><\/p>\n<ul>\n<li>AK0002-92 &#8211; Combo can 1.00 kg<\/li>\n<li>MA0102-52 &#8211; Canister 10.00 kg<\/li>\n<li>MA0102-25 &#8211; Hobbock 25.00 kg<\/li>\n<li>MA0102-02 &#8211; Drum 190.00 kg<\/li>\n<\/ul>\n<p><\/p>\n<p>Please do not hesitate to contact us directly for enquiries about larger delivery quantities or packaging units.<\/p>\n\n","width":"4","background_color_text":"bg-white","border_color":"border-gray-light"},{"text":"<p class=\"product-attr-title\" style=\"text-align: center;\"><strong>Properties<\/strong><\/p>\n<ul>\n<li>very rapid-setting<\/li>\n<li>good resistance to water and chemicals<\/li>\n<li>cures at low temperatures<\/li>\n<li>reworkable after 1 hour<\/li>\n<li>can be filled to balance roughness depth<\/li>\n<li>solvent-free<\/li>\n<li>free of deleterious substances against varnish<\/li>\n<li>suitable for renovations<\/li>\n<\/ul>\n","width":"4","background_color_text":"bg-white","border_color":"border-gray-light"}],"background_color":"bg-none","background_color_content":"bg-none"}},"downloads":{"module_download_list":{"inhalt":null,"downloads":[{"download":{"ID":56370,"id":56370,"title":"AC_20_PI_fr_2023_05","filename":"AC_20_PI_fr_2023_05.pdf","filesize":267154,"url":"https:\/\/dev.klb-koetztal.de\/app\/uploads\/2023\/05\/AC_20_PI_fr_2023_05.pdf","link":"https:\/\/dev.klb-koetztal.de\/en\/?attachment_id=56370","alt":"","author":"7","description":"","caption":"","name":"ac_20_pi_fr_2023_05-2","status":"inherit","uploaded_to":0,"date":"2023-05-16 15:40:10","modified":"2023-05-16 15:40:10","menu_order":0,"mime_type":"application\/pdf","type":"application","subtype":"pdf","icon":"https:\/\/dev.klb-koetztal.de\/wp\/wp-includes\/images\/media\/document.png"},"filename":"Information Produit FR","protected":false,"doclang":"FR","externalkey":"Produktinformation","docpos":"3"},{"download":{"ID":56373,"id":56373,"title":"AC_20_PI_en_2023_05","filename":"AC_20_PI_en_2023_05.pdf","filesize":262336,"url":"https:\/\/dev.klb-koetztal.de\/app\/uploads\/2023\/05\/AC_20_PI_en_2023_05.pdf","link":"https:\/\/dev.klb-koetztal.de\/en\/?attachment_id=56373","alt":"","author":"7","description":"","caption":"","name":"ac_20_pi_en_2023_05-2","status":"inherit","uploaded_to":0,"date":"2023-05-16 15:40:11","modified":"2023-05-16 15:40:11","menu_order":0,"mime_type":"application\/pdf","type":"application","subtype":"pdf","icon":"https:\/\/dev.klb-koetztal.de\/wp\/wp-includes\/images\/media\/document.png"},"filename":"Product Information","protected":false,"doclang":"GB","externalkey":"Produktinformation","docpos":"2"},{"download":{"ID":67715,"id":67715,"title":"AC20_Umwelt-Deklaration_2025-10","filename":"AC20_Umwelt-Deklaration_2025-10.pdf","filesize":1691279,"url":"https:\/\/dev.klb-koetztal.de\/app\/uploads\/2025\/10\/AC20_Umwelt-Deklaration_2025-10.pdf","link":"https:\/\/dev.klb-koetztal.de\/en\/?attachment_id=67715","alt":"","author":"7","description":"","caption":"","name":"ac20_umwelt-deklaration_2025-10-2","status":"inherit","uploaded_to":0,"date":"2025-10-16 09:00:54","modified":"2025-10-16 09:00:54","menu_order":0,"mime_type":"application\/pdf","type":"application","subtype":"pdf","icon":"https:\/\/dev.klb-koetztal.de\/wp\/wp-includes\/images\/media\/document.png"},"filename":"EPD - Environmental Product Declaration","protected":false,"doclang":"Multi","externalkey":"Umweltproduktdeklaration","docpos":"50"},{"download":false,"filename":"Safety data sheet","protected":true,"doclang":"GB","externalkey":"Sicherheitsdatenblatt","docpos":"2"},{"download":false,"filename":"Fiche de donn\u00e9es de s\u00e9curit\u00e9 FR","protected":true,"doclang":"FR","externalkey":"Sicherheitsdatenblatt","docpos":"3"}],"einstellungen":null,"background_color":"bg-none","background_color_content":"bg-none"}},"included_in_systems":{"module_included_in_systems":{"":null,"background_color":"bg-gray-medium","background_color_content":"bg-none"}},"contact":{"module_contact":{"":null,"background_color":"bg-none","background_color_content":"bg-none"}},"ausschreibende":{"module_ausschreibende":{"andern_sie_den_inhalt_unter_universelle_elemente":null,"background_color":"bg-none","background_color_content":"bg-none"}}},"yoast_head":"<!-- This site is optimized with the Yoast SEO plugin v27.0 - https:\/\/yoast.com\/product\/yoast-seo-wordpress\/ -->\n<title>Rapid-setting, low-viscosity primer AC 20 | KLB K\u00f6tztal<\/title>\n<meta name=\"description\" content=\"Solvent-free, non-pigmented, rapid-setting PMMA primer AC 20 onto screeds and concrete | KLB coatings \u2714\ufe0f for use at lower temperatures\" \/>\n<meta name=\"robots\" content=\"noindex, follow, max-snippet:-1, max-image-preview:large, max-video-preview:-1\" \/>\n<meta property=\"og:locale\" content=\"en_GB\" \/>\n<meta property=\"og:type\" content=\"article\" \/>\n<meta property=\"og:title\" content=\"Rapid-setting, low-viscosity primer AC 20 | KLB K\u00f6tztal\" \/>\n<meta property=\"og:description\" content=\"Solvent-free, non-pigmented, rapid-setting PMMA primer AC 20 onto screeds and concrete | KLB coatings \u2714\ufe0f for use at lower temperatures\" \/>\n<meta property=\"og:url\" content=\"https:\/\/dev.klb-koetztal.de\/en\/produkt\/klb-system-acryl-ac-20\/\" \/>\n<meta property=\"og:site_name\" content=\"KLB K\u00f6tztal\" \/>\n<meta property=\"article:publisher\" content=\"https:\/\/www.facebook.com\/klbkoetztal\" \/>\n<meta property=\"article:modified_time\" content=\"2026-03-16T13:06:54+00:00\" \/>\n<meta property=\"og:image\" content=\"https:\/\/dev.klb-koetztal.de\/app\/uploads\/2022\/03\/AC20.jpg\" \/>\n\t<meta property=\"og:image:width\" content=\"500\" \/>\n\t<meta property=\"og:image:height\" content=\"500\" \/>\n\t<meta property=\"og:image:type\" content=\"image\/jpeg\" \/>\n<meta name=\"twitter:card\" content=\"summary_large_image\" \/>\n<script type=\"application\/ld+json\" class=\"yoast-schema-graph\">{\"@context\":\"https:\/\/schema.org\",\"@graph\":[{\"@type\":\"WebPage\",\"@id\":\"https:\/\/dev.klb-koetztal.de\/en\/produkt\/klb-system-acryl-ac-20\/\",\"url\":\"https:\/\/dev.klb-koetztal.de\/en\/produkt\/klb-system-acryl-ac-20\/\",\"name\":\"Rapid-setting, low-viscosity primer AC 20 | KLB K\u00f6tztal\",\"isPartOf\":{\"@id\":\"https:\/\/dev.klb-koetztal.de\/en\/#website\"},\"primaryImageOfPage\":{\"@id\":\"https:\/\/dev.klb-koetztal.de\/en\/produkt\/klb-system-acryl-ac-20\/#primaryimage\"},\"image\":{\"@id\":\"https:\/\/dev.klb-koetztal.de\/en\/produkt\/klb-system-acryl-ac-20\/#primaryimage\"},\"thumbnailUrl\":\"https:\/\/dev.klb-koetztal.de\/app\/uploads\/2022\/03\/AC20.jpg\",\"datePublished\":\"2024-05-06T15:50:51+00:00\",\"dateModified\":\"2026-03-16T13:06:54+00:00\",\"description\":\"Solvent-free, non-pigmented, rapid-setting PMMA primer AC 20 onto screeds and concrete | KLB coatings \u2714\ufe0f for use at lower temperatures\",\"breadcrumb\":{\"@id\":\"https:\/\/dev.klb-koetztal.de\/en\/produkt\/klb-system-acryl-ac-20\/#breadcrumb\"},\"inLanguage\":\"en-GB\",\"potentialAction\":[{\"@type\":\"ReadAction\",\"target\":[\"https:\/\/dev.klb-koetztal.de\/en\/produkt\/klb-system-acryl-ac-20\/\"]}]},{\"@type\":\"ImageObject\",\"inLanguage\":\"en-GB\",\"@id\":\"https:\/\/dev.klb-koetztal.de\/en\/produkt\/klb-system-acryl-ac-20\/#primaryimage\",\"url\":\"https:\/\/dev.klb-koetztal.de\/app\/uploads\/2022\/03\/AC20.jpg\",\"contentUrl\":\"https:\/\/dev.klb-koetztal.de\/app\/uploads\/2022\/03\/AC20.jpg\",\"width\":500,\"height\":500},{\"@type\":\"BreadcrumbList\",\"@id\":\"https:\/\/dev.klb-koetztal.de\/en\/produkt\/klb-system-acryl-ac-20\/#breadcrumb\",\"itemListElement\":[{\"@type\":\"ListItem\",\"position\":1,\"name\":\"Startseite\",\"item\":\"https:\/\/dev.klb-koetztal.de\/en\/\"},{\"@type\":\"ListItem\",\"position\":2,\"name\":\"KLB-SYSTEM ACRYL AC 20\"}]},{\"@type\":\"WebSite\",\"@id\":\"https:\/\/dev.klb-koetztal.de\/en\/#website\",\"url\":\"https:\/\/dev.klb-koetztal.de\/en\/\",\"name\":\"KLB K\u00f6tztal\",\"description\":\"Gute B\u00f6den haben ein System.\",\"potentialAction\":[{\"@type\":\"SearchAction\",\"target\":{\"@type\":\"EntryPoint\",\"urlTemplate\":\"https:\/\/dev.klb-koetztal.de\/en\/?s={search_term_string}\"},\"query-input\":{\"@type\":\"PropertyValueSpecification\",\"valueRequired\":true,\"valueName\":\"search_term_string\"}}],\"inLanguage\":\"en-GB\"}]}<\/script>\n<!-- \/ Yoast SEO plugin. -->","yoast_head_json":{"title":"Rapid-setting, low-viscosity primer AC 20 | KLB K\u00f6tztal","description":"Solvent-free, non-pigmented, rapid-setting PMMA primer AC 20 onto screeds and concrete | KLB coatings \u2714\ufe0f for use at lower temperatures","robots":{"index":"noindex","follow":"follow","max-snippet":"max-snippet:-1","max-image-preview":"max-image-preview:large","max-video-preview":"max-video-preview:-1"},"og_locale":"en_GB","og_type":"article","og_title":"Rapid-setting, low-viscosity primer AC 20 | KLB K\u00f6tztal","og_description":"Solvent-free, non-pigmented, rapid-setting PMMA primer AC 20 onto screeds and concrete | KLB coatings \u2714\ufe0f for use at lower temperatures","og_url":"https:\/\/dev.klb-koetztal.de\/en\/produkt\/klb-system-acryl-ac-20\/","og_site_name":"KLB K\u00f6tztal","article_publisher":"https:\/\/www.facebook.com\/klbkoetztal","article_modified_time":"2026-03-16T13:06:54+00:00","og_image":[{"width":500,"height":500,"url":"https:\/\/dev.klb-koetztal.de\/app\/uploads\/2022\/03\/AC20.jpg","type":"image\/jpeg"}],"twitter_card":"summary_large_image","schema":{"@context":"https:\/\/schema.org","@graph":[{"@type":"WebPage","@id":"https:\/\/dev.klb-koetztal.de\/en\/produkt\/klb-system-acryl-ac-20\/","url":"https:\/\/dev.klb-koetztal.de\/en\/produkt\/klb-system-acryl-ac-20\/","name":"Rapid-setting, low-viscosity primer AC 20 | KLB K\u00f6tztal","isPartOf":{"@id":"https:\/\/dev.klb-koetztal.de\/en\/#website"},"primaryImageOfPage":{"@id":"https:\/\/dev.klb-koetztal.de\/en\/produkt\/klb-system-acryl-ac-20\/#primaryimage"},"image":{"@id":"https:\/\/dev.klb-koetztal.de\/en\/produkt\/klb-system-acryl-ac-20\/#primaryimage"},"thumbnailUrl":"https:\/\/dev.klb-koetztal.de\/app\/uploads\/2022\/03\/AC20.jpg","datePublished":"2024-05-06T15:50:51+00:00","dateModified":"2026-03-16T13:06:54+00:00","description":"Solvent-free, non-pigmented, rapid-setting PMMA primer AC 20 onto screeds and concrete | KLB coatings \u2714\ufe0f for use at lower temperatures","breadcrumb":{"@id":"https:\/\/dev.klb-koetztal.de\/en\/produkt\/klb-system-acryl-ac-20\/#breadcrumb"},"inLanguage":"en-GB","potentialAction":[{"@type":"ReadAction","target":["https:\/\/dev.klb-koetztal.de\/en\/produkt\/klb-system-acryl-ac-20\/"]}]},{"@type":"ImageObject","inLanguage":"en-GB","@id":"https:\/\/dev.klb-koetztal.de\/en\/produkt\/klb-system-acryl-ac-20\/#primaryimage","url":"https:\/\/dev.klb-koetztal.de\/app\/uploads\/2022\/03\/AC20.jpg","contentUrl":"https:\/\/dev.klb-koetztal.de\/app\/uploads\/2022\/03\/AC20.jpg","width":500,"height":500},{"@type":"BreadcrumbList","@id":"https:\/\/dev.klb-koetztal.de\/en\/produkt\/klb-system-acryl-ac-20\/#breadcrumb","itemListElement":[{"@type":"ListItem","position":1,"name":"Startseite","item":"https:\/\/dev.klb-koetztal.de\/en\/"},{"@type":"ListItem","position":2,"name":"KLB-SYSTEM ACRYL AC 20"}]},{"@type":"WebSite","@id":"https:\/\/dev.klb-koetztal.de\/en\/#website","url":"https:\/\/dev.klb-koetztal.de\/en\/","name":"KLB K\u00f6tztal","description":"Gute B\u00f6den haben ein System.","potentialAction":[{"@type":"SearchAction","target":{"@type":"EntryPoint","urlTemplate":"https:\/\/dev.klb-koetztal.de\/en\/?s={search_term_string}"},"query-input":{"@type":"PropertyValueSpecification","valueRequired":true,"valueName":"search_term_string"}}],"inLanguage":"en-GB"}]}},"_links":{"self":[{"href":"https:\/\/dev.klb-koetztal.de\/en\/wp-json\/wp\/v2\/product\/61357","targetHints":{"allow":["GET"]}}],"collection":[{"href":"https:\/\/dev.klb-koetztal.de\/en\/wp-json\/wp\/v2\/product"}],"about":[{"href":"https:\/\/dev.klb-koetztal.de\/en\/wp-json\/wp\/v2\/types\/product"}],"wp:featuredmedia":[{"embeddable":true,"href":"https:\/\/dev.klb-koetztal.de\/en\/wp-json\/wp\/v2\/media\/50267"}],"wp:attachment":[{"href":"https:\/\/dev.klb-koetztal.de\/en\/wp-json\/wp\/v2\/media?parent=61357"}],"wp:term":[{"taxonomy":"product_brand","embeddable":true,"href":"https:\/\/dev.klb-koetztal.de\/en\/wp-json\/wp\/v2\/product_brand?post=61357"},{"taxonomy":"product_cat","embeddable":true,"href":"https:\/\/dev.klb-koetztal.de\/en\/wp-json\/wp\/v2\/product_cat?post=61357"},{"taxonomy":"product_tag","embeddable":true,"href":"https:\/\/dev.klb-koetztal.de\/en\/wp-json\/wp\/v2\/product_tag?post=61357"}],"curies":[{"name":"wp","href":"https:\/\/api.w.org\/{rel}","templated":true}]}}