{"id":61182,"date":"2024-04-19T09:55:12","date_gmt":"2024-04-19T07:55:12","guid":{"rendered":"https:\/\/www.klb-koetztal.de\/produkt\/klb-system-polyurethan-pu-405\/"},"modified":"2026-02-25T12:31:31","modified_gmt":"2026-02-25T11:31:31","slug":"klb-system-polyurethan-pu-405","status":"publish","type":"product","link":"https:\/\/dev.klb-koetztal.de\/en\/produkt\/klb-system-polyurethan-pu-405\/","title":{"rendered":"KLB-SYSTEM POLYURETHAN PU 405"},"content":{"rendered":"","protected":false},"excerpt":{"rendered":"<p>Low-emission, elastic 2-component polyurethane coating for decorative flooring,&#160;largely light-stable!&#160;KLB-SYSTEM POLYURETHAN PU 405 is suitable for producing pale-coloured floor coatings on decorative interior surfaces.<br \/>\nThe flexible cured coating offers special walking comfort. The coating is especially suitable for interior areas with a high demand to the optical appearance, e.g. living rooms, offices, doctor\u2019s surgeries, fitness centers and wellness areas, schools, and many more. The coating is not suitable for industrially used areas with an increased mechanical load.<br \/>\n&#160;<\/p>\n","protected":false},"featured_media":50110,"template":"","meta":{"_acf_changed":false},"product_brand":[],"product_cat":[9609,9611],"product_tag":[],"class_list":{"0":"post-61182","1":"product","2":"type-product","3":"status-publish","4":"has-post-thumbnail","6":"product_cat-coatings","7":"product_cat-2-component-polyurethane-coatings-comfortable-coatings","9":"first","10":"instock","11":"shipping-taxable","12":"product-type-simple"},"acf":{"product_header":{"module_product_header":{"":null,"prototype_headline":{"headline":"KLB-SYSTEM POLYURETHAN PU 405","h1":true,"subheadline":"Low-emission, elastic 2-component polyurethane coating for decorative flooring,&#160;largely light-stable","anchor":"","url":""},"grid_text_slider":false,"grid_text_content":[{"text":"<p class=\"product-short-title\" style=\"text-align: center;\"><strong>Brief description<\/strong><\/p>\n<p>Low-emission, elastic 2-component polyurethane coating for decorative flooring,&#160;largely light-stable!&#160;<strong>KLB-SYSTEM POLYURETHAN PU 405<\/strong> is suitable for producing pale-coloured floor coatings on decorative interior surfaces.<\/p>\n<p>The flexible cured coating offers special walking comfort. The coating is especially suitable for interior areas with a high demand to the optical appearance, e.g. living rooms, offices, doctor\u2019s surgeries, fitness centers and wellness areas, schools, and many more. The coating is not suitable for industrially used areas with an increased mechanical load.<\/p>\n<p>&#160;<\/p>\n","width":"4","background_color_text":"bg-white","border_color":"border-gray-light"},{"text":"<p class=\"product-sicing-title\" style=\"text-align: center;\"><strong>Packaging units<\/strong><\/p>\n<ul>\n<li>AK6082-50 &#8211; Bucket combo 10.00 kg<\/li>\n<li>AK6082-30 &#8211; Hobbock combo 30.00 kg<\/li>\n<\/ul>\n<p><\/p>\n<p>Please do not hesitate to contact us directly for enquiries about larger delivery quantities or packaging units.<\/p>\n\n","width":"4","background_color_text":"bg-white","border_color":"border-gray-light"},{"text":"<p class=\"product-attr-title\" style=\"text-align: center;\"><strong>Properties<\/strong><\/p>\n<ul>\n<li>tested, low-emission quality<\/li>\n<li>compliant with AgBB and suitable for recreation rooms<\/li>\n<li>decorative, appealing surface<\/li>\n<li>light-stable for the most part<\/li>\n<li>self-levelling<\/li>\n<li>elastic<\/li>\n<li>solvent-free<\/li>\n<li>free of deleterious substances against varnish<\/li>\n<li>easy application<\/li>\n<\/ul>\n","width":"4","background_color_text":"bg-white","border_color":"border-gray-light"}],"background_color":"bg-none","background_color_content":"bg-none"}},"downloads":{"module_download_list":{"inhalt":null,"downloads":[{"download":{"ID":68853,"id":68853,"title":"PU_405_PI_en_2026_02","filename":"PU_405_PI_en_2026_02.pdf","filesize":966613,"url":"https:\/\/dev.klb-koetztal.de\/app\/uploads\/2026\/02\/PU_405_PI_en_2026_02.pdf","link":"https:\/\/dev.klb-koetztal.de\/en\/?attachment_id=68853","alt":"","author":"7","description":"","caption":"","name":"pu_405_pi_en_2026_02-2","status":"inherit","uploaded_to":0,"date":"2026-02-24 08:30:46","modified":"2026-02-24 08:30:46","menu_order":0,"mime_type":"application\/pdf","type":"application","subtype":"pdf","icon":"https:\/\/dev.klb-koetztal.de\/wp\/wp-includes\/images\/media\/document.png"},"filename":"Product Information","protected":false,"doclang":"GB","externalkey":"Produktinformation","docpos":"2"},{"download":{"ID":68856,"id":68856,"title":"PU_405_PI_fr_2026_02","filename":"PU_405_PI_fr_2026_02.pdf","filesize":975323,"url":"https:\/\/dev.klb-koetztal.de\/app\/uploads\/2026\/02\/PU_405_PI_fr_2026_02.pdf","link":"https:\/\/dev.klb-koetztal.de\/en\/?attachment_id=68856","alt":"","author":"7","description":"","caption":"","name":"pu_405_pi_fr_2026_02-2","status":"inherit","uploaded_to":0,"date":"2026-02-24 08:30:49","modified":"2026-02-24 08:30:49","menu_order":0,"mime_type":"application\/pdf","type":"application","subtype":"pdf","icon":"https:\/\/dev.klb-koetztal.de\/wp\/wp-includes\/images\/media\/document.png"},"filename":"Information Produit FR","protected":false,"doclang":"FR","externalkey":"Produktinformation","docpos":"3"},{"download":{"ID":68253,"id":68253,"title":"PU_405_LE_en_2025_12","filename":"PU_405_LE_en_2025_12.pdf","filesize":604149,"url":"https:\/\/dev.klb-koetztal.de\/app\/uploads\/2025\/12\/PU_405_LE_en_2025_12.pdf","link":"https:\/\/dev.klb-koetztal.de\/en\/?attachment_id=68253","alt":"","author":"7","description":"","caption":"","name":"pu_405_le_en_2025_12-2","status":"inherit","uploaded_to":0,"date":"2025-12-04 06:51:21","modified":"2025-12-04 06:51:21","menu_order":0,"mime_type":"application\/pdf","type":"application","subtype":"pdf","icon":"https:\/\/dev.klb-koetztal.de\/wp\/wp-includes\/images\/media\/document.png"},"filename":"Statement of performance","protected":false,"doclang":"GB","externalkey":"Leistungserklaerung","docpos":"2"},{"download":{"ID":68256,"id":68256,"title":"PU_405_LE_fr_2025_12","filename":"PU_405_LE_fr_2025_12.pdf","filesize":604447,"url":"https:\/\/dev.klb-koetztal.de\/app\/uploads\/2025\/12\/PU_405_LE_fr_2025_12.pdf","link":"https:\/\/dev.klb-koetztal.de\/en\/?attachment_id=68256","alt":"","author":"7","description":"","caption":"","name":"pu_405_le_fr_2025_12-2","status":"inherit","uploaded_to":0,"date":"2025-12-04 06:51:23","modified":"2025-12-04 06:51:23","menu_order":0,"mime_type":"application\/pdf","type":"application","subtype":"pdf","icon":"https:\/\/dev.klb-koetztal.de\/wp\/wp-includes\/images\/media\/document.png"},"filename":"Declaration of performance","protected":false,"doclang":"FR","externalkey":"Leistungserklaerung","docpos":"3"},{"download":{"ID":51315,"id":51315,"title":"EPD-Information","filename":"PU405_Umwelt-Deklaration_2022-06.pdf","filesize":2560319,"url":"https:\/\/dev.klb-koetztal.de\/app\/uploads\/2022\/06\/PU405_Umwelt-Deklaration_2022-06.pdf","link":"https:\/\/dev.klb-koetztal.de\/en\/?attachment_id=51315","alt":"","author":"7","description":"","caption":"","name":"pu405_umwelt-deklaration_2022-06","status":"inherit","uploaded_to":0,"date":"2022-06-30 12:32:56","modified":"2026-02-25 11:31:50","menu_order":0,"mime_type":"application\/pdf","type":"application","subtype":"pdf","icon":"https:\/\/dev.klb-koetztal.de\/wp\/wp-includes\/images\/media\/document.png"},"filename":"EPD - Environmental Product Declaration","protected":false,"doclang":"Multi","externalkey":"Umweltproduktdeklaration","docpos":"50"},{"download":false,"filename":"Safety data sheet","protected":true,"doclang":"GB","externalkey":"Sicherheitsdatenblatt","docpos":"2"},{"download":false,"filename":"Fiche de donn\u00e9es de s\u00e9curit\u00e9 FR","protected":true,"doclang":"FR","externalkey":"Sicherheitsdatenblatt","docpos":"3"}],"einstellungen":null,"background_color":"bg-none","background_color_content":"bg-none"}},"included_in_systems":{"module_included_in_systems":{"":null,"background_color":"bg-gray-medium","background_color_content":"bg-none"}},"contact":{"module_contact":{"":null,"background_color":"bg-none","background_color_content":"bg-none"}},"ausschreibende":{"module_ausschreibende":{"andern_sie_den_inhalt_unter_universelle_elemente":null,"background_color":"bg-none","background_color_content":"bg-none"}}},"yoast_head":"<!-- This site is optimized with the Yoast SEO plugin v27.0 - https:\/\/yoast.com\/product\/yoast-seo-wordpress\/ -->\n<title>Low-emission 2-component coating PU 405 | KLB K\u00f6tztal<\/title>\n<meta name=\"description\" content=\"Low-VOC, flexible 2-component polyurethane covering PU 405 for decorative indoor comfort coverings, e.g. surgeries, schools | KLB floors \u2714\ufe0f sustainable\" \/>\n<meta name=\"robots\" content=\"noindex, follow, max-snippet:-1, max-image-preview:large, max-video-preview:-1\" \/>\n<meta property=\"og:locale\" content=\"en_GB\" \/>\n<meta property=\"og:type\" content=\"article\" \/>\n<meta property=\"og:title\" content=\"Low-emission 2-component coating PU 405 | KLB K\u00f6tztal\" \/>\n<meta property=\"og:description\" content=\"Low-VOC, flexible 2-component polyurethane covering PU 405 for decorative indoor comfort coverings, e.g. surgeries, schools | KLB floors \u2714\ufe0f sustainable\" \/>\n<meta property=\"og:url\" content=\"https:\/\/dev.klb-koetztal.de\/en\/produkt\/klb-system-polyurethan-pu-405\/\" \/>\n<meta property=\"og:site_name\" content=\"KLB K\u00f6tztal\" \/>\n<meta property=\"article:publisher\" content=\"https:\/\/www.facebook.com\/klbkoetztal\" \/>\n<meta property=\"article:modified_time\" content=\"2026-02-25T11:31:31+00:00\" \/>\n<meta property=\"og:image\" content=\"https:\/\/dev.klb-koetztal.de\/app\/uploads\/2022\/03\/PU405.jpg\" \/>\n\t<meta property=\"og:image:width\" content=\"500\" \/>\n\t<meta property=\"og:image:height\" content=\"500\" \/>\n\t<meta property=\"og:image:type\" content=\"image\/jpeg\" \/>\n<meta name=\"twitter:card\" content=\"summary_large_image\" \/>\n<script type=\"application\/ld+json\" class=\"yoast-schema-graph\">{\"@context\":\"https:\/\/schema.org\",\"@graph\":[{\"@type\":\"WebPage\",\"@id\":\"https:\/\/dev.klb-koetztal.de\/en\/produkt\/klb-system-polyurethan-pu-405\/\",\"url\":\"https:\/\/dev.klb-koetztal.de\/en\/produkt\/klb-system-polyurethan-pu-405\/\",\"name\":\"Low-emission 2-component coating PU 405 | KLB K\u00f6tztal\",\"isPartOf\":{\"@id\":\"https:\/\/dev.klb-koetztal.de\/en\/#website\"},\"primaryImageOfPage\":{\"@id\":\"https:\/\/dev.klb-koetztal.de\/en\/produkt\/klb-system-polyurethan-pu-405\/#primaryimage\"},\"image\":{\"@id\":\"https:\/\/dev.klb-koetztal.de\/en\/produkt\/klb-system-polyurethan-pu-405\/#primaryimage\"},\"thumbnailUrl\":\"https:\/\/dev.klb-koetztal.de\/app\/uploads\/2022\/03\/PU405.jpg\",\"datePublished\":\"2024-04-19T07:55:12+00:00\",\"dateModified\":\"2026-02-25T11:31:31+00:00\",\"description\":\"Low-VOC, flexible 2-component polyurethane covering PU 405 for decorative indoor comfort coverings, e.g. surgeries, schools | KLB floors \u2714\ufe0f sustainable\",\"breadcrumb\":{\"@id\":\"https:\/\/dev.klb-koetztal.de\/en\/produkt\/klb-system-polyurethan-pu-405\/#breadcrumb\"},\"inLanguage\":\"en-GB\",\"potentialAction\":[{\"@type\":\"ReadAction\",\"target\":[\"https:\/\/dev.klb-koetztal.de\/en\/produkt\/klb-system-polyurethan-pu-405\/\"]}]},{\"@type\":\"ImageObject\",\"inLanguage\":\"en-GB\",\"@id\":\"https:\/\/dev.klb-koetztal.de\/en\/produkt\/klb-system-polyurethan-pu-405\/#primaryimage\",\"url\":\"https:\/\/dev.klb-koetztal.de\/app\/uploads\/2022\/03\/PU405.jpg\",\"contentUrl\":\"https:\/\/dev.klb-koetztal.de\/app\/uploads\/2022\/03\/PU405.jpg\",\"width\":500,\"height\":500},{\"@type\":\"BreadcrumbList\",\"@id\":\"https:\/\/dev.klb-koetztal.de\/en\/produkt\/klb-system-polyurethan-pu-405\/#breadcrumb\",\"itemListElement\":[{\"@type\":\"ListItem\",\"position\":1,\"name\":\"Startseite\",\"item\":\"https:\/\/dev.klb-koetztal.de\/en\/\"},{\"@type\":\"ListItem\",\"position\":2,\"name\":\"KLB-SYSTEM POLYURETHAN PU 405\"}]},{\"@type\":\"WebSite\",\"@id\":\"https:\/\/dev.klb-koetztal.de\/en\/#website\",\"url\":\"https:\/\/dev.klb-koetztal.de\/en\/\",\"name\":\"KLB K\u00f6tztal\",\"description\":\"Gute B\u00f6den haben ein System.\",\"potentialAction\":[{\"@type\":\"SearchAction\",\"target\":{\"@type\":\"EntryPoint\",\"urlTemplate\":\"https:\/\/dev.klb-koetztal.de\/en\/?s={search_term_string}\"},\"query-input\":{\"@type\":\"PropertyValueSpecification\",\"valueRequired\":true,\"valueName\":\"search_term_string\"}}],\"inLanguage\":\"en-GB\"}]}<\/script>\n<!-- \/ Yoast SEO plugin. -->","yoast_head_json":{"title":"Low-emission 2-component coating PU 405 | KLB K\u00f6tztal","description":"Low-VOC, flexible 2-component polyurethane covering PU 405 for decorative indoor comfort coverings, e.g. surgeries, schools | KLB floors \u2714\ufe0f sustainable","robots":{"index":"noindex","follow":"follow","max-snippet":"max-snippet:-1","max-image-preview":"max-image-preview:large","max-video-preview":"max-video-preview:-1"},"og_locale":"en_GB","og_type":"article","og_title":"Low-emission 2-component coating PU 405 | KLB K\u00f6tztal","og_description":"Low-VOC, flexible 2-component polyurethane covering PU 405 for decorative indoor comfort coverings, e.g. surgeries, schools | KLB floors \u2714\ufe0f sustainable","og_url":"https:\/\/dev.klb-koetztal.de\/en\/produkt\/klb-system-polyurethan-pu-405\/","og_site_name":"KLB K\u00f6tztal","article_publisher":"https:\/\/www.facebook.com\/klbkoetztal","article_modified_time":"2026-02-25T11:31:31+00:00","og_image":[{"width":500,"height":500,"url":"https:\/\/dev.klb-koetztal.de\/app\/uploads\/2022\/03\/PU405.jpg","type":"image\/jpeg"}],"twitter_card":"summary_large_image","schema":{"@context":"https:\/\/schema.org","@graph":[{"@type":"WebPage","@id":"https:\/\/dev.klb-koetztal.de\/en\/produkt\/klb-system-polyurethan-pu-405\/","url":"https:\/\/dev.klb-koetztal.de\/en\/produkt\/klb-system-polyurethan-pu-405\/","name":"Low-emission 2-component coating PU 405 | KLB K\u00f6tztal","isPartOf":{"@id":"https:\/\/dev.klb-koetztal.de\/en\/#website"},"primaryImageOfPage":{"@id":"https:\/\/dev.klb-koetztal.de\/en\/produkt\/klb-system-polyurethan-pu-405\/#primaryimage"},"image":{"@id":"https:\/\/dev.klb-koetztal.de\/en\/produkt\/klb-system-polyurethan-pu-405\/#primaryimage"},"thumbnailUrl":"https:\/\/dev.klb-koetztal.de\/app\/uploads\/2022\/03\/PU405.jpg","datePublished":"2024-04-19T07:55:12+00:00","dateModified":"2026-02-25T11:31:31+00:00","description":"Low-VOC, flexible 2-component polyurethane covering PU 405 for decorative indoor comfort coverings, e.g. surgeries, schools | KLB floors \u2714\ufe0f sustainable","breadcrumb":{"@id":"https:\/\/dev.klb-koetztal.de\/en\/produkt\/klb-system-polyurethan-pu-405\/#breadcrumb"},"inLanguage":"en-GB","potentialAction":[{"@type":"ReadAction","target":["https:\/\/dev.klb-koetztal.de\/en\/produkt\/klb-system-polyurethan-pu-405\/"]}]},{"@type":"ImageObject","inLanguage":"en-GB","@id":"https:\/\/dev.klb-koetztal.de\/en\/produkt\/klb-system-polyurethan-pu-405\/#primaryimage","url":"https:\/\/dev.klb-koetztal.de\/app\/uploads\/2022\/03\/PU405.jpg","contentUrl":"https:\/\/dev.klb-koetztal.de\/app\/uploads\/2022\/03\/PU405.jpg","width":500,"height":500},{"@type":"BreadcrumbList","@id":"https:\/\/dev.klb-koetztal.de\/en\/produkt\/klb-system-polyurethan-pu-405\/#breadcrumb","itemListElement":[{"@type":"ListItem","position":1,"name":"Startseite","item":"https:\/\/dev.klb-koetztal.de\/en\/"},{"@type":"ListItem","position":2,"name":"KLB-SYSTEM POLYURETHAN PU 405"}]},{"@type":"WebSite","@id":"https:\/\/dev.klb-koetztal.de\/en\/#website","url":"https:\/\/dev.klb-koetztal.de\/en\/","name":"KLB K\u00f6tztal","description":"Gute B\u00f6den haben ein System.","potentialAction":[{"@type":"SearchAction","target":{"@type":"EntryPoint","urlTemplate":"https:\/\/dev.klb-koetztal.de\/en\/?s={search_term_string}"},"query-input":{"@type":"PropertyValueSpecification","valueRequired":true,"valueName":"search_term_string"}}],"inLanguage":"en-GB"}]}},"_links":{"self":[{"href":"https:\/\/dev.klb-koetztal.de\/en\/wp-json\/wp\/v2\/product\/61182","targetHints":{"allow":["GET"]}}],"collection":[{"href":"https:\/\/dev.klb-koetztal.de\/en\/wp-json\/wp\/v2\/product"}],"about":[{"href":"https:\/\/dev.klb-koetztal.de\/en\/wp-json\/wp\/v2\/types\/product"}],"wp:featuredmedia":[{"embeddable":true,"href":"https:\/\/dev.klb-koetztal.de\/en\/wp-json\/wp\/v2\/media\/50110"}],"wp:attachment":[{"href":"https:\/\/dev.klb-koetztal.de\/en\/wp-json\/wp\/v2\/media?parent=61182"}],"wp:term":[{"taxonomy":"product_brand","embeddable":true,"href":"https:\/\/dev.klb-koetztal.de\/en\/wp-json\/wp\/v2\/product_brand?post=61182"},{"taxonomy":"product_cat","embeddable":true,"href":"https:\/\/dev.klb-koetztal.de\/en\/wp-json\/wp\/v2\/product_cat?post=61182"},{"taxonomy":"product_tag","embeddable":true,"href":"https:\/\/dev.klb-koetztal.de\/en\/wp-json\/wp\/v2\/product_tag?post=61182"}],"curies":[{"name":"wp","href":"https:\/\/api.w.org\/{rel}","templated":true}]}}