{"id":59949,"date":"2024-02-07T09:30:04","date_gmt":"2024-02-07T08:30:05","guid":{"rendered":"https:\/\/www.klb-koetztal.de\/produkt\/klb-naturapur-pu-435\/"},"modified":"2026-03-16T14:10:28","modified_gmt":"2026-03-16T13:10:28","slug":"klb-naturapur-pu-435","status":"publish","type":"product","link":"https:\/\/dev.klb-koetztal.de\/en\/produkt\/klb-naturapur-pu-435\/","title":{"rendered":"KLB-NaturaPUR PU 435"},"content":{"rendered":"","protected":false},"excerpt":{"rendered":"<p>Bio-based, low-emission, decorative floor coating from the KLB series KLB-NaturaPUR with&#160;characteristics similar to&#160;linoleum for commercial or private projects. With a proportion of&#160;bio-based and renewable raw materials. Can be applied without joints,&#160;is elastic and&#160;sound-insulating. Sustainable, highly decorative flooring for interior areas, available in various trendy colours.<\/p>\n","protected":false},"featured_media":59951,"template":"","meta":{"_acf_changed":false},"product_brand":[],"product_cat":[9609,9611],"product_tag":[],"class_list":{"0":"post-59949","1":"product","2":"type-product","3":"status-publish","4":"has-post-thumbnail","6":"product_cat-coatings","7":"product_cat-2-component-polyurethane-coatings-comfortable-coatings","9":"first","10":"instock","11":"shipping-taxable","12":"product-type-simple"},"acf":{"product_header":{"module_product_header":{"":null,"prototype_headline":{"headline":"KLB-NaturaPUR PU 435","h1":true,"subheadline":"Decorative, low-emission floor coating&#160;made from bio-based&#160;raw materials with the special characteristics of&#160;linoleum.","anchor":"","url":""},"grid_text_slider":false,"grid_text_content":[{"text":"<p class=\"product-short-title\" style=\"text-align: center;\"><strong>Brief description<\/strong><\/p>\n<p>Bio-based, low-emission, decorative floor coating from the KLB series <strong>KLB-NaturaPUR<\/strong> with&#160;characteristics similar to&#160;linoleum for commercial or private projects. With a proportion of&#160;bio-based and renewable raw materials. Can be applied without joints,&#160;is elastic and&#160;sound-insulating. Sustainable, highly decorative flooring for interior areas, available in various trendy colours.<\/p>\n","width":"4","background_color_text":"bg-white","border_color":"border-gray-light"},{"text":"<p class=\"product-sicing-title\" style=\"text-align: center;\"><strong>Packaging units<\/strong><\/p>\n<ul>\n<li>AK6225-50 &#8211; Hobbock combo 12.00 kg<\/li>\n<li>AK6225-30 &#8211; Hobbock combo 26.00 kg<\/li>\n<\/ul>\n<p><\/p>\n<p>Please do not hesitate to contact us directly for enquiries about larger delivery quantities or packaging units.<\/p>\n\n","width":"4","background_color_text":"bg-white","border_color":"border-gray-light"},{"text":"<p class=\"product-attr-title\" style=\"text-align: center;\"><strong>Properties<\/strong><\/p>\n<ul>\n<li>tested, low-emission quality<\/li>\n<li>EMICODE\u00ae EC 1PLUS certified<\/li>\n<li>jointless coating<\/li>\n<li>decorative, appealing surface<\/li>\n<li>environmentally friendly<\/li>\n<li>made from renewable raw materials<\/li>\n<li>sustainable<\/li>\n<li>insulating impact sound<\/li>\n<li>suitable for heated floor constructions<\/li>\n<li>good cleanability<\/li>\n<li>good resistance to water and chemicals<\/li>\n<li>low susceptibility to staining<\/li>\n<li>easy-care<\/li>\n<li>wear-resistant<\/li>\n<li>disinfectable<\/li>\n<li>elastic<\/li>\n<\/ul>\n","width":"4","background_color_text":"bg-white","border_color":"border-gray-light"}],"background_color":"bg-none","background_color_content":"bg-none"}},"downloads":{"module_download_list":{"inhalt":null,"downloads":[{"download":false,"filename":"Product Information SK","protected":true,"doclang":"","externalkey":"Produktinformation","docpos":"Multi"},{"download":{"ID":68289,"id":68289,"title":"PU_435_NaturaPUR_PI_en_2025_12","filename":"PU_435_NaturaPUR_PI_en_2025_12.pdf","filesize":1578783,"url":"https:\/\/dev.klb-koetztal.de\/app\/uploads\/2025\/12\/PU_435_NaturaPUR_PI_en_2025_12.pdf","link":"https:\/\/dev.klb-koetztal.de\/en\/?attachment_id=68289","alt":"","author":"7","description":"","caption":"","name":"pu_435_naturapur_pi_en_2025_12-2","status":"inherit","uploaded_to":0,"date":"2025-12-04 09:10:24","modified":"2025-12-04 09:10:24","menu_order":0,"mime_type":"application\/pdf","type":"application","subtype":"pdf","icon":"https:\/\/dev.klb-koetztal.de\/wp\/wp-includes\/images\/media\/document.png"},"filename":"Product Information","protected":false,"doclang":"GB","externalkey":"Produktinformation","docpos":"2"},{"download":{"ID":68292,"id":68292,"title":"PU_435_NaturaPUR_PI_fr_2025_12","filename":"PU_435_NaturaPUR_PI_fr_2025_12.pdf","filesize":1809316,"url":"https:\/\/dev.klb-koetztal.de\/app\/uploads\/2025\/12\/PU_435_NaturaPUR_PI_fr_2025_12.pdf","link":"https:\/\/dev.klb-koetztal.de\/en\/?attachment_id=68292","alt":"","author":"7","description":"","caption":"","name":"pu_435_naturapur_pi_fr_2025_12-2","status":"inherit","uploaded_to":0,"date":"2025-12-04 09:10:26","modified":"2025-12-04 09:10:26","menu_order":0,"mime_type":"application\/pdf","type":"application","subtype":"pdf","icon":"https:\/\/dev.klb-koetztal.de\/wp\/wp-includes\/images\/media\/document.png"},"filename":"Information Produit FR","protected":false,"doclang":"FR","externalkey":"Produktinformation","docpos":"3"},{"download":{"ID":68262,"id":68262,"title":"PU_435_NaturaPUR_LE_en_2025_12","filename":"PU_435_NaturaPUR_LE_en_2025_12.pdf","filesize":632630,"url":"https:\/\/dev.klb-koetztal.de\/app\/uploads\/2025\/12\/PU_435_NaturaPUR_LE_en_2025_12.pdf","link":"https:\/\/dev.klb-koetztal.de\/en\/?attachment_id=68262","alt":"","author":"7","description":"","caption":"","name":"pu_435_naturapur_le_en_2025_12-2","status":"inherit","uploaded_to":0,"date":"2025-12-04 07:01:13","modified":"2025-12-04 07:01:13","menu_order":0,"mime_type":"application\/pdf","type":"application","subtype":"pdf","icon":"https:\/\/dev.klb-koetztal.de\/wp\/wp-includes\/images\/media\/document.png"},"filename":"Statement of performance","protected":false,"doclang":"GB","externalkey":"Leistungserklaerung","docpos":"2"},{"download":{"ID":68265,"id":68265,"title":"PU_435_NaturaPUR_LE_fr_2025_12","filename":"PU_435_NaturaPUR_LE_fr_2025_12.pdf","filesize":855794,"url":"https:\/\/dev.klb-koetztal.de\/app\/uploads\/2025\/12\/PU_435_NaturaPUR_LE_fr_2025_12.pdf","link":"https:\/\/dev.klb-koetztal.de\/en\/?attachment_id=68265","alt":"","author":"7","description":"","caption":"","name":"pu_435_naturapur_le_fr_2025_12-2","status":"inherit","uploaded_to":0,"date":"2025-12-04 07:01:15","modified":"2025-12-04 07:01:15","menu_order":0,"mime_type":"application\/pdf","type":"application","subtype":"pdf","icon":"https:\/\/dev.klb-koetztal.de\/wp\/wp-includes\/images\/media\/document.png"},"filename":"Declaration of performance","protected":false,"doclang":"FR","externalkey":"Leistungserklaerung","docpos":"3"},{"download":{"ID":60968,"id":60968,"title":"PU435_NaturaPUR_Umwelt-Deklaration_2024-04","filename":"PU435_NaturaPUR_Umwelt-Deklaration_2024-04.pdf","filesize":2559725,"url":"https:\/\/dev.klb-koetztal.de\/app\/uploads\/2024\/04\/PU435_NaturaPUR_Umwelt-Deklaration_2024-04.pdf","link":"https:\/\/dev.klb-koetztal.de\/en\/?attachment_id=60968","alt":"","author":"7","description":"","caption":"","name":"pu435_naturapur_umwelt-deklaration_2024-04-2","status":"inherit","uploaded_to":0,"date":"2024-04-03 09:40:15","modified":"2024-04-03 09:40:15","menu_order":0,"mime_type":"application\/pdf","type":"application","subtype":"pdf","icon":"https:\/\/dev.klb-koetztal.de\/wp\/wp-includes\/images\/media\/document.png"},"filename":"EPD - Environmental Product Declaration","protected":false,"doclang":"Multi","externalkey":"Umweltproduktdeklaration","docpos":"50"},{"download":false,"filename":"Safety data sheet","protected":true,"doclang":"GB","externalkey":"Sicherheitsdatenblatt","docpos":"2"},{"download":false,"filename":"Fiche de donn\u00e9es de s\u00e9curit\u00e9 FR","protected":true,"doclang":"FR","externalkey":"Sicherheitsdatenblatt","docpos":"3"},{"download":{"ID":60956,"id":60956,"title":"Farbkarte_EN_KLB-NaturaPUR_PU_435_03_2024_web","filename":"Farbkarte_EN_KLB-NaturaPUR_PU_435_03_2024_web.pdf","filesize":468664,"url":"https:\/\/dev.klb-koetztal.de\/app\/uploads\/2024\/04\/Farbkarte_EN_KLB-NaturaPUR_PU_435_03_2024_web.pdf","link":"https:\/\/dev.klb-koetztal.de\/en\/?attachment_id=60956","alt":"","author":"7","description":"","caption":"","name":"farbkarte_en_klb-naturapur_pu_435_03_2024_web-2-2","status":"inherit","uploaded_to":0,"date":"2024-04-03 09:00:18","modified":"2024-04-03 09:00:18","menu_order":0,"mime_type":"application\/pdf","type":"application","subtype":"pdf","icon":"https:\/\/dev.klb-koetztal.de\/wp\/wp-includes\/images\/media\/document.png"},"filename":"Colour chart EN","protected":false,"doclang":"GB","externalkey":"Farbkarten","docpos":"2"},{"download":{"ID":60959,"id":60959,"title":"Farbkarte_FR_KLB-NaturaPUR_PU_435_03_2024_web","filename":"Farbkarte_FR_KLB-NaturaPUR_PU_435_03_2024_web.pdf","filesize":468370,"url":"https:\/\/dev.klb-koetztal.de\/app\/uploads\/2024\/04\/Farbkarte_FR_KLB-NaturaPUR_PU_435_03_2024_web.pdf","link":"https:\/\/dev.klb-koetztal.de\/en\/?attachment_id=60959","alt":"","author":"7","description":"","caption":"","name":"farbkarte_fr_klb-naturapur_pu_435_03_2024_web-2-2","status":"inherit","uploaded_to":0,"date":"2024-04-03 09:00:20","modified":"2024-04-03 09:00:20","menu_order":0,"mime_type":"application\/pdf","type":"application","subtype":"pdf","icon":"https:\/\/dev.klb-koetztal.de\/wp\/wp-includes\/images\/media\/document.png"},"filename":"Nuanciers FR","protected":false,"doclang":"FR","externalkey":"Farbkarten","docpos":"3"}],"einstellungen":null,"background_color":"bg-none","background_color_content":"bg-none"}},"included_in_systems":{"module_included_in_systems":{"":null,"background_color":"bg-gray-medium","background_color_content":"bg-none"}},"contact":{"module_contact":{"":null,"background_color":"bg-none","background_color_content":"bg-none"}},"ausschreibende":{"module_ausschreibende":{"andern_sie_den_inhalt_unter_universelle_elemente":null,"background_color":"bg-none","background_color_content":"bg-none"}}},"yoast_head":"<!-- This site is optimized with the Yoast SEO plugin v27.0 - https:\/\/yoast.com\/product\/yoast-seo-wordpress\/ -->\n<title>Sustainable floor coating KLB-NaturaPUR PU 435 | KLB K\u00f6tztal<\/title>\n<meta name=\"description\" content=\"Low-emission, decorative flooring KLB-NaturaPUR PU 435 with bio-based raw materials similar to linoleum \u2714\ufe0f sound-insulating, walking comfort, VOC-free\" \/>\n<meta name=\"robots\" content=\"noindex, follow, max-snippet:-1, max-image-preview:large, max-video-preview:-1\" \/>\n<meta property=\"og:locale\" content=\"en_GB\" \/>\n<meta property=\"og:type\" content=\"article\" \/>\n<meta property=\"og:title\" content=\"Sustainable floor coating KLB-NaturaPUR PU 435 | KLB K\u00f6tztal\" \/>\n<meta property=\"og:description\" content=\"Low-emission, decorative flooring KLB-NaturaPUR PU 435 with bio-based raw materials similar to linoleum \u2714\ufe0f sound-insulating, walking comfort, VOC-free\" \/>\n<meta property=\"og:url\" content=\"https:\/\/dev.klb-koetztal.de\/en\/produkt\/klb-naturapur-pu-435\/\" \/>\n<meta property=\"og:site_name\" content=\"KLB K\u00f6tztal\" \/>\n<meta property=\"article:publisher\" content=\"https:\/\/www.facebook.com\/klbkoetztal\" \/>\n<meta property=\"article:modified_time\" content=\"2026-03-16T13:10:28+00:00\" \/>\n<meta property=\"og:image\" content=\"https:\/\/dev.klb-koetztal.de\/app\/uploads\/2024\/02\/KLB-NaturaPUR_PU_435_30kg_6kg_600px.jpg\" \/>\n\t<meta property=\"og:image:width\" content=\"600\" \/>\n\t<meta property=\"og:image:height\" content=\"600\" \/>\n\t<meta property=\"og:image:type\" content=\"image\/jpeg\" \/>\n<meta name=\"twitter:card\" content=\"summary_large_image\" \/>\n<script type=\"application\/ld+json\" class=\"yoast-schema-graph\">{\"@context\":\"https:\/\/schema.org\",\"@graph\":[{\"@type\":\"WebPage\",\"@id\":\"https:\/\/dev.klb-koetztal.de\/en\/produkt\/klb-naturapur-pu-435\/\",\"url\":\"https:\/\/dev.klb-koetztal.de\/en\/produkt\/klb-naturapur-pu-435\/\",\"name\":\"Sustainable floor coating KLB-NaturaPUR PU 435 | KLB K\u00f6tztal\",\"isPartOf\":{\"@id\":\"https:\/\/dev.klb-koetztal.de\/en\/#website\"},\"primaryImageOfPage\":{\"@id\":\"https:\/\/dev.klb-koetztal.de\/en\/produkt\/klb-naturapur-pu-435\/#primaryimage\"},\"image\":{\"@id\":\"https:\/\/dev.klb-koetztal.de\/en\/produkt\/klb-naturapur-pu-435\/#primaryimage\"},\"thumbnailUrl\":\"https:\/\/dev.klb-koetztal.de\/app\/uploads\/2024\/02\/KLB-NaturaPUR_PU_435_30kg_6kg_600px.jpg\",\"datePublished\":\"2024-02-07T08:30:05+00:00\",\"dateModified\":\"2026-03-16T13:10:28+00:00\",\"description\":\"Low-emission, decorative flooring KLB-NaturaPUR PU 435 with bio-based raw materials similar to linoleum \u2714\ufe0f sound-insulating, walking comfort, VOC-free\",\"breadcrumb\":{\"@id\":\"https:\/\/dev.klb-koetztal.de\/en\/produkt\/klb-naturapur-pu-435\/#breadcrumb\"},\"inLanguage\":\"en-GB\",\"potentialAction\":[{\"@type\":\"ReadAction\",\"target\":[\"https:\/\/dev.klb-koetztal.de\/en\/produkt\/klb-naturapur-pu-435\/\"]}]},{\"@type\":\"ImageObject\",\"inLanguage\":\"en-GB\",\"@id\":\"https:\/\/dev.klb-koetztal.de\/en\/produkt\/klb-naturapur-pu-435\/#primaryimage\",\"url\":\"https:\/\/dev.klb-koetztal.de\/app\/uploads\/2024\/02\/KLB-NaturaPUR_PU_435_30kg_6kg_600px.jpg\",\"contentUrl\":\"https:\/\/dev.klb-koetztal.de\/app\/uploads\/2024\/02\/KLB-NaturaPUR_PU_435_30kg_6kg_600px.jpg\",\"width\":600,\"height\":600},{\"@type\":\"BreadcrumbList\",\"@id\":\"https:\/\/dev.klb-koetztal.de\/en\/produkt\/klb-naturapur-pu-435\/#breadcrumb\",\"itemListElement\":[{\"@type\":\"ListItem\",\"position\":1,\"name\":\"Startseite\",\"item\":\"https:\/\/dev.klb-koetztal.de\/en\/\"},{\"@type\":\"ListItem\",\"position\":2,\"name\":\"KLB-NaturaPUR PU 435\"}]},{\"@type\":\"WebSite\",\"@id\":\"https:\/\/dev.klb-koetztal.de\/en\/#website\",\"url\":\"https:\/\/dev.klb-koetztal.de\/en\/\",\"name\":\"KLB K\u00f6tztal\",\"description\":\"Gute B\u00f6den haben ein System.\",\"potentialAction\":[{\"@type\":\"SearchAction\",\"target\":{\"@type\":\"EntryPoint\",\"urlTemplate\":\"https:\/\/dev.klb-koetztal.de\/en\/?s={search_term_string}\"},\"query-input\":{\"@type\":\"PropertyValueSpecification\",\"valueRequired\":true,\"valueName\":\"search_term_string\"}}],\"inLanguage\":\"en-GB\"}]}<\/script>\n<!-- \/ Yoast SEO plugin. -->","yoast_head_json":{"title":"Sustainable floor coating KLB-NaturaPUR PU 435 | KLB K\u00f6tztal","description":"Low-emission, decorative flooring KLB-NaturaPUR PU 435 with bio-based raw materials similar to linoleum \u2714\ufe0f sound-insulating, walking comfort, VOC-free","robots":{"index":"noindex","follow":"follow","max-snippet":"max-snippet:-1","max-image-preview":"max-image-preview:large","max-video-preview":"max-video-preview:-1"},"og_locale":"en_GB","og_type":"article","og_title":"Sustainable floor coating KLB-NaturaPUR PU 435 | KLB K\u00f6tztal","og_description":"Low-emission, decorative flooring KLB-NaturaPUR PU 435 with bio-based raw materials similar to linoleum \u2714\ufe0f sound-insulating, walking comfort, VOC-free","og_url":"https:\/\/dev.klb-koetztal.de\/en\/produkt\/klb-naturapur-pu-435\/","og_site_name":"KLB K\u00f6tztal","article_publisher":"https:\/\/www.facebook.com\/klbkoetztal","article_modified_time":"2026-03-16T13:10:28+00:00","og_image":[{"width":600,"height":600,"url":"https:\/\/dev.klb-koetztal.de\/app\/uploads\/2024\/02\/KLB-NaturaPUR_PU_435_30kg_6kg_600px.jpg","type":"image\/jpeg"}],"twitter_card":"summary_large_image","schema":{"@context":"https:\/\/schema.org","@graph":[{"@type":"WebPage","@id":"https:\/\/dev.klb-koetztal.de\/en\/produkt\/klb-naturapur-pu-435\/","url":"https:\/\/dev.klb-koetztal.de\/en\/produkt\/klb-naturapur-pu-435\/","name":"Sustainable floor coating KLB-NaturaPUR PU 435 | KLB K\u00f6tztal","isPartOf":{"@id":"https:\/\/dev.klb-koetztal.de\/en\/#website"},"primaryImageOfPage":{"@id":"https:\/\/dev.klb-koetztal.de\/en\/produkt\/klb-naturapur-pu-435\/#primaryimage"},"image":{"@id":"https:\/\/dev.klb-koetztal.de\/en\/produkt\/klb-naturapur-pu-435\/#primaryimage"},"thumbnailUrl":"https:\/\/dev.klb-koetztal.de\/app\/uploads\/2024\/02\/KLB-NaturaPUR_PU_435_30kg_6kg_600px.jpg","datePublished":"2024-02-07T08:30:05+00:00","dateModified":"2026-03-16T13:10:28+00:00","description":"Low-emission, decorative flooring KLB-NaturaPUR PU 435 with bio-based raw materials similar to linoleum \u2714\ufe0f sound-insulating, walking comfort, VOC-free","breadcrumb":{"@id":"https:\/\/dev.klb-koetztal.de\/en\/produkt\/klb-naturapur-pu-435\/#breadcrumb"},"inLanguage":"en-GB","potentialAction":[{"@type":"ReadAction","target":["https:\/\/dev.klb-koetztal.de\/en\/produkt\/klb-naturapur-pu-435\/"]}]},{"@type":"ImageObject","inLanguage":"en-GB","@id":"https:\/\/dev.klb-koetztal.de\/en\/produkt\/klb-naturapur-pu-435\/#primaryimage","url":"https:\/\/dev.klb-koetztal.de\/app\/uploads\/2024\/02\/KLB-NaturaPUR_PU_435_30kg_6kg_600px.jpg","contentUrl":"https:\/\/dev.klb-koetztal.de\/app\/uploads\/2024\/02\/KLB-NaturaPUR_PU_435_30kg_6kg_600px.jpg","width":600,"height":600},{"@type":"BreadcrumbList","@id":"https:\/\/dev.klb-koetztal.de\/en\/produkt\/klb-naturapur-pu-435\/#breadcrumb","itemListElement":[{"@type":"ListItem","position":1,"name":"Startseite","item":"https:\/\/dev.klb-koetztal.de\/en\/"},{"@type":"ListItem","position":2,"name":"KLB-NaturaPUR PU 435"}]},{"@type":"WebSite","@id":"https:\/\/dev.klb-koetztal.de\/en\/#website","url":"https:\/\/dev.klb-koetztal.de\/en\/","name":"KLB K\u00f6tztal","description":"Gute B\u00f6den haben ein System.","potentialAction":[{"@type":"SearchAction","target":{"@type":"EntryPoint","urlTemplate":"https:\/\/dev.klb-koetztal.de\/en\/?s={search_term_string}"},"query-input":{"@type":"PropertyValueSpecification","valueRequired":true,"valueName":"search_term_string"}}],"inLanguage":"en-GB"}]}},"_links":{"self":[{"href":"https:\/\/dev.klb-koetztal.de\/en\/wp-json\/wp\/v2\/product\/59949","targetHints":{"allow":["GET"]}}],"collection":[{"href":"https:\/\/dev.klb-koetztal.de\/en\/wp-json\/wp\/v2\/product"}],"about":[{"href":"https:\/\/dev.klb-koetztal.de\/en\/wp-json\/wp\/v2\/types\/product"}],"wp:featuredmedia":[{"embeddable":true,"href":"https:\/\/dev.klb-koetztal.de\/en\/wp-json\/wp\/v2\/media\/59951"}],"wp:attachment":[{"href":"https:\/\/dev.klb-koetztal.de\/en\/wp-json\/wp\/v2\/media?parent=59949"}],"wp:term":[{"taxonomy":"product_brand","embeddable":true,"href":"https:\/\/dev.klb-koetztal.de\/en\/wp-json\/wp\/v2\/product_brand?post=59949"},{"taxonomy":"product_cat","embeddable":true,"href":"https:\/\/dev.klb-koetztal.de\/en\/wp-json\/wp\/v2\/product_cat?post=59949"},{"taxonomy":"product_tag","embeddable":true,"href":"https:\/\/dev.klb-koetztal.de\/en\/wp-json\/wp\/v2\/product_tag?post=59949"}],"curies":[{"name":"wp","href":"https:\/\/api.w.org\/{rel}","templated":true}]}}