{"id":59754,"date":"2024-02-01T10:50:24","date_gmt":"2024-02-01T09:50:24","guid":{"rendered":"https:\/\/www.klb-koetztal.de\/produkt\/chemoresin-pu-beton-4009\/"},"modified":"2026-03-16T14:04:35","modified_gmt":"2026-03-16T13:04:35","slug":"chemoresin-pu-beton-4009","status":"publish","type":"product","link":"https:\/\/dev.klb-koetztal.de\/en\/produkt\/chemoresin-pu-beton-4009\/","title":{"rendered":"CHEMORESIN PU-BETON 4009"},"content":{"rendered":"","protected":false},"excerpt":{"rendered":"<p>High-quality, trowelable 3-component PU-BETON coating in a layer thickness of 9&#160;mm. Can be adjusted to different slip resistance grades from R9 to R13.&#160;To be used preferably in areas of the food industry that are exposed to water or chemicals. Temperature resistance of up to approx. 130&#160;\u00b0C \/ 266&#160;\u00b0F. Can be accelerated with&#160;CHEMORESIN PU-BETON 4094 KAT to reduce the installation time.<br \/>\nAvailable in beige, grey, green, red and selected special colours.<\/p>\n","protected":false},"featured_media":59756,"template":"","meta":{"_acf_changed":false},"product_brand":[],"product_cat":[10393,8674,9609,9644],"product_tag":[],"class_list":{"0":"post-59754","1":"product","2":"type-product","3":"status-publish","4":"has-post-thumbnail","6":"product_cat-chemoresin_pu-concrete-coatings-primers-top-seal-chemoresin-2","7":"product_cat-chemoresin-2","8":"product_cat-coatings","9":"product_cat-pu-concrete-coatings-primers-top-seal","11":"first","12":"instock","13":"shipping-taxable","14":"product-type-simple"},"acf":{"product_header":{"module_product_header":{"":null,"prototype_headline":{"headline":"CHEMORESIN PU-BETON 4009","h1":true,"subheadline":"Trowelable 3-component polyurethane concrete&#160;coating that can be applied&#160;in a layer thickness of approx. 9&#160;mm on surfaces in the food or chemical industries that are exposed to chemicals and humidity. Can be accelerated and is rapid-curing.","anchor":"","url":""},"grid_text_slider":false,"grid_text_content":[{"text":"<p class=\"product-short-title\" style=\"text-align: center;\"><strong>Brief description<\/strong><\/p>\n<p>High-quality, trowelable 3-component PU-BETON coating in a layer thickness of 9&#160;mm. Can be adjusted to different slip resistance grades from R9 to R13.&#160;To be used preferably in areas of the food industry that are exposed to water or chemicals. Temperature resistance of up to approx. 130&#160;\u00b0C \/ 266&#160;\u00b0F. Can be accelerated with&#160;CHEMORESIN PU-BETON 4094 KAT to reduce the installation time.<\/p>\n<p>Available in beige, grey, green, red and selected special colours.<\/p>\n","width":"4","background_color_text":"bg-white","border_color":"border-gray-light"},{"text":"<p class=\"product-sicing-title\" style=\"text-align: center;\"><strong>Packaging units<\/strong><\/p>\n<ul>\n<li>AK6180-30 &#8211; Combo packaging 30.00 kg<\/li>\n<li>AK6180-17 &#8211; Combo packaging 60.00 kg<\/li>\n<\/ul>\n<p><\/p>\n<p>Please do not hesitate to contact us directly for enquiries about larger delivery quantities or packaging units.<\/p>\n\n","width":"4","background_color_text":"bg-white","border_color":"border-gray-light"},{"text":"<p class=\"product-attr-title\" style=\"text-align: center;\"><strong>Properties<\/strong><\/p>\n<ul>\n<li>low-emission formulation<\/li>\n<li>EMICODE\u00ae EC 1PLUS certified<\/li>\n<li>compliant with AgBB and suitable for recreation rooms<\/li>\n<li>applicable with a scraper<\/li>\n<li>resistant to impacts<\/li>\n<li>self-levelling<\/li>\n<li>resistant to hot water<\/li>\n<li>high chemical resistance<\/li>\n<li>extremely resistant to mechanical loading<\/li>\n<li>available in several colours<\/li>\n<li>hygienic<\/li>\n<li>jointless coating<\/li>\n<li>resistant to permanently wet conditions<\/li>\n<li>can be accelerated<\/li>\n<li>rapid-setting<\/li>\n<li>can be used from 5 \u00b0C with accelerator<\/li>\n<\/ul>\n","width":"4","background_color_text":"bg-white","border_color":"border-gray-light"}],"background_color":"bg-none","background_color_content":"bg-none"}},"downloads":{"module_download_list":{"inhalt":null,"downloads":[{"download":{"ID":67980,"id":67980,"title":"CHEMORESIN_PU-BETON_4009_PI_en_2025_11","filename":"CHEMORESIN_PU-BETON_4009_PI_en_2025_11.pdf","filesize":1633618,"url":"https:\/\/dev.klb-koetztal.de\/app\/uploads\/2025\/11\/CHEMORESIN_PU-BETON_4009_PI_en_2025_11.pdf","link":"https:\/\/dev.klb-koetztal.de\/en\/?attachment_id=67980","alt":"","author":"7","description":"","caption":"","name":"chemoresin_pu-beton_4009_pi_en_2025_11-2","status":"inherit","uploaded_to":0,"date":"2025-11-03 13:00:13","modified":"2025-11-03 13:00:13","menu_order":0,"mime_type":"application\/pdf","type":"application","subtype":"pdf","icon":"https:\/\/dev.klb-koetztal.de\/wp\/wp-includes\/images\/media\/document.png"},"filename":"Product information","protected":false,"doclang":"GB","externalkey":"Produktinformation","docpos":"2"},{"download":{"ID":67983,"id":67983,"title":"CHEMORESIN_PU-BETON_4009_PI_fr_2025_11","filename":"CHEMORESIN_PU-BETON_4009_PI_fr_2025_11.pdf","filesize":1644099,"url":"https:\/\/dev.klb-koetztal.de\/app\/uploads\/2025\/11\/CHEMORESIN_PU-BETON_4009_PI_fr_2025_11.pdf","link":"https:\/\/dev.klb-koetztal.de\/en\/?attachment_id=67983","alt":"","author":"7","description":"","caption":"","name":"chemoresin_pu-beton_4009_pi_fr_2025_11-2","status":"inherit","uploaded_to":0,"date":"2025-11-03 13:00:15","modified":"2025-11-03 13:00:15","menu_order":0,"mime_type":"application\/pdf","type":"application","subtype":"pdf","icon":"https:\/\/dev.klb-koetztal.de\/wp\/wp-includes\/images\/media\/document.png"},"filename":"Information produit","protected":false,"doclang":"FR","externalkey":"Produktinformation","docpos":"3"},{"download":false,"filename":"CHEMORESIN_PU-BETON_4009_PI_sk_2025_11.pdf","protected":true,"doclang":"","externalkey":"Produktinformation","docpos":"Multi"},{"download":{"ID":59769,"id":59769,"title":"Chemoresin_PU-BETON_4009_Umwelt-Deklaration_2023-08","filename":"Chemoresin_PU-BETON_4009_Umwelt-Deklaration_2023-08.pdf","filesize":2590948,"url":"https:\/\/dev.klb-koetztal.de\/app\/uploads\/2024\/02\/Chemoresin_PU-BETON_4009_Umwelt-Deklaration_2023-08.pdf","link":"https:\/\/dev.klb-koetztal.de\/en\/?attachment_id=59769","alt":"","author":"7","description":"","caption":"","name":"chemoresin_pu-beton_4009_umwelt-deklaration_2023-08-2","status":"inherit","uploaded_to":0,"date":"2024-02-01 09:50:37","modified":"2024-02-01 09:50:37","menu_order":0,"mime_type":"application\/pdf","type":"application","subtype":"pdf","icon":"https:\/\/dev.klb-koetztal.de\/wp\/wp-includes\/images\/media\/document.png"},"filename":"EPD - Environmental Product Declaration","protected":false,"doclang":"Multi","externalkey":"Umweltproduktdeklaration","docpos":"50"},{"download":false,"filename":"Safety data sheet","protected":true,"doclang":"GB","externalkey":"Sicherheitsdatenblatt","docpos":"2"},{"download":false,"filename":"Fiche de donn\u00e9es de s\u00e9curit\u00e9 FR","protected":true,"doclang":"FR","externalkey":"Sicherheitsdatenblatt","docpos":"3"}],"einstellungen":null,"background_color":"bg-none","background_color_content":"bg-none"}},"included_in_systems":{"module_included_in_systems":{"":null,"background_color":"bg-gray-medium","background_color_content":"bg-none"}},"contact":{"module_contact":{"":null,"background_color":"bg-none","background_color_content":"bg-none"}},"ausschreibende":{"module_ausschreibende":{"andern_sie_den_inhalt_unter_universelle_elemente":null,"background_color":"bg-none","background_color_content":"bg-none"}}},"yoast_head":"<!-- This site is optimized with the Yoast SEO plugin v27.0 - https:\/\/yoast.com\/product\/yoast-seo-wordpress\/ -->\n<title>High-quality, resilient coating PU-BETON 4009 | KLB<\/title>\n<meta name=\"description\" content=\"Highly water and chemically-resistant, robust mortar coating PU-BETON 4009 for trowelling | KLB floorings \u2714\ufe0f maximum stressed wet areas\" \/>\n<meta name=\"robots\" content=\"noindex, follow, max-snippet:-1, max-image-preview:large, max-video-preview:-1\" \/>\n<meta property=\"og:locale\" content=\"en_GB\" \/>\n<meta property=\"og:type\" content=\"article\" \/>\n<meta property=\"og:title\" content=\"High-quality, resilient coating PU-BETON 4009 | KLB\" \/>\n<meta property=\"og:description\" content=\"Highly water and chemically-resistant, robust mortar coating PU-BETON 4009 for trowelling | KLB floorings \u2714\ufe0f maximum stressed wet areas\" \/>\n<meta property=\"og:url\" content=\"https:\/\/dev.klb-koetztal.de\/en\/produkt\/chemoresin-pu-beton-4009\/\" \/>\n<meta property=\"og:site_name\" content=\"KLB K\u00f6tztal\" \/>\n<meta property=\"article:publisher\" content=\"https:\/\/www.facebook.com\/klbkoetztal\" \/>\n<meta property=\"article:modified_time\" content=\"2026-03-16T13:04:35+00:00\" \/>\n<meta property=\"og:image\" content=\"https:\/\/dev.klb-koetztal.de\/app\/uploads\/2024\/02\/CHEMORESIN_PU-BETON_4009_30_kg_500px.jpg\" \/>\n\t<meta property=\"og:image:width\" content=\"500\" \/>\n\t<meta property=\"og:image:height\" content=\"500\" \/>\n\t<meta property=\"og:image:type\" content=\"image\/jpeg\" \/>\n<meta name=\"twitter:card\" content=\"summary_large_image\" \/>\n<script type=\"application\/ld+json\" class=\"yoast-schema-graph\">{\"@context\":\"https:\/\/schema.org\",\"@graph\":[{\"@type\":\"WebPage\",\"@id\":\"https:\/\/dev.klb-koetztal.de\/en\/produkt\/chemoresin-pu-beton-4009\/\",\"url\":\"https:\/\/dev.klb-koetztal.de\/en\/produkt\/chemoresin-pu-beton-4009\/\",\"name\":\"High-quality, resilient coating PU-BETON 4009 | KLB\",\"isPartOf\":{\"@id\":\"https:\/\/dev.klb-koetztal.de\/en\/#website\"},\"primaryImageOfPage\":{\"@id\":\"https:\/\/dev.klb-koetztal.de\/en\/produkt\/chemoresin-pu-beton-4009\/#primaryimage\"},\"image\":{\"@id\":\"https:\/\/dev.klb-koetztal.de\/en\/produkt\/chemoresin-pu-beton-4009\/#primaryimage\"},\"thumbnailUrl\":\"https:\/\/dev.klb-koetztal.de\/app\/uploads\/2024\/02\/CHEMORESIN_PU-BETON_4009_30_kg_500px.jpg\",\"datePublished\":\"2024-02-01T09:50:24+00:00\",\"dateModified\":\"2026-03-16T13:04:35+00:00\",\"description\":\"Highly water and chemically-resistant, robust mortar coating PU-BETON 4009 for trowelling | KLB floorings \u2714\ufe0f maximum stressed wet areas\",\"breadcrumb\":{\"@id\":\"https:\/\/dev.klb-koetztal.de\/en\/produkt\/chemoresin-pu-beton-4009\/#breadcrumb\"},\"inLanguage\":\"en-GB\",\"potentialAction\":[{\"@type\":\"ReadAction\",\"target\":[\"https:\/\/dev.klb-koetztal.de\/en\/produkt\/chemoresin-pu-beton-4009\/\"]}]},{\"@type\":\"ImageObject\",\"inLanguage\":\"en-GB\",\"@id\":\"https:\/\/dev.klb-koetztal.de\/en\/produkt\/chemoresin-pu-beton-4009\/#primaryimage\",\"url\":\"https:\/\/dev.klb-koetztal.de\/app\/uploads\/2024\/02\/CHEMORESIN_PU-BETON_4009_30_kg_500px.jpg\",\"contentUrl\":\"https:\/\/dev.klb-koetztal.de\/app\/uploads\/2024\/02\/CHEMORESIN_PU-BETON_4009_30_kg_500px.jpg\",\"width\":500,\"height\":500},{\"@type\":\"BreadcrumbList\",\"@id\":\"https:\/\/dev.klb-koetztal.de\/en\/produkt\/chemoresin-pu-beton-4009\/#breadcrumb\",\"itemListElement\":[{\"@type\":\"ListItem\",\"position\":1,\"name\":\"Startseite\",\"item\":\"https:\/\/dev.klb-koetztal.de\/en\/\"},{\"@type\":\"ListItem\",\"position\":2,\"name\":\"CHEMORESIN PU-BETON 4009\"}]},{\"@type\":\"WebSite\",\"@id\":\"https:\/\/dev.klb-koetztal.de\/en\/#website\",\"url\":\"https:\/\/dev.klb-koetztal.de\/en\/\",\"name\":\"KLB K\u00f6tztal\",\"description\":\"Gute B\u00f6den haben ein System.\",\"potentialAction\":[{\"@type\":\"SearchAction\",\"target\":{\"@type\":\"EntryPoint\",\"urlTemplate\":\"https:\/\/dev.klb-koetztal.de\/en\/?s={search_term_string}\"},\"query-input\":{\"@type\":\"PropertyValueSpecification\",\"valueRequired\":true,\"valueName\":\"search_term_string\"}}],\"inLanguage\":\"en-GB\"}]}<\/script>\n<!-- \/ Yoast SEO plugin. -->","yoast_head_json":{"title":"High-quality, resilient coating PU-BETON 4009 | KLB","description":"Highly water and chemically-resistant, robust mortar coating PU-BETON 4009 for trowelling | KLB floorings \u2714\ufe0f maximum stressed wet areas","robots":{"index":"noindex","follow":"follow","max-snippet":"max-snippet:-1","max-image-preview":"max-image-preview:large","max-video-preview":"max-video-preview:-1"},"og_locale":"en_GB","og_type":"article","og_title":"High-quality, resilient coating PU-BETON 4009 | KLB","og_description":"Highly water and chemically-resistant, robust mortar coating PU-BETON 4009 for trowelling | KLB floorings \u2714\ufe0f maximum stressed wet areas","og_url":"https:\/\/dev.klb-koetztal.de\/en\/produkt\/chemoresin-pu-beton-4009\/","og_site_name":"KLB K\u00f6tztal","article_publisher":"https:\/\/www.facebook.com\/klbkoetztal","article_modified_time":"2026-03-16T13:04:35+00:00","og_image":[{"width":500,"height":500,"url":"https:\/\/dev.klb-koetztal.de\/app\/uploads\/2024\/02\/CHEMORESIN_PU-BETON_4009_30_kg_500px.jpg","type":"image\/jpeg"}],"twitter_card":"summary_large_image","schema":{"@context":"https:\/\/schema.org","@graph":[{"@type":"WebPage","@id":"https:\/\/dev.klb-koetztal.de\/en\/produkt\/chemoresin-pu-beton-4009\/","url":"https:\/\/dev.klb-koetztal.de\/en\/produkt\/chemoresin-pu-beton-4009\/","name":"High-quality, resilient coating PU-BETON 4009 | KLB","isPartOf":{"@id":"https:\/\/dev.klb-koetztal.de\/en\/#website"},"primaryImageOfPage":{"@id":"https:\/\/dev.klb-koetztal.de\/en\/produkt\/chemoresin-pu-beton-4009\/#primaryimage"},"image":{"@id":"https:\/\/dev.klb-koetztal.de\/en\/produkt\/chemoresin-pu-beton-4009\/#primaryimage"},"thumbnailUrl":"https:\/\/dev.klb-koetztal.de\/app\/uploads\/2024\/02\/CHEMORESIN_PU-BETON_4009_30_kg_500px.jpg","datePublished":"2024-02-01T09:50:24+00:00","dateModified":"2026-03-16T13:04:35+00:00","description":"Highly water and chemically-resistant, robust mortar coating PU-BETON 4009 for trowelling | KLB floorings \u2714\ufe0f maximum stressed wet areas","breadcrumb":{"@id":"https:\/\/dev.klb-koetztal.de\/en\/produkt\/chemoresin-pu-beton-4009\/#breadcrumb"},"inLanguage":"en-GB","potentialAction":[{"@type":"ReadAction","target":["https:\/\/dev.klb-koetztal.de\/en\/produkt\/chemoresin-pu-beton-4009\/"]}]},{"@type":"ImageObject","inLanguage":"en-GB","@id":"https:\/\/dev.klb-koetztal.de\/en\/produkt\/chemoresin-pu-beton-4009\/#primaryimage","url":"https:\/\/dev.klb-koetztal.de\/app\/uploads\/2024\/02\/CHEMORESIN_PU-BETON_4009_30_kg_500px.jpg","contentUrl":"https:\/\/dev.klb-koetztal.de\/app\/uploads\/2024\/02\/CHEMORESIN_PU-BETON_4009_30_kg_500px.jpg","width":500,"height":500},{"@type":"BreadcrumbList","@id":"https:\/\/dev.klb-koetztal.de\/en\/produkt\/chemoresin-pu-beton-4009\/#breadcrumb","itemListElement":[{"@type":"ListItem","position":1,"name":"Startseite","item":"https:\/\/dev.klb-koetztal.de\/en\/"},{"@type":"ListItem","position":2,"name":"CHEMORESIN PU-BETON 4009"}]},{"@type":"WebSite","@id":"https:\/\/dev.klb-koetztal.de\/en\/#website","url":"https:\/\/dev.klb-koetztal.de\/en\/","name":"KLB K\u00f6tztal","description":"Gute B\u00f6den haben ein System.","potentialAction":[{"@type":"SearchAction","target":{"@type":"EntryPoint","urlTemplate":"https:\/\/dev.klb-koetztal.de\/en\/?s={search_term_string}"},"query-input":{"@type":"PropertyValueSpecification","valueRequired":true,"valueName":"search_term_string"}}],"inLanguage":"en-GB"}]}},"_links":{"self":[{"href":"https:\/\/dev.klb-koetztal.de\/en\/wp-json\/wp\/v2\/product\/59754","targetHints":{"allow":["GET"]}}],"collection":[{"href":"https:\/\/dev.klb-koetztal.de\/en\/wp-json\/wp\/v2\/product"}],"about":[{"href":"https:\/\/dev.klb-koetztal.de\/en\/wp-json\/wp\/v2\/types\/product"}],"wp:featuredmedia":[{"embeddable":true,"href":"https:\/\/dev.klb-koetztal.de\/en\/wp-json\/wp\/v2\/media\/59756"}],"wp:attachment":[{"href":"https:\/\/dev.klb-koetztal.de\/en\/wp-json\/wp\/v2\/media?parent=59754"}],"wp:term":[{"taxonomy":"product_brand","embeddable":true,"href":"https:\/\/dev.klb-koetztal.de\/en\/wp-json\/wp\/v2\/product_brand?post=59754"},{"taxonomy":"product_cat","embeddable":true,"href":"https:\/\/dev.klb-koetztal.de\/en\/wp-json\/wp\/v2\/product_cat?post=59754"},{"taxonomy":"product_tag","embeddable":true,"href":"https:\/\/dev.klb-koetztal.de\/en\/wp-json\/wp\/v2\/product_tag?post=59754"}],"curies":[{"name":"wp","href":"https:\/\/api.w.org\/{rel}","templated":true}]}}