{"id":59597,"date":"2024-01-25T15:50:19","date_gmt":"2024-01-25T14:50:19","guid":{"rendered":"https:\/\/www.klb-koetztal.de\/produkt\/floor-sealer-300-antistatic-r10\/"},"modified":"2026-02-25T12:17:18","modified_gmt":"2026-02-25T11:17:18","slug":"floor-sealer-300-antistatic-r10","status":"publish","type":"product","link":"https:\/\/dev.klb-koetztal.de\/en\/produkt\/floor-sealer-300-antistatic-r10\/","title":{"rendered":"Floor Sealer 300 Antistatic R10"},"content":{"rendered":"","protected":false},"excerpt":{"rendered":"<p>Coloured, electrically conductive, low-emission 2-component polyurethane sealer for renovating top floors. The sealer can be used for refurbishing, renovating or refreshing conductive surface coverings (e.g. PVC, linoleum, as well as rubber and rubber stud coverings) or also as a conductive sealer for non-conductive surfaces in case of subsequent&#160;change of use.&#160;Designed&#160;and tested to have a slip-resistance grade of R10 (also suitable for areas with demands on R9).&#160;&#160;Fulfils the requirements in terms of personal and ESD protection.<br \/>\nCertified&#160;according to&#160;EMICODE EC1 plus and suitable for indoor recreation rooms.<\/p>\n","protected":false},"featured_media":59685,"template":"","meta":{"_acf_changed":false},"product_brand":[],"product_cat":[12533,12537],"product_tag":[],"class_list":{"0":"post-59597","1":"product","2":"type-product","3":"status-publish","4":"has-post-thumbnail","6":"product_cat-floor-sealer","7":"product_cat-floor-sealer-_2-component-polyurethane-sealers-water-emulsified","9":"first","10":"instock","11":"shipping-taxable","12":"product-type-simple"},"acf":{"product_header":{"module_product_header":{"":null,"prototype_headline":{"headline":"Floor Sealer 300 Antistatic R10","h1":true,"subheadline":"Slip-resistant, electrically conductive, low-emission and environmentally friendly&#160;2-component polyurethane sealer for renovating top floors with good adhesion.&#160;","anchor":"","url":""},"grid_text_slider":false,"grid_text_content":[{"text":"<p class=\"product-short-title\" style=\"text-align: center;\"><strong>Brief description<\/strong><\/p>\n<p>Coloured, electrically conductive, low-emission 2-component polyurethane sealer for renovating top floors. The sealer can be used for refurbishing, renovating or refreshing conductive surface coverings (e.g. PVC, linoleum, as well as rubber and rubber stud coverings) or also as a conductive sealer for non-conductive surfaces in case of subsequent&#160;change of use.&#160;Designed&#160;and tested to have a slip-resistance grade of R10 (also suitable for areas with demands on R9).&#160;&#160;Fulfils the requirements in terms of personal and ESD protection.<\/p>\n<p>Certified&#160;according to&#160;EMICODE EC1 plus and suitable for indoor recreation rooms.<\/p>\n","width":"4","background_color_text":"bg-white","border_color":"border-gray-light"},{"text":"<p class=\"product-sicing-title\" style=\"text-align: center;\"><strong>Packaging units<\/strong><\/p>\n<ul>\n<li>FF6958-40 &#8211; Combo packaging 10.50 kg<\/li>\n<\/ul>\n<p><\/p>\n<p>Please do not hesitate to contact us directly for enquiries about larger delivery quantities or packaging units.<\/p>\n\n","width":"4","background_color_text":"bg-white","border_color":"border-gray-light"},{"text":"<p class=\"product-attr-title\" style=\"text-align: center;\"><strong>Properties<\/strong><\/p>\n<ul>\n<li>electrically conductive for explosion protection<\/li>\n<li>for increased demands on ESD protection<\/li>\n<li>very low-emission<\/li>\n<li>EMICODE\u00ae EC 1PLUS certified<\/li>\n<li>environmentally friendly<\/li>\n<li>light-stable<\/li>\n<li>low susceptibility to staining<\/li>\n<li>very high adhesion<\/li>\n<li>odorless<\/li>\n<li>matt<\/li>\n<li>even surface<\/li>\n<li>slip-resistant<\/li>\n<li>resistant to abrasion and wear<\/li>\n<\/ul>\n","width":"4","background_color_text":"bg-white","border_color":"border-gray-light"}],"background_color":"bg-none","background_color_content":"bg-none"}},"downloads":{"module_download_list":{"inhalt":null,"downloads":[{"download":{"ID":66810,"id":66810,"title":"FLOOR_SEALER_300_Antistatic_R10_PI_en_2025_08","filename":"FLOOR_SEALER_300_Antistatic_R10_PI_en_2025_08.pdf","filesize":1364810,"url":"https:\/\/dev.klb-koetztal.de\/app\/uploads\/2025\/08\/FLOOR_SEALER_300_Antistatic_R10_PI_en_2025_08.pdf","link":"https:\/\/dev.klb-koetztal.de\/en\/?attachment_id=66810","alt":"","author":"7","description":"","caption":"","name":"floor_sealer_300_antistatic_r10_pi_en_2025_08-2","status":"inherit","uploaded_to":0,"date":"2025-08-01 12:51:00","modified":"2025-08-01 12:51:00","menu_order":0,"mime_type":"application\/pdf","type":"application","subtype":"pdf","icon":"https:\/\/dev.klb-koetztal.de\/wp\/wp-includes\/images\/media\/document.png"},"filename":"Product Information","protected":false,"doclang":"GB","externalkey":"Produktinformation","docpos":"2"},{"download":{"ID":66813,"id":66813,"title":"FLOOR_SEALER_300_Antistatic_R10_PI_fr_2025_08","filename":"FLOOR_SEALER_300_Antistatic_R10_PI_fr_2025_08.pdf","filesize":1377697,"url":"https:\/\/dev.klb-koetztal.de\/app\/uploads\/2025\/08\/FLOOR_SEALER_300_Antistatic_R10_PI_fr_2025_08.pdf","link":"https:\/\/dev.klb-koetztal.de\/en\/?attachment_id=66813","alt":"","author":"7","description":"","caption":"","name":"floor_sealer_300_antistatic_r10_pi_fr_2025_08-2","status":"inherit","uploaded_to":0,"date":"2025-08-01 12:51:05","modified":"2025-08-01 12:51:05","menu_order":0,"mime_type":"application\/pdf","type":"application","subtype":"pdf","icon":"https:\/\/dev.klb-koetztal.de\/wp\/wp-includes\/images\/media\/document.png"},"filename":"Information Produit FR","protected":false,"doclang":"FR","externalkey":"Produktinformation","docpos":"3"},{"download":{"ID":59595,"id":59595,"title":"FloorSealer300_R10_Umwelt-Deklaration_2022-06","filename":"FloorSealer300_R10_Umwelt-Deklaration_2022-06.pdf","filesize":2558773,"url":"https:\/\/dev.klb-koetztal.de\/app\/uploads\/2024\/01\/FloorSealer300_R10_Umwelt-Deklaration_2022-06.pdf","link":"https:\/\/dev.klb-koetztal.de\/en\/?attachment_id=59595","alt":"","author":"7","description":"","caption":"","name":"floorsealer300_r10_umwelt-deklaration_2022-06-2","status":"inherit","uploaded_to":0,"date":"2024-01-25 14:30:36","modified":"2024-01-25 14:30:36","menu_order":0,"mime_type":"application\/pdf","type":"application","subtype":"pdf","icon":"https:\/\/dev.klb-koetztal.de\/wp\/wp-includes\/images\/media\/document.png"},"filename":"EPD - Environmental Product Declaration","protected":false,"doclang":"Multi","externalkey":"Umweltproduktdeklaration","docpos":"50"},{"download":false,"filename":"Safety data sheet","protected":true,"doclang":"GB","externalkey":"Sicherheitsdatenblatt","docpos":"2"},{"download":false,"filename":"Fiche de donn\u00e9es de s\u00e9curit\u00e9 FR","protected":true,"doclang":"FR","externalkey":"Sicherheitsdatenblatt","docpos":"3"}],"einstellungen":null,"background_color":"bg-none","background_color_content":"bg-none"}},"included_in_systems":{"module_included_in_systems":{"":null,"background_color":"bg-gray-medium","background_color_content":"bg-none"}},"contact":{"module_contact":{"":null,"background_color":"bg-none","background_color_content":"bg-none"}},"ausschreibende":{"module_ausschreibende":{"andern_sie_den_inhalt_unter_universelle_elemente":null,"background_color":"bg-none","background_color_content":"bg-none"}}},"yoast_head":"<!-- This site is optimized with the Yoast SEO plugin v27.0 - https:\/\/yoast.com\/product\/yoast-seo-wordpress\/ -->\n<title>Floor Sealer 300 Antistatic R10<\/title>\n<meta name=\"description\" content=\"\u2714\ufe0f\" \/>\n<meta name=\"robots\" content=\"noindex, follow, max-snippet:-1, max-image-preview:large, max-video-preview:-1\" \/>\n<meta property=\"og:locale\" content=\"en_GB\" \/>\n<meta property=\"og:type\" content=\"article\" \/>\n<meta property=\"og:title\" content=\"Floor Sealer 300 Antistatic R10\" \/>\n<meta property=\"og:description\" content=\"\u2714\ufe0f\" \/>\n<meta property=\"og:url\" content=\"https:\/\/dev.klb-koetztal.de\/en\/produkt\/floor-sealer-300-antistatic-r10\/\" \/>\n<meta property=\"og:site_name\" content=\"KLB K\u00f6tztal\" \/>\n<meta property=\"article:publisher\" content=\"https:\/\/www.facebook.com\/klbkoetztal\" \/>\n<meta property=\"article:modified_time\" content=\"2026-02-25T11:17:18+00:00\" \/>\n<meta property=\"og:image\" content=\"https:\/\/dev.klb-koetztal.de\/app\/uploads\/2024\/01\/Floor_Sealer_300-R10_10kg_500px_neu.jpg\" \/>\n\t<meta property=\"og:image:width\" content=\"500\" \/>\n\t<meta property=\"og:image:height\" content=\"500\" \/>\n\t<meta property=\"og:image:type\" content=\"image\/jpeg\" \/>\n<meta name=\"twitter:card\" content=\"summary_large_image\" \/>\n<script type=\"application\/ld+json\" class=\"yoast-schema-graph\">{\"@context\":\"https:\/\/schema.org\",\"@graph\":[{\"@type\":\"WebPage\",\"@id\":\"https:\/\/dev.klb-koetztal.de\/en\/produkt\/floor-sealer-300-antistatic-r10\/\",\"url\":\"https:\/\/dev.klb-koetztal.de\/en\/produkt\/floor-sealer-300-antistatic-r10\/\",\"name\":\"Floor Sealer 300 Antistatic R10\",\"isPartOf\":{\"@id\":\"https:\/\/dev.klb-koetztal.de\/en\/#website\"},\"primaryImageOfPage\":{\"@id\":\"https:\/\/dev.klb-koetztal.de\/en\/produkt\/floor-sealer-300-antistatic-r10\/#primaryimage\"},\"image\":{\"@id\":\"https:\/\/dev.klb-koetztal.de\/en\/produkt\/floor-sealer-300-antistatic-r10\/#primaryimage\"},\"thumbnailUrl\":\"https:\/\/dev.klb-koetztal.de\/app\/uploads\/2024\/01\/Floor_Sealer_300-R10_10kg_500px_neu.jpg\",\"datePublished\":\"2024-01-25T14:50:19+00:00\",\"dateModified\":\"2026-02-25T11:17:18+00:00\",\"description\":\"\u2714\ufe0f\",\"breadcrumb\":{\"@id\":\"https:\/\/dev.klb-koetztal.de\/en\/produkt\/floor-sealer-300-antistatic-r10\/#breadcrumb\"},\"inLanguage\":\"en-GB\",\"potentialAction\":[{\"@type\":\"ReadAction\",\"target\":[\"https:\/\/dev.klb-koetztal.de\/en\/produkt\/floor-sealer-300-antistatic-r10\/\"]}]},{\"@type\":\"ImageObject\",\"inLanguage\":\"en-GB\",\"@id\":\"https:\/\/dev.klb-koetztal.de\/en\/produkt\/floor-sealer-300-antistatic-r10\/#primaryimage\",\"url\":\"https:\/\/dev.klb-koetztal.de\/app\/uploads\/2024\/01\/Floor_Sealer_300-R10_10kg_500px_neu.jpg\",\"contentUrl\":\"https:\/\/dev.klb-koetztal.de\/app\/uploads\/2024\/01\/Floor_Sealer_300-R10_10kg_500px_neu.jpg\",\"width\":500,\"height\":500},{\"@type\":\"BreadcrumbList\",\"@id\":\"https:\/\/dev.klb-koetztal.de\/en\/produkt\/floor-sealer-300-antistatic-r10\/#breadcrumb\",\"itemListElement\":[{\"@type\":\"ListItem\",\"position\":1,\"name\":\"Startseite\",\"item\":\"https:\/\/dev.klb-koetztal.de\/en\/\"},{\"@type\":\"ListItem\",\"position\":2,\"name\":\"Floor Sealer 300 Antistatic R10\"}]},{\"@type\":\"WebSite\",\"@id\":\"https:\/\/dev.klb-koetztal.de\/en\/#website\",\"url\":\"https:\/\/dev.klb-koetztal.de\/en\/\",\"name\":\"KLB K\u00f6tztal\",\"description\":\"Gute B\u00f6den haben ein System.\",\"potentialAction\":[{\"@type\":\"SearchAction\",\"target\":{\"@type\":\"EntryPoint\",\"urlTemplate\":\"https:\/\/dev.klb-koetztal.de\/en\/?s={search_term_string}\"},\"query-input\":{\"@type\":\"PropertyValueSpecification\",\"valueRequired\":true,\"valueName\":\"search_term_string\"}}],\"inLanguage\":\"en-GB\"}]}<\/script>\n<!-- \/ Yoast SEO plugin. -->","yoast_head_json":{"title":"Floor Sealer 300 Antistatic R10","description":"\u2714\ufe0f","robots":{"index":"noindex","follow":"follow","max-snippet":"max-snippet:-1","max-image-preview":"max-image-preview:large","max-video-preview":"max-video-preview:-1"},"og_locale":"en_GB","og_type":"article","og_title":"Floor Sealer 300 Antistatic R10","og_description":"\u2714\ufe0f","og_url":"https:\/\/dev.klb-koetztal.de\/en\/produkt\/floor-sealer-300-antistatic-r10\/","og_site_name":"KLB K\u00f6tztal","article_publisher":"https:\/\/www.facebook.com\/klbkoetztal","article_modified_time":"2026-02-25T11:17:18+00:00","og_image":[{"width":500,"height":500,"url":"https:\/\/dev.klb-koetztal.de\/app\/uploads\/2024\/01\/Floor_Sealer_300-R10_10kg_500px_neu.jpg","type":"image\/jpeg"}],"twitter_card":"summary_large_image","schema":{"@context":"https:\/\/schema.org","@graph":[{"@type":"WebPage","@id":"https:\/\/dev.klb-koetztal.de\/en\/produkt\/floor-sealer-300-antistatic-r10\/","url":"https:\/\/dev.klb-koetztal.de\/en\/produkt\/floor-sealer-300-antistatic-r10\/","name":"Floor Sealer 300 Antistatic R10","isPartOf":{"@id":"https:\/\/dev.klb-koetztal.de\/en\/#website"},"primaryImageOfPage":{"@id":"https:\/\/dev.klb-koetztal.de\/en\/produkt\/floor-sealer-300-antistatic-r10\/#primaryimage"},"image":{"@id":"https:\/\/dev.klb-koetztal.de\/en\/produkt\/floor-sealer-300-antistatic-r10\/#primaryimage"},"thumbnailUrl":"https:\/\/dev.klb-koetztal.de\/app\/uploads\/2024\/01\/Floor_Sealer_300-R10_10kg_500px_neu.jpg","datePublished":"2024-01-25T14:50:19+00:00","dateModified":"2026-02-25T11:17:18+00:00","description":"\u2714\ufe0f","breadcrumb":{"@id":"https:\/\/dev.klb-koetztal.de\/en\/produkt\/floor-sealer-300-antistatic-r10\/#breadcrumb"},"inLanguage":"en-GB","potentialAction":[{"@type":"ReadAction","target":["https:\/\/dev.klb-koetztal.de\/en\/produkt\/floor-sealer-300-antistatic-r10\/"]}]},{"@type":"ImageObject","inLanguage":"en-GB","@id":"https:\/\/dev.klb-koetztal.de\/en\/produkt\/floor-sealer-300-antistatic-r10\/#primaryimage","url":"https:\/\/dev.klb-koetztal.de\/app\/uploads\/2024\/01\/Floor_Sealer_300-R10_10kg_500px_neu.jpg","contentUrl":"https:\/\/dev.klb-koetztal.de\/app\/uploads\/2024\/01\/Floor_Sealer_300-R10_10kg_500px_neu.jpg","width":500,"height":500},{"@type":"BreadcrumbList","@id":"https:\/\/dev.klb-koetztal.de\/en\/produkt\/floor-sealer-300-antistatic-r10\/#breadcrumb","itemListElement":[{"@type":"ListItem","position":1,"name":"Startseite","item":"https:\/\/dev.klb-koetztal.de\/en\/"},{"@type":"ListItem","position":2,"name":"Floor Sealer 300 Antistatic R10"}]},{"@type":"WebSite","@id":"https:\/\/dev.klb-koetztal.de\/en\/#website","url":"https:\/\/dev.klb-koetztal.de\/en\/","name":"KLB K\u00f6tztal","description":"Gute B\u00f6den haben ein System.","potentialAction":[{"@type":"SearchAction","target":{"@type":"EntryPoint","urlTemplate":"https:\/\/dev.klb-koetztal.de\/en\/?s={search_term_string}"},"query-input":{"@type":"PropertyValueSpecification","valueRequired":true,"valueName":"search_term_string"}}],"inLanguage":"en-GB"}]}},"_links":{"self":[{"href":"https:\/\/dev.klb-koetztal.de\/en\/wp-json\/wp\/v2\/product\/59597","targetHints":{"allow":["GET"]}}],"collection":[{"href":"https:\/\/dev.klb-koetztal.de\/en\/wp-json\/wp\/v2\/product"}],"about":[{"href":"https:\/\/dev.klb-koetztal.de\/en\/wp-json\/wp\/v2\/types\/product"}],"wp:featuredmedia":[{"embeddable":true,"href":"https:\/\/dev.klb-koetztal.de\/en\/wp-json\/wp\/v2\/media\/59685"}],"wp:attachment":[{"href":"https:\/\/dev.klb-koetztal.de\/en\/wp-json\/wp\/v2\/media?parent=59597"}],"wp:term":[{"taxonomy":"product_brand","embeddable":true,"href":"https:\/\/dev.klb-koetztal.de\/en\/wp-json\/wp\/v2\/product_brand?post=59597"},{"taxonomy":"product_cat","embeddable":true,"href":"https:\/\/dev.klb-koetztal.de\/en\/wp-json\/wp\/v2\/product_cat?post=59597"},{"taxonomy":"product_tag","embeddable":true,"href":"https:\/\/dev.klb-koetztal.de\/en\/wp-json\/wp\/v2\/product_tag?post=59597"}],"curies":[{"name":"wp","href":"https:\/\/api.w.org\/{rel}","templated":true}]}}