{"id":57285,"date":"2023-07-05T11:40:04","date_gmt":"2023-07-05T09:40:04","guid":{"rendered":"https:\/\/www.klb-koetztal.de\/produkt\/car-park-surface-protection-system-klb-system-polyurea-pu-5580\/"},"modified":"2026-03-16T14:01:39","modified_gmt":"2026-03-16T13:01:39","slug":"car-park-surface-protection-system-klb-system-polyurea-pu-5580","status":"publish","type":"product","link":"https:\/\/dev.klb-koetztal.de\/en\/produkt\/car-park-surface-protection-system-klb-system-polyurea-pu-5580\/","title":{"rendered":"CAR PARK surface protection system KLB-SYSTEM POLYUREA PU 5580"},"content":{"rendered":"","protected":false},"excerpt":{"rendered":"<p>Solvent-free, pigmented, flexibilised 2-component polyurea&#160;resin as top sealer for surface protection systems, tested OS 11 a\/b and OS 14 according to the DAfStb and TR maintenance directive&#160;for indoor and outdoor use.&#160;<br \/>\nLight and weather-resistant.<\/p>\n","protected":false},"featured_media":49807,"template":"","meta":{"_acf_changed":false},"product_brand":[],"product_cat":[9609,9639,9617,9640],"product_tag":[],"class_list":{"0":"post-57285","1":"product","2":"type-product","3":"status-publish","4":"has-post-thumbnail","6":"product_cat-coatings","7":"product_cat-car-park-coatings-including-rapid-setting","8":"product_cat-top-sealers-for-scattered-coatings","9":"product_cat-2-component-polyurea-top-sealers","11":"first","12":"instock","13":"shipping-taxable","14":"product-type-simple"},"acf":{"product_header":{"module_product_header":{"":null,"prototype_headline":{"headline":"CAR PARK surface protection system KLB-SYSTEM POLYUREA PU 5580","h1":true,"subheadline":"Light and weather-resistant, flexibilised 2-component polyurea&#160;top sealer","anchor":"","url":""},"grid_text_slider":false,"grid_text_content":[{"text":"<p class=\"product-short-title\" style=\"text-align: center;\"><strong>Brief description<\/strong><\/p>\n<p>Solvent-free, pigmented, flexibilised 2-component polyurea&#160;resin as top sealer for surface protection systems, tested OS 11 a\/b and OS 14 according to the DAfStb and TR maintenance directive&#160;for indoor and outdoor use.&#160;<\/p>\n<p>Light and weather-resistant.<\/p>\n","width":"4","background_color_text":"bg-white","border_color":"border-gray-light"},{"text":"<p class=\"product-sicing-title\" style=\"text-align: center;\"><strong>Packaging units<\/strong><\/p>\n<ul>\n<li>AK6146-40 &#8211; Bucket combo 10.00 kg<\/li>\n<li>AK6146-25 &#8211; Hobbock combo 25.00 kg<\/li>\n<\/ul>\n<p><\/p>\n<p>Please do not hesitate to contact us directly for enquiries about larger delivery quantities or packaging units.<\/p>\n\n","width":"4","background_color_text":"bg-white","border_color":"border-gray-light"},{"text":"<p class=\"product-attr-title\" style=\"text-align: center;\"><strong>Properties<\/strong><\/p>\n<ul>\n<li>solvent-free<\/li>\n<li>rapid-setting<\/li>\n<li>viscoplastic<\/li>\n<li>resistant to abrasion and wear<\/li>\n<li>resistant to de-icing salt<\/li>\n<li>good resistance to water and chemicals<\/li>\n<li>resistant to glycol, oil and battery acid<\/li>\n<li>good plasticiser resistance<\/li>\n<li>quickly becomes rainproof<\/li>\n<li>resistant to weather<\/li>\n<li>colour-stable<\/li>\n<li>light-stable<\/li>\n<\/ul>\n","width":"4","background_color_text":"bg-white","border_color":"border-gray-light"}],"background_color":"bg-none","background_color_content":"bg-none"}},"downloads":{"module_download_list":{"inhalt":null,"downloads":[{"download":{"ID":62037,"id":62037,"title":"PU_5580_PI_en_2024_06","filename":"PU_5580_PI_en_2024_06.pdf","filesize":929842,"url":"https:\/\/dev.klb-koetztal.de\/app\/uploads\/2024\/06\/PU_5580_PI_en_2024_06.pdf","link":"https:\/\/dev.klb-koetztal.de\/en\/?attachment_id=62037","alt":"","author":"7","description":"","caption":"","name":"pu_5580_pi_en_2024_06-2","status":"inherit","uploaded_to":0,"date":"2024-06-17 12:10:56","modified":"2024-06-17 12:10:56","menu_order":0,"mime_type":"application\/pdf","type":"application","subtype":"pdf","icon":"https:\/\/dev.klb-koetztal.de\/wp\/wp-includes\/images\/media\/document.png"},"filename":"Product Information","protected":false,"doclang":"GB","externalkey":"Produktinformation","docpos":"2"},{"download":{"ID":62040,"id":62040,"title":"PU_5580_PI_fr_2024_06","filename":"PU_5580_PI_fr_2024_06.pdf","filesize":948360,"url":"https:\/\/dev.klb-koetztal.de\/app\/uploads\/2024\/06\/PU_5580_PI_fr_2024_06.pdf","link":"https:\/\/dev.klb-koetztal.de\/en\/?attachment_id=62040","alt":"","author":"7","description":"","caption":"","name":"pu_5580_pi_fr_2024_06-2","status":"inherit","uploaded_to":0,"date":"2024-06-17 12:10:58","modified":"2024-06-17 12:10:58","menu_order":0,"mime_type":"application\/pdf","type":"application","subtype":"pdf","icon":"https:\/\/dev.klb-koetztal.de\/wp\/wp-includes\/images\/media\/document.png"},"filename":"Information Produit FR","protected":false,"doclang":"FR","externalkey":"Produktinformation","docpos":"3"},{"download":false,"filename":"Product Information SK","protected":true,"doclang":"","externalkey":"Produktinformation","docpos":"Multi"},{"download":{"ID":49765,"id":49765,"title":"Leistungserkl\u00e4rung - Statement of performance","filename":"Parkhaus_Aufbau_Leistungserklaerungen_23.08.2019.pdf","filesize":904343,"url":"https:\/\/dev.klb-koetztal.de\/app\/uploads\/2022\/03\/Parkhaus_Aufbau_Leistungserklaerungen_23.08.2019.pdf","link":"https:\/\/dev.klb-koetztal.de\/en\/?attachment_id=49765","alt":"","author":"7","description":"","caption":"","name":"parkhaus_aufbau_leistungserklaerungen_23-08-2019","status":"inherit","uploaded_to":0,"date":"2022-03-14 10:01:46","modified":"2026-03-16 13:26:06","menu_order":0,"mime_type":"application\/pdf","type":"application","subtype":"pdf","icon":"https:\/\/dev.klb-koetztal.de\/wp\/wp-includes\/images\/media\/document.png"},"filename":"Statement of performance - Leistungserkl\u00e4rung","protected":false,"doclang":"Multi","externalkey":"Leistungserklaerung","docpos":"50"},{"download":{"ID":51362,"id":51362,"title":"EPD-Information","filename":"PU5580_Umwelt-Deklaration_2022-07.pdf","filesize":4329778,"url":"https:\/\/dev.klb-koetztal.de\/app\/uploads\/2022\/07\/PU5580_Umwelt-Deklaration_2022-07.pdf","link":"https:\/\/dev.klb-koetztal.de\/en\/?attachment_id=51362","alt":"","author":"7","description":"","caption":"","name":"pu5580_umwelt-deklaration_2022-07","status":"inherit","uploaded_to":0,"date":"2022-07-04 07:28:44","modified":"2026-03-16 13:01:55","menu_order":0,"mime_type":"application\/pdf","type":"application","subtype":"pdf","icon":"https:\/\/dev.klb-koetztal.de\/wp\/wp-includes\/images\/media\/document.png"},"filename":"EPD - Environmental Product Declaration","protected":false,"doclang":"Multi","externalkey":"Umweltproduktdeklaration","docpos":"50"},{"download":false,"filename":"Safety data sheet","protected":true,"doclang":"GB","externalkey":"Sicherheitsdatenblatt","docpos":"2"},{"download":false,"filename":"Fiche de donn\u00e9es de s\u00e9curit\u00e9 FR","protected":true,"doclang":"FR","externalkey":"Sicherheitsdatenblatt","docpos":"3"}],"einstellungen":null,"background_color":"bg-none","background_color_content":"bg-none"}},"included_in_systems":{"module_included_in_systems":{"":null,"background_color":"bg-gray-medium","background_color_content":"bg-none"}},"contact":{"module_contact":{"":null,"background_color":"bg-none","background_color_content":"bg-none"}},"ausschreibende":{"module_ausschreibende":{"andern_sie_den_inhalt_unter_universelle_elemente":null,"background_color":"bg-none","background_color_content":"bg-none"}}},"yoast_head":"<!-- This site is optimized with the Yoast SEO plugin v27.0 - https:\/\/yoast.com\/product\/yoast-seo-wordpress\/ -->\n<title>Coloured, flexibilised 2-comp. top sealer PU 5580 | KLB K\u00f6tztal<\/title>\n<meta name=\"description\" content=\"Solvent-free, flexible, light and chalking-resistant top sealer PU 5580 | KLB commercial floors \u2714\ufe0f for surface protection system OS 11a\/b or OS 14\" \/>\n<meta name=\"robots\" content=\"noindex, follow, max-snippet:-1, max-image-preview:large, max-video-preview:-1\" \/>\n<meta property=\"og:locale\" content=\"en_GB\" \/>\n<meta property=\"og:type\" content=\"article\" \/>\n<meta property=\"og:title\" content=\"Coloured, flexibilised 2-comp. top sealer PU 5580 | KLB K\u00f6tztal\" \/>\n<meta property=\"og:description\" content=\"Solvent-free, flexible, light and chalking-resistant top sealer PU 5580 | KLB commercial floors \u2714\ufe0f for surface protection system OS 11a\/b or OS 14\" \/>\n<meta property=\"og:url\" content=\"https:\/\/dev.klb-koetztal.de\/en\/produkt\/car-park-surface-protection-system-klb-system-polyurea-pu-5580\/\" \/>\n<meta property=\"og:site_name\" content=\"KLB K\u00f6tztal\" \/>\n<meta property=\"article:publisher\" content=\"https:\/\/www.facebook.com\/klbkoetztal\" \/>\n<meta property=\"article:modified_time\" content=\"2026-03-16T13:01:39+00:00\" \/>\n<meta property=\"og:image\" content=\"https:\/\/dev.klb-koetztal.de\/app\/uploads\/2022\/03\/PU5580.jpg\" \/>\n\t<meta property=\"og:image:width\" content=\"500\" \/>\n\t<meta property=\"og:image:height\" content=\"500\" \/>\n\t<meta property=\"og:image:type\" content=\"image\/jpeg\" \/>\n<meta name=\"twitter:card\" content=\"summary_large_image\" \/>\n<script type=\"application\/ld+json\" class=\"yoast-schema-graph\">{\"@context\":\"https:\/\/schema.org\",\"@graph\":[{\"@type\":\"WebPage\",\"@id\":\"https:\/\/dev.klb-koetztal.de\/en\/produkt\/car-park-surface-protection-system-klb-system-polyurea-pu-5580\/\",\"url\":\"https:\/\/dev.klb-koetztal.de\/en\/produkt\/car-park-surface-protection-system-klb-system-polyurea-pu-5580\/\",\"name\":\"Coloured, flexibilised 2-comp. top sealer PU 5580 | KLB K\u00f6tztal\",\"isPartOf\":{\"@id\":\"https:\/\/dev.klb-koetztal.de\/en\/#website\"},\"primaryImageOfPage\":{\"@id\":\"https:\/\/dev.klb-koetztal.de\/en\/produkt\/car-park-surface-protection-system-klb-system-polyurea-pu-5580\/#primaryimage\"},\"image\":{\"@id\":\"https:\/\/dev.klb-koetztal.de\/en\/produkt\/car-park-surface-protection-system-klb-system-polyurea-pu-5580\/#primaryimage\"},\"thumbnailUrl\":\"https:\/\/dev.klb-koetztal.de\/app\/uploads\/2022\/03\/PU5580.jpg\",\"datePublished\":\"2023-07-05T09:40:04+00:00\",\"dateModified\":\"2026-03-16T13:01:39+00:00\",\"description\":\"Solvent-free, flexible, light and chalking-resistant top sealer PU 5580 | KLB commercial floors \u2714\ufe0f for surface protection system OS 11a\/b or OS 14\",\"breadcrumb\":{\"@id\":\"https:\/\/dev.klb-koetztal.de\/en\/produkt\/car-park-surface-protection-system-klb-system-polyurea-pu-5580\/#breadcrumb\"},\"inLanguage\":\"en-GB\",\"potentialAction\":[{\"@type\":\"ReadAction\",\"target\":[\"https:\/\/dev.klb-koetztal.de\/en\/produkt\/car-park-surface-protection-system-klb-system-polyurea-pu-5580\/\"]}]},{\"@type\":\"ImageObject\",\"inLanguage\":\"en-GB\",\"@id\":\"https:\/\/dev.klb-koetztal.de\/en\/produkt\/car-park-surface-protection-system-klb-system-polyurea-pu-5580\/#primaryimage\",\"url\":\"https:\/\/dev.klb-koetztal.de\/app\/uploads\/2022\/03\/PU5580.jpg\",\"contentUrl\":\"https:\/\/dev.klb-koetztal.de\/app\/uploads\/2022\/03\/PU5580.jpg\",\"width\":500,\"height\":500},{\"@type\":\"BreadcrumbList\",\"@id\":\"https:\/\/dev.klb-koetztal.de\/en\/produkt\/car-park-surface-protection-system-klb-system-polyurea-pu-5580\/#breadcrumb\",\"itemListElement\":[{\"@type\":\"ListItem\",\"position\":1,\"name\":\"Startseite\",\"item\":\"https:\/\/dev.klb-koetztal.de\/en\/\"},{\"@type\":\"ListItem\",\"position\":2,\"name\":\"CAR PARK surface protection system KLB-SYSTEM POLYUREA PU 5580\"}]},{\"@type\":\"WebSite\",\"@id\":\"https:\/\/dev.klb-koetztal.de\/en\/#website\",\"url\":\"https:\/\/dev.klb-koetztal.de\/en\/\",\"name\":\"KLB K\u00f6tztal\",\"description\":\"Gute B\u00f6den haben ein System.\",\"potentialAction\":[{\"@type\":\"SearchAction\",\"target\":{\"@type\":\"EntryPoint\",\"urlTemplate\":\"https:\/\/dev.klb-koetztal.de\/en\/?s={search_term_string}\"},\"query-input\":{\"@type\":\"PropertyValueSpecification\",\"valueRequired\":true,\"valueName\":\"search_term_string\"}}],\"inLanguage\":\"en-GB\"}]}<\/script>\n<!-- \/ Yoast SEO plugin. -->","yoast_head_json":{"title":"Coloured, flexibilised 2-comp. top sealer PU 5580 | KLB K\u00f6tztal","description":"Solvent-free, flexible, light and chalking-resistant top sealer PU 5580 | KLB commercial floors \u2714\ufe0f for surface protection system OS 11a\/b or OS 14","robots":{"index":"noindex","follow":"follow","max-snippet":"max-snippet:-1","max-image-preview":"max-image-preview:large","max-video-preview":"max-video-preview:-1"},"og_locale":"en_GB","og_type":"article","og_title":"Coloured, flexibilised 2-comp. top sealer PU 5580 | KLB K\u00f6tztal","og_description":"Solvent-free, flexible, light and chalking-resistant top sealer PU 5580 | KLB commercial floors \u2714\ufe0f for surface protection system OS 11a\/b or OS 14","og_url":"https:\/\/dev.klb-koetztal.de\/en\/produkt\/car-park-surface-protection-system-klb-system-polyurea-pu-5580\/","og_site_name":"KLB K\u00f6tztal","article_publisher":"https:\/\/www.facebook.com\/klbkoetztal","article_modified_time":"2026-03-16T13:01:39+00:00","og_image":[{"width":500,"height":500,"url":"https:\/\/dev.klb-koetztal.de\/app\/uploads\/2022\/03\/PU5580.jpg","type":"image\/jpeg"}],"twitter_card":"summary_large_image","schema":{"@context":"https:\/\/schema.org","@graph":[{"@type":"WebPage","@id":"https:\/\/dev.klb-koetztal.de\/en\/produkt\/car-park-surface-protection-system-klb-system-polyurea-pu-5580\/","url":"https:\/\/dev.klb-koetztal.de\/en\/produkt\/car-park-surface-protection-system-klb-system-polyurea-pu-5580\/","name":"Coloured, flexibilised 2-comp. top sealer PU 5580 | KLB K\u00f6tztal","isPartOf":{"@id":"https:\/\/dev.klb-koetztal.de\/en\/#website"},"primaryImageOfPage":{"@id":"https:\/\/dev.klb-koetztal.de\/en\/produkt\/car-park-surface-protection-system-klb-system-polyurea-pu-5580\/#primaryimage"},"image":{"@id":"https:\/\/dev.klb-koetztal.de\/en\/produkt\/car-park-surface-protection-system-klb-system-polyurea-pu-5580\/#primaryimage"},"thumbnailUrl":"https:\/\/dev.klb-koetztal.de\/app\/uploads\/2022\/03\/PU5580.jpg","datePublished":"2023-07-05T09:40:04+00:00","dateModified":"2026-03-16T13:01:39+00:00","description":"Solvent-free, flexible, light and chalking-resistant top sealer PU 5580 | KLB commercial floors \u2714\ufe0f for surface protection system OS 11a\/b or OS 14","breadcrumb":{"@id":"https:\/\/dev.klb-koetztal.de\/en\/produkt\/car-park-surface-protection-system-klb-system-polyurea-pu-5580\/#breadcrumb"},"inLanguage":"en-GB","potentialAction":[{"@type":"ReadAction","target":["https:\/\/dev.klb-koetztal.de\/en\/produkt\/car-park-surface-protection-system-klb-system-polyurea-pu-5580\/"]}]},{"@type":"ImageObject","inLanguage":"en-GB","@id":"https:\/\/dev.klb-koetztal.de\/en\/produkt\/car-park-surface-protection-system-klb-system-polyurea-pu-5580\/#primaryimage","url":"https:\/\/dev.klb-koetztal.de\/app\/uploads\/2022\/03\/PU5580.jpg","contentUrl":"https:\/\/dev.klb-koetztal.de\/app\/uploads\/2022\/03\/PU5580.jpg","width":500,"height":500},{"@type":"BreadcrumbList","@id":"https:\/\/dev.klb-koetztal.de\/en\/produkt\/car-park-surface-protection-system-klb-system-polyurea-pu-5580\/#breadcrumb","itemListElement":[{"@type":"ListItem","position":1,"name":"Startseite","item":"https:\/\/dev.klb-koetztal.de\/en\/"},{"@type":"ListItem","position":2,"name":"CAR PARK surface protection system KLB-SYSTEM POLYUREA PU 5580"}]},{"@type":"WebSite","@id":"https:\/\/dev.klb-koetztal.de\/en\/#website","url":"https:\/\/dev.klb-koetztal.de\/en\/","name":"KLB K\u00f6tztal","description":"Gute B\u00f6den haben ein System.","potentialAction":[{"@type":"SearchAction","target":{"@type":"EntryPoint","urlTemplate":"https:\/\/dev.klb-koetztal.de\/en\/?s={search_term_string}"},"query-input":{"@type":"PropertyValueSpecification","valueRequired":true,"valueName":"search_term_string"}}],"inLanguage":"en-GB"}]}},"_links":{"self":[{"href":"https:\/\/dev.klb-koetztal.de\/en\/wp-json\/wp\/v2\/product\/57285","targetHints":{"allow":["GET"]}}],"collection":[{"href":"https:\/\/dev.klb-koetztal.de\/en\/wp-json\/wp\/v2\/product"}],"about":[{"href":"https:\/\/dev.klb-koetztal.de\/en\/wp-json\/wp\/v2\/types\/product"}],"wp:featuredmedia":[{"embeddable":true,"href":"https:\/\/dev.klb-koetztal.de\/en\/wp-json\/wp\/v2\/media\/49807"}],"wp:attachment":[{"href":"https:\/\/dev.klb-koetztal.de\/en\/wp-json\/wp\/v2\/media?parent=57285"}],"wp:term":[{"taxonomy":"product_brand","embeddable":true,"href":"https:\/\/dev.klb-koetztal.de\/en\/wp-json\/wp\/v2\/product_brand?post=57285"},{"taxonomy":"product_cat","embeddable":true,"href":"https:\/\/dev.klb-koetztal.de\/en\/wp-json\/wp\/v2\/product_cat?post=57285"},{"taxonomy":"product_tag","embeddable":true,"href":"https:\/\/dev.klb-koetztal.de\/en\/wp-json\/wp\/v2\/product_tag?post=57285"}],"curies":[{"name":"wp","href":"https:\/\/api.w.org\/{rel}","templated":true}]}}