{"id":56376,"date":"2023-05-16T17:40:13","date_gmt":"2023-05-16T15:40:13","guid":{"rendered":"https:\/\/www.klb-koetztal.de\/produkt\/klb-system-ac-add-25\/"},"modified":"2026-03-16T14:01:19","modified_gmt":"2026-03-16T13:01:19","slug":"klb-system-ac-add-25","status":"publish","type":"product","link":"https:\/\/dev.klb-koetztal.de\/en\/produkt\/klb-system-ac-add-25\/","title":{"rendered":"KLB-SYSTEM AC-ADD 25"},"content":{"rendered":"","protected":false},"excerpt":{"rendered":"<p>AC-ADD 25&#160;is an additive for optimising the adhesion of AC 20 on ceramic coverings and on metals. AC-ADD 25&#160;is mixed into the AC 20 primer at 10% by weight before the hardener is added to ensure&#160;optimum adhesion to the substrate. Must be mixed thoroughly before adding the hardener.<\/p>\n","protected":false},"featured_media":0,"template":"","meta":{"_acf_changed":false},"product_brand":[],"product_cat":[9607,9655,9609,9657],"product_tag":[],"class_list":{"0":"post-56376","1":"product","2":"type-product","3":"status-publish","5":"product_cat-primers","6":"product_cat-pmma-primers","7":"product_cat-coatings","8":"product_cat-pmma-coatings-and-top-sealer","10":"first","11":"instock","12":"shipping-taxable","13":"product-type-simple"},"acf":{"product_header":{"module_product_header":{"":null,"prototype_headline":{"headline":"KLB-SYSTEM AC-ADD 25","h1":true,"subheadline":"Adhesion additive for PMMA primers on ceramic or metal&#160;substrates","anchor":"","url":""},"grid_text_slider":false,"grid_text_content":[{"text":"<p class=\"product-short-title\" style=\"text-align: center;\"><strong>Brief description<\/strong><\/p>\n<p>AC-ADD 25&#160;is an additive for optimising the adhesion of AC 20 on ceramic coverings and on metals. AC-ADD 25&#160;is mixed into the AC 20 primer at 10% by weight before the hardener is added to ensure&#160;optimum adhesion to the substrate. Must be mixed thoroughly before adding the hardener.<\/p>\n","width":"4","background_color_text":"bg-white","border_color":"border-gray-light"},{"text":"<p class=\"product-sicing-title\" style=\"text-align: center;\"><strong>Packaging units<\/strong><\/p>\n<ul>\n<li>MA0038-90 &#8211; Bottle 1.00 kg<\/li>\n<li>MA0038-70 &#8211; Canister 10.00 kg<\/li>\n<\/ul>\n<p><\/p>\n<p>Please do not hesitate to contact us directly for enquiries about larger delivery quantities or packaging units.<\/p>\n\n","width":"4","background_color_text":"bg-white","border_color":"border-gray-light"},{"text":"<p class=\"product-attr-title\" style=\"text-align: center;\"><strong>Properties<\/strong><\/p>\n<ul>\n<li>cures at low temperatures<\/li>\n<li>very high adhesion<\/li>\n<\/ul>\n","width":"4","background_color_text":"bg-white","border_color":"border-gray-light"}],"background_color":"bg-none","background_color_content":"bg-none"}},"downloads":{"module_download_list":{"inhalt":null,"downloads":[{"download":{"ID":56382,"id":56382,"title":"ADD_25_PI_en_2023_05","filename":"ADD_25_PI_en_2023_05.pdf","filesize":165367,"url":"https:\/\/dev.klb-koetztal.de\/app\/uploads\/2023\/05\/ADD_25_PI_en_2023_05.pdf","link":"https:\/\/dev.klb-koetztal.de\/en\/?attachment_id=56382","alt":"","author":"7","description":"","caption":"","name":"add_25_pi_en_2023_05-2","status":"inherit","uploaded_to":0,"date":"2023-05-16 15:40:16","modified":"2023-05-16 15:40:16","menu_order":0,"mime_type":"application\/pdf","type":"application","subtype":"pdf","icon":"https:\/\/dev.klb-koetztal.de\/wp\/wp-includes\/images\/media\/document.png"},"filename":"Product Information","protected":false,"doclang":"GB","externalkey":"Produktinformation","docpos":"2"},{"download":{"ID":56385,"id":56385,"title":"ADD_25_PI_fr_2023_05","filename":"ADD_25_PI_fr_2023_05.pdf","filesize":166747,"url":"https:\/\/dev.klb-koetztal.de\/app\/uploads\/2023\/05\/ADD_25_PI_fr_2023_05.pdf","link":"https:\/\/dev.klb-koetztal.de\/en\/?attachment_id=56385","alt":"","author":"7","description":"","caption":"","name":"add_25_pi_fr_2023_05-2","status":"inherit","uploaded_to":0,"date":"2023-05-16 15:40:17","modified":"2023-05-16 15:40:17","menu_order":0,"mime_type":"application\/pdf","type":"application","subtype":"pdf","icon":"https:\/\/dev.klb-koetztal.de\/wp\/wp-includes\/images\/media\/document.png"},"filename":"Information Produit FR","protected":false,"doclang":"FR","externalkey":"Produktinformation","docpos":"3"},{"download":false,"filename":"Safety data sheet","protected":true,"doclang":"GB","externalkey":"Sicherheitsdatenblatt","docpos":"2"},{"download":false,"filename":"Fiche de donn\u00e9es de s\u00e9curit\u00e9 FR","protected":true,"doclang":"FR","externalkey":"Sicherheitsdatenblatt","docpos":"3"}],"einstellungen":null,"background_color":"bg-none","background_color_content":"bg-none"}},"included_in_systems":{"module_included_in_systems":{"":null,"background_color":"bg-gray-medium","background_color_content":"bg-none"}},"contact":{"module_contact":{"":null,"background_color":"bg-none","background_color_content":"bg-none"}},"ausschreibende":{"module_ausschreibende":{"andern_sie_den_inhalt_unter_universelle_elemente":null,"background_color":"bg-none","background_color_content":"bg-none"}}},"yoast_head":"<!-- This site is optimized with the Yoast SEO plugin v27.0 - https:\/\/yoast.com\/product\/yoast-seo-wordpress\/ -->\n<title>KLB-SYSTEM AC-ADD 25<\/title>\n<meta name=\"description\" content=\"Adhesion-improving additive AC-ADD 25 | KLB reactive resin floor coating \u2714\ufe0fto improve adhesion of AC 20 on ceramic coverings and metals\" \/>\n<meta name=\"robots\" content=\"noindex, follow, max-snippet:-1, max-image-preview:large, max-video-preview:-1\" \/>\n<meta property=\"og:locale\" content=\"en_GB\" \/>\n<meta property=\"og:type\" content=\"article\" \/>\n<meta property=\"og:title\" content=\"KLB-SYSTEM AC-ADD 25\" \/>\n<meta property=\"og:description\" content=\"Adhesion-improving additive AC-ADD 25 | KLB reactive resin floor coating \u2714\ufe0fto improve adhesion of AC 20 on ceramic coverings and metals\" \/>\n<meta property=\"og:url\" content=\"https:\/\/dev.klb-koetztal.de\/en\/produkt\/klb-system-ac-add-25\/\" \/>\n<meta property=\"og:site_name\" content=\"KLB K\u00f6tztal\" \/>\n<meta property=\"article:publisher\" content=\"https:\/\/www.facebook.com\/klbkoetztal\" \/>\n<meta property=\"article:modified_time\" content=\"2026-03-16T13:01:19+00:00\" \/>\n<meta name=\"twitter:card\" content=\"summary_large_image\" \/>\n<script type=\"application\/ld+json\" class=\"yoast-schema-graph\">{\"@context\":\"https:\/\/schema.org\",\"@graph\":[{\"@type\":\"WebPage\",\"@id\":\"https:\/\/dev.klb-koetztal.de\/en\/produkt\/klb-system-ac-add-25\/\",\"url\":\"https:\/\/dev.klb-koetztal.de\/en\/produkt\/klb-system-ac-add-25\/\",\"name\":\"KLB-SYSTEM AC-ADD 25\",\"isPartOf\":{\"@id\":\"https:\/\/dev.klb-koetztal.de\/en\/#website\"},\"datePublished\":\"2023-05-16T15:40:13+00:00\",\"dateModified\":\"2026-03-16T13:01:19+00:00\",\"description\":\"Adhesion-improving additive AC-ADD 25 | KLB reactive resin floor coating \u2714\ufe0fto improve adhesion of AC 20 on ceramic coverings and metals\",\"breadcrumb\":{\"@id\":\"https:\/\/dev.klb-koetztal.de\/en\/produkt\/klb-system-ac-add-25\/#breadcrumb\"},\"inLanguage\":\"en-GB\",\"potentialAction\":[{\"@type\":\"ReadAction\",\"target\":[\"https:\/\/dev.klb-koetztal.de\/en\/produkt\/klb-system-ac-add-25\/\"]}]},{\"@type\":\"BreadcrumbList\",\"@id\":\"https:\/\/dev.klb-koetztal.de\/en\/produkt\/klb-system-ac-add-25\/#breadcrumb\",\"itemListElement\":[{\"@type\":\"ListItem\",\"position\":1,\"name\":\"Startseite\",\"item\":\"https:\/\/dev.klb-koetztal.de\/en\/\"},{\"@type\":\"ListItem\",\"position\":2,\"name\":\"KLB-SYSTEM AC-ADD 25\"}]},{\"@type\":\"WebSite\",\"@id\":\"https:\/\/dev.klb-koetztal.de\/en\/#website\",\"url\":\"https:\/\/dev.klb-koetztal.de\/en\/\",\"name\":\"KLB K\u00f6tztal\",\"description\":\"Gute B\u00f6den haben ein System.\",\"potentialAction\":[{\"@type\":\"SearchAction\",\"target\":{\"@type\":\"EntryPoint\",\"urlTemplate\":\"https:\/\/dev.klb-koetztal.de\/en\/?s={search_term_string}\"},\"query-input\":{\"@type\":\"PropertyValueSpecification\",\"valueRequired\":true,\"valueName\":\"search_term_string\"}}],\"inLanguage\":\"en-GB\"}]}<\/script>\n<!-- \/ Yoast SEO plugin. -->","yoast_head_json":{"title":"KLB-SYSTEM AC-ADD 25","description":"Adhesion-improving additive AC-ADD 25 | KLB reactive resin floor coating \u2714\ufe0fto improve adhesion of AC 20 on ceramic coverings and metals","robots":{"index":"noindex","follow":"follow","max-snippet":"max-snippet:-1","max-image-preview":"max-image-preview:large","max-video-preview":"max-video-preview:-1"},"og_locale":"en_GB","og_type":"article","og_title":"KLB-SYSTEM AC-ADD 25","og_description":"Adhesion-improving additive AC-ADD 25 | KLB reactive resin floor coating \u2714\ufe0fto improve adhesion of AC 20 on ceramic coverings and metals","og_url":"https:\/\/dev.klb-koetztal.de\/en\/produkt\/klb-system-ac-add-25\/","og_site_name":"KLB K\u00f6tztal","article_publisher":"https:\/\/www.facebook.com\/klbkoetztal","article_modified_time":"2026-03-16T13:01:19+00:00","twitter_card":"summary_large_image","schema":{"@context":"https:\/\/schema.org","@graph":[{"@type":"WebPage","@id":"https:\/\/dev.klb-koetztal.de\/en\/produkt\/klb-system-ac-add-25\/","url":"https:\/\/dev.klb-koetztal.de\/en\/produkt\/klb-system-ac-add-25\/","name":"KLB-SYSTEM AC-ADD 25","isPartOf":{"@id":"https:\/\/dev.klb-koetztal.de\/en\/#website"},"datePublished":"2023-05-16T15:40:13+00:00","dateModified":"2026-03-16T13:01:19+00:00","description":"Adhesion-improving additive AC-ADD 25 | KLB reactive resin floor coating \u2714\ufe0fto improve adhesion of AC 20 on ceramic coverings and metals","breadcrumb":{"@id":"https:\/\/dev.klb-koetztal.de\/en\/produkt\/klb-system-ac-add-25\/#breadcrumb"},"inLanguage":"en-GB","potentialAction":[{"@type":"ReadAction","target":["https:\/\/dev.klb-koetztal.de\/en\/produkt\/klb-system-ac-add-25\/"]}]},{"@type":"BreadcrumbList","@id":"https:\/\/dev.klb-koetztal.de\/en\/produkt\/klb-system-ac-add-25\/#breadcrumb","itemListElement":[{"@type":"ListItem","position":1,"name":"Startseite","item":"https:\/\/dev.klb-koetztal.de\/en\/"},{"@type":"ListItem","position":2,"name":"KLB-SYSTEM AC-ADD 25"}]},{"@type":"WebSite","@id":"https:\/\/dev.klb-koetztal.de\/en\/#website","url":"https:\/\/dev.klb-koetztal.de\/en\/","name":"KLB K\u00f6tztal","description":"Gute B\u00f6den haben ein System.","potentialAction":[{"@type":"SearchAction","target":{"@type":"EntryPoint","urlTemplate":"https:\/\/dev.klb-koetztal.de\/en\/?s={search_term_string}"},"query-input":{"@type":"PropertyValueSpecification","valueRequired":true,"valueName":"search_term_string"}}],"inLanguage":"en-GB"}]}},"_links":{"self":[{"href":"https:\/\/dev.klb-koetztal.de\/en\/wp-json\/wp\/v2\/product\/56376","targetHints":{"allow":["GET"]}}],"collection":[{"href":"https:\/\/dev.klb-koetztal.de\/en\/wp-json\/wp\/v2\/product"}],"about":[{"href":"https:\/\/dev.klb-koetztal.de\/en\/wp-json\/wp\/v2\/types\/product"}],"wp:attachment":[{"href":"https:\/\/dev.klb-koetztal.de\/en\/wp-json\/wp\/v2\/media?parent=56376"}],"wp:term":[{"taxonomy":"product_brand","embeddable":true,"href":"https:\/\/dev.klb-koetztal.de\/en\/wp-json\/wp\/v2\/product_brand?post=56376"},{"taxonomy":"product_cat","embeddable":true,"href":"https:\/\/dev.klb-koetztal.de\/en\/wp-json\/wp\/v2\/product_cat?post=56376"},{"taxonomy":"product_tag","embeddable":true,"href":"https:\/\/dev.klb-koetztal.de\/en\/wp-json\/wp\/v2\/product_tag?post=56376"}],"curies":[{"name":"wp","href":"https:\/\/api.w.org\/{rel}","templated":true}]}}