{"id":56213,"date":"2023-05-05T15:08:42","date_gmt":"2023-05-05T13:08:42","guid":{"rendered":"https:\/\/www.klb-koetztal.de\/produkt\/chemoresin-cr-920-el\/"},"modified":"2026-02-25T11:38:11","modified_gmt":"2026-02-25T10:38:11","slug":"chemoresin-cr-920-el","status":"publish","type":"product","link":"https:\/\/dev.klb-koetztal.de\/en\/produkt\/chemoresin-cr-920-el\/","title":{"rendered":"CHEMORESIN CR 920 EL+"},"content":{"rendered":"","protected":false},"excerpt":{"rendered":"<p>CHEMORESIN CR 920 EL+ is an&#160;innovative, electrically conductive&#160;2-component reactive resin self-levelling coating based on a special polyurethane with significantly higher chemical resistance than conventional epoxy resin or polyurethane coatings.<br \/>\nIt is&#160;used to produce smooth coatings on floor surfaces in the chemical or pharmaceutical industries, in biotechnology, in electroplating plants, paint shops, and&#160;many other areas.&#160;Existing coverings of epoxy resin or PU-concrete can be given a top coat of&#160;CHEMORESIN CR 920 EL+&#160;after the necessary surface preparation.&#160;Seek advice if required!<br \/>\nThe cured electrically conductive coating is particularly suitable for preventing static charge in commercial and industrial areas with special&#160;requirements to explosion protection.<br \/>\nCHEMORESIN&#160;coatings are special technical coatings and are not intended to provide a decorative appearance!<\/p>\n","protected":false},"featured_media":62083,"template":"","meta":{"_acf_changed":false},"product_brand":[],"product_cat":[8674,9612,9609,9636],"product_tag":[],"class_list":{"0":"post-56213","1":"product","2":"type-product","3":"status-publish","4":"has-post-thumbnail","6":"product_cat-chemoresin-2","7":"product_cat-primers-and-coatings-resistant-to-chemicals","8":"product_cat-coatings","9":"product_cat-conductive-coatings-personal-and-explosion-protection","11":"first","12":"instock","13":"shipping-taxable","14":"product-type-simple"},"acf":{"product_header":{"module_product_header":{"":null,"prototype_headline":{"headline":"CHEMORESIN CR 920 EL+","h1":true,"subheadline":"Electrically conductive 2-component reactive resin self-levelling coating on the basis of a special polyurethane with high chemical resistance","anchor":"","url":""},"grid_text_slider":false,"grid_text_content":[{"text":"<p class=\"product-short-title\" style=\"text-align: center;\"><strong>Brief description<\/strong><\/p>\n<p><strong>CHEMORESIN CR 920 EL+<\/strong> is an&#160;innovative, electrically conductive&#160;2-component reactive resin self-levelling coating based on a special polyurethane with significantly higher chemical resistance than conventional epoxy resin or polyurethane coatings.<\/p>\n<p>It is&#160;used to produce smooth coatings on floor surfaces in the chemical or pharmaceutical industries, in biotechnology, in electroplating plants, paint shops, and&#160;many other areas.&#160;Existing coverings of epoxy resin or PU-concrete can be given a top coat of&#160;<strong>CHEMORESIN CR 920 EL+<\/strong>&#160;after the necessary surface preparation.&#160;Seek advice if required!<\/p>\n<p>The cured electrically conductive coating is particularly suitable for preventing static charge in commercial and industrial areas with special&#160;requirements to explosion protection.<\/p>\n<p><strong>CHEMORESIN&#160;<\/strong>coatings are special technical coatings and are not intended to provide a decorative appearance!<\/p>\n","width":"4","background_color_text":"bg-white","border_color":"border-gray-light"},{"text":"<p class=\"product-sicing-title\" style=\"text-align: center;\"><strong>Packaging units<\/strong><\/p>\n<ul>\n<li>AK2006-50 &#8211; Bucket combo 10.00 kg<\/li>\n<li>AK2006-25 &#8211; Hobbock combo 22.00 kg<\/li>\n<\/ul>\n<p><\/p>\n<p>Please do not hesitate to contact us directly for enquiries about larger delivery quantities or packaging units.<\/p>\n\n","width":"4","background_color_text":"bg-white","border_color":"border-gray-light"},{"text":"<p class=\"product-attr-title\" style=\"text-align: center;\"><strong>Properties<\/strong><\/p>\n<ul>\n<li>electrically conductive for explosion protection<\/li>\n<li>high chemical resistance<\/li>\n<li>good processing properties<\/li>\n<li>novel combination for technical applications<\/li>\n<li>consistent to hydrolysis and saponification<\/li>\n<li>resistant to abrasion and wear<\/li>\n<li>high mechanical resistance<\/li>\n<\/ul>\n","width":"4","background_color_text":"bg-white","border_color":"border-gray-light"}],"background_color":"bg-none","background_color_content":"bg-none"}},"downloads":{"module_download_list":{"inhalt":null,"downloads":[{"download":{"ID":65040,"id":65040,"title":"CR_920_ELplus_PI_en_2025_04","filename":"CR_920_ELplus_PI_en_2025_04.pdf","filesize":368149,"url":"https:\/\/dev.klb-koetztal.de\/app\/uploads\/2025\/04\/CR_920_ELplus_PI_en_2025_04.pdf","link":"https:\/\/dev.klb-koetztal.de\/en\/?attachment_id=65040","alt":"","author":"7","description":"","caption":"","name":"cr_920_elplus_pi_en_2025_04-2","status":"inherit","uploaded_to":0,"date":"2025-04-22 06:50:43","modified":"2025-04-22 06:50:43","menu_order":0,"mime_type":"application\/pdf","type":"application","subtype":"pdf","icon":"https:\/\/dev.klb-koetztal.de\/wp\/wp-includes\/images\/media\/document.png"},"filename":"Product information","protected":false,"doclang":"GB","externalkey":"Produktinformation","docpos":"2"},{"download":{"ID":65043,"id":65043,"title":"CR_920_ELplus_PI_fr_2025_04","filename":"CR_920_ELplus_PI_fr_2025_04.pdf","filesize":372118,"url":"https:\/\/dev.klb-koetztal.de\/app\/uploads\/2025\/04\/CR_920_ELplus_PI_fr_2025_04.pdf","link":"https:\/\/dev.klb-koetztal.de\/en\/?attachment_id=65043","alt":"","author":"7","description":"","caption":"","name":"cr_920_elplus_pi_fr_2025_04-2","status":"inherit","uploaded_to":0,"date":"2025-04-22 06:50:45","modified":"2025-04-22 06:50:45","menu_order":0,"mime_type":"application\/pdf","type":"application","subtype":"pdf","icon":"https:\/\/dev.klb-koetztal.de\/wp\/wp-includes\/images\/media\/document.png"},"filename":"Information produit","protected":false,"doclang":"FR","externalkey":"Produktinformation","docpos":"3"},{"download":{"ID":62590,"id":62590,"title":"CR_920_ELplus_LE_en_2024_08","filename":"CR_920_ELplus_LE_en_2024_08.pdf","filesize":168347,"url":"https:\/\/dev.klb-koetztal.de\/app\/uploads\/2024\/08\/CR_920_ELplus_LE_en_2024_08.pdf","link":"https:\/\/dev.klb-koetztal.de\/en\/?attachment_id=62590","alt":"","author":"7","description":"","caption":"","name":"cr_920_elplus_le_en_2024_08-2","status":"inherit","uploaded_to":0,"date":"2024-08-09 12:30:13","modified":"2024-08-09 12:30:13","menu_order":0,"mime_type":"application\/pdf","type":"application","subtype":"pdf","icon":"https:\/\/dev.klb-koetztal.de\/wp\/wp-includes\/images\/media\/document.png"},"filename":"Statement of performance","protected":false,"doclang":"GB","externalkey":"Leistungserklaerung","docpos":"2"},{"download":{"ID":62593,"id":62593,"title":"CR_920_ELplus_LE_fr_2024_08","filename":"CR_920_ELplus_LE_fr_2024_08.pdf","filesize":168376,"url":"https:\/\/dev.klb-koetztal.de\/app\/uploads\/2024\/08\/CR_920_ELplus_LE_fr_2024_08.pdf","link":"https:\/\/dev.klb-koetztal.de\/en\/?attachment_id=62593","alt":"","author":"7","description":"","caption":"","name":"cr_920_elplus_le_fr_2024_08-2","status":"inherit","uploaded_to":0,"date":"2024-08-09 12:30:14","modified":"2024-08-09 12:30:14","menu_order":0,"mime_type":"application\/pdf","type":"application","subtype":"pdf","icon":"https:\/\/dev.klb-koetztal.de\/wp\/wp-includes\/images\/media\/document.png"},"filename":"Declaration of performance","protected":false,"doclang":"FR","externalkey":"Leistungserklaerung","docpos":"3"},{"download":{"ID":56176,"id":56176,"title":"CR920_EL_plus_Umwelt-Deklaration_2023-04","filename":"CR920_EL_plus_Umwelt-Deklaration_2023-04.pdf","filesize":2560394,"url":"https:\/\/dev.klb-koetztal.de\/app\/uploads\/2023\/05\/CR920_EL_plus_Umwelt-Deklaration_2023-04.pdf","link":"https:\/\/dev.klb-koetztal.de\/en\/?attachment_id=56176","alt":"","author":"7","description":"","caption":"","name":"cr920_el_plus_umwelt-deklaration_2023-04-2","status":"inherit","uploaded_to":0,"date":"2023-05-05 11:33:49","modified":"2023-05-05 11:33:49","menu_order":0,"mime_type":"application\/pdf","type":"application","subtype":"pdf","icon":"https:\/\/dev.klb-koetztal.de\/wp\/wp-includes\/images\/media\/document.png"},"filename":"EPD - Environmental Product Declaration","protected":false,"doclang":"Multi","externalkey":"Umweltproduktdeklaration","docpos":"50"},{"download":false,"filename":"Safety data sheet","protected":true,"doclang":"GB","externalkey":"Sicherheitsdatenblatt","docpos":"2"},{"download":false,"filename":"Fiche de donn\u00e9es de s\u00e9curit\u00e9 FR","protected":true,"doclang":"FR","externalkey":"Sicherheitsdatenblatt","docpos":"3"}],"einstellungen":null,"background_color":"bg-none","background_color_content":"bg-none"}},"included_in_systems":{"module_included_in_systems":{"":null,"background_color":"bg-gray-medium","background_color_content":"bg-none"}},"contact":{"module_contact":{"":null,"background_color":"bg-none","background_color_content":"bg-none"}},"ausschreibende":{"module_ausschreibende":{"andern_sie_den_inhalt_unter_universelle_elemente":null,"background_color":"bg-none","background_color_content":"bg-none"}}},"yoast_head":"<!-- This site is optimized with the Yoast SEO plugin v27.0 - https:\/\/yoast.com\/product\/yoast-seo-wordpress\/ -->\n<title>Chemical-resistant, conductive CHEMORESIN CR 920 EL+ | KLB<\/title>\n<meta name=\"description\" content=\"Electrically conductive 2-comp. polyurethane coating for producing highly chemically stable coverings \u2714\ufe0f resistant to acids or bases, EX protection\" \/>\n<meta name=\"robots\" content=\"noindex, follow, max-snippet:-1, max-image-preview:large, max-video-preview:-1\" \/>\n<meta property=\"og:locale\" content=\"en_GB\" \/>\n<meta property=\"og:type\" content=\"article\" \/>\n<meta property=\"og:title\" content=\"Chemical-resistant, conductive CHEMORESIN CR 920 EL+ | KLB\" \/>\n<meta property=\"og:description\" content=\"Electrically conductive 2-comp. polyurethane coating for producing highly chemically stable coverings \u2714\ufe0f resistant to acids or bases, EX protection\" \/>\n<meta property=\"og:url\" content=\"https:\/\/dev.klb-koetztal.de\/en\/produkt\/chemoresin-cr-920-el\/\" \/>\n<meta property=\"og:site_name\" content=\"KLB K\u00f6tztal\" \/>\n<meta property=\"article:publisher\" content=\"https:\/\/www.facebook.com\/klbkoetztal\" \/>\n<meta property=\"article:modified_time\" content=\"2026-02-25T10:38:11+00:00\" \/>\n<meta property=\"og:image\" content=\"https:\/\/dev.klb-koetztal.de\/app\/uploads\/2024\/06\/CR_920_EL_600px_Kombi_KLB_Koetztal_CHEMORESIN.jpg\" \/>\n\t<meta property=\"og:image:width\" content=\"600\" \/>\n\t<meta property=\"og:image:height\" content=\"600\" \/>\n\t<meta property=\"og:image:type\" content=\"image\/jpeg\" \/>\n<meta name=\"twitter:card\" content=\"summary_large_image\" \/>\n<script type=\"application\/ld+json\" class=\"yoast-schema-graph\">{\"@context\":\"https:\/\/schema.org\",\"@graph\":[{\"@type\":\"WebPage\",\"@id\":\"https:\/\/dev.klb-koetztal.de\/en\/produkt\/chemoresin-cr-920-el\/\",\"url\":\"https:\/\/dev.klb-koetztal.de\/en\/produkt\/chemoresin-cr-920-el\/\",\"name\":\"Chemical-resistant, conductive CHEMORESIN CR 920 EL+ | KLB\",\"isPartOf\":{\"@id\":\"https:\/\/dev.klb-koetztal.de\/en\/#website\"},\"primaryImageOfPage\":{\"@id\":\"https:\/\/dev.klb-koetztal.de\/en\/produkt\/chemoresin-cr-920-el\/#primaryimage\"},\"image\":{\"@id\":\"https:\/\/dev.klb-koetztal.de\/en\/produkt\/chemoresin-cr-920-el\/#primaryimage\"},\"thumbnailUrl\":\"https:\/\/dev.klb-koetztal.de\/app\/uploads\/2024\/06\/CR_920_EL_600px_Kombi_KLB_Koetztal_CHEMORESIN.jpg\",\"datePublished\":\"2023-05-05T13:08:42+00:00\",\"dateModified\":\"2026-02-25T10:38:11+00:00\",\"description\":\"Electrically conductive 2-comp. polyurethane coating for producing highly chemically stable coverings \u2714\ufe0f resistant to acids or bases, EX protection\",\"breadcrumb\":{\"@id\":\"https:\/\/dev.klb-koetztal.de\/en\/produkt\/chemoresin-cr-920-el\/#breadcrumb\"},\"inLanguage\":\"en-GB\",\"potentialAction\":[{\"@type\":\"ReadAction\",\"target\":[\"https:\/\/dev.klb-koetztal.de\/en\/produkt\/chemoresin-cr-920-el\/\"]}]},{\"@type\":\"ImageObject\",\"inLanguage\":\"en-GB\",\"@id\":\"https:\/\/dev.klb-koetztal.de\/en\/produkt\/chemoresin-cr-920-el\/#primaryimage\",\"url\":\"https:\/\/dev.klb-koetztal.de\/app\/uploads\/2024\/06\/CR_920_EL_600px_Kombi_KLB_Koetztal_CHEMORESIN.jpg\",\"contentUrl\":\"https:\/\/dev.klb-koetztal.de\/app\/uploads\/2024\/06\/CR_920_EL_600px_Kombi_KLB_Koetztal_CHEMORESIN.jpg\",\"width\":600,\"height\":600},{\"@type\":\"BreadcrumbList\",\"@id\":\"https:\/\/dev.klb-koetztal.de\/en\/produkt\/chemoresin-cr-920-el\/#breadcrumb\",\"itemListElement\":[{\"@type\":\"ListItem\",\"position\":1,\"name\":\"Startseite\",\"item\":\"https:\/\/dev.klb-koetztal.de\/en\/\"},{\"@type\":\"ListItem\",\"position\":2,\"name\":\"CHEMORESIN CR 920 EL+\"}]},{\"@type\":\"WebSite\",\"@id\":\"https:\/\/dev.klb-koetztal.de\/en\/#website\",\"url\":\"https:\/\/dev.klb-koetztal.de\/en\/\",\"name\":\"KLB K\u00f6tztal\",\"description\":\"Gute B\u00f6den haben ein System.\",\"potentialAction\":[{\"@type\":\"SearchAction\",\"target\":{\"@type\":\"EntryPoint\",\"urlTemplate\":\"https:\/\/dev.klb-koetztal.de\/en\/?s={search_term_string}\"},\"query-input\":{\"@type\":\"PropertyValueSpecification\",\"valueRequired\":true,\"valueName\":\"search_term_string\"}}],\"inLanguage\":\"en-GB\"}]}<\/script>\n<!-- \/ Yoast SEO plugin. -->","yoast_head_json":{"title":"Chemical-resistant, conductive CHEMORESIN CR 920 EL+ | KLB","description":"Electrically conductive 2-comp. polyurethane coating for producing highly chemically stable coverings \u2714\ufe0f resistant to acids or bases, EX protection","robots":{"index":"noindex","follow":"follow","max-snippet":"max-snippet:-1","max-image-preview":"max-image-preview:large","max-video-preview":"max-video-preview:-1"},"og_locale":"en_GB","og_type":"article","og_title":"Chemical-resistant, conductive CHEMORESIN CR 920 EL+ | KLB","og_description":"Electrically conductive 2-comp. polyurethane coating for producing highly chemically stable coverings \u2714\ufe0f resistant to acids or bases, EX protection","og_url":"https:\/\/dev.klb-koetztal.de\/en\/produkt\/chemoresin-cr-920-el\/","og_site_name":"KLB K\u00f6tztal","article_publisher":"https:\/\/www.facebook.com\/klbkoetztal","article_modified_time":"2026-02-25T10:38:11+00:00","og_image":[{"width":600,"height":600,"url":"https:\/\/dev.klb-koetztal.de\/app\/uploads\/2024\/06\/CR_920_EL_600px_Kombi_KLB_Koetztal_CHEMORESIN.jpg","type":"image\/jpeg"}],"twitter_card":"summary_large_image","schema":{"@context":"https:\/\/schema.org","@graph":[{"@type":"WebPage","@id":"https:\/\/dev.klb-koetztal.de\/en\/produkt\/chemoresin-cr-920-el\/","url":"https:\/\/dev.klb-koetztal.de\/en\/produkt\/chemoresin-cr-920-el\/","name":"Chemical-resistant, conductive CHEMORESIN CR 920 EL+ | KLB","isPartOf":{"@id":"https:\/\/dev.klb-koetztal.de\/en\/#website"},"primaryImageOfPage":{"@id":"https:\/\/dev.klb-koetztal.de\/en\/produkt\/chemoresin-cr-920-el\/#primaryimage"},"image":{"@id":"https:\/\/dev.klb-koetztal.de\/en\/produkt\/chemoresin-cr-920-el\/#primaryimage"},"thumbnailUrl":"https:\/\/dev.klb-koetztal.de\/app\/uploads\/2024\/06\/CR_920_EL_600px_Kombi_KLB_Koetztal_CHEMORESIN.jpg","datePublished":"2023-05-05T13:08:42+00:00","dateModified":"2026-02-25T10:38:11+00:00","description":"Electrically conductive 2-comp. polyurethane coating for producing highly chemically stable coverings \u2714\ufe0f resistant to acids or bases, EX protection","breadcrumb":{"@id":"https:\/\/dev.klb-koetztal.de\/en\/produkt\/chemoresin-cr-920-el\/#breadcrumb"},"inLanguage":"en-GB","potentialAction":[{"@type":"ReadAction","target":["https:\/\/dev.klb-koetztal.de\/en\/produkt\/chemoresin-cr-920-el\/"]}]},{"@type":"ImageObject","inLanguage":"en-GB","@id":"https:\/\/dev.klb-koetztal.de\/en\/produkt\/chemoresin-cr-920-el\/#primaryimage","url":"https:\/\/dev.klb-koetztal.de\/app\/uploads\/2024\/06\/CR_920_EL_600px_Kombi_KLB_Koetztal_CHEMORESIN.jpg","contentUrl":"https:\/\/dev.klb-koetztal.de\/app\/uploads\/2024\/06\/CR_920_EL_600px_Kombi_KLB_Koetztal_CHEMORESIN.jpg","width":600,"height":600},{"@type":"BreadcrumbList","@id":"https:\/\/dev.klb-koetztal.de\/en\/produkt\/chemoresin-cr-920-el\/#breadcrumb","itemListElement":[{"@type":"ListItem","position":1,"name":"Startseite","item":"https:\/\/dev.klb-koetztal.de\/en\/"},{"@type":"ListItem","position":2,"name":"CHEMORESIN CR 920 EL+"}]},{"@type":"WebSite","@id":"https:\/\/dev.klb-koetztal.de\/en\/#website","url":"https:\/\/dev.klb-koetztal.de\/en\/","name":"KLB K\u00f6tztal","description":"Gute B\u00f6den haben ein System.","potentialAction":[{"@type":"SearchAction","target":{"@type":"EntryPoint","urlTemplate":"https:\/\/dev.klb-koetztal.de\/en\/?s={search_term_string}"},"query-input":{"@type":"PropertyValueSpecification","valueRequired":true,"valueName":"search_term_string"}}],"inLanguage":"en-GB"}]}},"_links":{"self":[{"href":"https:\/\/dev.klb-koetztal.de\/en\/wp-json\/wp\/v2\/product\/56213","targetHints":{"allow":["GET"]}}],"collection":[{"href":"https:\/\/dev.klb-koetztal.de\/en\/wp-json\/wp\/v2\/product"}],"about":[{"href":"https:\/\/dev.klb-koetztal.de\/en\/wp-json\/wp\/v2\/types\/product"}],"wp:featuredmedia":[{"embeddable":true,"href":"https:\/\/dev.klb-koetztal.de\/en\/wp-json\/wp\/v2\/media\/62083"}],"wp:attachment":[{"href":"https:\/\/dev.klb-koetztal.de\/en\/wp-json\/wp\/v2\/media?parent=56213"}],"wp:term":[{"taxonomy":"product_brand","embeddable":true,"href":"https:\/\/dev.klb-koetztal.de\/en\/wp-json\/wp\/v2\/product_brand?post=56213"},{"taxonomy":"product_cat","embeddable":true,"href":"https:\/\/dev.klb-koetztal.de\/en\/wp-json\/wp\/v2\/product_cat?post=56213"},{"taxonomy":"product_tag","embeddable":true,"href":"https:\/\/dev.klb-koetztal.de\/en\/wp-json\/wp\/v2\/product_tag?post=56213"}],"curies":[{"name":"wp","href":"https:\/\/api.w.org\/{rel}","templated":true}]}}