{"id":56210,"date":"2023-05-05T15:08:37","date_gmt":"2023-05-05T13:08:37","guid":{"rendered":"https:\/\/www.klb-koetztal.de\/produkt\/klb-system-polyurea-pu-469\/"},"modified":"2026-03-16T14:19:29","modified_gmt":"2026-03-16T13:19:29","slug":"klb-system-polyurea-pu-469","status":"publish","type":"product","link":"https:\/\/dev.klb-koetztal.de\/en\/produkt\/klb-system-polyurea-pu-469\/","title":{"rendered":"KLB-SYSTEM POLYUREA PU 469"},"content":{"rendered":"","protected":false},"excerpt":{"rendered":"<p>Low-odour, coloured, elastic 2-component polyurea resin for scratch coats and as top sealer&#160;on block joints with fast curing.<\/p>\n","protected":false},"featured_media":56148,"template":"","meta":{"_acf_changed":false},"product_brand":[],"product_cat":[9605,9645,9621],"product_tag":[],"class_list":{"0":"post-56210","1":"product","2":"type-product","3":"status-publish","4":"has-post-thumbnail","6":"product_cat-ready-mixed-mortar-coving-resins-renovation-injection-and-joint-resins","7":"product_cat-joint-resins","8":"product_cat-sealers-impregnations","10":"first","11":"instock","12":"shipping-taxable","13":"product-type-simple"},"acf":{"product_header":{"module_product_header":{"":null,"prototype_headline":{"headline":"KLB-SYSTEM POLYUREA PU 469","h1":true,"subheadline":"Low-odour, coloured, elastic 2-component polyurea resin for scratch coats and top sealers on block joints","anchor":"","url":""},"grid_text_slider":false,"grid_text_content":[{"text":"<p class=\"product-short-title\" style=\"text-align: center;\"><strong>Brief description<\/strong><\/p>\n<p>Low-odour, coloured, elastic 2-component polyurea resin for scratch coats and as top sealer&#160;on block joints with fast curing.<\/p>\n","width":"4","background_color_text":"bg-white","border_color":"border-gray-light"},{"text":"<p class=\"product-sicing-title\" style=\"text-align: center;\"><strong>Packaging units<\/strong><\/p>\n<ul>\n<li>AK6179-70 &#8211; Combo packaging 6.00 kg<\/li>\n<\/ul>\n<p><\/p>\n<p>Please do not hesitate to contact us directly for enquiries about larger delivery quantities or packaging units.<\/p>\n\n","width":"4","background_color_text":"bg-white","border_color":"border-gray-light"},{"text":"<p class=\"product-attr-title\" style=\"text-align: center;\"><strong>Properties<\/strong><\/p>\n<ul>\n<li>solvent-free<\/li>\n<li>odorless<\/li>\n<li>light-stable<\/li>\n<li>elastic<\/li>\n<li>rapid-setting<\/li>\n<li>good resistance to water and chemicals<\/li>\n<li>coloured surface<\/li>\n<li>Total Solid according to GISCODE (Test method &#8220;Deutsche Bauchemie&#8221;)<\/li>\n<\/ul>\n","width":"4","background_color_text":"bg-white","border_color":"border-gray-light"}],"background_color":"bg-none","background_color_content":"bg-none"}},"downloads":{"module_download_list":{"inhalt":null,"downloads":[{"download":{"ID":58226,"id":58226,"title":"PU_469_PI_en_2023_09","filename":"PU_469_PI_en_2023_09.pdf","filesize":686375,"url":"https:\/\/dev.klb-koetztal.de\/app\/uploads\/2023\/09\/PU_469_PI_en_2023_09.pdf","link":"https:\/\/dev.klb-koetztal.de\/en\/?attachment_id=58226","alt":"","author":"7","description":"","caption":"","name":"pu_469_pi_en_2023_09-2","status":"inherit","uploaded_to":0,"date":"2023-09-11 13:20:20","modified":"2023-09-11 13:20:20","menu_order":0,"mime_type":"application\/pdf","type":"application","subtype":"pdf","icon":"https:\/\/dev.klb-koetztal.de\/wp\/wp-includes\/images\/media\/document.png"},"filename":"Product Information","protected":false,"doclang":"GB","externalkey":"Produktinformation","docpos":"2"},{"download":{"ID":58229,"id":58229,"title":"PU_469_PI_fr_2023_09","filename":"PU_469_PI_fr_2023_09.pdf","filesize":694797,"url":"https:\/\/dev.klb-koetztal.de\/app\/uploads\/2023\/09\/PU_469_PI_fr_2023_09.pdf","link":"https:\/\/dev.klb-koetztal.de\/en\/?attachment_id=58229","alt":"","author":"7","description":"","caption":"","name":"pu_469_pi_fr_2023_09-2","status":"inherit","uploaded_to":0,"date":"2023-09-11 13:20:22","modified":"2023-09-11 13:20:22","menu_order":0,"mime_type":"application\/pdf","type":"application","subtype":"pdf","icon":"https:\/\/dev.klb-koetztal.de\/wp\/wp-includes\/images\/media\/document.png"},"filename":"Information Produit FR","protected":false,"doclang":"FR","externalkey":"Produktinformation","docpos":"3"},{"download":{"ID":56161,"id":56161,"title":"PU469_Umwelt-Deklaration_2023-03","filename":"PU469_Umwelt-Deklaration_2023-03.pdf","filesize":2570167,"url":"https:\/\/dev.klb-koetztal.de\/app\/uploads\/2023\/05\/PU469_Umwelt-Deklaration_2023-03.pdf","link":"https:\/\/dev.klb-koetztal.de\/en\/?attachment_id=56161","alt":"","author":"7","description":"","caption":"","name":"pu469_umwelt-deklaration_2023-03-2","status":"inherit","uploaded_to":0,"date":"2023-05-05 11:33:38","modified":"2023-05-05 11:33:38","menu_order":0,"mime_type":"application\/pdf","type":"application","subtype":"pdf","icon":"https:\/\/dev.klb-koetztal.de\/wp\/wp-includes\/images\/media\/document.png"},"filename":"EPD - Environmental Product Declaration","protected":false,"doclang":"Multi","externalkey":"Umweltproduktdeklaration","docpos":"50"},{"download":false,"filename":"Safety data sheet","protected":true,"doclang":"GB","externalkey":"Sicherheitsdatenblatt","docpos":"2"},{"download":false,"filename":"Fiche de donn\u00e9es de s\u00e9curit\u00e9 FR","protected":true,"doclang":"FR","externalkey":"Sicherheitsdatenblatt","docpos":"3"}],"einstellungen":null,"background_color":"bg-none","background_color_content":"bg-none"}},"included_in_systems":{"module_included_in_systems":{"":null,"background_color":"bg-gray-medium","background_color_content":"bg-none"}},"contact":{"module_contact":{"":null,"background_color":"bg-none","background_color_content":"bg-none"}},"ausschreibende":{"module_ausschreibende":{"andern_sie_den_inhalt_unter_universelle_elemente":null,"background_color":"bg-none","background_color_content":"bg-none"}}},"yoast_head":"<!-- This site is optimized with the Yoast SEO plugin v27.0 - https:\/\/yoast.com\/product\/yoast-seo-wordpress\/ -->\n<title>Sealer and scratch coat for block joints PU 469 | KLB<\/title>\n<meta name=\"description\" content=\"Coloured, elastic 2-component polyurea resin for scratch coats and top sealers on block joints \u2714\ufe0f rapid-setting, low-yellowing, low-odour\" \/>\n<meta name=\"robots\" content=\"noindex, follow, max-snippet:-1, max-image-preview:large, max-video-preview:-1\" \/>\n<meta property=\"og:locale\" content=\"en_GB\" \/>\n<meta property=\"og:type\" content=\"article\" \/>\n<meta property=\"og:title\" content=\"Sealer and scratch coat for block joints PU 469 | KLB\" \/>\n<meta property=\"og:description\" content=\"Coloured, elastic 2-component polyurea resin for scratch coats and top sealers on block joints \u2714\ufe0f rapid-setting, low-yellowing, low-odour\" \/>\n<meta property=\"og:url\" content=\"https:\/\/dev.klb-koetztal.de\/en\/produkt\/klb-system-polyurea-pu-469\/\" \/>\n<meta property=\"og:site_name\" content=\"KLB K\u00f6tztal\" \/>\n<meta property=\"article:publisher\" content=\"https:\/\/www.facebook.com\/klbkoetztal\" \/>\n<meta property=\"article:modified_time\" content=\"2026-03-16T13:19:29+00:00\" \/>\n<meta property=\"og:image\" content=\"https:\/\/dev.klb-koetztal.de\/app\/uploads\/2023\/05\/PU_469_KLB_750px.jpg\" \/>\n\t<meta property=\"og:image:width\" content=\"750\" \/>\n\t<meta property=\"og:image:height\" content=\"750\" \/>\n\t<meta property=\"og:image:type\" content=\"image\/jpeg\" \/>\n<meta name=\"twitter:card\" content=\"summary_large_image\" \/>\n<script type=\"application\/ld+json\" class=\"yoast-schema-graph\">{\"@context\":\"https:\/\/schema.org\",\"@graph\":[{\"@type\":\"WebPage\",\"@id\":\"https:\/\/dev.klb-koetztal.de\/en\/produkt\/klb-system-polyurea-pu-469\/\",\"url\":\"https:\/\/dev.klb-koetztal.de\/en\/produkt\/klb-system-polyurea-pu-469\/\",\"name\":\"Sealer and scratch coat for block joints PU 469 | KLB\",\"isPartOf\":{\"@id\":\"https:\/\/dev.klb-koetztal.de\/en\/#website\"},\"primaryImageOfPage\":{\"@id\":\"https:\/\/dev.klb-koetztal.de\/en\/produkt\/klb-system-polyurea-pu-469\/#primaryimage\"},\"image\":{\"@id\":\"https:\/\/dev.klb-koetztal.de\/en\/produkt\/klb-system-polyurea-pu-469\/#primaryimage\"},\"thumbnailUrl\":\"https:\/\/dev.klb-koetztal.de\/app\/uploads\/2023\/05\/PU_469_KLB_750px.jpg\",\"datePublished\":\"2023-05-05T13:08:37+00:00\",\"dateModified\":\"2026-03-16T13:19:29+00:00\",\"description\":\"Coloured, elastic 2-component polyurea resin for scratch coats and top sealers on block joints \u2714\ufe0f rapid-setting, low-yellowing, low-odour\",\"breadcrumb\":{\"@id\":\"https:\/\/dev.klb-koetztal.de\/en\/produkt\/klb-system-polyurea-pu-469\/#breadcrumb\"},\"inLanguage\":\"en-GB\",\"potentialAction\":[{\"@type\":\"ReadAction\",\"target\":[\"https:\/\/dev.klb-koetztal.de\/en\/produkt\/klb-system-polyurea-pu-469\/\"]}]},{\"@type\":\"ImageObject\",\"inLanguage\":\"en-GB\",\"@id\":\"https:\/\/dev.klb-koetztal.de\/en\/produkt\/klb-system-polyurea-pu-469\/#primaryimage\",\"url\":\"https:\/\/dev.klb-koetztal.de\/app\/uploads\/2023\/05\/PU_469_KLB_750px.jpg\",\"contentUrl\":\"https:\/\/dev.klb-koetztal.de\/app\/uploads\/2023\/05\/PU_469_KLB_750px.jpg\",\"width\":750,\"height\":750},{\"@type\":\"BreadcrumbList\",\"@id\":\"https:\/\/dev.klb-koetztal.de\/en\/produkt\/klb-system-polyurea-pu-469\/#breadcrumb\",\"itemListElement\":[{\"@type\":\"ListItem\",\"position\":1,\"name\":\"Startseite\",\"item\":\"https:\/\/dev.klb-koetztal.de\/en\/\"},{\"@type\":\"ListItem\",\"position\":2,\"name\":\"KLB-SYSTEM POLYUREA PU 469\"}]},{\"@type\":\"WebSite\",\"@id\":\"https:\/\/dev.klb-koetztal.de\/en\/#website\",\"url\":\"https:\/\/dev.klb-koetztal.de\/en\/\",\"name\":\"KLB K\u00f6tztal\",\"description\":\"Gute B\u00f6den haben ein System.\",\"potentialAction\":[{\"@type\":\"SearchAction\",\"target\":{\"@type\":\"EntryPoint\",\"urlTemplate\":\"https:\/\/dev.klb-koetztal.de\/en\/?s={search_term_string}\"},\"query-input\":{\"@type\":\"PropertyValueSpecification\",\"valueRequired\":true,\"valueName\":\"search_term_string\"}}],\"inLanguage\":\"en-GB\"}]}<\/script>\n<!-- \/ Yoast SEO plugin. -->","yoast_head_json":{"title":"Sealer and scratch coat for block joints PU 469 | KLB","description":"Coloured, elastic 2-component polyurea resin for scratch coats and top sealers on block joints \u2714\ufe0f rapid-setting, low-yellowing, low-odour","robots":{"index":"noindex","follow":"follow","max-snippet":"max-snippet:-1","max-image-preview":"max-image-preview:large","max-video-preview":"max-video-preview:-1"},"og_locale":"en_GB","og_type":"article","og_title":"Sealer and scratch coat for block joints PU 469 | KLB","og_description":"Coloured, elastic 2-component polyurea resin for scratch coats and top sealers on block joints \u2714\ufe0f rapid-setting, low-yellowing, low-odour","og_url":"https:\/\/dev.klb-koetztal.de\/en\/produkt\/klb-system-polyurea-pu-469\/","og_site_name":"KLB K\u00f6tztal","article_publisher":"https:\/\/www.facebook.com\/klbkoetztal","article_modified_time":"2026-03-16T13:19:29+00:00","og_image":[{"width":750,"height":750,"url":"https:\/\/dev.klb-koetztal.de\/app\/uploads\/2023\/05\/PU_469_KLB_750px.jpg","type":"image\/jpeg"}],"twitter_card":"summary_large_image","schema":{"@context":"https:\/\/schema.org","@graph":[{"@type":"WebPage","@id":"https:\/\/dev.klb-koetztal.de\/en\/produkt\/klb-system-polyurea-pu-469\/","url":"https:\/\/dev.klb-koetztal.de\/en\/produkt\/klb-system-polyurea-pu-469\/","name":"Sealer and scratch coat for block joints PU 469 | KLB","isPartOf":{"@id":"https:\/\/dev.klb-koetztal.de\/en\/#website"},"primaryImageOfPage":{"@id":"https:\/\/dev.klb-koetztal.de\/en\/produkt\/klb-system-polyurea-pu-469\/#primaryimage"},"image":{"@id":"https:\/\/dev.klb-koetztal.de\/en\/produkt\/klb-system-polyurea-pu-469\/#primaryimage"},"thumbnailUrl":"https:\/\/dev.klb-koetztal.de\/app\/uploads\/2023\/05\/PU_469_KLB_750px.jpg","datePublished":"2023-05-05T13:08:37+00:00","dateModified":"2026-03-16T13:19:29+00:00","description":"Coloured, elastic 2-component polyurea resin for scratch coats and top sealers on block joints \u2714\ufe0f rapid-setting, low-yellowing, low-odour","breadcrumb":{"@id":"https:\/\/dev.klb-koetztal.de\/en\/produkt\/klb-system-polyurea-pu-469\/#breadcrumb"},"inLanguage":"en-GB","potentialAction":[{"@type":"ReadAction","target":["https:\/\/dev.klb-koetztal.de\/en\/produkt\/klb-system-polyurea-pu-469\/"]}]},{"@type":"ImageObject","inLanguage":"en-GB","@id":"https:\/\/dev.klb-koetztal.de\/en\/produkt\/klb-system-polyurea-pu-469\/#primaryimage","url":"https:\/\/dev.klb-koetztal.de\/app\/uploads\/2023\/05\/PU_469_KLB_750px.jpg","contentUrl":"https:\/\/dev.klb-koetztal.de\/app\/uploads\/2023\/05\/PU_469_KLB_750px.jpg","width":750,"height":750},{"@type":"BreadcrumbList","@id":"https:\/\/dev.klb-koetztal.de\/en\/produkt\/klb-system-polyurea-pu-469\/#breadcrumb","itemListElement":[{"@type":"ListItem","position":1,"name":"Startseite","item":"https:\/\/dev.klb-koetztal.de\/en\/"},{"@type":"ListItem","position":2,"name":"KLB-SYSTEM POLYUREA PU 469"}]},{"@type":"WebSite","@id":"https:\/\/dev.klb-koetztal.de\/en\/#website","url":"https:\/\/dev.klb-koetztal.de\/en\/","name":"KLB K\u00f6tztal","description":"Gute B\u00f6den haben ein System.","potentialAction":[{"@type":"SearchAction","target":{"@type":"EntryPoint","urlTemplate":"https:\/\/dev.klb-koetztal.de\/en\/?s={search_term_string}"},"query-input":{"@type":"PropertyValueSpecification","valueRequired":true,"valueName":"search_term_string"}}],"inLanguage":"en-GB"}]}},"_links":{"self":[{"href":"https:\/\/dev.klb-koetztal.de\/en\/wp-json\/wp\/v2\/product\/56210","targetHints":{"allow":["GET"]}}],"collection":[{"href":"https:\/\/dev.klb-koetztal.de\/en\/wp-json\/wp\/v2\/product"}],"about":[{"href":"https:\/\/dev.klb-koetztal.de\/en\/wp-json\/wp\/v2\/types\/product"}],"wp:featuredmedia":[{"embeddable":true,"href":"https:\/\/dev.klb-koetztal.de\/en\/wp-json\/wp\/v2\/media\/56148"}],"wp:attachment":[{"href":"https:\/\/dev.klb-koetztal.de\/en\/wp-json\/wp\/v2\/media?parent=56210"}],"wp:term":[{"taxonomy":"product_brand","embeddable":true,"href":"https:\/\/dev.klb-koetztal.de\/en\/wp-json\/wp\/v2\/product_brand?post=56210"},{"taxonomy":"product_cat","embeddable":true,"href":"https:\/\/dev.klb-koetztal.de\/en\/wp-json\/wp\/v2\/product_cat?post=56210"},{"taxonomy":"product_tag","embeddable":true,"href":"https:\/\/dev.klb-koetztal.de\/en\/wp-json\/wp\/v2\/product_tag?post=56210"}],"curies":[{"name":"wp","href":"https:\/\/api.w.org\/{rel}","templated":true}]}}