{"id":54651,"date":"2023-02-07T09:00:03","date_gmt":"2023-02-07T08:00:05","guid":{"rendered":"https:\/\/www.klb-koetztal.de\/produkt\/klb-system-epoxid-ep-54-rapid-u\/"},"modified":"2026-03-16T14:24:06","modified_gmt":"2026-03-16T13:24:06","slug":"klb-system-epoxid-ep-54-rapid-u","status":"publish","type":"product","link":"https:\/\/dev.klb-koetztal.de\/en\/produkt\/klb-system-epoxid-ep-54-rapid-u\/","title":{"rendered":"KLB-SYSTEM EPOXID EP 54 RAPID U"},"content":{"rendered":"","protected":false},"excerpt":{"rendered":"<p>Rapid-setting, low-emission 2-component epoxy resin for primers, scratch coats and repair mortars. Recoatable after 2&#160;- 2.5 hours at 20 \u00b0C \/ 68 \u00b0F.&#160;Suitable for recreation rooms.<\/p>\n","protected":false},"featured_media":49568,"template":"","meta":{"_acf_changed":false},"product_brand":[],"product_cat":[9607,9620,9619],"product_tag":[],"class_list":{"0":"post-54651","1":"product","2":"type-product","3":"status-publish","4":"has-post-thumbnail","6":"product_cat-primers","7":"product_cat-2-component-epoxy-resin-primers-rapid-setting","8":"product_cat-2-component-epoxy-resin-primers-low-emission","10":"first","11":"instock","12":"shipping-taxable","13":"product-type-simple"},"acf":{"product_header":{"module_product_header":{"":null,"prototype_headline":{"headline":"KLB-SYSTEM EPOXID EP 54 RAPID U","h1":true,"subheadline":"Rapid-setting, low-emission 2-component epoxy resin for primers, scratch coats and repair mortars within fast renovation. Suitable for recreation rooms.","anchor":"","url":""},"grid_text_slider":false,"grid_text_content":[{"text":"<p class=\"product-short-title\" style=\"text-align: center;\"><strong>Brief description<\/strong><\/p>\n<p>Rapid-setting, low-emission 2-component epoxy resin for primers, scratch coats and repair mortars. Recoatable after 2&#160;- 2.5 hours at 20 \u00b0C \/ 68 \u00b0F.&#160;Suitable for recreation rooms.<\/p>\n","width":"4","background_color_text":"bg-white","border_color":"border-gray-light"},{"text":"<p class=\"product-sicing-title\" style=\"text-align: center;\"><strong>Packaging units<\/strong><\/p>\n<ul>\n<li>AK1010-92 &#8211; Bucket combo 1.00 kg<\/li>\n<li>AK1010-51 &#8211; Bucket combo 10.00 kg<\/li>\n<li>AK1010-31 &#8211; Hobbock combo 30.00 kg<\/li>\n<li>AK1010-02 &#8211; Drum combo 588.00 kg<\/li>\n<\/ul>\n<p><\/p>\n<p>Please do not hesitate to contact us directly for enquiries about larger delivery quantities or packaging units.<\/p>\n\n","width":"4","background_color_text":"bg-white","border_color":"border-gray-light"},{"text":"<p class=\"product-attr-title\" style=\"text-align: center;\"><strong>Properties<\/strong><\/p>\n<ul>\n<li>tested, low-emission quality<\/li>\n<li>EMICODE\u00ae EC 1PLUS certified<\/li>\n<li>quickly reworkable<\/li>\n<li>good interlayer adhesion<\/li>\n<li>highly reactive<\/li>\n<li>consistent to hydrolysis and saponification<\/li>\n<li>short curing times<\/li>\n<li>good resistance to water and chemicals<\/li>\n<li>Total Solid according to GISCODE (Test method &#8220;Deutsche Bauchemie&#8221;)<\/li>\n<\/ul>\n","width":"4","background_color_text":"bg-white","border_color":"border-gray-light"}],"background_color":"bg-none","background_color_content":"bg-none"}},"downloads":{"module_download_list":{"inhalt":null,"downloads":[{"download":{"ID":64885,"id":64885,"title":"EP_54_RAPID_U__PI_en_2025_04","filename":"EP_54_RAPID_U__PI_en_2025_04.pdf","filesize":647127,"url":"https:\/\/dev.klb-koetztal.de\/app\/uploads\/2025\/04\/EP_54_RAPID_U__PI_en_2025_04.pdf","link":"https:\/\/dev.klb-koetztal.de\/en\/?attachment_id=64885","alt":"","author":"7","description":"","caption":"","name":"ep_54_rapid_u__pi_en_2025_04-2","status":"inherit","uploaded_to":0,"date":"2025-04-07 06:30:16","modified":"2025-04-07 06:30:16","menu_order":0,"mime_type":"application\/pdf","type":"application","subtype":"pdf","icon":"https:\/\/dev.klb-koetztal.de\/wp\/wp-includes\/images\/media\/document.png"},"filename":"Product Information","protected":false,"doclang":"GB","externalkey":"Produktinformation","docpos":"2"},{"download":{"ID":64888,"id":64888,"title":"EP_54_RAPID_U__PI_fr_2025_04","filename":"EP_54_RAPID_U__PI_fr_2025_04.pdf","filesize":651954,"url":"https:\/\/dev.klb-koetztal.de\/app\/uploads\/2025\/04\/EP_54_RAPID_U__PI_fr_2025_04.pdf","link":"https:\/\/dev.klb-koetztal.de\/en\/?attachment_id=64888","alt":"","author":"7","description":"","caption":"","name":"ep_54_rapid_u__pi_fr_2025_04-2","status":"inherit","uploaded_to":0,"date":"2025-04-07 06:30:18","modified":"2025-04-07 06:30:18","menu_order":0,"mime_type":"application\/pdf","type":"application","subtype":"pdf","icon":"https:\/\/dev.klb-koetztal.de\/wp\/wp-includes\/images\/media\/document.png"},"filename":"Information Produit FR","protected":false,"doclang":"FR","externalkey":"Produktinformation","docpos":"3"},{"download":{"ID":57288,"id":57288,"title":"Leistungserkl\u00e4rung - Statement of performance","filename":"EP54_Rapid_U_LE_2018-11.pdf","filesize":208601,"url":"https:\/\/dev.klb-koetztal.de\/app\/uploads\/2022\/03\/EP54_Rapid_U_LE_2018-11.pdf","link":"https:\/\/dev.klb-koetztal.de\/en\/?attachment_id=57288","alt":"","author":"7","description":"","caption":"","name":"ep54_rapid_u_le_2018-11-2","status":"inherit","uploaded_to":54651,"date":"2022-03-14 09:59:11","modified":"2022-03-14 09:59:11","menu_order":0,"mime_type":"application\/pdf","type":"application","subtype":"pdf","icon":"https:\/\/dev.klb-koetztal.de\/wp\/wp-includes\/images\/media\/document.png"},"filename":"Statement of performance - Leistungserkl\u00e4rung","protected":false,"doclang":"Multi","externalkey":"Leistungserklaerung","docpos":"50"},{"download":{"ID":59513,"id":59513,"title":"EP54_Rapid_U__Umwelt-Deklaration_2022-12","filename":"EP54_Rapid_U__Umwelt-Deklaration_2022-12.pdf","filesize":2345526,"url":"https:\/\/dev.klb-koetztal.de\/app\/uploads\/2024\/01\/EP54_Rapid_U__Umwelt-Deklaration_2022-12.pdf","link":"https:\/\/dev.klb-koetztal.de\/en\/?attachment_id=59513","alt":"","author":"7","description":"","caption":"","name":"ep54_rapid_u__umwelt-deklaration_2022-12-2","status":"inherit","uploaded_to":0,"date":"2024-01-22 11:00:19","modified":"2024-01-22 11:00:19","menu_order":0,"mime_type":"application\/pdf","type":"application","subtype":"pdf","icon":"https:\/\/dev.klb-koetztal.de\/wp\/wp-includes\/images\/media\/document.png"},"filename":"EPD - Environmental Product Declaration","protected":false,"doclang":"Multi","externalkey":"Umweltproduktdeklaration","docpos":"50"},{"download":false,"filename":"Safety data sheet","protected":true,"doclang":"GB","externalkey":"Sicherheitsdatenblatt","docpos":"2"},{"download":false,"filename":"Fiche de donn\u00e9es de s\u00e9curit\u00e9 FR","protected":true,"doclang":"FR","externalkey":"Sicherheitsdatenblatt","docpos":"3"}],"einstellungen":null,"background_color":"bg-none","background_color_content":"bg-none"}},"included_in_systems":{"module_included_in_systems":{"":null,"background_color":"bg-gray-medium","background_color_content":"bg-none"}},"contact":{"module_contact":{"":null,"background_color":"bg-none","background_color_content":"bg-none"}},"ausschreibende":{"module_ausschreibende":{"andern_sie_den_inhalt_unter_universelle_elemente":null,"background_color":"bg-none","background_color_content":"bg-none"}}},"yoast_head":"<!-- This site is optimized with the Yoast SEO plugin v27.0 - https:\/\/yoast.com\/product\/yoast-seo-wordpress\/ -->\n<title>Fast, low-VOC, cold-hardening primer EP 54 | KLB K\u00f6tztal<\/title>\n<meta name=\"description\" content=\"Rapid-setting, low-emission, cold-hardening 2C base layer EP 54 RAPID U for renovations | KLB floor coating \u2714\ufe0f hardening at temperatures up to 0 \u00b0C \/ 32 \u00b0F\" \/>\n<meta name=\"robots\" content=\"noindex, follow, max-snippet:-1, max-image-preview:large, max-video-preview:-1\" \/>\n<meta property=\"og:locale\" content=\"en_GB\" \/>\n<meta property=\"og:type\" content=\"article\" \/>\n<meta property=\"og:title\" content=\"Fast, low-VOC, cold-hardening primer EP 54 | KLB K\u00f6tztal\" \/>\n<meta property=\"og:description\" content=\"Rapid-setting, low-emission, cold-hardening 2C base layer EP 54 RAPID U for renovations | KLB floor coating \u2714\ufe0f hardening at temperatures up to 0 \u00b0C \/ 32 \u00b0F\" \/>\n<meta property=\"og:url\" content=\"https:\/\/dev.klb-koetztal.de\/en\/produkt\/klb-system-epoxid-ep-54-rapid-u\/\" \/>\n<meta property=\"og:site_name\" content=\"KLB K\u00f6tztal\" \/>\n<meta property=\"article:publisher\" content=\"https:\/\/www.facebook.com\/klbkoetztal\" \/>\n<meta property=\"article:modified_time\" content=\"2026-03-16T13:24:06+00:00\" \/>\n<meta property=\"og:image\" content=\"https:\/\/dev.klb-koetztal.de\/app\/uploads\/2022\/03\/EP54_Rapid_U.jpg\" \/>\n\t<meta property=\"og:image:width\" content=\"500\" \/>\n\t<meta property=\"og:image:height\" content=\"500\" \/>\n\t<meta property=\"og:image:type\" content=\"image\/jpeg\" \/>\n<meta name=\"twitter:card\" content=\"summary_large_image\" \/>\n<script type=\"application\/ld+json\" class=\"yoast-schema-graph\">{\"@context\":\"https:\/\/schema.org\",\"@graph\":[{\"@type\":\"WebPage\",\"@id\":\"https:\/\/dev.klb-koetztal.de\/en\/produkt\/klb-system-epoxid-ep-54-rapid-u\/\",\"url\":\"https:\/\/dev.klb-koetztal.de\/en\/produkt\/klb-system-epoxid-ep-54-rapid-u\/\",\"name\":\"Fast, low-VOC, cold-hardening primer EP 54 | KLB K\u00f6tztal\",\"isPartOf\":{\"@id\":\"https:\/\/dev.klb-koetztal.de\/en\/#website\"},\"primaryImageOfPage\":{\"@id\":\"https:\/\/dev.klb-koetztal.de\/en\/produkt\/klb-system-epoxid-ep-54-rapid-u\/#primaryimage\"},\"image\":{\"@id\":\"https:\/\/dev.klb-koetztal.de\/en\/produkt\/klb-system-epoxid-ep-54-rapid-u\/#primaryimage\"},\"thumbnailUrl\":\"https:\/\/dev.klb-koetztal.de\/app\/uploads\/2022\/03\/EP54_Rapid_U.jpg\",\"datePublished\":\"2023-02-07T08:00:05+00:00\",\"dateModified\":\"2026-03-16T13:24:06+00:00\",\"description\":\"Rapid-setting, low-emission, cold-hardening 2C base layer EP 54 RAPID U for renovations | KLB floor coating \u2714\ufe0f hardening at temperatures up to 0 \u00b0C \/ 32 \u00b0F\",\"breadcrumb\":{\"@id\":\"https:\/\/dev.klb-koetztal.de\/en\/produkt\/klb-system-epoxid-ep-54-rapid-u\/#breadcrumb\"},\"inLanguage\":\"en-GB\",\"potentialAction\":[{\"@type\":\"ReadAction\",\"target\":[\"https:\/\/dev.klb-koetztal.de\/en\/produkt\/klb-system-epoxid-ep-54-rapid-u\/\"]}]},{\"@type\":\"ImageObject\",\"inLanguage\":\"en-GB\",\"@id\":\"https:\/\/dev.klb-koetztal.de\/en\/produkt\/klb-system-epoxid-ep-54-rapid-u\/#primaryimage\",\"url\":\"https:\/\/dev.klb-koetztal.de\/app\/uploads\/2022\/03\/EP54_Rapid_U.jpg\",\"contentUrl\":\"https:\/\/dev.klb-koetztal.de\/app\/uploads\/2022\/03\/EP54_Rapid_U.jpg\",\"width\":500,\"height\":500},{\"@type\":\"BreadcrumbList\",\"@id\":\"https:\/\/dev.klb-koetztal.de\/en\/produkt\/klb-system-epoxid-ep-54-rapid-u\/#breadcrumb\",\"itemListElement\":[{\"@type\":\"ListItem\",\"position\":1,\"name\":\"Startseite\",\"item\":\"https:\/\/dev.klb-koetztal.de\/en\/\"},{\"@type\":\"ListItem\",\"position\":2,\"name\":\"KLB-SYSTEM EPOXID EP 54 RAPID U\"}]},{\"@type\":\"WebSite\",\"@id\":\"https:\/\/dev.klb-koetztal.de\/en\/#website\",\"url\":\"https:\/\/dev.klb-koetztal.de\/en\/\",\"name\":\"KLB K\u00f6tztal\",\"description\":\"Gute B\u00f6den haben ein System.\",\"potentialAction\":[{\"@type\":\"SearchAction\",\"target\":{\"@type\":\"EntryPoint\",\"urlTemplate\":\"https:\/\/dev.klb-koetztal.de\/en\/?s={search_term_string}\"},\"query-input\":{\"@type\":\"PropertyValueSpecification\",\"valueRequired\":true,\"valueName\":\"search_term_string\"}}],\"inLanguage\":\"en-GB\"}]}<\/script>\n<!-- \/ Yoast SEO plugin. -->","yoast_head_json":{"title":"Fast, low-VOC, cold-hardening primer EP 54 | KLB K\u00f6tztal","description":"Rapid-setting, low-emission, cold-hardening 2C base layer EP 54 RAPID U for renovations | KLB floor coating \u2714\ufe0f hardening at temperatures up to 0 \u00b0C \/ 32 \u00b0F","robots":{"index":"noindex","follow":"follow","max-snippet":"max-snippet:-1","max-image-preview":"max-image-preview:large","max-video-preview":"max-video-preview:-1"},"og_locale":"en_GB","og_type":"article","og_title":"Fast, low-VOC, cold-hardening primer EP 54 | KLB K\u00f6tztal","og_description":"Rapid-setting, low-emission, cold-hardening 2C base layer EP 54 RAPID U for renovations | KLB floor coating \u2714\ufe0f hardening at temperatures up to 0 \u00b0C \/ 32 \u00b0F","og_url":"https:\/\/dev.klb-koetztal.de\/en\/produkt\/klb-system-epoxid-ep-54-rapid-u\/","og_site_name":"KLB K\u00f6tztal","article_publisher":"https:\/\/www.facebook.com\/klbkoetztal","article_modified_time":"2026-03-16T13:24:06+00:00","og_image":[{"width":500,"height":500,"url":"https:\/\/dev.klb-koetztal.de\/app\/uploads\/2022\/03\/EP54_Rapid_U.jpg","type":"image\/jpeg"}],"twitter_card":"summary_large_image","schema":{"@context":"https:\/\/schema.org","@graph":[{"@type":"WebPage","@id":"https:\/\/dev.klb-koetztal.de\/en\/produkt\/klb-system-epoxid-ep-54-rapid-u\/","url":"https:\/\/dev.klb-koetztal.de\/en\/produkt\/klb-system-epoxid-ep-54-rapid-u\/","name":"Fast, low-VOC, cold-hardening primer EP 54 | KLB K\u00f6tztal","isPartOf":{"@id":"https:\/\/dev.klb-koetztal.de\/en\/#website"},"primaryImageOfPage":{"@id":"https:\/\/dev.klb-koetztal.de\/en\/produkt\/klb-system-epoxid-ep-54-rapid-u\/#primaryimage"},"image":{"@id":"https:\/\/dev.klb-koetztal.de\/en\/produkt\/klb-system-epoxid-ep-54-rapid-u\/#primaryimage"},"thumbnailUrl":"https:\/\/dev.klb-koetztal.de\/app\/uploads\/2022\/03\/EP54_Rapid_U.jpg","datePublished":"2023-02-07T08:00:05+00:00","dateModified":"2026-03-16T13:24:06+00:00","description":"Rapid-setting, low-emission, cold-hardening 2C base layer EP 54 RAPID U for renovations | KLB floor coating \u2714\ufe0f hardening at temperatures up to 0 \u00b0C \/ 32 \u00b0F","breadcrumb":{"@id":"https:\/\/dev.klb-koetztal.de\/en\/produkt\/klb-system-epoxid-ep-54-rapid-u\/#breadcrumb"},"inLanguage":"en-GB","potentialAction":[{"@type":"ReadAction","target":["https:\/\/dev.klb-koetztal.de\/en\/produkt\/klb-system-epoxid-ep-54-rapid-u\/"]}]},{"@type":"ImageObject","inLanguage":"en-GB","@id":"https:\/\/dev.klb-koetztal.de\/en\/produkt\/klb-system-epoxid-ep-54-rapid-u\/#primaryimage","url":"https:\/\/dev.klb-koetztal.de\/app\/uploads\/2022\/03\/EP54_Rapid_U.jpg","contentUrl":"https:\/\/dev.klb-koetztal.de\/app\/uploads\/2022\/03\/EP54_Rapid_U.jpg","width":500,"height":500},{"@type":"BreadcrumbList","@id":"https:\/\/dev.klb-koetztal.de\/en\/produkt\/klb-system-epoxid-ep-54-rapid-u\/#breadcrumb","itemListElement":[{"@type":"ListItem","position":1,"name":"Startseite","item":"https:\/\/dev.klb-koetztal.de\/en\/"},{"@type":"ListItem","position":2,"name":"KLB-SYSTEM EPOXID EP 54 RAPID U"}]},{"@type":"WebSite","@id":"https:\/\/dev.klb-koetztal.de\/en\/#website","url":"https:\/\/dev.klb-koetztal.de\/en\/","name":"KLB K\u00f6tztal","description":"Gute B\u00f6den haben ein System.","potentialAction":[{"@type":"SearchAction","target":{"@type":"EntryPoint","urlTemplate":"https:\/\/dev.klb-koetztal.de\/en\/?s={search_term_string}"},"query-input":{"@type":"PropertyValueSpecification","valueRequired":true,"valueName":"search_term_string"}}],"inLanguage":"en-GB"}]}},"_links":{"self":[{"href":"https:\/\/dev.klb-koetztal.de\/en\/wp-json\/wp\/v2\/product\/54651","targetHints":{"allow":["GET"]}}],"collection":[{"href":"https:\/\/dev.klb-koetztal.de\/en\/wp-json\/wp\/v2\/product"}],"about":[{"href":"https:\/\/dev.klb-koetztal.de\/en\/wp-json\/wp\/v2\/types\/product"}],"wp:featuredmedia":[{"embeddable":true,"href":"https:\/\/dev.klb-koetztal.de\/en\/wp-json\/wp\/v2\/media\/49568"}],"wp:attachment":[{"href":"https:\/\/dev.klb-koetztal.de\/en\/wp-json\/wp\/v2\/media?parent=54651"}],"wp:term":[{"taxonomy":"product_brand","embeddable":true,"href":"https:\/\/dev.klb-koetztal.de\/en\/wp-json\/wp\/v2\/product_brand?post=54651"},{"taxonomy":"product_cat","embeddable":true,"href":"https:\/\/dev.klb-koetztal.de\/en\/wp-json\/wp\/v2\/product_cat?post=54651"},{"taxonomy":"product_tag","embeddable":true,"href":"https:\/\/dev.klb-koetztal.de\/en\/wp-json\/wp\/v2\/product_tag?post=54651"}],"curies":[{"name":"wp","href":"https:\/\/api.w.org\/{rel}","templated":true}]}}