{"id":51145,"date":"2022-05-05T08:44:02","date_gmt":"2022-05-05T06:44:02","guid":{"rendered":"https:\/\/www.klb-koetztal.de\/produkt\/klb-system-particolor-metalize\/"},"modified":"2026-02-25T12:27:15","modified_gmt":"2026-02-25T11:27:15","slug":"klb-system-particolor-metalize","status":"publish","type":"product","link":"https:\/\/dev.klb-koetztal.de\/en\/produkt\/klb-system-particolor-metalize\/","title":{"rendered":"KLB-SYSTEM partiColor\u00ae-Metalize"},"content":{"rendered":"","protected":false},"excerpt":{"rendered":"<p>Coloured pigments for designing of Metalize floor coverings.<br \/>\nOnly available in the colours Blue, Bronze, Gold, Green, Pepper, Red, Silver (see colour chart)!<\/p>\n","protected":false},"featured_media":51147,"template":"","meta":{"_acf_changed":false},"product_brand":[],"product_cat":[9623,9669],"product_tag":[],"class_list":{"0":"post-51145","1":"product","2":"type-product","3":"status-publish","4":"has-post-thumbnail","6":"product_cat-fillers-quartz-sand-scattering-material-suspending-agents","7":"product_cat-pigments-and-particolor-chips-flakes","9":"first","10":"instock","11":"shipping-taxable","12":"product-type-simple"},"acf":{"product_header":{"module_product_header":{"":null,"prototype_headline":{"headline":"KLB-SYSTEM partiColor\u00ae-Metalize","h1":true,"subheadline":"Coloured pearlescent pigments for designing&#160;Metalize floor coverings","anchor":"","url":""},"grid_text_slider":false,"grid_text_content":[{"text":"<p class=\"product-short-title\" style=\"text-align: center;\"><strong>Brief description<\/strong><\/p>\n<p>Coloured pigments for designing of Metalize floor coverings.<\/p>\n<p>Only available in the colours Blue, Bronze, Gold, Green, Pepper, Red, Silver (see colour chart)!<\/p>\n","width":"4","background_color_text":"bg-white","border_color":"border-gray-light"},{"text":"<p class=\"product-sicing-title\" style=\"text-align: center;\"><strong>Packaging units<\/strong><\/p>\n<ul>\n<li>ZG1025-92 &#8211; Bucket 1.00 kg<\/li>\n<li>ZG1022-92 &#8211; Bucket 1.00 kg<\/li>\n<li>ZG1020-92 &#8211; Bucket 1.00 kg<\/li>\n<li>ZG1027-92 &#8211; Bucket 1.00 kg<\/li>\n<li>ZG1023-92 &#8211; Bucket 1.00 kg<\/li>\n<li>ZG1026-92 &#8211; Bucket 1.00 kg<\/li>\n<li>ZG1021-92 &#8211; Bucket 1.00 kg<\/li>\n<\/ul>\n<p><\/p>\n<p>Please do not hesitate to contact us directly for enquiries about larger delivery quantities or packaging units.<\/p>\n\n","width":"4","background_color_text":"bg-white","border_color":"border-gray-light"},{"text":"<p class=\"product-attr-title\" style=\"text-align: center;\"><strong>Properties<\/strong><\/p>\n<ul><\/ul>\n","width":"4","background_color_text":"bg-white","border_color":"border-gray-light"}],"background_color":"bg-none","background_color_content":"bg-none"}},"downloads":{"module_download_list":{"inhalt":null,"downloads":[{"download":{"ID":57943,"id":57943,"title":"partiColorChips_partiColorGlitter_partColorMetalize_PI_en_2023-082","filename":"partiColorChips_partiColorGlitter_partColorMetalize_PI_en_2023-082.pdf","filesize":1524474,"url":"https:\/\/dev.klb-koetztal.de\/app\/uploads\/2023\/08\/partiColorChips_partiColorGlitter_partColorMetalize_PI_en_2023-082.pdf","link":"https:\/\/dev.klb-koetztal.de\/en\/?attachment_id=57943","alt":"","author":"7","description":"","caption":"","name":"particolorchips_particolorglitter_partcolormetalize_pi_en_2023-082-2","status":"inherit","uploaded_to":0,"date":"2023-08-17 13:20:07","modified":"2023-08-17 13:20:07","menu_order":0,"mime_type":"application\/pdf","type":"application","subtype":"pdf","icon":"https:\/\/dev.klb-koetztal.de\/wp\/wp-includes\/images\/media\/document.png"},"filename":"Product Information","protected":false,"doclang":"GB","externalkey":"Produktinformation","docpos":"2"},{"download":false,"filename":"Safety data sheet","protected":true,"doclang":"GB","externalkey":"Sicherheitsdatenblatt","docpos":"2"},{"download":false,"filename":"Fiche de donn\u00e9es de s\u00e9curit\u00e9 FR","protected":true,"doclang":"FR","externalkey":"Sicherheitsdatenblatt","docpos":"3"},{"download":{"ID":51148,"id":51148,"title":"Colour charts EN","filename":"Metalize-Farbkarte_2020_GB.pdf","filesize":246952,"url":"https:\/\/dev.klb-koetztal.de\/app\/uploads\/2022\/05\/Metalize-Farbkarte_2020_GB.pdf","link":"https:\/\/dev.klb-koetztal.de\/en\/?attachment_id=51148","alt":"","author":"7","description":"","caption":"","name":"metalize-farbkarte_2020_gb","status":"inherit","uploaded_to":0,"date":"2022-05-05 06:44:05","modified":"2026-02-25 11:27:26","menu_order":0,"mime_type":"application\/pdf","type":"application","subtype":"pdf","icon":"https:\/\/dev.klb-koetztal.de\/wp\/wp-includes\/images\/media\/document.png"},"filename":"Colour charts EN","protected":false,"doclang":"GB","externalkey":"Farbkarten","docpos":"2"}],"einstellungen":null,"background_color":"bg-none","background_color_content":"bg-none"}},"included_in_systems":{"module_included_in_systems":{"":null,"background_color":"bg-gray-medium","background_color_content":"bg-none"}},"contact":{"module_contact":{"":null,"background_color":"bg-none","background_color_content":"bg-none"}},"ausschreibende":{"module_ausschreibende":{"andern_sie_den_inhalt_unter_universelle_elemente":null,"background_color":"bg-none","background_color_content":"bg-none"}}},"yoast_head":"<!-- This site is optimized with the Yoast SEO plugin v27.0 - https:\/\/yoast.com\/product\/yoast-seo-wordpress\/ -->\n<title>Special pigment for metallic effect flooring - Metalize | KLB<\/title>\n<meta name=\"description\" content=\"partiColor-Metalize Special pigment for floor coverings and coatings with metallic effects. Special, highly decorative glitter resin flooring | KLB K\u00f6tztal\" \/>\n<meta name=\"robots\" content=\"noindex, follow, max-snippet:-1, max-image-preview:large, max-video-preview:-1\" \/>\n<meta property=\"og:locale\" content=\"en_GB\" \/>\n<meta property=\"og:type\" content=\"article\" \/>\n<meta property=\"og:title\" content=\"Special pigment for metallic effect flooring - Metalize | KLB\" \/>\n<meta property=\"og:description\" content=\"partiColor-Metalize Special pigment for floor coverings and coatings with metallic effects. Special, highly decorative glitter resin flooring | KLB K\u00f6tztal\" \/>\n<meta property=\"og:url\" content=\"https:\/\/dev.klb-koetztal.de\/en\/produkt\/klb-system-particolor-metalize\/\" \/>\n<meta property=\"og:site_name\" content=\"KLB K\u00f6tztal\" \/>\n<meta property=\"article:publisher\" content=\"https:\/\/www.facebook.com\/klbkoetztal\" \/>\n<meta property=\"article:modified_time\" content=\"2026-02-25T11:27:15+00:00\" \/>\n<meta property=\"og:image\" content=\"https:\/\/dev.klb-koetztal.de\/app\/uploads\/2022\/05\/Metalize-Colors_KLB-DECOR-Metallic_Bodenbeschichtung_Dekorbelag_Glitzer.jpg\" \/>\n\t<meta property=\"og:image:width\" content=\"1000\" \/>\n\t<meta property=\"og:image:height\" content=\"1000\" \/>\n\t<meta property=\"og:image:type\" content=\"image\/jpeg\" \/>\n<meta name=\"twitter:card\" content=\"summary_large_image\" \/>\n<script type=\"application\/ld+json\" class=\"yoast-schema-graph\">{\"@context\":\"https:\/\/schema.org\",\"@graph\":[{\"@type\":\"WebPage\",\"@id\":\"https:\/\/dev.klb-koetztal.de\/en\/produkt\/klb-system-particolor-metalize\/\",\"url\":\"https:\/\/dev.klb-koetztal.de\/en\/produkt\/klb-system-particolor-metalize\/\",\"name\":\"Special pigment for metallic effect flooring - Metalize | KLB\",\"isPartOf\":{\"@id\":\"https:\/\/dev.klb-koetztal.de\/en\/#website\"},\"primaryImageOfPage\":{\"@id\":\"https:\/\/dev.klb-koetztal.de\/en\/produkt\/klb-system-particolor-metalize\/#primaryimage\"},\"image\":{\"@id\":\"https:\/\/dev.klb-koetztal.de\/en\/produkt\/klb-system-particolor-metalize\/#primaryimage\"},\"thumbnailUrl\":\"https:\/\/dev.klb-koetztal.de\/app\/uploads\/2022\/05\/Metalize-Colors_KLB-DECOR-Metallic_Bodenbeschichtung_Dekorbelag_Glitzer.jpg\",\"datePublished\":\"2022-05-05T06:44:02+00:00\",\"dateModified\":\"2026-02-25T11:27:15+00:00\",\"description\":\"partiColor-Metalize Special pigment for floor coverings and coatings with metallic effects. Special, highly decorative glitter resin flooring | KLB K\u00f6tztal\",\"breadcrumb\":{\"@id\":\"https:\/\/dev.klb-koetztal.de\/en\/produkt\/klb-system-particolor-metalize\/#breadcrumb\"},\"inLanguage\":\"en-GB\",\"potentialAction\":[{\"@type\":\"ReadAction\",\"target\":[\"https:\/\/dev.klb-koetztal.de\/en\/produkt\/klb-system-particolor-metalize\/\"]}]},{\"@type\":\"ImageObject\",\"inLanguage\":\"en-GB\",\"@id\":\"https:\/\/dev.klb-koetztal.de\/en\/produkt\/klb-system-particolor-metalize\/#primaryimage\",\"url\":\"https:\/\/dev.klb-koetztal.de\/app\/uploads\/2022\/05\/Metalize-Colors_KLB-DECOR-Metallic_Bodenbeschichtung_Dekorbelag_Glitzer.jpg\",\"contentUrl\":\"https:\/\/dev.klb-koetztal.de\/app\/uploads\/2022\/05\/Metalize-Colors_KLB-DECOR-Metallic_Bodenbeschichtung_Dekorbelag_Glitzer.jpg\",\"width\":1000,\"height\":1000},{\"@type\":\"BreadcrumbList\",\"@id\":\"https:\/\/dev.klb-koetztal.de\/en\/produkt\/klb-system-particolor-metalize\/#breadcrumb\",\"itemListElement\":[{\"@type\":\"ListItem\",\"position\":1,\"name\":\"Startseite\",\"item\":\"https:\/\/dev.klb-koetztal.de\/en\/\"},{\"@type\":\"ListItem\",\"position\":2,\"name\":\"KLB-SYSTEM partiColor\u00ae-Metalize\"}]},{\"@type\":\"WebSite\",\"@id\":\"https:\/\/dev.klb-koetztal.de\/en\/#website\",\"url\":\"https:\/\/dev.klb-koetztal.de\/en\/\",\"name\":\"KLB K\u00f6tztal\",\"description\":\"Gute B\u00f6den haben ein System.\",\"potentialAction\":[{\"@type\":\"SearchAction\",\"target\":{\"@type\":\"EntryPoint\",\"urlTemplate\":\"https:\/\/dev.klb-koetztal.de\/en\/?s={search_term_string}\"},\"query-input\":{\"@type\":\"PropertyValueSpecification\",\"valueRequired\":true,\"valueName\":\"search_term_string\"}}],\"inLanguage\":\"en-GB\"}]}<\/script>\n<!-- \/ Yoast SEO plugin. -->","yoast_head_json":{"title":"Special pigment for metallic effect flooring - Metalize | KLB","description":"partiColor-Metalize Special pigment for floor coverings and coatings with metallic effects. Special, highly decorative glitter resin flooring | KLB K\u00f6tztal","robots":{"index":"noindex","follow":"follow","max-snippet":"max-snippet:-1","max-image-preview":"max-image-preview:large","max-video-preview":"max-video-preview:-1"},"og_locale":"en_GB","og_type":"article","og_title":"Special pigment for metallic effect flooring - Metalize | KLB","og_description":"partiColor-Metalize Special pigment for floor coverings and coatings with metallic effects. Special, highly decorative glitter resin flooring | KLB K\u00f6tztal","og_url":"https:\/\/dev.klb-koetztal.de\/en\/produkt\/klb-system-particolor-metalize\/","og_site_name":"KLB K\u00f6tztal","article_publisher":"https:\/\/www.facebook.com\/klbkoetztal","article_modified_time":"2026-02-25T11:27:15+00:00","og_image":[{"width":1000,"height":1000,"url":"https:\/\/dev.klb-koetztal.de\/app\/uploads\/2022\/05\/Metalize-Colors_KLB-DECOR-Metallic_Bodenbeschichtung_Dekorbelag_Glitzer.jpg","type":"image\/jpeg"}],"twitter_card":"summary_large_image","schema":{"@context":"https:\/\/schema.org","@graph":[{"@type":"WebPage","@id":"https:\/\/dev.klb-koetztal.de\/en\/produkt\/klb-system-particolor-metalize\/","url":"https:\/\/dev.klb-koetztal.de\/en\/produkt\/klb-system-particolor-metalize\/","name":"Special pigment for metallic effect flooring - Metalize | KLB","isPartOf":{"@id":"https:\/\/dev.klb-koetztal.de\/en\/#website"},"primaryImageOfPage":{"@id":"https:\/\/dev.klb-koetztal.de\/en\/produkt\/klb-system-particolor-metalize\/#primaryimage"},"image":{"@id":"https:\/\/dev.klb-koetztal.de\/en\/produkt\/klb-system-particolor-metalize\/#primaryimage"},"thumbnailUrl":"https:\/\/dev.klb-koetztal.de\/app\/uploads\/2022\/05\/Metalize-Colors_KLB-DECOR-Metallic_Bodenbeschichtung_Dekorbelag_Glitzer.jpg","datePublished":"2022-05-05T06:44:02+00:00","dateModified":"2026-02-25T11:27:15+00:00","description":"partiColor-Metalize Special pigment for floor coverings and coatings with metallic effects. Special, highly decorative glitter resin flooring | KLB K\u00f6tztal","breadcrumb":{"@id":"https:\/\/dev.klb-koetztal.de\/en\/produkt\/klb-system-particolor-metalize\/#breadcrumb"},"inLanguage":"en-GB","potentialAction":[{"@type":"ReadAction","target":["https:\/\/dev.klb-koetztal.de\/en\/produkt\/klb-system-particolor-metalize\/"]}]},{"@type":"ImageObject","inLanguage":"en-GB","@id":"https:\/\/dev.klb-koetztal.de\/en\/produkt\/klb-system-particolor-metalize\/#primaryimage","url":"https:\/\/dev.klb-koetztal.de\/app\/uploads\/2022\/05\/Metalize-Colors_KLB-DECOR-Metallic_Bodenbeschichtung_Dekorbelag_Glitzer.jpg","contentUrl":"https:\/\/dev.klb-koetztal.de\/app\/uploads\/2022\/05\/Metalize-Colors_KLB-DECOR-Metallic_Bodenbeschichtung_Dekorbelag_Glitzer.jpg","width":1000,"height":1000},{"@type":"BreadcrumbList","@id":"https:\/\/dev.klb-koetztal.de\/en\/produkt\/klb-system-particolor-metalize\/#breadcrumb","itemListElement":[{"@type":"ListItem","position":1,"name":"Startseite","item":"https:\/\/dev.klb-koetztal.de\/en\/"},{"@type":"ListItem","position":2,"name":"KLB-SYSTEM partiColor\u00ae-Metalize"}]},{"@type":"WebSite","@id":"https:\/\/dev.klb-koetztal.de\/en\/#website","url":"https:\/\/dev.klb-koetztal.de\/en\/","name":"KLB K\u00f6tztal","description":"Gute B\u00f6den haben ein System.","potentialAction":[{"@type":"SearchAction","target":{"@type":"EntryPoint","urlTemplate":"https:\/\/dev.klb-koetztal.de\/en\/?s={search_term_string}"},"query-input":{"@type":"PropertyValueSpecification","valueRequired":true,"valueName":"search_term_string"}}],"inLanguage":"en-GB"}]}},"_links":{"self":[{"href":"https:\/\/dev.klb-koetztal.de\/en\/wp-json\/wp\/v2\/product\/51145","targetHints":{"allow":["GET"]}}],"collection":[{"href":"https:\/\/dev.klb-koetztal.de\/en\/wp-json\/wp\/v2\/product"}],"about":[{"href":"https:\/\/dev.klb-koetztal.de\/en\/wp-json\/wp\/v2\/types\/product"}],"wp:featuredmedia":[{"embeddable":true,"href":"https:\/\/dev.klb-koetztal.de\/en\/wp-json\/wp\/v2\/media\/51147"}],"wp:attachment":[{"href":"https:\/\/dev.klb-koetztal.de\/en\/wp-json\/wp\/v2\/media?parent=51145"}],"wp:term":[{"taxonomy":"product_brand","embeddable":true,"href":"https:\/\/dev.klb-koetztal.de\/en\/wp-json\/wp\/v2\/product_brand?post=51145"},{"taxonomy":"product_cat","embeddable":true,"href":"https:\/\/dev.klb-koetztal.de\/en\/wp-json\/wp\/v2\/product_cat?post=51145"},{"taxonomy":"product_tag","embeddable":true,"href":"https:\/\/dev.klb-koetztal.de\/en\/wp-json\/wp\/v2\/product_tag?post=51145"}],"curies":[{"name":"wp","href":"https:\/\/api.w.org\/{rel}","templated":true}]}}