{"id":51111,"date":"2022-05-04T08:06:35","date_gmt":"2022-05-04T06:06:35","guid":{"rendered":"https:\/\/www.klb-koetztal.de\/produkt\/klb-system-acryl-ac-356\/"},"modified":"2026-03-16T14:16:17","modified_gmt":"2026-03-16T13:16:17","slug":"klb-system-acryl-ac-356","status":"publish","type":"product","link":"https:\/\/dev.klb-koetztal.de\/en\/produkt\/klb-system-acryl-ac-356\/","title":{"rendered":"KLB-SYSTEM ACRYL AC 356"},"content":{"rendered":"","protected":false},"excerpt":{"rendered":"<p>Rapid-setting, highly elastic&#160;grouting compound for joints between concrete slabs that can be driven over.&#160;As an alternative to metal profiles, preferably for renovations and forming low-noise joints in industrial or parking areas that can be driven over.<br \/>\nTo be used in combination with mixed sand KLB-Mischsand 2\/1. Rapid-setting, quickly grindable and reusable.<br \/>\nPlease order the AC hardener powder separately!<\/p>\n","protected":false},"featured_media":51113,"template":"","meta":{"_acf_changed":false},"product_brand":[],"product_cat":[9605,9645],"product_tag":[],"class_list":{"0":"post-51111","1":"product","2":"type-product","3":"status-publish","4":"has-post-thumbnail","6":"product_cat-ready-mixed-mortar-coving-resins-renovation-injection-and-joint-resins","7":"product_cat-joint-resins","9":"first","10":"instock","11":"shipping-taxable","12":"product-type-simple"},"acf":{"product_header":{"module_product_header":{"":null,"prototype_headline":{"headline":"KLB-SYSTEM ACRYL AC 356","h1":true,"subheadline":"Rapid-setting, highly elastic 2-component PMMA grouting resin for building, connection, industrial or movement joints that are load-bearing, deformable and&#160;can be driven over.","anchor":"","url":""},"grid_text_slider":false,"grid_text_content":[{"text":"<p class=\"product-short-title\" style=\"text-align: center;\"><strong>Brief description<\/strong><\/p>\n<p>Rapid-setting, highly elastic&#160;grouting compound for joints between concrete slabs that can be driven over.&#160;As an alternative to metal profiles, preferably for renovations and forming low-noise joints in industrial or parking areas that can be driven over.<\/p>\n<p>To be used in combination with mixed sand KLB-Mischsand 2\/1. Rapid-setting, quickly grindable and reusable.<\/p>\n<p>Please order the AC hardener powder separately!<\/p>\n","width":"4","background_color_text":"bg-white","border_color":"border-gray-light"},{"text":"<p class=\"product-sicing-title\" style=\"text-align: center;\"><strong>Packaging units<\/strong><\/p>\n<ul>\n<li>MA0033-50 &#8211; Bucket 10.00 kg<\/li>\n<li>MA0033-25 &#8211; Hobbock 25.00 kg<\/li>\n<\/ul>\n<p><\/p>\n<p>Please do not hesitate to contact us directly for enquiries about larger delivery quantities or packaging units.<\/p>\n\n","width":"4","background_color_text":"bg-white","border_color":"border-gray-light"},{"text":"<p class=\"product-attr-title\" style=\"text-align: center;\"><strong>Properties<\/strong><\/p>\n<ul>\n<li>rapid-setting<\/li>\n<li>highly elastic<\/li>\n<li>quickly accessible<\/li>\n<li>low-shrink<\/li>\n<li>good resistance to water and chemicals<\/li>\n<li>impervious to fluids<\/li>\n<li>resistant to weather<\/li>\n<\/ul>\n","width":"4","background_color_text":"bg-white","border_color":"border-gray-light"}],"background_color":"bg-none","background_color_content":"bg-none"}},"downloads":{"module_download_list":{"inhalt":null,"downloads":[{"download":{"ID":61438,"id":61438,"title":"AC_356_PI_en_2024_05","filename":"AC_356_PI_en_2024_05.pdf","filesize":332647,"url":"https:\/\/dev.klb-koetztal.de\/app\/uploads\/2024\/05\/AC_356_PI_en_2024_05.pdf","link":"https:\/\/dev.klb-koetztal.de\/en\/?attachment_id=61438","alt":"","author":"7","description":"","caption":"","name":"ac_356_pi_en_2024_05-2","status":"inherit","uploaded_to":0,"date":"2024-05-13 11:50:12","modified":"2024-05-13 11:50:12","menu_order":0,"mime_type":"application\/pdf","type":"application","subtype":"pdf","icon":"https:\/\/dev.klb-koetztal.de\/wp\/wp-includes\/images\/media\/document.png"},"filename":"Product Information","protected":false,"doclang":"GB","externalkey":"Produktinformation","docpos":"2"},{"download":{"ID":61441,"id":61441,"title":"AC_356_PI_fr_2024_05","filename":"AC_356_PI_fr_2024_05.pdf","filesize":336544,"url":"https:\/\/dev.klb-koetztal.de\/app\/uploads\/2024\/05\/AC_356_PI_fr_2024_05.pdf","link":"https:\/\/dev.klb-koetztal.de\/en\/?attachment_id=61441","alt":"","author":"7","description":"","caption":"","name":"ac_356_pi_fr_2024_05-2","status":"inherit","uploaded_to":0,"date":"2024-05-13 11:50:14","modified":"2024-05-13 11:50:14","menu_order":0,"mime_type":"application\/pdf","type":"application","subtype":"pdf","icon":"https:\/\/dev.klb-koetztal.de\/wp\/wp-includes\/images\/media\/document.png"},"filename":"Information Produit FR","protected":false,"doclang":"FR","externalkey":"Produktinformation","docpos":"3"},{"download":{"ID":67742,"id":67742,"title":"AC356_Umwelt-Deklaration_2025-10","filename":"AC356_Umwelt-Deklaration_2025-10.pdf","filesize":1692605,"url":"https:\/\/dev.klb-koetztal.de\/app\/uploads\/2025\/10\/AC356_Umwelt-Deklaration_2025-10.pdf","link":"https:\/\/dev.klb-koetztal.de\/en\/?attachment_id=67742","alt":"","author":"7","description":"","caption":"","name":"ac356_umwelt-deklaration_2025-10-2","status":"inherit","uploaded_to":0,"date":"2025-10-16 09:11:20","modified":"2025-10-16 09:11:20","menu_order":0,"mime_type":"application\/pdf","type":"application","subtype":"pdf","icon":"https:\/\/dev.klb-koetztal.de\/wp\/wp-includes\/images\/media\/document.png"},"filename":"EPD - Environmental Product Declaration","protected":false,"doclang":"Multi","externalkey":"Umweltproduktdeklaration","docpos":"50"},{"download":false,"filename":"Safety data sheet","protected":true,"doclang":"GB","externalkey":"Sicherheitsdatenblatt","docpos":"2"},{"download":false,"filename":"Fiche de donn\u00e9es de s\u00e9curit\u00e9 FR","protected":true,"doclang":"FR","externalkey":"Sicherheitsdatenblatt","docpos":"3"}],"einstellungen":null,"background_color":"bg-none","background_color_content":"bg-none"}},"included_in_systems":{"module_included_in_systems":{"":null,"background_color":"bg-gray-medium","background_color_content":"bg-none"}},"contact":{"module_contact":{"":null,"background_color":"bg-none","background_color_content":"bg-none"}},"ausschreibende":{"module_ausschreibende":{"andern_sie_den_inhalt_unter_universelle_elemente":null,"background_color":"bg-none","background_color_content":"bg-none"}}},"yoast_head":"<!-- This site is optimized with the Yoast SEO plugin v27.0 - https:\/\/yoast.com\/product\/yoast-seo-wordpress\/ -->\n<title>Rapid-setting joint resin based on PMMA AC 356 | KLB K\u00f6tztal<\/title>\n<meta name=\"description\" content=\"Flexible, highly elastic PMMA grouting resin AC 356 for joints that can be driven over | KLB coatings \u2714\ufe0f for grouting building components and joints\" \/>\n<meta name=\"robots\" content=\"noindex, follow, max-snippet:-1, max-image-preview:large, max-video-preview:-1\" \/>\n<meta property=\"og:locale\" content=\"en_GB\" \/>\n<meta property=\"og:type\" content=\"article\" \/>\n<meta property=\"og:title\" content=\"Rapid-setting joint resin based on PMMA AC 356 | KLB K\u00f6tztal\" \/>\n<meta property=\"og:description\" content=\"Flexible, highly elastic PMMA grouting resin AC 356 for joints that can be driven over | KLB coatings \u2714\ufe0f for grouting building components and joints\" \/>\n<meta property=\"og:url\" content=\"https:\/\/dev.klb-koetztal.de\/en\/produkt\/klb-system-acryl-ac-356\/\" \/>\n<meta property=\"og:site_name\" content=\"KLB K\u00f6tztal\" \/>\n<meta property=\"article:publisher\" content=\"https:\/\/www.facebook.com\/klbkoetztal\" \/>\n<meta property=\"article:modified_time\" content=\"2026-03-16T13:16:17+00:00\" \/>\n<meta property=\"og:image\" content=\"https:\/\/dev.klb-koetztal.de\/app\/uploads\/2022\/05\/AC_356_10kg_Gebinde_KLB_600px.jpg\" \/>\n\t<meta property=\"og:image:width\" content=\"600\" \/>\n\t<meta property=\"og:image:height\" content=\"600\" \/>\n\t<meta property=\"og:image:type\" content=\"image\/jpeg\" \/>\n<meta name=\"twitter:card\" content=\"summary_large_image\" \/>\n<script type=\"application\/ld+json\" class=\"yoast-schema-graph\">{\"@context\":\"https:\/\/schema.org\",\"@graph\":[{\"@type\":\"WebPage\",\"@id\":\"https:\/\/dev.klb-koetztal.de\/en\/produkt\/klb-system-acryl-ac-356\/\",\"url\":\"https:\/\/dev.klb-koetztal.de\/en\/produkt\/klb-system-acryl-ac-356\/\",\"name\":\"Rapid-setting joint resin based on PMMA AC 356 | KLB K\u00f6tztal\",\"isPartOf\":{\"@id\":\"https:\/\/dev.klb-koetztal.de\/en\/#website\"},\"primaryImageOfPage\":{\"@id\":\"https:\/\/dev.klb-koetztal.de\/en\/produkt\/klb-system-acryl-ac-356\/#primaryimage\"},\"image\":{\"@id\":\"https:\/\/dev.klb-koetztal.de\/en\/produkt\/klb-system-acryl-ac-356\/#primaryimage\"},\"thumbnailUrl\":\"https:\/\/dev.klb-koetztal.de\/app\/uploads\/2022\/05\/AC_356_10kg_Gebinde_KLB_600px.jpg\",\"datePublished\":\"2022-05-04T06:06:35+00:00\",\"dateModified\":\"2026-03-16T13:16:17+00:00\",\"description\":\"Flexible, highly elastic PMMA grouting resin AC 356 for joints that can be driven over | KLB coatings \u2714\ufe0f for grouting building components and joints\",\"breadcrumb\":{\"@id\":\"https:\/\/dev.klb-koetztal.de\/en\/produkt\/klb-system-acryl-ac-356\/#breadcrumb\"},\"inLanguage\":\"en-GB\",\"potentialAction\":[{\"@type\":\"ReadAction\",\"target\":[\"https:\/\/dev.klb-koetztal.de\/en\/produkt\/klb-system-acryl-ac-356\/\"]}]},{\"@type\":\"ImageObject\",\"inLanguage\":\"en-GB\",\"@id\":\"https:\/\/dev.klb-koetztal.de\/en\/produkt\/klb-system-acryl-ac-356\/#primaryimage\",\"url\":\"https:\/\/dev.klb-koetztal.de\/app\/uploads\/2022\/05\/AC_356_10kg_Gebinde_KLB_600px.jpg\",\"contentUrl\":\"https:\/\/dev.klb-koetztal.de\/app\/uploads\/2022\/05\/AC_356_10kg_Gebinde_KLB_600px.jpg\",\"width\":600,\"height\":600},{\"@type\":\"BreadcrumbList\",\"@id\":\"https:\/\/dev.klb-koetztal.de\/en\/produkt\/klb-system-acryl-ac-356\/#breadcrumb\",\"itemListElement\":[{\"@type\":\"ListItem\",\"position\":1,\"name\":\"Startseite\",\"item\":\"https:\/\/dev.klb-koetztal.de\/en\/\"},{\"@type\":\"ListItem\",\"position\":2,\"name\":\"KLB-SYSTEM ACRYL AC 356\"}]},{\"@type\":\"WebSite\",\"@id\":\"https:\/\/dev.klb-koetztal.de\/en\/#website\",\"url\":\"https:\/\/dev.klb-koetztal.de\/en\/\",\"name\":\"KLB K\u00f6tztal\",\"description\":\"Gute B\u00f6den haben ein System.\",\"potentialAction\":[{\"@type\":\"SearchAction\",\"target\":{\"@type\":\"EntryPoint\",\"urlTemplate\":\"https:\/\/dev.klb-koetztal.de\/en\/?s={search_term_string}\"},\"query-input\":{\"@type\":\"PropertyValueSpecification\",\"valueRequired\":true,\"valueName\":\"search_term_string\"}}],\"inLanguage\":\"en-GB\"}]}<\/script>\n<!-- \/ Yoast SEO plugin. -->","yoast_head_json":{"title":"Rapid-setting joint resin based on PMMA AC 356 | KLB K\u00f6tztal","description":"Flexible, highly elastic PMMA grouting resin AC 356 for joints that can be driven over | KLB coatings \u2714\ufe0f for grouting building components and joints","robots":{"index":"noindex","follow":"follow","max-snippet":"max-snippet:-1","max-image-preview":"max-image-preview:large","max-video-preview":"max-video-preview:-1"},"og_locale":"en_GB","og_type":"article","og_title":"Rapid-setting joint resin based on PMMA AC 356 | KLB K\u00f6tztal","og_description":"Flexible, highly elastic PMMA grouting resin AC 356 for joints that can be driven over | KLB coatings \u2714\ufe0f for grouting building components and joints","og_url":"https:\/\/dev.klb-koetztal.de\/en\/produkt\/klb-system-acryl-ac-356\/","og_site_name":"KLB K\u00f6tztal","article_publisher":"https:\/\/www.facebook.com\/klbkoetztal","article_modified_time":"2026-03-16T13:16:17+00:00","og_image":[{"width":600,"height":600,"url":"https:\/\/dev.klb-koetztal.de\/app\/uploads\/2022\/05\/AC_356_10kg_Gebinde_KLB_600px.jpg","type":"image\/jpeg"}],"twitter_card":"summary_large_image","schema":{"@context":"https:\/\/schema.org","@graph":[{"@type":"WebPage","@id":"https:\/\/dev.klb-koetztal.de\/en\/produkt\/klb-system-acryl-ac-356\/","url":"https:\/\/dev.klb-koetztal.de\/en\/produkt\/klb-system-acryl-ac-356\/","name":"Rapid-setting joint resin based on PMMA AC 356 | KLB K\u00f6tztal","isPartOf":{"@id":"https:\/\/dev.klb-koetztal.de\/en\/#website"},"primaryImageOfPage":{"@id":"https:\/\/dev.klb-koetztal.de\/en\/produkt\/klb-system-acryl-ac-356\/#primaryimage"},"image":{"@id":"https:\/\/dev.klb-koetztal.de\/en\/produkt\/klb-system-acryl-ac-356\/#primaryimage"},"thumbnailUrl":"https:\/\/dev.klb-koetztal.de\/app\/uploads\/2022\/05\/AC_356_10kg_Gebinde_KLB_600px.jpg","datePublished":"2022-05-04T06:06:35+00:00","dateModified":"2026-03-16T13:16:17+00:00","description":"Flexible, highly elastic PMMA grouting resin AC 356 for joints that can be driven over | KLB coatings \u2714\ufe0f for grouting building components and joints","breadcrumb":{"@id":"https:\/\/dev.klb-koetztal.de\/en\/produkt\/klb-system-acryl-ac-356\/#breadcrumb"},"inLanguage":"en-GB","potentialAction":[{"@type":"ReadAction","target":["https:\/\/dev.klb-koetztal.de\/en\/produkt\/klb-system-acryl-ac-356\/"]}]},{"@type":"ImageObject","inLanguage":"en-GB","@id":"https:\/\/dev.klb-koetztal.de\/en\/produkt\/klb-system-acryl-ac-356\/#primaryimage","url":"https:\/\/dev.klb-koetztal.de\/app\/uploads\/2022\/05\/AC_356_10kg_Gebinde_KLB_600px.jpg","contentUrl":"https:\/\/dev.klb-koetztal.de\/app\/uploads\/2022\/05\/AC_356_10kg_Gebinde_KLB_600px.jpg","width":600,"height":600},{"@type":"BreadcrumbList","@id":"https:\/\/dev.klb-koetztal.de\/en\/produkt\/klb-system-acryl-ac-356\/#breadcrumb","itemListElement":[{"@type":"ListItem","position":1,"name":"Startseite","item":"https:\/\/dev.klb-koetztal.de\/en\/"},{"@type":"ListItem","position":2,"name":"KLB-SYSTEM ACRYL AC 356"}]},{"@type":"WebSite","@id":"https:\/\/dev.klb-koetztal.de\/en\/#website","url":"https:\/\/dev.klb-koetztal.de\/en\/","name":"KLB K\u00f6tztal","description":"Gute B\u00f6den haben ein System.","potentialAction":[{"@type":"SearchAction","target":{"@type":"EntryPoint","urlTemplate":"https:\/\/dev.klb-koetztal.de\/en\/?s={search_term_string}"},"query-input":{"@type":"PropertyValueSpecification","valueRequired":true,"valueName":"search_term_string"}}],"inLanguage":"en-GB"}]}},"_links":{"self":[{"href":"https:\/\/dev.klb-koetztal.de\/en\/wp-json\/wp\/v2\/product\/51111","targetHints":{"allow":["GET"]}}],"collection":[{"href":"https:\/\/dev.klb-koetztal.de\/en\/wp-json\/wp\/v2\/product"}],"about":[{"href":"https:\/\/dev.klb-koetztal.de\/en\/wp-json\/wp\/v2\/types\/product"}],"wp:featuredmedia":[{"embeddable":true,"href":"https:\/\/dev.klb-koetztal.de\/en\/wp-json\/wp\/v2\/media\/51113"}],"wp:attachment":[{"href":"https:\/\/dev.klb-koetztal.de\/en\/wp-json\/wp\/v2\/media?parent=51111"}],"wp:term":[{"taxonomy":"product_brand","embeddable":true,"href":"https:\/\/dev.klb-koetztal.de\/en\/wp-json\/wp\/v2\/product_brand?post=51111"},{"taxonomy":"product_cat","embeddable":true,"href":"https:\/\/dev.klb-koetztal.de\/en\/wp-json\/wp\/v2\/product_cat?post=51111"},{"taxonomy":"product_tag","embeddable":true,"href":"https:\/\/dev.klb-koetztal.de\/en\/wp-json\/wp\/v2\/product_tag?post=51111"}],"curies":[{"name":"wp","href":"https:\/\/api.w.org\/{rel}","templated":true}]}}