{"id":50414,"date":"2022-03-14T11:17:07","date_gmt":"2022-03-14T10:17:07","guid":{"rendered":"https:\/\/dev.klb-koetztal.de\/produkt\/klb-system-ec-940-grund\/"},"modified":"2026-02-25T12:10:17","modified_gmt":"2026-02-25T11:10:17","slug":"klb-system-ec-940-grund","status":"publish","type":"product","link":"https:\/\/dev.klb-koetztal.de\/en\/produkt\/klb-system-ec-940-grund\/","title":{"rendered":"KLB-SYSTEM EC 940 Grund"},"content":{"rendered":"","protected":false},"excerpt":{"rendered":"<p>One-component, ready-to-use adhesion&#160;primer on a low-emission dispersion basis for cement-bound substrates and for subsequent mineral layers with KLB-SYSTEM EC 633 C.&#160;The ready-for-use adjustment allows processing to be without the otherwise usual pot life of reaction resins. The prodcut is low-emission, environmentally friendly and easy-to-process; no special protective measures are thus required during application.<\/p>\n","protected":false},"featured_media":50416,"template":"","meta":{"_acf_changed":false},"product_brand":[],"product_cat":[9609,9628],"product_tag":[],"class_list":{"0":"post-50414","1":"product","2":"type-product","3":"status-publish","4":"has-post-thumbnail","6":"product_cat-coatings","7":"product_cat-ecc-and-levelling-coatings-primers","9":"first","10":"instock","11":"shipping-taxable","12":"product-type-simple"},"acf":{"product_header":{"module_product_header":{"":null,"prototype_headline":{"headline":"KLB-SYSTEM EC 940 Grund","h1":true,"subheadline":"One-component, ready-to-use adhesion&#160;primer on a low-emission dispersion basis for subsequent mineral layers with KLB-SYSTEM AUSGLEICH EC 633 C","anchor":"","url":""},"grid_text_slider":false,"grid_text_content":[{"text":"<p class=\"product-short-title\" style=\"text-align: center;\"><strong>Brief description<\/strong><\/p>\n<p>One-component, ready-to-use adhesion&#160;primer on a low-emission dispersion basis for cement-bound substrates and for subsequent mineral layers with KLB-SYSTEM EC 633 C.&#160;The ready-for-use adjustment allows processing to be without the otherwise usual pot life of reaction resins. The prodcut is low-emission, environmentally friendly and easy-to-process; no special protective measures are thus required during application.<\/p>\n","width":"4","background_color_text":"bg-white","border_color":"border-gray-light"},{"text":"<p class=\"product-sicing-title\" style=\"text-align: center;\"><strong>Packaging units<\/strong><\/p>\n<ul>\n<li>DP7611-50 &#8211; Canister 10.00 kg<\/li>\n<\/ul>\n<p><\/p>\n<p>Please do not hesitate to contact us directly for enquiries about larger delivery quantities or packaging units.<\/p>\n\n","width":"4","background_color_text":"bg-white","border_color":"border-gray-light"},{"text":"<p class=\"product-attr-title\" style=\"text-align: center;\"><strong>Properties<\/strong><\/p>\n<ul>\n<li>tested, low-emission quality<\/li>\n<li>EMICODE\u00ae EC 1PLUS certified<\/li>\n<li>compliant with AgBB and suitable for recreation rooms<\/li>\n<li>Total Solid according to GISCODE<\/li>\n<li>physical drying<\/li>\n<li>non-pigmented film<\/li>\n<li>physiologically harmless<\/li>\n<li>ready-to-use<\/li>\n<li>environmentally friendly<\/li>\n<li>free of deleterious substances against varnish<\/li>\n<\/ul>\n","width":"4","background_color_text":"bg-white","border_color":"border-gray-light"}],"background_color":"bg-none","background_color_content":"bg-none"}},"downloads":{"module_download_list":{"inhalt":null,"downloads":[{"download":{"ID":63159,"id":63159,"title":"EC_940_Grund_PI_en_2024_09","filename":"EC_940_Grund_PI_en_2024_09.pdf","filesize":777538,"url":"https:\/\/dev.klb-koetztal.de\/app\/uploads\/2024\/09\/EC_940_Grund_PI_en_2024_09.pdf","link":"https:\/\/dev.klb-koetztal.de\/en\/?attachment_id=63159","alt":"","author":"7","description":"","caption":"","name":"ec_940_grund_pi_en_2024_09-2","status":"inherit","uploaded_to":0,"date":"2024-09-17 08:20:13","modified":"2024-09-17 08:20:13","menu_order":0,"mime_type":"application\/pdf","type":"application","subtype":"pdf","icon":"https:\/\/dev.klb-koetztal.de\/wp\/wp-includes\/images\/media\/document.png"},"filename":"Product Information","protected":false,"doclang":"GB","externalkey":"Produktinformation","docpos":"2"},{"download":{"ID":63162,"id":63162,"title":"EC_940_Grund_PI_fr_2024_09","filename":"EC_940_Grund_PI_fr_2024_09.pdf","filesize":764581,"url":"https:\/\/dev.klb-koetztal.de\/app\/uploads\/2024\/09\/EC_940_Grund_PI_fr_2024_09.pdf","link":"https:\/\/dev.klb-koetztal.de\/en\/?attachment_id=63162","alt":"","author":"7","description":"","caption":"","name":"ec_940_grund_pi_fr_2024_09-2","status":"inherit","uploaded_to":0,"date":"2024-09-17 08:20:15","modified":"2024-09-17 08:20:15","menu_order":0,"mime_type":"application\/pdf","type":"application","subtype":"pdf","icon":"https:\/\/dev.klb-koetztal.de\/wp\/wp-includes\/images\/media\/document.png"},"filename":"Information Produit FR","protected":false,"doclang":"FR","externalkey":"Produktinformation","docpos":"3"},{"download":{"ID":50417,"id":50417,"title":"Leistungserkl\u00e4rung - Statement of performance","filename":"EC940_Grund_LE_2021-02.pdf","filesize":181321,"url":"https:\/\/dev.klb-koetztal.de\/app\/uploads\/2022\/03\/EC940_Grund_LE_2021-02.pdf","link":"https:\/\/dev.klb-koetztal.de\/en\/?attachment_id=50417","alt":"","author":"7","description":"","caption":"","name":"ec940_grund_le_2021-02","status":"inherit","uploaded_to":0,"date":"2022-03-14 10:17:09","modified":"2026-02-25 11:10:32","menu_order":0,"mime_type":"application\/pdf","type":"application","subtype":"pdf","icon":"https:\/\/dev.klb-koetztal.de\/wp\/wp-includes\/images\/media\/document.png"},"filename":"Statement of performance - Leistungserkl\u00e4rung","protected":false,"doclang":"Multi","externalkey":"Leistungserklaerung","docpos":"50"},{"download":{"ID":51336,"id":51336,"title":"EPD-Information","filename":"EC940_Grund_Umwelt-Deklaration_2022-06.pdf","filesize":2981322,"url":"https:\/\/dev.klb-koetztal.de\/app\/uploads\/2022\/06\/EC940_Grund_Umwelt-Deklaration_2022-06.pdf","link":"https:\/\/dev.klb-koetztal.de\/en\/?attachment_id=51336","alt":"","author":"7","description":"","caption":"","name":"ec940_grund_umwelt-deklaration_2022-06","status":"inherit","uploaded_to":0,"date":"2022-06-30 12:48:31","modified":"2026-02-25 11:10:34","menu_order":0,"mime_type":"application\/pdf","type":"application","subtype":"pdf","icon":"https:\/\/dev.klb-koetztal.de\/wp\/wp-includes\/images\/media\/document.png"},"filename":"EPD - Environmental Product Declaration","protected":false,"doclang":"Multi","externalkey":"Umweltproduktdeklaration","docpos":"50"},{"download":false,"filename":"Safety data sheet","protected":true,"doclang":"GB","externalkey":"Sicherheitsdatenblatt","docpos":"2"},{"download":false,"filename":"Fiche de donn\u00e9es de s\u00e9curit\u00e9 FR","protected":true,"doclang":"FR","externalkey":"Sicherheitsdatenblatt","docpos":"3"}],"einstellungen":null,"background_color":"bg-none","background_color_content":"bg-none"}},"included_in_systems":{"module_included_in_systems":{"":null,"background_color":"bg-gray-medium","background_color_content":"bg-none"}},"contact":{"module_contact":{"":null,"background_color":"bg-none","background_color_content":"bg-none"}},"ausschreibende":{"module_ausschreibende":{"andern_sie_den_inhalt_unter_universelle_elemente":null,"background_color":"bg-none","background_color_content":"bg-none"}}},"yoast_head":"<!-- This site is optimized with the Yoast SEO plugin v27.0 - https:\/\/yoast.com\/product\/yoast-seo-wordpress\/ -->\n<title>Low-VOC, ready-to-use adhesion primer EC 940 | KLB K\u00f6tztal<\/title>\n<meta name=\"description\" content=\"One-component, low-emission, ready-to-use bonding agent EC 940 on dispersion basis | KLB floor coverings \u2714\ufe0f environmentally friendly, highly adhesive\" \/>\n<meta name=\"robots\" content=\"noindex, follow, max-snippet:-1, max-image-preview:large, max-video-preview:-1\" \/>\n<meta property=\"og:locale\" content=\"en_GB\" \/>\n<meta property=\"og:type\" content=\"article\" \/>\n<meta property=\"og:title\" content=\"Low-VOC, ready-to-use adhesion primer EC 940 | KLB K\u00f6tztal\" \/>\n<meta property=\"og:description\" content=\"One-component, low-emission, ready-to-use bonding agent EC 940 on dispersion basis | KLB floor coverings \u2714\ufe0f environmentally friendly, highly adhesive\" \/>\n<meta property=\"og:url\" content=\"https:\/\/dev.klb-koetztal.de\/en\/produkt\/klb-system-ec-940-grund\/\" \/>\n<meta property=\"og:site_name\" content=\"KLB K\u00f6tztal\" \/>\n<meta property=\"article:publisher\" content=\"https:\/\/www.facebook.com\/klbkoetztal\" \/>\n<meta property=\"article:modified_time\" content=\"2026-02-25T11:10:17+00:00\" \/>\n<meta property=\"og:image\" content=\"https:\/\/dev.klb-koetztal.de\/app\/uploads\/2022\/03\/EC_940_Grund_10kg_500px.jpg\" \/>\n\t<meta property=\"og:image:width\" content=\"500\" \/>\n\t<meta property=\"og:image:height\" content=\"500\" \/>\n\t<meta property=\"og:image:type\" content=\"image\/jpeg\" \/>\n<meta name=\"twitter:card\" content=\"summary_large_image\" \/>\n<script type=\"application\/ld+json\" class=\"yoast-schema-graph\">{\"@context\":\"https:\/\/schema.org\",\"@graph\":[{\"@type\":\"WebPage\",\"@id\":\"https:\/\/dev.klb-koetztal.de\/en\/produkt\/klb-system-ec-940-grund\/\",\"url\":\"https:\/\/dev.klb-koetztal.de\/en\/produkt\/klb-system-ec-940-grund\/\",\"name\":\"Low-VOC, ready-to-use adhesion primer EC 940 | KLB K\u00f6tztal\",\"isPartOf\":{\"@id\":\"https:\/\/dev.klb-koetztal.de\/en\/#website\"},\"primaryImageOfPage\":{\"@id\":\"https:\/\/dev.klb-koetztal.de\/en\/produkt\/klb-system-ec-940-grund\/#primaryimage\"},\"image\":{\"@id\":\"https:\/\/dev.klb-koetztal.de\/en\/produkt\/klb-system-ec-940-grund\/#primaryimage\"},\"thumbnailUrl\":\"https:\/\/dev.klb-koetztal.de\/app\/uploads\/2022\/03\/EC_940_Grund_10kg_500px.jpg\",\"datePublished\":\"2022-03-14T10:17:07+00:00\",\"dateModified\":\"2026-02-25T11:10:17+00:00\",\"description\":\"One-component, low-emission, ready-to-use bonding agent EC 940 on dispersion basis | KLB floor coverings \u2714\ufe0f environmentally friendly, highly adhesive\",\"breadcrumb\":{\"@id\":\"https:\/\/dev.klb-koetztal.de\/en\/produkt\/klb-system-ec-940-grund\/#breadcrumb\"},\"inLanguage\":\"en-GB\",\"potentialAction\":[{\"@type\":\"ReadAction\",\"target\":[\"https:\/\/dev.klb-koetztal.de\/en\/produkt\/klb-system-ec-940-grund\/\"]}]},{\"@type\":\"ImageObject\",\"inLanguage\":\"en-GB\",\"@id\":\"https:\/\/dev.klb-koetztal.de\/en\/produkt\/klb-system-ec-940-grund\/#primaryimage\",\"url\":\"https:\/\/dev.klb-koetztal.de\/app\/uploads\/2022\/03\/EC_940_Grund_10kg_500px.jpg\",\"contentUrl\":\"https:\/\/dev.klb-koetztal.de\/app\/uploads\/2022\/03\/EC_940_Grund_10kg_500px.jpg\",\"width\":500,\"height\":500},{\"@type\":\"BreadcrumbList\",\"@id\":\"https:\/\/dev.klb-koetztal.de\/en\/produkt\/klb-system-ec-940-grund\/#breadcrumb\",\"itemListElement\":[{\"@type\":\"ListItem\",\"position\":1,\"name\":\"Startseite\",\"item\":\"https:\/\/dev.klb-koetztal.de\/en\/\"},{\"@type\":\"ListItem\",\"position\":2,\"name\":\"KLB-SYSTEM EC 940 Grund\"}]},{\"@type\":\"WebSite\",\"@id\":\"https:\/\/dev.klb-koetztal.de\/en\/#website\",\"url\":\"https:\/\/dev.klb-koetztal.de\/en\/\",\"name\":\"KLB K\u00f6tztal\",\"description\":\"Gute B\u00f6den haben ein System.\",\"potentialAction\":[{\"@type\":\"SearchAction\",\"target\":{\"@type\":\"EntryPoint\",\"urlTemplate\":\"https:\/\/dev.klb-koetztal.de\/en\/?s={search_term_string}\"},\"query-input\":{\"@type\":\"PropertyValueSpecification\",\"valueRequired\":true,\"valueName\":\"search_term_string\"}}],\"inLanguage\":\"en-GB\"}]}<\/script>\n<!-- \/ Yoast SEO plugin. -->","yoast_head_json":{"title":"Low-VOC, ready-to-use adhesion primer EC 940 | KLB K\u00f6tztal","description":"One-component, low-emission, ready-to-use bonding agent EC 940 on dispersion basis | KLB floor coverings \u2714\ufe0f environmentally friendly, highly adhesive","robots":{"index":"noindex","follow":"follow","max-snippet":"max-snippet:-1","max-image-preview":"max-image-preview:large","max-video-preview":"max-video-preview:-1"},"og_locale":"en_GB","og_type":"article","og_title":"Low-VOC, ready-to-use adhesion primer EC 940 | KLB K\u00f6tztal","og_description":"One-component, low-emission, ready-to-use bonding agent EC 940 on dispersion basis | KLB floor coverings \u2714\ufe0f environmentally friendly, highly adhesive","og_url":"https:\/\/dev.klb-koetztal.de\/en\/produkt\/klb-system-ec-940-grund\/","og_site_name":"KLB K\u00f6tztal","article_publisher":"https:\/\/www.facebook.com\/klbkoetztal","article_modified_time":"2026-02-25T11:10:17+00:00","og_image":[{"width":500,"height":500,"url":"https:\/\/dev.klb-koetztal.de\/app\/uploads\/2022\/03\/EC_940_Grund_10kg_500px.jpg","type":"image\/jpeg"}],"twitter_card":"summary_large_image","schema":{"@context":"https:\/\/schema.org","@graph":[{"@type":"WebPage","@id":"https:\/\/dev.klb-koetztal.de\/en\/produkt\/klb-system-ec-940-grund\/","url":"https:\/\/dev.klb-koetztal.de\/en\/produkt\/klb-system-ec-940-grund\/","name":"Low-VOC, ready-to-use adhesion primer EC 940 | KLB K\u00f6tztal","isPartOf":{"@id":"https:\/\/dev.klb-koetztal.de\/en\/#website"},"primaryImageOfPage":{"@id":"https:\/\/dev.klb-koetztal.de\/en\/produkt\/klb-system-ec-940-grund\/#primaryimage"},"image":{"@id":"https:\/\/dev.klb-koetztal.de\/en\/produkt\/klb-system-ec-940-grund\/#primaryimage"},"thumbnailUrl":"https:\/\/dev.klb-koetztal.de\/app\/uploads\/2022\/03\/EC_940_Grund_10kg_500px.jpg","datePublished":"2022-03-14T10:17:07+00:00","dateModified":"2026-02-25T11:10:17+00:00","description":"One-component, low-emission, ready-to-use bonding agent EC 940 on dispersion basis | KLB floor coverings \u2714\ufe0f environmentally friendly, highly adhesive","breadcrumb":{"@id":"https:\/\/dev.klb-koetztal.de\/en\/produkt\/klb-system-ec-940-grund\/#breadcrumb"},"inLanguage":"en-GB","potentialAction":[{"@type":"ReadAction","target":["https:\/\/dev.klb-koetztal.de\/en\/produkt\/klb-system-ec-940-grund\/"]}]},{"@type":"ImageObject","inLanguage":"en-GB","@id":"https:\/\/dev.klb-koetztal.de\/en\/produkt\/klb-system-ec-940-grund\/#primaryimage","url":"https:\/\/dev.klb-koetztal.de\/app\/uploads\/2022\/03\/EC_940_Grund_10kg_500px.jpg","contentUrl":"https:\/\/dev.klb-koetztal.de\/app\/uploads\/2022\/03\/EC_940_Grund_10kg_500px.jpg","width":500,"height":500},{"@type":"BreadcrumbList","@id":"https:\/\/dev.klb-koetztal.de\/en\/produkt\/klb-system-ec-940-grund\/#breadcrumb","itemListElement":[{"@type":"ListItem","position":1,"name":"Startseite","item":"https:\/\/dev.klb-koetztal.de\/en\/"},{"@type":"ListItem","position":2,"name":"KLB-SYSTEM EC 940 Grund"}]},{"@type":"WebSite","@id":"https:\/\/dev.klb-koetztal.de\/en\/#website","url":"https:\/\/dev.klb-koetztal.de\/en\/","name":"KLB K\u00f6tztal","description":"Gute B\u00f6den haben ein System.","potentialAction":[{"@type":"SearchAction","target":{"@type":"EntryPoint","urlTemplate":"https:\/\/dev.klb-koetztal.de\/en\/?s={search_term_string}"},"query-input":{"@type":"PropertyValueSpecification","valueRequired":true,"valueName":"search_term_string"}}],"inLanguage":"en-GB"}]}},"_links":{"self":[{"href":"https:\/\/dev.klb-koetztal.de\/en\/wp-json\/wp\/v2\/product\/50414","targetHints":{"allow":["GET"]}}],"collection":[{"href":"https:\/\/dev.klb-koetztal.de\/en\/wp-json\/wp\/v2\/product"}],"about":[{"href":"https:\/\/dev.klb-koetztal.de\/en\/wp-json\/wp\/v2\/types\/product"}],"wp:featuredmedia":[{"embeddable":true,"href":"https:\/\/dev.klb-koetztal.de\/en\/wp-json\/wp\/v2\/media\/50416"}],"wp:attachment":[{"href":"https:\/\/dev.klb-koetztal.de\/en\/wp-json\/wp\/v2\/media?parent=50414"}],"wp:term":[{"taxonomy":"product_brand","embeddable":true,"href":"https:\/\/dev.klb-koetztal.de\/en\/wp-json\/wp\/v2\/product_brand?post=50414"},{"taxonomy":"product_cat","embeddable":true,"href":"https:\/\/dev.klb-koetztal.de\/en\/wp-json\/wp\/v2\/product_cat?post=50414"},{"taxonomy":"product_tag","embeddable":true,"href":"https:\/\/dev.klb-koetztal.de\/en\/wp-json\/wp\/v2\/product_tag?post=50414"}],"curies":[{"name":"wp","href":"https:\/\/api.w.org\/{rel}","templated":true}]}}