{"id":49204,"date":"2022-02-24T11:50:52","date_gmt":"2022-02-24T10:50:52","guid":{"rendered":"https:\/\/www.klb-koetztal.de\/produkt\/klb-system-polyurethan-pu-455-techwood\/"},"modified":"2026-02-25T11:58:35","modified_gmt":"2026-02-25T10:58:35","slug":"klb-system-polyurethan-pu-455-techwood","status":"publish","type":"product","link":"https:\/\/dev.klb-koetztal.de\/en\/produkt\/klb-system-polyurethan-pu-455-techwood\/","title":{"rendered":"KLB-SYSTEM POLYURETHAN PU 455 Techwood"},"content":{"rendered":"","protected":false},"excerpt":{"rendered":"<p>Low-emission, coloured, elastic 2-component polyurethane coating which is preferably used&#160;for producing grinded floors in&#160;wood look in commercial areas. Suitable on substrates susceptible to deformation such as mastic&#160;asphalt, laying tiles or double floors, etc.&#160;Results in an attractive wood imitation covering in the colours&#160;Larch, Bangkirai, Teak, Bongossi, Black and White.<br \/>\nCan be grinded with&#160;a standard parquet belt sander.<br \/>\nPlease observe our note on colour\/colouring. Not colour-stable!<\/p>\n","protected":false},"featured_media":50368,"template":"","meta":{"_acf_changed":false},"product_brand":[],"product_cat":[9609,9611],"product_tag":[],"class_list":{"0":"post-49204","1":"product","2":"type-product","3":"status-publish","4":"has-post-thumbnail","6":"product_cat-coatings","7":"product_cat-2-component-polyurethane-coatings-comfortable-coatings","9":"first","10":"instock","11":"shipping-taxable","12":"product-type-simple"},"acf":{"product_header":{"module_product_header":{"":null,"prototype_headline":{"headline":"KLB-SYSTEM POLYURETHAN PU 455 Techwood","h1":true,"subheadline":"Low-emission, elastic and grindable 2-component polyurethane coating for&#160;floors in&#160;wood look","anchor":"","url":""},"grid_text_slider":false,"grid_text_content":[{"text":"<p class=\"product-short-title\" style=\"text-align: center;\"><strong>Brief description<\/strong><\/p>\n<p>Low-emission, coloured, elastic 2-component polyurethane coating which is preferably used&#160;for producing grinded floors in&#160;wood look in commercial areas. Suitable on substrates susceptible to deformation such as mastic&#160;asphalt, laying tiles or double floors, etc.&#160;Results in an attractive wood imitation covering in the colours&#160;Larch, Bangkirai, Teak, Bongossi, Black and White.<\/p>\n<p>Can be grinded with&#160;a standard parquet belt sander.<\/p>\n<p>Please observe our note on colour\/colouring. Not colour-stable!<\/p>\n","width":"4","background_color_text":"bg-white","border_color":"border-gray-light"},{"text":"<p class=\"product-sicing-title\" style=\"text-align: center;\"><strong>Packaging units<\/strong><\/p>\n<ul>\n<li>AK6151-47 &#8211; Hobbock combo 12.00 kg<\/li>\n<li>AK6151-30 &#8211; Hobbock combo 30.00 kg<\/li>\n<\/ul>\n<p><\/p>\n<p>Please do not hesitate to contact us directly for enquiries about larger delivery quantities or packaging units.<\/p>\n\n","width":"4","background_color_text":"bg-white","border_color":"border-gray-light"},{"text":"<p class=\"product-attr-title\" style=\"text-align: center;\"><strong>Properties<\/strong><\/p>\n<ul>\n<li>Total Solid according to GISCODE (Test method &#8220;Deutsche Bauchemie&#8221;)<\/li>\n<li>elastic and deformable<\/li>\n<li>consistent to hydrolysis and saponification<\/li>\n<li>ready-to-use<\/li>\n<li>available in several colours<\/li>\n<\/ul>\n","width":"4","background_color_text":"bg-white","border_color":"border-gray-light"}],"background_color":"bg-none","background_color_content":"bg-none"}},"downloads":{"module_download_list":{"inhalt":null,"downloads":[{"download":{"ID":54842,"id":54842,"title":"PU_455_Techwood_PI_en_2023_02","filename":"PU_455_Techwood_PI_en_2023_02.pdf","filesize":350020,"url":"https:\/\/dev.klb-koetztal.de\/app\/uploads\/2023\/02\/PU_455_Techwood_PI_en_2023_02.pdf","link":"https:\/\/dev.klb-koetztal.de\/en\/?attachment_id=54842","alt":"","author":"7","description":"","caption":"","name":"pu_455_techwood_pi_en_2023_02-2","status":"inherit","uploaded_to":0,"date":"2023-02-14 14:10:11","modified":"2023-02-14 14:10:11","menu_order":0,"mime_type":"application\/pdf","type":"application","subtype":"pdf","icon":"https:\/\/dev.klb-koetztal.de\/wp\/wp-includes\/images\/media\/document.png"},"filename":"Product Information","protected":false,"doclang":"GB","externalkey":"Produktinformation","docpos":"2"},{"download":{"ID":54845,"id":54845,"title":"PU_455_Techwood_PI_fr_2023_02","filename":"PU_455_Techwood_PI_fr_2023_02.pdf","filesize":357321,"url":"https:\/\/dev.klb-koetztal.de\/app\/uploads\/2023\/02\/PU_455_Techwood_PI_fr_2023_02.pdf","link":"https:\/\/dev.klb-koetztal.de\/en\/?attachment_id=54845","alt":"","author":"7","description":"","caption":"","name":"pu_455_techwood_pi_fr_2023_02-2","status":"inherit","uploaded_to":0,"date":"2023-02-14 14:10:12","modified":"2023-02-14 14:10:12","menu_order":0,"mime_type":"application\/pdf","type":"application","subtype":"pdf","icon":"https:\/\/dev.klb-koetztal.de\/wp\/wp-includes\/images\/media\/document.png"},"filename":"Information Produit FR","protected":false,"doclang":"FR","externalkey":"Produktinformation","docpos":"3"},{"download":{"ID":51278,"id":51278,"title":"EPD-Information","filename":"PU455Techwood_Umwelt-Deklaration_2022-06.pdf","filesize":2554494,"url":"https:\/\/dev.klb-koetztal.de\/app\/uploads\/2022\/06\/PU455Techwood_Umwelt-Deklaration_2022-06.pdf","link":"https:\/\/dev.klb-koetztal.de\/en\/?attachment_id=51278","alt":"","author":"7","description":"","caption":"","name":"pu455techwood_umwelt-deklaration_2022-06","status":"inherit","uploaded_to":0,"date":"2022-06-23 13:33:25","modified":"2026-02-25 10:58:45","menu_order":0,"mime_type":"application\/pdf","type":"application","subtype":"pdf","icon":"https:\/\/dev.klb-koetztal.de\/wp\/wp-includes\/images\/media\/document.png"},"filename":"EPD - Environmental Product Declaration","protected":false,"doclang":"Multi","externalkey":"Umweltproduktdeklaration","docpos":"50"},{"download":false,"filename":"Safety data sheet","protected":true,"doclang":"GB","externalkey":"Sicherheitsdatenblatt","docpos":"2"},{"download":false,"filename":"Fiche de donn\u00e9es de s\u00e9curit\u00e9 FR","protected":true,"doclang":"FR","externalkey":"Sicherheitsdatenblatt","docpos":"3"}],"einstellungen":null,"background_color":"bg-none","background_color_content":"bg-none"}},"included_in_systems":{"module_included_in_systems":{"":null,"background_color":"bg-gray-medium","background_color_content":"bg-none"}},"contact":{"module_contact":{"":null,"background_color":"bg-none","background_color_content":"bg-none"}},"ausschreibende":{"module_ausschreibende":{"andern_sie_den_inhalt_unter_universelle_elemente":null,"background_color":"bg-none","background_color_content":"bg-none"}}},"yoast_head":"<!-- This site is optimized with the Yoast SEO plugin v27.0 - https:\/\/yoast.com\/product\/yoast-seo-wordpress\/ -->\n<title>Low-emission floor covering wood imitation PU 455 Techwood | KLB<\/title>\n<meta name=\"description\" content=\"Low-VOC, elastic floor covering PU 455 in wood look | KLB coating \u2714\ufe0f low-emisison, wood imitation, Larch, Bangkirai, Teak, Bongossi, Black and White\" \/>\n<meta name=\"robots\" content=\"noindex, follow, max-snippet:-1, max-image-preview:large, max-video-preview:-1\" \/>\n<meta property=\"og:locale\" content=\"en_GB\" \/>\n<meta property=\"og:type\" content=\"article\" \/>\n<meta property=\"og:title\" content=\"Low-emission floor covering wood imitation PU 455 Techwood | KLB\" \/>\n<meta property=\"og:description\" content=\"Low-VOC, elastic floor covering PU 455 in wood look | KLB coating \u2714\ufe0f low-emisison, wood imitation, Larch, Bangkirai, Teak, Bongossi, Black and White\" \/>\n<meta property=\"og:url\" content=\"https:\/\/dev.klb-koetztal.de\/en\/produkt\/klb-system-polyurethan-pu-455-techwood\/\" \/>\n<meta property=\"og:site_name\" content=\"KLB K\u00f6tztal\" \/>\n<meta property=\"article:publisher\" content=\"https:\/\/www.facebook.com\/klbkoetztal\" \/>\n<meta property=\"article:modified_time\" content=\"2026-02-25T10:58:35+00:00\" \/>\n<meta property=\"og:image\" content=\"https:\/\/dev.klb-koetztal.de\/app\/uploads\/2022\/03\/PU_455_Techwood-600px_Kombi-KLB.jpg\" \/>\n\t<meta property=\"og:image:width\" content=\"600\" \/>\n\t<meta property=\"og:image:height\" content=\"600\" \/>\n\t<meta property=\"og:image:type\" content=\"image\/jpeg\" \/>\n<meta name=\"twitter:card\" content=\"summary_large_image\" \/>\n<script type=\"application\/ld+json\" class=\"yoast-schema-graph\">{\"@context\":\"https:\/\/schema.org\",\"@graph\":[{\"@type\":\"WebPage\",\"@id\":\"https:\/\/dev.klb-koetztal.de\/en\/produkt\/klb-system-polyurethan-pu-455-techwood\/\",\"url\":\"https:\/\/dev.klb-koetztal.de\/en\/produkt\/klb-system-polyurethan-pu-455-techwood\/\",\"name\":\"Low-emission floor covering wood imitation PU 455 Techwood | KLB\",\"isPartOf\":{\"@id\":\"https:\/\/dev.klb-koetztal.de\/en\/#website\"},\"primaryImageOfPage\":{\"@id\":\"https:\/\/dev.klb-koetztal.de\/en\/produkt\/klb-system-polyurethan-pu-455-techwood\/#primaryimage\"},\"image\":{\"@id\":\"https:\/\/dev.klb-koetztal.de\/en\/produkt\/klb-system-polyurethan-pu-455-techwood\/#primaryimage\"},\"thumbnailUrl\":\"https:\/\/dev.klb-koetztal.de\/app\/uploads\/2022\/03\/PU_455_Techwood-600px_Kombi-KLB.jpg\",\"datePublished\":\"2022-02-24T10:50:52+00:00\",\"dateModified\":\"2026-02-25T10:58:35+00:00\",\"description\":\"Low-VOC, elastic floor covering PU 455 in wood look | KLB coating \u2714\ufe0f low-emisison, wood imitation, Larch, Bangkirai, Teak, Bongossi, Black and White\",\"breadcrumb\":{\"@id\":\"https:\/\/dev.klb-koetztal.de\/en\/produkt\/klb-system-polyurethan-pu-455-techwood\/#breadcrumb\"},\"inLanguage\":\"en-GB\",\"potentialAction\":[{\"@type\":\"ReadAction\",\"target\":[\"https:\/\/dev.klb-koetztal.de\/en\/produkt\/klb-system-polyurethan-pu-455-techwood\/\"]}]},{\"@type\":\"ImageObject\",\"inLanguage\":\"en-GB\",\"@id\":\"https:\/\/dev.klb-koetztal.de\/en\/produkt\/klb-system-polyurethan-pu-455-techwood\/#primaryimage\",\"url\":\"https:\/\/dev.klb-koetztal.de\/app\/uploads\/2022\/03\/PU_455_Techwood-600px_Kombi-KLB.jpg\",\"contentUrl\":\"https:\/\/dev.klb-koetztal.de\/app\/uploads\/2022\/03\/PU_455_Techwood-600px_Kombi-KLB.jpg\",\"width\":600,\"height\":600},{\"@type\":\"BreadcrumbList\",\"@id\":\"https:\/\/dev.klb-koetztal.de\/en\/produkt\/klb-system-polyurethan-pu-455-techwood\/#breadcrumb\",\"itemListElement\":[{\"@type\":\"ListItem\",\"position\":1,\"name\":\"Startseite\",\"item\":\"https:\/\/dev.klb-koetztal.de\/en\/\"},{\"@type\":\"ListItem\",\"position\":2,\"name\":\"KLB-SYSTEM POLYURETHAN PU 455 Techwood\"}]},{\"@type\":\"WebSite\",\"@id\":\"https:\/\/dev.klb-koetztal.de\/en\/#website\",\"url\":\"https:\/\/dev.klb-koetztal.de\/en\/\",\"name\":\"KLB K\u00f6tztal\",\"description\":\"Gute B\u00f6den haben ein System.\",\"potentialAction\":[{\"@type\":\"SearchAction\",\"target\":{\"@type\":\"EntryPoint\",\"urlTemplate\":\"https:\/\/dev.klb-koetztal.de\/en\/?s={search_term_string}\"},\"query-input\":{\"@type\":\"PropertyValueSpecification\",\"valueRequired\":true,\"valueName\":\"search_term_string\"}}],\"inLanguage\":\"en-GB\"}]}<\/script>\n<!-- \/ Yoast SEO plugin. -->","yoast_head_json":{"title":"Low-emission floor covering wood imitation PU 455 Techwood | KLB","description":"Low-VOC, elastic floor covering PU 455 in wood look | KLB coating \u2714\ufe0f low-emisison, wood imitation, Larch, Bangkirai, Teak, Bongossi, Black and White","robots":{"index":"noindex","follow":"follow","max-snippet":"max-snippet:-1","max-image-preview":"max-image-preview:large","max-video-preview":"max-video-preview:-1"},"og_locale":"en_GB","og_type":"article","og_title":"Low-emission floor covering wood imitation PU 455 Techwood | KLB","og_description":"Low-VOC, elastic floor covering PU 455 in wood look | KLB coating \u2714\ufe0f low-emisison, wood imitation, Larch, Bangkirai, Teak, Bongossi, Black and White","og_url":"https:\/\/dev.klb-koetztal.de\/en\/produkt\/klb-system-polyurethan-pu-455-techwood\/","og_site_name":"KLB K\u00f6tztal","article_publisher":"https:\/\/www.facebook.com\/klbkoetztal","article_modified_time":"2026-02-25T10:58:35+00:00","og_image":[{"width":600,"height":600,"url":"https:\/\/dev.klb-koetztal.de\/app\/uploads\/2022\/03\/PU_455_Techwood-600px_Kombi-KLB.jpg","type":"image\/jpeg"}],"twitter_card":"summary_large_image","schema":{"@context":"https:\/\/schema.org","@graph":[{"@type":"WebPage","@id":"https:\/\/dev.klb-koetztal.de\/en\/produkt\/klb-system-polyurethan-pu-455-techwood\/","url":"https:\/\/dev.klb-koetztal.de\/en\/produkt\/klb-system-polyurethan-pu-455-techwood\/","name":"Low-emission floor covering wood imitation PU 455 Techwood | KLB","isPartOf":{"@id":"https:\/\/dev.klb-koetztal.de\/en\/#website"},"primaryImageOfPage":{"@id":"https:\/\/dev.klb-koetztal.de\/en\/produkt\/klb-system-polyurethan-pu-455-techwood\/#primaryimage"},"image":{"@id":"https:\/\/dev.klb-koetztal.de\/en\/produkt\/klb-system-polyurethan-pu-455-techwood\/#primaryimage"},"thumbnailUrl":"https:\/\/dev.klb-koetztal.de\/app\/uploads\/2022\/03\/PU_455_Techwood-600px_Kombi-KLB.jpg","datePublished":"2022-02-24T10:50:52+00:00","dateModified":"2026-02-25T10:58:35+00:00","description":"Low-VOC, elastic floor covering PU 455 in wood look | KLB coating \u2714\ufe0f low-emisison, wood imitation, Larch, Bangkirai, Teak, Bongossi, Black and White","breadcrumb":{"@id":"https:\/\/dev.klb-koetztal.de\/en\/produkt\/klb-system-polyurethan-pu-455-techwood\/#breadcrumb"},"inLanguage":"en-GB","potentialAction":[{"@type":"ReadAction","target":["https:\/\/dev.klb-koetztal.de\/en\/produkt\/klb-system-polyurethan-pu-455-techwood\/"]}]},{"@type":"ImageObject","inLanguage":"en-GB","@id":"https:\/\/dev.klb-koetztal.de\/en\/produkt\/klb-system-polyurethan-pu-455-techwood\/#primaryimage","url":"https:\/\/dev.klb-koetztal.de\/app\/uploads\/2022\/03\/PU_455_Techwood-600px_Kombi-KLB.jpg","contentUrl":"https:\/\/dev.klb-koetztal.de\/app\/uploads\/2022\/03\/PU_455_Techwood-600px_Kombi-KLB.jpg","width":600,"height":600},{"@type":"BreadcrumbList","@id":"https:\/\/dev.klb-koetztal.de\/en\/produkt\/klb-system-polyurethan-pu-455-techwood\/#breadcrumb","itemListElement":[{"@type":"ListItem","position":1,"name":"Startseite","item":"https:\/\/dev.klb-koetztal.de\/en\/"},{"@type":"ListItem","position":2,"name":"KLB-SYSTEM POLYURETHAN PU 455 Techwood"}]},{"@type":"WebSite","@id":"https:\/\/dev.klb-koetztal.de\/en\/#website","url":"https:\/\/dev.klb-koetztal.de\/en\/","name":"KLB K\u00f6tztal","description":"Gute B\u00f6den haben ein System.","potentialAction":[{"@type":"SearchAction","target":{"@type":"EntryPoint","urlTemplate":"https:\/\/dev.klb-koetztal.de\/en\/?s={search_term_string}"},"query-input":{"@type":"PropertyValueSpecification","valueRequired":true,"valueName":"search_term_string"}}],"inLanguage":"en-GB"}]}},"_links":{"self":[{"href":"https:\/\/dev.klb-koetztal.de\/en\/wp-json\/wp\/v2\/product\/49204","targetHints":{"allow":["GET"]}}],"collection":[{"href":"https:\/\/dev.klb-koetztal.de\/en\/wp-json\/wp\/v2\/product"}],"about":[{"href":"https:\/\/dev.klb-koetztal.de\/en\/wp-json\/wp\/v2\/types\/product"}],"wp:featuredmedia":[{"embeddable":true,"href":"https:\/\/dev.klb-koetztal.de\/en\/wp-json\/wp\/v2\/media\/50368"}],"wp:attachment":[{"href":"https:\/\/dev.klb-koetztal.de\/en\/wp-json\/wp\/v2\/media?parent=49204"}],"wp:term":[{"taxonomy":"product_brand","embeddable":true,"href":"https:\/\/dev.klb-koetztal.de\/en\/wp-json\/wp\/v2\/product_brand?post=49204"},{"taxonomy":"product_cat","embeddable":true,"href":"https:\/\/dev.klb-koetztal.de\/en\/wp-json\/wp\/v2\/product_cat?post=49204"},{"taxonomy":"product_tag","embeddable":true,"href":"https:\/\/dev.klb-koetztal.de\/en\/wp-json\/wp\/v2\/product_tag?post=49204"}],"curies":[{"name":"wp","href":"https:\/\/api.w.org\/{rel}","templated":true}]}}