{"id":47242,"date":"2021-05-03T16:42:35","date_gmt":"2021-10-22T13:00:08","guid":{"rendered":"https:\/\/www.klb-koetztal.de\/produkt\/chemoresin-cr-920\/"},"modified":"2026-02-25T11:37:50","modified_gmt":"2026-02-25T10:37:50","slug":"chemoresin-cr-920","status":"publish","type":"product","link":"https:\/\/dev.klb-koetztal.de\/en\/produkt\/chemoresin-cr-920\/","title":{"rendered":"CHEMORESIN CR 920"},"content":{"rendered":"","protected":false},"excerpt":{"rendered":"<p>CHEMORESIN CR 920 is a new and innovative 2-component reactive resin self-levelling coating based on a special polyurethane with significantly higher chemical resistance than conventional epoxy resin or polyurethane coatings. It is used to produce smooth or slip-resistant, chemically highly stable coverings.<br \/>\nThe cured coating is particularly suitable for commercial and industrial areas with special&#160;requirements to chemical resistance. The product&#160;is especially useful in areas that are, among other things, subject to high chemical loads in various industries: chemical industry, paint strippers, electroplating plants&#160;and many other areas.<br \/>\nCHEMORESIN coatings are special technical coatings and are not intended to provide a decorative appearance!<\/p>\n","protected":false},"featured_media":62079,"template":"","meta":{"_acf_changed":false},"product_brand":[],"product_cat":[8674,9612],"product_tag":[],"class_list":{"0":"post-47242","1":"product","2":"type-product","3":"status-publish","4":"has-post-thumbnail","6":"product_cat-chemoresin-2","7":"product_cat-primers-and-coatings-resistant-to-chemicals","9":"first","10":"instock","11":"shipping-taxable","12":"product-type-simple"},"acf":{"product_header":{"module_product_header":{"":null,"prototype_headline":{"headline":"CHEMORESIN CR 920","h1":true,"subheadline":"Innovative 2-component reactive resin self-levelling coating based on a special polyurethane with high chemical resistance","anchor":"","url":""},"grid_text_slider":false,"grid_text_content":[{"text":"<p class=\"product-short-title\" style=\"text-align: center;\"><strong>Brief description<\/strong><\/p>\n<p><strong>CHEMORESIN CR 920<\/strong> is a new and innovative 2-component reactive resin self-levelling coating based on a special polyurethane with significantly higher chemical resistance than conventional epoxy resin or polyurethane coatings. It is used to produce smooth or slip-resistant, chemically highly stable coverings.<\/p>\n<p>The cured coating is particularly suitable for commercial and industrial areas with special&#160;requirements to chemical resistance. The product&#160;is especially useful in areas that are, among other things, subject to high chemical loads in various industries: chemical industry, paint strippers, electroplating plants&#160;and many other areas.<\/p>\n<p><strong>CHEMORESIN<\/strong> coatings are special technical coatings and are not intended to provide a decorative appearance!<\/p>\n","width":"4","background_color_text":"bg-white","border_color":"border-gray-light"},{"text":"<p class=\"product-sicing-title\" style=\"text-align: center;\"><strong>Packaging units<\/strong><\/p>\n<ul>\n<li>AK2001-50 &#8211; Bucket combo 10.00 kg<\/li>\n<li>AK2001-25 &#8211; Hobbock combo 22.00 kg<\/li>\n<\/ul>\n<p><\/p>\n<p>Please do not hesitate to contact us directly for enquiries about larger delivery quantities or packaging units.<\/p>\n\n","width":"4","background_color_text":"bg-white","border_color":"border-gray-light"},{"text":"<p class=\"product-attr-title\" style=\"text-align: center;\"><strong>Properties<\/strong><\/p>\n<ul>\n<li>high chemical resistance<\/li>\n<li>consistent to hydrolysis and saponification<\/li>\n<li>good processing properties<\/li>\n<li>high mechanical resistance<\/li>\n<li>novel combination for technical applications<\/li>\n<li>resistant to abrasion and wear<\/li>\n<\/ul>\n","width":"4","background_color_text":"bg-white","border_color":"border-gray-light"}],"background_color":"bg-none","background_color_content":"bg-none"}},"downloads":{"module_download_list":{"inhalt":null,"downloads":[{"download":{"ID":65031,"id":65031,"title":"CR_920_PI_en_2025_04","filename":"CR_920_PI_en_2025_04.pdf","filesize":402691,"url":"https:\/\/dev.klb-koetztal.de\/app\/uploads\/2025\/04\/CR_920_PI_en_2025_04.pdf","link":"https:\/\/dev.klb-koetztal.de\/en\/?attachment_id=65031","alt":"","author":"7","description":"","caption":"","name":"cr_920_pi_en_2025_04-2","status":"inherit","uploaded_to":0,"date":"2025-04-22 06:50:23","modified":"2025-04-22 06:50:23","menu_order":0,"mime_type":"application\/pdf","type":"application","subtype":"pdf","icon":"https:\/\/dev.klb-koetztal.de\/wp\/wp-includes\/images\/media\/document.png"},"filename":"Product information","protected":false,"doclang":"GB","externalkey":"Produktinformation","docpos":"2"},{"download":{"ID":65034,"id":65034,"title":"CR_920_PI_fr_2025_04","filename":"CR_920_PI_fr_2025_04.pdf","filesize":475837,"url":"https:\/\/dev.klb-koetztal.de\/app\/uploads\/2025\/04\/CR_920_PI_fr_2025_04.pdf","link":"https:\/\/dev.klb-koetztal.de\/en\/?attachment_id=65034","alt":"","author":"7","description":"","caption":"","name":"cr_920_pi_fr_2025_04-2","status":"inherit","uploaded_to":0,"date":"2025-04-22 06:50:25","modified":"2025-04-22 06:50:25","menu_order":0,"mime_type":"application\/pdf","type":"application","subtype":"pdf","icon":"https:\/\/dev.klb-koetztal.de\/wp\/wp-includes\/images\/media\/document.png"},"filename":"Information produit","protected":false,"doclang":"FR","externalkey":"Produktinformation","docpos":"3"},{"download":{"ID":49396,"id":49396,"title":"Leistungserkl\u00e4rung - Statement of performance","filename":"CR920_LE_06-2020.pdf","filesize":227399,"url":"https:\/\/dev.klb-koetztal.de\/app\/uploads\/2022\/03\/CR920_LE_06-2020.pdf","link":"https:\/\/dev.klb-koetztal.de\/en\/?attachment_id=49396","alt":"","author":"7","description":"","caption":"","name":"cr920_le_06-2020","status":"inherit","uploaded_to":0,"date":"2022-03-14 09:55:51","modified":"2026-02-25 10:37:59","menu_order":0,"mime_type":"application\/pdf","type":"application","subtype":"pdf","icon":"https:\/\/dev.klb-koetztal.de\/wp\/wp-includes\/images\/media\/document.png"},"filename":"Statement of performance - Leistungserkl\u00e4rung","protected":false,"doclang":"Multi","externalkey":"Leistungserklaerung","docpos":"50"},{"download":{"ID":51268,"id":51268,"title":"EPD-Information","filename":"CR920_Umwelt-Deklaration_2022-06.pdf","filesize":2554117,"url":"https:\/\/dev.klb-koetztal.de\/app\/uploads\/2022\/06\/CR920_Umwelt-Deklaration_2022-06.pdf","link":"https:\/\/dev.klb-koetztal.de\/en\/?attachment_id=51268","alt":"","author":"7","description":"","caption":"","name":"cr920_umwelt-deklaration_2022-06","status":"inherit","uploaded_to":0,"date":"2022-06-22 11:47:47","modified":"2026-02-25 10:38:06","menu_order":0,"mime_type":"application\/pdf","type":"application","subtype":"pdf","icon":"https:\/\/dev.klb-koetztal.de\/wp\/wp-includes\/images\/media\/document.png"},"filename":"EPD - Environmental Product Declaration","protected":false,"doclang":"Multi","externalkey":"Umweltproduktdeklaration","docpos":"50"},{"download":false,"filename":"Safety data sheet","protected":true,"doclang":"GB","externalkey":"Sicherheitsdatenblatt","docpos":"2"},{"download":false,"filename":"Fiche de donn\u00e9es de s\u00e9curit\u00e9 FR","protected":true,"doclang":"FR","externalkey":"Sicherheitsdatenblatt","docpos":"3"},{"download":{"ID":49405,"id":49405,"title":"Farbkarte CHEMORESIN CR 920","filename":"Farbkarte_Chemoresin_01-2021_DE_GB_FR.pdf","filesize":1532602,"url":"https:\/\/dev.klb-koetztal.de\/app\/uploads\/2022\/03\/Farbkarte_Chemoresin_01-2021_DE_GB_FR.pdf","link":"https:\/\/dev.klb-koetztal.de\/en\/?attachment_id=49405","alt":"","author":"7","description":"","caption":"","name":"farbkarte_chemoresin_01-2021_de_gb_fr","status":"inherit","uploaded_to":0,"date":"2022-03-14 09:55:59","modified":"2026-02-25 10:38:07","menu_order":0,"mime_type":"application\/pdf","type":"application","subtype":"pdf","icon":"https:\/\/dev.klb-koetztal.de\/wp\/wp-includes\/images\/media\/document.png"},"filename":"Colour charts EN","protected":false,"doclang":"Multi","externalkey":"Farbkarten","docpos":"50"}],"einstellungen":null,"background_color":"bg-none","background_color_content":"bg-none"}},"included_in_systems":{"module_included_in_systems":{"":null,"background_color":"bg-gray-medium","background_color_content":"bg-none"}},"contact":{"module_contact":{"":null,"background_color":"bg-none","background_color_content":"bg-none"}},"ausschreibende":{"module_ausschreibende":{"andern_sie_den_inhalt_unter_universelle_elemente":null,"background_color":"bg-none","background_color_content":"bg-none"}}},"yoast_head":"<!-- This site is optimized with the Yoast SEO plugin v27.0 - https:\/\/yoast.com\/product\/yoast-seo-wordpress\/ -->\n<title>Highly chemically stable 2-component coating CR 920 | KLB K\u00f6tztal<\/title>\n<meta name=\"description\" content=\"Highly chemical-resistant 2-component polyurethane coating CR 920 | KLB floor coatings \u2714\ufe0f very chemical-resistant to acids and bases\" \/>\n<meta name=\"robots\" content=\"noindex, follow, max-snippet:-1, max-image-preview:large, max-video-preview:-1\" \/>\n<meta property=\"og:locale\" content=\"en_GB\" \/>\n<meta property=\"og:type\" content=\"article\" \/>\n<meta property=\"og:title\" content=\"Highly chemically stable 2-component coating CR 920 | KLB K\u00f6tztal\" \/>\n<meta property=\"og:description\" content=\"Highly chemical-resistant 2-component polyurethane coating CR 920 | KLB floor coatings \u2714\ufe0f very chemical-resistant to acids and bases\" \/>\n<meta property=\"og:url\" content=\"https:\/\/dev.klb-koetztal.de\/en\/produkt\/chemoresin-cr-920\/\" \/>\n<meta property=\"og:site_name\" content=\"KLB K\u00f6tztal\" \/>\n<meta property=\"article:publisher\" content=\"https:\/\/www.facebook.com\/klbkoetztal\" \/>\n<meta property=\"article:modified_time\" content=\"2026-02-25T10:37:50+00:00\" \/>\n<meta property=\"og:image\" content=\"https:\/\/dev.klb-koetztal.de\/app\/uploads\/2024\/06\/CR_920_600px_Kombi_KLB_Koetztal_CHEMORESIN.jpg\" \/>\n\t<meta property=\"og:image:width\" content=\"600\" \/>\n\t<meta property=\"og:image:height\" content=\"600\" \/>\n\t<meta property=\"og:image:type\" content=\"image\/jpeg\" \/>\n<meta name=\"twitter:card\" content=\"summary_large_image\" \/>\n<script type=\"application\/ld+json\" class=\"yoast-schema-graph\">{\"@context\":\"https:\/\/schema.org\",\"@graph\":[{\"@type\":\"WebPage\",\"@id\":\"https:\/\/dev.klb-koetztal.de\/en\/produkt\/chemoresin-cr-920\/\",\"url\":\"https:\/\/dev.klb-koetztal.de\/en\/produkt\/chemoresin-cr-920\/\",\"name\":\"Highly chemically stable 2-component coating CR 920 | KLB K\u00f6tztal\",\"isPartOf\":{\"@id\":\"https:\/\/dev.klb-koetztal.de\/en\/#website\"},\"primaryImageOfPage\":{\"@id\":\"https:\/\/dev.klb-koetztal.de\/en\/produkt\/chemoresin-cr-920\/#primaryimage\"},\"image\":{\"@id\":\"https:\/\/dev.klb-koetztal.de\/en\/produkt\/chemoresin-cr-920\/#primaryimage\"},\"thumbnailUrl\":\"https:\/\/dev.klb-koetztal.de\/app\/uploads\/2024\/06\/CR_920_600px_Kombi_KLB_Koetztal_CHEMORESIN.jpg\",\"datePublished\":\"2021-10-22T13:00:08+00:00\",\"dateModified\":\"2026-02-25T10:37:50+00:00\",\"description\":\"Highly chemical-resistant 2-component polyurethane coating CR 920 | KLB floor coatings \u2714\ufe0f very chemical-resistant to acids and bases\",\"breadcrumb\":{\"@id\":\"https:\/\/dev.klb-koetztal.de\/en\/produkt\/chemoresin-cr-920\/#breadcrumb\"},\"inLanguage\":\"en-GB\",\"potentialAction\":[{\"@type\":\"ReadAction\",\"target\":[\"https:\/\/dev.klb-koetztal.de\/en\/produkt\/chemoresin-cr-920\/\"]}]},{\"@type\":\"ImageObject\",\"inLanguage\":\"en-GB\",\"@id\":\"https:\/\/dev.klb-koetztal.de\/en\/produkt\/chemoresin-cr-920\/#primaryimage\",\"url\":\"https:\/\/dev.klb-koetztal.de\/app\/uploads\/2024\/06\/CR_920_600px_Kombi_KLB_Koetztal_CHEMORESIN.jpg\",\"contentUrl\":\"https:\/\/dev.klb-koetztal.de\/app\/uploads\/2024\/06\/CR_920_600px_Kombi_KLB_Koetztal_CHEMORESIN.jpg\",\"width\":600,\"height\":600},{\"@type\":\"BreadcrumbList\",\"@id\":\"https:\/\/dev.klb-koetztal.de\/en\/produkt\/chemoresin-cr-920\/#breadcrumb\",\"itemListElement\":[{\"@type\":\"ListItem\",\"position\":1,\"name\":\"Startseite\",\"item\":\"https:\/\/dev.klb-koetztal.de\/en\/\"},{\"@type\":\"ListItem\",\"position\":2,\"name\":\"CHEMORESIN CR 920\"}]},{\"@type\":\"WebSite\",\"@id\":\"https:\/\/dev.klb-koetztal.de\/en\/#website\",\"url\":\"https:\/\/dev.klb-koetztal.de\/en\/\",\"name\":\"KLB K\u00f6tztal\",\"description\":\"Gute B\u00f6den haben ein System.\",\"potentialAction\":[{\"@type\":\"SearchAction\",\"target\":{\"@type\":\"EntryPoint\",\"urlTemplate\":\"https:\/\/dev.klb-koetztal.de\/en\/?s={search_term_string}\"},\"query-input\":{\"@type\":\"PropertyValueSpecification\",\"valueRequired\":true,\"valueName\":\"search_term_string\"}}],\"inLanguage\":\"en-GB\"}]}<\/script>\n<!-- \/ Yoast SEO plugin. -->","yoast_head_json":{"title":"Highly chemically stable 2-component coating CR 920 | KLB K\u00f6tztal","description":"Highly chemical-resistant 2-component polyurethane coating CR 920 | KLB floor coatings \u2714\ufe0f very chemical-resistant to acids and bases","robots":{"index":"noindex","follow":"follow","max-snippet":"max-snippet:-1","max-image-preview":"max-image-preview:large","max-video-preview":"max-video-preview:-1"},"og_locale":"en_GB","og_type":"article","og_title":"Highly chemically stable 2-component coating CR 920 | KLB K\u00f6tztal","og_description":"Highly chemical-resistant 2-component polyurethane coating CR 920 | KLB floor coatings \u2714\ufe0f very chemical-resistant to acids and bases","og_url":"https:\/\/dev.klb-koetztal.de\/en\/produkt\/chemoresin-cr-920\/","og_site_name":"KLB K\u00f6tztal","article_publisher":"https:\/\/www.facebook.com\/klbkoetztal","article_modified_time":"2026-02-25T10:37:50+00:00","og_image":[{"width":600,"height":600,"url":"https:\/\/dev.klb-koetztal.de\/app\/uploads\/2024\/06\/CR_920_600px_Kombi_KLB_Koetztal_CHEMORESIN.jpg","type":"image\/jpeg"}],"twitter_card":"summary_large_image","schema":{"@context":"https:\/\/schema.org","@graph":[{"@type":"WebPage","@id":"https:\/\/dev.klb-koetztal.de\/en\/produkt\/chemoresin-cr-920\/","url":"https:\/\/dev.klb-koetztal.de\/en\/produkt\/chemoresin-cr-920\/","name":"Highly chemically stable 2-component coating CR 920 | KLB K\u00f6tztal","isPartOf":{"@id":"https:\/\/dev.klb-koetztal.de\/en\/#website"},"primaryImageOfPage":{"@id":"https:\/\/dev.klb-koetztal.de\/en\/produkt\/chemoresin-cr-920\/#primaryimage"},"image":{"@id":"https:\/\/dev.klb-koetztal.de\/en\/produkt\/chemoresin-cr-920\/#primaryimage"},"thumbnailUrl":"https:\/\/dev.klb-koetztal.de\/app\/uploads\/2024\/06\/CR_920_600px_Kombi_KLB_Koetztal_CHEMORESIN.jpg","datePublished":"2021-10-22T13:00:08+00:00","dateModified":"2026-02-25T10:37:50+00:00","description":"Highly chemical-resistant 2-component polyurethane coating CR 920 | KLB floor coatings \u2714\ufe0f very chemical-resistant to acids and bases","breadcrumb":{"@id":"https:\/\/dev.klb-koetztal.de\/en\/produkt\/chemoresin-cr-920\/#breadcrumb"},"inLanguage":"en-GB","potentialAction":[{"@type":"ReadAction","target":["https:\/\/dev.klb-koetztal.de\/en\/produkt\/chemoresin-cr-920\/"]}]},{"@type":"ImageObject","inLanguage":"en-GB","@id":"https:\/\/dev.klb-koetztal.de\/en\/produkt\/chemoresin-cr-920\/#primaryimage","url":"https:\/\/dev.klb-koetztal.de\/app\/uploads\/2024\/06\/CR_920_600px_Kombi_KLB_Koetztal_CHEMORESIN.jpg","contentUrl":"https:\/\/dev.klb-koetztal.de\/app\/uploads\/2024\/06\/CR_920_600px_Kombi_KLB_Koetztal_CHEMORESIN.jpg","width":600,"height":600},{"@type":"BreadcrumbList","@id":"https:\/\/dev.klb-koetztal.de\/en\/produkt\/chemoresin-cr-920\/#breadcrumb","itemListElement":[{"@type":"ListItem","position":1,"name":"Startseite","item":"https:\/\/dev.klb-koetztal.de\/en\/"},{"@type":"ListItem","position":2,"name":"CHEMORESIN CR 920"}]},{"@type":"WebSite","@id":"https:\/\/dev.klb-koetztal.de\/en\/#website","url":"https:\/\/dev.klb-koetztal.de\/en\/","name":"KLB K\u00f6tztal","description":"Gute B\u00f6den haben ein System.","potentialAction":[{"@type":"SearchAction","target":{"@type":"EntryPoint","urlTemplate":"https:\/\/dev.klb-koetztal.de\/en\/?s={search_term_string}"},"query-input":{"@type":"PropertyValueSpecification","valueRequired":true,"valueName":"search_term_string"}}],"inLanguage":"en-GB"}]}},"_links":{"self":[{"href":"https:\/\/dev.klb-koetztal.de\/en\/wp-json\/wp\/v2\/product\/47242","targetHints":{"allow":["GET"]}}],"collection":[{"href":"https:\/\/dev.klb-koetztal.de\/en\/wp-json\/wp\/v2\/product"}],"about":[{"href":"https:\/\/dev.klb-koetztal.de\/en\/wp-json\/wp\/v2\/types\/product"}],"wp:featuredmedia":[{"embeddable":true,"href":"https:\/\/dev.klb-koetztal.de\/en\/wp-json\/wp\/v2\/media\/62079"}],"wp:attachment":[{"href":"https:\/\/dev.klb-koetztal.de\/en\/wp-json\/wp\/v2\/media?parent=47242"}],"wp:term":[{"taxonomy":"product_brand","embeddable":true,"href":"https:\/\/dev.klb-koetztal.de\/en\/wp-json\/wp\/v2\/product_brand?post=47242"},{"taxonomy":"product_cat","embeddable":true,"href":"https:\/\/dev.klb-koetztal.de\/en\/wp-json\/wp\/v2\/product_cat?post=47242"},{"taxonomy":"product_tag","embeddable":true,"href":"https:\/\/dev.klb-koetztal.de\/en\/wp-json\/wp\/v2\/product_tag?post=47242"}],"curies":[{"name":"wp","href":"https:\/\/api.w.org\/{rel}","templated":true}]}}