{"id":46833,"date":"2021-08-19T10:43:16","date_gmt":"2021-08-19T08:43:16","guid":{"rendered":"https:\/\/dev.klb-koetztal.de\/produkt\/klb-system-pu-beton-4011-grip\/"},"modified":"2024-08-14T12:01:05","modified_gmt":"2024-08-14T10:01:05","slug":"klb-system-pu-beton-4011-grip","status":"publish","type":"product","link":"https:\/\/dev.klb-koetztal.de\/en\/produkt\/klb-system-pu-beton-4011-grip\/","title":{"rendered":"KLB-SYSTEM PU-BETON 4011 Grip"},"content":{"rendered":"","protected":false},"excerpt":{"rendered":"<p>High-quality, trowelable 3-component PU-BETON&#160;coating in a layer thickness of 9&#160;mm. For use on highly stressed floor surfaces in&#160;the food industry. Suitable for wet areas with hot water and chemical exposure, results in a slip-resistant surface (slip resistance grade R11).<br \/>\nAvailable in the colours beige, grey, green and red.<\/p>\n","protected":false},"featured_media":51712,"template":"","meta":{"_acf_changed":false},"product_brand":[],"product_cat":[9609,9644],"product_tag":[],"class_list":{"0":"post-46833","1":"product","2":"type-product","3":"status-publish","4":"has-post-thumbnail","6":"product_cat-coatings","7":"product_cat-pu-concrete-coatings-primers-top-seal","9":"first","10":"instock","11":"shipping-taxable","12":"product-type-simple"},"acf":{"product_header":{"module_product_header":{"":null,"prototype_headline":{"headline":"KLB-SYSTEM PU-BETON 4011 Grip","h1":true,"subheadline":"Slip-resistant 3-component polyurethane mortar coating with high durability","anchor":"","url":""},"grid_text_slider":false,"grid_text_content":[{"text":"<p class=\"product-short-title\" style=\"text-align: center;\"><strong>Brief description<\/strong><\/p>\n<p>High-quality, trowelable 3-component PU-BETON&#160;coating in a layer thickness of 9&#160;mm. For use on highly stressed floor surfaces in&#160;the food industry. Suitable for wet areas with hot water and chemical exposure, results in a slip-resistant surface (slip resistance grade R11).<\/p>\n<p>Available in the colours beige, grey, green and red.<\/p>\n","width":"4","background_color_text":"bg-white","border_color":"border-gray-light"},{"text":"<p class=\"product-sicing-title\" style=\"text-align: center;\"><strong>Packaging units<\/strong><\/p>\n<ul>\n<li>AK6311-31 &#8211; Combo packaging 34.50 kg<\/li>\n<li>AK6311-40 &#8211; Combo packaging 69.00 kg<\/li>\n<\/ul>\n<p><\/p>\n<p>Please do not hesitate to contact us directly for enquiries about larger delivery quantities or packaging units.<\/p>\n\n","width":"4","background_color_text":"bg-white","border_color":"border-gray-light"},{"text":"<p class=\"product-attr-title\" style=\"text-align: center;\"><strong>Properties<\/strong><\/p>\n<ul>\n<li>PU-Beton system component<\/li>\n<li>applicable with a scraper<\/li>\n<li>self-levelling<\/li>\n<li>resistant to impacts<\/li>\n<li>slip-resistant<\/li>\n<li>resistant to hot water<\/li>\n<li>high chemical resistance<\/li>\n<li>extremely resistant to mechanical loading<\/li>\n<li>jointless coating<\/li>\n<li>hygienic<\/li>\n<li>available in several colours<\/li>\n<\/ul>\n","width":"4","background_color_text":"bg-white","border_color":"border-gray-light"}],"background_color":"bg-none","background_color_content":"bg-none"}},"downloads":{"module_download_list":{"inhalt":null,"downloads":[{"download":{"ID":53376,"id":53376,"title":"PU-BETON_4011_Grip_PI_en_2022_10","filename":"PU-BETON_4011_Grip_PI_en_2022_10.pdf","filesize":372721,"url":"https:\/\/dev.klb-koetztal.de\/app\/uploads\/2022\/10\/PU-BETON_4011_Grip_PI_en_2022_10.pdf","link":"https:\/\/dev.klb-koetztal.de\/en\/?attachment_id=53376","alt":"","author":"7","description":"","caption":"","name":"pu-beton_4011_grip_pi_en_2022_10-2","status":"inherit","uploaded_to":0,"date":"2022-10-13 10:56:01","modified":"2022-10-13 10:56:01","menu_order":0,"mime_type":"application\/pdf","type":"application","subtype":"pdf","icon":"https:\/\/dev.klb-koetztal.de\/wp\/wp-includes\/images\/media\/document.png"},"filename":"","protected":false,"doclang":"GB","externalkey":"Produktinformation","docpos":"2"},{"download":{"ID":53379,"id":53379,"title":"PU-BETON_4011_Grip_PI_fr_2022_10","filename":"PU-BETON_4011_Grip_PI_fr_2022_10.pdf","filesize":377385,"url":"https:\/\/dev.klb-koetztal.de\/app\/uploads\/2022\/10\/PU-BETON_4011_Grip_PI_fr_2022_10.pdf","link":"https:\/\/dev.klb-koetztal.de\/en\/?attachment_id=53379","alt":"","author":"7","description":"","caption":"","name":"pu-beton_4011_grip_pi_fr_2022_10-2","status":"inherit","uploaded_to":0,"date":"2022-10-13 10:56:02","modified":"2022-10-13 10:56:02","menu_order":0,"mime_type":"application\/pdf","type":"application","subtype":"pdf","icon":"https:\/\/dev.klb-koetztal.de\/wp\/wp-includes\/images\/media\/document.png"},"filename":"","protected":false,"doclang":"FR","externalkey":"Produktinformation","docpos":"3"},{"download":{"ID":50465,"id":50465,"title":"Leistungserkl\u00e4rung - Statement of performance","filename":"PU-BETON4011_LE_2021-03.pdf","filesize":202534,"url":"https:\/\/dev.klb-koetztal.de\/app\/uploads\/2022\/03\/PU-BETON4011_LE_2021-03.pdf","link":"https:\/\/dev.klb-koetztal.de\/en\/?attachment_id=50465","alt":"","author":"7","description":"","caption":"","name":"pu-beton4011_le_2021-03","status":"inherit","uploaded_to":0,"date":"2022-03-14 10:21:57","modified":"2024-08-14 10:01:11","menu_order":0,"mime_type":"application\/pdf","type":"application","subtype":"pdf","icon":"https:\/\/dev.klb-koetztal.de\/wp\/wp-includes\/images\/media\/document.png"},"filename":"","protected":false,"doclang":"Multi","externalkey":"Leistungserklaerung","docpos":"50"},{"download":{"ID":51323,"id":51323,"title":"EPD-Information","filename":"PU-BETON4011_Grip_Umwelt-Deklaration_2022-06.pdf","filesize":2561294,"url":"https:\/\/dev.klb-koetztal.de\/app\/uploads\/2022\/06\/PU-BETON4011_Grip_Umwelt-Deklaration_2022-06.pdf","link":"https:\/\/dev.klb-koetztal.de\/en\/?attachment_id=51323","alt":"","author":"7","description":"","caption":"","name":"pu-beton4011_grip_umwelt-deklaration_2022-06","status":"inherit","uploaded_to":0,"date":"2022-06-30 12:38:29","modified":"2024-08-14 10:01:21","menu_order":0,"mime_type":"application\/pdf","type":"application","subtype":"pdf","icon":"https:\/\/dev.klb-koetztal.de\/wp\/wp-includes\/images\/media\/document.png"},"filename":"","protected":false,"doclang":"Multi","externalkey":"Umweltproduktdeklaration","docpos":"50"},{"download":false,"filename":"Safety data sheet","protected":true,"doclang":"GB","externalkey":"Sicherheitsdatenblatt","docpos":"2"},{"download":false,"filename":"Fiche de donn\u00e9es de s\u00e9curit\u00e9 FR","protected":true,"doclang":"FR","externalkey":"Sicherheitsdatenblatt","docpos":"3"}],"einstellungen":null,"background_color":"bg-none","background_color_content":"bg-none"}},"included_in_systems":{"module_included_in_systems":{"":null,"background_color":"bg-gray-medium","background_color_content":"bg-none"}},"contact":{"module_contact":{"":null,"background_color":"bg-none","background_color_content":"bg-none"}},"ausschreibende":{"module_ausschreibende":{"andern_sie_den_inhalt_unter_universelle_elemente":null,"background_color":"bg-none","background_color_content":"bg-none"}}},"yoast_head":"<!-- This site is optimized with the Yoast SEO plugin v27.0 - https:\/\/yoast.com\/product\/yoast-seo-wordpress\/ -->\n<title>Slip-resistant, highly resilient PU-BETON 4011 coating | KLB<\/title>\n<meta name=\"description\" content=\"Hot water and chemically-resistant, hard-wearing mortar coating PU-BETON 4011 Grip for trowelling | KLB floorings \u2714\ufe0f slip-resistance R11\" \/>\n<meta name=\"robots\" content=\"noindex, follow, max-snippet:-1, max-image-preview:large, max-video-preview:-1\" \/>\n<meta property=\"og:locale\" content=\"en_GB\" \/>\n<meta property=\"og:type\" content=\"article\" \/>\n<meta property=\"og:title\" content=\"Slip-resistant, highly resilient PU-BETON 4011 coating | KLB\" \/>\n<meta property=\"og:description\" content=\"Hot water and chemically-resistant, hard-wearing mortar coating PU-BETON 4011 Grip for trowelling | KLB floorings \u2714\ufe0f slip-resistance R11\" \/>\n<meta property=\"og:url\" content=\"https:\/\/dev.klb-koetztal.de\/en\/produkt\/klb-system-pu-beton-4011-grip\/\" \/>\n<meta property=\"og:site_name\" content=\"KLB K\u00f6tztal\" \/>\n<meta property=\"article:publisher\" content=\"https:\/\/www.facebook.com\/klbkoetztal\" \/>\n<meta property=\"article:modified_time\" content=\"2024-08-14T10:01:05+00:00\" \/>\n<meta property=\"og:image\" content=\"https:\/\/dev.klb-koetztal.de\/app\/uploads\/2022\/08\/PU-BETON-4011-Grip_neu_600px.jpg\" \/>\n\t<meta property=\"og:image:width\" content=\"600\" \/>\n\t<meta property=\"og:image:height\" content=\"600\" \/>\n\t<meta property=\"og:image:type\" content=\"image\/jpeg\" \/>\n<meta name=\"twitter:card\" content=\"summary_large_image\" \/>\n<script type=\"application\/ld+json\" class=\"yoast-schema-graph\">{\"@context\":\"https:\/\/schema.org\",\"@graph\":[{\"@type\":\"WebPage\",\"@id\":\"https:\/\/dev.klb-koetztal.de\/en\/produkt\/klb-system-pu-beton-4011-grip\/\",\"url\":\"https:\/\/dev.klb-koetztal.de\/en\/produkt\/klb-system-pu-beton-4011-grip\/\",\"name\":\"Slip-resistant, highly resilient PU-BETON 4011 coating | KLB\",\"isPartOf\":{\"@id\":\"https:\/\/dev.klb-koetztal.de\/en\/#website\"},\"primaryImageOfPage\":{\"@id\":\"https:\/\/dev.klb-koetztal.de\/en\/produkt\/klb-system-pu-beton-4011-grip\/#primaryimage\"},\"image\":{\"@id\":\"https:\/\/dev.klb-koetztal.de\/en\/produkt\/klb-system-pu-beton-4011-grip\/#primaryimage\"},\"thumbnailUrl\":\"https:\/\/dev.klb-koetztal.de\/app\/uploads\/2022\/08\/PU-BETON-4011-Grip_neu_600px.jpg\",\"datePublished\":\"2021-08-19T08:43:16+00:00\",\"dateModified\":\"2024-08-14T10:01:05+00:00\",\"description\":\"Hot water and chemically-resistant, hard-wearing mortar coating PU-BETON 4011 Grip for trowelling | KLB floorings \u2714\ufe0f slip-resistance R11\",\"breadcrumb\":{\"@id\":\"https:\/\/dev.klb-koetztal.de\/en\/produkt\/klb-system-pu-beton-4011-grip\/#breadcrumb\"},\"inLanguage\":\"en-GB\",\"potentialAction\":[{\"@type\":\"ReadAction\",\"target\":[\"https:\/\/dev.klb-koetztal.de\/en\/produkt\/klb-system-pu-beton-4011-grip\/\"]}]},{\"@type\":\"ImageObject\",\"inLanguage\":\"en-GB\",\"@id\":\"https:\/\/dev.klb-koetztal.de\/en\/produkt\/klb-system-pu-beton-4011-grip\/#primaryimage\",\"url\":\"https:\/\/dev.klb-koetztal.de\/app\/uploads\/2022\/08\/PU-BETON-4011-Grip_neu_600px.jpg\",\"contentUrl\":\"https:\/\/dev.klb-koetztal.de\/app\/uploads\/2022\/08\/PU-BETON-4011-Grip_neu_600px.jpg\",\"width\":600,\"height\":600},{\"@type\":\"BreadcrumbList\",\"@id\":\"https:\/\/dev.klb-koetztal.de\/en\/produkt\/klb-system-pu-beton-4011-grip\/#breadcrumb\",\"itemListElement\":[{\"@type\":\"ListItem\",\"position\":1,\"name\":\"Startseite\",\"item\":\"https:\/\/dev.klb-koetztal.de\/en\/\"},{\"@type\":\"ListItem\",\"position\":2,\"name\":\"KLB-SYSTEM PU-BETON 4011 Grip\"}]},{\"@type\":\"WebSite\",\"@id\":\"https:\/\/dev.klb-koetztal.de\/en\/#website\",\"url\":\"https:\/\/dev.klb-koetztal.de\/en\/\",\"name\":\"KLB K\u00f6tztal\",\"description\":\"Gute B\u00f6den haben ein System.\",\"potentialAction\":[{\"@type\":\"SearchAction\",\"target\":{\"@type\":\"EntryPoint\",\"urlTemplate\":\"https:\/\/dev.klb-koetztal.de\/en\/?s={search_term_string}\"},\"query-input\":{\"@type\":\"PropertyValueSpecification\",\"valueRequired\":true,\"valueName\":\"search_term_string\"}}],\"inLanguage\":\"en-GB\"}]}<\/script>\n<!-- \/ Yoast SEO plugin. -->","yoast_head_json":{"title":"Slip-resistant, highly resilient PU-BETON 4011 coating | KLB","description":"Hot water and chemically-resistant, hard-wearing mortar coating PU-BETON 4011 Grip for trowelling | KLB floorings \u2714\ufe0f slip-resistance R11","robots":{"index":"noindex","follow":"follow","max-snippet":"max-snippet:-1","max-image-preview":"max-image-preview:large","max-video-preview":"max-video-preview:-1"},"og_locale":"en_GB","og_type":"article","og_title":"Slip-resistant, highly resilient PU-BETON 4011 coating | KLB","og_description":"Hot water and chemically-resistant, hard-wearing mortar coating PU-BETON 4011 Grip for trowelling | KLB floorings \u2714\ufe0f slip-resistance R11","og_url":"https:\/\/dev.klb-koetztal.de\/en\/produkt\/klb-system-pu-beton-4011-grip\/","og_site_name":"KLB K\u00f6tztal","article_publisher":"https:\/\/www.facebook.com\/klbkoetztal","article_modified_time":"2024-08-14T10:01:05+00:00","og_image":[{"width":600,"height":600,"url":"https:\/\/dev.klb-koetztal.de\/app\/uploads\/2022\/08\/PU-BETON-4011-Grip_neu_600px.jpg","type":"image\/jpeg"}],"twitter_card":"summary_large_image","schema":{"@context":"https:\/\/schema.org","@graph":[{"@type":"WebPage","@id":"https:\/\/dev.klb-koetztal.de\/en\/produkt\/klb-system-pu-beton-4011-grip\/","url":"https:\/\/dev.klb-koetztal.de\/en\/produkt\/klb-system-pu-beton-4011-grip\/","name":"Slip-resistant, highly resilient PU-BETON 4011 coating | KLB","isPartOf":{"@id":"https:\/\/dev.klb-koetztal.de\/en\/#website"},"primaryImageOfPage":{"@id":"https:\/\/dev.klb-koetztal.de\/en\/produkt\/klb-system-pu-beton-4011-grip\/#primaryimage"},"image":{"@id":"https:\/\/dev.klb-koetztal.de\/en\/produkt\/klb-system-pu-beton-4011-grip\/#primaryimage"},"thumbnailUrl":"https:\/\/dev.klb-koetztal.de\/app\/uploads\/2022\/08\/PU-BETON-4011-Grip_neu_600px.jpg","datePublished":"2021-08-19T08:43:16+00:00","dateModified":"2024-08-14T10:01:05+00:00","description":"Hot water and chemically-resistant, hard-wearing mortar coating PU-BETON 4011 Grip for trowelling | KLB floorings \u2714\ufe0f slip-resistance R11","breadcrumb":{"@id":"https:\/\/dev.klb-koetztal.de\/en\/produkt\/klb-system-pu-beton-4011-grip\/#breadcrumb"},"inLanguage":"en-GB","potentialAction":[{"@type":"ReadAction","target":["https:\/\/dev.klb-koetztal.de\/en\/produkt\/klb-system-pu-beton-4011-grip\/"]}]},{"@type":"ImageObject","inLanguage":"en-GB","@id":"https:\/\/dev.klb-koetztal.de\/en\/produkt\/klb-system-pu-beton-4011-grip\/#primaryimage","url":"https:\/\/dev.klb-koetztal.de\/app\/uploads\/2022\/08\/PU-BETON-4011-Grip_neu_600px.jpg","contentUrl":"https:\/\/dev.klb-koetztal.de\/app\/uploads\/2022\/08\/PU-BETON-4011-Grip_neu_600px.jpg","width":600,"height":600},{"@type":"BreadcrumbList","@id":"https:\/\/dev.klb-koetztal.de\/en\/produkt\/klb-system-pu-beton-4011-grip\/#breadcrumb","itemListElement":[{"@type":"ListItem","position":1,"name":"Startseite","item":"https:\/\/dev.klb-koetztal.de\/en\/"},{"@type":"ListItem","position":2,"name":"KLB-SYSTEM PU-BETON 4011 Grip"}]},{"@type":"WebSite","@id":"https:\/\/dev.klb-koetztal.de\/en\/#website","url":"https:\/\/dev.klb-koetztal.de\/en\/","name":"KLB K\u00f6tztal","description":"Gute B\u00f6den haben ein System.","potentialAction":[{"@type":"SearchAction","target":{"@type":"EntryPoint","urlTemplate":"https:\/\/dev.klb-koetztal.de\/en\/?s={search_term_string}"},"query-input":{"@type":"PropertyValueSpecification","valueRequired":true,"valueName":"search_term_string"}}],"inLanguage":"en-GB"}]}},"_links":{"self":[{"href":"https:\/\/dev.klb-koetztal.de\/en\/wp-json\/wp\/v2\/product\/46833","targetHints":{"allow":["GET"]}}],"collection":[{"href":"https:\/\/dev.klb-koetztal.de\/en\/wp-json\/wp\/v2\/product"}],"about":[{"href":"https:\/\/dev.klb-koetztal.de\/en\/wp-json\/wp\/v2\/types\/product"}],"wp:featuredmedia":[{"embeddable":true,"href":"https:\/\/dev.klb-koetztal.de\/en\/wp-json\/wp\/v2\/media\/51712"}],"wp:attachment":[{"href":"https:\/\/dev.klb-koetztal.de\/en\/wp-json\/wp\/v2\/media?parent=46833"}],"wp:term":[{"taxonomy":"product_brand","embeddable":true,"href":"https:\/\/dev.klb-koetztal.de\/en\/wp-json\/wp\/v2\/product_brand?post=46833"},{"taxonomy":"product_cat","embeddable":true,"href":"https:\/\/dev.klb-koetztal.de\/en\/wp-json\/wp\/v2\/product_cat?post=46833"},{"taxonomy":"product_tag","embeddable":true,"href":"https:\/\/dev.klb-koetztal.de\/en\/wp-json\/wp\/v2\/product_tag?post=46833"}],"curies":[{"name":"wp","href":"https:\/\/api.w.org\/{rel}","templated":true}]}}