{"id":46823,"date":"2021-08-19T10:39:26","date_gmt":"2021-08-19T08:39:26","guid":{"rendered":"https:\/\/dev.klb-koetztal.de\/produkt\/46823\/"},"modified":"2026-02-25T12:18:35","modified_gmt":"2026-02-25T11:18:35","slug":"46823","status":"publish","type":"product","link":"https:\/\/dev.klb-koetztal.de\/en\/produkt\/46823\/","title":{"rendered":"KLB-SYSTEM REINIGER VR 119"},"content":{"rendered":"","protected":false},"excerpt":{"rendered":"<p>Solvent mixture for cleaning tools and machines for acrylic resin work with strong dissolving effect even after slight hardening of the resins.<br \/>\nNot recommended for thinning!<br \/>\nHighly flammable.<\/p>\n","protected":false},"featured_media":50342,"template":"","meta":{"_acf_changed":false},"product_brand":[],"product_cat":[9646,9660],"product_tag":[],"class_list":{"0":"post-46823","1":"product","2":"type-product","3":"status-publish","4":"has-post-thumbnail","6":"product_cat-thinner-care-and-cleaning-agents","7":"product_cat-thinner","9":"first","10":"instock","11":"shipping-taxable","12":"product-type-simple"},"acf":{"product_header":{"module_product_header":{"":null,"prototype_headline":{"headline":"KLB-SYSTEM REINIGER VR 119","h1":true,"subheadline":"Solvent mixture for cleaning acrylic resins","anchor":"","url":""},"grid_text_slider":false,"grid_text_content":[{"text":"<p class=\"product-short-title\" style=\"text-align: center;\"><strong>Brief description<\/strong><\/p>\n<p>Solvent mixture for cleaning tools and machines for acrylic resin work with strong dissolving effect even after slight hardening of the resins.<\/p>\n<p>Not recommended for thinning!<\/p>\n<p>Highly flammable.<\/p>\n","width":"4","background_color_text":"bg-white","border_color":"border-gray-light"},{"text":"<p class=\"product-sicing-title\" style=\"text-align: center;\"><strong>Packaging units<\/strong><\/p>\n<ul>\n<li>MA0010-55 &#8211; Canister 10.00 l<\/li>\n<li>MA0010-02 &#8211; Drum 200.00 l<\/li>\n<\/ul>\n<p><\/p>\n<p>Please do not hesitate to contact us directly for enquiries about larger delivery quantities or packaging units.<\/p>\n\n","width":"4","background_color_text":"bg-white","border_color":"border-gray-light"},{"text":"<p class=\"product-attr-title\" style=\"text-align: center;\"><strong>Properties<\/strong><\/p>\n<ul><\/ul>\n","width":"4","background_color_text":"bg-white","border_color":"border-gray-light"}],"background_color":"bg-none","background_color_content":"bg-none"}},"downloads":{"module_download_list":{"inhalt":null,"downloads":[{"download":{"ID":65197,"id":65197,"title":"VR_119_PI_en_2025_06","filename":"VR_119_PI_en_2025_06.pdf","filesize":211697,"url":"https:\/\/dev.klb-koetztal.de\/app\/uploads\/2025\/06\/VR_119_PI_en_2025_06.pdf","link":"https:\/\/dev.klb-koetztal.de\/en\/?attachment_id=65197","alt":"","author":"7","description":"","caption":"","name":"vr_119_pi_en_2025_06-2","status":"inherit","uploaded_to":0,"date":"2025-06-04 08:30:13","modified":"2025-06-04 08:30:13","menu_order":0,"mime_type":"application\/pdf","type":"application","subtype":"pdf","icon":"https:\/\/dev.klb-koetztal.de\/wp\/wp-includes\/images\/media\/document.png"},"filename":"Product Information","protected":false,"doclang":"GB","externalkey":"Produktinformation","docpos":"2"},{"download":{"ID":65200,"id":65200,"title":"VR_119_PI_fr_2025_06","filename":"VR_119_PI_fr_2025_06.pdf","filesize":224597,"url":"https:\/\/dev.klb-koetztal.de\/app\/uploads\/2025\/06\/VR_119_PI_fr_2025_06.pdf","link":"https:\/\/dev.klb-koetztal.de\/en\/?attachment_id=65200","alt":"","author":"7","description":"","caption":"","name":"vr_119_pi_fr_2025_06-2","status":"inherit","uploaded_to":0,"date":"2025-06-04 08:30:15","modified":"2025-06-04 08:30:15","menu_order":0,"mime_type":"application\/pdf","type":"application","subtype":"pdf","icon":"https:\/\/dev.klb-koetztal.de\/wp\/wp-includes\/images\/media\/document.png"},"filename":"Information Produit FR","protected":false,"doclang":"FR","externalkey":"Produktinformation","docpos":"3"},{"download":false,"filename":"Safety data sheet","protected":true,"doclang":"GB","externalkey":"Sicherheitsdatenblatt","docpos":"2"},{"download":false,"filename":"Fiche de donn\u00e9es de s\u00e9curit\u00e9 FR","protected":true,"doclang":"FR","externalkey":"Sicherheitsdatenblatt","docpos":"3"}],"einstellungen":null,"background_color":"bg-none","background_color_content":"bg-none"}},"included_in_systems":{"module_included_in_systems":{"":null,"background_color":"bg-gray-medium","background_color_content":"bg-none"}},"contact":{"module_contact":{"":null,"background_color":"bg-none","background_color_content":"bg-none"}},"ausschreibende":{"module_ausschreibende":{"andern_sie_den_inhalt_unter_universelle_elemente":null,"background_color":"bg-none","background_color_content":"bg-none"}}},"yoast_head":"<!-- This site is optimized with the Yoast SEO plugin v27.0 - https:\/\/yoast.com\/product\/yoast-seo-wordpress\/ -->\n<title>Cleaner VR 119 for hardened acrylic resins | KLB K\u00f6tztal<\/title>\n<meta name=\"description\" content=\"Strong cleaner VR 119 containing solvents for acrylic resins | KLB tool and machine cleaning \u2714\ufe0f also solvent on slightly cured material\" \/>\n<meta name=\"robots\" content=\"noindex, follow, max-snippet:-1, max-image-preview:large, max-video-preview:-1\" \/>\n<meta property=\"og:locale\" content=\"en_GB\" \/>\n<meta property=\"og:type\" content=\"article\" \/>\n<meta property=\"og:title\" content=\"Cleaner VR 119 for hardened acrylic resins | KLB K\u00f6tztal\" \/>\n<meta property=\"og:description\" content=\"Strong cleaner VR 119 containing solvents for acrylic resins | KLB tool and machine cleaning \u2714\ufe0f also solvent on slightly cured material\" \/>\n<meta property=\"og:url\" content=\"https:\/\/dev.klb-koetztal.de\/en\/produkt\/46823\/\" \/>\n<meta property=\"og:site_name\" content=\"KLB K\u00f6tztal\" \/>\n<meta property=\"article:publisher\" content=\"https:\/\/www.facebook.com\/klbkoetztal\" \/>\n<meta property=\"article:modified_time\" content=\"2026-02-25T11:18:35+00:00\" \/>\n<meta property=\"og:image\" content=\"https:\/\/dev.klb-koetztal.de\/app\/uploads\/2022\/03\/VR119.jpg\" \/>\n\t<meta property=\"og:image:width\" content=\"500\" \/>\n\t<meta property=\"og:image:height\" content=\"500\" \/>\n\t<meta property=\"og:image:type\" content=\"image\/jpeg\" \/>\n<meta name=\"twitter:card\" content=\"summary_large_image\" \/>\n<script type=\"application\/ld+json\" class=\"yoast-schema-graph\">{\"@context\":\"https:\/\/schema.org\",\"@graph\":[{\"@type\":\"WebPage\",\"@id\":\"https:\/\/dev.klb-koetztal.de\/en\/produkt\/46823\/\",\"url\":\"https:\/\/dev.klb-koetztal.de\/en\/produkt\/46823\/\",\"name\":\"Cleaner VR 119 for hardened acrylic resins | KLB K\u00f6tztal\",\"isPartOf\":{\"@id\":\"https:\/\/dev.klb-koetztal.de\/en\/#website\"},\"primaryImageOfPage\":{\"@id\":\"https:\/\/dev.klb-koetztal.de\/en\/produkt\/46823\/#primaryimage\"},\"image\":{\"@id\":\"https:\/\/dev.klb-koetztal.de\/en\/produkt\/46823\/#primaryimage\"},\"thumbnailUrl\":\"https:\/\/dev.klb-koetztal.de\/app\/uploads\/2022\/03\/VR119.jpg\",\"datePublished\":\"2021-08-19T08:39:26+00:00\",\"dateModified\":\"2026-02-25T11:18:35+00:00\",\"description\":\"Strong cleaner VR 119 containing solvents for acrylic resins | KLB tool and machine cleaning \u2714\ufe0f also solvent on slightly cured material\",\"breadcrumb\":{\"@id\":\"https:\/\/dev.klb-koetztal.de\/en\/produkt\/46823\/#breadcrumb\"},\"inLanguage\":\"en-GB\",\"potentialAction\":[{\"@type\":\"ReadAction\",\"target\":[\"https:\/\/dev.klb-koetztal.de\/en\/produkt\/46823\/\"]}]},{\"@type\":\"ImageObject\",\"inLanguage\":\"en-GB\",\"@id\":\"https:\/\/dev.klb-koetztal.de\/en\/produkt\/46823\/#primaryimage\",\"url\":\"https:\/\/dev.klb-koetztal.de\/app\/uploads\/2022\/03\/VR119.jpg\",\"contentUrl\":\"https:\/\/dev.klb-koetztal.de\/app\/uploads\/2022\/03\/VR119.jpg\",\"width\":500,\"height\":500},{\"@type\":\"BreadcrumbList\",\"@id\":\"https:\/\/dev.klb-koetztal.de\/en\/produkt\/46823\/#breadcrumb\",\"itemListElement\":[{\"@type\":\"ListItem\",\"position\":1,\"name\":\"Startseite\",\"item\":\"https:\/\/dev.klb-koetztal.de\/en\/\"},{\"@type\":\"ListItem\",\"position\":2,\"name\":\"KLB-SYSTEM REINIGER VR 119\"}]},{\"@type\":\"WebSite\",\"@id\":\"https:\/\/dev.klb-koetztal.de\/en\/#website\",\"url\":\"https:\/\/dev.klb-koetztal.de\/en\/\",\"name\":\"KLB K\u00f6tztal\",\"description\":\"Gute B\u00f6den haben ein System.\",\"potentialAction\":[{\"@type\":\"SearchAction\",\"target\":{\"@type\":\"EntryPoint\",\"urlTemplate\":\"https:\/\/dev.klb-koetztal.de\/en\/?s={search_term_string}\"},\"query-input\":{\"@type\":\"PropertyValueSpecification\",\"valueRequired\":true,\"valueName\":\"search_term_string\"}}],\"inLanguage\":\"en-GB\"}]}<\/script>\n<!-- \/ Yoast SEO plugin. -->","yoast_head_json":{"title":"Cleaner VR 119 for hardened acrylic resins | KLB K\u00f6tztal","description":"Strong cleaner VR 119 containing solvents for acrylic resins | KLB tool and machine cleaning \u2714\ufe0f also solvent on slightly cured material","robots":{"index":"noindex","follow":"follow","max-snippet":"max-snippet:-1","max-image-preview":"max-image-preview:large","max-video-preview":"max-video-preview:-1"},"og_locale":"en_GB","og_type":"article","og_title":"Cleaner VR 119 for hardened acrylic resins | KLB K\u00f6tztal","og_description":"Strong cleaner VR 119 containing solvents for acrylic resins | KLB tool and machine cleaning \u2714\ufe0f also solvent on slightly cured material","og_url":"https:\/\/dev.klb-koetztal.de\/en\/produkt\/46823\/","og_site_name":"KLB K\u00f6tztal","article_publisher":"https:\/\/www.facebook.com\/klbkoetztal","article_modified_time":"2026-02-25T11:18:35+00:00","og_image":[{"width":500,"height":500,"url":"https:\/\/dev.klb-koetztal.de\/app\/uploads\/2022\/03\/VR119.jpg","type":"image\/jpeg"}],"twitter_card":"summary_large_image","schema":{"@context":"https:\/\/schema.org","@graph":[{"@type":"WebPage","@id":"https:\/\/dev.klb-koetztal.de\/en\/produkt\/46823\/","url":"https:\/\/dev.klb-koetztal.de\/en\/produkt\/46823\/","name":"Cleaner VR 119 for hardened acrylic resins | KLB K\u00f6tztal","isPartOf":{"@id":"https:\/\/dev.klb-koetztal.de\/en\/#website"},"primaryImageOfPage":{"@id":"https:\/\/dev.klb-koetztal.de\/en\/produkt\/46823\/#primaryimage"},"image":{"@id":"https:\/\/dev.klb-koetztal.de\/en\/produkt\/46823\/#primaryimage"},"thumbnailUrl":"https:\/\/dev.klb-koetztal.de\/app\/uploads\/2022\/03\/VR119.jpg","datePublished":"2021-08-19T08:39:26+00:00","dateModified":"2026-02-25T11:18:35+00:00","description":"Strong cleaner VR 119 containing solvents for acrylic resins | KLB tool and machine cleaning \u2714\ufe0f also solvent on slightly cured material","breadcrumb":{"@id":"https:\/\/dev.klb-koetztal.de\/en\/produkt\/46823\/#breadcrumb"},"inLanguage":"en-GB","potentialAction":[{"@type":"ReadAction","target":["https:\/\/dev.klb-koetztal.de\/en\/produkt\/46823\/"]}]},{"@type":"ImageObject","inLanguage":"en-GB","@id":"https:\/\/dev.klb-koetztal.de\/en\/produkt\/46823\/#primaryimage","url":"https:\/\/dev.klb-koetztal.de\/app\/uploads\/2022\/03\/VR119.jpg","contentUrl":"https:\/\/dev.klb-koetztal.de\/app\/uploads\/2022\/03\/VR119.jpg","width":500,"height":500},{"@type":"BreadcrumbList","@id":"https:\/\/dev.klb-koetztal.de\/en\/produkt\/46823\/#breadcrumb","itemListElement":[{"@type":"ListItem","position":1,"name":"Startseite","item":"https:\/\/dev.klb-koetztal.de\/en\/"},{"@type":"ListItem","position":2,"name":"KLB-SYSTEM REINIGER VR 119"}]},{"@type":"WebSite","@id":"https:\/\/dev.klb-koetztal.de\/en\/#website","url":"https:\/\/dev.klb-koetztal.de\/en\/","name":"KLB K\u00f6tztal","description":"Gute B\u00f6den haben ein System.","potentialAction":[{"@type":"SearchAction","target":{"@type":"EntryPoint","urlTemplate":"https:\/\/dev.klb-koetztal.de\/en\/?s={search_term_string}"},"query-input":{"@type":"PropertyValueSpecification","valueRequired":true,"valueName":"search_term_string"}}],"inLanguage":"en-GB"}]}},"_links":{"self":[{"href":"https:\/\/dev.klb-koetztal.de\/en\/wp-json\/wp\/v2\/product\/46823","targetHints":{"allow":["GET"]}}],"collection":[{"href":"https:\/\/dev.klb-koetztal.de\/en\/wp-json\/wp\/v2\/product"}],"about":[{"href":"https:\/\/dev.klb-koetztal.de\/en\/wp-json\/wp\/v2\/types\/product"}],"wp:featuredmedia":[{"embeddable":true,"href":"https:\/\/dev.klb-koetztal.de\/en\/wp-json\/wp\/v2\/media\/50342"}],"wp:attachment":[{"href":"https:\/\/dev.klb-koetztal.de\/en\/wp-json\/wp\/v2\/media?parent=46823"}],"wp:term":[{"taxonomy":"product_brand","embeddable":true,"href":"https:\/\/dev.klb-koetztal.de\/en\/wp-json\/wp\/v2\/product_brand?post=46823"},{"taxonomy":"product_cat","embeddable":true,"href":"https:\/\/dev.klb-koetztal.de\/en\/wp-json\/wp\/v2\/product_cat?post=46823"},{"taxonomy":"product_tag","embeddable":true,"href":"https:\/\/dev.klb-koetztal.de\/en\/wp-json\/wp\/v2\/product_tag?post=46823"}],"curies":[{"name":"wp","href":"https:\/\/api.w.org\/{rel}","templated":true}]}}