{"id":46821,"date":"2021-08-19T10:39:10","date_gmt":"2021-08-19T08:39:10","guid":{"rendered":"https:\/\/dev.klb-koetztal.de\/produkt\/klb-system-verduenner-und-reiniger-vr-28\/"},"modified":"2026-02-25T12:22:48","modified_gmt":"2026-02-25T11:22:48","slug":"klb-system-verduenner-und-reiniger-vr-28","status":"publish","type":"product","link":"https:\/\/dev.klb-koetztal.de\/en\/produkt\/klb-system-verduenner-und-reiniger-vr-28\/","title":{"rendered":"KLB-SYSTEM VERD\u00dcNNER UND REINIGER VR 28"},"content":{"rendered":"","protected":false},"excerpt":{"rendered":"<p>Thinner and cleanser for polyurethane resins.<br \/>\nCan also be used as cleanser for epoxy resins.<br \/>\nFlammable.<\/p>\n","protected":false},"featured_media":50332,"template":"","meta":{"_acf_changed":false},"product_brand":[],"product_cat":[9646,9660],"product_tag":[],"class_list":{"0":"post-46821","1":"product","2":"type-product","3":"status-publish","4":"has-post-thumbnail","6":"product_cat-thinner-care-and-cleaning-agents","7":"product_cat-thinner","9":"first","10":"instock","11":"shipping-taxable","12":"product-type-simple"},"acf":{"product_header":{"module_product_header":{"":null,"prototype_headline":{"headline":"KLB-SYSTEM VERD\u00dcNNER UND REINIGER VR 28","h1":true,"subheadline":"Solvent mixture adapted to thinning and cleaning - primarily&#160;polyurethane resin sealers","anchor":"","url":""},"grid_text_slider":false,"grid_text_content":[{"text":"<p class=\"product-short-title\" style=\"text-align: center;\"><strong>Brief description<\/strong><\/p>\n<p>Thinner and cleanser for polyurethane resins.<\/p>\n<p>Can also be used as cleanser for epoxy resins.<\/p>\n<p>Flammable.<\/p>\n","width":"4","background_color_text":"bg-white","border_color":"border-gray-light"},{"text":"<p class=\"product-sicing-title\" style=\"text-align: center;\"><strong>Packaging units<\/strong><\/p>\n<ul>\n<li>VR9000-55 &#8211; Canister 10.00 l<\/li>\n<\/ul>\n<p><\/p>\n<p>Please do not hesitate to contact us directly for enquiries about larger delivery quantities or packaging units.<\/p>\n\n","width":"4","background_color_text":"bg-white","border_color":"border-gray-light"},{"text":"<p class=\"product-attr-title\" style=\"text-align: center;\"><strong>Properties<\/strong><\/p>\n<ul><\/ul>\n","width":"4","background_color_text":"bg-white","border_color":"border-gray-light"}],"background_color":"bg-none","background_color_content":"bg-none"}},"downloads":{"module_download_list":{"inhalt":null,"downloads":[{"download":{"ID":53187,"id":53187,"title":"VR_28_PI_en_2022_10","filename":"VR_28_PI_en_2022_10.pdf","filesize":226830,"url":"https:\/\/dev.klb-koetztal.de\/app\/uploads\/2022\/10\/VR_28_PI_en_2022_10.pdf","link":"https:\/\/dev.klb-koetztal.de\/en\/?attachment_id=53187","alt":"","author":"7","description":"","caption":"","name":"vr_28_pi_en_2022_10-2","status":"inherit","uploaded_to":0,"date":"2022-10-06 12:00:43","modified":"2022-10-06 12:00:43","menu_order":0,"mime_type":"application\/pdf","type":"application","subtype":"pdf","icon":"https:\/\/dev.klb-koetztal.de\/wp\/wp-includes\/images\/media\/document.png"},"filename":"Product Information","protected":false,"doclang":"GB","externalkey":"Produktinformation","docpos":"2"},{"download":{"ID":53190,"id":53190,"title":"VR_28_PI_fr_2022_10","filename":"VR_28_PI_fr_2022_10.pdf","filesize":228717,"url":"https:\/\/dev.klb-koetztal.de\/app\/uploads\/2022\/10\/VR_28_PI_fr_2022_10.pdf","link":"https:\/\/dev.klb-koetztal.de\/en\/?attachment_id=53190","alt":"","author":"7","description":"","caption":"","name":"vr_28_pi_fr_2022_10-2","status":"inherit","uploaded_to":0,"date":"2022-10-06 12:00:45","modified":"2022-10-06 12:00:45","menu_order":0,"mime_type":"application\/pdf","type":"application","subtype":"pdf","icon":"https:\/\/dev.klb-koetztal.de\/wp\/wp-includes\/images\/media\/document.png"},"filename":"Information Produit FR","protected":false,"doclang":"FR","externalkey":"Produktinformation","docpos":"3"},{"download":false,"filename":"Safety data sheet","protected":true,"doclang":"GB","externalkey":"Sicherheitsdatenblatt","docpos":"2"},{"download":false,"filename":"Fiche de donn\u00e9es de s\u00e9curit\u00e9 FR","protected":true,"doclang":"FR","externalkey":"Sicherheitsdatenblatt","docpos":"3"}],"einstellungen":null,"background_color":"bg-none","background_color_content":"bg-none"}},"included_in_systems":{"module_included_in_systems":{"":null,"background_color":"bg-gray-medium","background_color_content":"bg-none"}},"contact":{"module_contact":{"":null,"background_color":"bg-none","background_color_content":"bg-none"}},"ausschreibende":{"module_ausschreibende":{"andern_sie_den_inhalt_unter_universelle_elemente":null,"background_color":"bg-none","background_color_content":"bg-none"}}},"yoast_head":"<!-- This site is optimized with the Yoast SEO plugin v27.0 - https:\/\/yoast.com\/product\/yoast-seo-wordpress\/ -->\n<title>Thinner and cleanser for polyurethane resin VR 28 | KLB K\u00f6tztal<\/title>\n<meta name=\"description\" content=\"Thinner and cleanser VR 28 containing solvents for polyurethane resin sealers | KLB tool cleaning and dilution \u2714\ufe0f also suitable for epoxy resin sealants\" \/>\n<meta name=\"robots\" content=\"noindex, follow, max-snippet:-1, max-image-preview:large, max-video-preview:-1\" \/>\n<meta property=\"og:locale\" content=\"en_GB\" \/>\n<meta property=\"og:type\" content=\"article\" \/>\n<meta property=\"og:title\" content=\"Thinner and cleanser for polyurethane resin VR 28 | KLB K\u00f6tztal\" \/>\n<meta property=\"og:description\" content=\"Thinner and cleanser VR 28 containing solvents for polyurethane resin sealers | KLB tool cleaning and dilution \u2714\ufe0f also suitable for epoxy resin sealants\" \/>\n<meta property=\"og:url\" content=\"https:\/\/dev.klb-koetztal.de\/en\/produkt\/klb-system-verduenner-und-reiniger-vr-28\/\" \/>\n<meta property=\"og:site_name\" content=\"KLB K\u00f6tztal\" \/>\n<meta property=\"article:publisher\" content=\"https:\/\/www.facebook.com\/klbkoetztal\" \/>\n<meta property=\"article:modified_time\" content=\"2026-02-25T11:22:48+00:00\" \/>\n<meta property=\"og:image\" content=\"https:\/\/dev.klb-koetztal.de\/app\/uploads\/2022\/03\/VR28.jpg\" \/>\n\t<meta property=\"og:image:width\" content=\"500\" \/>\n\t<meta property=\"og:image:height\" content=\"500\" \/>\n\t<meta property=\"og:image:type\" content=\"image\/jpeg\" \/>\n<meta name=\"twitter:card\" content=\"summary_large_image\" \/>\n<script type=\"application\/ld+json\" class=\"yoast-schema-graph\">{\"@context\":\"https:\/\/schema.org\",\"@graph\":[{\"@type\":\"WebPage\",\"@id\":\"https:\/\/dev.klb-koetztal.de\/en\/produkt\/klb-system-verduenner-und-reiniger-vr-28\/\",\"url\":\"https:\/\/dev.klb-koetztal.de\/en\/produkt\/klb-system-verduenner-und-reiniger-vr-28\/\",\"name\":\"Thinner and cleanser for polyurethane resin VR 28 | KLB K\u00f6tztal\",\"isPartOf\":{\"@id\":\"https:\/\/dev.klb-koetztal.de\/en\/#website\"},\"primaryImageOfPage\":{\"@id\":\"https:\/\/dev.klb-koetztal.de\/en\/produkt\/klb-system-verduenner-und-reiniger-vr-28\/#primaryimage\"},\"image\":{\"@id\":\"https:\/\/dev.klb-koetztal.de\/en\/produkt\/klb-system-verduenner-und-reiniger-vr-28\/#primaryimage\"},\"thumbnailUrl\":\"https:\/\/dev.klb-koetztal.de\/app\/uploads\/2022\/03\/VR28.jpg\",\"datePublished\":\"2021-08-19T08:39:10+00:00\",\"dateModified\":\"2026-02-25T11:22:48+00:00\",\"description\":\"Thinner and cleanser VR 28 containing solvents for polyurethane resin sealers | KLB tool cleaning and dilution \u2714\ufe0f also suitable for epoxy resin sealants\",\"breadcrumb\":{\"@id\":\"https:\/\/dev.klb-koetztal.de\/en\/produkt\/klb-system-verduenner-und-reiniger-vr-28\/#breadcrumb\"},\"inLanguage\":\"en-GB\",\"potentialAction\":[{\"@type\":\"ReadAction\",\"target\":[\"https:\/\/dev.klb-koetztal.de\/en\/produkt\/klb-system-verduenner-und-reiniger-vr-28\/\"]}]},{\"@type\":\"ImageObject\",\"inLanguage\":\"en-GB\",\"@id\":\"https:\/\/dev.klb-koetztal.de\/en\/produkt\/klb-system-verduenner-und-reiniger-vr-28\/#primaryimage\",\"url\":\"https:\/\/dev.klb-koetztal.de\/app\/uploads\/2022\/03\/VR28.jpg\",\"contentUrl\":\"https:\/\/dev.klb-koetztal.de\/app\/uploads\/2022\/03\/VR28.jpg\",\"width\":500,\"height\":500},{\"@type\":\"BreadcrumbList\",\"@id\":\"https:\/\/dev.klb-koetztal.de\/en\/produkt\/klb-system-verduenner-und-reiniger-vr-28\/#breadcrumb\",\"itemListElement\":[{\"@type\":\"ListItem\",\"position\":1,\"name\":\"Startseite\",\"item\":\"https:\/\/dev.klb-koetztal.de\/en\/\"},{\"@type\":\"ListItem\",\"position\":2,\"name\":\"KLB-SYSTEM VERD\u00dcNNER UND REINIGER VR 28\"}]},{\"@type\":\"WebSite\",\"@id\":\"https:\/\/dev.klb-koetztal.de\/en\/#website\",\"url\":\"https:\/\/dev.klb-koetztal.de\/en\/\",\"name\":\"KLB K\u00f6tztal\",\"description\":\"Gute B\u00f6den haben ein System.\",\"potentialAction\":[{\"@type\":\"SearchAction\",\"target\":{\"@type\":\"EntryPoint\",\"urlTemplate\":\"https:\/\/dev.klb-koetztal.de\/en\/?s={search_term_string}\"},\"query-input\":{\"@type\":\"PropertyValueSpecification\",\"valueRequired\":true,\"valueName\":\"search_term_string\"}}],\"inLanguage\":\"en-GB\"}]}<\/script>\n<!-- \/ Yoast SEO plugin. -->","yoast_head_json":{"title":"Thinner and cleanser for polyurethane resin VR 28 | KLB K\u00f6tztal","description":"Thinner and cleanser VR 28 containing solvents for polyurethane resin sealers | KLB tool cleaning and dilution \u2714\ufe0f also suitable for epoxy resin sealants","robots":{"index":"noindex","follow":"follow","max-snippet":"max-snippet:-1","max-image-preview":"max-image-preview:large","max-video-preview":"max-video-preview:-1"},"og_locale":"en_GB","og_type":"article","og_title":"Thinner and cleanser for polyurethane resin VR 28 | KLB K\u00f6tztal","og_description":"Thinner and cleanser VR 28 containing solvents for polyurethane resin sealers | KLB tool cleaning and dilution \u2714\ufe0f also suitable for epoxy resin sealants","og_url":"https:\/\/dev.klb-koetztal.de\/en\/produkt\/klb-system-verduenner-und-reiniger-vr-28\/","og_site_name":"KLB K\u00f6tztal","article_publisher":"https:\/\/www.facebook.com\/klbkoetztal","article_modified_time":"2026-02-25T11:22:48+00:00","og_image":[{"width":500,"height":500,"url":"https:\/\/dev.klb-koetztal.de\/app\/uploads\/2022\/03\/VR28.jpg","type":"image\/jpeg"}],"twitter_card":"summary_large_image","schema":{"@context":"https:\/\/schema.org","@graph":[{"@type":"WebPage","@id":"https:\/\/dev.klb-koetztal.de\/en\/produkt\/klb-system-verduenner-und-reiniger-vr-28\/","url":"https:\/\/dev.klb-koetztal.de\/en\/produkt\/klb-system-verduenner-und-reiniger-vr-28\/","name":"Thinner and cleanser for polyurethane resin VR 28 | KLB K\u00f6tztal","isPartOf":{"@id":"https:\/\/dev.klb-koetztal.de\/en\/#website"},"primaryImageOfPage":{"@id":"https:\/\/dev.klb-koetztal.de\/en\/produkt\/klb-system-verduenner-und-reiniger-vr-28\/#primaryimage"},"image":{"@id":"https:\/\/dev.klb-koetztal.de\/en\/produkt\/klb-system-verduenner-und-reiniger-vr-28\/#primaryimage"},"thumbnailUrl":"https:\/\/dev.klb-koetztal.de\/app\/uploads\/2022\/03\/VR28.jpg","datePublished":"2021-08-19T08:39:10+00:00","dateModified":"2026-02-25T11:22:48+00:00","description":"Thinner and cleanser VR 28 containing solvents for polyurethane resin sealers | KLB tool cleaning and dilution \u2714\ufe0f also suitable for epoxy resin sealants","breadcrumb":{"@id":"https:\/\/dev.klb-koetztal.de\/en\/produkt\/klb-system-verduenner-und-reiniger-vr-28\/#breadcrumb"},"inLanguage":"en-GB","potentialAction":[{"@type":"ReadAction","target":["https:\/\/dev.klb-koetztal.de\/en\/produkt\/klb-system-verduenner-und-reiniger-vr-28\/"]}]},{"@type":"ImageObject","inLanguage":"en-GB","@id":"https:\/\/dev.klb-koetztal.de\/en\/produkt\/klb-system-verduenner-und-reiniger-vr-28\/#primaryimage","url":"https:\/\/dev.klb-koetztal.de\/app\/uploads\/2022\/03\/VR28.jpg","contentUrl":"https:\/\/dev.klb-koetztal.de\/app\/uploads\/2022\/03\/VR28.jpg","width":500,"height":500},{"@type":"BreadcrumbList","@id":"https:\/\/dev.klb-koetztal.de\/en\/produkt\/klb-system-verduenner-und-reiniger-vr-28\/#breadcrumb","itemListElement":[{"@type":"ListItem","position":1,"name":"Startseite","item":"https:\/\/dev.klb-koetztal.de\/en\/"},{"@type":"ListItem","position":2,"name":"KLB-SYSTEM VERD\u00dcNNER UND REINIGER VR 28"}]},{"@type":"WebSite","@id":"https:\/\/dev.klb-koetztal.de\/en\/#website","url":"https:\/\/dev.klb-koetztal.de\/en\/","name":"KLB K\u00f6tztal","description":"Gute B\u00f6den haben ein System.","potentialAction":[{"@type":"SearchAction","target":{"@type":"EntryPoint","urlTemplate":"https:\/\/dev.klb-koetztal.de\/en\/?s={search_term_string}"},"query-input":{"@type":"PropertyValueSpecification","valueRequired":true,"valueName":"search_term_string"}}],"inLanguage":"en-GB"}]}},"_links":{"self":[{"href":"https:\/\/dev.klb-koetztal.de\/en\/wp-json\/wp\/v2\/product\/46821","targetHints":{"allow":["GET"]}}],"collection":[{"href":"https:\/\/dev.klb-koetztal.de\/en\/wp-json\/wp\/v2\/product"}],"about":[{"href":"https:\/\/dev.klb-koetztal.de\/en\/wp-json\/wp\/v2\/types\/product"}],"wp:featuredmedia":[{"embeddable":true,"href":"https:\/\/dev.klb-koetztal.de\/en\/wp-json\/wp\/v2\/media\/50332"}],"wp:attachment":[{"href":"https:\/\/dev.klb-koetztal.de\/en\/wp-json\/wp\/v2\/media?parent=46821"}],"wp:term":[{"taxonomy":"product_brand","embeddable":true,"href":"https:\/\/dev.klb-koetztal.de\/en\/wp-json\/wp\/v2\/product_brand?post=46821"},{"taxonomy":"product_cat","embeddable":true,"href":"https:\/\/dev.klb-koetztal.de\/en\/wp-json\/wp\/v2\/product_cat?post=46821"},{"taxonomy":"product_tag","embeddable":true,"href":"https:\/\/dev.klb-koetztal.de\/en\/wp-json\/wp\/v2\/product_tag?post=46821"}],"curies":[{"name":"wp","href":"https:\/\/api.w.org\/{rel}","templated":true}]}}