{"id":46818,"date":"2021-08-19T10:38:40","date_gmt":"2021-08-19T08:38:40","guid":{"rendered":"https:\/\/dev.klb-koetztal.de\/produkt\/klb-system-industriebodenpflege-ps-25-reinigungskonzentrat\/"},"modified":"2026-02-25T12:10:02","modified_gmt":"2026-02-25T11:10:02","slug":"klb-system-industriebodenpflege-ps-25-reinigungskonzentrat","status":"publish","type":"product","link":"https:\/\/dev.klb-koetztal.de\/en\/produkt\/klb-system-industriebodenpflege-ps-25-reinigungskonzentrat\/","title":{"rendered":"KLB-SYSTEM INDUSTRIEBODENPFLEGE PS 25 Reinigungskonzentrat"},"content":{"rendered":"","protected":false},"excerpt":{"rendered":"<p>Concentrated tenside mixture to clean industrial floors.&#160;Wide range of application. Does not corrode the flooring material.<\/p>\n","protected":false},"featured_media":50317,"template":"","meta":{"_acf_changed":false},"product_brand":[],"product_cat":[9646,9659],"product_tag":[],"class_list":{"0":"post-46818","1":"product","2":"type-product","3":"status-publish","4":"has-post-thumbnail","6":"product_cat-thinner-care-and-cleaning-agents","7":"product_cat-cleaning-agents","9":"first","10":"instock","11":"shipping-taxable","12":"product-type-simple"},"acf":{"product_header":{"module_product_header":{"":null,"prototype_headline":{"headline":"KLB-SYSTEM INDUSTRIEBODENPFLEGE PS 25 Reinigungskonzentrat","h1":true,"subheadline":"Highly concentrated cleanser for heavily soiled commercial&#160;and industrial floors","anchor":"","url":""},"grid_text_slider":false,"grid_text_content":[{"text":"<p class=\"product-short-title\" style=\"text-align: center;\"><strong>Brief description<\/strong><\/p>\n<p>Concentrated tenside mixture to clean industrial floors.&#160;Wide range of application. Does not corrode the flooring material.<\/p>\n","width":"4","background_color_text":"bg-white","border_color":"border-gray-light"},{"text":"<p class=\"product-sicing-title\" style=\"text-align: center;\"><strong>Packaging units<\/strong><\/p>\n<ul>\n<li>DP7608-92 &#8211; Bottle 1.00 l<\/li>\n<li>DP7608-70 &#8211; Canister 5.00 l<\/li>\n<li>DP7608-50 &#8211; Canister 10.00 l<\/li>\n<\/ul>\n<p><\/p>\n<p>Please do not hesitate to contact us directly for enquiries about larger delivery quantities or packaging units.<\/p>\n\n","width":"4","background_color_text":"bg-white","border_color":"border-gray-light"},{"text":"<p class=\"product-attr-title\" style=\"text-align: center;\"><strong>Properties<\/strong><\/p>\n<ul><\/ul>\n","width":"4","background_color_text":"bg-white","border_color":"border-gray-light"}],"background_color":"bg-none","background_color_content":"bg-none"}},"downloads":{"module_download_list":{"inhalt":null,"downloads":[{"download":{"ID":53160,"id":53160,"title":"PS_25_Reinigungskonzentrat_PI_en_2022_10","filename":"PS_25_Reinigungskonzentrat_PI_en_2022_10.pdf","filesize":240728,"url":"https:\/\/dev.klb-koetztal.de\/app\/uploads\/2022\/10\/PS_25_Reinigungskonzentrat_PI_en_2022_10.pdf","link":"https:\/\/dev.klb-koetztal.de\/en\/?attachment_id=53160","alt":"","author":"7","description":"","caption":"","name":"ps_25_reinigungskonzentrat_pi_en_2022_10-2","status":"inherit","uploaded_to":0,"date":"2022-10-06 11:20:44","modified":"2022-10-06 11:20:44","menu_order":0,"mime_type":"application\/pdf","type":"application","subtype":"pdf","icon":"https:\/\/dev.klb-koetztal.de\/wp\/wp-includes\/images\/media\/document.png"},"filename":"Product Information","protected":false,"doclang":"GB","externalkey":"Produktinformation","docpos":"2"},{"download":{"ID":53163,"id":53163,"title":"PS_25_Reinigungskonzentrat_PI_fr_2022_10","filename":"PS_25_Reinigungskonzentrat_PI_fr_2022_10.pdf","filesize":243419,"url":"https:\/\/dev.klb-koetztal.de\/app\/uploads\/2022\/10\/PS_25_Reinigungskonzentrat_PI_fr_2022_10.pdf","link":"https:\/\/dev.klb-koetztal.de\/en\/?attachment_id=53163","alt":"","author":"7","description":"","caption":"","name":"ps_25_reinigungskonzentrat_pi_fr_2022_10-2","status":"inherit","uploaded_to":0,"date":"2022-10-06 11:20:45","modified":"2022-10-06 11:20:45","menu_order":0,"mime_type":"application\/pdf","type":"application","subtype":"pdf","icon":"https:\/\/dev.klb-koetztal.de\/wp\/wp-includes\/images\/media\/document.png"},"filename":"Information Produit FR","protected":false,"doclang":"FR","externalkey":"Produktinformation","docpos":"3"},{"download":false,"filename":"Safety data sheet","protected":true,"doclang":"GB","externalkey":"Sicherheitsdatenblatt","docpos":"2"},{"download":false,"filename":"Fiche de donn\u00e9es de s\u00e9curit\u00e9 FR","protected":true,"doclang":"FR","externalkey":"Sicherheitsdatenblatt","docpos":"3"}],"einstellungen":null,"background_color":"bg-none","background_color_content":"bg-none"}},"included_in_systems":{"module_included_in_systems":{"":null,"background_color":"bg-gray-medium","background_color_content":"bg-none"}},"contact":{"module_contact":{"":null,"background_color":"bg-none","background_color_content":"bg-none"}},"ausschreibende":{"module_ausschreibende":{"andern_sie_den_inhalt_unter_universelle_elemente":null,"background_color":"bg-none","background_color_content":"bg-none"}}},"yoast_head":"<!-- This site is optimized with the Yoast SEO plugin v27.0 - https:\/\/yoast.com\/product\/yoast-seo-wordpress\/ -->\n<title>Deep-acting concentrated cleaner PS 25 | KLB K\u00f6tztal<\/title>\n<meta name=\"description\" content=\"Concentrated cleaner PS 25 for highly soiled industrial floors | KLB floor cleaning \u2714\ufe0f for synthetic or Terrazzo flooring, concrete slabs or floor tiles\" \/>\n<meta name=\"robots\" content=\"noindex, follow, max-snippet:-1, max-image-preview:large, max-video-preview:-1\" \/>\n<meta property=\"og:locale\" content=\"en_GB\" \/>\n<meta property=\"og:type\" content=\"article\" \/>\n<meta property=\"og:title\" content=\"Deep-acting concentrated cleaner PS 25 | KLB K\u00f6tztal\" \/>\n<meta property=\"og:description\" content=\"Concentrated cleaner PS 25 for highly soiled industrial floors | KLB floor cleaning \u2714\ufe0f for synthetic or Terrazzo flooring, concrete slabs or floor tiles\" \/>\n<meta property=\"og:url\" content=\"https:\/\/dev.klb-koetztal.de\/en\/produkt\/klb-system-industriebodenpflege-ps-25-reinigungskonzentrat\/\" \/>\n<meta property=\"og:site_name\" content=\"KLB K\u00f6tztal\" \/>\n<meta property=\"article:publisher\" content=\"https:\/\/www.facebook.com\/klbkoetztal\" \/>\n<meta property=\"article:modified_time\" content=\"2026-02-25T11:10:02+00:00\" \/>\n<meta property=\"og:image\" content=\"https:\/\/dev.klb-koetztal.de\/app\/uploads\/2022\/03\/PS25.jpg\" \/>\n\t<meta property=\"og:image:width\" content=\"500\" \/>\n\t<meta property=\"og:image:height\" content=\"500\" \/>\n\t<meta property=\"og:image:type\" content=\"image\/jpeg\" \/>\n<meta name=\"twitter:card\" content=\"summary_large_image\" \/>\n<script type=\"application\/ld+json\" class=\"yoast-schema-graph\">{\"@context\":\"https:\/\/schema.org\",\"@graph\":[{\"@type\":\"WebPage\",\"@id\":\"https:\/\/dev.klb-koetztal.de\/en\/produkt\/klb-system-industriebodenpflege-ps-25-reinigungskonzentrat\/\",\"url\":\"https:\/\/dev.klb-koetztal.de\/en\/produkt\/klb-system-industriebodenpflege-ps-25-reinigungskonzentrat\/\",\"name\":\"Deep-acting concentrated cleaner PS 25 | KLB K\u00f6tztal\",\"isPartOf\":{\"@id\":\"https:\/\/dev.klb-koetztal.de\/en\/#website\"},\"primaryImageOfPage\":{\"@id\":\"https:\/\/dev.klb-koetztal.de\/en\/produkt\/klb-system-industriebodenpflege-ps-25-reinigungskonzentrat\/#primaryimage\"},\"image\":{\"@id\":\"https:\/\/dev.klb-koetztal.de\/en\/produkt\/klb-system-industriebodenpflege-ps-25-reinigungskonzentrat\/#primaryimage\"},\"thumbnailUrl\":\"https:\/\/dev.klb-koetztal.de\/app\/uploads\/2022\/03\/PS25.jpg\",\"datePublished\":\"2021-08-19T08:38:40+00:00\",\"dateModified\":\"2026-02-25T11:10:02+00:00\",\"description\":\"Concentrated cleaner PS 25 for highly soiled industrial floors | KLB floor cleaning \u2714\ufe0f for synthetic or Terrazzo flooring, concrete slabs or floor tiles\",\"breadcrumb\":{\"@id\":\"https:\/\/dev.klb-koetztal.de\/en\/produkt\/klb-system-industriebodenpflege-ps-25-reinigungskonzentrat\/#breadcrumb\"},\"inLanguage\":\"en-GB\",\"potentialAction\":[{\"@type\":\"ReadAction\",\"target\":[\"https:\/\/dev.klb-koetztal.de\/en\/produkt\/klb-system-industriebodenpflege-ps-25-reinigungskonzentrat\/\"]}]},{\"@type\":\"ImageObject\",\"inLanguage\":\"en-GB\",\"@id\":\"https:\/\/dev.klb-koetztal.de\/en\/produkt\/klb-system-industriebodenpflege-ps-25-reinigungskonzentrat\/#primaryimage\",\"url\":\"https:\/\/dev.klb-koetztal.de\/app\/uploads\/2022\/03\/PS25.jpg\",\"contentUrl\":\"https:\/\/dev.klb-koetztal.de\/app\/uploads\/2022\/03\/PS25.jpg\",\"width\":500,\"height\":500},{\"@type\":\"BreadcrumbList\",\"@id\":\"https:\/\/dev.klb-koetztal.de\/en\/produkt\/klb-system-industriebodenpflege-ps-25-reinigungskonzentrat\/#breadcrumb\",\"itemListElement\":[{\"@type\":\"ListItem\",\"position\":1,\"name\":\"Startseite\",\"item\":\"https:\/\/dev.klb-koetztal.de\/en\/\"},{\"@type\":\"ListItem\",\"position\":2,\"name\":\"KLB-SYSTEM INDUSTRIEBODENPFLEGE PS 25 Reinigungskonzentrat\"}]},{\"@type\":\"WebSite\",\"@id\":\"https:\/\/dev.klb-koetztal.de\/en\/#website\",\"url\":\"https:\/\/dev.klb-koetztal.de\/en\/\",\"name\":\"KLB K\u00f6tztal\",\"description\":\"Gute B\u00f6den haben ein System.\",\"potentialAction\":[{\"@type\":\"SearchAction\",\"target\":{\"@type\":\"EntryPoint\",\"urlTemplate\":\"https:\/\/dev.klb-koetztal.de\/en\/?s={search_term_string}\"},\"query-input\":{\"@type\":\"PropertyValueSpecification\",\"valueRequired\":true,\"valueName\":\"search_term_string\"}}],\"inLanguage\":\"en-GB\"}]}<\/script>\n<!-- \/ Yoast SEO plugin. -->","yoast_head_json":{"title":"Deep-acting concentrated cleaner PS 25 | KLB K\u00f6tztal","description":"Concentrated cleaner PS 25 for highly soiled industrial floors | KLB floor cleaning \u2714\ufe0f for synthetic or Terrazzo flooring, concrete slabs or floor tiles","robots":{"index":"noindex","follow":"follow","max-snippet":"max-snippet:-1","max-image-preview":"max-image-preview:large","max-video-preview":"max-video-preview:-1"},"og_locale":"en_GB","og_type":"article","og_title":"Deep-acting concentrated cleaner PS 25 | KLB K\u00f6tztal","og_description":"Concentrated cleaner PS 25 for highly soiled industrial floors | KLB floor cleaning \u2714\ufe0f for synthetic or Terrazzo flooring, concrete slabs or floor tiles","og_url":"https:\/\/dev.klb-koetztal.de\/en\/produkt\/klb-system-industriebodenpflege-ps-25-reinigungskonzentrat\/","og_site_name":"KLB K\u00f6tztal","article_publisher":"https:\/\/www.facebook.com\/klbkoetztal","article_modified_time":"2026-02-25T11:10:02+00:00","og_image":[{"width":500,"height":500,"url":"https:\/\/dev.klb-koetztal.de\/app\/uploads\/2022\/03\/PS25.jpg","type":"image\/jpeg"}],"twitter_card":"summary_large_image","schema":{"@context":"https:\/\/schema.org","@graph":[{"@type":"WebPage","@id":"https:\/\/dev.klb-koetztal.de\/en\/produkt\/klb-system-industriebodenpflege-ps-25-reinigungskonzentrat\/","url":"https:\/\/dev.klb-koetztal.de\/en\/produkt\/klb-system-industriebodenpflege-ps-25-reinigungskonzentrat\/","name":"Deep-acting concentrated cleaner PS 25 | KLB K\u00f6tztal","isPartOf":{"@id":"https:\/\/dev.klb-koetztal.de\/en\/#website"},"primaryImageOfPage":{"@id":"https:\/\/dev.klb-koetztal.de\/en\/produkt\/klb-system-industriebodenpflege-ps-25-reinigungskonzentrat\/#primaryimage"},"image":{"@id":"https:\/\/dev.klb-koetztal.de\/en\/produkt\/klb-system-industriebodenpflege-ps-25-reinigungskonzentrat\/#primaryimage"},"thumbnailUrl":"https:\/\/dev.klb-koetztal.de\/app\/uploads\/2022\/03\/PS25.jpg","datePublished":"2021-08-19T08:38:40+00:00","dateModified":"2026-02-25T11:10:02+00:00","description":"Concentrated cleaner PS 25 for highly soiled industrial floors | KLB floor cleaning \u2714\ufe0f for synthetic or Terrazzo flooring, concrete slabs or floor tiles","breadcrumb":{"@id":"https:\/\/dev.klb-koetztal.de\/en\/produkt\/klb-system-industriebodenpflege-ps-25-reinigungskonzentrat\/#breadcrumb"},"inLanguage":"en-GB","potentialAction":[{"@type":"ReadAction","target":["https:\/\/dev.klb-koetztal.de\/en\/produkt\/klb-system-industriebodenpflege-ps-25-reinigungskonzentrat\/"]}]},{"@type":"ImageObject","inLanguage":"en-GB","@id":"https:\/\/dev.klb-koetztal.de\/en\/produkt\/klb-system-industriebodenpflege-ps-25-reinigungskonzentrat\/#primaryimage","url":"https:\/\/dev.klb-koetztal.de\/app\/uploads\/2022\/03\/PS25.jpg","contentUrl":"https:\/\/dev.klb-koetztal.de\/app\/uploads\/2022\/03\/PS25.jpg","width":500,"height":500},{"@type":"BreadcrumbList","@id":"https:\/\/dev.klb-koetztal.de\/en\/produkt\/klb-system-industriebodenpflege-ps-25-reinigungskonzentrat\/#breadcrumb","itemListElement":[{"@type":"ListItem","position":1,"name":"Startseite","item":"https:\/\/dev.klb-koetztal.de\/en\/"},{"@type":"ListItem","position":2,"name":"KLB-SYSTEM INDUSTRIEBODENPFLEGE PS 25 Reinigungskonzentrat"}]},{"@type":"WebSite","@id":"https:\/\/dev.klb-koetztal.de\/en\/#website","url":"https:\/\/dev.klb-koetztal.de\/en\/","name":"KLB K\u00f6tztal","description":"Gute B\u00f6den haben ein System.","potentialAction":[{"@type":"SearchAction","target":{"@type":"EntryPoint","urlTemplate":"https:\/\/dev.klb-koetztal.de\/en\/?s={search_term_string}"},"query-input":{"@type":"PropertyValueSpecification","valueRequired":true,"valueName":"search_term_string"}}],"inLanguage":"en-GB"}]}},"_links":{"self":[{"href":"https:\/\/dev.klb-koetztal.de\/en\/wp-json\/wp\/v2\/product\/46818","targetHints":{"allow":["GET"]}}],"collection":[{"href":"https:\/\/dev.klb-koetztal.de\/en\/wp-json\/wp\/v2\/product"}],"about":[{"href":"https:\/\/dev.klb-koetztal.de\/en\/wp-json\/wp\/v2\/types\/product"}],"wp:featuredmedia":[{"embeddable":true,"href":"https:\/\/dev.klb-koetztal.de\/en\/wp-json\/wp\/v2\/media\/50317"}],"wp:attachment":[{"href":"https:\/\/dev.klb-koetztal.de\/en\/wp-json\/wp\/v2\/media?parent=46818"}],"wp:term":[{"taxonomy":"product_brand","embeddable":true,"href":"https:\/\/dev.klb-koetztal.de\/en\/wp-json\/wp\/v2\/product_brand?post=46818"},{"taxonomy":"product_cat","embeddable":true,"href":"https:\/\/dev.klb-koetztal.de\/en\/wp-json\/wp\/v2\/product_cat?post=46818"},{"taxonomy":"product_tag","embeddable":true,"href":"https:\/\/dev.klb-koetztal.de\/en\/wp-json\/wp\/v2\/product_tag?post=46818"}],"curies":[{"name":"wp","href":"https:\/\/api.w.org\/{rel}","templated":true}]}}