{"id":46814,"date":"2021-08-19T10:16:57","date_gmt":"2021-08-19T08:16:57","guid":{"rendered":"https:\/\/dev.klb-koetztal.de\/produkt\/klb-system-epoxid-ep-750-e\/"},"modified":"2026-03-16T14:25:47","modified_gmt":"2026-03-16T13:25:47","slug":"klb-system-epoxid-ep-750-e","status":"publish","type":"product","link":"https:\/\/dev.klb-koetztal.de\/en\/produkt\/klb-system-epoxid-ep-750-e\/","title":{"rendered":"KLB-SYSTEM EPOXID EP 750 E"},"content":{"rendered":"","protected":false},"excerpt":{"rendered":"<p>Low-emission, coloured, glossy 2-component epoxy resin emulsion sealer for lightly stressed industrial&#160;and commercial&#160;surfaces. Water-dilutable.<br \/>\nAvailable from 10 kg in approx. RAL 7030, approx. RAL 7032, approx. RAL 7035 and approx. RAL 7040, other colours available from 300 kg.<br \/>\nCompliant with AgBB&#160;for recreation rooms.&#160;<\/p>\n","protected":false},"featured_media":50071,"template":"","meta":{"_acf_changed":false},"product_brand":[],"product_cat":[9609,9631,9621,9652],"product_tag":[],"class_list":{"0":"post-46814","1":"product","2":"type-product","3":"status-publish","4":"has-post-thumbnail","6":"product_cat-coatings","7":"product_cat-vapour-permeable-coatings-and-sealers","8":"product_cat-sealers-impregnations","9":"product_cat-2-component-epoxy-resin-sealers-water-emulsified-and-vapour-permeable","11":"first","12":"instock","13":"shipping-taxable","14":"product-type-simple"},"acf":{"product_header":{"module_product_header":{"":null,"prototype_headline":{"headline":"KLB-SYSTEM EPOXID EP 750 E","h1":true,"subheadline":"Glossy, pigmented 2-component epoxy resin emulsion sealer, low-emission&#160;according to AgBB","anchor":"","url":""},"grid_text_slider":false,"grid_text_content":[{"text":"<p class=\"product-short-title\" style=\"text-align: center;\"><strong>Brief description<\/strong><\/p>\n<p>Low-emission, coloured, glossy 2-component epoxy resin emulsion sealer for lightly stressed industrial&#160;and commercial&#160;surfaces. Water-dilutable.<\/p>\n<p>Available from 10 kg in approx. RAL 7030, approx. RAL 7032, approx. RAL 7035 and approx. RAL 7040, other colours available from 300 kg.<\/p>\n<p>Compliant with AgBB&#160;for recreation rooms.&#160;<\/p>\n","width":"4","background_color_text":"bg-white","border_color":"border-gray-light"},{"text":"<p class=\"product-sicing-title\" style=\"text-align: center;\"><strong>Packaging units<\/strong><\/p>\n<ul>\n<li>AK1701-10 &#8211; Bucket combo 10.00 kg<\/li>\n<li>AK1701-25 &#8211; Hobbock combo 25.00 kg<\/li>\n<\/ul>\n<p><\/p>\n<p>Please do not hesitate to contact us directly for enquiries about larger delivery quantities or packaging units.<\/p>\n\n","width":"4","background_color_text":"bg-white","border_color":"border-gray-light"},{"text":"<p class=\"product-attr-title\" style=\"text-align: center;\"><strong>Properties<\/strong><\/p>\n<ul>\n<li>easy application<\/li>\n<li>tested, low-emission quality<\/li>\n<li>Total Solid according to GISCODE<\/li>\n<li>solvent-free<\/li>\n<li>environmentally friendly<\/li>\n<li>odorless<\/li>\n<li>water vapour-permeable<\/li>\n<li>all-purpose use<\/li>\n<li>very high adhesion<\/li>\n<li>glossy<\/li>\n<li>high covering power<\/li>\n<\/ul>\n","width":"4","background_color_text":"bg-white","border_color":"border-gray-light"}],"background_color":"bg-none","background_color_content":"bg-none"}},"downloads":{"module_download_list":{"inhalt":null,"downloads":[{"download":{"ID":64734,"id":64734,"title":"EP_750_E_PI_en_2025_04","filename":"EP_750_E_PI_en_2025_04.pdf","filesize":311552,"url":"https:\/\/dev.klb-koetztal.de\/app\/uploads\/2025\/04\/EP_750_E_PI_en_2025_04.pdf","link":"https:\/\/dev.klb-koetztal.de\/en\/?attachment_id=64734","alt":"","author":"7","description":"","caption":"","name":"ep_750_e_pi_en_2025_04-2","status":"inherit","uploaded_to":0,"date":"2025-04-01 10:10:15","modified":"2025-04-01 10:10:15","menu_order":0,"mime_type":"application\/pdf","type":"application","subtype":"pdf","icon":"https:\/\/dev.klb-koetztal.de\/wp\/wp-includes\/images\/media\/document.png"},"filename":"Product Information","protected":false,"doclang":"GB","externalkey":"Produktinformation","docpos":"2"},{"download":{"ID":64737,"id":64737,"title":"EP_750_E_PI_fr_2025_04","filename":"EP_750_E_PI_fr_2025_04.pdf","filesize":316534,"url":"https:\/\/dev.klb-koetztal.de\/app\/uploads\/2025\/04\/EP_750_E_PI_fr_2025_04.pdf","link":"https:\/\/dev.klb-koetztal.de\/en\/?attachment_id=64737","alt":"","author":"7","description":"","caption":"","name":"ep_750_e_pi_fr_2025_04-2","status":"inherit","uploaded_to":0,"date":"2025-04-01 10:10:17","modified":"2025-04-01 10:10:17","menu_order":0,"mime_type":"application\/pdf","type":"application","subtype":"pdf","icon":"https:\/\/dev.klb-koetztal.de\/wp\/wp-includes\/images\/media\/document.png"},"filename":"Information Produit FR","protected":false,"doclang":"FR","externalkey":"Produktinformation","docpos":"3"},{"download":{"ID":50073,"id":50073,"title":"Leistungserkl\u00e4rung - Statement of performance","filename":"EP750_E_LE_2013-04.pdf","filesize":170028,"url":"https:\/\/dev.klb-koetztal.de\/app\/uploads\/2022\/03\/EP750_E_LE_2013-04.pdf","link":"https:\/\/dev.klb-koetztal.de\/en\/?attachment_id=50073","alt":"","author":"7","description":"","caption":"","name":"ep750_e_le_2013-04","status":"inherit","uploaded_to":0,"date":"2022-03-14 10:05:41","modified":"2026-03-16 13:25:54","menu_order":0,"mime_type":"application\/pdf","type":"application","subtype":"pdf","icon":"https:\/\/dev.klb-koetztal.de\/wp\/wp-includes\/images\/media\/document.png"},"filename":"Statement of performance - Leistungserkl\u00e4rung","protected":false,"doclang":"Multi","externalkey":"Leistungserklaerung","docpos":"50"},{"download":{"ID":52040,"id":52040,"title":"EP750_E_Umwelt-Deklaration_2022-08","filename":"EP750_E_Umwelt-Deklaration_2022-08.pdf","filesize":2343656,"url":"https:\/\/dev.klb-koetztal.de\/app\/uploads\/2022\/09\/EP750_E_Umwelt-Deklaration_2022-08.pdf","link":"https:\/\/dev.klb-koetztal.de\/en\/?attachment_id=52040","alt":"","author":"7","description":"","caption":"","name":"ep750_e_umwelt-deklaration_2022-08-2","status":"inherit","uploaded_to":0,"date":"2022-09-01 11:25:22","modified":"2022-09-01 11:25:22","menu_order":0,"mime_type":"application\/pdf","type":"application","subtype":"pdf","icon":"https:\/\/dev.klb-koetztal.de\/wp\/wp-includes\/images\/media\/document.png"},"filename":"EPD - Environmental Product Declaration","protected":false,"doclang":"Multi","externalkey":"Umweltproduktdeklaration","docpos":"50"},{"download":false,"filename":"Safety data sheet","protected":true,"doclang":"GB","externalkey":"Sicherheitsdatenblatt","docpos":"2"},{"download":false,"filename":"Fiche de donn\u00e9es de s\u00e9curit\u00e9 FR","protected":true,"doclang":"FR","externalkey":"Sicherheitsdatenblatt","docpos":"3"}],"einstellungen":null,"background_color":"bg-none","background_color_content":"bg-none"}},"included_in_systems":{"module_included_in_systems":{"":null,"background_color":"bg-gray-medium","background_color_content":"bg-none"}},"contact":{"module_contact":{"":null,"background_color":"bg-none","background_color_content":"bg-none"}},"ausschreibende":{"module_ausschreibende":{"andern_sie_den_inhalt_unter_universelle_elemente":null,"background_color":"bg-none","background_color_content":"bg-none"}}},"yoast_head":"<!-- This site is optimized with the Yoast SEO plugin v27.0 - https:\/\/yoast.com\/product\/yoast-seo-wordpress\/ -->\n<title>Low-VOC, coloured sealer EP 750 E | KLB K\u00f6tztal<\/title>\n<meta name=\"description\" content=\"Low-emission, pigmented, glossy, water-emulsified 2-component epoxy resin sealer EP 750 E | KLB reactive resin floor coatings \u2714\ufe0f AgBB-compliant\" \/>\n<meta name=\"robots\" content=\"noindex, follow, max-snippet:-1, max-image-preview:large, max-video-preview:-1\" \/>\n<meta property=\"og:locale\" content=\"en_GB\" \/>\n<meta property=\"og:type\" content=\"article\" \/>\n<meta property=\"og:title\" content=\"Low-VOC, coloured sealer EP 750 E | KLB K\u00f6tztal\" \/>\n<meta property=\"og:description\" content=\"Low-emission, pigmented, glossy, water-emulsified 2-component epoxy resin sealer EP 750 E | KLB reactive resin floor coatings \u2714\ufe0f AgBB-compliant\" \/>\n<meta property=\"og:url\" content=\"https:\/\/dev.klb-koetztal.de\/en\/produkt\/klb-system-epoxid-ep-750-e\/\" \/>\n<meta property=\"og:site_name\" content=\"KLB K\u00f6tztal\" \/>\n<meta property=\"article:publisher\" content=\"https:\/\/www.facebook.com\/klbkoetztal\" \/>\n<meta property=\"article:modified_time\" content=\"2026-03-16T13:25:47+00:00\" \/>\n<meta property=\"og:image\" content=\"https:\/\/dev.klb-koetztal.de\/app\/uploads\/2022\/03\/EP750_E.jpg\" \/>\n\t<meta property=\"og:image:width\" content=\"500\" \/>\n\t<meta property=\"og:image:height\" content=\"500\" \/>\n\t<meta property=\"og:image:type\" content=\"image\/jpeg\" \/>\n<meta name=\"twitter:card\" content=\"summary_large_image\" \/>\n<script type=\"application\/ld+json\" class=\"yoast-schema-graph\">{\"@context\":\"https:\/\/schema.org\",\"@graph\":[{\"@type\":\"WebPage\",\"@id\":\"https:\/\/dev.klb-koetztal.de\/en\/produkt\/klb-system-epoxid-ep-750-e\/\",\"url\":\"https:\/\/dev.klb-koetztal.de\/en\/produkt\/klb-system-epoxid-ep-750-e\/\",\"name\":\"Low-VOC, coloured sealer EP 750 E | KLB K\u00f6tztal\",\"isPartOf\":{\"@id\":\"https:\/\/dev.klb-koetztal.de\/en\/#website\"},\"primaryImageOfPage\":{\"@id\":\"https:\/\/dev.klb-koetztal.de\/en\/produkt\/klb-system-epoxid-ep-750-e\/#primaryimage\"},\"image\":{\"@id\":\"https:\/\/dev.klb-koetztal.de\/en\/produkt\/klb-system-epoxid-ep-750-e\/#primaryimage\"},\"thumbnailUrl\":\"https:\/\/dev.klb-koetztal.de\/app\/uploads\/2022\/03\/EP750_E.jpg\",\"datePublished\":\"2021-08-19T08:16:57+00:00\",\"dateModified\":\"2026-03-16T13:25:47+00:00\",\"description\":\"Low-emission, pigmented, glossy, water-emulsified 2-component epoxy resin sealer EP 750 E | KLB reactive resin floor coatings \u2714\ufe0f AgBB-compliant\",\"breadcrumb\":{\"@id\":\"https:\/\/dev.klb-koetztal.de\/en\/produkt\/klb-system-epoxid-ep-750-e\/#breadcrumb\"},\"inLanguage\":\"en-GB\",\"potentialAction\":[{\"@type\":\"ReadAction\",\"target\":[\"https:\/\/dev.klb-koetztal.de\/en\/produkt\/klb-system-epoxid-ep-750-e\/\"]}]},{\"@type\":\"ImageObject\",\"inLanguage\":\"en-GB\",\"@id\":\"https:\/\/dev.klb-koetztal.de\/en\/produkt\/klb-system-epoxid-ep-750-e\/#primaryimage\",\"url\":\"https:\/\/dev.klb-koetztal.de\/app\/uploads\/2022\/03\/EP750_E.jpg\",\"contentUrl\":\"https:\/\/dev.klb-koetztal.de\/app\/uploads\/2022\/03\/EP750_E.jpg\",\"width\":500,\"height\":500},{\"@type\":\"BreadcrumbList\",\"@id\":\"https:\/\/dev.klb-koetztal.de\/en\/produkt\/klb-system-epoxid-ep-750-e\/#breadcrumb\",\"itemListElement\":[{\"@type\":\"ListItem\",\"position\":1,\"name\":\"Startseite\",\"item\":\"https:\/\/dev.klb-koetztal.de\/en\/\"},{\"@type\":\"ListItem\",\"position\":2,\"name\":\"KLB-SYSTEM EPOXID EP 750 E\"}]},{\"@type\":\"WebSite\",\"@id\":\"https:\/\/dev.klb-koetztal.de\/en\/#website\",\"url\":\"https:\/\/dev.klb-koetztal.de\/en\/\",\"name\":\"KLB K\u00f6tztal\",\"description\":\"Gute B\u00f6den haben ein System.\",\"potentialAction\":[{\"@type\":\"SearchAction\",\"target\":{\"@type\":\"EntryPoint\",\"urlTemplate\":\"https:\/\/dev.klb-koetztal.de\/en\/?s={search_term_string}\"},\"query-input\":{\"@type\":\"PropertyValueSpecification\",\"valueRequired\":true,\"valueName\":\"search_term_string\"}}],\"inLanguage\":\"en-GB\"}]}<\/script>\n<!-- \/ Yoast SEO plugin. -->","yoast_head_json":{"title":"Low-VOC, coloured sealer EP 750 E | KLB K\u00f6tztal","description":"Low-emission, pigmented, glossy, water-emulsified 2-component epoxy resin sealer EP 750 E | KLB reactive resin floor coatings \u2714\ufe0f AgBB-compliant","robots":{"index":"noindex","follow":"follow","max-snippet":"max-snippet:-1","max-image-preview":"max-image-preview:large","max-video-preview":"max-video-preview:-1"},"og_locale":"en_GB","og_type":"article","og_title":"Low-VOC, coloured sealer EP 750 E | KLB K\u00f6tztal","og_description":"Low-emission, pigmented, glossy, water-emulsified 2-component epoxy resin sealer EP 750 E | KLB reactive resin floor coatings \u2714\ufe0f AgBB-compliant","og_url":"https:\/\/dev.klb-koetztal.de\/en\/produkt\/klb-system-epoxid-ep-750-e\/","og_site_name":"KLB K\u00f6tztal","article_publisher":"https:\/\/www.facebook.com\/klbkoetztal","article_modified_time":"2026-03-16T13:25:47+00:00","og_image":[{"width":500,"height":500,"url":"https:\/\/dev.klb-koetztal.de\/app\/uploads\/2022\/03\/EP750_E.jpg","type":"image\/jpeg"}],"twitter_card":"summary_large_image","schema":{"@context":"https:\/\/schema.org","@graph":[{"@type":"WebPage","@id":"https:\/\/dev.klb-koetztal.de\/en\/produkt\/klb-system-epoxid-ep-750-e\/","url":"https:\/\/dev.klb-koetztal.de\/en\/produkt\/klb-system-epoxid-ep-750-e\/","name":"Low-VOC, coloured sealer EP 750 E | KLB K\u00f6tztal","isPartOf":{"@id":"https:\/\/dev.klb-koetztal.de\/en\/#website"},"primaryImageOfPage":{"@id":"https:\/\/dev.klb-koetztal.de\/en\/produkt\/klb-system-epoxid-ep-750-e\/#primaryimage"},"image":{"@id":"https:\/\/dev.klb-koetztal.de\/en\/produkt\/klb-system-epoxid-ep-750-e\/#primaryimage"},"thumbnailUrl":"https:\/\/dev.klb-koetztal.de\/app\/uploads\/2022\/03\/EP750_E.jpg","datePublished":"2021-08-19T08:16:57+00:00","dateModified":"2026-03-16T13:25:47+00:00","description":"Low-emission, pigmented, glossy, water-emulsified 2-component epoxy resin sealer EP 750 E | KLB reactive resin floor coatings \u2714\ufe0f AgBB-compliant","breadcrumb":{"@id":"https:\/\/dev.klb-koetztal.de\/en\/produkt\/klb-system-epoxid-ep-750-e\/#breadcrumb"},"inLanguage":"en-GB","potentialAction":[{"@type":"ReadAction","target":["https:\/\/dev.klb-koetztal.de\/en\/produkt\/klb-system-epoxid-ep-750-e\/"]}]},{"@type":"ImageObject","inLanguage":"en-GB","@id":"https:\/\/dev.klb-koetztal.de\/en\/produkt\/klb-system-epoxid-ep-750-e\/#primaryimage","url":"https:\/\/dev.klb-koetztal.de\/app\/uploads\/2022\/03\/EP750_E.jpg","contentUrl":"https:\/\/dev.klb-koetztal.de\/app\/uploads\/2022\/03\/EP750_E.jpg","width":500,"height":500},{"@type":"BreadcrumbList","@id":"https:\/\/dev.klb-koetztal.de\/en\/produkt\/klb-system-epoxid-ep-750-e\/#breadcrumb","itemListElement":[{"@type":"ListItem","position":1,"name":"Startseite","item":"https:\/\/dev.klb-koetztal.de\/en\/"},{"@type":"ListItem","position":2,"name":"KLB-SYSTEM EPOXID EP 750 E"}]},{"@type":"WebSite","@id":"https:\/\/dev.klb-koetztal.de\/en\/#website","url":"https:\/\/dev.klb-koetztal.de\/en\/","name":"KLB K\u00f6tztal","description":"Gute B\u00f6den haben ein System.","potentialAction":[{"@type":"SearchAction","target":{"@type":"EntryPoint","urlTemplate":"https:\/\/dev.klb-koetztal.de\/en\/?s={search_term_string}"},"query-input":{"@type":"PropertyValueSpecification","valueRequired":true,"valueName":"search_term_string"}}],"inLanguage":"en-GB"}]}},"_links":{"self":[{"href":"https:\/\/dev.klb-koetztal.de\/en\/wp-json\/wp\/v2\/product\/46814","targetHints":{"allow":["GET"]}}],"collection":[{"href":"https:\/\/dev.klb-koetztal.de\/en\/wp-json\/wp\/v2\/product"}],"about":[{"href":"https:\/\/dev.klb-koetztal.de\/en\/wp-json\/wp\/v2\/types\/product"}],"wp:featuredmedia":[{"embeddable":true,"href":"https:\/\/dev.klb-koetztal.de\/en\/wp-json\/wp\/v2\/media\/50071"}],"wp:attachment":[{"href":"https:\/\/dev.klb-koetztal.de\/en\/wp-json\/wp\/v2\/media?parent=46814"}],"wp:term":[{"taxonomy":"product_brand","embeddable":true,"href":"https:\/\/dev.klb-koetztal.de\/en\/wp-json\/wp\/v2\/product_brand?post=46814"},{"taxonomy":"product_cat","embeddable":true,"href":"https:\/\/dev.klb-koetztal.de\/en\/wp-json\/wp\/v2\/product_cat?post=46814"},{"taxonomy":"product_tag","embeddable":true,"href":"https:\/\/dev.klb-koetztal.de\/en\/wp-json\/wp\/v2\/product_tag?post=46814"}],"curies":[{"name":"wp","href":"https:\/\/api.w.org\/{rel}","templated":true}]}}