{"id":46808,"date":"2021-08-19T10:15:01","date_gmt":"2021-08-19T08:15:01","guid":{"rendered":"https:\/\/dev.klb-koetztal.de\/produkt\/klb-system-epoxid-ep-705-e-r10\/"},"modified":"2026-03-16T14:10:09","modified_gmt":"2026-03-16T13:10:09","slug":"klb-system-epoxid-ep-705-e-r10","status":"publish","type":"product","link":"https:\/\/dev.klb-koetztal.de\/en\/produkt\/klb-system-epoxid-ep-705-e-r10\/","title":{"rendered":"KLB-SYSTEM EPOXID EP 705 E &#8211; R10"},"content":{"rendered":"","protected":false},"excerpt":{"rendered":"<p>Low-emission, non-pigmented 2-component&#160;epoxy resin emulsion sealant, water-based for&#160;matt sealing of epoxy resin coatings, designed to have a slip-resistance grade of R10 (also suitable for areas with demands on R9).&#160;<br \/>\nSuitable for coatings that must comply with Eurofins &#8220;Indoor Air Comfort&#8221; and the Gold-certification. Compliant with AgBB for recreation rooms. EMICODE EC 1 Plus certified.<\/p>\n","protected":false},"featured_media":50037,"template":"","meta":{"_acf_changed":false},"product_brand":[],"product_cat":[9621,9652],"product_tag":[],"class_list":{"0":"post-46808","1":"product","2":"type-product","3":"status-publish","4":"has-post-thumbnail","6":"product_cat-sealers-impregnations","7":"product_cat-2-component-epoxy-resin-sealers-water-emulsified-and-vapour-permeable","9":"first","10":"instock","11":"shipping-taxable","12":"product-type-simple"},"acf":{"product_header":{"module_product_header":{"":null,"prototype_headline":{"headline":"KLB-SYSTEM EPOXID EP 705 E - R10","h1":true,"subheadline":"Low-emission, transparent, matt&#160;2-component epoxy resin&#160;emulsion sealant for slip-resistance grade R10","anchor":"","url":""},"grid_text_slider":false,"grid_text_content":[{"text":"<p class=\"product-short-title\" style=\"text-align: center;\"><strong>Brief description<\/strong><\/p>\n<p>Low-emission, non-pigmented 2-component&#160;epoxy resin emulsion sealant, water-based for&#160;matt sealing of epoxy resin coatings, designed to have a slip-resistance grade of R10 (also suitable for areas with demands on R9).&#160;<\/p>\n<p>Suitable for coatings that must comply with Eurofins &#8220;Indoor Air Comfort&#8221; and the Gold-certification. Compliant with AgBB for recreation rooms. EMICODE EC 1 Plus certified.<\/p>\n","width":"4","background_color_text":"bg-white","border_color":"border-gray-light"},{"text":"<p class=\"product-sicing-title\" style=\"text-align: center;\"><strong>Packaging units<\/strong><\/p>\n<ul>\n<li>AK2794-70 &#8211; Bucket combo 5.25 kg<\/li>\n<li>AK2794-50 &#8211; Bucket combo 10.50 kg<\/li>\n<\/ul>\n<p><\/p>\n<p>Please do not hesitate to contact us directly for enquiries about larger delivery quantities or packaging units.<\/p>\n\n","width":"4","background_color_text":"bg-white","border_color":"border-gray-light"},{"text":"<p class=\"product-attr-title\" style=\"text-align: center;\"><strong>Properties<\/strong><\/p>\n<ul>\n<li>decorative, appealing surface<\/li>\n<li>even surface<\/li>\n<li>tested, low-emission quality<\/li>\n<li>EMICODE\u00ae EC 1PLUS certified<\/li>\n<li>Total Solid according to GISCODE (Test method &#8220;Deutsche Bauchemie&#8221;)<\/li>\n<li>odorless<\/li>\n<li>environmentally friendly<\/li>\n<li>very economical<\/li>\n<li>easy application<\/li>\n<li>slip-resistant<\/li>\n<\/ul>\n","width":"4","background_color_text":"bg-white","border_color":"border-gray-light"}],"background_color":"bg-none","background_color_content":"bg-none"}},"downloads":{"module_download_list":{"inhalt":null,"downloads":[{"download":{"ID":57742,"id":57742,"title":"EP_705_E_R10_PI_en_2023_07","filename":"EP_705_E_R10_PI_en_2023_07.pdf","filesize":1057887,"url":"https:\/\/dev.klb-koetztal.de\/app\/uploads\/2023\/07\/EP_705_E_R10_PI_en_2023_07.pdf","link":"https:\/\/dev.klb-koetztal.de\/en\/?attachment_id=57742","alt":"","author":"7","description":"","caption":"","name":"ep_705_e_r10_pi_en_2023_07-2","status":"inherit","uploaded_to":0,"date":"2023-07-31 12:00:20","modified":"2023-07-31 12:00:20","menu_order":0,"mime_type":"application\/pdf","type":"application","subtype":"pdf","icon":"https:\/\/dev.klb-koetztal.de\/wp\/wp-includes\/images\/media\/document.png"},"filename":"Product Information","protected":false,"doclang":"GB","externalkey":"Produktinformation","docpos":"2"},{"download":{"ID":57745,"id":57745,"title":"EP_705_E_R10_PI_fr_2023_07","filename":"EP_705_E_R10_PI_fr_2023_07.pdf","filesize":1063921,"url":"https:\/\/dev.klb-koetztal.de\/app\/uploads\/2023\/07\/EP_705_E_R10_PI_fr_2023_07.pdf","link":"https:\/\/dev.klb-koetztal.de\/en\/?attachment_id=57745","alt":"","author":"7","description":"","caption":"","name":"ep_705_e_r10_pi_fr_2023_07-2","status":"inherit","uploaded_to":0,"date":"2023-07-31 12:00:22","modified":"2023-07-31 12:00:22","menu_order":0,"mime_type":"application\/pdf","type":"application","subtype":"pdf","icon":"https:\/\/dev.klb-koetztal.de\/wp\/wp-includes\/images\/media\/document.png"},"filename":"Information Produit FR","protected":false,"doclang":"FR","externalkey":"Produktinformation","docpos":"3"},{"download":{"ID":50039,"id":50039,"title":"Leistungserkl\u00e4rung - Statement of performance","filename":"EP705_E_LE_2013-04.pdf","filesize":170412,"url":"https:\/\/dev.klb-koetztal.de\/app\/uploads\/2022\/03\/EP705_E_LE_2013-04.pdf","link":"https:\/\/dev.klb-koetztal.de\/en\/?attachment_id=50039","alt":"","author":"7","description":"","caption":"","name":"ep705_e_le_2013-04","status":"inherit","uploaded_to":0,"date":"2022-03-14 10:04:59","modified":"2026-03-16 13:18:46","menu_order":0,"mime_type":"application\/pdf","type":"application","subtype":"pdf","icon":"https:\/\/dev.klb-koetztal.de\/wp\/wp-includes\/images\/media\/document.png"},"filename":"Statement of performance - Leistungserkl\u00e4rung","protected":false,"doclang":"Multi","externalkey":"Leistungserklaerung","docpos":"50"},{"download":{"ID":52007,"id":52007,"title":"EP705_E_R10_Umwelt-Deklaration_2022-08","filename":"EP705_E_R10_Umwelt-Deklaration_2022-08.pdf","filesize":2343541,"url":"https:\/\/dev.klb-koetztal.de\/app\/uploads\/2022\/09\/EP705_E_R10_Umwelt-Deklaration_2022-08.pdf","link":"https:\/\/dev.klb-koetztal.de\/en\/?attachment_id=52007","alt":"","author":"7","description":"","caption":"","name":"ep705_e_r10_umwelt-deklaration_2022-08-2","status":"inherit","uploaded_to":0,"date":"2022-09-01 09:50:25","modified":"2022-09-01 09:50:25","menu_order":0,"mime_type":"application\/pdf","type":"application","subtype":"pdf","icon":"https:\/\/dev.klb-koetztal.de\/wp\/wp-includes\/images\/media\/document.png"},"filename":"EPD - Environmental Product Declaration","protected":false,"doclang":"Multi","externalkey":"Umweltproduktdeklaration","docpos":"50"},{"download":false,"filename":"Safety data sheet","protected":true,"doclang":"GB","externalkey":"Sicherheitsdatenblatt","docpos":"2"},{"download":false,"filename":"Fiche de donn\u00e9es de s\u00e9curit\u00e9 FR","protected":true,"doclang":"FR","externalkey":"Sicherheitsdatenblatt","docpos":"3"}],"einstellungen":null,"background_color":"bg-none","background_color_content":"bg-none"}},"included_in_systems":{"module_included_in_systems":{"":null,"background_color":"bg-gray-medium","background_color_content":"bg-none"}},"contact":{"module_contact":{"":null,"background_color":"bg-none","background_color_content":"bg-none"}},"ausschreibende":{"module_ausschreibende":{"andern_sie_den_inhalt_unter_universelle_elemente":null,"background_color":"bg-none","background_color_content":"bg-none"}}},"yoast_head":"<!-- This site is optimized with the Yoast SEO plugin v27.0 - https:\/\/yoast.com\/product\/yoast-seo-wordpress\/ -->\n<title>Non-slip, low-VOC matt sealer EP 705 E-R10 | KLB<\/title>\n<meta name=\"description\" content=\"Slip-resistant, transparent, low-emission, water-based 2-component epoxy resin sealer EP 705 E-R10 | KLB floors \u2714\ufe0f DIBt\u00ae, AgBB-compliant, Eurofins\" \/>\n<meta name=\"robots\" content=\"noindex, follow, max-snippet:-1, max-image-preview:large, max-video-preview:-1\" \/>\n<meta property=\"og:locale\" content=\"en_GB\" \/>\n<meta property=\"og:type\" content=\"article\" \/>\n<meta property=\"og:title\" content=\"Non-slip, low-VOC matt sealer EP 705 E-R10 | KLB\" \/>\n<meta property=\"og:description\" content=\"Slip-resistant, transparent, low-emission, water-based 2-component epoxy resin sealer EP 705 E-R10 | KLB floors \u2714\ufe0f DIBt\u00ae, AgBB-compliant, Eurofins\" \/>\n<meta property=\"og:url\" content=\"https:\/\/dev.klb-koetztal.de\/en\/produkt\/klb-system-epoxid-ep-705-e-r10\/\" \/>\n<meta property=\"og:site_name\" content=\"KLB K\u00f6tztal\" \/>\n<meta property=\"article:publisher\" content=\"https:\/\/www.facebook.com\/klbkoetztal\" \/>\n<meta property=\"article:modified_time\" content=\"2026-03-16T13:10:09+00:00\" \/>\n<meta property=\"og:image\" content=\"https:\/\/dev.klb-koetztal.de\/app\/uploads\/2022\/03\/EP705_E_R10.jpg\" \/>\n\t<meta property=\"og:image:width\" content=\"500\" \/>\n\t<meta property=\"og:image:height\" content=\"500\" \/>\n\t<meta property=\"og:image:type\" content=\"image\/jpeg\" \/>\n<meta name=\"twitter:card\" content=\"summary_large_image\" \/>\n<script type=\"application\/ld+json\" class=\"yoast-schema-graph\">{\"@context\":\"https:\/\/schema.org\",\"@graph\":[{\"@type\":\"WebPage\",\"@id\":\"https:\/\/dev.klb-koetztal.de\/en\/produkt\/klb-system-epoxid-ep-705-e-r10\/\",\"url\":\"https:\/\/dev.klb-koetztal.de\/en\/produkt\/klb-system-epoxid-ep-705-e-r10\/\",\"name\":\"Non-slip, low-VOC matt sealer EP 705 E-R10 | KLB\",\"isPartOf\":{\"@id\":\"https:\/\/dev.klb-koetztal.de\/en\/#website\"},\"primaryImageOfPage\":{\"@id\":\"https:\/\/dev.klb-koetztal.de\/en\/produkt\/klb-system-epoxid-ep-705-e-r10\/#primaryimage\"},\"image\":{\"@id\":\"https:\/\/dev.klb-koetztal.de\/en\/produkt\/klb-system-epoxid-ep-705-e-r10\/#primaryimage\"},\"thumbnailUrl\":\"https:\/\/dev.klb-koetztal.de\/app\/uploads\/2022\/03\/EP705_E_R10.jpg\",\"datePublished\":\"2021-08-19T08:15:01+00:00\",\"dateModified\":\"2026-03-16T13:10:09+00:00\",\"description\":\"Slip-resistant, transparent, low-emission, water-based 2-component epoxy resin sealer EP 705 E-R10 | KLB floors \u2714\ufe0f DIBt\u00ae, AgBB-compliant, Eurofins\",\"breadcrumb\":{\"@id\":\"https:\/\/dev.klb-koetztal.de\/en\/produkt\/klb-system-epoxid-ep-705-e-r10\/#breadcrumb\"},\"inLanguage\":\"en-GB\",\"potentialAction\":[{\"@type\":\"ReadAction\",\"target\":[\"https:\/\/dev.klb-koetztal.de\/en\/produkt\/klb-system-epoxid-ep-705-e-r10\/\"]}]},{\"@type\":\"ImageObject\",\"inLanguage\":\"en-GB\",\"@id\":\"https:\/\/dev.klb-koetztal.de\/en\/produkt\/klb-system-epoxid-ep-705-e-r10\/#primaryimage\",\"url\":\"https:\/\/dev.klb-koetztal.de\/app\/uploads\/2022\/03\/EP705_E_R10.jpg\",\"contentUrl\":\"https:\/\/dev.klb-koetztal.de\/app\/uploads\/2022\/03\/EP705_E_R10.jpg\",\"width\":500,\"height\":500},{\"@type\":\"BreadcrumbList\",\"@id\":\"https:\/\/dev.klb-koetztal.de\/en\/produkt\/klb-system-epoxid-ep-705-e-r10\/#breadcrumb\",\"itemListElement\":[{\"@type\":\"ListItem\",\"position\":1,\"name\":\"Startseite\",\"item\":\"https:\/\/dev.klb-koetztal.de\/en\/\"},{\"@type\":\"ListItem\",\"position\":2,\"name\":\"KLB-SYSTEM EPOXID EP 705 E &#8211; R10\"}]},{\"@type\":\"WebSite\",\"@id\":\"https:\/\/dev.klb-koetztal.de\/en\/#website\",\"url\":\"https:\/\/dev.klb-koetztal.de\/en\/\",\"name\":\"KLB K\u00f6tztal\",\"description\":\"Gute B\u00f6den haben ein System.\",\"potentialAction\":[{\"@type\":\"SearchAction\",\"target\":{\"@type\":\"EntryPoint\",\"urlTemplate\":\"https:\/\/dev.klb-koetztal.de\/en\/?s={search_term_string}\"},\"query-input\":{\"@type\":\"PropertyValueSpecification\",\"valueRequired\":true,\"valueName\":\"search_term_string\"}}],\"inLanguage\":\"en-GB\"}]}<\/script>\n<!-- \/ Yoast SEO plugin. -->","yoast_head_json":{"title":"Non-slip, low-VOC matt sealer EP 705 E-R10 | KLB","description":"Slip-resistant, transparent, low-emission, water-based 2-component epoxy resin sealer EP 705 E-R10 | KLB floors \u2714\ufe0f DIBt\u00ae, AgBB-compliant, Eurofins","robots":{"index":"noindex","follow":"follow","max-snippet":"max-snippet:-1","max-image-preview":"max-image-preview:large","max-video-preview":"max-video-preview:-1"},"og_locale":"en_GB","og_type":"article","og_title":"Non-slip, low-VOC matt sealer EP 705 E-R10 | KLB","og_description":"Slip-resistant, transparent, low-emission, water-based 2-component epoxy resin sealer EP 705 E-R10 | KLB floors \u2714\ufe0f DIBt\u00ae, AgBB-compliant, Eurofins","og_url":"https:\/\/dev.klb-koetztal.de\/en\/produkt\/klb-system-epoxid-ep-705-e-r10\/","og_site_name":"KLB K\u00f6tztal","article_publisher":"https:\/\/www.facebook.com\/klbkoetztal","article_modified_time":"2026-03-16T13:10:09+00:00","og_image":[{"width":500,"height":500,"url":"https:\/\/dev.klb-koetztal.de\/app\/uploads\/2022\/03\/EP705_E_R10.jpg","type":"image\/jpeg"}],"twitter_card":"summary_large_image","schema":{"@context":"https:\/\/schema.org","@graph":[{"@type":"WebPage","@id":"https:\/\/dev.klb-koetztal.de\/en\/produkt\/klb-system-epoxid-ep-705-e-r10\/","url":"https:\/\/dev.klb-koetztal.de\/en\/produkt\/klb-system-epoxid-ep-705-e-r10\/","name":"Non-slip, low-VOC matt sealer EP 705 E-R10 | KLB","isPartOf":{"@id":"https:\/\/dev.klb-koetztal.de\/en\/#website"},"primaryImageOfPage":{"@id":"https:\/\/dev.klb-koetztal.de\/en\/produkt\/klb-system-epoxid-ep-705-e-r10\/#primaryimage"},"image":{"@id":"https:\/\/dev.klb-koetztal.de\/en\/produkt\/klb-system-epoxid-ep-705-e-r10\/#primaryimage"},"thumbnailUrl":"https:\/\/dev.klb-koetztal.de\/app\/uploads\/2022\/03\/EP705_E_R10.jpg","datePublished":"2021-08-19T08:15:01+00:00","dateModified":"2026-03-16T13:10:09+00:00","description":"Slip-resistant, transparent, low-emission, water-based 2-component epoxy resin sealer EP 705 E-R10 | KLB floors \u2714\ufe0f DIBt\u00ae, AgBB-compliant, Eurofins","breadcrumb":{"@id":"https:\/\/dev.klb-koetztal.de\/en\/produkt\/klb-system-epoxid-ep-705-e-r10\/#breadcrumb"},"inLanguage":"en-GB","potentialAction":[{"@type":"ReadAction","target":["https:\/\/dev.klb-koetztal.de\/en\/produkt\/klb-system-epoxid-ep-705-e-r10\/"]}]},{"@type":"ImageObject","inLanguage":"en-GB","@id":"https:\/\/dev.klb-koetztal.de\/en\/produkt\/klb-system-epoxid-ep-705-e-r10\/#primaryimage","url":"https:\/\/dev.klb-koetztal.de\/app\/uploads\/2022\/03\/EP705_E_R10.jpg","contentUrl":"https:\/\/dev.klb-koetztal.de\/app\/uploads\/2022\/03\/EP705_E_R10.jpg","width":500,"height":500},{"@type":"BreadcrumbList","@id":"https:\/\/dev.klb-koetztal.de\/en\/produkt\/klb-system-epoxid-ep-705-e-r10\/#breadcrumb","itemListElement":[{"@type":"ListItem","position":1,"name":"Startseite","item":"https:\/\/dev.klb-koetztal.de\/en\/"},{"@type":"ListItem","position":2,"name":"KLB-SYSTEM EPOXID EP 705 E &#8211; R10"}]},{"@type":"WebSite","@id":"https:\/\/dev.klb-koetztal.de\/en\/#website","url":"https:\/\/dev.klb-koetztal.de\/en\/","name":"KLB K\u00f6tztal","description":"Gute B\u00f6den haben ein System.","potentialAction":[{"@type":"SearchAction","target":{"@type":"EntryPoint","urlTemplate":"https:\/\/dev.klb-koetztal.de\/en\/?s={search_term_string}"},"query-input":{"@type":"PropertyValueSpecification","valueRequired":true,"valueName":"search_term_string"}}],"inLanguage":"en-GB"}]}},"_links":{"self":[{"href":"https:\/\/dev.klb-koetztal.de\/en\/wp-json\/wp\/v2\/product\/46808","targetHints":{"allow":["GET"]}}],"collection":[{"href":"https:\/\/dev.klb-koetztal.de\/en\/wp-json\/wp\/v2\/product"}],"about":[{"href":"https:\/\/dev.klb-koetztal.de\/en\/wp-json\/wp\/v2\/types\/product"}],"wp:featuredmedia":[{"embeddable":true,"href":"https:\/\/dev.klb-koetztal.de\/en\/wp-json\/wp\/v2\/media\/50037"}],"wp:attachment":[{"href":"https:\/\/dev.klb-koetztal.de\/en\/wp-json\/wp\/v2\/media?parent=46808"}],"wp:term":[{"taxonomy":"product_brand","embeddable":true,"href":"https:\/\/dev.klb-koetztal.de\/en\/wp-json\/wp\/v2\/product_brand?post=46808"},{"taxonomy":"product_cat","embeddable":true,"href":"https:\/\/dev.klb-koetztal.de\/en\/wp-json\/wp\/v2\/product_cat?post=46808"},{"taxonomy":"product_tag","embeddable":true,"href":"https:\/\/dev.klb-koetztal.de\/en\/wp-json\/wp\/v2\/product_tag?post=46808"}],"curies":[{"name":"wp","href":"https:\/\/api.w.org\/{rel}","templated":true}]}}