{"id":46806,"date":"2021-08-19T10:14:24","date_gmt":"2021-08-19T08:14:24","guid":{"rendered":"https:\/\/dev.klb-koetztal.de\/produkt\/klb-system-epoxid-ep-860-clean\/"},"modified":"2026-02-25T11:37:09","modified_gmt":"2026-02-25T10:37:09","slug":"klb-system-epoxid-ep-860-clean","status":"publish","type":"product","link":"https:\/\/dev.klb-koetztal.de\/en\/produkt\/klb-system-epoxid-ep-860-clean\/","title":{"rendered":"KLB-SYSTEM EPOXID EP 860 Clean"},"content":{"rendered":"","protected":false},"excerpt":{"rendered":"<p>Solvent-based, colourless 2-component epoxy resin sealer for matt sealing of industrial&#160;and terrazzo floors exposed to higher loads. Excellent chemical resistance. EP 860 Clean is designed to offer preventive protection against bacterial contamination and is therefore highly suitable for areas with demands on hygiene (foodstuffs, pharmaceutical industry, hospitals).<\/p>\n","protected":false},"featured_media":50023,"template":"","meta":{"_acf_changed":false},"product_brand":[],"product_cat":[9609,9633,9621,9643],"product_tag":[],"class_list":{"0":"post-46806","1":"product","2":"type-product","3":"status-publish","4":"has-post-thumbnail","6":"product_cat-coatings","7":"product_cat-hygienic-coatings-and-sealers-clean-coatings","8":"product_cat-sealers-impregnations","9":"product_cat-2-component-epoxy-resin-sealers-containing-solvents","11":"first","12":"instock","13":"shipping-taxable","14":"product-type-simple"},"acf":{"product_header":{"module_product_header":{"":null,"prototype_headline":{"headline":"KLB-SYSTEM EPOXID EP 860 Clean","h1":true,"subheadline":"Non-pigmented 2-component epoxy resin matt sealer for producing jointless and chemically resistant floors with high demands on hygiene, containing&#160;solvents.","anchor":"","url":""},"grid_text_slider":false,"grid_text_content":[{"text":"<p class=\"product-short-title\" style=\"text-align: center;\"><strong>Brief description<\/strong><\/p>\n<p>Solvent-based, colourless 2-component epoxy resin sealer for matt sealing of industrial&#160;and terrazzo floors exposed to higher loads. Excellent chemical resistance. EP 860 Clean is designed to offer preventive protection against bacterial contamination and is therefore highly suitable for areas with demands on hygiene (foodstuffs, pharmaceutical industry, hospitals).<\/p>\n","width":"4","background_color_text":"bg-white","border_color":"border-gray-light"},{"text":"<p class=\"product-sicing-title\" style=\"text-align: center;\"><strong>Packaging units<\/strong><\/p>\n<ul>\n<li>AK1917-50 &#8211; Bucket combo 10.00 kg<\/li>\n<\/ul>\n<p><\/p>\n<p>Please do not hesitate to contact us directly for enquiries about larger delivery quantities or packaging units.<\/p>\n\n","width":"4","background_color_text":"bg-white","border_color":"border-gray-light"},{"text":"<p class=\"product-attr-title\" style=\"text-align: center;\"><strong>Properties<\/strong><\/p>\n<ul>\n<li>finely structured<\/li>\n<li>hygienic<\/li>\n<li>high chemical resistance<\/li>\n<li>matt<\/li>\n<li>low susceptibility to staining<\/li>\n<li>very economical<\/li>\n<li>BIA-tested: slip resistance grade R10 (German Institute for Occupational Safety)<\/li>\n<li>free of deleterious substances against varnish<\/li>\n<\/ul>\n","width":"4","background_color_text":"bg-white","border_color":"border-gray-light"}],"background_color":"bg-none","background_color_content":"bg-none"}},"downloads":{"module_download_list":{"inhalt":null,"downloads":[{"download":{"ID":54989,"id":54989,"title":"EP_860_Clean_PI_en_2023_02","filename":"EP_860_Clean_PI_en_2023_02.pdf","filesize":312308,"url":"https:\/\/dev.klb-koetztal.de\/app\/uploads\/2023\/02\/EP_860_Clean_PI_en_2023_02.pdf","link":"https:\/\/dev.klb-koetztal.de\/en\/?attachment_id=54989","alt":"","author":"7","description":"","caption":"","name":"ep_860_clean_pi_en_2023_02-2","status":"inherit","uploaded_to":0,"date":"2023-02-20 09:10:18","modified":"2023-02-20 09:10:18","menu_order":0,"mime_type":"application\/pdf","type":"application","subtype":"pdf","icon":"https:\/\/dev.klb-koetztal.de\/wp\/wp-includes\/images\/media\/document.png"},"filename":"Product Information","protected":false,"doclang":"GB","externalkey":"Produktinformation","docpos":"2"},{"download":{"ID":54992,"id":54992,"title":"EP_860_Clean_PI_fr_2023_02","filename":"EP_860_Clean_PI_fr_2023_02.pdf","filesize":317666,"url":"https:\/\/dev.klb-koetztal.de\/app\/uploads\/2023\/02\/EP_860_Clean_PI_fr_2023_02.pdf","link":"https:\/\/dev.klb-koetztal.de\/en\/?attachment_id=54992","alt":"","author":"7","description":"","caption":"","name":"ep_860_clean_pi_fr_2023_02-2","status":"inherit","uploaded_to":0,"date":"2023-02-20 09:10:20","modified":"2023-02-20 09:10:20","menu_order":0,"mime_type":"application\/pdf","type":"application","subtype":"pdf","icon":"https:\/\/dev.klb-koetztal.de\/wp\/wp-includes\/images\/media\/document.png"},"filename":"Information Produit FR","protected":false,"doclang":"FR","externalkey":"Produktinformation","docpos":"3"},{"download":{"ID":50018,"id":50018,"title":"Leistungserkl\u00e4rung - Statement of performance","filename":"EP860_LE_2013-04.pdf","filesize":170445,"url":"https:\/\/dev.klb-koetztal.de\/app\/uploads\/2022\/03\/EP860_LE_2013-04.pdf","link":"https:\/\/dev.klb-koetztal.de\/en\/?attachment_id=50018","alt":"","author":"7","description":"","caption":"","name":"ep860_le_2013-04","status":"inherit","uploaded_to":0,"date":"2022-03-14 10:04:35","modified":"2026-02-25 10:37:19","menu_order":0,"mime_type":"application\/pdf","type":"application","subtype":"pdf","icon":"https:\/\/dev.klb-koetztal.de\/wp\/wp-includes\/images\/media\/document.png"},"filename":"Statement of performance - Leistungserkl\u00e4rung","protected":false,"doclang":"Multi","externalkey":"Leistungserklaerung","docpos":"50"},{"download":false,"filename":"Safety data sheet","protected":true,"doclang":"GB","externalkey":"Sicherheitsdatenblatt","docpos":"2"},{"download":false,"filename":"Fiche de donn\u00e9es de s\u00e9curit\u00e9 FR","protected":true,"doclang":"FR","externalkey":"Sicherheitsdatenblatt","docpos":"3"}],"einstellungen":null,"background_color":"bg-none","background_color_content":"bg-none"}},"included_in_systems":{"module_included_in_systems":{"":null,"background_color":"bg-gray-medium","background_color_content":"bg-none"}},"contact":{"module_contact":{"":null,"background_color":"bg-none","background_color_content":"bg-none"}},"ausschreibende":{"module_ausschreibende":{"andern_sie_den_inhalt_unter_universelle_elemente":null,"background_color":"bg-none","background_color_content":"bg-none"}}},"yoast_head":"<!-- This site is optimized with the Yoast SEO plugin v27.0 - https:\/\/yoast.com\/product\/yoast-seo-wordpress\/ -->\n<title>Solvent-based, hygienic sealer EP 860 Clean | KLB<\/title>\n<meta name=\"description\" content=\"Solvent-based, antibacterial, resilient matt sealer EP 860 Clean | KLB coverings \u2714\ufe0f chemical-resistant to saline solutions, caustic soda, etc.\" \/>\n<meta name=\"robots\" content=\"noindex, follow, max-snippet:-1, max-image-preview:large, max-video-preview:-1\" \/>\n<meta property=\"og:locale\" content=\"en_GB\" \/>\n<meta property=\"og:type\" content=\"article\" \/>\n<meta property=\"og:title\" content=\"Solvent-based, hygienic sealer EP 860 Clean | KLB\" \/>\n<meta property=\"og:description\" content=\"Solvent-based, antibacterial, resilient matt sealer EP 860 Clean | KLB coverings \u2714\ufe0f chemical-resistant to saline solutions, caustic soda, etc.\" \/>\n<meta property=\"og:url\" content=\"https:\/\/dev.klb-koetztal.de\/en\/produkt\/klb-system-epoxid-ep-860-clean\/\" \/>\n<meta property=\"og:site_name\" content=\"KLB K\u00f6tztal\" \/>\n<meta property=\"article:publisher\" content=\"https:\/\/www.facebook.com\/klbkoetztal\" \/>\n<meta property=\"article:modified_time\" content=\"2026-02-25T10:37:09+00:00\" \/>\n<meta property=\"og:image\" content=\"https:\/\/dev.klb-koetztal.de\/app\/uploads\/2022\/03\/EP860_Clean.jpg\" \/>\n\t<meta property=\"og:image:width\" content=\"500\" \/>\n\t<meta property=\"og:image:height\" content=\"500\" \/>\n\t<meta property=\"og:image:type\" content=\"image\/jpeg\" \/>\n<meta name=\"twitter:card\" content=\"summary_large_image\" \/>\n<script type=\"application\/ld+json\" class=\"yoast-schema-graph\">{\"@context\":\"https:\/\/schema.org\",\"@graph\":[{\"@type\":\"WebPage\",\"@id\":\"https:\/\/dev.klb-koetztal.de\/en\/produkt\/klb-system-epoxid-ep-860-clean\/\",\"url\":\"https:\/\/dev.klb-koetztal.de\/en\/produkt\/klb-system-epoxid-ep-860-clean\/\",\"name\":\"Solvent-based, hygienic sealer EP 860 Clean | KLB\",\"isPartOf\":{\"@id\":\"https:\/\/dev.klb-koetztal.de\/en\/#website\"},\"primaryImageOfPage\":{\"@id\":\"https:\/\/dev.klb-koetztal.de\/en\/produkt\/klb-system-epoxid-ep-860-clean\/#primaryimage\"},\"image\":{\"@id\":\"https:\/\/dev.klb-koetztal.de\/en\/produkt\/klb-system-epoxid-ep-860-clean\/#primaryimage\"},\"thumbnailUrl\":\"https:\/\/dev.klb-koetztal.de\/app\/uploads\/2022\/03\/EP860_Clean.jpg\",\"datePublished\":\"2021-08-19T08:14:24+00:00\",\"dateModified\":\"2026-02-25T10:37:09+00:00\",\"description\":\"Solvent-based, antibacterial, resilient matt sealer EP 860 Clean | KLB coverings \u2714\ufe0f chemical-resistant to saline solutions, caustic soda, etc.\",\"breadcrumb\":{\"@id\":\"https:\/\/dev.klb-koetztal.de\/en\/produkt\/klb-system-epoxid-ep-860-clean\/#breadcrumb\"},\"inLanguage\":\"en-GB\",\"potentialAction\":[{\"@type\":\"ReadAction\",\"target\":[\"https:\/\/dev.klb-koetztal.de\/en\/produkt\/klb-system-epoxid-ep-860-clean\/\"]}]},{\"@type\":\"ImageObject\",\"inLanguage\":\"en-GB\",\"@id\":\"https:\/\/dev.klb-koetztal.de\/en\/produkt\/klb-system-epoxid-ep-860-clean\/#primaryimage\",\"url\":\"https:\/\/dev.klb-koetztal.de\/app\/uploads\/2022\/03\/EP860_Clean.jpg\",\"contentUrl\":\"https:\/\/dev.klb-koetztal.de\/app\/uploads\/2022\/03\/EP860_Clean.jpg\",\"width\":500,\"height\":500},{\"@type\":\"BreadcrumbList\",\"@id\":\"https:\/\/dev.klb-koetztal.de\/en\/produkt\/klb-system-epoxid-ep-860-clean\/#breadcrumb\",\"itemListElement\":[{\"@type\":\"ListItem\",\"position\":1,\"name\":\"Startseite\",\"item\":\"https:\/\/dev.klb-koetztal.de\/en\/\"},{\"@type\":\"ListItem\",\"position\":2,\"name\":\"KLB-SYSTEM EPOXID EP 860 Clean\"}]},{\"@type\":\"WebSite\",\"@id\":\"https:\/\/dev.klb-koetztal.de\/en\/#website\",\"url\":\"https:\/\/dev.klb-koetztal.de\/en\/\",\"name\":\"KLB K\u00f6tztal\",\"description\":\"Gute B\u00f6den haben ein System.\",\"potentialAction\":[{\"@type\":\"SearchAction\",\"target\":{\"@type\":\"EntryPoint\",\"urlTemplate\":\"https:\/\/dev.klb-koetztal.de\/en\/?s={search_term_string}\"},\"query-input\":{\"@type\":\"PropertyValueSpecification\",\"valueRequired\":true,\"valueName\":\"search_term_string\"}}],\"inLanguage\":\"en-GB\"}]}<\/script>\n<!-- \/ Yoast SEO plugin. -->","yoast_head_json":{"title":"Solvent-based, hygienic sealer EP 860 Clean | KLB","description":"Solvent-based, antibacterial, resilient matt sealer EP 860 Clean | KLB coverings \u2714\ufe0f chemical-resistant to saline solutions, caustic soda, etc.","robots":{"index":"noindex","follow":"follow","max-snippet":"max-snippet:-1","max-image-preview":"max-image-preview:large","max-video-preview":"max-video-preview:-1"},"og_locale":"en_GB","og_type":"article","og_title":"Solvent-based, hygienic sealer EP 860 Clean | KLB","og_description":"Solvent-based, antibacterial, resilient matt sealer EP 860 Clean | KLB coverings \u2714\ufe0f chemical-resistant to saline solutions, caustic soda, etc.","og_url":"https:\/\/dev.klb-koetztal.de\/en\/produkt\/klb-system-epoxid-ep-860-clean\/","og_site_name":"KLB K\u00f6tztal","article_publisher":"https:\/\/www.facebook.com\/klbkoetztal","article_modified_time":"2026-02-25T10:37:09+00:00","og_image":[{"width":500,"height":500,"url":"https:\/\/dev.klb-koetztal.de\/app\/uploads\/2022\/03\/EP860_Clean.jpg","type":"image\/jpeg"}],"twitter_card":"summary_large_image","schema":{"@context":"https:\/\/schema.org","@graph":[{"@type":"WebPage","@id":"https:\/\/dev.klb-koetztal.de\/en\/produkt\/klb-system-epoxid-ep-860-clean\/","url":"https:\/\/dev.klb-koetztal.de\/en\/produkt\/klb-system-epoxid-ep-860-clean\/","name":"Solvent-based, hygienic sealer EP 860 Clean | KLB","isPartOf":{"@id":"https:\/\/dev.klb-koetztal.de\/en\/#website"},"primaryImageOfPage":{"@id":"https:\/\/dev.klb-koetztal.de\/en\/produkt\/klb-system-epoxid-ep-860-clean\/#primaryimage"},"image":{"@id":"https:\/\/dev.klb-koetztal.de\/en\/produkt\/klb-system-epoxid-ep-860-clean\/#primaryimage"},"thumbnailUrl":"https:\/\/dev.klb-koetztal.de\/app\/uploads\/2022\/03\/EP860_Clean.jpg","datePublished":"2021-08-19T08:14:24+00:00","dateModified":"2026-02-25T10:37:09+00:00","description":"Solvent-based, antibacterial, resilient matt sealer EP 860 Clean | KLB coverings \u2714\ufe0f chemical-resistant to saline solutions, caustic soda, etc.","breadcrumb":{"@id":"https:\/\/dev.klb-koetztal.de\/en\/produkt\/klb-system-epoxid-ep-860-clean\/#breadcrumb"},"inLanguage":"en-GB","potentialAction":[{"@type":"ReadAction","target":["https:\/\/dev.klb-koetztal.de\/en\/produkt\/klb-system-epoxid-ep-860-clean\/"]}]},{"@type":"ImageObject","inLanguage":"en-GB","@id":"https:\/\/dev.klb-koetztal.de\/en\/produkt\/klb-system-epoxid-ep-860-clean\/#primaryimage","url":"https:\/\/dev.klb-koetztal.de\/app\/uploads\/2022\/03\/EP860_Clean.jpg","contentUrl":"https:\/\/dev.klb-koetztal.de\/app\/uploads\/2022\/03\/EP860_Clean.jpg","width":500,"height":500},{"@type":"BreadcrumbList","@id":"https:\/\/dev.klb-koetztal.de\/en\/produkt\/klb-system-epoxid-ep-860-clean\/#breadcrumb","itemListElement":[{"@type":"ListItem","position":1,"name":"Startseite","item":"https:\/\/dev.klb-koetztal.de\/en\/"},{"@type":"ListItem","position":2,"name":"KLB-SYSTEM EPOXID EP 860 Clean"}]},{"@type":"WebSite","@id":"https:\/\/dev.klb-koetztal.de\/en\/#website","url":"https:\/\/dev.klb-koetztal.de\/en\/","name":"KLB K\u00f6tztal","description":"Gute B\u00f6den haben ein System.","potentialAction":[{"@type":"SearchAction","target":{"@type":"EntryPoint","urlTemplate":"https:\/\/dev.klb-koetztal.de\/en\/?s={search_term_string}"},"query-input":{"@type":"PropertyValueSpecification","valueRequired":true,"valueName":"search_term_string"}}],"inLanguage":"en-GB"}]}},"_links":{"self":[{"href":"https:\/\/dev.klb-koetztal.de\/en\/wp-json\/wp\/v2\/product\/46806","targetHints":{"allow":["GET"]}}],"collection":[{"href":"https:\/\/dev.klb-koetztal.de\/en\/wp-json\/wp\/v2\/product"}],"about":[{"href":"https:\/\/dev.klb-koetztal.de\/en\/wp-json\/wp\/v2\/types\/product"}],"wp:featuredmedia":[{"embeddable":true,"href":"https:\/\/dev.klb-koetztal.de\/en\/wp-json\/wp\/v2\/media\/50023"}],"wp:attachment":[{"href":"https:\/\/dev.klb-koetztal.de\/en\/wp-json\/wp\/v2\/media?parent=46806"}],"wp:term":[{"taxonomy":"product_brand","embeddable":true,"href":"https:\/\/dev.klb-koetztal.de\/en\/wp-json\/wp\/v2\/product_brand?post=46806"},{"taxonomy":"product_cat","embeddable":true,"href":"https:\/\/dev.klb-koetztal.de\/en\/wp-json\/wp\/v2\/product_cat?post=46806"},{"taxonomy":"product_tag","embeddable":true,"href":"https:\/\/dev.klb-koetztal.de\/en\/wp-json\/wp\/v2\/product_tag?post=46806"}],"curies":[{"name":"wp","href":"https:\/\/api.w.org\/{rel}","templated":true}]}}