{"id":46801,"date":"2021-08-19T10:11:28","date_gmt":"2021-08-19T08:11:28","guid":{"rendered":"https:\/\/dev.klb-koetztal.de\/produkt\/klb-system-dekor-ds-900\/"},"modified":"2026-02-25T12:15:18","modified_gmt":"2026-02-25T11:15:18","slug":"klb-system-dekor-ds-900","status":"publish","type":"product","link":"https:\/\/dev.klb-koetztal.de\/en\/produkt\/klb-system-dekor-ds-900\/","title":{"rendered":"KLB-SYSTEM DEKOR DS 900"},"content":{"rendered":"","protected":false},"excerpt":{"rendered":"<p>Solvent-free, paste-like, colourlessly drying dispersion binding agent for producing quartz&#160;and marble pebble coatings on vertical surfaces such as&#160;on steps or walls (up to 1 m high).&#160;The one-component binding agent facilitates application, as it cures by physical drying without pot life. Tools can be cleaned with water.<br \/>\nNot suitable for permanently wet areas!<\/p>\n","protected":false},"featured_media":49912,"template":"","meta":{"_acf_changed":false},"product_brand":[],"product_cat":[9615,9648],"product_tag":[],"class_list":{"0":"post-46801","1":"product","2":"type-product","3":"status-publish","4":"has-post-thumbnail","6":"product_cat-decor-binding-agent-top-sealer-pore-filling","7":"product_cat-pore-filling","9":"first","10":"instock","11":"shipping-taxable","12":"product-type-simple"},"acf":{"product_header":{"module_product_header":{"":null,"prototype_headline":{"headline":"KLB-SYSTEM DEKOR DS 900","h1":true,"subheadline":"One-component decorative stone binding agent for vertical&#160;and wall areas","anchor":"","url":""},"grid_text_slider":false,"grid_text_content":[{"text":"<p class=\"product-short-title\" style=\"text-align: center;\"><strong>Brief description<\/strong><\/p>\n<p>Solvent-free, paste-like, colourlessly drying dispersion binding agent for producing quartz&#160;and marble pebble coatings on vertical surfaces such as&#160;on steps or walls (up to 1 m high).&#160;The one-component binding agent facilitates application, as it cures by physical drying without pot life. Tools can be cleaned with water.<\/p>\n<p>Not suitable for permanently wet areas!<\/p>\n","width":"4","background_color_text":"bg-white","border_color":"border-gray-light"},{"text":"<p class=\"product-sicing-title\" style=\"text-align: center;\"><strong>Packaging units<\/strong><\/p>\n<ul>\n<li>DP7500-70 &#8211; Bucket 5.00 kg<\/li>\n<li>DP7500-50 &#8211; Bucket 10.00 kg<\/li>\n<li>DP7500-25 &#8211; Hobbock 25.00 kg<\/li>\n<\/ul>\n<p><\/p>\n<p>Please do not hesitate to contact us directly for enquiries about larger delivery quantities or packaging units.<\/p>\n\n","width":"4","background_color_text":"bg-white","border_color":"border-gray-light"},{"text":"<p class=\"product-attr-title\" style=\"text-align: center;\"><strong>Properties<\/strong><\/p>\n<ul>\n<li>physical drying<\/li>\n<li>physiologically harmless<\/li>\n<li>ready-to-use<\/li>\n<li>low-grade yellowing<\/li>\n<li>for interior and exterior areas<\/li>\n<li>stable setting<\/li>\n<\/ul>\n","width":"4","background_color_text":"bg-white","border_color":"border-gray-light"}],"background_color":"bg-none","background_color_content":"bg-none"}},"downloads":{"module_download_list":{"inhalt":null,"downloads":[{"download":{"ID":53223,"id":53223,"title":"DS_900_PI_en_2022_10","filename":"DS_900_PI_en_2022_10.pdf","filesize":255501,"url":"https:\/\/dev.klb-koetztal.de\/app\/uploads\/2022\/10\/DS_900_PI_en_2022_10.pdf","link":"https:\/\/dev.klb-koetztal.de\/en\/?attachment_id=53223","alt":"","author":"7","description":"","caption":"","name":"ds_900_pi_en_2022_10-2","status":"inherit","uploaded_to":0,"date":"2022-10-07 06:40:45","modified":"2022-10-07 06:40:45","menu_order":0,"mime_type":"application\/pdf","type":"application","subtype":"pdf","icon":"https:\/\/dev.klb-koetztal.de\/wp\/wp-includes\/images\/media\/document.png"},"filename":"Product Information","protected":false,"doclang":"GB","externalkey":"Produktinformation","docpos":"2"},{"download":{"ID":53226,"id":53226,"title":"DS_900_PI_fr_2022_10","filename":"DS_900_PI_fr_2022_10.pdf","filesize":260713,"url":"https:\/\/dev.klb-koetztal.de\/app\/uploads\/2022\/10\/DS_900_PI_fr_2022_10.pdf","link":"https:\/\/dev.klb-koetztal.de\/en\/?attachment_id=53226","alt":"","author":"7","description":"","caption":"","name":"ds_900_pi_fr_2022_10-2","status":"inherit","uploaded_to":0,"date":"2022-10-07 06:40:46","modified":"2022-10-07 06:40:46","menu_order":0,"mime_type":"application\/pdf","type":"application","subtype":"pdf","icon":"https:\/\/dev.klb-koetztal.de\/wp\/wp-includes\/images\/media\/document.png"},"filename":"Information Produit FR","protected":false,"doclang":"FR","externalkey":"Produktinformation","docpos":"3"},{"download":{"ID":63091,"id":63091,"title":"DS900_Umwelt-Deklaration_2023-08","filename":"DS900_Umwelt-Deklaration_2023-08.pdf","filesize":2996023,"url":"https:\/\/dev.klb-koetztal.de\/app\/uploads\/2024\/09\/DS900_Umwelt-Deklaration_2023-08.pdf","link":"https:\/\/dev.klb-koetztal.de\/en\/?attachment_id=63091","alt":"","author":"7","description":"","caption":"","name":"ds900_umwelt-deklaration_2023-08-2","status":"inherit","uploaded_to":0,"date":"2024-09-12 06:40:14","modified":"2024-09-12 06:40:14","menu_order":0,"mime_type":"application\/pdf","type":"application","subtype":"pdf","icon":"https:\/\/dev.klb-koetztal.de\/wp\/wp-includes\/images\/media\/document.png"},"filename":"EPD - Environmental Product Declaration","protected":false,"doclang":"Multi","externalkey":"Umweltproduktdeklaration","docpos":"50"},{"download":false,"filename":"Safety data sheet","protected":true,"doclang":"GB","externalkey":"Sicherheitsdatenblatt","docpos":"2"},{"download":false,"filename":"Fiche de donn\u00e9es de s\u00e9curit\u00e9 FR","protected":true,"doclang":"FR","externalkey":"Sicherheitsdatenblatt","docpos":"3"}],"einstellungen":null,"background_color":"bg-none","background_color_content":"bg-none"}},"included_in_systems":{"module_included_in_systems":{"":null,"background_color":"bg-gray-medium","background_color_content":"bg-none"}},"contact":{"module_contact":{"":null,"background_color":"bg-none","background_color_content":"bg-none"}},"ausschreibende":{"module_ausschreibende":{"andern_sie_den_inhalt_unter_universelle_elemente":null,"background_color":"bg-none","background_color_content":"bg-none"}}},"yoast_head":"<!-- This site is optimized with the Yoast SEO plugin v27.0 - https:\/\/yoast.com\/product\/yoast-seo-wordpress\/ -->\n<title>Stable, colourless dispersion binding agent DS 900 | KLB<\/title>\n<meta name=\"description\" content=\"Thixotropic, stable 1-component decor pebble binding agent DS 900 for quartz and marble pebble coverings | KLB floor coatings \u2714\ufe0f for vertical walls\" \/>\n<meta name=\"robots\" content=\"noindex, follow, max-snippet:-1, max-image-preview:large, max-video-preview:-1\" \/>\n<meta property=\"og:locale\" content=\"en_GB\" \/>\n<meta property=\"og:type\" content=\"article\" \/>\n<meta property=\"og:title\" content=\"Stable, colourless dispersion binding agent DS 900 | KLB\" \/>\n<meta property=\"og:description\" content=\"Thixotropic, stable 1-component decor pebble binding agent DS 900 for quartz and marble pebble coverings | KLB floor coatings \u2714\ufe0f for vertical walls\" \/>\n<meta property=\"og:url\" content=\"https:\/\/dev.klb-koetztal.de\/en\/produkt\/klb-system-dekor-ds-900\/\" \/>\n<meta property=\"og:site_name\" content=\"KLB K\u00f6tztal\" \/>\n<meta property=\"article:publisher\" content=\"https:\/\/www.facebook.com\/klbkoetztal\" \/>\n<meta property=\"article:modified_time\" content=\"2026-02-25T11:15:18+00:00\" \/>\n<meta property=\"og:image\" content=\"https:\/\/dev.klb-koetztal.de\/app\/uploads\/2022\/03\/DS900.jpg\" \/>\n\t<meta property=\"og:image:width\" content=\"500\" \/>\n\t<meta property=\"og:image:height\" content=\"500\" \/>\n\t<meta property=\"og:image:type\" content=\"image\/jpeg\" \/>\n<meta name=\"twitter:card\" content=\"summary_large_image\" \/>\n<script type=\"application\/ld+json\" class=\"yoast-schema-graph\">{\"@context\":\"https:\/\/schema.org\",\"@graph\":[{\"@type\":\"WebPage\",\"@id\":\"https:\/\/dev.klb-koetztal.de\/en\/produkt\/klb-system-dekor-ds-900\/\",\"url\":\"https:\/\/dev.klb-koetztal.de\/en\/produkt\/klb-system-dekor-ds-900\/\",\"name\":\"Stable, colourless dispersion binding agent DS 900 | KLB\",\"isPartOf\":{\"@id\":\"https:\/\/dev.klb-koetztal.de\/en\/#website\"},\"primaryImageOfPage\":{\"@id\":\"https:\/\/dev.klb-koetztal.de\/en\/produkt\/klb-system-dekor-ds-900\/#primaryimage\"},\"image\":{\"@id\":\"https:\/\/dev.klb-koetztal.de\/en\/produkt\/klb-system-dekor-ds-900\/#primaryimage\"},\"thumbnailUrl\":\"https:\/\/dev.klb-koetztal.de\/app\/uploads\/2022\/03\/DS900.jpg\",\"datePublished\":\"2021-08-19T08:11:28+00:00\",\"dateModified\":\"2026-02-25T11:15:18+00:00\",\"description\":\"Thixotropic, stable 1-component decor pebble binding agent DS 900 for quartz and marble pebble coverings | KLB floor coatings \u2714\ufe0f for vertical walls\",\"breadcrumb\":{\"@id\":\"https:\/\/dev.klb-koetztal.de\/en\/produkt\/klb-system-dekor-ds-900\/#breadcrumb\"},\"inLanguage\":\"en-GB\",\"potentialAction\":[{\"@type\":\"ReadAction\",\"target\":[\"https:\/\/dev.klb-koetztal.de\/en\/produkt\/klb-system-dekor-ds-900\/\"]}]},{\"@type\":\"ImageObject\",\"inLanguage\":\"en-GB\",\"@id\":\"https:\/\/dev.klb-koetztal.de\/en\/produkt\/klb-system-dekor-ds-900\/#primaryimage\",\"url\":\"https:\/\/dev.klb-koetztal.de\/app\/uploads\/2022\/03\/DS900.jpg\",\"contentUrl\":\"https:\/\/dev.klb-koetztal.de\/app\/uploads\/2022\/03\/DS900.jpg\",\"width\":500,\"height\":500},{\"@type\":\"BreadcrumbList\",\"@id\":\"https:\/\/dev.klb-koetztal.de\/en\/produkt\/klb-system-dekor-ds-900\/#breadcrumb\",\"itemListElement\":[{\"@type\":\"ListItem\",\"position\":1,\"name\":\"Startseite\",\"item\":\"https:\/\/dev.klb-koetztal.de\/en\/\"},{\"@type\":\"ListItem\",\"position\":2,\"name\":\"KLB-SYSTEM DEKOR DS 900\"}]},{\"@type\":\"WebSite\",\"@id\":\"https:\/\/dev.klb-koetztal.de\/en\/#website\",\"url\":\"https:\/\/dev.klb-koetztal.de\/en\/\",\"name\":\"KLB K\u00f6tztal\",\"description\":\"Gute B\u00f6den haben ein System.\",\"potentialAction\":[{\"@type\":\"SearchAction\",\"target\":{\"@type\":\"EntryPoint\",\"urlTemplate\":\"https:\/\/dev.klb-koetztal.de\/en\/?s={search_term_string}\"},\"query-input\":{\"@type\":\"PropertyValueSpecification\",\"valueRequired\":true,\"valueName\":\"search_term_string\"}}],\"inLanguage\":\"en-GB\"}]}<\/script>\n<!-- \/ Yoast SEO plugin. -->","yoast_head_json":{"title":"Stable, colourless dispersion binding agent DS 900 | KLB","description":"Thixotropic, stable 1-component decor pebble binding agent DS 900 for quartz and marble pebble coverings | KLB floor coatings \u2714\ufe0f for vertical walls","robots":{"index":"noindex","follow":"follow","max-snippet":"max-snippet:-1","max-image-preview":"max-image-preview:large","max-video-preview":"max-video-preview:-1"},"og_locale":"en_GB","og_type":"article","og_title":"Stable, colourless dispersion binding agent DS 900 | KLB","og_description":"Thixotropic, stable 1-component decor pebble binding agent DS 900 for quartz and marble pebble coverings | KLB floor coatings \u2714\ufe0f for vertical walls","og_url":"https:\/\/dev.klb-koetztal.de\/en\/produkt\/klb-system-dekor-ds-900\/","og_site_name":"KLB K\u00f6tztal","article_publisher":"https:\/\/www.facebook.com\/klbkoetztal","article_modified_time":"2026-02-25T11:15:18+00:00","og_image":[{"width":500,"height":500,"url":"https:\/\/dev.klb-koetztal.de\/app\/uploads\/2022\/03\/DS900.jpg","type":"image\/jpeg"}],"twitter_card":"summary_large_image","schema":{"@context":"https:\/\/schema.org","@graph":[{"@type":"WebPage","@id":"https:\/\/dev.klb-koetztal.de\/en\/produkt\/klb-system-dekor-ds-900\/","url":"https:\/\/dev.klb-koetztal.de\/en\/produkt\/klb-system-dekor-ds-900\/","name":"Stable, colourless dispersion binding agent DS 900 | KLB","isPartOf":{"@id":"https:\/\/dev.klb-koetztal.de\/en\/#website"},"primaryImageOfPage":{"@id":"https:\/\/dev.klb-koetztal.de\/en\/produkt\/klb-system-dekor-ds-900\/#primaryimage"},"image":{"@id":"https:\/\/dev.klb-koetztal.de\/en\/produkt\/klb-system-dekor-ds-900\/#primaryimage"},"thumbnailUrl":"https:\/\/dev.klb-koetztal.de\/app\/uploads\/2022\/03\/DS900.jpg","datePublished":"2021-08-19T08:11:28+00:00","dateModified":"2026-02-25T11:15:18+00:00","description":"Thixotropic, stable 1-component decor pebble binding agent DS 900 for quartz and marble pebble coverings | KLB floor coatings \u2714\ufe0f for vertical walls","breadcrumb":{"@id":"https:\/\/dev.klb-koetztal.de\/en\/produkt\/klb-system-dekor-ds-900\/#breadcrumb"},"inLanguage":"en-GB","potentialAction":[{"@type":"ReadAction","target":["https:\/\/dev.klb-koetztal.de\/en\/produkt\/klb-system-dekor-ds-900\/"]}]},{"@type":"ImageObject","inLanguage":"en-GB","@id":"https:\/\/dev.klb-koetztal.de\/en\/produkt\/klb-system-dekor-ds-900\/#primaryimage","url":"https:\/\/dev.klb-koetztal.de\/app\/uploads\/2022\/03\/DS900.jpg","contentUrl":"https:\/\/dev.klb-koetztal.de\/app\/uploads\/2022\/03\/DS900.jpg","width":500,"height":500},{"@type":"BreadcrumbList","@id":"https:\/\/dev.klb-koetztal.de\/en\/produkt\/klb-system-dekor-ds-900\/#breadcrumb","itemListElement":[{"@type":"ListItem","position":1,"name":"Startseite","item":"https:\/\/dev.klb-koetztal.de\/en\/"},{"@type":"ListItem","position":2,"name":"KLB-SYSTEM DEKOR DS 900"}]},{"@type":"WebSite","@id":"https:\/\/dev.klb-koetztal.de\/en\/#website","url":"https:\/\/dev.klb-koetztal.de\/en\/","name":"KLB K\u00f6tztal","description":"Gute B\u00f6den haben ein System.","potentialAction":[{"@type":"SearchAction","target":{"@type":"EntryPoint","urlTemplate":"https:\/\/dev.klb-koetztal.de\/en\/?s={search_term_string}"},"query-input":{"@type":"PropertyValueSpecification","valueRequired":true,"valueName":"search_term_string"}}],"inLanguage":"en-GB"}]}},"_links":{"self":[{"href":"https:\/\/dev.klb-koetztal.de\/en\/wp-json\/wp\/v2\/product\/46801","targetHints":{"allow":["GET"]}}],"collection":[{"href":"https:\/\/dev.klb-koetztal.de\/en\/wp-json\/wp\/v2\/product"}],"about":[{"href":"https:\/\/dev.klb-koetztal.de\/en\/wp-json\/wp\/v2\/types\/product"}],"wp:featuredmedia":[{"embeddable":true,"href":"https:\/\/dev.klb-koetztal.de\/en\/wp-json\/wp\/v2\/media\/49912"}],"wp:attachment":[{"href":"https:\/\/dev.klb-koetztal.de\/en\/wp-json\/wp\/v2\/media?parent=46801"}],"wp:term":[{"taxonomy":"product_brand","embeddable":true,"href":"https:\/\/dev.klb-koetztal.de\/en\/wp-json\/wp\/v2\/product_brand?post=46801"},{"taxonomy":"product_cat","embeddable":true,"href":"https:\/\/dev.klb-koetztal.de\/en\/wp-json\/wp\/v2\/product_cat?post=46801"},{"taxonomy":"product_tag","embeddable":true,"href":"https:\/\/dev.klb-koetztal.de\/en\/wp-json\/wp\/v2\/product_tag?post=46801"}],"curies":[{"name":"wp","href":"https:\/\/api.w.org\/{rel}","templated":true}]}}