{"id":46800,"date":"2021-08-19T10:11:18","date_gmt":"2021-08-19T08:11:18","guid":{"rendered":"https:\/\/dev.klb-koetztal.de\/produkt\/klb-system-industriebodenpflege-ps-88-pflegeversiegelung\/"},"modified":"2026-02-25T12:15:48","modified_gmt":"2026-02-25T11:15:48","slug":"klb-system-industriebodenpflege-ps-88-pflegeversiegelung","status":"publish","type":"product","link":"https:\/\/dev.klb-koetztal.de\/en\/produkt\/klb-system-industriebodenpflege-ps-88-pflegeversiegelung\/","title":{"rendered":"KLB-SYSTEM Industriebodenpflege PS 88 Pflegeversiegelung"},"content":{"rendered":"","protected":false},"excerpt":{"rendered":"<p>High-quality care sealer for indoor commercially used floor surfaces without the use of forklifts or excessive foot traffic.&#160;<br \/>\nEspecially suitable for application on the vapour-permeable coating KLB-SYSTEM EPOXID EP 785 HS as well as other coatings after prior basic cleaning.<\/p>\n","protected":false},"featured_media":49901,"template":"","meta":{"_acf_changed":false},"product_brand":[],"product_cat":[9646,9647],"product_tag":[],"class_list":{"0":"post-46800","1":"product","2":"type-product","3":"status-publish","4":"has-post-thumbnail","6":"product_cat-thinner-care-and-cleaning-agents","7":"product_cat-care-agents","9":"first","10":"instock","11":"shipping-taxable","12":"product-type-simple"},"acf":{"product_header":{"module_product_header":{"":null,"prototype_headline":{"headline":"KLB-SYSTEM Industriebodenpflege PS 88 Pflegeversiegelung","h1":true,"subheadline":"High-quality, silk-gloss maintenance sealer for commercial&#160;floors","anchor":"","url":""},"grid_text_slider":false,"grid_text_content":[{"text":"<p class=\"product-short-title\" style=\"text-align: center;\"><strong>Brief description<\/strong><\/p>\n<p>High-quality care sealer for indoor commercially used floor surfaces without the use of forklifts or excessive foot traffic.&#160;<\/p>\n<p>Especially suitable for application on the vapour-permeable coating <strong>KLB-SYSTEM EPOXID EP 785 HS <\/strong>as well as other coatings after prior basic cleaning.<\/p>\n","width":"4","background_color_text":"bg-white","border_color":"border-gray-light"},{"text":"<p class=\"product-sicing-title\" style=\"text-align: center;\"><strong>Packaging units<\/strong><\/p>\n<ul>\n<li>DP7603-92 &#8211; Bottle 1.00 l<\/li>\n<li>DP7603-70 &#8211; Canister 5.00 l<\/li>\n<li>DP7603-50 &#8211; Canister 10.00 l<\/li>\n<\/ul>\n<p><\/p>\n<p>Please do not hesitate to contact us directly for enquiries about larger delivery quantities or packaging units.<\/p>\n\n","width":"4","background_color_text":"bg-white","border_color":"border-gray-light"},{"text":"<p class=\"product-attr-title\" style=\"text-align: center;\"><strong>Properties<\/strong><\/p>\n<ul>\n<li>easy application<\/li>\n<li>for interior use<\/li>\n<li>silky-gloss<\/li>\n<\/ul>\n","width":"4","background_color_text":"bg-white","border_color":"border-gray-light"}],"background_color":"bg-none","background_color_content":"bg-none"}},"downloads":{"module_download_list":{"inhalt":null,"downloads":[{"download":{"ID":51507,"id":51507,"title":"Product Information EN","filename":"PS_88_Pflegeversiegelung_PI_en_2022_08-1.pdf","filesize":259151,"url":"https:\/\/dev.klb-koetztal.de\/app\/uploads\/2022\/08\/PS_88_Pflegeversiegelung_PI_en_2022_08-1.pdf","link":"https:\/\/dev.klb-koetztal.de\/en\/?attachment_id=51507","alt":"","author":"7","description":"","caption":"","name":"ps_88_pflegeversiegelung_pi_en_2022_08-1","status":"inherit","uploaded_to":0,"date":"2022-08-02 13:38:37","modified":"2026-02-25 11:15:54","menu_order":0,"mime_type":"application\/pdf","type":"application","subtype":"pdf","icon":"https:\/\/dev.klb-koetztal.de\/wp\/wp-includes\/images\/media\/document.png"},"filename":"Product Information","protected":false,"doclang":"GB","externalkey":"Produktinformation","docpos":"2"},{"download":{"ID":51508,"id":51508,"title":"Information Produit FR","filename":"PS_88_Pflegeversiegelung_PI_fr_2022_08-1.pdf","filesize":272754,"url":"https:\/\/dev.klb-koetztal.de\/app\/uploads\/2022\/08\/PS_88_Pflegeversiegelung_PI_fr_2022_08-1.pdf","link":"https:\/\/dev.klb-koetztal.de\/en\/?attachment_id=51508","alt":"","author":"7","description":"","caption":"","name":"ps_88_pflegeversiegelung_pi_fr_2022_08-1","status":"inherit","uploaded_to":0,"date":"2022-08-02 13:38:38","modified":"2026-02-25 11:15:55","menu_order":0,"mime_type":"application\/pdf","type":"application","subtype":"pdf","icon":"https:\/\/dev.klb-koetztal.de\/wp\/wp-includes\/images\/media\/document.png"},"filename":"Information Produit FR","protected":false,"doclang":"FR","externalkey":"Produktinformation","docpos":"3"},{"download":{"ID":59189,"id":59189,"title":"PS88_Umwelt-Deklaration_2023-12","filename":"PS88_Umwelt-Deklaration_2023-12.pdf","filesize":2985062,"url":"https:\/\/dev.klb-koetztal.de\/app\/uploads\/2023\/12\/PS88_Umwelt-Deklaration_2023-12.pdf","link":"https:\/\/dev.klb-koetztal.de\/en\/?attachment_id=59189","alt":"","author":"7","description":"","caption":"","name":"ps88_umwelt-deklaration_2023-12-2","status":"inherit","uploaded_to":0,"date":"2023-12-08 09:40:44","modified":"2023-12-08 09:40:44","menu_order":0,"mime_type":"application\/pdf","type":"application","subtype":"pdf","icon":"https:\/\/dev.klb-koetztal.de\/wp\/wp-includes\/images\/media\/document.png"},"filename":"EPD - Environmental Product Declaration","protected":false,"doclang":"Multi","externalkey":"Umweltproduktdeklaration","docpos":"50"},{"download":false,"filename":"Safety data sheet","protected":true,"doclang":"GB","externalkey":"Sicherheitsdatenblatt","docpos":"2"},{"download":false,"filename":"Fiche de donn\u00e9es de s\u00e9curit\u00e9 FR","protected":true,"doclang":"FR","externalkey":"Sicherheitsdatenblatt","docpos":"3"}],"einstellungen":null,"background_color":"bg-none","background_color_content":"bg-none"}},"included_in_systems":{"module_included_in_systems":{"":null,"background_color":"bg-gray-medium","background_color_content":"bg-none"}},"contact":{"module_contact":{"":null,"background_color":"bg-none","background_color_content":"bg-none"}},"ausschreibende":{"module_ausschreibende":{"andern_sie_den_inhalt_unter_universelle_elemente":null,"background_color":"bg-none","background_color_content":"bg-none"}}},"yoast_head":"<!-- This site is optimized with the Yoast SEO plugin v27.0 - https:\/\/yoast.com\/product\/yoast-seo-wordpress\/ -->\n<title>High-quality, gentle maintenance sealer PS 88 | KLB K\u00f6tztal<\/title>\n<meta name=\"description\" content=\"High-quality, protective maintenance sealer PS 88 for stressed commercial floors | KLB floor care \u2714\ufe0f for appealing indoor reactive resin coatings\" \/>\n<meta name=\"robots\" content=\"noindex, follow, max-snippet:-1, max-image-preview:large, max-video-preview:-1\" \/>\n<meta property=\"og:locale\" content=\"en_GB\" \/>\n<meta property=\"og:type\" content=\"article\" \/>\n<meta property=\"og:title\" content=\"High-quality, gentle maintenance sealer PS 88 | KLB K\u00f6tztal\" \/>\n<meta property=\"og:description\" content=\"High-quality, protective maintenance sealer PS 88 for stressed commercial floors | KLB floor care \u2714\ufe0f for appealing indoor reactive resin coatings\" \/>\n<meta property=\"og:url\" content=\"https:\/\/dev.klb-koetztal.de\/en\/produkt\/klb-system-industriebodenpflege-ps-88-pflegeversiegelung\/\" \/>\n<meta property=\"og:site_name\" content=\"KLB K\u00f6tztal\" \/>\n<meta property=\"article:publisher\" content=\"https:\/\/www.facebook.com\/klbkoetztal\" \/>\n<meta property=\"article:modified_time\" content=\"2026-02-25T11:15:48+00:00\" \/>\n<meta property=\"og:image\" content=\"https:\/\/dev.klb-koetztal.de\/app\/uploads\/2022\/03\/PS88.jpg\" \/>\n\t<meta property=\"og:image:width\" content=\"500\" \/>\n\t<meta property=\"og:image:height\" content=\"500\" \/>\n\t<meta property=\"og:image:type\" content=\"image\/jpeg\" \/>\n<meta name=\"twitter:card\" content=\"summary_large_image\" \/>\n<script type=\"application\/ld+json\" class=\"yoast-schema-graph\">{\"@context\":\"https:\/\/schema.org\",\"@graph\":[{\"@type\":\"WebPage\",\"@id\":\"https:\/\/dev.klb-koetztal.de\/en\/produkt\/klb-system-industriebodenpflege-ps-88-pflegeversiegelung\/\",\"url\":\"https:\/\/dev.klb-koetztal.de\/en\/produkt\/klb-system-industriebodenpflege-ps-88-pflegeversiegelung\/\",\"name\":\"High-quality, gentle maintenance sealer PS 88 | KLB K\u00f6tztal\",\"isPartOf\":{\"@id\":\"https:\/\/dev.klb-koetztal.de\/en\/#website\"},\"primaryImageOfPage\":{\"@id\":\"https:\/\/dev.klb-koetztal.de\/en\/produkt\/klb-system-industriebodenpflege-ps-88-pflegeversiegelung\/#primaryimage\"},\"image\":{\"@id\":\"https:\/\/dev.klb-koetztal.de\/en\/produkt\/klb-system-industriebodenpflege-ps-88-pflegeversiegelung\/#primaryimage\"},\"thumbnailUrl\":\"https:\/\/dev.klb-koetztal.de\/app\/uploads\/2022\/03\/PS88.jpg\",\"datePublished\":\"2021-08-19T08:11:18+00:00\",\"dateModified\":\"2026-02-25T11:15:48+00:00\",\"description\":\"High-quality, protective maintenance sealer PS 88 for stressed commercial floors | KLB floor care \u2714\ufe0f for appealing indoor reactive resin coatings\",\"breadcrumb\":{\"@id\":\"https:\/\/dev.klb-koetztal.de\/en\/produkt\/klb-system-industriebodenpflege-ps-88-pflegeversiegelung\/#breadcrumb\"},\"inLanguage\":\"en-GB\",\"potentialAction\":[{\"@type\":\"ReadAction\",\"target\":[\"https:\/\/dev.klb-koetztal.de\/en\/produkt\/klb-system-industriebodenpflege-ps-88-pflegeversiegelung\/\"]}]},{\"@type\":\"ImageObject\",\"inLanguage\":\"en-GB\",\"@id\":\"https:\/\/dev.klb-koetztal.de\/en\/produkt\/klb-system-industriebodenpflege-ps-88-pflegeversiegelung\/#primaryimage\",\"url\":\"https:\/\/dev.klb-koetztal.de\/app\/uploads\/2022\/03\/PS88.jpg\",\"contentUrl\":\"https:\/\/dev.klb-koetztal.de\/app\/uploads\/2022\/03\/PS88.jpg\",\"width\":500,\"height\":500},{\"@type\":\"BreadcrumbList\",\"@id\":\"https:\/\/dev.klb-koetztal.de\/en\/produkt\/klb-system-industriebodenpflege-ps-88-pflegeversiegelung\/#breadcrumb\",\"itemListElement\":[{\"@type\":\"ListItem\",\"position\":1,\"name\":\"Startseite\",\"item\":\"https:\/\/dev.klb-koetztal.de\/en\/\"},{\"@type\":\"ListItem\",\"position\":2,\"name\":\"KLB-SYSTEM Industriebodenpflege PS 88 Pflegeversiegelung\"}]},{\"@type\":\"WebSite\",\"@id\":\"https:\/\/dev.klb-koetztal.de\/en\/#website\",\"url\":\"https:\/\/dev.klb-koetztal.de\/en\/\",\"name\":\"KLB K\u00f6tztal\",\"description\":\"Gute B\u00f6den haben ein System.\",\"potentialAction\":[{\"@type\":\"SearchAction\",\"target\":{\"@type\":\"EntryPoint\",\"urlTemplate\":\"https:\/\/dev.klb-koetztal.de\/en\/?s={search_term_string}\"},\"query-input\":{\"@type\":\"PropertyValueSpecification\",\"valueRequired\":true,\"valueName\":\"search_term_string\"}}],\"inLanguage\":\"en-GB\"}]}<\/script>\n<!-- \/ Yoast SEO plugin. -->","yoast_head_json":{"title":"High-quality, gentle maintenance sealer PS 88 | KLB K\u00f6tztal","description":"High-quality, protective maintenance sealer PS 88 for stressed commercial floors | KLB floor care \u2714\ufe0f for appealing indoor reactive resin coatings","robots":{"index":"noindex","follow":"follow","max-snippet":"max-snippet:-1","max-image-preview":"max-image-preview:large","max-video-preview":"max-video-preview:-1"},"og_locale":"en_GB","og_type":"article","og_title":"High-quality, gentle maintenance sealer PS 88 | KLB K\u00f6tztal","og_description":"High-quality, protective maintenance sealer PS 88 for stressed commercial floors | KLB floor care \u2714\ufe0f for appealing indoor reactive resin coatings","og_url":"https:\/\/dev.klb-koetztal.de\/en\/produkt\/klb-system-industriebodenpflege-ps-88-pflegeversiegelung\/","og_site_name":"KLB K\u00f6tztal","article_publisher":"https:\/\/www.facebook.com\/klbkoetztal","article_modified_time":"2026-02-25T11:15:48+00:00","og_image":[{"width":500,"height":500,"url":"https:\/\/dev.klb-koetztal.de\/app\/uploads\/2022\/03\/PS88.jpg","type":"image\/jpeg"}],"twitter_card":"summary_large_image","schema":{"@context":"https:\/\/schema.org","@graph":[{"@type":"WebPage","@id":"https:\/\/dev.klb-koetztal.de\/en\/produkt\/klb-system-industriebodenpflege-ps-88-pflegeversiegelung\/","url":"https:\/\/dev.klb-koetztal.de\/en\/produkt\/klb-system-industriebodenpflege-ps-88-pflegeversiegelung\/","name":"High-quality, gentle maintenance sealer PS 88 | KLB K\u00f6tztal","isPartOf":{"@id":"https:\/\/dev.klb-koetztal.de\/en\/#website"},"primaryImageOfPage":{"@id":"https:\/\/dev.klb-koetztal.de\/en\/produkt\/klb-system-industriebodenpflege-ps-88-pflegeversiegelung\/#primaryimage"},"image":{"@id":"https:\/\/dev.klb-koetztal.de\/en\/produkt\/klb-system-industriebodenpflege-ps-88-pflegeversiegelung\/#primaryimage"},"thumbnailUrl":"https:\/\/dev.klb-koetztal.de\/app\/uploads\/2022\/03\/PS88.jpg","datePublished":"2021-08-19T08:11:18+00:00","dateModified":"2026-02-25T11:15:48+00:00","description":"High-quality, protective maintenance sealer PS 88 for stressed commercial floors | KLB floor care \u2714\ufe0f for appealing indoor reactive resin coatings","breadcrumb":{"@id":"https:\/\/dev.klb-koetztal.de\/en\/produkt\/klb-system-industriebodenpflege-ps-88-pflegeversiegelung\/#breadcrumb"},"inLanguage":"en-GB","potentialAction":[{"@type":"ReadAction","target":["https:\/\/dev.klb-koetztal.de\/en\/produkt\/klb-system-industriebodenpflege-ps-88-pflegeversiegelung\/"]}]},{"@type":"ImageObject","inLanguage":"en-GB","@id":"https:\/\/dev.klb-koetztal.de\/en\/produkt\/klb-system-industriebodenpflege-ps-88-pflegeversiegelung\/#primaryimage","url":"https:\/\/dev.klb-koetztal.de\/app\/uploads\/2022\/03\/PS88.jpg","contentUrl":"https:\/\/dev.klb-koetztal.de\/app\/uploads\/2022\/03\/PS88.jpg","width":500,"height":500},{"@type":"BreadcrumbList","@id":"https:\/\/dev.klb-koetztal.de\/en\/produkt\/klb-system-industriebodenpflege-ps-88-pflegeversiegelung\/#breadcrumb","itemListElement":[{"@type":"ListItem","position":1,"name":"Startseite","item":"https:\/\/dev.klb-koetztal.de\/en\/"},{"@type":"ListItem","position":2,"name":"KLB-SYSTEM Industriebodenpflege PS 88 Pflegeversiegelung"}]},{"@type":"WebSite","@id":"https:\/\/dev.klb-koetztal.de\/en\/#website","url":"https:\/\/dev.klb-koetztal.de\/en\/","name":"KLB K\u00f6tztal","description":"Gute B\u00f6den haben ein System.","potentialAction":[{"@type":"SearchAction","target":{"@type":"EntryPoint","urlTemplate":"https:\/\/dev.klb-koetztal.de\/en\/?s={search_term_string}"},"query-input":{"@type":"PropertyValueSpecification","valueRequired":true,"valueName":"search_term_string"}}],"inLanguage":"en-GB"}]}},"_links":{"self":[{"href":"https:\/\/dev.klb-koetztal.de\/en\/wp-json\/wp\/v2\/product\/46800","targetHints":{"allow":["GET"]}}],"collection":[{"href":"https:\/\/dev.klb-koetztal.de\/en\/wp-json\/wp\/v2\/product"}],"about":[{"href":"https:\/\/dev.klb-koetztal.de\/en\/wp-json\/wp\/v2\/types\/product"}],"wp:featuredmedia":[{"embeddable":true,"href":"https:\/\/dev.klb-koetztal.de\/en\/wp-json\/wp\/v2\/media\/49901"}],"wp:attachment":[{"href":"https:\/\/dev.klb-koetztal.de\/en\/wp-json\/wp\/v2\/media?parent=46800"}],"wp:term":[{"taxonomy":"product_brand","embeddable":true,"href":"https:\/\/dev.klb-koetztal.de\/en\/wp-json\/wp\/v2\/product_brand?post=46800"},{"taxonomy":"product_cat","embeddable":true,"href":"https:\/\/dev.klb-koetztal.de\/en\/wp-json\/wp\/v2\/product_cat?post=46800"},{"taxonomy":"product_tag","embeddable":true,"href":"https:\/\/dev.klb-koetztal.de\/en\/wp-json\/wp\/v2\/product_tag?post=46800"}],"curies":[{"name":"wp","href":"https:\/\/api.w.org\/{rel}","templated":true}]}}