{"id":46798,"date":"2021-08-19T10:10:54","date_gmt":"2021-08-19T08:10:54","guid":{"rendered":"https:\/\/dev.klb-koetztal.de\/produkt\/klb-system-epoxid-ep-280-whg\/"},"modified":"2026-03-16T14:22:50","modified_gmt":"2026-03-16T13:22:50","slug":"klb-system-epoxid-ep-280-whg","status":"publish","type":"product","link":"https:\/\/dev.klb-koetztal.de\/en\/produkt\/klb-system-epoxid-ep-280-whg\/","title":{"rendered":"KLB-SYSTEM EPOXID EP 280 WHG"},"content":{"rendered":"","protected":false},"excerpt":{"rendered":"<p>Electrically conductive, chemical-resistant coating for&#160;collecting drains and rooms, as HBV (production, treatment or processing facilities) or LAU plants (storage, filling and handling facilities) according to WHG (German Water Protection Law). With building authority approval. Electrically conductive, also for explosion-proof areas! When used within the system, DIBt\u00ae-certified in accordance with WHG \u00a7 63.<\/p>\n","protected":false},"featured_media":49875,"template":"","meta":{"_acf_changed":false},"product_brand":[],"product_cat":[9609,9610,9636],"product_tag":[],"class_list":{"0":"post-46798","1":"product","2":"type-product","3":"status-publish","4":"has-post-thumbnail","6":"product_cat-coatings","7":"product_cat-water-protection-coating-according-to-whg","8":"product_cat-conductive-coatings-personal-and-explosion-protection","10":"first","11":"instock","12":"shipping-taxable","13":"product-type-simple"},"acf":{"product_header":{"module_product_header":{"":null,"prototype_headline":{"headline":"KLB-SYSTEM EPOXID EP 280 WHG","h1":true,"subheadline":"Electrically conductive, highly chemical-resistant 2-component epoxy resin coating for WHG applications","anchor":"","url":""},"grid_text_slider":false,"grid_text_content":[{"text":"<p class=\"product-short-title\" style=\"text-align: center;\"><strong>Brief description<\/strong><\/p>\n<p>Electrically conductive, chemical-resistant coating for&#160;collecting drains and rooms, as HBV (production, treatment or processing facilities) or LAU plants (storage, filling and handling facilities) according to WHG (German Water Protection Law). With building authority approval. Electrically conductive, also for explosion-proof areas! When used within the system, DIBt\u00ae-certified in accordance with WHG \u00a7 63.<\/p>\n","width":"4","background_color_text":"bg-white","border_color":"border-gray-light"},{"text":"<p class=\"product-sicing-title\" style=\"text-align: center;\"><strong>Packaging units<\/strong><\/p>\n<ul>\n<li>AK1400-50 &#8211; Bucket combo 10.00 kg<\/li>\n<li>AK1400-30 &#8211; Hobbock combo 30.00 kg<\/li>\n<\/ul>\n<p><\/p>\n<p>Please do not hesitate to contact us directly for enquiries about larger delivery quantities or packaging units.<\/p>\n\n","width":"4","background_color_text":"bg-white","border_color":"border-gray-light"},{"text":"<p class=\"product-attr-title\" style=\"text-align: center;\"><strong>Properties<\/strong><\/p>\n<ul>\n<li>building authority approval according to DIBt\u00ae<\/li>\n<li>tested and approved for storage\/handling facilities (LAU)<\/li>\n<li>Total Solid according to GISCODE (Test method &#8220;Deutsche Bauchemie&#8221;)<\/li>\n<li>electrically conductive<\/li>\n<li>high chemical resistance<\/li>\n<li>crack-bridging (0.3 mm)<\/li>\n<li>suitable for vehicle traffic<\/li>\n<li>impervious to fluids<\/li>\n<li>free of deleterious substances against varnish<\/li>\n<\/ul>\n","width":"4","background_color_text":"bg-white","border_color":"border-gray-light"}],"background_color":"bg-none","background_color_content":"bg-none"}},"downloads":{"module_download_list":{"inhalt":null,"downloads":[{"download":{"ID":67926,"id":67926,"title":"EP_280_WHG_PI_en_2025_11","filename":"EP_280_WHG_PI_en_2025_11.pdf","filesize":1755765,"url":"https:\/\/dev.klb-koetztal.de\/app\/uploads\/2025\/11\/EP_280_WHG_PI_en_2025_11.pdf","link":"https:\/\/dev.klb-koetztal.de\/en\/?attachment_id=67926","alt":"","author":"7","description":"","caption":"","name":"ep_280_whg_pi_en_2025_11-2","status":"inherit","uploaded_to":0,"date":"2025-11-03 12:11:06","modified":"2025-11-03 12:11:06","menu_order":0,"mime_type":"application\/pdf","type":"application","subtype":"pdf","icon":"https:\/\/dev.klb-koetztal.de\/wp\/wp-includes\/images\/media\/document.png"},"filename":"Product Information","protected":false,"doclang":"GB","externalkey":"Produktinformation","docpos":"2"},{"download":{"ID":67929,"id":67929,"title":"EP_280_WHG_PI_fr_2025_11","filename":"EP_280_WHG_PI_fr_2025_11.pdf","filesize":1763393,"url":"https:\/\/dev.klb-koetztal.de\/app\/uploads\/2025\/11\/EP_280_WHG_PI_fr_2025_11.pdf","link":"https:\/\/dev.klb-koetztal.de\/en\/?attachment_id=67929","alt":"","author":"7","description":"","caption":"","name":"ep_280_whg_pi_fr_2025_11-2","status":"inherit","uploaded_to":0,"date":"2025-11-03 12:11:09","modified":"2025-11-03 12:11:09","menu_order":0,"mime_type":"application\/pdf","type":"application","subtype":"pdf","icon":"https:\/\/dev.klb-koetztal.de\/wp\/wp-includes\/images\/media\/document.png"},"filename":"Information Produit FR","protected":false,"doclang":"FR","externalkey":"Produktinformation","docpos":"3"},{"download":false,"filename":"Product Information SK","protected":true,"doclang":"","externalkey":"Produktinformation","docpos":"Multi"},{"download":{"ID":67836,"id":67836,"title":"EP_280_WHG_LE_en_2025_10","filename":"EP_280_WHG_LE_en_2025_10.pdf","filesize":576661,"url":"https:\/\/dev.klb-koetztal.de\/app\/uploads\/2025\/10\/EP_280_WHG_LE_en_2025_10.pdf","link":"https:\/\/dev.klb-koetztal.de\/en\/?attachment_id=67836","alt":"","author":"7","description":"","caption":"","name":"ep_280_whg_le_en_2025_10-2","status":"inherit","uploaded_to":0,"date":"2025-10-30 09:50:34","modified":"2025-10-30 09:50:34","menu_order":0,"mime_type":"application\/pdf","type":"application","subtype":"pdf","icon":"https:\/\/dev.klb-koetztal.de\/wp\/wp-includes\/images\/media\/document.png"},"filename":"Statement of performance","protected":false,"doclang":"GB","externalkey":"Leistungserklaerung","docpos":"2"},{"download":{"ID":67839,"id":67839,"title":"EP_280_WHG_LE_fr_2025_10","filename":"EP_280_WHG_LE_fr_2025_10.pdf","filesize":576250,"url":"https:\/\/dev.klb-koetztal.de\/app\/uploads\/2025\/10\/EP_280_WHG_LE_fr_2025_10.pdf","link":"https:\/\/dev.klb-koetztal.de\/en\/?attachment_id=67839","alt":"","author":"7","description":"","caption":"","name":"ep_280_whg_le_fr_2025_10-2","status":"inherit","uploaded_to":0,"date":"2025-10-30 09:50:36","modified":"2025-10-30 09:50:36","menu_order":0,"mime_type":"application\/pdf","type":"application","subtype":"pdf","icon":"https:\/\/dev.klb-koetztal.de\/wp\/wp-includes\/images\/media\/document.png"},"filename":"Declaration of performance","protected":false,"doclang":"FR","externalkey":"Leistungserklaerung","docpos":"3"},{"download":{"ID":52076,"id":52076,"title":"EP280_WHG_Umwelt-Deklaration_2022-08","filename":"EP280_WHG_Umwelt-Deklaration_2022-08.pdf","filesize":2902651,"url":"https:\/\/dev.klb-koetztal.de\/app\/uploads\/2022\/09\/EP280_WHG_Umwelt-Deklaration_2022-08.pdf","link":"https:\/\/dev.klb-koetztal.de\/en\/?attachment_id=52076","alt":"","author":"7","description":"","caption":"","name":"ep280_whg_umwelt-deklaration_2022-08-2","status":"inherit","uploaded_to":0,"date":"2022-09-01 11:55:27","modified":"2022-09-01 11:55:27","menu_order":0,"mime_type":"application\/pdf","type":"application","subtype":"pdf","icon":"https:\/\/dev.klb-koetztal.de\/wp\/wp-includes\/images\/media\/document.png"},"filename":"EPD - Environmental Product Declaration","protected":false,"doclang":"Multi","externalkey":"Umweltproduktdeklaration","docpos":"50"},{"download":false,"filename":"Safety data sheet","protected":true,"doclang":"GB","externalkey":"Sicherheitsdatenblatt","docpos":"2"},{"download":false,"filename":"Fiche de donn\u00e9es de s\u00e9curit\u00e9 FR","protected":true,"doclang":"FR","externalkey":"Sicherheitsdatenblatt","docpos":"3"}],"einstellungen":null,"background_color":"bg-none","background_color_content":"bg-none"}},"included_in_systems":{"module_included_in_systems":{"":null,"background_color":"bg-gray-medium","background_color_content":"bg-none"}},"contact":{"module_contact":{"":null,"background_color":"bg-none","background_color_content":"bg-none"}},"ausschreibende":{"module_ausschreibende":{"andern_sie_den_inhalt_unter_universelle_elemente":null,"background_color":"bg-none","background_color_content":"bg-none"}}},"yoast_head":"<!-- This site is optimized with the Yoast SEO plugin v27.0 - https:\/\/yoast.com\/product\/yoast-seo-wordpress\/ -->\n<title>Conductive, chemical-resistant coating EP 280 WHG | KLB<\/title>\n<meta name=\"description\" content=\"Electrically conductive, chemically resistant epoxy coating EP 280 WHG for collecting drains as HBV and LAU plants | KLB floor coverings \u2714\ufe0f DIBt\u00ae, WHG \u00a7 63\" \/>\n<meta name=\"robots\" content=\"noindex, follow, max-snippet:-1, max-image-preview:large, max-video-preview:-1\" \/>\n<meta property=\"og:locale\" content=\"en_GB\" \/>\n<meta property=\"og:type\" content=\"article\" \/>\n<meta property=\"og:title\" content=\"Conductive, chemical-resistant coating EP 280 WHG | KLB\" \/>\n<meta property=\"og:description\" content=\"Electrically conductive, chemically resistant epoxy coating EP 280 WHG for collecting drains as HBV and LAU plants | KLB floor coverings \u2714\ufe0f DIBt\u00ae, WHG \u00a7 63\" \/>\n<meta property=\"og:url\" content=\"https:\/\/dev.klb-koetztal.de\/en\/produkt\/klb-system-epoxid-ep-280-whg\/\" \/>\n<meta property=\"og:site_name\" content=\"KLB K\u00f6tztal\" \/>\n<meta property=\"article:publisher\" content=\"https:\/\/www.facebook.com\/klbkoetztal\" \/>\n<meta property=\"article:modified_time\" content=\"2026-03-16T13:22:50+00:00\" \/>\n<meta property=\"og:image\" content=\"https:\/\/dev.klb-koetztal.de\/app\/uploads\/2022\/03\/EP280_WHG.jpg\" \/>\n\t<meta property=\"og:image:width\" content=\"500\" \/>\n\t<meta property=\"og:image:height\" content=\"500\" \/>\n\t<meta property=\"og:image:type\" content=\"image\/jpeg\" \/>\n<meta name=\"twitter:card\" content=\"summary_large_image\" \/>\n<script type=\"application\/ld+json\" class=\"yoast-schema-graph\">{\"@context\":\"https:\/\/schema.org\",\"@graph\":[{\"@type\":\"WebPage\",\"@id\":\"https:\/\/dev.klb-koetztal.de\/en\/produkt\/klb-system-epoxid-ep-280-whg\/\",\"url\":\"https:\/\/dev.klb-koetztal.de\/en\/produkt\/klb-system-epoxid-ep-280-whg\/\",\"name\":\"Conductive, chemical-resistant coating EP 280 WHG | KLB\",\"isPartOf\":{\"@id\":\"https:\/\/dev.klb-koetztal.de\/en\/#website\"},\"primaryImageOfPage\":{\"@id\":\"https:\/\/dev.klb-koetztal.de\/en\/produkt\/klb-system-epoxid-ep-280-whg\/#primaryimage\"},\"image\":{\"@id\":\"https:\/\/dev.klb-koetztal.de\/en\/produkt\/klb-system-epoxid-ep-280-whg\/#primaryimage\"},\"thumbnailUrl\":\"https:\/\/dev.klb-koetztal.de\/app\/uploads\/2022\/03\/EP280_WHG.jpg\",\"datePublished\":\"2021-08-19T08:10:54+00:00\",\"dateModified\":\"2026-03-16T13:22:50+00:00\",\"description\":\"Electrically conductive, chemically resistant epoxy coating EP 280 WHG for collecting drains as HBV and LAU plants | KLB floor coverings \u2714\ufe0f DIBt\u00ae, WHG \u00a7 63\",\"breadcrumb\":{\"@id\":\"https:\/\/dev.klb-koetztal.de\/en\/produkt\/klb-system-epoxid-ep-280-whg\/#breadcrumb\"},\"inLanguage\":\"en-GB\",\"potentialAction\":[{\"@type\":\"ReadAction\",\"target\":[\"https:\/\/dev.klb-koetztal.de\/en\/produkt\/klb-system-epoxid-ep-280-whg\/\"]}]},{\"@type\":\"ImageObject\",\"inLanguage\":\"en-GB\",\"@id\":\"https:\/\/dev.klb-koetztal.de\/en\/produkt\/klb-system-epoxid-ep-280-whg\/#primaryimage\",\"url\":\"https:\/\/dev.klb-koetztal.de\/app\/uploads\/2022\/03\/EP280_WHG.jpg\",\"contentUrl\":\"https:\/\/dev.klb-koetztal.de\/app\/uploads\/2022\/03\/EP280_WHG.jpg\",\"width\":500,\"height\":500},{\"@type\":\"BreadcrumbList\",\"@id\":\"https:\/\/dev.klb-koetztal.de\/en\/produkt\/klb-system-epoxid-ep-280-whg\/#breadcrumb\",\"itemListElement\":[{\"@type\":\"ListItem\",\"position\":1,\"name\":\"Startseite\",\"item\":\"https:\/\/dev.klb-koetztal.de\/en\/\"},{\"@type\":\"ListItem\",\"position\":2,\"name\":\"KLB-SYSTEM EPOXID EP 280 WHG\"}]},{\"@type\":\"WebSite\",\"@id\":\"https:\/\/dev.klb-koetztal.de\/en\/#website\",\"url\":\"https:\/\/dev.klb-koetztal.de\/en\/\",\"name\":\"KLB K\u00f6tztal\",\"description\":\"Gute B\u00f6den haben ein System.\",\"potentialAction\":[{\"@type\":\"SearchAction\",\"target\":{\"@type\":\"EntryPoint\",\"urlTemplate\":\"https:\/\/dev.klb-koetztal.de\/en\/?s={search_term_string}\"},\"query-input\":{\"@type\":\"PropertyValueSpecification\",\"valueRequired\":true,\"valueName\":\"search_term_string\"}}],\"inLanguage\":\"en-GB\"}]}<\/script>\n<!-- \/ Yoast SEO plugin. -->","yoast_head_json":{"title":"Conductive, chemical-resistant coating EP 280 WHG | KLB","description":"Electrically conductive, chemically resistant epoxy coating EP 280 WHG for collecting drains as HBV and LAU plants | KLB floor coverings \u2714\ufe0f DIBt\u00ae, WHG \u00a7 63","robots":{"index":"noindex","follow":"follow","max-snippet":"max-snippet:-1","max-image-preview":"max-image-preview:large","max-video-preview":"max-video-preview:-1"},"og_locale":"en_GB","og_type":"article","og_title":"Conductive, chemical-resistant coating EP 280 WHG | KLB","og_description":"Electrically conductive, chemically resistant epoxy coating EP 280 WHG for collecting drains as HBV and LAU plants | KLB floor coverings \u2714\ufe0f DIBt\u00ae, WHG \u00a7 63","og_url":"https:\/\/dev.klb-koetztal.de\/en\/produkt\/klb-system-epoxid-ep-280-whg\/","og_site_name":"KLB K\u00f6tztal","article_publisher":"https:\/\/www.facebook.com\/klbkoetztal","article_modified_time":"2026-03-16T13:22:50+00:00","og_image":[{"width":500,"height":500,"url":"https:\/\/dev.klb-koetztal.de\/app\/uploads\/2022\/03\/EP280_WHG.jpg","type":"image\/jpeg"}],"twitter_card":"summary_large_image","schema":{"@context":"https:\/\/schema.org","@graph":[{"@type":"WebPage","@id":"https:\/\/dev.klb-koetztal.de\/en\/produkt\/klb-system-epoxid-ep-280-whg\/","url":"https:\/\/dev.klb-koetztal.de\/en\/produkt\/klb-system-epoxid-ep-280-whg\/","name":"Conductive, chemical-resistant coating EP 280 WHG | KLB","isPartOf":{"@id":"https:\/\/dev.klb-koetztal.de\/en\/#website"},"primaryImageOfPage":{"@id":"https:\/\/dev.klb-koetztal.de\/en\/produkt\/klb-system-epoxid-ep-280-whg\/#primaryimage"},"image":{"@id":"https:\/\/dev.klb-koetztal.de\/en\/produkt\/klb-system-epoxid-ep-280-whg\/#primaryimage"},"thumbnailUrl":"https:\/\/dev.klb-koetztal.de\/app\/uploads\/2022\/03\/EP280_WHG.jpg","datePublished":"2021-08-19T08:10:54+00:00","dateModified":"2026-03-16T13:22:50+00:00","description":"Electrically conductive, chemically resistant epoxy coating EP 280 WHG for collecting drains as HBV and LAU plants | KLB floor coverings \u2714\ufe0f DIBt\u00ae, WHG \u00a7 63","breadcrumb":{"@id":"https:\/\/dev.klb-koetztal.de\/en\/produkt\/klb-system-epoxid-ep-280-whg\/#breadcrumb"},"inLanguage":"en-GB","potentialAction":[{"@type":"ReadAction","target":["https:\/\/dev.klb-koetztal.de\/en\/produkt\/klb-system-epoxid-ep-280-whg\/"]}]},{"@type":"ImageObject","inLanguage":"en-GB","@id":"https:\/\/dev.klb-koetztal.de\/en\/produkt\/klb-system-epoxid-ep-280-whg\/#primaryimage","url":"https:\/\/dev.klb-koetztal.de\/app\/uploads\/2022\/03\/EP280_WHG.jpg","contentUrl":"https:\/\/dev.klb-koetztal.de\/app\/uploads\/2022\/03\/EP280_WHG.jpg","width":500,"height":500},{"@type":"BreadcrumbList","@id":"https:\/\/dev.klb-koetztal.de\/en\/produkt\/klb-system-epoxid-ep-280-whg\/#breadcrumb","itemListElement":[{"@type":"ListItem","position":1,"name":"Startseite","item":"https:\/\/dev.klb-koetztal.de\/en\/"},{"@type":"ListItem","position":2,"name":"KLB-SYSTEM EPOXID EP 280 WHG"}]},{"@type":"WebSite","@id":"https:\/\/dev.klb-koetztal.de\/en\/#website","url":"https:\/\/dev.klb-koetztal.de\/en\/","name":"KLB K\u00f6tztal","description":"Gute B\u00f6den haben ein System.","potentialAction":[{"@type":"SearchAction","target":{"@type":"EntryPoint","urlTemplate":"https:\/\/dev.klb-koetztal.de\/en\/?s={search_term_string}"},"query-input":{"@type":"PropertyValueSpecification","valueRequired":true,"valueName":"search_term_string"}}],"inLanguage":"en-GB"}]}},"_links":{"self":[{"href":"https:\/\/dev.klb-koetztal.de\/en\/wp-json\/wp\/v2\/product\/46798","targetHints":{"allow":["GET"]}}],"collection":[{"href":"https:\/\/dev.klb-koetztal.de\/en\/wp-json\/wp\/v2\/product"}],"about":[{"href":"https:\/\/dev.klb-koetztal.de\/en\/wp-json\/wp\/v2\/types\/product"}],"wp:featuredmedia":[{"embeddable":true,"href":"https:\/\/dev.klb-koetztal.de\/en\/wp-json\/wp\/v2\/media\/49875"}],"wp:attachment":[{"href":"https:\/\/dev.klb-koetztal.de\/en\/wp-json\/wp\/v2\/media?parent=46798"}],"wp:term":[{"taxonomy":"product_brand","embeddable":true,"href":"https:\/\/dev.klb-koetztal.de\/en\/wp-json\/wp\/v2\/product_brand?post=46798"},{"taxonomy":"product_cat","embeddable":true,"href":"https:\/\/dev.klb-koetztal.de\/en\/wp-json\/wp\/v2\/product_cat?post=46798"},{"taxonomy":"product_tag","embeddable":true,"href":"https:\/\/dev.klb-koetztal.de\/en\/wp-json\/wp\/v2\/product_tag?post=46798"}],"curies":[{"name":"wp","href":"https:\/\/api.w.org\/{rel}","templated":true}]}}