{"id":46792,"date":"2021-08-19T10:06:49","date_gmt":"2021-08-19T08:06:49","guid":{"rendered":"https:\/\/dev.klb-koetztal.de\/produkt\/car-park-surface-protection-system-klb-system-epoxid-ep-5570\/"},"modified":"2026-03-16T14:02:34","modified_gmt":"2026-03-16T13:02:34","slug":"car-park-surface-protection-system-klb-system-epoxid-ep-5570","status":"publish","type":"product","link":"https:\/\/dev.klb-koetztal.de\/en\/produkt\/car-park-surface-protection-system-klb-system-epoxid-ep-5570\/","title":{"rendered":"CAR PARK surface protection system KLB-SYSTEM EPOXID EP 5570"},"content":{"rendered":"","protected":false},"excerpt":{"rendered":"<p>Ready-to-use, pigmented, flexibilised 2-component epoxy resin to be used as top sealer on scattered coatings, particularly for surface protection systems based on OS8, OS 11a\/b in the interior in accordance with the&#160;DAfStb directive.<\/p>\n","protected":false},"featured_media":49760,"template":"","meta":{"_acf_changed":false},"product_brand":[],"product_cat":[9609,9639],"product_tag":[],"class_list":{"0":"post-46792","1":"product","2":"type-product","3":"status-publish","4":"has-post-thumbnail","6":"product_cat-coatings","7":"product_cat-car-park-coatings-including-rapid-setting","9":"first","10":"instock","11":"shipping-taxable","12":"product-type-simple"},"acf":{"product_header":{"module_product_header":{"":null,"prototype_headline":{"headline":"CAR PARK surface protection system KLB-SYSTEM EPOXID EP 5570","h1":true,"subheadline":"Coloured, flexibilised 2-component epoxy resin top sealer for surface protection systems (OS8, OS 11a\/b) in the interior in accordance with the DAfStb directive","anchor":"","url":""},"grid_text_slider":false,"grid_text_content":[{"text":"<p class=\"product-short-title\" style=\"text-align: center;\"><strong>Brief description<\/strong><\/p>\n<p>Ready-to-use, pigmented, flexibilised 2-component epoxy resin to be used as top sealer on scattered coatings, particularly for surface protection systems based on OS8, OS 11a\/b in the interior in accordance with the&#160;DAfStb directive.<\/p>\n","width":"4","background_color_text":"bg-white","border_color":"border-gray-light"},{"text":"<p class=\"product-sicing-title\" style=\"text-align: center;\"><strong>Packaging units<\/strong><\/p>\n<ul>\n<li>AK1338-12 &#8211; Bucket combo 12.00 kg<\/li>\n<li>AK1338-30 &#8211; Hobbock combo 30.00 kg<\/li>\n<li>AK1338-01 &#8211; Drum combo 1200.00 kg<\/li>\n<\/ul>\n<p><\/p>\n<p>Please do not hesitate to contact us directly for enquiries about larger delivery quantities or packaging units.<\/p>\n\n","width":"4","background_color_text":"bg-white","border_color":"border-gray-light"},{"text":"<p class=\"product-attr-title\" style=\"text-align: center;\"><strong>Properties<\/strong><\/p>\n<ul>\n<li>suitable for vehicle traffic<\/li>\n<li>flexibilised<\/li>\n<li>resistant to de-icing salt<\/li>\n<li>resistant to glycol, oil and battery acid<\/li>\n<li>Total Solid according to GISCODE (Test method &#8220;Deutsche Bauchemie&#8221;)<\/li>\n<li>good plasticiser resistance<\/li>\n<li>resistant to abrasion and wear<\/li>\n<\/ul>\n","width":"4","background_color_text":"bg-white","border_color":"border-gray-light"}],"background_color":"bg-none","background_color_content":"bg-none"}},"downloads":{"module_download_list":{"inhalt":null,"downloads":[{"download":{"ID":56714,"id":56714,"title":"EP_5570_PI_en_2023_06","filename":"EP_5570_PI_en_2023_06.pdf","filesize":749579,"url":"https:\/\/dev.klb-koetztal.de\/app\/uploads\/2023\/06\/EP_5570_PI_en_2023_06.pdf","link":"https:\/\/dev.klb-koetztal.de\/en\/?attachment_id=56714","alt":"","author":"7","description":"","caption":"","name":"ep_5570_pi_en_2023_06-2","status":"inherit","uploaded_to":0,"date":"2023-06-01 09:50:18","modified":"2023-06-01 09:50:18","menu_order":0,"mime_type":"application\/pdf","type":"application","subtype":"pdf","icon":"https:\/\/dev.klb-koetztal.de\/wp\/wp-includes\/images\/media\/document.png"},"filename":"Product Information","protected":false,"doclang":"GB","externalkey":"Produktinformation","docpos":"2"},{"download":{"ID":56717,"id":56717,"title":"EP_5570_PI_fr_2023_06","filename":"EP_5570_PI_fr_2023_06.pdf","filesize":762645,"url":"https:\/\/dev.klb-koetztal.de\/app\/uploads\/2023\/06\/EP_5570_PI_fr_2023_06.pdf","link":"https:\/\/dev.klb-koetztal.de\/en\/?attachment_id=56717","alt":"","author":"7","description":"","caption":"","name":"ep_5570_pi_fr_2023_06-2","status":"inherit","uploaded_to":0,"date":"2023-06-01 09:50:20","modified":"2023-06-01 09:50:20","menu_order":0,"mime_type":"application\/pdf","type":"application","subtype":"pdf","icon":"https:\/\/dev.klb-koetztal.de\/wp\/wp-includes\/images\/media\/document.png"},"filename":"Information Produit FR","protected":false,"doclang":"FR","externalkey":"Produktinformation","docpos":"3"},{"download":{"ID":49765,"id":49765,"title":"Leistungserkl\u00e4rung - Statement of performance","filename":"Parkhaus_Aufbau_Leistungserklaerungen_23.08.2019.pdf","filesize":904343,"url":"https:\/\/dev.klb-koetztal.de\/app\/uploads\/2022\/03\/Parkhaus_Aufbau_Leistungserklaerungen_23.08.2019.pdf","link":"https:\/\/dev.klb-koetztal.de\/en\/?attachment_id=49765","alt":"","author":"7","description":"","caption":"","name":"parkhaus_aufbau_leistungserklaerungen_23-08-2019","status":"inherit","uploaded_to":0,"date":"2022-03-14 10:01:46","modified":"2026-03-16 13:26:06","menu_order":0,"mime_type":"application\/pdf","type":"application","subtype":"pdf","icon":"https:\/\/dev.klb-koetztal.de\/wp\/wp-includes\/images\/media\/document.png"},"filename":"Statement of performance - Leistungserkl\u00e4rung","protected":false,"doclang":"Multi","externalkey":"Leistungserklaerung","docpos":"50"},{"download":{"ID":52073,"id":52073,"title":"EP5570_Umwelt-Deklaration_2022-08","filename":"EP5570_Umwelt-Deklaration_2022-08.pdf","filesize":4672142,"url":"https:\/\/dev.klb-koetztal.de\/app\/uploads\/2022\/09\/EP5570_Umwelt-Deklaration_2022-08.pdf","link":"https:\/\/dev.klb-koetztal.de\/en\/?attachment_id=52073","alt":"","author":"7","description":"","caption":"","name":"ep5570_umwelt-deklaration_2022-08-2","status":"inherit","uploaded_to":0,"date":"2022-09-01 11:41:28","modified":"2022-09-01 11:41:28","menu_order":0,"mime_type":"application\/pdf","type":"application","subtype":"pdf","icon":"https:\/\/dev.klb-koetztal.de\/wp\/wp-includes\/images\/media\/document.png"},"filename":"EPD - Environmental Product Declaration","protected":false,"doclang":"Multi","externalkey":"Umweltproduktdeklaration","docpos":"50"},{"download":false,"filename":"Safety data sheet","protected":true,"doclang":"GB","externalkey":"Sicherheitsdatenblatt","docpos":"2"},{"download":false,"filename":"Fiche de donn\u00e9es de s\u00e9curit\u00e9 FR","protected":true,"doclang":"FR","externalkey":"Sicherheitsdatenblatt","docpos":"3"}],"einstellungen":null,"background_color":"bg-none","background_color_content":"bg-none"}},"included_in_systems":{"module_included_in_systems":{"":null,"background_color":"bg-gray-medium","background_color_content":"bg-none"}},"contact":{"module_contact":{"":null,"background_color":"bg-none","background_color_content":"bg-none"}},"ausschreibende":{"module_ausschreibende":{"andern_sie_den_inhalt_unter_universelle_elemente":null,"background_color":"bg-none","background_color_content":"bg-none"}}},"yoast_head":"<!-- This site is optimized with the Yoast SEO plugin v27.0 - https:\/\/yoast.com\/product\/yoast-seo-wordpress\/ -->\n<title>Ready-to-use, coloured sealer EP 5570 | KLB K\u00f6tztal<\/title>\n<meta name=\"description\" content=\"Ready-to-use, pigmented, flexibilised sealer EP 5570 for garages, etc. | KLB coating systems \u2714\ufe0f for surface protection systems OS 11a\/b and OS 14\" \/>\n<meta name=\"robots\" content=\"noindex, follow, max-snippet:-1, max-image-preview:large, max-video-preview:-1\" \/>\n<meta property=\"og:locale\" content=\"en_GB\" \/>\n<meta property=\"og:type\" content=\"article\" \/>\n<meta property=\"og:title\" content=\"Ready-to-use, coloured sealer EP 5570 | KLB K\u00f6tztal\" \/>\n<meta property=\"og:description\" content=\"Ready-to-use, pigmented, flexibilised sealer EP 5570 for garages, etc. | KLB coating systems \u2714\ufe0f for surface protection systems OS 11a\/b and OS 14\" \/>\n<meta property=\"og:url\" content=\"https:\/\/dev.klb-koetztal.de\/en\/produkt\/car-park-surface-protection-system-klb-system-epoxid-ep-5570\/\" \/>\n<meta property=\"og:site_name\" content=\"KLB K\u00f6tztal\" \/>\n<meta property=\"article:publisher\" content=\"https:\/\/www.facebook.com\/klbkoetztal\" \/>\n<meta property=\"article:modified_time\" content=\"2026-03-16T13:02:34+00:00\" \/>\n<meta property=\"og:image\" content=\"https:\/\/dev.klb-koetztal.de\/app\/uploads\/2022\/03\/EP5570.jpg\" \/>\n\t<meta property=\"og:image:width\" content=\"500\" \/>\n\t<meta property=\"og:image:height\" content=\"500\" \/>\n\t<meta property=\"og:image:type\" content=\"image\/jpeg\" \/>\n<meta name=\"twitter:card\" content=\"summary_large_image\" \/>\n<script type=\"application\/ld+json\" class=\"yoast-schema-graph\">{\"@context\":\"https:\/\/schema.org\",\"@graph\":[{\"@type\":\"WebPage\",\"@id\":\"https:\/\/dev.klb-koetztal.de\/en\/produkt\/car-park-surface-protection-system-klb-system-epoxid-ep-5570\/\",\"url\":\"https:\/\/dev.klb-koetztal.de\/en\/produkt\/car-park-surface-protection-system-klb-system-epoxid-ep-5570\/\",\"name\":\"Ready-to-use, coloured sealer EP 5570 | KLB K\u00f6tztal\",\"isPartOf\":{\"@id\":\"https:\/\/dev.klb-koetztal.de\/en\/#website\"},\"primaryImageOfPage\":{\"@id\":\"https:\/\/dev.klb-koetztal.de\/en\/produkt\/car-park-surface-protection-system-klb-system-epoxid-ep-5570\/#primaryimage\"},\"image\":{\"@id\":\"https:\/\/dev.klb-koetztal.de\/en\/produkt\/car-park-surface-protection-system-klb-system-epoxid-ep-5570\/#primaryimage\"},\"thumbnailUrl\":\"https:\/\/dev.klb-koetztal.de\/app\/uploads\/2022\/03\/EP5570.jpg\",\"datePublished\":\"2021-08-19T08:06:49+00:00\",\"dateModified\":\"2026-03-16T13:02:34+00:00\",\"description\":\"Ready-to-use, pigmented, flexibilised sealer EP 5570 for garages, etc. | KLB coating systems \u2714\ufe0f for surface protection systems OS 11a\/b and OS 14\",\"breadcrumb\":{\"@id\":\"https:\/\/dev.klb-koetztal.de\/en\/produkt\/car-park-surface-protection-system-klb-system-epoxid-ep-5570\/#breadcrumb\"},\"inLanguage\":\"en-GB\",\"potentialAction\":[{\"@type\":\"ReadAction\",\"target\":[\"https:\/\/dev.klb-koetztal.de\/en\/produkt\/car-park-surface-protection-system-klb-system-epoxid-ep-5570\/\"]}]},{\"@type\":\"ImageObject\",\"inLanguage\":\"en-GB\",\"@id\":\"https:\/\/dev.klb-koetztal.de\/en\/produkt\/car-park-surface-protection-system-klb-system-epoxid-ep-5570\/#primaryimage\",\"url\":\"https:\/\/dev.klb-koetztal.de\/app\/uploads\/2022\/03\/EP5570.jpg\",\"contentUrl\":\"https:\/\/dev.klb-koetztal.de\/app\/uploads\/2022\/03\/EP5570.jpg\",\"width\":500,\"height\":500},{\"@type\":\"BreadcrumbList\",\"@id\":\"https:\/\/dev.klb-koetztal.de\/en\/produkt\/car-park-surface-protection-system-klb-system-epoxid-ep-5570\/#breadcrumb\",\"itemListElement\":[{\"@type\":\"ListItem\",\"position\":1,\"name\":\"Startseite\",\"item\":\"https:\/\/dev.klb-koetztal.de\/en\/\"},{\"@type\":\"ListItem\",\"position\":2,\"name\":\"CAR PARK surface protection system KLB-SYSTEM EPOXID EP 5570\"}]},{\"@type\":\"WebSite\",\"@id\":\"https:\/\/dev.klb-koetztal.de\/en\/#website\",\"url\":\"https:\/\/dev.klb-koetztal.de\/en\/\",\"name\":\"KLB K\u00f6tztal\",\"description\":\"Gute B\u00f6den haben ein System.\",\"potentialAction\":[{\"@type\":\"SearchAction\",\"target\":{\"@type\":\"EntryPoint\",\"urlTemplate\":\"https:\/\/dev.klb-koetztal.de\/en\/?s={search_term_string}\"},\"query-input\":{\"@type\":\"PropertyValueSpecification\",\"valueRequired\":true,\"valueName\":\"search_term_string\"}}],\"inLanguage\":\"en-GB\"}]}<\/script>\n<!-- \/ Yoast SEO plugin. -->","yoast_head_json":{"title":"Ready-to-use, coloured sealer EP 5570 | KLB K\u00f6tztal","description":"Ready-to-use, pigmented, flexibilised sealer EP 5570 for garages, etc. | KLB coating systems \u2714\ufe0f for surface protection systems OS 11a\/b and OS 14","robots":{"index":"noindex","follow":"follow","max-snippet":"max-snippet:-1","max-image-preview":"max-image-preview:large","max-video-preview":"max-video-preview:-1"},"og_locale":"en_GB","og_type":"article","og_title":"Ready-to-use, coloured sealer EP 5570 | KLB K\u00f6tztal","og_description":"Ready-to-use, pigmented, flexibilised sealer EP 5570 for garages, etc. | KLB coating systems \u2714\ufe0f for surface protection systems OS 11a\/b and OS 14","og_url":"https:\/\/dev.klb-koetztal.de\/en\/produkt\/car-park-surface-protection-system-klb-system-epoxid-ep-5570\/","og_site_name":"KLB K\u00f6tztal","article_publisher":"https:\/\/www.facebook.com\/klbkoetztal","article_modified_time":"2026-03-16T13:02:34+00:00","og_image":[{"width":500,"height":500,"url":"https:\/\/dev.klb-koetztal.de\/app\/uploads\/2022\/03\/EP5570.jpg","type":"image\/jpeg"}],"twitter_card":"summary_large_image","schema":{"@context":"https:\/\/schema.org","@graph":[{"@type":"WebPage","@id":"https:\/\/dev.klb-koetztal.de\/en\/produkt\/car-park-surface-protection-system-klb-system-epoxid-ep-5570\/","url":"https:\/\/dev.klb-koetztal.de\/en\/produkt\/car-park-surface-protection-system-klb-system-epoxid-ep-5570\/","name":"Ready-to-use, coloured sealer EP 5570 | KLB K\u00f6tztal","isPartOf":{"@id":"https:\/\/dev.klb-koetztal.de\/en\/#website"},"primaryImageOfPage":{"@id":"https:\/\/dev.klb-koetztal.de\/en\/produkt\/car-park-surface-protection-system-klb-system-epoxid-ep-5570\/#primaryimage"},"image":{"@id":"https:\/\/dev.klb-koetztal.de\/en\/produkt\/car-park-surface-protection-system-klb-system-epoxid-ep-5570\/#primaryimage"},"thumbnailUrl":"https:\/\/dev.klb-koetztal.de\/app\/uploads\/2022\/03\/EP5570.jpg","datePublished":"2021-08-19T08:06:49+00:00","dateModified":"2026-03-16T13:02:34+00:00","description":"Ready-to-use, pigmented, flexibilised sealer EP 5570 for garages, etc. | KLB coating systems \u2714\ufe0f for surface protection systems OS 11a\/b and OS 14","breadcrumb":{"@id":"https:\/\/dev.klb-koetztal.de\/en\/produkt\/car-park-surface-protection-system-klb-system-epoxid-ep-5570\/#breadcrumb"},"inLanguage":"en-GB","potentialAction":[{"@type":"ReadAction","target":["https:\/\/dev.klb-koetztal.de\/en\/produkt\/car-park-surface-protection-system-klb-system-epoxid-ep-5570\/"]}]},{"@type":"ImageObject","inLanguage":"en-GB","@id":"https:\/\/dev.klb-koetztal.de\/en\/produkt\/car-park-surface-protection-system-klb-system-epoxid-ep-5570\/#primaryimage","url":"https:\/\/dev.klb-koetztal.de\/app\/uploads\/2022\/03\/EP5570.jpg","contentUrl":"https:\/\/dev.klb-koetztal.de\/app\/uploads\/2022\/03\/EP5570.jpg","width":500,"height":500},{"@type":"BreadcrumbList","@id":"https:\/\/dev.klb-koetztal.de\/en\/produkt\/car-park-surface-protection-system-klb-system-epoxid-ep-5570\/#breadcrumb","itemListElement":[{"@type":"ListItem","position":1,"name":"Startseite","item":"https:\/\/dev.klb-koetztal.de\/en\/"},{"@type":"ListItem","position":2,"name":"CAR PARK surface protection system KLB-SYSTEM EPOXID EP 5570"}]},{"@type":"WebSite","@id":"https:\/\/dev.klb-koetztal.de\/en\/#website","url":"https:\/\/dev.klb-koetztal.de\/en\/","name":"KLB K\u00f6tztal","description":"Gute B\u00f6den haben ein System.","potentialAction":[{"@type":"SearchAction","target":{"@type":"EntryPoint","urlTemplate":"https:\/\/dev.klb-koetztal.de\/en\/?s={search_term_string}"},"query-input":{"@type":"PropertyValueSpecification","valueRequired":true,"valueName":"search_term_string"}}],"inLanguage":"en-GB"}]}},"_links":{"self":[{"href":"https:\/\/dev.klb-koetztal.de\/en\/wp-json\/wp\/v2\/product\/46792","targetHints":{"allow":["GET"]}}],"collection":[{"href":"https:\/\/dev.klb-koetztal.de\/en\/wp-json\/wp\/v2\/product"}],"about":[{"href":"https:\/\/dev.klb-koetztal.de\/en\/wp-json\/wp\/v2\/types\/product"}],"wp:featuredmedia":[{"embeddable":true,"href":"https:\/\/dev.klb-koetztal.de\/en\/wp-json\/wp\/v2\/media\/49760"}],"wp:attachment":[{"href":"https:\/\/dev.klb-koetztal.de\/en\/wp-json\/wp\/v2\/media?parent=46792"}],"wp:term":[{"taxonomy":"product_brand","embeddable":true,"href":"https:\/\/dev.klb-koetztal.de\/en\/wp-json\/wp\/v2\/product_brand?post=46792"},{"taxonomy":"product_cat","embeddable":true,"href":"https:\/\/dev.klb-koetztal.de\/en\/wp-json\/wp\/v2\/product_cat?post=46792"},{"taxonomy":"product_tag","embeddable":true,"href":"https:\/\/dev.klb-koetztal.de\/en\/wp-json\/wp\/v2\/product_tag?post=46792"}],"curies":[{"name":"wp","href":"https:\/\/api.w.org\/{rel}","templated":true}]}}