{"id":46785,"date":"2021-08-19T10:04:21","date_gmt":"2021-08-19T08:04:21","guid":{"rendered":"https:\/\/dev.klb-koetztal.de\/produkt\/klb-system-epoxid-ep-202-el\/"},"modified":"2026-02-25T11:34:20","modified_gmt":"2026-02-25T10:34:20","slug":"klb-system-epoxid-ep-202-el","status":"publish","type":"product","link":"https:\/\/dev.klb-koetztal.de\/en\/produkt\/klb-system-epoxid-ep-202-el\/","title":{"rendered":"KLB-SYSTEM EPOXID EP 202 EL+"},"content":{"rendered":"","protected":false},"excerpt":{"rendered":"<p>Low-emission, electrically conductive 2-component&#160;epoxy resin self-levelling coating for reducing electrostatic discharging, both personal and&#160;in EX areas. Due to its good cleaning and disinfection properties, it can be used for floors in&#160;biotechnology, pharmaceutical or food industries &#8211; but also for common rooms.<br \/>\nSuitable for floors that must be AgBB-compliant for recreation rooms. Certified according to Eurofins &#8220;Indoor Air Comfort Gold&#8221; as very low-emission.<\/p>\n","protected":false},"featured_media":49682,"template":"","meta":{"_acf_changed":false},"product_brand":[],"product_cat":[9609,9636],"product_tag":[],"class_list":{"0":"post-46785","1":"product","2":"type-product","3":"status-publish","4":"has-post-thumbnail","6":"product_cat-coatings","7":"product_cat-conductive-coatings-personal-and-explosion-protection","9":"first","10":"instock","11":"shipping-taxable","12":"product-type-simple"},"acf":{"product_header":{"module_product_header":{"":null,"prototype_headline":{"headline":"KLB-SYSTEM EPOXID EP 202 EL+","h1":true,"subheadline":"Low-emission, electrically conductive, coloured 2-component epoxy resin coating for producing jointless floors&#160;in EX areas and cleanrooms","anchor":"","url":""},"grid_text_slider":false,"grid_text_content":[{"text":"<p class=\"product-short-title\" style=\"text-align: center;\"><strong>Brief description<\/strong><\/p>\n<p>Low-emission, electrically conductive 2-component&#160;epoxy resin self-levelling coating for reducing electrostatic discharging, both personal and&#160;in EX areas. Due to its good cleaning and disinfection properties, it can be used for floors in&#160;biotechnology, pharmaceutical or food industries &#8211; but also for common rooms.<\/p>\n<p>Suitable for floors that must be AgBB-compliant for recreation rooms. Certified according to Eurofins &#8220;Indoor Air Comfort Gold&#8221; as very low-emission.<\/p>\n","width":"4","background_color_text":"bg-white","border_color":"border-gray-light"},{"text":"<p class=\"product-sicing-title\" style=\"text-align: center;\"><strong>Packaging units<\/strong><\/p>\n<ul>\n<li>AK1248-50 &#8211; Bucket combo 12.00 kg<\/li>\n<li>AK1248-30 &#8211; Hobbock combo 30.00 kg<\/li>\n<\/ul>\n<p><\/p>\n<p>Please do not hesitate to contact us directly for enquiries about larger delivery quantities or packaging units.<\/p>\n\n","width":"4","background_color_text":"bg-white","border_color":"border-gray-light"},{"text":"<p class=\"product-attr-title\" style=\"text-align: center;\"><strong>Properties<\/strong><\/p>\n<ul>\n<li>tested, low-emission quality<\/li>\n<li>EMICODE\u00ae EC 1PLUS certified<\/li>\n<li>Total Solid according to GISCODE (Test method &#8220;Deutsche Bauchemie&#8221;)<\/li>\n<li>good processing properties<\/li>\n<li>electrically conductive<\/li>\n<li>even surface<\/li>\n<li>available in light colours<\/li>\n<li>resistant to abrasion and wear<\/li>\n<li>good resistance to water and chemicals<\/li>\n<\/ul>\n","width":"4","background_color_text":"bg-white","border_color":"border-gray-light"}],"background_color":"bg-none","background_color_content":"bg-none"}},"downloads":{"module_download_list":{"inhalt":null,"downloads":[{"download":{"ID":67872,"id":67872,"title":"EP_202_EL_plus_PI_en_2025_10","filename":"EP_202_EL_plus_PI_en_2025_10.pdf","filesize":2113070,"url":"https:\/\/dev.klb-koetztal.de\/app\/uploads\/2025\/10\/EP_202_EL_plus_PI_en_2025_10.pdf","link":"https:\/\/dev.klb-koetztal.de\/en\/?attachment_id=67872","alt":"","author":"7","description":"","caption":"","name":"ep_202_el_plus_pi_en_2025_10-2","status":"inherit","uploaded_to":0,"date":"2025-10-30 10:01:16","modified":"2025-10-30 10:01:16","menu_order":0,"mime_type":"application\/pdf","type":"application","subtype":"pdf","icon":"https:\/\/dev.klb-koetztal.de\/wp\/wp-includes\/images\/media\/document.png"},"filename":"Product Information","protected":false,"doclang":"GB","externalkey":"Produktinformation","docpos":"2"},{"download":{"ID":67875,"id":67875,"title":"EP_202_EL_plus_PI_fr_2025_10","filename":"EP_202_EL_plus_PI_fr_2025_10.pdf","filesize":1960346,"url":"https:\/\/dev.klb-koetztal.de\/app\/uploads\/2025\/10\/EP_202_EL_plus_PI_fr_2025_10.pdf","link":"https:\/\/dev.klb-koetztal.de\/en\/?attachment_id=67875","alt":"","author":"7","description":"","caption":"","name":"ep_202_el_plus_pi_fr_2025_10-2","status":"inherit","uploaded_to":0,"date":"2025-10-30 10:01:18","modified":"2025-10-30 10:01:18","menu_order":0,"mime_type":"application\/pdf","type":"application","subtype":"pdf","icon":"https:\/\/dev.klb-koetztal.de\/wp\/wp-includes\/images\/media\/document.png"},"filename":"Information Produit FR","protected":false,"doclang":"FR","externalkey":"Produktinformation","docpos":"3"},{"download":{"ID":49685,"id":49685,"title":"Leistungserkl\u00e4rung - Statement of performance","filename":"EP202_EL_LE_2017-05.pdf","filesize":202351,"url":"https:\/\/dev.klb-koetztal.de\/app\/uploads\/2022\/03\/EP202_EL_LE_2017-05.pdf","link":"https:\/\/dev.klb-koetztal.de\/en\/?attachment_id=49685","alt":"","author":"7","description":"","caption":"","name":"ep202_el_le_2017-05","status":"inherit","uploaded_to":0,"date":"2022-03-14 10:00:53","modified":"2026-02-25 10:34:30","menu_order":0,"mime_type":"application\/pdf","type":"application","subtype":"pdf","icon":"https:\/\/dev.klb-koetztal.de\/wp\/wp-includes\/images\/media\/document.png"},"filename":"Statement of performance - Leistungserkl\u00e4rung","protected":false,"doclang":"Multi","externalkey":"Leistungserklaerung","docpos":"50"},{"download":{"ID":51962,"id":51962,"title":"EP202_EL_plus_Umwelt-Deklaration_2022-08","filename":"EP202_EL_plus_Umwelt-Deklaration_2022-08.pdf","filesize":2344296,"url":"https:\/\/dev.klb-koetztal.de\/app\/uploads\/2022\/09\/EP202_EL_plus_Umwelt-Deklaration_2022-08.pdf","link":"https:\/\/dev.klb-koetztal.de\/en\/?attachment_id=51962","alt":"","author":"7","description":"","caption":"","name":"ep202_el_plus_umwelt-deklaration_2022-08-2","status":"inherit","uploaded_to":0,"date":"2022-09-01 09:35:54","modified":"2022-09-01 09:35:54","menu_order":0,"mime_type":"application\/pdf","type":"application","subtype":"pdf","icon":"https:\/\/dev.klb-koetztal.de\/wp\/wp-includes\/images\/media\/document.png"},"filename":"EPD - Environmental Product Declaration","protected":false,"doclang":"Multi","externalkey":"Umweltproduktdeklaration","docpos":"50"},{"download":false,"filename":"Safety data sheet","protected":true,"doclang":"GB","externalkey":"Sicherheitsdatenblatt","docpos":"2"},{"download":false,"filename":"Fiche de donn\u00e9es de s\u00e9curit\u00e9 FR","protected":true,"doclang":"FR","externalkey":"Sicherheitsdatenblatt","docpos":"3"}],"einstellungen":null,"background_color":"bg-none","background_color_content":"bg-none"}},"included_in_systems":{"module_included_in_systems":{"":null,"background_color":"bg-gray-medium","background_color_content":"bg-none"}},"contact":{"module_contact":{"":null,"background_color":"bg-none","background_color_content":"bg-none"}},"ausschreibende":{"module_ausschreibende":{"andern_sie_den_inhalt_unter_universelle_elemente":null,"background_color":"bg-none","background_color_content":"bg-none"}}},"yoast_head":"<!-- This site is optimized with the Yoast SEO plugin v27.0 - https:\/\/yoast.com\/product\/yoast-seo-wordpress\/ -->\n<title>Antistatic, low-VOC coating EP 202 EL+ | KLB K\u00f6tztal<\/title>\n<meta name=\"description\" content=\"Electrically conductive, environmentally friendly floor coating EP 202 EL+ for personal and explosion protection | KLB epoxy resin coatings \u2714\ufe0f Eurofins\" \/>\n<meta name=\"robots\" content=\"noindex, follow, max-snippet:-1, max-image-preview:large, max-video-preview:-1\" \/>\n<meta property=\"og:locale\" content=\"en_GB\" \/>\n<meta property=\"og:type\" content=\"article\" \/>\n<meta property=\"og:title\" content=\"Antistatic, low-VOC coating EP 202 EL+ | KLB K\u00f6tztal\" \/>\n<meta property=\"og:description\" content=\"Electrically conductive, environmentally friendly floor coating EP 202 EL+ for personal and explosion protection | KLB epoxy resin coatings \u2714\ufe0f Eurofins\" \/>\n<meta property=\"og:url\" content=\"https:\/\/dev.klb-koetztal.de\/en\/produkt\/klb-system-epoxid-ep-202-el\/\" \/>\n<meta property=\"og:site_name\" content=\"KLB K\u00f6tztal\" \/>\n<meta property=\"article:publisher\" content=\"https:\/\/www.facebook.com\/klbkoetztal\" \/>\n<meta property=\"article:modified_time\" content=\"2026-02-25T10:34:20+00:00\" \/>\n<meta property=\"og:image\" content=\"https:\/\/dev.klb-koetztal.de\/app\/uploads\/2022\/03\/EP202_EL.jpg\" \/>\n\t<meta property=\"og:image:width\" content=\"500\" \/>\n\t<meta property=\"og:image:height\" content=\"500\" \/>\n\t<meta property=\"og:image:type\" content=\"image\/jpeg\" \/>\n<meta name=\"twitter:card\" content=\"summary_large_image\" \/>\n<script type=\"application\/ld+json\" class=\"yoast-schema-graph\">{\"@context\":\"https:\/\/schema.org\",\"@graph\":[{\"@type\":\"WebPage\",\"@id\":\"https:\/\/dev.klb-koetztal.de\/en\/produkt\/klb-system-epoxid-ep-202-el\/\",\"url\":\"https:\/\/dev.klb-koetztal.de\/en\/produkt\/klb-system-epoxid-ep-202-el\/\",\"name\":\"Antistatic, low-VOC coating EP 202 EL+ | KLB K\u00f6tztal\",\"isPartOf\":{\"@id\":\"https:\/\/dev.klb-koetztal.de\/en\/#website\"},\"primaryImageOfPage\":{\"@id\":\"https:\/\/dev.klb-koetztal.de\/en\/produkt\/klb-system-epoxid-ep-202-el\/#primaryimage\"},\"image\":{\"@id\":\"https:\/\/dev.klb-koetztal.de\/en\/produkt\/klb-system-epoxid-ep-202-el\/#primaryimage\"},\"thumbnailUrl\":\"https:\/\/dev.klb-koetztal.de\/app\/uploads\/2022\/03\/EP202_EL.jpg\",\"datePublished\":\"2021-08-19T08:04:21+00:00\",\"dateModified\":\"2026-02-25T10:34:20+00:00\",\"description\":\"Electrically conductive, environmentally friendly floor coating EP 202 EL+ for personal and explosion protection | KLB epoxy resin coatings \u2714\ufe0f Eurofins\",\"breadcrumb\":{\"@id\":\"https:\/\/dev.klb-koetztal.de\/en\/produkt\/klb-system-epoxid-ep-202-el\/#breadcrumb\"},\"inLanguage\":\"en-GB\",\"potentialAction\":[{\"@type\":\"ReadAction\",\"target\":[\"https:\/\/dev.klb-koetztal.de\/en\/produkt\/klb-system-epoxid-ep-202-el\/\"]}]},{\"@type\":\"ImageObject\",\"inLanguage\":\"en-GB\",\"@id\":\"https:\/\/dev.klb-koetztal.de\/en\/produkt\/klb-system-epoxid-ep-202-el\/#primaryimage\",\"url\":\"https:\/\/dev.klb-koetztal.de\/app\/uploads\/2022\/03\/EP202_EL.jpg\",\"contentUrl\":\"https:\/\/dev.klb-koetztal.de\/app\/uploads\/2022\/03\/EP202_EL.jpg\",\"width\":500,\"height\":500},{\"@type\":\"BreadcrumbList\",\"@id\":\"https:\/\/dev.klb-koetztal.de\/en\/produkt\/klb-system-epoxid-ep-202-el\/#breadcrumb\",\"itemListElement\":[{\"@type\":\"ListItem\",\"position\":1,\"name\":\"Startseite\",\"item\":\"https:\/\/dev.klb-koetztal.de\/en\/\"},{\"@type\":\"ListItem\",\"position\":2,\"name\":\"KLB-SYSTEM EPOXID EP 202 EL+\"}]},{\"@type\":\"WebSite\",\"@id\":\"https:\/\/dev.klb-koetztal.de\/en\/#website\",\"url\":\"https:\/\/dev.klb-koetztal.de\/en\/\",\"name\":\"KLB K\u00f6tztal\",\"description\":\"Gute B\u00f6den haben ein System.\",\"potentialAction\":[{\"@type\":\"SearchAction\",\"target\":{\"@type\":\"EntryPoint\",\"urlTemplate\":\"https:\/\/dev.klb-koetztal.de\/en\/?s={search_term_string}\"},\"query-input\":{\"@type\":\"PropertyValueSpecification\",\"valueRequired\":true,\"valueName\":\"search_term_string\"}}],\"inLanguage\":\"en-GB\"}]}<\/script>\n<!-- \/ Yoast SEO plugin. -->","yoast_head_json":{"title":"Antistatic, low-VOC coating EP 202 EL+ | KLB K\u00f6tztal","description":"Electrically conductive, environmentally friendly floor coating EP 202 EL+ for personal and explosion protection | KLB epoxy resin coatings \u2714\ufe0f Eurofins","robots":{"index":"noindex","follow":"follow","max-snippet":"max-snippet:-1","max-image-preview":"max-image-preview:large","max-video-preview":"max-video-preview:-1"},"og_locale":"en_GB","og_type":"article","og_title":"Antistatic, low-VOC coating EP 202 EL+ | KLB K\u00f6tztal","og_description":"Electrically conductive, environmentally friendly floor coating EP 202 EL+ for personal and explosion protection | KLB epoxy resin coatings \u2714\ufe0f Eurofins","og_url":"https:\/\/dev.klb-koetztal.de\/en\/produkt\/klb-system-epoxid-ep-202-el\/","og_site_name":"KLB K\u00f6tztal","article_publisher":"https:\/\/www.facebook.com\/klbkoetztal","article_modified_time":"2026-02-25T10:34:20+00:00","og_image":[{"width":500,"height":500,"url":"https:\/\/dev.klb-koetztal.de\/app\/uploads\/2022\/03\/EP202_EL.jpg","type":"image\/jpeg"}],"twitter_card":"summary_large_image","schema":{"@context":"https:\/\/schema.org","@graph":[{"@type":"WebPage","@id":"https:\/\/dev.klb-koetztal.de\/en\/produkt\/klb-system-epoxid-ep-202-el\/","url":"https:\/\/dev.klb-koetztal.de\/en\/produkt\/klb-system-epoxid-ep-202-el\/","name":"Antistatic, low-VOC coating EP 202 EL+ | KLB K\u00f6tztal","isPartOf":{"@id":"https:\/\/dev.klb-koetztal.de\/en\/#website"},"primaryImageOfPage":{"@id":"https:\/\/dev.klb-koetztal.de\/en\/produkt\/klb-system-epoxid-ep-202-el\/#primaryimage"},"image":{"@id":"https:\/\/dev.klb-koetztal.de\/en\/produkt\/klb-system-epoxid-ep-202-el\/#primaryimage"},"thumbnailUrl":"https:\/\/dev.klb-koetztal.de\/app\/uploads\/2022\/03\/EP202_EL.jpg","datePublished":"2021-08-19T08:04:21+00:00","dateModified":"2026-02-25T10:34:20+00:00","description":"Electrically conductive, environmentally friendly floor coating EP 202 EL+ for personal and explosion protection | KLB epoxy resin coatings \u2714\ufe0f Eurofins","breadcrumb":{"@id":"https:\/\/dev.klb-koetztal.de\/en\/produkt\/klb-system-epoxid-ep-202-el\/#breadcrumb"},"inLanguage":"en-GB","potentialAction":[{"@type":"ReadAction","target":["https:\/\/dev.klb-koetztal.de\/en\/produkt\/klb-system-epoxid-ep-202-el\/"]}]},{"@type":"ImageObject","inLanguage":"en-GB","@id":"https:\/\/dev.klb-koetztal.de\/en\/produkt\/klb-system-epoxid-ep-202-el\/#primaryimage","url":"https:\/\/dev.klb-koetztal.de\/app\/uploads\/2022\/03\/EP202_EL.jpg","contentUrl":"https:\/\/dev.klb-koetztal.de\/app\/uploads\/2022\/03\/EP202_EL.jpg","width":500,"height":500},{"@type":"BreadcrumbList","@id":"https:\/\/dev.klb-koetztal.de\/en\/produkt\/klb-system-epoxid-ep-202-el\/#breadcrumb","itemListElement":[{"@type":"ListItem","position":1,"name":"Startseite","item":"https:\/\/dev.klb-koetztal.de\/en\/"},{"@type":"ListItem","position":2,"name":"KLB-SYSTEM EPOXID EP 202 EL+"}]},{"@type":"WebSite","@id":"https:\/\/dev.klb-koetztal.de\/en\/#website","url":"https:\/\/dev.klb-koetztal.de\/en\/","name":"KLB K\u00f6tztal","description":"Gute B\u00f6den haben ein System.","potentialAction":[{"@type":"SearchAction","target":{"@type":"EntryPoint","urlTemplate":"https:\/\/dev.klb-koetztal.de\/en\/?s={search_term_string}"},"query-input":{"@type":"PropertyValueSpecification","valueRequired":true,"valueName":"search_term_string"}}],"inLanguage":"en-GB"}]}},"_links":{"self":[{"href":"https:\/\/dev.klb-koetztal.de\/en\/wp-json\/wp\/v2\/product\/46785","targetHints":{"allow":["GET"]}}],"collection":[{"href":"https:\/\/dev.klb-koetztal.de\/en\/wp-json\/wp\/v2\/product"}],"about":[{"href":"https:\/\/dev.klb-koetztal.de\/en\/wp-json\/wp\/v2\/types\/product"}],"wp:featuredmedia":[{"embeddable":true,"href":"https:\/\/dev.klb-koetztal.de\/en\/wp-json\/wp\/v2\/media\/49682"}],"wp:attachment":[{"href":"https:\/\/dev.klb-koetztal.de\/en\/wp-json\/wp\/v2\/media?parent=46785"}],"wp:term":[{"taxonomy":"product_brand","embeddable":true,"href":"https:\/\/dev.klb-koetztal.de\/en\/wp-json\/wp\/v2\/product_brand?post=46785"},{"taxonomy":"product_cat","embeddable":true,"href":"https:\/\/dev.klb-koetztal.de\/en\/wp-json\/wp\/v2\/product_cat?post=46785"},{"taxonomy":"product_tag","embeddable":true,"href":"https:\/\/dev.klb-koetztal.de\/en\/wp-json\/wp\/v2\/product_tag?post=46785"}],"curies":[{"name":"wp","href":"https:\/\/api.w.org\/{rel}","templated":true}]}}