{"id":46782,"date":"2021-08-19T10:03:37","date_gmt":"2021-08-19T08:03:37","guid":{"rendered":"https:\/\/dev.klb-koetztal.de\/produkt\/klb-system-epoxid-ep-212-esd\/"},"modified":"2026-03-16T14:07:51","modified_gmt":"2026-03-16T13:07:51","slug":"klb-system-epoxid-ep-212-esd","status":"publish","type":"product","link":"https:\/\/dev.klb-koetztal.de\/en\/produkt\/klb-system-epoxid-ep-212-esd\/","title":{"rendered":"KLB-SYSTEM EPOXID EP 212 ESD"},"content":{"rendered":"","protected":false},"excerpt":{"rendered":"<p>High-quality, low-emission and conductive 2-component epoxy resin floor coating for increased demands in ESD areas. Suitable for ESD requirements according to DIN EN 61340-5-1\/2, DIN EN 61340-4-5, DIN EN 61 340-4-1 as well as for the site transition resistance according to&#160;VDE 0100 &#8211; 600.<br \/>\nKLB-SYSTEM EPOXID EP 212 NEU is particularly advantageous in low humidity conditions.<\/p>\n","protected":false},"featured_media":49659,"template":"","meta":{"_acf_changed":false},"product_brand":[],"product_cat":[9609,9641],"product_tag":[],"class_list":{"0":"post-46782","1":"product","2":"type-product","3":"status-publish","4":"has-post-thumbnail","6":"product_cat-coatings","7":"product_cat-conductive-coatings-for-esd-protection","9":"first","10":"instock","11":"shipping-taxable","12":"product-type-simple"},"acf":{"product_header":{"module_product_header":{"":null,"prototype_headline":{"headline":"KLB-SYSTEM EPOXID EP 212 ESD","h1":true,"subheadline":"Low-emission, light-coloured, homogeneously conductive 2-component epoxy resin floor coating&#160;for demands in ESD areas.","anchor":"","url":""},"grid_text_slider":false,"grid_text_content":[{"text":"<p class=\"product-short-title\" style=\"text-align: center;\"><strong>Brief description<\/strong><\/p>\n<p>High-quality, low-emission and conductive 2-component epoxy resin floor coating for increased demands in ESD areas. Suitable for ESD requirements according to DIN EN 61340-5-1\/2, DIN EN 61340-4-5, DIN EN 61 340-4-1 as well as for the site transition resistance according to&#160;VDE 0100 &#8211; 600.<\/p>\n<p>KLB-SYSTEM EPOXID EP 212 NEU is particularly advantageous in low humidity conditions.<\/p>\n","width":"4","background_color_text":"bg-white","border_color":"border-gray-light"},{"text":"<p class=\"product-sicing-title\" style=\"text-align: center;\"><strong>Packaging units<\/strong><\/p>\n<ul>\n<li>AK1285-50 &#8211; Bucket combo 12.00 kg<\/li>\n<li>AK1285-30 &#8211; Hobbock combo 30.00 kg<\/li>\n<\/ul>\n<p><\/p>\n<p>Please do not hesitate to contact us directly for enquiries about larger delivery quantities or packaging units.<\/p>\n\n","width":"4","background_color_text":"bg-white","border_color":"border-gray-light"},{"text":"<p class=\"product-attr-title\" style=\"text-align: center;\"><strong>Properties<\/strong><\/p>\n<ul>\n<li>tested, low-emission quality<\/li>\n<li>Total Solid according to GISCODE (Test method &#8220;Deutsche Bauchemie&#8221;)<\/li>\n<li>electrically conductive<\/li>\n<li>for increased demands on ESD protection<\/li>\n<li>light, coloured surfaces<\/li>\n<li>good resistance range<\/li>\n<li>consistent to hydrolysis and saponification<\/li>\n<li>complies with the site transfer resistance as indicated<\/li>\n<li>resistant to abrasion and wear<\/li>\n<\/ul>\n","width":"4","background_color_text":"bg-white","border_color":"border-gray-light"}],"background_color":"bg-none","background_color_content":"bg-none"}},"downloads":{"module_download_list":{"inhalt":null,"downloads":[{"download":{"ID":68536,"id":68536,"title":"EP_212_ESD_PI_en_2026_01-1","filename":"EP_212_ESD_PI_en_2026_01-1.pdf","filesize":939687,"url":"https:\/\/dev.klb-koetztal.de\/app\/uploads\/2026\/01\/EP_212_ESD_PI_en_2026_01-1.pdf","link":"https:\/\/dev.klb-koetztal.de\/en\/?attachment_id=68536","alt":"","author":"7","description":"","caption":"","name":"ep_212_esd_pi_en_2026_01-1-2","status":"inherit","uploaded_to":0,"date":"2026-01-12 10:20:52","modified":"2026-01-12 10:20:52","menu_order":0,"mime_type":"application\/pdf","type":"application","subtype":"pdf","icon":"https:\/\/dev.klb-koetztal.de\/wp\/wp-includes\/images\/media\/document.png"},"filename":"Product Information","protected":false,"doclang":"GB","externalkey":"Produktinformation","docpos":"2"},{"download":{"ID":68539,"id":68539,"title":"EP_212_ESD_PI_fr_2026_01-1","filename":"EP_212_ESD_PI_fr_2026_01-1.pdf","filesize":946171,"url":"https:\/\/dev.klb-koetztal.de\/app\/uploads\/2026\/01\/EP_212_ESD_PI_fr_2026_01-1.pdf","link":"https:\/\/dev.klb-koetztal.de\/en\/?attachment_id=68539","alt":"","author":"7","description":"","caption":"","name":"ep_212_esd_pi_fr_2026_01-1-2","status":"inherit","uploaded_to":0,"date":"2026-01-12 10:20:57","modified":"2026-01-12 10:20:57","menu_order":0,"mime_type":"application\/pdf","type":"application","subtype":"pdf","icon":"https:\/\/dev.klb-koetztal.de\/wp\/wp-includes\/images\/media\/document.png"},"filename":"Information Produit FR","protected":false,"doclang":"FR","externalkey":"Produktinformation","docpos":"3"},{"download":{"ID":68155,"id":68155,"title":"EP_212_ESD_LE_en_2025_11-1","filename":"EP_212_ESD_LE_en_2025_11-1.pdf","filesize":548329,"url":"https:\/\/dev.klb-koetztal.de\/app\/uploads\/2025\/11\/EP_212_ESD_LE_en_2025_11-1.pdf","link":"https:\/\/dev.klb-koetztal.de\/en\/?attachment_id=68155","alt":"","author":"7","description":"","caption":"","name":"ep_212_esd_le_en_2025_11-1-2","status":"inherit","uploaded_to":0,"date":"2025-11-26 07:30:42","modified":"2025-11-26 07:30:42","menu_order":0,"mime_type":"application\/pdf","type":"application","subtype":"pdf","icon":"https:\/\/dev.klb-koetztal.de\/wp\/wp-includes\/images\/media\/document.png"},"filename":"Statement of performance","protected":false,"doclang":"GB","externalkey":"Leistungserklaerung","docpos":"2"},{"download":{"ID":68158,"id":68158,"title":"EP_212_ESD_LE_fr_2025_11-1","filename":"EP_212_ESD_LE_fr_2025_11-1.pdf","filesize":547718,"url":"https:\/\/dev.klb-koetztal.de\/app\/uploads\/2025\/11\/EP_212_ESD_LE_fr_2025_11-1.pdf","link":"https:\/\/dev.klb-koetztal.de\/en\/?attachment_id=68158","alt":"","author":"7","description":"","caption":"","name":"ep_212_esd_le_fr_2025_11-1-2","status":"inherit","uploaded_to":0,"date":"2025-11-26 07:30:44","modified":"2025-11-26 07:30:44","menu_order":0,"mime_type":"application\/pdf","type":"application","subtype":"pdf","icon":"https:\/\/dev.klb-koetztal.de\/wp\/wp-includes\/images\/media\/document.png"},"filename":"Declaration of performance","protected":false,"doclang":"FR","externalkey":"Leistungserklaerung","docpos":"3"},{"download":{"ID":60800,"id":60800,"title":"EP212_NEU_Umwelt-Deklaration_2023-11","filename":"EP212_NEU_Umwelt-Deklaration_2023-11.pdf","filesize":2460493,"url":"https:\/\/dev.klb-koetztal.de\/app\/uploads\/2024\/03\/EP212_NEU_Umwelt-Deklaration_2023-11.pdf","link":"https:\/\/dev.klb-koetztal.de\/en\/?attachment_id=60800","alt":"","author":"7","description":"","caption":"","name":"ep212_neu_umwelt-deklaration_2023-11-2","status":"inherit","uploaded_to":0,"date":"2024-03-25 07:30:20","modified":"2024-03-25 07:30:20","menu_order":0,"mime_type":"application\/pdf","type":"application","subtype":"pdf","icon":"https:\/\/dev.klb-koetztal.de\/wp\/wp-includes\/images\/media\/document.png"},"filename":"EPD - Environmental Product Declaration","protected":false,"doclang":"Multi","externalkey":"Umweltproduktdeklaration","docpos":"50"},{"download":false,"filename":"Safety data sheet","protected":true,"doclang":"GB","externalkey":"Sicherheitsdatenblatt","docpos":"2"},{"download":false,"filename":"Fiche de donn\u00e9es de s\u00e9curit\u00e9 FR","protected":true,"doclang":"FR","externalkey":"Sicherheitsdatenblatt","docpos":"3"}],"einstellungen":null,"background_color":"bg-none","background_color_content":"bg-none"}},"included_in_systems":{"module_included_in_systems":{"":null,"background_color":"bg-gray-medium","background_color_content":"bg-none"}},"contact":{"module_contact":{"":null,"background_color":"bg-none","background_color_content":"bg-none"}},"ausschreibende":{"module_ausschreibende":{"andern_sie_den_inhalt_unter_universelle_elemente":null,"background_color":"bg-none","background_color_content":"bg-none"}}},"yoast_head":"<!-- This site is optimized with the Yoast SEO plugin v27.0 - https:\/\/yoast.com\/product\/yoast-seo-wordpress\/ -->\n<title>ESD-conductive, solvent-free coating EP 212 ESD | KLB<\/title>\n<meta name=\"description\" content=\"High-quality, solvent-free, chemically-resistant coating EP 212 ESD | KLB industrial floors \u2714\ufe0f particularly advantageous with low air humidity\" \/>\n<meta name=\"robots\" content=\"noindex, follow, max-snippet:-1, max-image-preview:large, max-video-preview:-1\" \/>\n<meta property=\"og:locale\" content=\"en_GB\" \/>\n<meta property=\"og:type\" content=\"article\" \/>\n<meta property=\"og:title\" content=\"ESD-conductive, solvent-free coating EP 212 ESD | KLB\" \/>\n<meta property=\"og:description\" content=\"High-quality, solvent-free, chemically-resistant coating EP 212 ESD | KLB industrial floors \u2714\ufe0f particularly advantageous with low air humidity\" \/>\n<meta property=\"og:url\" content=\"https:\/\/dev.klb-koetztal.de\/en\/produkt\/klb-system-epoxid-ep-212-esd\/\" \/>\n<meta property=\"og:site_name\" content=\"KLB K\u00f6tztal\" \/>\n<meta property=\"article:publisher\" content=\"https:\/\/www.facebook.com\/klbkoetztal\" \/>\n<meta property=\"article:modified_time\" content=\"2026-03-16T13:07:51+00:00\" \/>\n<meta property=\"og:image\" content=\"https:\/\/dev.klb-koetztal.de\/app\/uploads\/2022\/03\/EP212_ESD.jpg\" \/>\n\t<meta property=\"og:image:width\" content=\"500\" \/>\n\t<meta property=\"og:image:height\" content=\"500\" \/>\n\t<meta property=\"og:image:type\" content=\"image\/jpeg\" \/>\n<meta name=\"twitter:card\" content=\"summary_large_image\" \/>\n<script type=\"application\/ld+json\" class=\"yoast-schema-graph\">{\"@context\":\"https:\/\/schema.org\",\"@graph\":[{\"@type\":\"WebPage\",\"@id\":\"https:\/\/dev.klb-koetztal.de\/en\/produkt\/klb-system-epoxid-ep-212-esd\/\",\"url\":\"https:\/\/dev.klb-koetztal.de\/en\/produkt\/klb-system-epoxid-ep-212-esd\/\",\"name\":\"ESD-conductive, solvent-free coating EP 212 ESD | KLB\",\"isPartOf\":{\"@id\":\"https:\/\/dev.klb-koetztal.de\/en\/#website\"},\"primaryImageOfPage\":{\"@id\":\"https:\/\/dev.klb-koetztal.de\/en\/produkt\/klb-system-epoxid-ep-212-esd\/#primaryimage\"},\"image\":{\"@id\":\"https:\/\/dev.klb-koetztal.de\/en\/produkt\/klb-system-epoxid-ep-212-esd\/#primaryimage\"},\"thumbnailUrl\":\"https:\/\/dev.klb-koetztal.de\/app\/uploads\/2022\/03\/EP212_ESD.jpg\",\"datePublished\":\"2021-08-19T08:03:37+00:00\",\"dateModified\":\"2026-03-16T13:07:51+00:00\",\"description\":\"High-quality, solvent-free, chemically-resistant coating EP 212 ESD | KLB industrial floors \u2714\ufe0f particularly advantageous with low air humidity\",\"breadcrumb\":{\"@id\":\"https:\/\/dev.klb-koetztal.de\/en\/produkt\/klb-system-epoxid-ep-212-esd\/#breadcrumb\"},\"inLanguage\":\"en-GB\",\"potentialAction\":[{\"@type\":\"ReadAction\",\"target\":[\"https:\/\/dev.klb-koetztal.de\/en\/produkt\/klb-system-epoxid-ep-212-esd\/\"]}]},{\"@type\":\"ImageObject\",\"inLanguage\":\"en-GB\",\"@id\":\"https:\/\/dev.klb-koetztal.de\/en\/produkt\/klb-system-epoxid-ep-212-esd\/#primaryimage\",\"url\":\"https:\/\/dev.klb-koetztal.de\/app\/uploads\/2022\/03\/EP212_ESD.jpg\",\"contentUrl\":\"https:\/\/dev.klb-koetztal.de\/app\/uploads\/2022\/03\/EP212_ESD.jpg\",\"width\":500,\"height\":500},{\"@type\":\"BreadcrumbList\",\"@id\":\"https:\/\/dev.klb-koetztal.de\/en\/produkt\/klb-system-epoxid-ep-212-esd\/#breadcrumb\",\"itemListElement\":[{\"@type\":\"ListItem\",\"position\":1,\"name\":\"Startseite\",\"item\":\"https:\/\/dev.klb-koetztal.de\/en\/\"},{\"@type\":\"ListItem\",\"position\":2,\"name\":\"KLB-SYSTEM EPOXID EP 212 ESD\"}]},{\"@type\":\"WebSite\",\"@id\":\"https:\/\/dev.klb-koetztal.de\/en\/#website\",\"url\":\"https:\/\/dev.klb-koetztal.de\/en\/\",\"name\":\"KLB K\u00f6tztal\",\"description\":\"Gute B\u00f6den haben ein System.\",\"potentialAction\":[{\"@type\":\"SearchAction\",\"target\":{\"@type\":\"EntryPoint\",\"urlTemplate\":\"https:\/\/dev.klb-koetztal.de\/en\/?s={search_term_string}\"},\"query-input\":{\"@type\":\"PropertyValueSpecification\",\"valueRequired\":true,\"valueName\":\"search_term_string\"}}],\"inLanguage\":\"en-GB\"}]}<\/script>\n<!-- \/ Yoast SEO plugin. -->","yoast_head_json":{"title":"ESD-conductive, solvent-free coating EP 212 ESD | KLB","description":"High-quality, solvent-free, chemically-resistant coating EP 212 ESD | KLB industrial floors \u2714\ufe0f particularly advantageous with low air humidity","robots":{"index":"noindex","follow":"follow","max-snippet":"max-snippet:-1","max-image-preview":"max-image-preview:large","max-video-preview":"max-video-preview:-1"},"og_locale":"en_GB","og_type":"article","og_title":"ESD-conductive, solvent-free coating EP 212 ESD | KLB","og_description":"High-quality, solvent-free, chemically-resistant coating EP 212 ESD | KLB industrial floors \u2714\ufe0f particularly advantageous with low air humidity","og_url":"https:\/\/dev.klb-koetztal.de\/en\/produkt\/klb-system-epoxid-ep-212-esd\/","og_site_name":"KLB K\u00f6tztal","article_publisher":"https:\/\/www.facebook.com\/klbkoetztal","article_modified_time":"2026-03-16T13:07:51+00:00","og_image":[{"width":500,"height":500,"url":"https:\/\/dev.klb-koetztal.de\/app\/uploads\/2022\/03\/EP212_ESD.jpg","type":"image\/jpeg"}],"twitter_card":"summary_large_image","schema":{"@context":"https:\/\/schema.org","@graph":[{"@type":"WebPage","@id":"https:\/\/dev.klb-koetztal.de\/en\/produkt\/klb-system-epoxid-ep-212-esd\/","url":"https:\/\/dev.klb-koetztal.de\/en\/produkt\/klb-system-epoxid-ep-212-esd\/","name":"ESD-conductive, solvent-free coating EP 212 ESD | KLB","isPartOf":{"@id":"https:\/\/dev.klb-koetztal.de\/en\/#website"},"primaryImageOfPage":{"@id":"https:\/\/dev.klb-koetztal.de\/en\/produkt\/klb-system-epoxid-ep-212-esd\/#primaryimage"},"image":{"@id":"https:\/\/dev.klb-koetztal.de\/en\/produkt\/klb-system-epoxid-ep-212-esd\/#primaryimage"},"thumbnailUrl":"https:\/\/dev.klb-koetztal.de\/app\/uploads\/2022\/03\/EP212_ESD.jpg","datePublished":"2021-08-19T08:03:37+00:00","dateModified":"2026-03-16T13:07:51+00:00","description":"High-quality, solvent-free, chemically-resistant coating EP 212 ESD | KLB industrial floors \u2714\ufe0f particularly advantageous with low air humidity","breadcrumb":{"@id":"https:\/\/dev.klb-koetztal.de\/en\/produkt\/klb-system-epoxid-ep-212-esd\/#breadcrumb"},"inLanguage":"en-GB","potentialAction":[{"@type":"ReadAction","target":["https:\/\/dev.klb-koetztal.de\/en\/produkt\/klb-system-epoxid-ep-212-esd\/"]}]},{"@type":"ImageObject","inLanguage":"en-GB","@id":"https:\/\/dev.klb-koetztal.de\/en\/produkt\/klb-system-epoxid-ep-212-esd\/#primaryimage","url":"https:\/\/dev.klb-koetztal.de\/app\/uploads\/2022\/03\/EP212_ESD.jpg","contentUrl":"https:\/\/dev.klb-koetztal.de\/app\/uploads\/2022\/03\/EP212_ESD.jpg","width":500,"height":500},{"@type":"BreadcrumbList","@id":"https:\/\/dev.klb-koetztal.de\/en\/produkt\/klb-system-epoxid-ep-212-esd\/#breadcrumb","itemListElement":[{"@type":"ListItem","position":1,"name":"Startseite","item":"https:\/\/dev.klb-koetztal.de\/en\/"},{"@type":"ListItem","position":2,"name":"KLB-SYSTEM EPOXID EP 212 ESD"}]},{"@type":"WebSite","@id":"https:\/\/dev.klb-koetztal.de\/en\/#website","url":"https:\/\/dev.klb-koetztal.de\/en\/","name":"KLB K\u00f6tztal","description":"Gute B\u00f6den haben ein System.","potentialAction":[{"@type":"SearchAction","target":{"@type":"EntryPoint","urlTemplate":"https:\/\/dev.klb-koetztal.de\/en\/?s={search_term_string}"},"query-input":{"@type":"PropertyValueSpecification","valueRequired":true,"valueName":"search_term_string"}}],"inLanguage":"en-GB"}]}},"_links":{"self":[{"href":"https:\/\/dev.klb-koetztal.de\/en\/wp-json\/wp\/v2\/product\/46782","targetHints":{"allow":["GET"]}}],"collection":[{"href":"https:\/\/dev.klb-koetztal.de\/en\/wp-json\/wp\/v2\/product"}],"about":[{"href":"https:\/\/dev.klb-koetztal.de\/en\/wp-json\/wp\/v2\/types\/product"}],"wp:featuredmedia":[{"embeddable":true,"href":"https:\/\/dev.klb-koetztal.de\/en\/wp-json\/wp\/v2\/media\/49659"}],"wp:attachment":[{"href":"https:\/\/dev.klb-koetztal.de\/en\/wp-json\/wp\/v2\/media?parent=46782"}],"wp:term":[{"taxonomy":"product_brand","embeddable":true,"href":"https:\/\/dev.klb-koetztal.de\/en\/wp-json\/wp\/v2\/product_brand?post=46782"},{"taxonomy":"product_cat","embeddable":true,"href":"https:\/\/dev.klb-koetztal.de\/en\/wp-json\/wp\/v2\/product_cat?post=46782"},{"taxonomy":"product_tag","embeddable":true,"href":"https:\/\/dev.klb-koetztal.de\/en\/wp-json\/wp\/v2\/product_tag?post=46782"}],"curies":[{"name":"wp","href":"https:\/\/api.w.org\/{rel}","templated":true}]}}