{"id":46778,"date":"2021-08-19T10:02:26","date_gmt":"2021-08-19T08:02:26","guid":{"rendered":"https:\/\/dev.klb-koetztal.de\/produkt\/klb-system-epoxid-ep-53-spezialgrund-agbb\/"},"modified":"2026-03-16T14:24:19","modified_gmt":"2026-03-16T13:24:19","slug":"klb-system-epoxid-ep-53-spezialgrund-agbb","status":"publish","type":"product","link":"https:\/\/dev.klb-koetztal.de\/en\/produkt\/klb-system-epoxid-ep-53-spezialgrund-agbb\/","title":{"rendered":"KLB-SYSTEM EPOXID EP 53 Spezialgrund-AgBB"},"content":{"rendered":"","protected":false},"excerpt":{"rendered":"<p>Low-emission, AgBB-tested 2-component epoxy resin with high&#160;moisture tolerance and particularly good wettability properties. Suitable for damp and problem substrates,&#160;after de-oiling&#160;concrete and as adhesion primer on metal, similar to EP 52 Spezialgrund.&#160;Tested against rear-side moisture ingress &#8211; 365 days.<br \/>\nSuitable for coatings that comply with Eurofins &#8220;Indoor Air Comfort&#8221; and the Gold certification. Compliant with AgBB for recreation rooms.<\/p>\n","protected":false},"featured_media":49618,"template":"","meta":{"_acf_changed":false},"product_brand":[],"product_cat":[9607,9619],"product_tag":[],"class_list":{"0":"post-46778","1":"product","2":"type-product","3":"status-publish","4":"has-post-thumbnail","6":"product_cat-primers","7":"product_cat-2-component-epoxy-resin-primers-low-emission","9":"first","10":"instock","11":"shipping-taxable","12":"product-type-simple"},"acf":{"product_header":{"module_product_header":{"":null,"prototype_headline":{"headline":"KLB-SYSTEM EPOXID EP 53 Spezialgrund-AgBB","h1":true,"subheadline":"Low-emission, AgBB-tested 2-component epoxy resin special primer with high&#160;moisture tolerance for fresh, increasingly damp and weak substrates for new buildings or renovations","anchor":"","url":""},"grid_text_slider":false,"grid_text_content":[{"text":"<p class=\"product-short-title\" style=\"text-align: center;\"><strong>Brief description<\/strong><\/p>\n<p>Low-emission, AgBB-tested 2-component epoxy resin with high&#160;moisture tolerance and particularly good wettability properties. Suitable for damp and problem substrates,&#160;after de-oiling&#160;concrete and as adhesion primer on metal, similar to EP 52 Spezialgrund.&#160;Tested against rear-side moisture ingress &#8211; 365 days.<\/p>\n<p>Suitable for coatings that comply with Eurofins &#8220;Indoor Air Comfort&#8221; and the Gold certification. Compliant with AgBB for recreation rooms.<\/p>\n","width":"4","background_color_text":"bg-white","border_color":"border-gray-light"},{"text":"<p class=\"product-sicing-title\" style=\"text-align: center;\"><strong>Packaging units<\/strong><\/p>\n<ul>\n<li>AK2120-91 &#8211; Combo can 1.00 kg<\/li>\n<li>AK2120-50 &#8211; Bucket combo 10.00 kg<\/li>\n<li>AK2120-30 &#8211; Hobbock combo 30.00 kg<\/li>\n<li>AK2120-01 &#8211; Drum combo 600.00 kg<\/li>\n<\/ul>\n<p><\/p>\n<p>Please do not hesitate to contact us directly for enquiries about larger delivery quantities or packaging units.<\/p>\n\n","width":"4","background_color_text":"bg-white","border_color":"border-gray-light"},{"text":"<p class=\"product-attr-title\" style=\"text-align: center;\"><strong>Properties<\/strong><\/p>\n<ul>\n<li>tested, low-emission quality<\/li>\n<li>Total Solid according to GISCODE (Test method &#8220;Deutsche Bauchemie&#8221;)<\/li>\n<li>free of alkylphenols and benzyl alcohol<\/li>\n<li>proven quality<\/li>\n<li>increased durability to osmosis<\/li>\n<li>high penetration<\/li>\n<li>good wetting properties<\/li>\n<li>all-purpose use<\/li>\n<li>consistent to hydrolysis and saponification<\/li>\n<li>moisture-blocking<\/li>\n<li>hardening on pale-damp surfaces<\/li>\n<\/ul>\n","width":"4","background_color_text":"bg-white","border_color":"border-gray-light"}],"background_color":"bg-none","background_color_content":"bg-none"}},"downloads":{"module_download_list":{"inhalt":null,"downloads":[{"download":{"ID":64876,"id":64876,"title":"EP_53_Spezialgrund-AgBB_PI_en_2025_04","filename":"EP_53_Spezialgrund-AgBB_PI_en_2025_04.pdf","filesize":610009,"url":"https:\/\/dev.klb-koetztal.de\/app\/uploads\/2025\/04\/EP_53_Spezialgrund-AgBB_PI_en_2025_04.pdf","link":"https:\/\/dev.klb-koetztal.de\/en\/?attachment_id=64876","alt":"","author":"7","description":"","caption":"","name":"ep_53_spezialgrund-agbb_pi_en_2025_04-2","status":"inherit","uploaded_to":0,"date":"2025-04-07 06:20:24","modified":"2025-04-07 06:20:24","menu_order":0,"mime_type":"application\/pdf","type":"application","subtype":"pdf","icon":"https:\/\/dev.klb-koetztal.de\/wp\/wp-includes\/images\/media\/document.png"},"filename":"Product Information","protected":false,"doclang":"GB","externalkey":"Produktinformation","docpos":"2"},{"download":{"ID":64879,"id":64879,"title":"EP_53_Spezialgrund-AgBB_PI_fr_2025_04","filename":"EP_53_Spezialgrund-AgBB_PI_fr_2025_04.pdf","filesize":614728,"url":"https:\/\/dev.klb-koetztal.de\/app\/uploads\/2025\/04\/EP_53_Spezialgrund-AgBB_PI_fr_2025_04.pdf","link":"https:\/\/dev.klb-koetztal.de\/en\/?attachment_id=64879","alt":"","author":"7","description":"","caption":"","name":"ep_53_spezialgrund-agbb_pi_fr_2025_04-2","status":"inherit","uploaded_to":0,"date":"2025-04-07 06:20:26","modified":"2025-04-07 06:20:26","menu_order":0,"mime_type":"application\/pdf","type":"application","subtype":"pdf","icon":"https:\/\/dev.klb-koetztal.de\/wp\/wp-includes\/images\/media\/document.png"},"filename":"Information Produit FR","protected":false,"doclang":"FR","externalkey":"Produktinformation","docpos":"3"},{"download":{"ID":49622,"id":49622,"title":"Leistungserkl\u00e4rung - Statement of performance","filename":"EP53_LE_2016-04.pdf","filesize":253311,"url":"https:\/\/dev.klb-koetztal.de\/app\/uploads\/2022\/03\/EP53_LE_2016-04.pdf","link":"https:\/\/dev.klb-koetztal.de\/en\/?attachment_id=49622","alt":"","author":"7","description":"","caption":"","name":"ep53_le_2016-04","status":"inherit","uploaded_to":0,"date":"2022-03-14 10:00:12","modified":"2026-03-16 13:24:26","menu_order":0,"mime_type":"application\/pdf","type":"application","subtype":"pdf","icon":"https:\/\/dev.klb-koetztal.de\/wp\/wp-includes\/images\/media\/document.png"},"filename":"Statement of performance - Leistungserkl\u00e4rung","protected":false,"doclang":"Multi","externalkey":"Leistungserklaerung","docpos":"50"},{"download":{"ID":51911,"id":51911,"title":"EP53_Spezialgrund_AgBB_Umwelt-Deklaration_2022-08","filename":"EP53_Spezialgrund_AgBB_Umwelt-Deklaration_2022-08.pdf","filesize":2342629,"url":"https:\/\/dev.klb-koetztal.de\/app\/uploads\/2022\/09\/EP53_Spezialgrund_AgBB_Umwelt-Deklaration_2022-08.pdf","link":"https:\/\/dev.klb-koetztal.de\/en\/?attachment_id=51911","alt":"","author":"7","description":"","caption":"","name":"ep53_spezialgrund_agbb_umwelt-deklaration_2022-08-2","status":"inherit","uploaded_to":0,"date":"2022-09-01 06:41:18","modified":"2022-09-01 06:41:18","menu_order":0,"mime_type":"application\/pdf","type":"application","subtype":"pdf","icon":"https:\/\/dev.klb-koetztal.de\/wp\/wp-includes\/images\/media\/document.png"},"filename":"EPD - Environmental Product Declaration","protected":false,"doclang":"Multi","externalkey":"Umweltproduktdeklaration","docpos":"50"},{"download":false,"filename":"Safety data sheet","protected":true,"doclang":"GB","externalkey":"Sicherheitsdatenblatt","docpos":"2"},{"download":false,"filename":"Fiche de donn\u00e9es de s\u00e9curit\u00e9 FR","protected":true,"doclang":"FR","externalkey":"Sicherheitsdatenblatt","docpos":"3"}],"einstellungen":null,"background_color":"bg-none","background_color_content":"bg-none"}},"included_in_systems":{"module_included_in_systems":{"":null,"background_color":"bg-gray-medium","background_color_content":"bg-none"}},"contact":{"module_contact":{"":null,"background_color":"bg-none","background_color_content":"bg-none"}},"ausschreibende":{"module_ausschreibende":{"andern_sie_den_inhalt_unter_universelle_elemente":null,"background_color":"bg-none","background_color_content":"bg-none"}}},"yoast_head":"<!-- This site is optimized with the Yoast SEO plugin v27.0 - https:\/\/yoast.com\/product\/yoast-seo-wordpress\/ -->\n<title>Low-VOC, moisture-tolerating primer EP 53 | KLB<\/title>\n<meta name=\"description\" content=\"Low-emission, moisture-tolerating base coat EP 53 Spezialgrund-AgBB for rising damp | KLB industrial floors \u2714\ufe0f AgBB-compliant, Eurofins\" \/>\n<meta name=\"robots\" content=\"noindex, follow, max-snippet:-1, max-image-preview:large, max-video-preview:-1\" \/>\n<meta property=\"og:locale\" content=\"en_GB\" \/>\n<meta property=\"og:type\" content=\"article\" \/>\n<meta property=\"og:title\" content=\"Low-VOC, moisture-tolerating primer EP 53 | KLB\" \/>\n<meta property=\"og:description\" content=\"Low-emission, moisture-tolerating base coat EP 53 Spezialgrund-AgBB for rising damp | KLB industrial floors \u2714\ufe0f AgBB-compliant, Eurofins\" \/>\n<meta property=\"og:url\" content=\"https:\/\/dev.klb-koetztal.de\/en\/produkt\/klb-system-epoxid-ep-53-spezialgrund-agbb\/\" \/>\n<meta property=\"og:site_name\" content=\"KLB K\u00f6tztal\" \/>\n<meta property=\"article:publisher\" content=\"https:\/\/www.facebook.com\/klbkoetztal\" \/>\n<meta property=\"article:modified_time\" content=\"2026-03-16T13:24:19+00:00\" \/>\n<meta property=\"og:image\" content=\"https:\/\/dev.klb-koetztal.de\/app\/uploads\/2022\/03\/EP53_Spezialgrund-AgBB.jpg\" \/>\n\t<meta property=\"og:image:width\" content=\"500\" \/>\n\t<meta property=\"og:image:height\" content=\"500\" \/>\n\t<meta property=\"og:image:type\" content=\"image\/jpeg\" \/>\n<meta name=\"twitter:card\" content=\"summary_large_image\" \/>\n<script type=\"application\/ld+json\" class=\"yoast-schema-graph\">{\"@context\":\"https:\/\/schema.org\",\"@graph\":[{\"@type\":\"WebPage\",\"@id\":\"https:\/\/dev.klb-koetztal.de\/en\/produkt\/klb-system-epoxid-ep-53-spezialgrund-agbb\/\",\"url\":\"https:\/\/dev.klb-koetztal.de\/en\/produkt\/klb-system-epoxid-ep-53-spezialgrund-agbb\/\",\"name\":\"Low-VOC, moisture-tolerating primer EP 53 | KLB\",\"isPartOf\":{\"@id\":\"https:\/\/dev.klb-koetztal.de\/en\/#website\"},\"primaryImageOfPage\":{\"@id\":\"https:\/\/dev.klb-koetztal.de\/en\/produkt\/klb-system-epoxid-ep-53-spezialgrund-agbb\/#primaryimage\"},\"image\":{\"@id\":\"https:\/\/dev.klb-koetztal.de\/en\/produkt\/klb-system-epoxid-ep-53-spezialgrund-agbb\/#primaryimage\"},\"thumbnailUrl\":\"https:\/\/dev.klb-koetztal.de\/app\/uploads\/2022\/03\/EP53_Spezialgrund-AgBB.jpg\",\"datePublished\":\"2021-08-19T08:02:26+00:00\",\"dateModified\":\"2026-03-16T13:24:19+00:00\",\"description\":\"Low-emission, moisture-tolerating base coat EP 53 Spezialgrund-AgBB for rising damp | KLB industrial floors \u2714\ufe0f AgBB-compliant, Eurofins\",\"breadcrumb\":{\"@id\":\"https:\/\/dev.klb-koetztal.de\/en\/produkt\/klb-system-epoxid-ep-53-spezialgrund-agbb\/#breadcrumb\"},\"inLanguage\":\"en-GB\",\"potentialAction\":[{\"@type\":\"ReadAction\",\"target\":[\"https:\/\/dev.klb-koetztal.de\/en\/produkt\/klb-system-epoxid-ep-53-spezialgrund-agbb\/\"]}]},{\"@type\":\"ImageObject\",\"inLanguage\":\"en-GB\",\"@id\":\"https:\/\/dev.klb-koetztal.de\/en\/produkt\/klb-system-epoxid-ep-53-spezialgrund-agbb\/#primaryimage\",\"url\":\"https:\/\/dev.klb-koetztal.de\/app\/uploads\/2022\/03\/EP53_Spezialgrund-AgBB.jpg\",\"contentUrl\":\"https:\/\/dev.klb-koetztal.de\/app\/uploads\/2022\/03\/EP53_Spezialgrund-AgBB.jpg\",\"width\":500,\"height\":500},{\"@type\":\"BreadcrumbList\",\"@id\":\"https:\/\/dev.klb-koetztal.de\/en\/produkt\/klb-system-epoxid-ep-53-spezialgrund-agbb\/#breadcrumb\",\"itemListElement\":[{\"@type\":\"ListItem\",\"position\":1,\"name\":\"Startseite\",\"item\":\"https:\/\/dev.klb-koetztal.de\/en\/\"},{\"@type\":\"ListItem\",\"position\":2,\"name\":\"KLB-SYSTEM EPOXID EP 53 Spezialgrund-AgBB\"}]},{\"@type\":\"WebSite\",\"@id\":\"https:\/\/dev.klb-koetztal.de\/en\/#website\",\"url\":\"https:\/\/dev.klb-koetztal.de\/en\/\",\"name\":\"KLB K\u00f6tztal\",\"description\":\"Gute B\u00f6den haben ein System.\",\"potentialAction\":[{\"@type\":\"SearchAction\",\"target\":{\"@type\":\"EntryPoint\",\"urlTemplate\":\"https:\/\/dev.klb-koetztal.de\/en\/?s={search_term_string}\"},\"query-input\":{\"@type\":\"PropertyValueSpecification\",\"valueRequired\":true,\"valueName\":\"search_term_string\"}}],\"inLanguage\":\"en-GB\"}]}<\/script>\n<!-- \/ Yoast SEO plugin. -->","yoast_head_json":{"title":"Low-VOC, moisture-tolerating primer EP 53 | KLB","description":"Low-emission, moisture-tolerating base coat EP 53 Spezialgrund-AgBB for rising damp | KLB industrial floors \u2714\ufe0f AgBB-compliant, Eurofins","robots":{"index":"noindex","follow":"follow","max-snippet":"max-snippet:-1","max-image-preview":"max-image-preview:large","max-video-preview":"max-video-preview:-1"},"og_locale":"en_GB","og_type":"article","og_title":"Low-VOC, moisture-tolerating primer EP 53 | KLB","og_description":"Low-emission, moisture-tolerating base coat EP 53 Spezialgrund-AgBB for rising damp | KLB industrial floors \u2714\ufe0f AgBB-compliant, Eurofins","og_url":"https:\/\/dev.klb-koetztal.de\/en\/produkt\/klb-system-epoxid-ep-53-spezialgrund-agbb\/","og_site_name":"KLB K\u00f6tztal","article_publisher":"https:\/\/www.facebook.com\/klbkoetztal","article_modified_time":"2026-03-16T13:24:19+00:00","og_image":[{"width":500,"height":500,"url":"https:\/\/dev.klb-koetztal.de\/app\/uploads\/2022\/03\/EP53_Spezialgrund-AgBB.jpg","type":"image\/jpeg"}],"twitter_card":"summary_large_image","schema":{"@context":"https:\/\/schema.org","@graph":[{"@type":"WebPage","@id":"https:\/\/dev.klb-koetztal.de\/en\/produkt\/klb-system-epoxid-ep-53-spezialgrund-agbb\/","url":"https:\/\/dev.klb-koetztal.de\/en\/produkt\/klb-system-epoxid-ep-53-spezialgrund-agbb\/","name":"Low-VOC, moisture-tolerating primer EP 53 | KLB","isPartOf":{"@id":"https:\/\/dev.klb-koetztal.de\/en\/#website"},"primaryImageOfPage":{"@id":"https:\/\/dev.klb-koetztal.de\/en\/produkt\/klb-system-epoxid-ep-53-spezialgrund-agbb\/#primaryimage"},"image":{"@id":"https:\/\/dev.klb-koetztal.de\/en\/produkt\/klb-system-epoxid-ep-53-spezialgrund-agbb\/#primaryimage"},"thumbnailUrl":"https:\/\/dev.klb-koetztal.de\/app\/uploads\/2022\/03\/EP53_Spezialgrund-AgBB.jpg","datePublished":"2021-08-19T08:02:26+00:00","dateModified":"2026-03-16T13:24:19+00:00","description":"Low-emission, moisture-tolerating base coat EP 53 Spezialgrund-AgBB for rising damp | KLB industrial floors \u2714\ufe0f AgBB-compliant, Eurofins","breadcrumb":{"@id":"https:\/\/dev.klb-koetztal.de\/en\/produkt\/klb-system-epoxid-ep-53-spezialgrund-agbb\/#breadcrumb"},"inLanguage":"en-GB","potentialAction":[{"@type":"ReadAction","target":["https:\/\/dev.klb-koetztal.de\/en\/produkt\/klb-system-epoxid-ep-53-spezialgrund-agbb\/"]}]},{"@type":"ImageObject","inLanguage":"en-GB","@id":"https:\/\/dev.klb-koetztal.de\/en\/produkt\/klb-system-epoxid-ep-53-spezialgrund-agbb\/#primaryimage","url":"https:\/\/dev.klb-koetztal.de\/app\/uploads\/2022\/03\/EP53_Spezialgrund-AgBB.jpg","contentUrl":"https:\/\/dev.klb-koetztal.de\/app\/uploads\/2022\/03\/EP53_Spezialgrund-AgBB.jpg","width":500,"height":500},{"@type":"BreadcrumbList","@id":"https:\/\/dev.klb-koetztal.de\/en\/produkt\/klb-system-epoxid-ep-53-spezialgrund-agbb\/#breadcrumb","itemListElement":[{"@type":"ListItem","position":1,"name":"Startseite","item":"https:\/\/dev.klb-koetztal.de\/en\/"},{"@type":"ListItem","position":2,"name":"KLB-SYSTEM EPOXID EP 53 Spezialgrund-AgBB"}]},{"@type":"WebSite","@id":"https:\/\/dev.klb-koetztal.de\/en\/#website","url":"https:\/\/dev.klb-koetztal.de\/en\/","name":"KLB K\u00f6tztal","description":"Gute B\u00f6den haben ein System.","potentialAction":[{"@type":"SearchAction","target":{"@type":"EntryPoint","urlTemplate":"https:\/\/dev.klb-koetztal.de\/en\/?s={search_term_string}"},"query-input":{"@type":"PropertyValueSpecification","valueRequired":true,"valueName":"search_term_string"}}],"inLanguage":"en-GB"}]}},"_links":{"self":[{"href":"https:\/\/dev.klb-koetztal.de\/en\/wp-json\/wp\/v2\/product\/46778","targetHints":{"allow":["GET"]}}],"collection":[{"href":"https:\/\/dev.klb-koetztal.de\/en\/wp-json\/wp\/v2\/product"}],"about":[{"href":"https:\/\/dev.klb-koetztal.de\/en\/wp-json\/wp\/v2\/types\/product"}],"wp:featuredmedia":[{"embeddable":true,"href":"https:\/\/dev.klb-koetztal.de\/en\/wp-json\/wp\/v2\/media\/49618"}],"wp:attachment":[{"href":"https:\/\/dev.klb-koetztal.de\/en\/wp-json\/wp\/v2\/media?parent=46778"}],"wp:term":[{"taxonomy":"product_brand","embeddable":true,"href":"https:\/\/dev.klb-koetztal.de\/en\/wp-json\/wp\/v2\/product_brand?post=46778"},{"taxonomy":"product_cat","embeddable":true,"href":"https:\/\/dev.klb-koetztal.de\/en\/wp-json\/wp\/v2\/product_cat?post=46778"},{"taxonomy":"product_tag","embeddable":true,"href":"https:\/\/dev.klb-koetztal.de\/en\/wp-json\/wp\/v2\/product_tag?post=46778"}],"curies":[{"name":"wp","href":"https:\/\/api.w.org\/{rel}","templated":true}]}}