{"id":46777,"date":"2021-08-19T10:02:02","date_gmt":"2021-08-19T08:02:02","guid":{"rendered":"https:\/\/dev.klb-koetztal.de\/produkt\/klb-system-epoxid-ep-57\/"},"modified":"2026-03-16T14:23:49","modified_gmt":"2026-03-16T13:23:49","slug":"klb-system-epoxid-ep-57","status":"publish","type":"product","link":"https:\/\/dev.klb-koetztal.de\/en\/produkt\/klb-system-epoxid-ep-57\/","title":{"rendered":"KLB-SYSTEM EPOXID EP 57"},"content":{"rendered":"","protected":false},"excerpt":{"rendered":"<p>Low-emission, all-purpose 2-component epoxy resin for producing primers&#160;and scratch coats or as levelling mortar for renovations or new floors. Combined with EP 202, it is tested according to&#160;AgBB as extremely low-emission.<br \/>\nSuitable for coatings that comply with Eurofins &#8220;Indoor Air Comfort&#8221; and the Gold certification. Compliant with AgBB&#160;for recreation rooms.<\/p>\n","protected":false},"featured_media":49612,"template":"","meta":{"_acf_changed":false},"product_brand":[],"product_cat":[9607,9619],"product_tag":[],"class_list":{"0":"post-46777","1":"product","2":"type-product","3":"status-publish","4":"has-post-thumbnail","6":"product_cat-primers","7":"product_cat-2-component-epoxy-resin-primers-low-emission","9":"first","10":"instock","11":"shipping-taxable","12":"product-type-simple"},"acf":{"product_header":{"module_product_header":{"":null,"prototype_headline":{"headline":"KLB-SYSTEM EPOXID EP 57","h1":true,"subheadline":"AgBB-tested, low-emission 2-component epoxy resin primer","anchor":"","url":""},"grid_text_slider":false,"grid_text_content":[{"text":"<p class=\"product-short-title\" style=\"text-align: center;\"><strong>Brief description<\/strong><\/p>\n<p>Low-emission, all-purpose 2-component epoxy resin for producing primers&#160;and scratch coats or as levelling mortar for renovations or new floors. Combined with EP 202, it is tested according to&#160;AgBB as extremely low-emission.<\/p>\n<p>Suitable for coatings that comply with Eurofins &#8220;Indoor Air Comfort&#8221; and the Gold certification. Compliant with AgBB&#160;for recreation rooms.<\/p>\n","width":"4","background_color_text":"bg-white","border_color":"border-gray-light"},{"text":"<p class=\"product-sicing-title\" style=\"text-align: center;\"><strong>Packaging units<\/strong><\/p>\n<ul>\n<li>AK1307-92 &#8211; Combo can 1.00 kg<\/li>\n<li>AK1307-50 &#8211; Bucket combo 10.00 kg<\/li>\n<li>AK1307-30 &#8211; Hobbock combo 30.00 kg<\/li>\n<li>AK1307-02 &#8211; Drum combo 600.00 kg<\/li>\n<\/ul>\n<p><\/p>\n<p>Please do not hesitate to contact us directly for enquiries about larger delivery quantities or packaging units.<\/p>\n\n","width":"4","background_color_text":"bg-white","border_color":"border-gray-light"},{"text":"<p class=\"product-attr-title\" style=\"text-align: center;\"><strong>Properties<\/strong><\/p>\n<ul>\n<li>Total Solid according to GISCODE (Test method &#8220;Deutsche Bauchemie&#8221;)<\/li>\n<li>tested, low-emission quality<\/li>\n<li>high-quality primer<\/li>\n<li>all-purpose use<\/li>\n<li>consistent to hydrolysis and saponification<\/li>\n<li>free of deleterious substances against varnish<\/li>\n<li>proven quality<\/li>\n<\/ul>\n","width":"4","background_color_text":"bg-white","border_color":"border-gray-light"}],"background_color":"bg-none","background_color_content":"bg-none"}},"downloads":{"module_download_list":{"inhalt":null,"downloads":[{"download":{"ID":64894,"id":64894,"title":"EP_57_PI_en_2025_04","filename":"EP_57_PI_en_2025_04.pdf","filesize":602379,"url":"https:\/\/dev.klb-koetztal.de\/app\/uploads\/2025\/04\/EP_57_PI_en_2025_04.pdf","link":"https:\/\/dev.klb-koetztal.de\/en\/?attachment_id=64894","alt":"","author":"7","description":"","caption":"","name":"ep_57_pi_en_2025_04-2","status":"inherit","uploaded_to":0,"date":"2025-04-07 06:40:23","modified":"2025-04-07 06:40:23","menu_order":0,"mime_type":"application\/pdf","type":"application","subtype":"pdf","icon":"https:\/\/dev.klb-koetztal.de\/wp\/wp-includes\/images\/media\/document.png"},"filename":"Product Information","protected":false,"doclang":"GB","externalkey":"Produktinformation","docpos":"2"},{"download":{"ID":64897,"id":64897,"title":"EP_57_PI_fr_2025_04","filename":"EP_57_PI_fr_2025_04.pdf","filesize":608046,"url":"https:\/\/dev.klb-koetztal.de\/app\/uploads\/2025\/04\/EP_57_PI_fr_2025_04.pdf","link":"https:\/\/dev.klb-koetztal.de\/en\/?attachment_id=64897","alt":"","author":"7","description":"","caption":"","name":"ep_57_pi_fr_2025_04-2","status":"inherit","uploaded_to":0,"date":"2025-04-07 06:40:25","modified":"2025-04-07 06:40:25","menu_order":0,"mime_type":"application\/pdf","type":"application","subtype":"pdf","icon":"https:\/\/dev.klb-koetztal.de\/wp\/wp-includes\/images\/media\/document.png"},"filename":"Information Produit FR","protected":false,"doclang":"FR","externalkey":"Produktinformation","docpos":"3"},{"download":{"ID":49613,"id":49613,"title":"Leistungserkl\u00e4rung - Statement of performance","filename":"EP57_LE_2013-04.pdf","filesize":170443,"url":"https:\/\/dev.klb-koetztal.de\/app\/uploads\/2022\/03\/EP57_LE_2013-04.pdf","link":"https:\/\/dev.klb-koetztal.de\/en\/?attachment_id=49613","alt":"","author":"7","description":"","caption":"","name":"ep57_le_2013-04","status":"inherit","uploaded_to":0,"date":"2022-03-14 10:00:02","modified":"2026-03-16 13:23:56","menu_order":0,"mime_type":"application\/pdf","type":"application","subtype":"pdf","icon":"https:\/\/dev.klb-koetztal.de\/wp\/wp-includes\/images\/media\/document.png"},"filename":"Statement of performance - Leistungserkl\u00e4rung","protected":false,"doclang":"Multi","externalkey":"Leistungserklaerung","docpos":"50"},{"download":{"ID":51908,"id":51908,"title":"EP57_Umwelt-Deklaration_2022-08","filename":"EP57_Umwelt-Deklaration_2022-08.pdf","filesize":2343014,"url":"https:\/\/dev.klb-koetztal.de\/app\/uploads\/2022\/09\/EP57_Umwelt-Deklaration_2022-08.pdf","link":"https:\/\/dev.klb-koetztal.de\/en\/?attachment_id=51908","alt":"","author":"7","description":"","caption":"","name":"ep57_umwelt-deklaration_2022-08-2","status":"inherit","uploaded_to":0,"date":"2022-09-01 06:41:03","modified":"2022-09-01 06:41:03","menu_order":0,"mime_type":"application\/pdf","type":"application","subtype":"pdf","icon":"https:\/\/dev.klb-koetztal.de\/wp\/wp-includes\/images\/media\/document.png"},"filename":"EPD - Environmental Product Declaration","protected":false,"doclang":"Multi","externalkey":"Umweltproduktdeklaration","docpos":"50"},{"download":false,"filename":"Safety data sheet","protected":true,"doclang":"GB","externalkey":"Sicherheitsdatenblatt","docpos":"2"},{"download":false,"filename":"Fiche de donn\u00e9es de s\u00e9curit\u00e9 FR","protected":true,"doclang":"FR","externalkey":"Sicherheitsdatenblatt","docpos":"3"}],"einstellungen":null,"background_color":"bg-none","background_color_content":"bg-none"}},"included_in_systems":{"module_included_in_systems":{"":null,"background_color":"bg-gray-medium","background_color_content":"bg-none"}},"contact":{"module_contact":{"":null,"background_color":"bg-none","background_color_content":"bg-none"}},"ausschreibende":{"module_ausschreibende":{"andern_sie_den_inhalt_unter_universelle_elemente":null,"background_color":"bg-none","background_color_content":"bg-none"}}},"yoast_head":"<!-- This site is optimized with the Yoast SEO plugin v27.0 - https:\/\/yoast.com\/product\/yoast-seo-wordpress\/ -->\n<title>Low-VOC, universal 2C primer EP 57 | KLB K\u00f6tztal<\/title>\n<meta name=\"description\" content=\"Low-emission, high-quality, universal 2-component epoxy resin primer EP 57 for renovation and new buildings | KLB floor coverings \u2714\ufe0fAgBB, Eurofins\" \/>\n<meta name=\"robots\" content=\"noindex, follow, max-snippet:-1, max-image-preview:large, max-video-preview:-1\" \/>\n<meta property=\"og:locale\" content=\"en_GB\" \/>\n<meta property=\"og:type\" content=\"article\" \/>\n<meta property=\"og:title\" content=\"Low-VOC, universal 2C primer EP 57 | KLB K\u00f6tztal\" \/>\n<meta property=\"og:description\" content=\"Low-emission, high-quality, universal 2-component epoxy resin primer EP 57 for renovation and new buildings | KLB floor coverings \u2714\ufe0fAgBB, Eurofins\" \/>\n<meta property=\"og:url\" content=\"https:\/\/dev.klb-koetztal.de\/en\/produkt\/klb-system-epoxid-ep-57\/\" \/>\n<meta property=\"og:site_name\" content=\"KLB K\u00f6tztal\" \/>\n<meta property=\"article:publisher\" content=\"https:\/\/www.facebook.com\/klbkoetztal\" \/>\n<meta property=\"article:modified_time\" content=\"2026-03-16T13:23:49+00:00\" \/>\n<meta property=\"og:image\" content=\"https:\/\/dev.klb-koetztal.de\/app\/uploads\/2022\/03\/EP57.jpg\" \/>\n\t<meta property=\"og:image:width\" content=\"500\" \/>\n\t<meta property=\"og:image:height\" content=\"500\" \/>\n\t<meta property=\"og:image:type\" content=\"image\/jpeg\" \/>\n<meta name=\"twitter:card\" content=\"summary_large_image\" \/>\n<script type=\"application\/ld+json\" class=\"yoast-schema-graph\">{\"@context\":\"https:\/\/schema.org\",\"@graph\":[{\"@type\":\"WebPage\",\"@id\":\"https:\/\/dev.klb-koetztal.de\/en\/produkt\/klb-system-epoxid-ep-57\/\",\"url\":\"https:\/\/dev.klb-koetztal.de\/en\/produkt\/klb-system-epoxid-ep-57\/\",\"name\":\"Low-VOC, universal 2C primer EP 57 | KLB K\u00f6tztal\",\"isPartOf\":{\"@id\":\"https:\/\/dev.klb-koetztal.de\/en\/#website\"},\"primaryImageOfPage\":{\"@id\":\"https:\/\/dev.klb-koetztal.de\/en\/produkt\/klb-system-epoxid-ep-57\/#primaryimage\"},\"image\":{\"@id\":\"https:\/\/dev.klb-koetztal.de\/en\/produkt\/klb-system-epoxid-ep-57\/#primaryimage\"},\"thumbnailUrl\":\"https:\/\/dev.klb-koetztal.de\/app\/uploads\/2022\/03\/EP57.jpg\",\"datePublished\":\"2021-08-19T08:02:02+00:00\",\"dateModified\":\"2026-03-16T13:23:49+00:00\",\"description\":\"Low-emission, high-quality, universal 2-component epoxy resin primer EP 57 for renovation and new buildings | KLB floor coverings \u2714\ufe0fAgBB, Eurofins\",\"breadcrumb\":{\"@id\":\"https:\/\/dev.klb-koetztal.de\/en\/produkt\/klb-system-epoxid-ep-57\/#breadcrumb\"},\"inLanguage\":\"en-GB\",\"potentialAction\":[{\"@type\":\"ReadAction\",\"target\":[\"https:\/\/dev.klb-koetztal.de\/en\/produkt\/klb-system-epoxid-ep-57\/\"]}]},{\"@type\":\"ImageObject\",\"inLanguage\":\"en-GB\",\"@id\":\"https:\/\/dev.klb-koetztal.de\/en\/produkt\/klb-system-epoxid-ep-57\/#primaryimage\",\"url\":\"https:\/\/dev.klb-koetztal.de\/app\/uploads\/2022\/03\/EP57.jpg\",\"contentUrl\":\"https:\/\/dev.klb-koetztal.de\/app\/uploads\/2022\/03\/EP57.jpg\",\"width\":500,\"height\":500},{\"@type\":\"BreadcrumbList\",\"@id\":\"https:\/\/dev.klb-koetztal.de\/en\/produkt\/klb-system-epoxid-ep-57\/#breadcrumb\",\"itemListElement\":[{\"@type\":\"ListItem\",\"position\":1,\"name\":\"Startseite\",\"item\":\"https:\/\/dev.klb-koetztal.de\/en\/\"},{\"@type\":\"ListItem\",\"position\":2,\"name\":\"KLB-SYSTEM EPOXID EP 57\"}]},{\"@type\":\"WebSite\",\"@id\":\"https:\/\/dev.klb-koetztal.de\/en\/#website\",\"url\":\"https:\/\/dev.klb-koetztal.de\/en\/\",\"name\":\"KLB K\u00f6tztal\",\"description\":\"Gute B\u00f6den haben ein System.\",\"potentialAction\":[{\"@type\":\"SearchAction\",\"target\":{\"@type\":\"EntryPoint\",\"urlTemplate\":\"https:\/\/dev.klb-koetztal.de\/en\/?s={search_term_string}\"},\"query-input\":{\"@type\":\"PropertyValueSpecification\",\"valueRequired\":true,\"valueName\":\"search_term_string\"}}],\"inLanguage\":\"en-GB\"}]}<\/script>\n<!-- \/ Yoast SEO plugin. -->","yoast_head_json":{"title":"Low-VOC, universal 2C primer EP 57 | KLB K\u00f6tztal","description":"Low-emission, high-quality, universal 2-component epoxy resin primer EP 57 for renovation and new buildings | KLB floor coverings \u2714\ufe0fAgBB, Eurofins","robots":{"index":"noindex","follow":"follow","max-snippet":"max-snippet:-1","max-image-preview":"max-image-preview:large","max-video-preview":"max-video-preview:-1"},"og_locale":"en_GB","og_type":"article","og_title":"Low-VOC, universal 2C primer EP 57 | KLB K\u00f6tztal","og_description":"Low-emission, high-quality, universal 2-component epoxy resin primer EP 57 for renovation and new buildings | KLB floor coverings \u2714\ufe0fAgBB, Eurofins","og_url":"https:\/\/dev.klb-koetztal.de\/en\/produkt\/klb-system-epoxid-ep-57\/","og_site_name":"KLB K\u00f6tztal","article_publisher":"https:\/\/www.facebook.com\/klbkoetztal","article_modified_time":"2026-03-16T13:23:49+00:00","og_image":[{"width":500,"height":500,"url":"https:\/\/dev.klb-koetztal.de\/app\/uploads\/2022\/03\/EP57.jpg","type":"image\/jpeg"}],"twitter_card":"summary_large_image","schema":{"@context":"https:\/\/schema.org","@graph":[{"@type":"WebPage","@id":"https:\/\/dev.klb-koetztal.de\/en\/produkt\/klb-system-epoxid-ep-57\/","url":"https:\/\/dev.klb-koetztal.de\/en\/produkt\/klb-system-epoxid-ep-57\/","name":"Low-VOC, universal 2C primer EP 57 | KLB K\u00f6tztal","isPartOf":{"@id":"https:\/\/dev.klb-koetztal.de\/en\/#website"},"primaryImageOfPage":{"@id":"https:\/\/dev.klb-koetztal.de\/en\/produkt\/klb-system-epoxid-ep-57\/#primaryimage"},"image":{"@id":"https:\/\/dev.klb-koetztal.de\/en\/produkt\/klb-system-epoxid-ep-57\/#primaryimage"},"thumbnailUrl":"https:\/\/dev.klb-koetztal.de\/app\/uploads\/2022\/03\/EP57.jpg","datePublished":"2021-08-19T08:02:02+00:00","dateModified":"2026-03-16T13:23:49+00:00","description":"Low-emission, high-quality, universal 2-component epoxy resin primer EP 57 for renovation and new buildings | KLB floor coverings \u2714\ufe0fAgBB, Eurofins","breadcrumb":{"@id":"https:\/\/dev.klb-koetztal.de\/en\/produkt\/klb-system-epoxid-ep-57\/#breadcrumb"},"inLanguage":"en-GB","potentialAction":[{"@type":"ReadAction","target":["https:\/\/dev.klb-koetztal.de\/en\/produkt\/klb-system-epoxid-ep-57\/"]}]},{"@type":"ImageObject","inLanguage":"en-GB","@id":"https:\/\/dev.klb-koetztal.de\/en\/produkt\/klb-system-epoxid-ep-57\/#primaryimage","url":"https:\/\/dev.klb-koetztal.de\/app\/uploads\/2022\/03\/EP57.jpg","contentUrl":"https:\/\/dev.klb-koetztal.de\/app\/uploads\/2022\/03\/EP57.jpg","width":500,"height":500},{"@type":"BreadcrumbList","@id":"https:\/\/dev.klb-koetztal.de\/en\/produkt\/klb-system-epoxid-ep-57\/#breadcrumb","itemListElement":[{"@type":"ListItem","position":1,"name":"Startseite","item":"https:\/\/dev.klb-koetztal.de\/en\/"},{"@type":"ListItem","position":2,"name":"KLB-SYSTEM EPOXID EP 57"}]},{"@type":"WebSite","@id":"https:\/\/dev.klb-koetztal.de\/en\/#website","url":"https:\/\/dev.klb-koetztal.de\/en\/","name":"KLB K\u00f6tztal","description":"Gute B\u00f6den haben ein System.","potentialAction":[{"@type":"SearchAction","target":{"@type":"EntryPoint","urlTemplate":"https:\/\/dev.klb-koetztal.de\/en\/?s={search_term_string}"},"query-input":{"@type":"PropertyValueSpecification","valueRequired":true,"valueName":"search_term_string"}}],"inLanguage":"en-GB"}]}},"_links":{"self":[{"href":"https:\/\/dev.klb-koetztal.de\/en\/wp-json\/wp\/v2\/product\/46777","targetHints":{"allow":["GET"]}}],"collection":[{"href":"https:\/\/dev.klb-koetztal.de\/en\/wp-json\/wp\/v2\/product"}],"about":[{"href":"https:\/\/dev.klb-koetztal.de\/en\/wp-json\/wp\/v2\/types\/product"}],"wp:featuredmedia":[{"embeddable":true,"href":"https:\/\/dev.klb-koetztal.de\/en\/wp-json\/wp\/v2\/media\/49612"}],"wp:attachment":[{"href":"https:\/\/dev.klb-koetztal.de\/en\/wp-json\/wp\/v2\/media?parent=46777"}],"wp:term":[{"taxonomy":"product_brand","embeddable":true,"href":"https:\/\/dev.klb-koetztal.de\/en\/wp-json\/wp\/v2\/product_brand?post=46777"},{"taxonomy":"product_cat","embeddable":true,"href":"https:\/\/dev.klb-koetztal.de\/en\/wp-json\/wp\/v2\/product_cat?post=46777"},{"taxonomy":"product_tag","embeddable":true,"href":"https:\/\/dev.klb-koetztal.de\/en\/wp-json\/wp\/v2\/product_tag?post=46777"}],"curies":[{"name":"wp","href":"https:\/\/api.w.org\/{rel}","templated":true}]}}