{"id":46774,"date":"2021-08-19T10:00:39","date_gmt":"2021-08-19T08:00:39","guid":{"rendered":"https:\/\/dev.klb-koetztal.de\/produkt\/klb-system-epoxid-ep-52-spezialgrund\/"},"modified":"2026-03-16T14:12:27","modified_gmt":"2026-03-16T13:12:27","slug":"klb-system-epoxid-ep-52-spezialgrund","status":"publish","type":"product","link":"https:\/\/dev.klb-koetztal.de\/en\/produkt\/klb-system-epoxid-ep-52-spezialgrund\/","title":{"rendered":"KLB-SYSTEM EPOXID EP 52 Spezialgrund"},"content":{"rendered":"","protected":false},"excerpt":{"rendered":"<p>Solvent-free 2-component epoxy resin primer with very good wettability and adhesion properties as well as high moisture tolerance. Particularly suitable for&#160;damp and problem substrates (fresh concrete), or&#160;after&#160;de-oiling&#160;concrete. Adhesion primer for composite concrete.&#160;Tested against rear-side moisture ingress &#8211; 365 days.<\/p>\n","protected":false},"featured_media":49593,"template":"","meta":{"_acf_changed":false},"product_brand":[],"product_cat":[9607,9608],"product_tag":[],"class_list":{"0":"post-46774","1":"product","2":"type-product","3":"status-publish","4":"has-post-thumbnail","6":"product_cat-primers","7":"product_cat-2-component-epoxy-resin-primers","9":"first","10":"instock","11":"shipping-taxable","12":"product-type-simple"},"acf":{"product_header":{"module_product_header":{"":null,"prototype_headline":{"headline":"KLB-SYSTEM EPOXID EP 52 Spezialgrund","h1":true,"subheadline":"Moisture-tolerant, solvent-free 2-component epoxy resin special primer","anchor":"","url":""},"grid_text_slider":false,"grid_text_content":[{"text":"<p class=\"product-short-title\" style=\"text-align: center;\"><strong>Brief description<\/strong><\/p>\n<p>Solvent-free 2-component epoxy resin primer with very good wettability and adhesion properties as well as high moisture tolerance. Particularly suitable for&#160;damp and problem substrates (fresh concrete), or&#160;after&#160;de-oiling&#160;concrete. Adhesion primer for composite concrete.&#160;Tested against rear-side moisture ingress &#8211; 365 days.<\/p>\n","width":"4","background_color_text":"bg-white","border_color":"border-gray-light"},{"text":"<p class=\"product-sicing-title\" style=\"text-align: center;\"><strong>Packaging units<\/strong><\/p>\n<ul><\/ul>\n<p><\/p>\n<p>Please do not hesitate to contact us directly for enquiries about larger delivery quantities or packaging units.<\/p>\n\n","width":"4","background_color_text":"bg-white","border_color":"border-gray-light"},{"text":"<p class=\"product-attr-title\" style=\"text-align: center;\"><strong>Properties<\/strong><\/p>\n<ul>\n<li>Total Solid according to GISCODE (Test method &#8220;Deutsche Bauchemie&#8221;)<\/li>\n<li>very high adhesion<\/li>\n<li>strengthening the substrate<\/li>\n<li>all-purpose use<\/li>\n<li>consistent to hydrolysis and saponification<\/li>\n<li>increased durability to osmosis<\/li>\n<li>high penetration<\/li>\n<li>free of deleterious substances against varnish<\/li>\n<li>hardening on pale-damp surfaces<\/li>\n<\/ul>\n","width":"4","background_color_text":"bg-white","border_color":"border-gray-light"}],"background_color":"bg-none","background_color_content":"bg-none"}},"downloads":{"module_download_list":{"inhalt":null,"downloads":[{"download":{"ID":67953,"id":67953,"title":"EP_52_Spezialgrund_PI_en_2025_11","filename":"EP_52_Spezialgrund_PI_en_2025_11.pdf","filesize":1741804,"url":"https:\/\/dev.klb-koetztal.de\/app\/uploads\/2025\/11\/EP_52_Spezialgrund_PI_en_2025_11.pdf","link":"https:\/\/dev.klb-koetztal.de\/en\/?attachment_id=67953","alt":"","author":"7","description":"","caption":"","name":"ep_52_spezialgrund_pi_en_2025_11-2","status":"inherit","uploaded_to":0,"date":"2025-11-03 12:30:32","modified":"2025-11-03 12:30:32","menu_order":0,"mime_type":"application\/pdf","type":"application","subtype":"pdf","icon":"https:\/\/dev.klb-koetztal.de\/wp\/wp-includes\/images\/media\/document.png"},"filename":"Product Information","protected":false,"doclang":"GB","externalkey":"Produktinformation","docpos":"2"},{"download":{"ID":67956,"id":67956,"title":"EP_52_Spezialgrund_PI_fr_2025_11","filename":"EP_52_Spezialgrund_PI_fr_2025_11.pdf","filesize":1746167,"url":"https:\/\/dev.klb-koetztal.de\/app\/uploads\/2025\/11\/EP_52_Spezialgrund_PI_fr_2025_11.pdf","link":"https:\/\/dev.klb-koetztal.de\/en\/?attachment_id=67956","alt":"","author":"7","description":"","caption":"","name":"ep_52_spezialgrund_pi_fr_2025_11-2","status":"inherit","uploaded_to":0,"date":"2025-11-03 12:30:34","modified":"2025-11-03 12:30:34","menu_order":0,"mime_type":"application\/pdf","type":"application","subtype":"pdf","icon":"https:\/\/dev.klb-koetztal.de\/wp\/wp-includes\/images\/media\/document.png"},"filename":"Information Produit FR","protected":false,"doclang":"FR","externalkey":"Produktinformation","docpos":"3"},{"download":false,"filename":"Product Information SK","protected":true,"doclang":"","externalkey":"Produktinformation","docpos":"Multi"},{"download":{"ID":67890,"id":67890,"title":"EP_52_Spezialgrund_LE_en_2025_10","filename":"EP_52_Spezialgrund_LE_en_2025_10.pdf","filesize":293100,"url":"https:\/\/dev.klb-koetztal.de\/app\/uploads\/2025\/10\/EP_52_Spezialgrund_LE_en_2025_10.pdf","link":"https:\/\/dev.klb-koetztal.de\/en\/?attachment_id=67890","alt":"","author":"7","description":"","caption":"","name":"ep_52_spezialgrund_le_en_2025_10-2","status":"inherit","uploaded_to":0,"date":"2025-10-31 10:40:58","modified":"2025-10-31 10:40:58","menu_order":0,"mime_type":"application\/pdf","type":"application","subtype":"pdf","icon":"https:\/\/dev.klb-koetztal.de\/wp\/wp-includes\/images\/media\/document.png"},"filename":"Statement of performance","protected":false,"doclang":"GB","externalkey":"Leistungserklaerung","docpos":"2"},{"download":{"ID":67893,"id":67893,"title":"EP_52_Spezialgrund_LE_fr_2025_10","filename":"EP_52_Spezialgrund_LE_fr_2025_10.pdf","filesize":292578,"url":"https:\/\/dev.klb-koetztal.de\/app\/uploads\/2025\/10\/EP_52_Spezialgrund_LE_fr_2025_10.pdf","link":"https:\/\/dev.klb-koetztal.de\/en\/?attachment_id=67893","alt":"","author":"7","description":"","caption":"","name":"ep_52_spezialgrund_le_fr_2025_10-2","status":"inherit","uploaded_to":0,"date":"2025-10-31 10:51:13","modified":"2025-10-31 10:51:13","menu_order":0,"mime_type":"application\/pdf","type":"application","subtype":"pdf","icon":"https:\/\/dev.klb-koetztal.de\/wp\/wp-includes\/images\/media\/document.png"},"filename":"Declaration of performance","protected":false,"doclang":"FR","externalkey":"Leistungserklaerung","docpos":"3"},{"download":{"ID":51896,"id":51896,"title":"EP52_Spezialgrund_Umwelt-Deklaration_2022-08","filename":"EP52_Spezialgrund_Umwelt-Deklaration_2022-08.pdf","filesize":2902448,"url":"https:\/\/dev.klb-koetztal.de\/app\/uploads\/2022\/09\/EP52_Spezialgrund_Umwelt-Deklaration_2022-08.pdf","link":"https:\/\/dev.klb-koetztal.de\/en\/?attachment_id=51896","alt":"","author":"7","description":"","caption":"","name":"ep52_spezialgrund_umwelt-deklaration_2022-08-2","status":"inherit","uploaded_to":0,"date":"2022-09-01 06:36:03","modified":"2022-09-01 06:36:03","menu_order":0,"mime_type":"application\/pdf","type":"application","subtype":"pdf","icon":"https:\/\/dev.klb-koetztal.de\/wp\/wp-includes\/images\/media\/document.png"},"filename":"EPD - Environmental Product Declaration","protected":false,"doclang":"Multi","externalkey":"Umweltproduktdeklaration","docpos":"50"},{"download":false,"filename":"Safety data sheet","protected":true,"doclang":"GB","externalkey":"Sicherheitsdatenblatt","docpos":"2"},{"download":false,"filename":"Fiche de donn\u00e9es de s\u00e9curit\u00e9 FR","protected":true,"doclang":"FR","externalkey":"Sicherheitsdatenblatt","docpos":"3"}],"einstellungen":null,"background_color":"bg-none","background_color_content":"bg-none"}},"included_in_systems":{"module_included_in_systems":{"":null,"background_color":"bg-gray-medium","background_color_content":"bg-none"}},"contact":{"module_contact":{"":null,"background_color":"bg-none","background_color_content":"bg-none"}},"ausschreibende":{"module_ausschreibende":{"andern_sie_den_inhalt_unter_universelle_elemente":null,"background_color":"bg-none","background_color_content":"bg-none"}}},"yoast_head":"<!-- This site is optimized with the Yoast SEO plugin v27.0 - https:\/\/yoast.com\/product\/yoast-seo-wordpress\/ -->\n<title>Moisture-tolerating base coat EP 52 Spezialgrund | KLB<\/title>\n<meta name=\"description\" content=\"Solvent-free primer EP 52 Spezialgrund for rising damp | KLB floor covering \u2714\ufe0ffor fresh and deoiled concrete or problem substrates\" \/>\n<meta name=\"robots\" content=\"noindex, follow, max-snippet:-1, max-image-preview:large, max-video-preview:-1\" \/>\n<meta property=\"og:locale\" content=\"en_GB\" \/>\n<meta property=\"og:type\" content=\"article\" \/>\n<meta property=\"og:title\" content=\"Moisture-tolerating base coat EP 52 Spezialgrund | KLB\" \/>\n<meta property=\"og:description\" content=\"Solvent-free primer EP 52 Spezialgrund for rising damp | KLB floor covering \u2714\ufe0ffor fresh and deoiled concrete or problem substrates\" \/>\n<meta property=\"og:url\" content=\"https:\/\/dev.klb-koetztal.de\/en\/produkt\/klb-system-epoxid-ep-52-spezialgrund\/\" \/>\n<meta property=\"og:site_name\" content=\"KLB K\u00f6tztal\" \/>\n<meta property=\"article:publisher\" content=\"https:\/\/www.facebook.com\/klbkoetztal\" \/>\n<meta property=\"article:modified_time\" content=\"2026-03-16T13:12:27+00:00\" \/>\n<meta property=\"og:image\" content=\"https:\/\/dev.klb-koetztal.de\/app\/uploads\/2022\/03\/EP52_Spezialgrund.jpg\" \/>\n\t<meta property=\"og:image:width\" content=\"500\" \/>\n\t<meta property=\"og:image:height\" content=\"500\" \/>\n\t<meta property=\"og:image:type\" content=\"image\/jpeg\" \/>\n<meta name=\"twitter:card\" content=\"summary_large_image\" \/>\n<script type=\"application\/ld+json\" class=\"yoast-schema-graph\">{\"@context\":\"https:\/\/schema.org\",\"@graph\":[{\"@type\":\"WebPage\",\"@id\":\"https:\/\/dev.klb-koetztal.de\/en\/produkt\/klb-system-epoxid-ep-52-spezialgrund\/\",\"url\":\"https:\/\/dev.klb-koetztal.de\/en\/produkt\/klb-system-epoxid-ep-52-spezialgrund\/\",\"name\":\"Moisture-tolerating base coat EP 52 Spezialgrund | KLB\",\"isPartOf\":{\"@id\":\"https:\/\/dev.klb-koetztal.de\/en\/#website\"},\"primaryImageOfPage\":{\"@id\":\"https:\/\/dev.klb-koetztal.de\/en\/produkt\/klb-system-epoxid-ep-52-spezialgrund\/#primaryimage\"},\"image\":{\"@id\":\"https:\/\/dev.klb-koetztal.de\/en\/produkt\/klb-system-epoxid-ep-52-spezialgrund\/#primaryimage\"},\"thumbnailUrl\":\"https:\/\/dev.klb-koetztal.de\/app\/uploads\/2022\/03\/EP52_Spezialgrund.jpg\",\"datePublished\":\"2021-08-19T08:00:39+00:00\",\"dateModified\":\"2026-03-16T13:12:27+00:00\",\"description\":\"Solvent-free primer EP 52 Spezialgrund for rising damp | KLB floor covering \u2714\ufe0ffor fresh and deoiled concrete or problem substrates\",\"breadcrumb\":{\"@id\":\"https:\/\/dev.klb-koetztal.de\/en\/produkt\/klb-system-epoxid-ep-52-spezialgrund\/#breadcrumb\"},\"inLanguage\":\"en-GB\",\"potentialAction\":[{\"@type\":\"ReadAction\",\"target\":[\"https:\/\/dev.klb-koetztal.de\/en\/produkt\/klb-system-epoxid-ep-52-spezialgrund\/\"]}]},{\"@type\":\"ImageObject\",\"inLanguage\":\"en-GB\",\"@id\":\"https:\/\/dev.klb-koetztal.de\/en\/produkt\/klb-system-epoxid-ep-52-spezialgrund\/#primaryimage\",\"url\":\"https:\/\/dev.klb-koetztal.de\/app\/uploads\/2022\/03\/EP52_Spezialgrund.jpg\",\"contentUrl\":\"https:\/\/dev.klb-koetztal.de\/app\/uploads\/2022\/03\/EP52_Spezialgrund.jpg\",\"width\":500,\"height\":500},{\"@type\":\"BreadcrumbList\",\"@id\":\"https:\/\/dev.klb-koetztal.de\/en\/produkt\/klb-system-epoxid-ep-52-spezialgrund\/#breadcrumb\",\"itemListElement\":[{\"@type\":\"ListItem\",\"position\":1,\"name\":\"Startseite\",\"item\":\"https:\/\/dev.klb-koetztal.de\/en\/\"},{\"@type\":\"ListItem\",\"position\":2,\"name\":\"KLB-SYSTEM EPOXID EP 52 Spezialgrund\"}]},{\"@type\":\"WebSite\",\"@id\":\"https:\/\/dev.klb-koetztal.de\/en\/#website\",\"url\":\"https:\/\/dev.klb-koetztal.de\/en\/\",\"name\":\"KLB K\u00f6tztal\",\"description\":\"Gute B\u00f6den haben ein System.\",\"potentialAction\":[{\"@type\":\"SearchAction\",\"target\":{\"@type\":\"EntryPoint\",\"urlTemplate\":\"https:\/\/dev.klb-koetztal.de\/en\/?s={search_term_string}\"},\"query-input\":{\"@type\":\"PropertyValueSpecification\",\"valueRequired\":true,\"valueName\":\"search_term_string\"}}],\"inLanguage\":\"en-GB\"}]}<\/script>\n<!-- \/ Yoast SEO plugin. -->","yoast_head_json":{"title":"Moisture-tolerating base coat EP 52 Spezialgrund | KLB","description":"Solvent-free primer EP 52 Spezialgrund for rising damp | KLB floor covering \u2714\ufe0ffor fresh and deoiled concrete or problem substrates","robots":{"index":"noindex","follow":"follow","max-snippet":"max-snippet:-1","max-image-preview":"max-image-preview:large","max-video-preview":"max-video-preview:-1"},"og_locale":"en_GB","og_type":"article","og_title":"Moisture-tolerating base coat EP 52 Spezialgrund | KLB","og_description":"Solvent-free primer EP 52 Spezialgrund for rising damp | KLB floor covering \u2714\ufe0ffor fresh and deoiled concrete or problem substrates","og_url":"https:\/\/dev.klb-koetztal.de\/en\/produkt\/klb-system-epoxid-ep-52-spezialgrund\/","og_site_name":"KLB K\u00f6tztal","article_publisher":"https:\/\/www.facebook.com\/klbkoetztal","article_modified_time":"2026-03-16T13:12:27+00:00","og_image":[{"width":500,"height":500,"url":"https:\/\/dev.klb-koetztal.de\/app\/uploads\/2022\/03\/EP52_Spezialgrund.jpg","type":"image\/jpeg"}],"twitter_card":"summary_large_image","schema":{"@context":"https:\/\/schema.org","@graph":[{"@type":"WebPage","@id":"https:\/\/dev.klb-koetztal.de\/en\/produkt\/klb-system-epoxid-ep-52-spezialgrund\/","url":"https:\/\/dev.klb-koetztal.de\/en\/produkt\/klb-system-epoxid-ep-52-spezialgrund\/","name":"Moisture-tolerating base coat EP 52 Spezialgrund | KLB","isPartOf":{"@id":"https:\/\/dev.klb-koetztal.de\/en\/#website"},"primaryImageOfPage":{"@id":"https:\/\/dev.klb-koetztal.de\/en\/produkt\/klb-system-epoxid-ep-52-spezialgrund\/#primaryimage"},"image":{"@id":"https:\/\/dev.klb-koetztal.de\/en\/produkt\/klb-system-epoxid-ep-52-spezialgrund\/#primaryimage"},"thumbnailUrl":"https:\/\/dev.klb-koetztal.de\/app\/uploads\/2022\/03\/EP52_Spezialgrund.jpg","datePublished":"2021-08-19T08:00:39+00:00","dateModified":"2026-03-16T13:12:27+00:00","description":"Solvent-free primer EP 52 Spezialgrund for rising damp | KLB floor covering \u2714\ufe0ffor fresh and deoiled concrete or problem substrates","breadcrumb":{"@id":"https:\/\/dev.klb-koetztal.de\/en\/produkt\/klb-system-epoxid-ep-52-spezialgrund\/#breadcrumb"},"inLanguage":"en-GB","potentialAction":[{"@type":"ReadAction","target":["https:\/\/dev.klb-koetztal.de\/en\/produkt\/klb-system-epoxid-ep-52-spezialgrund\/"]}]},{"@type":"ImageObject","inLanguage":"en-GB","@id":"https:\/\/dev.klb-koetztal.de\/en\/produkt\/klb-system-epoxid-ep-52-spezialgrund\/#primaryimage","url":"https:\/\/dev.klb-koetztal.de\/app\/uploads\/2022\/03\/EP52_Spezialgrund.jpg","contentUrl":"https:\/\/dev.klb-koetztal.de\/app\/uploads\/2022\/03\/EP52_Spezialgrund.jpg","width":500,"height":500},{"@type":"BreadcrumbList","@id":"https:\/\/dev.klb-koetztal.de\/en\/produkt\/klb-system-epoxid-ep-52-spezialgrund\/#breadcrumb","itemListElement":[{"@type":"ListItem","position":1,"name":"Startseite","item":"https:\/\/dev.klb-koetztal.de\/en\/"},{"@type":"ListItem","position":2,"name":"KLB-SYSTEM EPOXID EP 52 Spezialgrund"}]},{"@type":"WebSite","@id":"https:\/\/dev.klb-koetztal.de\/en\/#website","url":"https:\/\/dev.klb-koetztal.de\/en\/","name":"KLB K\u00f6tztal","description":"Gute B\u00f6den haben ein System.","potentialAction":[{"@type":"SearchAction","target":{"@type":"EntryPoint","urlTemplate":"https:\/\/dev.klb-koetztal.de\/en\/?s={search_term_string}"},"query-input":{"@type":"PropertyValueSpecification","valueRequired":true,"valueName":"search_term_string"}}],"inLanguage":"en-GB"}]}},"_links":{"self":[{"href":"https:\/\/dev.klb-koetztal.de\/en\/wp-json\/wp\/v2\/product\/46774","targetHints":{"allow":["GET"]}}],"collection":[{"href":"https:\/\/dev.klb-koetztal.de\/en\/wp-json\/wp\/v2\/product"}],"about":[{"href":"https:\/\/dev.klb-koetztal.de\/en\/wp-json\/wp\/v2\/types\/product"}],"wp:featuredmedia":[{"embeddable":true,"href":"https:\/\/dev.klb-koetztal.de\/en\/wp-json\/wp\/v2\/media\/49593"}],"wp:attachment":[{"href":"https:\/\/dev.klb-koetztal.de\/en\/wp-json\/wp\/v2\/media?parent=46774"}],"wp:term":[{"taxonomy":"product_brand","embeddable":true,"href":"https:\/\/dev.klb-koetztal.de\/en\/wp-json\/wp\/v2\/product_brand?post=46774"},{"taxonomy":"product_cat","embeddable":true,"href":"https:\/\/dev.klb-koetztal.de\/en\/wp-json\/wp\/v2\/product_cat?post=46774"},{"taxonomy":"product_tag","embeddable":true,"href":"https:\/\/dev.klb-koetztal.de\/en\/wp-json\/wp\/v2\/product_tag?post=46774"}],"curies":[{"name":"wp","href":"https:\/\/api.w.org\/{rel}","templated":true}]}}