{"id":46773,"date":"2021-08-19T10:00:26","date_gmt":"2021-08-19T08:00:26","guid":{"rendered":"https:\/\/dev.klb-koetztal.de\/produkt\/klb-system-epoxid-ep-52-rapid\/"},"modified":"2026-03-16T14:14:35","modified_gmt":"2026-03-16T13:14:35","slug":"klb-system-epoxid-ep-52-rapid","status":"publish","type":"product","link":"https:\/\/dev.klb-koetztal.de\/en\/produkt\/klb-system-epoxid-ep-52-rapid\/","title":{"rendered":"KLB-SYSTEM EPOXID EP 52 RAPID"},"content":{"rendered":"","protected":false},"excerpt":{"rendered":"<p>Rapid-setting 2-component epoxy resin with high&#160;moisture tolerance and particularly good wettability properties. Suitable&#160;for damp and problem&#160;substrates. Cures at temperatures from 5 \u00b0C \/ 41 \u00b0F and in 4 &#8211; 6 hours at 20 \u00b0C \/ 68 \u00b0F.<\/p>\n","protected":false},"featured_media":49586,"template":"","meta":{"_acf_changed":false},"product_brand":[],"product_cat":[9607,9620],"product_tag":[],"class_list":{"0":"post-46773","1":"product","2":"type-product","3":"status-publish","4":"has-post-thumbnail","6":"product_cat-primers","7":"product_cat-2-component-epoxy-resin-primers-rapid-setting","9":"first","10":"instock","11":"shipping-taxable","12":"product-type-simple"},"acf":{"product_header":{"module_product_header":{"":null,"prototype_headline":{"headline":"KLB-SYSTEM EPOXID EP 52 RAPID","h1":true,"subheadline":"Moisture-tolerant, rapid-setting&nbsp;2-component epoxy resin special primer","anchor":"","url":""},"grid_text_slider":false,"grid_text_content":[{"text":"<p class=\"product-short-title\" style=\"text-align: center;\"><strong>Brief description<\/strong><\/p>\n<p>Rapid-setting 2-component epoxy resin with high&#160;moisture tolerance and particularly good wettability properties. Suitable&#160;for damp and problem&#160;substrates. Cures at temperatures from 5 \u00b0C \/ 41 \u00b0F and in 4 &#8211; 6 hours at 20 \u00b0C \/ 68 \u00b0F.<\/p>\n","width":"4","background_color_text":"bg-white","border_color":"border-gray-light"},{"text":"<p class=\"product-sicing-title\" style=\"text-align: center;\"><strong>Packaging units<\/strong><\/p>\n<ul>\n<li>AL1016-51 &#8211; Bucket combo 10.00 kg<\/li>\n<li>AL1016-30 &#8211; Hobbock combo 30.00 kg<\/li>\n<li>AL1016-01 &#8211; Drum combo 600.00 kg<\/li>\n<\/ul>\n<p><\/p>\n<p>Please do not hesitate to contact us directly for enquiries about larger delivery quantities or packaging units.<\/p>\n\n","width":"4","background_color_text":"bg-white","border_color":"border-gray-light"},{"text":"<p class=\"product-attr-title\" style=\"text-align: center;\"><strong>Properties<\/strong><\/p>\n<ul>\n<li>Total Solid according to GISCODE (Test method &#8220;Deutsche Bauchemie&#8221;)<\/li>\n<li>rapid-setting<\/li>\n<li>very high adhesion<\/li>\n<li>strengthening the substrate<\/li>\n<li>all-purpose use<\/li>\n<li>consistent to hydrolysis and saponification<\/li>\n<li>hardening on pale-damp surfaces<\/li>\n<li>free of deleterious substances against varnish<\/li>\n<\/ul>\n","width":"4","background_color_text":"bg-white","border_color":"border-gray-light"}],"background_color":"bg-none","background_color_content":"bg-none"}},"downloads":{"module_download_list":{"inhalt":null,"downloads":[{"download":{"ID":67080,"id":67080,"title":"EP_52_RAPID_PI_en_2025_08","filename":"EP_52_RAPID_PI_en_2025_08.pdf","filesize":1603850,"url":"https:\/\/dev.klb-koetztal.de\/app\/uploads\/2025\/08\/EP_52_RAPID_PI_en_2025_08.pdf","link":"https:\/\/dev.klb-koetztal.de\/en\/?attachment_id=67080","alt":"","author":"7","description":"","caption":"","name":"ep_52_rapid_pi_en_2025_08-2","status":"inherit","uploaded_to":0,"date":"2025-08-21 07:30:13","modified":"2025-08-21 07:30:13","menu_order":0,"mime_type":"application\/pdf","type":"application","subtype":"pdf","icon":"https:\/\/dev.klb-koetztal.de\/wp\/wp-includes\/images\/media\/document.png"},"filename":"Product Information","protected":false,"doclang":"GB","externalkey":"Produktinformation","docpos":"2"},{"download":{"ID":67083,"id":67083,"title":"EP_52_RAPID_PI_fr_2025_08","filename":"EP_52_RAPID_PI_fr_2025_08.pdf","filesize":1615925,"url":"https:\/\/dev.klb-koetztal.de\/app\/uploads\/2025\/08\/EP_52_RAPID_PI_fr_2025_08.pdf","link":"https:\/\/dev.klb-koetztal.de\/en\/?attachment_id=67083","alt":"","author":"7","description":"","caption":"","name":"ep_52_rapid_pi_fr_2025_08-2","status":"inherit","uploaded_to":0,"date":"2025-08-21 07:30:15","modified":"2025-08-21 07:30:15","menu_order":0,"mime_type":"application\/pdf","type":"application","subtype":"pdf","icon":"https:\/\/dev.klb-koetztal.de\/wp\/wp-includes\/images\/media\/document.png"},"filename":"Information Produit FR","protected":false,"doclang":"FR","externalkey":"Produktinformation","docpos":"3"},{"download":{"ID":49588,"id":49588,"title":"Leistungserkl\u00e4rung - Statement of performance","filename":"EP52_Rapid_LE_2013-04.pdf","filesize":170002,"url":"https:\/\/dev.klb-koetztal.de\/app\/uploads\/2022\/03\/EP52_Rapid_LE_2013-04.pdf","link":"https:\/\/dev.klb-koetztal.de\/en\/?attachment_id=49588","alt":"","author":"7","description":"","caption":"","name":"ep52_rapid_le_2013-04","status":"inherit","uploaded_to":0,"date":"2022-03-14 09:59:31","modified":"2026-03-16 13:14:42","menu_order":0,"mime_type":"application\/pdf","type":"application","subtype":"pdf","icon":"https:\/\/dev.klb-koetztal.de\/wp\/wp-includes\/images\/media\/document.png"},"filename":"Statement of performance - Leistungserkl\u00e4rung","protected":false,"doclang":"Multi","externalkey":"Leistungserklaerung","docpos":"50"},{"download":{"ID":51893,"id":51893,"title":"EP52_Rapid_Umwelt-Deklaration_2022-08","filename":"EP52_Rapid_Umwelt-Deklaration_2022-08.pdf","filesize":2469849,"url":"https:\/\/dev.klb-koetztal.de\/app\/uploads\/2022\/09\/EP52_Rapid_Umwelt-Deklaration_2022-08.pdf","link":"https:\/\/dev.klb-koetztal.de\/en\/?attachment_id=51893","alt":"","author":"7","description":"","caption":"","name":"ep52_rapid_umwelt-deklaration_2022-08-2","status":"inherit","uploaded_to":0,"date":"2022-09-01 06:35:44","modified":"2022-09-01 06:35:44","menu_order":0,"mime_type":"application\/pdf","type":"application","subtype":"pdf","icon":"https:\/\/dev.klb-koetztal.de\/wp\/wp-includes\/images\/media\/document.png"},"filename":"EPD - Environmental Product Declaration","protected":false,"doclang":"Multi","externalkey":"Umweltproduktdeklaration","docpos":"50"},{"download":false,"filename":"Safety data sheet","protected":true,"doclang":"GB","externalkey":"Sicherheitsdatenblatt","docpos":"2"},{"download":false,"filename":"Fiche de donn\u00e9es de s\u00e9curit\u00e9 FR","protected":true,"doclang":"FR","externalkey":"Sicherheitsdatenblatt","docpos":"3"}],"einstellungen":null,"background_color":"bg-none","background_color_content":"bg-none"}},"included_in_systems":{"module_included_in_systems":{"":null,"background_color":"bg-gray-medium","background_color_content":"bg-none"}},"contact":{"module_contact":{"":null,"background_color":"bg-none","background_color_content":"bg-none"}},"ausschreibende":{"module_ausschreibende":{"andern_sie_den_inhalt_unter_universelle_elemente":null,"background_color":"bg-none","background_color_content":"bg-none"}}},"yoast_head":"<!-- This site is optimized with the Yoast SEO plugin v27.0 - https:\/\/yoast.com\/product\/yoast-seo-wordpress\/ -->\n<title>Fast, moisture-tolerating primer EP 52 | KLB<\/title>\n<meta name=\"description\" content=\"Rapid-setting, cold-hardening, solvent-free primer EP 52 RAPID for moist substrates | KLB floors \u2714\ufe0f also for temperatures from 5 \u00b0C\" \/>\n<meta name=\"robots\" content=\"noindex, follow, max-snippet:-1, max-image-preview:large, max-video-preview:-1\" \/>\n<meta property=\"og:locale\" content=\"en_GB\" \/>\n<meta property=\"og:type\" content=\"article\" \/>\n<meta property=\"og:title\" content=\"Fast, moisture-tolerating primer EP 52 | KLB\" \/>\n<meta property=\"og:description\" content=\"Rapid-setting, cold-hardening, solvent-free primer EP 52 RAPID for moist substrates | KLB floors \u2714\ufe0f also for temperatures from 5 \u00b0C\" \/>\n<meta property=\"og:url\" content=\"https:\/\/dev.klb-koetztal.de\/en\/produkt\/klb-system-epoxid-ep-52-rapid\/\" \/>\n<meta property=\"og:site_name\" content=\"KLB K\u00f6tztal\" \/>\n<meta property=\"article:publisher\" content=\"https:\/\/www.facebook.com\/klbkoetztal\" \/>\n<meta property=\"article:modified_time\" content=\"2026-03-16T13:14:35+00:00\" \/>\n<meta property=\"og:image\" content=\"https:\/\/dev.klb-koetztal.de\/app\/uploads\/2022\/03\/EP52_Rapid.jpg\" \/>\n\t<meta property=\"og:image:width\" content=\"500\" \/>\n\t<meta property=\"og:image:height\" content=\"500\" \/>\n\t<meta property=\"og:image:type\" content=\"image\/jpeg\" \/>\n<meta name=\"twitter:card\" content=\"summary_large_image\" \/>\n<script type=\"application\/ld+json\" class=\"yoast-schema-graph\">{\"@context\":\"https:\/\/schema.org\",\"@graph\":[{\"@type\":\"WebPage\",\"@id\":\"https:\/\/dev.klb-koetztal.de\/en\/produkt\/klb-system-epoxid-ep-52-rapid\/\",\"url\":\"https:\/\/dev.klb-koetztal.de\/en\/produkt\/klb-system-epoxid-ep-52-rapid\/\",\"name\":\"Fast, moisture-tolerating primer EP 52 | KLB\",\"isPartOf\":{\"@id\":\"https:\/\/dev.klb-koetztal.de\/en\/#website\"},\"primaryImageOfPage\":{\"@id\":\"https:\/\/dev.klb-koetztal.de\/en\/produkt\/klb-system-epoxid-ep-52-rapid\/#primaryimage\"},\"image\":{\"@id\":\"https:\/\/dev.klb-koetztal.de\/en\/produkt\/klb-system-epoxid-ep-52-rapid\/#primaryimage\"},\"thumbnailUrl\":\"https:\/\/dev.klb-koetztal.de\/app\/uploads\/2022\/03\/EP52_Rapid.jpg\",\"datePublished\":\"2021-08-19T08:00:26+00:00\",\"dateModified\":\"2026-03-16T13:14:35+00:00\",\"description\":\"Rapid-setting, cold-hardening, solvent-free primer EP 52 RAPID for moist substrates | KLB floors \u2714\ufe0f also for temperatures from 5 \u00b0C\",\"breadcrumb\":{\"@id\":\"https:\/\/dev.klb-koetztal.de\/en\/produkt\/klb-system-epoxid-ep-52-rapid\/#breadcrumb\"},\"inLanguage\":\"en-GB\",\"potentialAction\":[{\"@type\":\"ReadAction\",\"target\":[\"https:\/\/dev.klb-koetztal.de\/en\/produkt\/klb-system-epoxid-ep-52-rapid\/\"]}]},{\"@type\":\"ImageObject\",\"inLanguage\":\"en-GB\",\"@id\":\"https:\/\/dev.klb-koetztal.de\/en\/produkt\/klb-system-epoxid-ep-52-rapid\/#primaryimage\",\"url\":\"https:\/\/dev.klb-koetztal.de\/app\/uploads\/2022\/03\/EP52_Rapid.jpg\",\"contentUrl\":\"https:\/\/dev.klb-koetztal.de\/app\/uploads\/2022\/03\/EP52_Rapid.jpg\",\"width\":500,\"height\":500},{\"@type\":\"BreadcrumbList\",\"@id\":\"https:\/\/dev.klb-koetztal.de\/en\/produkt\/klb-system-epoxid-ep-52-rapid\/#breadcrumb\",\"itemListElement\":[{\"@type\":\"ListItem\",\"position\":1,\"name\":\"Startseite\",\"item\":\"https:\/\/dev.klb-koetztal.de\/en\/\"},{\"@type\":\"ListItem\",\"position\":2,\"name\":\"KLB-SYSTEM EPOXID EP 52 RAPID\"}]},{\"@type\":\"WebSite\",\"@id\":\"https:\/\/dev.klb-koetztal.de\/en\/#website\",\"url\":\"https:\/\/dev.klb-koetztal.de\/en\/\",\"name\":\"KLB K\u00f6tztal\",\"description\":\"Gute B\u00f6den haben ein System.\",\"potentialAction\":[{\"@type\":\"SearchAction\",\"target\":{\"@type\":\"EntryPoint\",\"urlTemplate\":\"https:\/\/dev.klb-koetztal.de\/en\/?s={search_term_string}\"},\"query-input\":{\"@type\":\"PropertyValueSpecification\",\"valueRequired\":true,\"valueName\":\"search_term_string\"}}],\"inLanguage\":\"en-GB\"}]}<\/script>\n<!-- \/ Yoast SEO plugin. -->","yoast_head_json":{"title":"Fast, moisture-tolerating primer EP 52 | KLB","description":"Rapid-setting, cold-hardening, solvent-free primer EP 52 RAPID for moist substrates | KLB floors \u2714\ufe0f also for temperatures from 5 \u00b0C","robots":{"index":"noindex","follow":"follow","max-snippet":"max-snippet:-1","max-image-preview":"max-image-preview:large","max-video-preview":"max-video-preview:-1"},"og_locale":"en_GB","og_type":"article","og_title":"Fast, moisture-tolerating primer EP 52 | KLB","og_description":"Rapid-setting, cold-hardening, solvent-free primer EP 52 RAPID for moist substrates | KLB floors \u2714\ufe0f also for temperatures from 5 \u00b0C","og_url":"https:\/\/dev.klb-koetztal.de\/en\/produkt\/klb-system-epoxid-ep-52-rapid\/","og_site_name":"KLB K\u00f6tztal","article_publisher":"https:\/\/www.facebook.com\/klbkoetztal","article_modified_time":"2026-03-16T13:14:35+00:00","og_image":[{"width":500,"height":500,"url":"https:\/\/dev.klb-koetztal.de\/app\/uploads\/2022\/03\/EP52_Rapid.jpg","type":"image\/jpeg"}],"twitter_card":"summary_large_image","schema":{"@context":"https:\/\/schema.org","@graph":[{"@type":"WebPage","@id":"https:\/\/dev.klb-koetztal.de\/en\/produkt\/klb-system-epoxid-ep-52-rapid\/","url":"https:\/\/dev.klb-koetztal.de\/en\/produkt\/klb-system-epoxid-ep-52-rapid\/","name":"Fast, moisture-tolerating primer EP 52 | KLB","isPartOf":{"@id":"https:\/\/dev.klb-koetztal.de\/en\/#website"},"primaryImageOfPage":{"@id":"https:\/\/dev.klb-koetztal.de\/en\/produkt\/klb-system-epoxid-ep-52-rapid\/#primaryimage"},"image":{"@id":"https:\/\/dev.klb-koetztal.de\/en\/produkt\/klb-system-epoxid-ep-52-rapid\/#primaryimage"},"thumbnailUrl":"https:\/\/dev.klb-koetztal.de\/app\/uploads\/2022\/03\/EP52_Rapid.jpg","datePublished":"2021-08-19T08:00:26+00:00","dateModified":"2026-03-16T13:14:35+00:00","description":"Rapid-setting, cold-hardening, solvent-free primer EP 52 RAPID for moist substrates | KLB floors \u2714\ufe0f also for temperatures from 5 \u00b0C","breadcrumb":{"@id":"https:\/\/dev.klb-koetztal.de\/en\/produkt\/klb-system-epoxid-ep-52-rapid\/#breadcrumb"},"inLanguage":"en-GB","potentialAction":[{"@type":"ReadAction","target":["https:\/\/dev.klb-koetztal.de\/en\/produkt\/klb-system-epoxid-ep-52-rapid\/"]}]},{"@type":"ImageObject","inLanguage":"en-GB","@id":"https:\/\/dev.klb-koetztal.de\/en\/produkt\/klb-system-epoxid-ep-52-rapid\/#primaryimage","url":"https:\/\/dev.klb-koetztal.de\/app\/uploads\/2022\/03\/EP52_Rapid.jpg","contentUrl":"https:\/\/dev.klb-koetztal.de\/app\/uploads\/2022\/03\/EP52_Rapid.jpg","width":500,"height":500},{"@type":"BreadcrumbList","@id":"https:\/\/dev.klb-koetztal.de\/en\/produkt\/klb-system-epoxid-ep-52-rapid\/#breadcrumb","itemListElement":[{"@type":"ListItem","position":1,"name":"Startseite","item":"https:\/\/dev.klb-koetztal.de\/en\/"},{"@type":"ListItem","position":2,"name":"KLB-SYSTEM EPOXID EP 52 RAPID"}]},{"@type":"WebSite","@id":"https:\/\/dev.klb-koetztal.de\/en\/#website","url":"https:\/\/dev.klb-koetztal.de\/en\/","name":"KLB K\u00f6tztal","description":"Gute B\u00f6den haben ein System.","potentialAction":[{"@type":"SearchAction","target":{"@type":"EntryPoint","urlTemplate":"https:\/\/dev.klb-koetztal.de\/en\/?s={search_term_string}"},"query-input":{"@type":"PropertyValueSpecification","valueRequired":true,"valueName":"search_term_string"}}],"inLanguage":"en-GB"}]}},"_links":{"self":[{"href":"https:\/\/dev.klb-koetztal.de\/en\/wp-json\/wp\/v2\/product\/46773","targetHints":{"allow":["GET"]}}],"collection":[{"href":"https:\/\/dev.klb-koetztal.de\/en\/wp-json\/wp\/v2\/product"}],"about":[{"href":"https:\/\/dev.klb-koetztal.de\/en\/wp-json\/wp\/v2\/types\/product"}],"wp:featuredmedia":[{"embeddable":true,"href":"https:\/\/dev.klb-koetztal.de\/en\/wp-json\/wp\/v2\/media\/49586"}],"wp:attachment":[{"href":"https:\/\/dev.klb-koetztal.de\/en\/wp-json\/wp\/v2\/media?parent=46773"}],"wp:term":[{"taxonomy":"product_brand","embeddable":true,"href":"https:\/\/dev.klb-koetztal.de\/en\/wp-json\/wp\/v2\/product_brand?post=46773"},{"taxonomy":"product_cat","embeddable":true,"href":"https:\/\/dev.klb-koetztal.de\/en\/wp-json\/wp\/v2\/product_cat?post=46773"},{"taxonomy":"product_tag","embeddable":true,"href":"https:\/\/dev.klb-koetztal.de\/en\/wp-json\/wp\/v2\/product_tag?post=46773"}],"curies":[{"name":"wp","href":"https:\/\/api.w.org\/{rel}","templated":true}]}}