{"id":46770,"date":"2021-08-19T09:59:31","date_gmt":"2021-08-19T07:59:31","guid":{"rendered":"https:\/\/dev.klb-koetztal.de\/produkt\/car-park-surface-protection-system-klb-system-epoxid-ep-5520\/"},"modified":"2026-03-16T14:13:16","modified_gmt":"2026-03-16T13:13:16","slug":"car-park-surface-protection-system-klb-system-epoxid-ep-5520","status":"publish","type":"product","link":"https:\/\/dev.klb-koetztal.de\/en\/produkt\/car-park-surface-protection-system-klb-system-epoxid-ep-5520\/","title":{"rendered":"CAR PARK surface protection system KLB-SYSTEM EPOXID EP 5520"},"content":{"rendered":"","protected":false},"excerpt":{"rendered":"<p>Ready-to-use, unfilled, tested 2-component epoxy resin system primer for surface protection systems OS 8, OS 11 a\/b or OS 14 according to the DAfStb and TR maintenance directive. Suitable as primer and for scratch coats.&#160;Tested against rear-side moisture ingress &#8211; 365 days.<\/p>\n","protected":false},"featured_media":49569,"template":"","meta":{"_acf_changed":false},"product_brand":[],"product_cat":[9607,9608,9609,9639],"product_tag":[],"class_list":{"0":"post-46770","1":"product","2":"type-product","3":"status-publish","4":"has-post-thumbnail","6":"product_cat-primers","7":"product_cat-2-component-epoxy-resin-primers","8":"product_cat-coatings","9":"product_cat-car-park-coatings-including-rapid-setting","11":"first","12":"instock","13":"shipping-taxable","14":"product-type-simple"},"acf":{"product_header":{"module_product_header":{"":null,"prototype_headline":{"headline":"CAR PARK surface protection system KLB-SYSTEM EPOXID EP 5520","h1":true,"subheadline":"Universal 2-component epoxy resin primer for surface protectionsystems (OS 8, OS 11 a\/b and OS 14) in accordance with DAfStb and TR maintenance directive","anchor":"","url":""},"grid_text_slider":false,"grid_text_content":[{"text":"<p class=\"product-short-title\" style=\"text-align: center;\"><strong>Brief description<\/strong><\/p>\n<p>Ready-to-use, unfilled, tested 2-component epoxy resin system primer for surface protection systems OS 8, OS 11 a\/b or OS 14 according to the DAfStb and TR maintenance directive. Suitable as primer and for scratch coats.&#160;Tested against rear-side moisture ingress &#8211; 365 days.<\/p>\n","width":"4","background_color_text":"bg-white","border_color":"border-gray-light"},{"text":"<p class=\"product-sicing-title\" style=\"text-align: center;\"><strong>Packaging units<\/strong><\/p>\n<ul>\n<li>AK1103-50 &#8211; Bucket combo 10.00 kg<\/li>\n<li>AK1103-30 &#8211; Hobbock combo 30.00 kg<\/li>\n<li>AK1103-01 &#8211; Drum combo 588.00 kg<\/li>\n<\/ul>\n<p><\/p>\n<p>Please do not hesitate to contact us directly for enquiries about larger delivery quantities or packaging units.<\/p>\n\n","width":"4","background_color_text":"bg-white","border_color":"border-gray-light"},{"text":"<p class=\"product-attr-title\" style=\"text-align: center;\"><strong>Properties<\/strong><\/p>\n<ul>\n<li>Total Solid according to GISCODE (Test method &#8220;Deutsche Bauchemie&#8221;)<\/li>\n<li>all-purpose use<\/li>\n<li>good interlayer adhesion<\/li>\n<li>very economical<\/li>\n<\/ul>\n","width":"4","background_color_text":"bg-white","border_color":"border-gray-light"}],"background_color":"bg-none","background_color_content":"bg-none"}},"downloads":{"module_download_list":{"inhalt":null,"downloads":[{"download":{"ID":66908,"id":66908,"title":"EP_5520_PI_en_2025_08","filename":"EP_5520_PI_en_2025_08.pdf","filesize":2180929,"url":"https:\/\/dev.klb-koetztal.de\/app\/uploads\/2025\/08\/EP_5520_PI_en_2025_08.pdf","link":"https:\/\/dev.klb-koetztal.de\/en\/?attachment_id=66908","alt":"","author":"7","description":"","caption":"","name":"ep_5520_pi_en_2025_08-2","status":"inherit","uploaded_to":0,"date":"2025-08-07 05:20:15","modified":"2025-08-07 05:20:15","menu_order":0,"mime_type":"application\/pdf","type":"application","subtype":"pdf","icon":"https:\/\/dev.klb-koetztal.de\/wp\/wp-includes\/images\/media\/document.png"},"filename":"Product Information","protected":false,"doclang":"GB","externalkey":"Produktinformation","docpos":"2"},{"download":{"ID":66911,"id":66911,"title":"EP_5520_PI_fr_2025_08","filename":"EP_5520_PI_fr_2025_08.pdf","filesize":2215352,"url":"https:\/\/dev.klb-koetztal.de\/app\/uploads\/2025\/08\/EP_5520_PI_fr_2025_08.pdf","link":"https:\/\/dev.klb-koetztal.de\/en\/?attachment_id=66911","alt":"","author":"7","description":"","caption":"","name":"ep_5520_pi_fr_2025_08-2","status":"inherit","uploaded_to":0,"date":"2025-08-07 05:20:17","modified":"2025-08-07 05:20:17","menu_order":0,"mime_type":"application\/pdf","type":"application","subtype":"pdf","icon":"https:\/\/dev.klb-koetztal.de\/wp\/wp-includes\/images\/media\/document.png"},"filename":"Information Produit FR","protected":false,"doclang":"FR","externalkey":"Produktinformation","docpos":"3"},{"download":{"ID":64713,"id":64713,"title":"EP_5520_LE_en_2025_03","filename":"EP_5520_LE_en_2025_03.pdf","filesize":677534,"url":"https:\/\/dev.klb-koetztal.de\/app\/uploads\/2025\/03\/EP_5520_LE_en_2025_03.pdf","link":"https:\/\/dev.klb-koetztal.de\/en\/?attachment_id=64713","alt":"","author":"7","description":"","caption":"","name":"ep_5520_le_en_2025_03-2","status":"inherit","uploaded_to":0,"date":"2025-03-26 12:00:17","modified":"2025-03-26 12:00:17","menu_order":0,"mime_type":"application\/pdf","type":"application","subtype":"pdf","icon":"https:\/\/dev.klb-koetztal.de\/wp\/wp-includes\/images\/media\/document.png"},"filename":"Statement of performance","protected":false,"doclang":"GB","externalkey":"Leistungserklaerung","docpos":"2"},{"download":{"ID":64716,"id":64716,"title":"EP_5520_LE_fr_2025_03","filename":"EP_5520_LE_fr_2025_03.pdf","filesize":683044,"url":"https:\/\/dev.klb-koetztal.de\/app\/uploads\/2025\/03\/EP_5520_LE_fr_2025_03.pdf","link":"https:\/\/dev.klb-koetztal.de\/en\/?attachment_id=64716","alt":"","author":"7","description":"","caption":"","name":"ep_5520_le_fr_2025_03-2","status":"inherit","uploaded_to":0,"date":"2025-03-26 12:00:19","modified":"2025-03-26 12:00:19","menu_order":0,"mime_type":"application\/pdf","type":"application","subtype":"pdf","icon":"https:\/\/dev.klb-koetztal.de\/wp\/wp-includes\/images\/media\/document.png"},"filename":"Declaration of performance","protected":false,"doclang":"FR","externalkey":"Leistungserklaerung","docpos":"3"},{"download":{"ID":52070,"id":52070,"title":"EP5520_Umwelt-Deklaration_2022-08","filename":"EP5520_Umwelt-Deklaration_2022-08.pdf","filesize":4671278,"url":"https:\/\/dev.klb-koetztal.de\/app\/uploads\/2022\/09\/EP5520_Umwelt-Deklaration_2022-08.pdf","link":"https:\/\/dev.klb-koetztal.de\/en\/?attachment_id=52070","alt":"","author":"7","description":"","caption":"","name":"ep5520_umwelt-deklaration_2022-08-2","status":"inherit","uploaded_to":0,"date":"2022-09-01 11:41:10","modified":"2022-09-01 11:41:10","menu_order":0,"mime_type":"application\/pdf","type":"application","subtype":"pdf","icon":"https:\/\/dev.klb-koetztal.de\/wp\/wp-includes\/images\/media\/document.png"},"filename":"EPD - Environmental Product Declaration","protected":false,"doclang":"Multi","externalkey":"Umweltproduktdeklaration","docpos":"50"},{"download":false,"filename":"Safety data sheet","protected":true,"doclang":"GB","externalkey":"Sicherheitsdatenblatt","docpos":"2"},{"download":false,"filename":"Fiche de donn\u00e9es de s\u00e9curit\u00e9 FR","protected":true,"doclang":"FR","externalkey":"Sicherheitsdatenblatt","docpos":"3"}],"einstellungen":null,"background_color":"bg-none","background_color_content":"bg-none"}},"included_in_systems":{"module_included_in_systems":{"":null,"background_color":"bg-gray-medium","background_color_content":"bg-none"}},"contact":{"module_contact":{"":null,"background_color":"bg-none","background_color_content":"bg-none"}},"ausschreibende":{"module_ausschreibende":{"andern_sie_den_inhalt_unter_universelle_elemente":null,"background_color":"bg-none","background_color_content":"bg-none"}}},"yoast_head":"<!-- This site is optimized with the Yoast SEO plugin v27.0 - https:\/\/yoast.com\/product\/yoast-seo-wordpress\/ -->\n<title>Low-viscosity, solvent-free primer EP 5520 | KLB K\u00f6tztal<\/title>\n<meta name=\"description\" content=\"Low-viscous, ready-to-use base and scratch coat EP 5520 | KLB floor coatings \u2714\ufe0f for surface protection syystems OS 8, OS 11 a\/b and OS 14\" \/>\n<meta name=\"robots\" content=\"noindex, follow, max-snippet:-1, max-image-preview:large, max-video-preview:-1\" \/>\n<meta property=\"og:locale\" content=\"en_GB\" \/>\n<meta property=\"og:type\" content=\"article\" \/>\n<meta property=\"og:title\" content=\"Low-viscosity, solvent-free primer EP 5520 | KLB K\u00f6tztal\" \/>\n<meta property=\"og:description\" content=\"Low-viscous, ready-to-use base and scratch coat EP 5520 | KLB floor coatings \u2714\ufe0f for surface protection syystems OS 8, OS 11 a\/b and OS 14\" \/>\n<meta property=\"og:url\" content=\"https:\/\/dev.klb-koetztal.de\/en\/produkt\/car-park-surface-protection-system-klb-system-epoxid-ep-5520\/\" \/>\n<meta property=\"og:site_name\" content=\"KLB K\u00f6tztal\" \/>\n<meta property=\"article:publisher\" content=\"https:\/\/www.facebook.com\/klbkoetztal\" \/>\n<meta property=\"article:modified_time\" content=\"2026-03-16T13:13:16+00:00\" \/>\n<meta property=\"og:image\" content=\"https:\/\/dev.klb-koetztal.de\/app\/uploads\/2022\/03\/EP5520.jpg\" \/>\n\t<meta property=\"og:image:width\" content=\"500\" \/>\n\t<meta property=\"og:image:height\" content=\"500\" \/>\n\t<meta property=\"og:image:type\" content=\"image\/jpeg\" \/>\n<meta name=\"twitter:card\" content=\"summary_large_image\" \/>\n<script type=\"application\/ld+json\" class=\"yoast-schema-graph\">{\"@context\":\"https:\/\/schema.org\",\"@graph\":[{\"@type\":\"WebPage\",\"@id\":\"https:\/\/dev.klb-koetztal.de\/en\/produkt\/car-park-surface-protection-system-klb-system-epoxid-ep-5520\/\",\"url\":\"https:\/\/dev.klb-koetztal.de\/en\/produkt\/car-park-surface-protection-system-klb-system-epoxid-ep-5520\/\",\"name\":\"Low-viscosity, solvent-free primer EP 5520 | KLB K\u00f6tztal\",\"isPartOf\":{\"@id\":\"https:\/\/dev.klb-koetztal.de\/en\/#website\"},\"primaryImageOfPage\":{\"@id\":\"https:\/\/dev.klb-koetztal.de\/en\/produkt\/car-park-surface-protection-system-klb-system-epoxid-ep-5520\/#primaryimage\"},\"image\":{\"@id\":\"https:\/\/dev.klb-koetztal.de\/en\/produkt\/car-park-surface-protection-system-klb-system-epoxid-ep-5520\/#primaryimage\"},\"thumbnailUrl\":\"https:\/\/dev.klb-koetztal.de\/app\/uploads\/2022\/03\/EP5520.jpg\",\"datePublished\":\"2021-08-19T07:59:31+00:00\",\"dateModified\":\"2026-03-16T13:13:16+00:00\",\"description\":\"Low-viscous, ready-to-use base and scratch coat EP 5520 | KLB floor coatings \u2714\ufe0f for surface protection syystems OS 8, OS 11 a\/b and OS 14\",\"breadcrumb\":{\"@id\":\"https:\/\/dev.klb-koetztal.de\/en\/produkt\/car-park-surface-protection-system-klb-system-epoxid-ep-5520\/#breadcrumb\"},\"inLanguage\":\"en-GB\",\"potentialAction\":[{\"@type\":\"ReadAction\",\"target\":[\"https:\/\/dev.klb-koetztal.de\/en\/produkt\/car-park-surface-protection-system-klb-system-epoxid-ep-5520\/\"]}]},{\"@type\":\"ImageObject\",\"inLanguage\":\"en-GB\",\"@id\":\"https:\/\/dev.klb-koetztal.de\/en\/produkt\/car-park-surface-protection-system-klb-system-epoxid-ep-5520\/#primaryimage\",\"url\":\"https:\/\/dev.klb-koetztal.de\/app\/uploads\/2022\/03\/EP5520.jpg\",\"contentUrl\":\"https:\/\/dev.klb-koetztal.de\/app\/uploads\/2022\/03\/EP5520.jpg\",\"width\":500,\"height\":500},{\"@type\":\"BreadcrumbList\",\"@id\":\"https:\/\/dev.klb-koetztal.de\/en\/produkt\/car-park-surface-protection-system-klb-system-epoxid-ep-5520\/#breadcrumb\",\"itemListElement\":[{\"@type\":\"ListItem\",\"position\":1,\"name\":\"Startseite\",\"item\":\"https:\/\/dev.klb-koetztal.de\/en\/\"},{\"@type\":\"ListItem\",\"position\":2,\"name\":\"CAR PARK surface protection system KLB-SYSTEM EPOXID EP 5520\"}]},{\"@type\":\"WebSite\",\"@id\":\"https:\/\/dev.klb-koetztal.de\/en\/#website\",\"url\":\"https:\/\/dev.klb-koetztal.de\/en\/\",\"name\":\"KLB K\u00f6tztal\",\"description\":\"Gute B\u00f6den haben ein System.\",\"potentialAction\":[{\"@type\":\"SearchAction\",\"target\":{\"@type\":\"EntryPoint\",\"urlTemplate\":\"https:\/\/dev.klb-koetztal.de\/en\/?s={search_term_string}\"},\"query-input\":{\"@type\":\"PropertyValueSpecification\",\"valueRequired\":true,\"valueName\":\"search_term_string\"}}],\"inLanguage\":\"en-GB\"}]}<\/script>\n<!-- \/ Yoast SEO plugin. -->","yoast_head_json":{"title":"Low-viscosity, solvent-free primer EP 5520 | KLB K\u00f6tztal","description":"Low-viscous, ready-to-use base and scratch coat EP 5520 | KLB floor coatings \u2714\ufe0f for surface protection syystems OS 8, OS 11 a\/b and OS 14","robots":{"index":"noindex","follow":"follow","max-snippet":"max-snippet:-1","max-image-preview":"max-image-preview:large","max-video-preview":"max-video-preview:-1"},"og_locale":"en_GB","og_type":"article","og_title":"Low-viscosity, solvent-free primer EP 5520 | KLB K\u00f6tztal","og_description":"Low-viscous, ready-to-use base and scratch coat EP 5520 | KLB floor coatings \u2714\ufe0f for surface protection syystems OS 8, OS 11 a\/b and OS 14","og_url":"https:\/\/dev.klb-koetztal.de\/en\/produkt\/car-park-surface-protection-system-klb-system-epoxid-ep-5520\/","og_site_name":"KLB K\u00f6tztal","article_publisher":"https:\/\/www.facebook.com\/klbkoetztal","article_modified_time":"2026-03-16T13:13:16+00:00","og_image":[{"width":500,"height":500,"url":"https:\/\/dev.klb-koetztal.de\/app\/uploads\/2022\/03\/EP5520.jpg","type":"image\/jpeg"}],"twitter_card":"summary_large_image","schema":{"@context":"https:\/\/schema.org","@graph":[{"@type":"WebPage","@id":"https:\/\/dev.klb-koetztal.de\/en\/produkt\/car-park-surface-protection-system-klb-system-epoxid-ep-5520\/","url":"https:\/\/dev.klb-koetztal.de\/en\/produkt\/car-park-surface-protection-system-klb-system-epoxid-ep-5520\/","name":"Low-viscosity, solvent-free primer EP 5520 | KLB K\u00f6tztal","isPartOf":{"@id":"https:\/\/dev.klb-koetztal.de\/en\/#website"},"primaryImageOfPage":{"@id":"https:\/\/dev.klb-koetztal.de\/en\/produkt\/car-park-surface-protection-system-klb-system-epoxid-ep-5520\/#primaryimage"},"image":{"@id":"https:\/\/dev.klb-koetztal.de\/en\/produkt\/car-park-surface-protection-system-klb-system-epoxid-ep-5520\/#primaryimage"},"thumbnailUrl":"https:\/\/dev.klb-koetztal.de\/app\/uploads\/2022\/03\/EP5520.jpg","datePublished":"2021-08-19T07:59:31+00:00","dateModified":"2026-03-16T13:13:16+00:00","description":"Low-viscous, ready-to-use base and scratch coat EP 5520 | KLB floor coatings \u2714\ufe0f for surface protection syystems OS 8, OS 11 a\/b and OS 14","breadcrumb":{"@id":"https:\/\/dev.klb-koetztal.de\/en\/produkt\/car-park-surface-protection-system-klb-system-epoxid-ep-5520\/#breadcrumb"},"inLanguage":"en-GB","potentialAction":[{"@type":"ReadAction","target":["https:\/\/dev.klb-koetztal.de\/en\/produkt\/car-park-surface-protection-system-klb-system-epoxid-ep-5520\/"]}]},{"@type":"ImageObject","inLanguage":"en-GB","@id":"https:\/\/dev.klb-koetztal.de\/en\/produkt\/car-park-surface-protection-system-klb-system-epoxid-ep-5520\/#primaryimage","url":"https:\/\/dev.klb-koetztal.de\/app\/uploads\/2022\/03\/EP5520.jpg","contentUrl":"https:\/\/dev.klb-koetztal.de\/app\/uploads\/2022\/03\/EP5520.jpg","width":500,"height":500},{"@type":"BreadcrumbList","@id":"https:\/\/dev.klb-koetztal.de\/en\/produkt\/car-park-surface-protection-system-klb-system-epoxid-ep-5520\/#breadcrumb","itemListElement":[{"@type":"ListItem","position":1,"name":"Startseite","item":"https:\/\/dev.klb-koetztal.de\/en\/"},{"@type":"ListItem","position":2,"name":"CAR PARK surface protection system KLB-SYSTEM EPOXID EP 5520"}]},{"@type":"WebSite","@id":"https:\/\/dev.klb-koetztal.de\/en\/#website","url":"https:\/\/dev.klb-koetztal.de\/en\/","name":"KLB K\u00f6tztal","description":"Gute B\u00f6den haben ein System.","potentialAction":[{"@type":"SearchAction","target":{"@type":"EntryPoint","urlTemplate":"https:\/\/dev.klb-koetztal.de\/en\/?s={search_term_string}"},"query-input":{"@type":"PropertyValueSpecification","valueRequired":true,"valueName":"search_term_string"}}],"inLanguage":"en-GB"}]}},"_links":{"self":[{"href":"https:\/\/dev.klb-koetztal.de\/en\/wp-json\/wp\/v2\/product\/46770","targetHints":{"allow":["GET"]}}],"collection":[{"href":"https:\/\/dev.klb-koetztal.de\/en\/wp-json\/wp\/v2\/product"}],"about":[{"href":"https:\/\/dev.klb-koetztal.de\/en\/wp-json\/wp\/v2\/types\/product"}],"wp:featuredmedia":[{"embeddable":true,"href":"https:\/\/dev.klb-koetztal.de\/en\/wp-json\/wp\/v2\/media\/49569"}],"wp:attachment":[{"href":"https:\/\/dev.klb-koetztal.de\/en\/wp-json\/wp\/v2\/media?parent=46770"}],"wp:term":[{"taxonomy":"product_brand","embeddable":true,"href":"https:\/\/dev.klb-koetztal.de\/en\/wp-json\/wp\/v2\/product_brand?post=46770"},{"taxonomy":"product_cat","embeddable":true,"href":"https:\/\/dev.klb-koetztal.de\/en\/wp-json\/wp\/v2\/product_cat?post=46770"},{"taxonomy":"product_tag","embeddable":true,"href":"https:\/\/dev.klb-koetztal.de\/en\/wp-json\/wp\/v2\/product_tag?post=46770"}],"curies":[{"name":"wp","href":"https:\/\/api.w.org\/{rel}","templated":true}]}}