{"id":46768,"date":"2021-08-19T09:58:45","date_gmt":"2021-08-19T07:58:45","guid":{"rendered":"https:\/\/dev.klb-koetztal.de\/produkt\/klb-system-epoxid-ep-77-spachtel-leitschicht\/"},"modified":"2026-03-16T14:09:24","modified_gmt":"2026-03-16T13:09:24","slug":"klb-system-epoxid-ep-77-spachtel-leitschicht","status":"publish","type":"product","link":"https:\/\/dev.klb-koetztal.de\/en\/produkt\/klb-system-epoxid-ep-77-spachtel-leitschicht\/","title":{"rendered":"KLB-SYSTEM EPOXID EP 77 Spachtel-Leitschicht"},"content":{"rendered":"","protected":false},"excerpt":{"rendered":"<p>Low-emission,&#160;electrically conductive&#160;2-component&#160;epoxy resin filler coat \u2013&#160;to be installed in one layer \u2013&#160;prior to&#160;the application of ESD-conductive coatings.<br \/>\nAs base coat for ESD-conductive RX coverings scattered with coloured sand. Allows an up to 2 days faster installation of ESD coatings.&#160;<\/p>\n","protected":false},"featured_media":49539,"template":"","meta":{"_acf_changed":false},"product_brand":[],"product_cat":[9609,9641],"product_tag":[],"class_list":{"0":"post-46768","1":"product","2":"type-product","3":"status-publish","4":"has-post-thumbnail","6":"product_cat-coatings","7":"product_cat-conductive-coatings-for-esd-protection","9":"first","10":"instock","11":"shipping-taxable","12":"product-type-simple"},"acf":{"product_header":{"module_product_header":{"":null,"prototype_headline":{"headline":"KLB-SYSTEM EPOXID EP 77 Spachtel-Leitschicht","h1":true,"subheadline":"Light grey, highly electrically conductive 2-component epoxy resin base coat to be used as conductive layer and scratch coat&#160;before the application of&#160;ESD coatings","anchor":"","url":""},"grid_text_slider":false,"grid_text_content":[{"text":"<p class=\"product-short-title\" style=\"text-align: center;\"><strong>Brief description<\/strong><\/p>\n<p>Low-emission,&#160;electrically conductive&#160;2-component&#160;epoxy resin filler coat \u2013&#160;to be installed in one layer \u2013&#160;prior to&#160;the application of ESD-conductive coatings.<\/p>\n<p>As base coat for ESD-conductive RX coverings scattered with coloured sand. Allows an up to 2 days faster installation of ESD coatings.&#160;<\/p>\n","width":"4","background_color_text":"bg-white","border_color":"border-gray-light"},{"text":"<p class=\"product-sicing-title\" style=\"text-align: center;\"><strong>Packaging units<\/strong><\/p>\n<ul>\n<li>AK1425-50 &#8211; Bucket combo 10.00 kg<\/li>\n<li>AK1425-30 &#8211; Hobbock combo 30.00 kg<\/li>\n<\/ul>\n<p><\/p>\n<p>Please do not hesitate to contact us directly for enquiries about larger delivery quantities or packaging units.<\/p>\n\n","width":"4","background_color_text":"bg-white","border_color":"border-gray-light"},{"text":"<p class=\"product-attr-title\" style=\"text-align: center;\"><strong>Properties<\/strong><\/p>\n<ul>\n<li>Total Solid according to GISCODE (Test method &#8220;Deutsche Bauchemie&#8221;)<\/li>\n<li>tested, low-emission quality<\/li>\n<li>rapid-setting<\/li>\n<li>high conductivity<\/li>\n<li>balancing depth of roughness<\/li>\n<li>no conductive layer necessary<\/li>\n<li>very high adhesion<\/li>\n<li>time-saving<\/li>\n<\/ul>\n","width":"4","background_color_text":"bg-white","border_color":"border-gray-light"}],"background_color":"bg-none","background_color_content":"bg-none"}},"downloads":{"module_download_list":{"inhalt":null,"downloads":[{"download":{"ID":67125,"id":67125,"title":"EP_77_Spachtel-Leitschicht_PI_en_2025_08","filename":"EP_77_Spachtel-Leitschicht_PI_en_2025_08.pdf","filesize":1710198,"url":"https:\/\/dev.klb-koetztal.de\/app\/uploads\/2025\/08\/EP_77_Spachtel-Leitschicht_PI_en_2025_08.pdf","link":"https:\/\/dev.klb-koetztal.de\/en\/?attachment_id=67125","alt":"","author":"7","description":"","caption":"","name":"ep_77_spachtel-leitschicht_pi_en_2025_08-2","status":"inherit","uploaded_to":0,"date":"2025-08-21 07:50:23","modified":"2025-08-21 07:50:23","menu_order":0,"mime_type":"application\/pdf","type":"application","subtype":"pdf","icon":"https:\/\/dev.klb-koetztal.de\/wp\/wp-includes\/images\/media\/document.png"},"filename":"Product Information","protected":false,"doclang":"GB","externalkey":"Produktinformation","docpos":"2"},{"download":{"ID":67128,"id":67128,"title":"EP_77_Spachtel-Leitschicht_PI_fr_2025_08","filename":"EP_77_Spachtel-Leitschicht_PI_fr_2025_08.pdf","filesize":1718178,"url":"https:\/\/dev.klb-koetztal.de\/app\/uploads\/2025\/08\/EP_77_Spachtel-Leitschicht_PI_fr_2025_08.pdf","link":"https:\/\/dev.klb-koetztal.de\/en\/?attachment_id=67128","alt":"","author":"7","description":"","caption":"","name":"ep_77_spachtel-leitschicht_pi_fr_2025_08-2","status":"inherit","uploaded_to":0,"date":"2025-08-21 07:50:25","modified":"2025-08-21 07:50:25","menu_order":0,"mime_type":"application\/pdf","type":"application","subtype":"pdf","icon":"https:\/\/dev.klb-koetztal.de\/wp\/wp-includes\/images\/media\/document.png"},"filename":"Information Produit FR","protected":false,"doclang":"FR","externalkey":"Produktinformation","docpos":"3"},{"download":{"ID":51902,"id":51902,"title":"EP77_Spachtel-Leitschicht_Umwelt-Deklaration_2022-08","filename":"EP77_Spachtel-Leitschicht_Umwelt-Deklaration_2022-08.pdf","filesize":2343212,"url":"https:\/\/dev.klb-koetztal.de\/app\/uploads\/2022\/09\/EP77_Spachtel-Leitschicht_Umwelt-Deklaration_2022-08.pdf","link":"https:\/\/dev.klb-koetztal.de\/en\/?attachment_id=51902","alt":"","author":"7","description":"","caption":"","name":"ep77_spachtel-leitschicht_umwelt-deklaration_2022-08-2","status":"inherit","uploaded_to":0,"date":"2022-09-01 06:40:41","modified":"2022-09-01 06:40:41","menu_order":0,"mime_type":"application\/pdf","type":"application","subtype":"pdf","icon":"https:\/\/dev.klb-koetztal.de\/wp\/wp-includes\/images\/media\/document.png"},"filename":"EPD - Environmental Product Declaration","protected":false,"doclang":"Multi","externalkey":"Umweltproduktdeklaration","docpos":"50"},{"download":false,"filename":"Safety data sheet","protected":true,"doclang":"GB","externalkey":"Sicherheitsdatenblatt","docpos":"2"},{"download":false,"filename":"Fiche de donn\u00e9es de s\u00e9curit\u00e9 FR","protected":true,"doclang":"FR","externalkey":"Sicherheitsdatenblatt","docpos":"3"}],"einstellungen":null,"background_color":"bg-none","background_color_content":"bg-none"}},"included_in_systems":{"module_included_in_systems":{"":null,"background_color":"bg-gray-medium","background_color_content":"bg-none"}},"contact":{"module_contact":{"":null,"background_color":"bg-none","background_color_content":"bg-none"}},"ausschreibende":{"module_ausschreibende":{"andern_sie_den_inhalt_unter_universelle_elemente":null,"background_color":"bg-none","background_color_content":"bg-none"}}},"yoast_head":"<!-- This site is optimized with the Yoast SEO plugin v27.0 - https:\/\/yoast.com\/product\/yoast-seo-wordpress\/ -->\n<title>Conductive 2-component epoxy resin filler coat EP 77 | KLB<\/title>\n<meta name=\"description\" content=\"Electrically conductive 2-comp. epoxy resin filler coat EP 77 | ESD coating | KLB floor coating \u2714\ufe0f 2-in-1 primer and scratch filler\" \/>\n<meta name=\"robots\" content=\"noindex, follow, max-snippet:-1, max-image-preview:large, max-video-preview:-1\" \/>\n<meta property=\"og:locale\" content=\"en_GB\" \/>\n<meta property=\"og:type\" content=\"article\" \/>\n<meta property=\"og:title\" content=\"Conductive 2-component epoxy resin filler coat EP 77 | KLB\" \/>\n<meta property=\"og:description\" content=\"Electrically conductive 2-comp. epoxy resin filler coat EP 77 | ESD coating | KLB floor coating \u2714\ufe0f 2-in-1 primer and scratch filler\" \/>\n<meta property=\"og:url\" content=\"https:\/\/dev.klb-koetztal.de\/en\/produkt\/klb-system-epoxid-ep-77-spachtel-leitschicht\/\" \/>\n<meta property=\"og:site_name\" content=\"KLB K\u00f6tztal\" \/>\n<meta property=\"article:publisher\" content=\"https:\/\/www.facebook.com\/klbkoetztal\" \/>\n<meta property=\"article:modified_time\" content=\"2026-03-16T13:09:24+00:00\" \/>\n<meta property=\"og:image\" content=\"https:\/\/dev.klb-koetztal.de\/app\/uploads\/2022\/03\/EP77_SL.jpg\" \/>\n\t<meta property=\"og:image:width\" content=\"500\" \/>\n\t<meta property=\"og:image:height\" content=\"500\" \/>\n\t<meta property=\"og:image:type\" content=\"image\/jpeg\" \/>\n<meta name=\"twitter:card\" content=\"summary_large_image\" \/>\n<script type=\"application\/ld+json\" class=\"yoast-schema-graph\">{\"@context\":\"https:\/\/schema.org\",\"@graph\":[{\"@type\":\"WebPage\",\"@id\":\"https:\/\/dev.klb-koetztal.de\/en\/produkt\/klb-system-epoxid-ep-77-spachtel-leitschicht\/\",\"url\":\"https:\/\/dev.klb-koetztal.de\/en\/produkt\/klb-system-epoxid-ep-77-spachtel-leitschicht\/\",\"name\":\"Conductive 2-component epoxy resin filler coat EP 77 | KLB\",\"isPartOf\":{\"@id\":\"https:\/\/dev.klb-koetztal.de\/en\/#website\"},\"primaryImageOfPage\":{\"@id\":\"https:\/\/dev.klb-koetztal.de\/en\/produkt\/klb-system-epoxid-ep-77-spachtel-leitschicht\/#primaryimage\"},\"image\":{\"@id\":\"https:\/\/dev.klb-koetztal.de\/en\/produkt\/klb-system-epoxid-ep-77-spachtel-leitschicht\/#primaryimage\"},\"thumbnailUrl\":\"https:\/\/dev.klb-koetztal.de\/app\/uploads\/2022\/03\/EP77_SL.jpg\",\"datePublished\":\"2021-08-19T07:58:45+00:00\",\"dateModified\":\"2026-03-16T13:09:24+00:00\",\"description\":\"Electrically conductive 2-comp. epoxy resin filler coat EP 77 | ESD coating | KLB floor coating \u2714\ufe0f 2-in-1 primer and scratch filler\",\"breadcrumb\":{\"@id\":\"https:\/\/dev.klb-koetztal.de\/en\/produkt\/klb-system-epoxid-ep-77-spachtel-leitschicht\/#breadcrumb\"},\"inLanguage\":\"en-GB\",\"potentialAction\":[{\"@type\":\"ReadAction\",\"target\":[\"https:\/\/dev.klb-koetztal.de\/en\/produkt\/klb-system-epoxid-ep-77-spachtel-leitschicht\/\"]}]},{\"@type\":\"ImageObject\",\"inLanguage\":\"en-GB\",\"@id\":\"https:\/\/dev.klb-koetztal.de\/en\/produkt\/klb-system-epoxid-ep-77-spachtel-leitschicht\/#primaryimage\",\"url\":\"https:\/\/dev.klb-koetztal.de\/app\/uploads\/2022\/03\/EP77_SL.jpg\",\"contentUrl\":\"https:\/\/dev.klb-koetztal.de\/app\/uploads\/2022\/03\/EP77_SL.jpg\",\"width\":500,\"height\":500},{\"@type\":\"BreadcrumbList\",\"@id\":\"https:\/\/dev.klb-koetztal.de\/en\/produkt\/klb-system-epoxid-ep-77-spachtel-leitschicht\/#breadcrumb\",\"itemListElement\":[{\"@type\":\"ListItem\",\"position\":1,\"name\":\"Startseite\",\"item\":\"https:\/\/dev.klb-koetztal.de\/en\/\"},{\"@type\":\"ListItem\",\"position\":2,\"name\":\"KLB-SYSTEM EPOXID EP 77 Spachtel-Leitschicht\"}]},{\"@type\":\"WebSite\",\"@id\":\"https:\/\/dev.klb-koetztal.de\/en\/#website\",\"url\":\"https:\/\/dev.klb-koetztal.de\/en\/\",\"name\":\"KLB K\u00f6tztal\",\"description\":\"Gute B\u00f6den haben ein System.\",\"potentialAction\":[{\"@type\":\"SearchAction\",\"target\":{\"@type\":\"EntryPoint\",\"urlTemplate\":\"https:\/\/dev.klb-koetztal.de\/en\/?s={search_term_string}\"},\"query-input\":{\"@type\":\"PropertyValueSpecification\",\"valueRequired\":true,\"valueName\":\"search_term_string\"}}],\"inLanguage\":\"en-GB\"}]}<\/script>\n<!-- \/ Yoast SEO plugin. -->","yoast_head_json":{"title":"Conductive 2-component epoxy resin filler coat EP 77 | KLB","description":"Electrically conductive 2-comp. epoxy resin filler coat EP 77 | ESD coating | KLB floor coating \u2714\ufe0f 2-in-1 primer and scratch filler","robots":{"index":"noindex","follow":"follow","max-snippet":"max-snippet:-1","max-image-preview":"max-image-preview:large","max-video-preview":"max-video-preview:-1"},"og_locale":"en_GB","og_type":"article","og_title":"Conductive 2-component epoxy resin filler coat EP 77 | KLB","og_description":"Electrically conductive 2-comp. epoxy resin filler coat EP 77 | ESD coating | KLB floor coating \u2714\ufe0f 2-in-1 primer and scratch filler","og_url":"https:\/\/dev.klb-koetztal.de\/en\/produkt\/klb-system-epoxid-ep-77-spachtel-leitschicht\/","og_site_name":"KLB K\u00f6tztal","article_publisher":"https:\/\/www.facebook.com\/klbkoetztal","article_modified_time":"2026-03-16T13:09:24+00:00","og_image":[{"width":500,"height":500,"url":"https:\/\/dev.klb-koetztal.de\/app\/uploads\/2022\/03\/EP77_SL.jpg","type":"image\/jpeg"}],"twitter_card":"summary_large_image","schema":{"@context":"https:\/\/schema.org","@graph":[{"@type":"WebPage","@id":"https:\/\/dev.klb-koetztal.de\/en\/produkt\/klb-system-epoxid-ep-77-spachtel-leitschicht\/","url":"https:\/\/dev.klb-koetztal.de\/en\/produkt\/klb-system-epoxid-ep-77-spachtel-leitschicht\/","name":"Conductive 2-component epoxy resin filler coat EP 77 | KLB","isPartOf":{"@id":"https:\/\/dev.klb-koetztal.de\/en\/#website"},"primaryImageOfPage":{"@id":"https:\/\/dev.klb-koetztal.de\/en\/produkt\/klb-system-epoxid-ep-77-spachtel-leitschicht\/#primaryimage"},"image":{"@id":"https:\/\/dev.klb-koetztal.de\/en\/produkt\/klb-system-epoxid-ep-77-spachtel-leitschicht\/#primaryimage"},"thumbnailUrl":"https:\/\/dev.klb-koetztal.de\/app\/uploads\/2022\/03\/EP77_SL.jpg","datePublished":"2021-08-19T07:58:45+00:00","dateModified":"2026-03-16T13:09:24+00:00","description":"Electrically conductive 2-comp. epoxy resin filler coat EP 77 | ESD coating | KLB floor coating \u2714\ufe0f 2-in-1 primer and scratch filler","breadcrumb":{"@id":"https:\/\/dev.klb-koetztal.de\/en\/produkt\/klb-system-epoxid-ep-77-spachtel-leitschicht\/#breadcrumb"},"inLanguage":"en-GB","potentialAction":[{"@type":"ReadAction","target":["https:\/\/dev.klb-koetztal.de\/en\/produkt\/klb-system-epoxid-ep-77-spachtel-leitschicht\/"]}]},{"@type":"ImageObject","inLanguage":"en-GB","@id":"https:\/\/dev.klb-koetztal.de\/en\/produkt\/klb-system-epoxid-ep-77-spachtel-leitschicht\/#primaryimage","url":"https:\/\/dev.klb-koetztal.de\/app\/uploads\/2022\/03\/EP77_SL.jpg","contentUrl":"https:\/\/dev.klb-koetztal.de\/app\/uploads\/2022\/03\/EP77_SL.jpg","width":500,"height":500},{"@type":"BreadcrumbList","@id":"https:\/\/dev.klb-koetztal.de\/en\/produkt\/klb-system-epoxid-ep-77-spachtel-leitschicht\/#breadcrumb","itemListElement":[{"@type":"ListItem","position":1,"name":"Startseite","item":"https:\/\/dev.klb-koetztal.de\/en\/"},{"@type":"ListItem","position":2,"name":"KLB-SYSTEM EPOXID EP 77 Spachtel-Leitschicht"}]},{"@type":"WebSite","@id":"https:\/\/dev.klb-koetztal.de\/en\/#website","url":"https:\/\/dev.klb-koetztal.de\/en\/","name":"KLB K\u00f6tztal","description":"Gute B\u00f6den haben ein System.","potentialAction":[{"@type":"SearchAction","target":{"@type":"EntryPoint","urlTemplate":"https:\/\/dev.klb-koetztal.de\/en\/?s={search_term_string}"},"query-input":{"@type":"PropertyValueSpecification","valueRequired":true,"valueName":"search_term_string"}}],"inLanguage":"en-GB"}]}},"_links":{"self":[{"href":"https:\/\/dev.klb-koetztal.de\/en\/wp-json\/wp\/v2\/product\/46768","targetHints":{"allow":["GET"]}}],"collection":[{"href":"https:\/\/dev.klb-koetztal.de\/en\/wp-json\/wp\/v2\/product"}],"about":[{"href":"https:\/\/dev.klb-koetztal.de\/en\/wp-json\/wp\/v2\/types\/product"}],"wp:featuredmedia":[{"embeddable":true,"href":"https:\/\/dev.klb-koetztal.de\/en\/wp-json\/wp\/v2\/media\/49539"}],"wp:attachment":[{"href":"https:\/\/dev.klb-koetztal.de\/en\/wp-json\/wp\/v2\/media?parent=46768"}],"wp:term":[{"taxonomy":"product_brand","embeddable":true,"href":"https:\/\/dev.klb-koetztal.de\/en\/wp-json\/wp\/v2\/product_brand?post=46768"},{"taxonomy":"product_cat","embeddable":true,"href":"https:\/\/dev.klb-koetztal.de\/en\/wp-json\/wp\/v2\/product_cat?post=46768"},{"taxonomy":"product_tag","embeddable":true,"href":"https:\/\/dev.klb-koetztal.de\/en\/wp-json\/wp\/v2\/product_tag?post=46768"}],"curies":[{"name":"wp","href":"https:\/\/api.w.org\/{rel}","templated":true}]}}