{"id":46767,"date":"2021-08-19T09:58:19","date_gmt":"2021-08-19T07:58:19","guid":{"rendered":"https:\/\/dev.klb-koetztal.de\/produkt\/klb-system-epoxid-ep-58\/"},"modified":"2026-03-16T14:14:46","modified_gmt":"2026-03-16T13:14:46","slug":"klb-system-epoxid-ep-58","status":"publish","type":"product","link":"https:\/\/dev.klb-koetztal.de\/en\/produkt\/klb-system-epoxid-ep-58\/","title":{"rendered":"KLB-SYSTEM EPOXID EP 58"},"content":{"rendered":"","protected":false},"excerpt":{"rendered":"<p>High-quality 2-component epoxy resin primer,&#160;extremely low-emission and suitable for recreation rooms. Can be used as a primer and scratch coat prior to the application of epoxy or&#160;polyurethane resin coatings &#8211; but also for producing reactive resin mortars. Certified with Eurofins &#8220;Indoor Air Comfort Gold&#8221; and the EMICODE EC1 Plus certificate.<br \/>\nProtecting against radon exposure from the substrate.<\/p>\n","protected":false},"featured_media":49532,"template":"","meta":{"_acf_changed":false},"product_brand":[],"product_cat":[9607,9619],"product_tag":[],"class_list":{"0":"post-46767","1":"product","2":"type-product","3":"status-publish","4":"has-post-thumbnail","6":"product_cat-primers","7":"product_cat-2-component-epoxy-resin-primers-low-emission","9":"first","10":"instock","11":"shipping-taxable","12":"product-type-simple"},"acf":{"product_header":{"module_product_header":{"":null,"prototype_headline":{"headline":"KLB-SYSTEM EPOXID EP 58","h1":true,"subheadline":"Very low-emission 2-component epoxy resin primer, AgBB-tested&#160;as base and scratch coat or mortar resin,&#160;can be used universally for recreation rooms.","anchor":"","url":""},"grid_text_slider":false,"grid_text_content":[{"text":"<p class=\"product-short-title\" style=\"text-align: center;\"><strong>Brief description<\/strong><\/p>\n<p>High-quality 2-component epoxy resin primer,&#160;extremely low-emission and suitable for recreation rooms. Can be used as a primer and scratch coat prior to the application of epoxy or&#160;polyurethane resin coatings &#8211; but also for producing reactive resin mortars. Certified with Eurofins &#8220;Indoor Air Comfort Gold&#8221; and the EMICODE EC1 Plus certificate.<\/p>\n<p>Protecting against radon exposure from the substrate.<\/p>\n","width":"4","background_color_text":"bg-white","border_color":"border-gray-light"},{"text":"<p class=\"product-sicing-title\" style=\"text-align: center;\"><strong>Packaging units<\/strong><\/p>\n<ul>\n<li>AK1093-92 &#8211; Combo can 1.00 kg<\/li>\n<li>AK1093-50 &#8211; Bucket combo 10.00 kg<\/li>\n<li>AK1093-30 &#8211; Hobbock combo 30.00 kg<\/li>\n<li>AK1093-01 &#8211; Drum combo 550.00 kg<\/li>\n<\/ul>\n<p><\/p>\n<p>Please do not hesitate to contact us directly for enquiries about larger delivery quantities or packaging units.<\/p>\n\n","width":"4","background_color_text":"bg-white","border_color":"border-gray-light"},{"text":"<p class=\"product-attr-title\" style=\"text-align: center;\"><strong>Properties<\/strong><\/p>\n<ul>\n<li>EMICODE\u00ae EC 1PLUS certified<\/li>\n<li>very low-emission<\/li>\n<li>Total Solid according to GISCODE (Test method &#8220;Deutsche Bauchemie&#8221;)<\/li>\n<li>all-purpose use<\/li>\n<li>consistent to hydrolysis and saponification<\/li>\n<li>suitable for heated floor constructions<\/li>\n<li>can be filled with fire-dried quartz sand<\/li>\n<li>free of deleterious substances against varnish<\/li>\n<li>very high adhesion<\/li>\n<li>very economical<\/li>\n<\/ul>\n","width":"4","background_color_text":"bg-white","border_color":"border-gray-light"}],"background_color":"bg-none","background_color_content":"bg-none"}},"downloads":{"module_download_list":{"inhalt":null,"downloads":[{"download":{"ID":64903,"id":64903,"title":"EP_58_PI_en_2025_04","filename":"EP_58_PI_en_2025_04.pdf","filesize":933602,"url":"https:\/\/dev.klb-koetztal.de\/app\/uploads\/2025\/04\/EP_58_PI_en_2025_04.pdf","link":"https:\/\/dev.klb-koetztal.de\/en\/?attachment_id=64903","alt":"","author":"7","description":"","caption":"","name":"ep_58_pi_en_2025_04-2","status":"inherit","uploaded_to":0,"date":"2025-04-07 06:40:54","modified":"2025-04-07 06:40:54","menu_order":0,"mime_type":"application\/pdf","type":"application","subtype":"pdf","icon":"https:\/\/dev.klb-koetztal.de\/wp\/wp-includes\/images\/media\/document.png"},"filename":"Product Information","protected":false,"doclang":"GB","externalkey":"Produktinformation","docpos":"2"},{"download":{"ID":64906,"id":64906,"title":"EP_58_PI_fr_2025_04","filename":"EP_58_PI_fr_2025_04.pdf","filesize":967222,"url":"https:\/\/dev.klb-koetztal.de\/app\/uploads\/2025\/04\/EP_58_PI_fr_2025_04.pdf","link":"https:\/\/dev.klb-koetztal.de\/en\/?attachment_id=64906","alt":"","author":"7","description":"","caption":"","name":"ep_58_pi_fr_2025_04-2","status":"inherit","uploaded_to":0,"date":"2025-04-07 06:40:56","modified":"2025-04-07 06:40:56","menu_order":0,"mime_type":"application\/pdf","type":"application","subtype":"pdf","icon":"https:\/\/dev.klb-koetztal.de\/wp\/wp-includes\/images\/media\/document.png"},"filename":"Information Produit FR","protected":false,"doclang":"FR","externalkey":"Produktinformation","docpos":"3"},{"download":{"ID":49534,"id":49534,"title":"Leistungserkl\u00e4rung - Statement of performance","filename":"EP58_LE_2022-01.pdf","filesize":243873,"url":"https:\/\/dev.klb-koetztal.de\/app\/uploads\/2022\/03\/EP58_LE_2022-01.pdf","link":"https:\/\/dev.klb-koetztal.de\/en\/?attachment_id=49534","alt":"","author":"7","description":"","caption":"","name":"ep58_le_2022-01","status":"inherit","uploaded_to":0,"date":"2022-03-14 09:58:18","modified":"2026-03-16 13:14:54","menu_order":0,"mime_type":"application\/pdf","type":"application","subtype":"pdf","icon":"https:\/\/dev.klb-koetztal.de\/wp\/wp-includes\/images\/media\/document.png"},"filename":"Statement of performance - Leistungserkl\u00e4rung","protected":false,"doclang":"Multi","externalkey":"Leistungserklaerung","docpos":"50"},{"download":{"ID":51899,"id":51899,"title":"EP58_Umwelt-Deklaration_2022-08","filename":"EP58_Umwelt-Deklaration_2022-08.pdf","filesize":2342946,"url":"https:\/\/dev.klb-koetztal.de\/app\/uploads\/2022\/09\/EP58_Umwelt-Deklaration_2022-08.pdf","link":"https:\/\/dev.klb-koetztal.de\/en\/?attachment_id=51899","alt":"","author":"7","description":"","caption":"","name":"ep58_umwelt-deklaration_2022-08-2","status":"inherit","uploaded_to":0,"date":"2022-09-01 06:40:29","modified":"2022-09-01 06:40:29","menu_order":0,"mime_type":"application\/pdf","type":"application","subtype":"pdf","icon":"https:\/\/dev.klb-koetztal.de\/wp\/wp-includes\/images\/media\/document.png"},"filename":"EPD - Environmental Product Declaration","protected":false,"doclang":"Multi","externalkey":"Umweltproduktdeklaration","docpos":"50"},{"download":false,"filename":"Safety data sheet","protected":true,"doclang":"GB","externalkey":"Sicherheitsdatenblatt","docpos":"2"},{"download":false,"filename":"Fiche de donn\u00e9es de s\u00e9curit\u00e9 FR","protected":true,"doclang":"FR","externalkey":"Sicherheitsdatenblatt","docpos":"3"}],"einstellungen":null,"background_color":"bg-none","background_color_content":"bg-none"}},"included_in_systems":{"module_included_in_systems":{"":null,"background_color":"bg-gray-medium","background_color_content":"bg-none"}},"contact":{"module_contact":{"":null,"background_color":"bg-none","background_color_content":"bg-none"}},"ausschreibende":{"module_ausschreibende":{"andern_sie_den_inhalt_unter_universelle_elemente":null,"background_color":"bg-none","background_color_content":"bg-none"}}},"yoast_head":"<!-- This site is optimized with the Yoast SEO plugin v27.0 - https:\/\/yoast.com\/product\/yoast-seo-wordpress\/ -->\n<title>Low-emission, benzyl alcohol-free primer EP 58 | KLB<\/title>\n<meta name=\"description\" content=\"Environmentally friendly, robust, chemical-resistant base coat EP 58 without benzyl alcohol | KLB coatings \u2714\ufe0f DIBt\u00ae, AgBB-compliant, EMICODE EC1, Eurofins\" \/>\n<meta name=\"robots\" content=\"noindex, follow, max-snippet:-1, max-image-preview:large, max-video-preview:-1\" \/>\n<meta property=\"og:locale\" content=\"en_GB\" \/>\n<meta property=\"og:type\" content=\"article\" \/>\n<meta property=\"og:title\" content=\"Low-emission, benzyl alcohol-free primer EP 58 | KLB\" \/>\n<meta property=\"og:description\" content=\"Environmentally friendly, robust, chemical-resistant base coat EP 58 without benzyl alcohol | KLB coatings \u2714\ufe0f DIBt\u00ae, AgBB-compliant, EMICODE EC1, Eurofins\" \/>\n<meta property=\"og:url\" content=\"https:\/\/dev.klb-koetztal.de\/en\/produkt\/klb-system-epoxid-ep-58\/\" \/>\n<meta property=\"og:site_name\" content=\"KLB K\u00f6tztal\" \/>\n<meta property=\"article:publisher\" content=\"https:\/\/www.facebook.com\/klbkoetztal\" \/>\n<meta property=\"article:modified_time\" content=\"2026-03-16T13:14:46+00:00\" \/>\n<meta property=\"og:image\" content=\"https:\/\/dev.klb-koetztal.de\/app\/uploads\/2022\/03\/EP58.jpg\" \/>\n\t<meta property=\"og:image:width\" content=\"500\" \/>\n\t<meta property=\"og:image:height\" content=\"500\" \/>\n\t<meta property=\"og:image:type\" content=\"image\/jpeg\" \/>\n<meta name=\"twitter:card\" content=\"summary_large_image\" \/>\n<script type=\"application\/ld+json\" class=\"yoast-schema-graph\">{\"@context\":\"https:\/\/schema.org\",\"@graph\":[{\"@type\":\"WebPage\",\"@id\":\"https:\/\/dev.klb-koetztal.de\/en\/produkt\/klb-system-epoxid-ep-58\/\",\"url\":\"https:\/\/dev.klb-koetztal.de\/en\/produkt\/klb-system-epoxid-ep-58\/\",\"name\":\"Low-emission, benzyl alcohol-free primer EP 58 | KLB\",\"isPartOf\":{\"@id\":\"https:\/\/dev.klb-koetztal.de\/en\/#website\"},\"primaryImageOfPage\":{\"@id\":\"https:\/\/dev.klb-koetztal.de\/en\/produkt\/klb-system-epoxid-ep-58\/#primaryimage\"},\"image\":{\"@id\":\"https:\/\/dev.klb-koetztal.de\/en\/produkt\/klb-system-epoxid-ep-58\/#primaryimage\"},\"thumbnailUrl\":\"https:\/\/dev.klb-koetztal.de\/app\/uploads\/2022\/03\/EP58.jpg\",\"datePublished\":\"2021-08-19T07:58:19+00:00\",\"dateModified\":\"2026-03-16T13:14:46+00:00\",\"description\":\"Environmentally friendly, robust, chemical-resistant base coat EP 58 without benzyl alcohol | KLB coatings \u2714\ufe0f DIBt\u00ae, AgBB-compliant, EMICODE EC1, Eurofins\",\"breadcrumb\":{\"@id\":\"https:\/\/dev.klb-koetztal.de\/en\/produkt\/klb-system-epoxid-ep-58\/#breadcrumb\"},\"inLanguage\":\"en-GB\",\"potentialAction\":[{\"@type\":\"ReadAction\",\"target\":[\"https:\/\/dev.klb-koetztal.de\/en\/produkt\/klb-system-epoxid-ep-58\/\"]}]},{\"@type\":\"ImageObject\",\"inLanguage\":\"en-GB\",\"@id\":\"https:\/\/dev.klb-koetztal.de\/en\/produkt\/klb-system-epoxid-ep-58\/#primaryimage\",\"url\":\"https:\/\/dev.klb-koetztal.de\/app\/uploads\/2022\/03\/EP58.jpg\",\"contentUrl\":\"https:\/\/dev.klb-koetztal.de\/app\/uploads\/2022\/03\/EP58.jpg\",\"width\":500,\"height\":500},{\"@type\":\"BreadcrumbList\",\"@id\":\"https:\/\/dev.klb-koetztal.de\/en\/produkt\/klb-system-epoxid-ep-58\/#breadcrumb\",\"itemListElement\":[{\"@type\":\"ListItem\",\"position\":1,\"name\":\"Startseite\",\"item\":\"https:\/\/dev.klb-koetztal.de\/en\/\"},{\"@type\":\"ListItem\",\"position\":2,\"name\":\"KLB-SYSTEM EPOXID EP 58\"}]},{\"@type\":\"WebSite\",\"@id\":\"https:\/\/dev.klb-koetztal.de\/en\/#website\",\"url\":\"https:\/\/dev.klb-koetztal.de\/en\/\",\"name\":\"KLB K\u00f6tztal\",\"description\":\"Gute B\u00f6den haben ein System.\",\"potentialAction\":[{\"@type\":\"SearchAction\",\"target\":{\"@type\":\"EntryPoint\",\"urlTemplate\":\"https:\/\/dev.klb-koetztal.de\/en\/?s={search_term_string}\"},\"query-input\":{\"@type\":\"PropertyValueSpecification\",\"valueRequired\":true,\"valueName\":\"search_term_string\"}}],\"inLanguage\":\"en-GB\"}]}<\/script>\n<!-- \/ Yoast SEO plugin. -->","yoast_head_json":{"title":"Low-emission, benzyl alcohol-free primer EP 58 | KLB","description":"Environmentally friendly, robust, chemical-resistant base coat EP 58 without benzyl alcohol | KLB coatings \u2714\ufe0f DIBt\u00ae, AgBB-compliant, EMICODE EC1, Eurofins","robots":{"index":"noindex","follow":"follow","max-snippet":"max-snippet:-1","max-image-preview":"max-image-preview:large","max-video-preview":"max-video-preview:-1"},"og_locale":"en_GB","og_type":"article","og_title":"Low-emission, benzyl alcohol-free primer EP 58 | KLB","og_description":"Environmentally friendly, robust, chemical-resistant base coat EP 58 without benzyl alcohol | KLB coatings \u2714\ufe0f DIBt\u00ae, AgBB-compliant, EMICODE EC1, Eurofins","og_url":"https:\/\/dev.klb-koetztal.de\/en\/produkt\/klb-system-epoxid-ep-58\/","og_site_name":"KLB K\u00f6tztal","article_publisher":"https:\/\/www.facebook.com\/klbkoetztal","article_modified_time":"2026-03-16T13:14:46+00:00","og_image":[{"width":500,"height":500,"url":"https:\/\/dev.klb-koetztal.de\/app\/uploads\/2022\/03\/EP58.jpg","type":"image\/jpeg"}],"twitter_card":"summary_large_image","schema":{"@context":"https:\/\/schema.org","@graph":[{"@type":"WebPage","@id":"https:\/\/dev.klb-koetztal.de\/en\/produkt\/klb-system-epoxid-ep-58\/","url":"https:\/\/dev.klb-koetztal.de\/en\/produkt\/klb-system-epoxid-ep-58\/","name":"Low-emission, benzyl alcohol-free primer EP 58 | KLB","isPartOf":{"@id":"https:\/\/dev.klb-koetztal.de\/en\/#website"},"primaryImageOfPage":{"@id":"https:\/\/dev.klb-koetztal.de\/en\/produkt\/klb-system-epoxid-ep-58\/#primaryimage"},"image":{"@id":"https:\/\/dev.klb-koetztal.de\/en\/produkt\/klb-system-epoxid-ep-58\/#primaryimage"},"thumbnailUrl":"https:\/\/dev.klb-koetztal.de\/app\/uploads\/2022\/03\/EP58.jpg","datePublished":"2021-08-19T07:58:19+00:00","dateModified":"2026-03-16T13:14:46+00:00","description":"Environmentally friendly, robust, chemical-resistant base coat EP 58 without benzyl alcohol | KLB coatings \u2714\ufe0f DIBt\u00ae, AgBB-compliant, EMICODE EC1, Eurofins","breadcrumb":{"@id":"https:\/\/dev.klb-koetztal.de\/en\/produkt\/klb-system-epoxid-ep-58\/#breadcrumb"},"inLanguage":"en-GB","potentialAction":[{"@type":"ReadAction","target":["https:\/\/dev.klb-koetztal.de\/en\/produkt\/klb-system-epoxid-ep-58\/"]}]},{"@type":"ImageObject","inLanguage":"en-GB","@id":"https:\/\/dev.klb-koetztal.de\/en\/produkt\/klb-system-epoxid-ep-58\/#primaryimage","url":"https:\/\/dev.klb-koetztal.de\/app\/uploads\/2022\/03\/EP58.jpg","contentUrl":"https:\/\/dev.klb-koetztal.de\/app\/uploads\/2022\/03\/EP58.jpg","width":500,"height":500},{"@type":"BreadcrumbList","@id":"https:\/\/dev.klb-koetztal.de\/en\/produkt\/klb-system-epoxid-ep-58\/#breadcrumb","itemListElement":[{"@type":"ListItem","position":1,"name":"Startseite","item":"https:\/\/dev.klb-koetztal.de\/en\/"},{"@type":"ListItem","position":2,"name":"KLB-SYSTEM EPOXID EP 58"}]},{"@type":"WebSite","@id":"https:\/\/dev.klb-koetztal.de\/en\/#website","url":"https:\/\/dev.klb-koetztal.de\/en\/","name":"KLB K\u00f6tztal","description":"Gute B\u00f6den haben ein System.","potentialAction":[{"@type":"SearchAction","target":{"@type":"EntryPoint","urlTemplate":"https:\/\/dev.klb-koetztal.de\/en\/?s={search_term_string}"},"query-input":{"@type":"PropertyValueSpecification","valueRequired":true,"valueName":"search_term_string"}}],"inLanguage":"en-GB"}]}},"_links":{"self":[{"href":"https:\/\/dev.klb-koetztal.de\/en\/wp-json\/wp\/v2\/product\/46767","targetHints":{"allow":["GET"]}}],"collection":[{"href":"https:\/\/dev.klb-koetztal.de\/en\/wp-json\/wp\/v2\/product"}],"about":[{"href":"https:\/\/dev.klb-koetztal.de\/en\/wp-json\/wp\/v2\/types\/product"}],"wp:featuredmedia":[{"embeddable":true,"href":"https:\/\/dev.klb-koetztal.de\/en\/wp-json\/wp\/v2\/media\/49532"}],"wp:attachment":[{"href":"https:\/\/dev.klb-koetztal.de\/en\/wp-json\/wp\/v2\/media?parent=46767"}],"wp:term":[{"taxonomy":"product_brand","embeddable":true,"href":"https:\/\/dev.klb-koetztal.de\/en\/wp-json\/wp\/v2\/product_brand?post=46767"},{"taxonomy":"product_cat","embeddable":true,"href":"https:\/\/dev.klb-koetztal.de\/en\/wp-json\/wp\/v2\/product_cat?post=46767"},{"taxonomy":"product_tag","embeddable":true,"href":"https:\/\/dev.klb-koetztal.de\/en\/wp-json\/wp\/v2\/product_tag?post=46767"}],"curies":[{"name":"wp","href":"https:\/\/api.w.org\/{rel}","templated":true}]}}