{"id":46760,"date":"2021-08-19T09:54:15","date_gmt":"2021-08-19T07:54:15","guid":{"rendered":"https:\/\/dev.klb-koetztal.de\/produkt\/klb-system-epoxid-ep-202-clean\/"},"modified":"2026-03-16T14:21:00","modified_gmt":"2026-03-16T13:21:00","slug":"klb-system-epoxid-ep-202-clean","status":"publish","type":"product","link":"https:\/\/dev.klb-koetztal.de\/en\/produkt\/klb-system-epoxid-ep-202-clean\/","title":{"rendered":"KLB-SYSTEM EPOXID&nbsp;EP 202 Clean"},"content":{"rendered":"","protected":false},"excerpt":{"rendered":"<p>Low-emission, coloured 2-component&#160;epoxy resin coating and top sealer for hard and&#160;smooth surfaces. EP 202 Clean is designed to offer&#160;preventive protection against bacterial contamination and is therefore particularly suitable for areas with demands on hygiene (foodstuffs, pharmaceutical industry, hospitals).<br \/>\nSuitable for coatings that comply with&#160;Eurofins &#8220;Indoor Air Comfort&#8221; and the&#160;Gold certification. Compliant with AgBB for recreation rooms.<br \/>\n&#160;<\/p>\n","protected":false},"featured_media":49444,"template":"","meta":{"_acf_changed":false},"product_brand":[],"product_cat":[10158,9609,9633],"product_tag":[],"class_list":{"0":"post-46760","1":"product","2":"type-product","3":"status-publish","4":"has-post-thumbnail","6":"product_cat-coatings_2-component-epoxy-resin-coatings-low-emission","7":"product_cat-coatings","8":"product_cat-hygienic-coatings-and-sealers-clean-coatings","10":"first","11":"instock","12":"shipping-taxable","13":"product-type-simple"},"acf":{"product_header":{"module_product_header":{"":null,"prototype_headline":{"headline":"KLB-SYSTEM EPOXID&nbsp;EP 202 Clean","h1":true,"subheadline":"AgBB-tested, low-emission&nbsp;2-component epoxy resin coating and top sealer for producing jointless floors with high demands on hygiene","anchor":"","url":""},"grid_text_slider":false,"grid_text_content":[{"text":"<p class=\"product-short-title\" style=\"text-align: center;\"><strong>Brief description<\/strong><\/p>\n<p>Low-emission, coloured 2-component&#160;epoxy resin coating and top sealer for hard and&#160;smooth surfaces. EP 202 Clean is designed to offer&#160;preventive protection against bacterial contamination and is therefore particularly suitable for areas with demands on hygiene (foodstuffs, pharmaceutical industry, hospitals).<\/p>\n<p>Suitable for coatings that comply with&#160;Eurofins &#8220;Indoor Air Comfort&#8221; and the&#160;Gold certification. Compliant with AgBB for recreation rooms.<\/p>\n<p>&#160;<\/p>\n","width":"4","background_color_text":"bg-white","border_color":"border-gray-light"},{"text":"<p class=\"product-sicing-title\" style=\"text-align: center;\"><strong>Packaging units<\/strong><\/p>\n<ul>\n<li>AK1202-50 &#8211; Bucket combo 12.00 kg<\/li>\n<li>AK1202-30 &#8211; Hobbock combo 30.00 kg<\/li>\n<\/ul>\n<p><\/p>\n<p>Please do not hesitate to contact us directly for enquiries about larger delivery quantities or packaging units.<\/p>\n\n","width":"4","background_color_text":"bg-white","border_color":"border-gray-light"},{"text":"<p class=\"product-attr-title\" style=\"text-align: center;\"><strong>Properties<\/strong><\/p>\n<ul>\n<li>Total Solid according to GISCODE (Test method &#8220;Deutsche Bauchemie&#8221;)<\/li>\n<li>hygienic<\/li>\n<li>good resistance range<\/li>\n<li>consistent to hydrolysis and saponification<\/li>\n<li>coloured surface<\/li>\n<li>resistant to abrasion and wear<\/li>\n<li>tested, low-emission quality<\/li>\n<\/ul>\n","width":"4","background_color_text":"bg-white","border_color":"border-gray-light"}],"background_color":"bg-none","background_color_content":"bg-none"}},"downloads":{"module_download_list":{"inhalt":null,"downloads":[{"download":{"ID":64129,"id":64129,"title":"EP_202_Clean_PI_en_2025_01","filename":"EP_202_Clean_PI_en_2025_01.pdf","filesize":589420,"url":"https:\/\/dev.klb-koetztal.de\/app\/uploads\/2025\/01\/EP_202_Clean_PI_en_2025_01.pdf","link":"https:\/\/dev.klb-koetztal.de\/en\/?attachment_id=64129","alt":"","author":"7","description":"","caption":"","name":"ep_202_clean_pi_en_2025_01-2","status":"inherit","uploaded_to":0,"date":"2025-01-22 12:20:25","modified":"2025-01-22 12:20:25","menu_order":0,"mime_type":"application\/pdf","type":"application","subtype":"pdf","icon":"https:\/\/dev.klb-koetztal.de\/wp\/wp-includes\/images\/media\/document.png"},"filename":"Product Information","protected":false,"doclang":"GB","externalkey":"Produktinformation","docpos":"2"},{"download":{"ID":64132,"id":64132,"title":"EP_202_Clean_PI_fr_2025_01","filename":"EP_202_Clean_PI_fr_2025_01.pdf","filesize":595984,"url":"https:\/\/dev.klb-koetztal.de\/app\/uploads\/2025\/01\/EP_202_Clean_PI_fr_2025_01.pdf","link":"https:\/\/dev.klb-koetztal.de\/en\/?attachment_id=64132","alt":"","author":"7","description":"","caption":"","name":"ep_202_clean_pi_fr_2025_01-2","status":"inherit","uploaded_to":0,"date":"2025-01-22 12:20:27","modified":"2025-01-22 12:20:27","menu_order":0,"mime_type":"application\/pdf","type":"application","subtype":"pdf","icon":"https:\/\/dev.klb-koetztal.de\/wp\/wp-includes\/images\/media\/document.png"},"filename":"Information Produit FR","protected":false,"doclang":"FR","externalkey":"Produktinformation","docpos":"3"},{"download":{"ID":49447,"id":49447,"title":"Leistungserkl\u00e4rung - Statement of performance","filename":"EP202_EP202_Clean_LE_2019-10.pdf","filesize":673383,"url":"https:\/\/dev.klb-koetztal.de\/app\/uploads\/2022\/03\/EP202_EP202_Clean_LE_2019-10.pdf","link":"https:\/\/dev.klb-koetztal.de\/en\/?attachment_id=49447","alt":"","author":"7","description":"","caption":"","name":"ep202_ep202_clean_le_2019-10","status":"inherit","uploaded_to":0,"date":"2022-03-14 09:56:37","modified":"2026-03-16 13:21:07","menu_order":0,"mime_type":"application\/pdf","type":"application","subtype":"pdf","icon":"https:\/\/dev.klb-koetztal.de\/wp\/wp-includes\/images\/media\/document.png"},"filename":"Statement of performance - Leistungserkl\u00e4rung","protected":false,"doclang":"Multi","externalkey":"Leistungserklaerung","docpos":"50"},{"download":{"ID":51956,"id":51956,"title":"EP202_Clean_Umwelt-Deklaration_2022-08","filename":"EP202_Clean_Umwelt-Deklaration_2022-08.pdf","filesize":2343875,"url":"https:\/\/dev.klb-koetztal.de\/app\/uploads\/2022\/09\/EP202_Clean_Umwelt-Deklaration_2022-08.pdf","link":"https:\/\/dev.klb-koetztal.de\/en\/?attachment_id=51956","alt":"","author":"7","description":"","caption":"","name":"ep202_clean_umwelt-deklaration_2022-08-2","status":"inherit","uploaded_to":0,"date":"2022-09-01 09:35:27","modified":"2022-09-01 09:35:27","menu_order":0,"mime_type":"application\/pdf","type":"application","subtype":"pdf","icon":"https:\/\/dev.klb-koetztal.de\/wp\/wp-includes\/images\/media\/document.png"},"filename":"EPD - Environmental Product Declaration","protected":false,"doclang":"Multi","externalkey":"Umweltproduktdeklaration","docpos":"50"},{"download":false,"filename":"Safety data sheet","protected":true,"doclang":"GB","externalkey":"Sicherheitsdatenblatt","docpos":"2"},{"download":false,"filename":"Fiche de donn\u00e9es de s\u00e9curit\u00e9 FR","protected":true,"doclang":"FR","externalkey":"Sicherheitsdatenblatt","docpos":"3"}],"einstellungen":null,"background_color":"bg-none","background_color_content":"bg-none"}},"included_in_systems":{"module_included_in_systems":{"":null,"background_color":"bg-gray-medium","background_color_content":"bg-none"}},"contact":{"module_contact":{"":null,"background_color":"bg-none","background_color_content":"bg-none"}},"ausschreibende":{"module_ausschreibende":{"andern_sie_den_inhalt_unter_universelle_elemente":null,"background_color":"bg-none","background_color_content":"bg-none"}}},"yoast_head":"<!-- This site is optimized with the Yoast SEO plugin v27.0 - https:\/\/yoast.com\/product\/yoast-seo-wordpress\/ -->\n<title>Low-VOC, antibacterial coating EP 202 Clean | KLB<\/title>\n<meta name=\"description\" content=\"Low-emission, hygienic, smooth, hard 2-component floor covering and top sealer EP 202 Clean | KLB coatings \u2714\ufe0f AgBB-compliant, Eurofins\" \/>\n<meta name=\"robots\" content=\"noindex, follow, max-snippet:-1, max-image-preview:large, max-video-preview:-1\" \/>\n<meta property=\"og:locale\" content=\"en_GB\" \/>\n<meta property=\"og:type\" content=\"article\" \/>\n<meta property=\"og:title\" content=\"Low-VOC, antibacterial coating EP 202 Clean | KLB\" \/>\n<meta property=\"og:description\" content=\"Low-emission, hygienic, smooth, hard 2-component floor covering and top sealer EP 202 Clean | KLB coatings \u2714\ufe0f AgBB-compliant, Eurofins\" \/>\n<meta property=\"og:url\" content=\"https:\/\/dev.klb-koetztal.de\/en\/produkt\/klb-system-epoxid-ep-202-clean\/\" \/>\n<meta property=\"og:site_name\" content=\"KLB K\u00f6tztal\" \/>\n<meta property=\"article:publisher\" content=\"https:\/\/www.facebook.com\/klbkoetztal\" \/>\n<meta property=\"article:modified_time\" content=\"2026-03-16T13:21:00+00:00\" \/>\n<meta property=\"og:image\" content=\"https:\/\/dev.klb-koetztal.de\/app\/uploads\/2022\/03\/EP202_Clean.jpg\" \/>\n\t<meta property=\"og:image:width\" content=\"500\" \/>\n\t<meta property=\"og:image:height\" content=\"500\" \/>\n\t<meta property=\"og:image:type\" content=\"image\/jpeg\" \/>\n<meta name=\"twitter:card\" content=\"summary_large_image\" \/>\n<script type=\"application\/ld+json\" class=\"yoast-schema-graph\">{\"@context\":\"https:\/\/schema.org\",\"@graph\":[{\"@type\":\"WebPage\",\"@id\":\"https:\/\/dev.klb-koetztal.de\/en\/produkt\/klb-system-epoxid-ep-202-clean\/\",\"url\":\"https:\/\/dev.klb-koetztal.de\/en\/produkt\/klb-system-epoxid-ep-202-clean\/\",\"name\":\"Low-VOC, antibacterial coating EP 202 Clean | KLB\",\"isPartOf\":{\"@id\":\"https:\/\/dev.klb-koetztal.de\/en\/#website\"},\"primaryImageOfPage\":{\"@id\":\"https:\/\/dev.klb-koetztal.de\/en\/produkt\/klb-system-epoxid-ep-202-clean\/#primaryimage\"},\"image\":{\"@id\":\"https:\/\/dev.klb-koetztal.de\/en\/produkt\/klb-system-epoxid-ep-202-clean\/#primaryimage\"},\"thumbnailUrl\":\"https:\/\/dev.klb-koetztal.de\/app\/uploads\/2022\/03\/EP202_Clean.jpg\",\"datePublished\":\"2021-08-19T07:54:15+00:00\",\"dateModified\":\"2026-03-16T13:21:00+00:00\",\"description\":\"Low-emission, hygienic, smooth, hard 2-component floor covering and top sealer EP 202 Clean | KLB coatings \u2714\ufe0f AgBB-compliant, Eurofins\",\"breadcrumb\":{\"@id\":\"https:\/\/dev.klb-koetztal.de\/en\/produkt\/klb-system-epoxid-ep-202-clean\/#breadcrumb\"},\"inLanguage\":\"en-GB\",\"potentialAction\":[{\"@type\":\"ReadAction\",\"target\":[\"https:\/\/dev.klb-koetztal.de\/en\/produkt\/klb-system-epoxid-ep-202-clean\/\"]}]},{\"@type\":\"ImageObject\",\"inLanguage\":\"en-GB\",\"@id\":\"https:\/\/dev.klb-koetztal.de\/en\/produkt\/klb-system-epoxid-ep-202-clean\/#primaryimage\",\"url\":\"https:\/\/dev.klb-koetztal.de\/app\/uploads\/2022\/03\/EP202_Clean.jpg\",\"contentUrl\":\"https:\/\/dev.klb-koetztal.de\/app\/uploads\/2022\/03\/EP202_Clean.jpg\",\"width\":500,\"height\":500},{\"@type\":\"BreadcrumbList\",\"@id\":\"https:\/\/dev.klb-koetztal.de\/en\/produkt\/klb-system-epoxid-ep-202-clean\/#breadcrumb\",\"itemListElement\":[{\"@type\":\"ListItem\",\"position\":1,\"name\":\"Startseite\",\"item\":\"https:\/\/dev.klb-koetztal.de\/en\/\"},{\"@type\":\"ListItem\",\"position\":2,\"name\":\"KLB-SYSTEM EPOXID&nbsp;EP 202 Clean\"}]},{\"@type\":\"WebSite\",\"@id\":\"https:\/\/dev.klb-koetztal.de\/en\/#website\",\"url\":\"https:\/\/dev.klb-koetztal.de\/en\/\",\"name\":\"KLB K\u00f6tztal\",\"description\":\"Gute B\u00f6den haben ein System.\",\"potentialAction\":[{\"@type\":\"SearchAction\",\"target\":{\"@type\":\"EntryPoint\",\"urlTemplate\":\"https:\/\/dev.klb-koetztal.de\/en\/?s={search_term_string}\"},\"query-input\":{\"@type\":\"PropertyValueSpecification\",\"valueRequired\":true,\"valueName\":\"search_term_string\"}}],\"inLanguage\":\"en-GB\"}]}<\/script>\n<!-- \/ Yoast SEO plugin. -->","yoast_head_json":{"title":"Low-VOC, antibacterial coating EP 202 Clean | KLB","description":"Low-emission, hygienic, smooth, hard 2-component floor covering and top sealer EP 202 Clean | KLB coatings \u2714\ufe0f AgBB-compliant, Eurofins","robots":{"index":"noindex","follow":"follow","max-snippet":"max-snippet:-1","max-image-preview":"max-image-preview:large","max-video-preview":"max-video-preview:-1"},"og_locale":"en_GB","og_type":"article","og_title":"Low-VOC, antibacterial coating EP 202 Clean | KLB","og_description":"Low-emission, hygienic, smooth, hard 2-component floor covering and top sealer EP 202 Clean | KLB coatings \u2714\ufe0f AgBB-compliant, Eurofins","og_url":"https:\/\/dev.klb-koetztal.de\/en\/produkt\/klb-system-epoxid-ep-202-clean\/","og_site_name":"KLB K\u00f6tztal","article_publisher":"https:\/\/www.facebook.com\/klbkoetztal","article_modified_time":"2026-03-16T13:21:00+00:00","og_image":[{"width":500,"height":500,"url":"https:\/\/dev.klb-koetztal.de\/app\/uploads\/2022\/03\/EP202_Clean.jpg","type":"image\/jpeg"}],"twitter_card":"summary_large_image","schema":{"@context":"https:\/\/schema.org","@graph":[{"@type":"WebPage","@id":"https:\/\/dev.klb-koetztal.de\/en\/produkt\/klb-system-epoxid-ep-202-clean\/","url":"https:\/\/dev.klb-koetztal.de\/en\/produkt\/klb-system-epoxid-ep-202-clean\/","name":"Low-VOC, antibacterial coating EP 202 Clean | KLB","isPartOf":{"@id":"https:\/\/dev.klb-koetztal.de\/en\/#website"},"primaryImageOfPage":{"@id":"https:\/\/dev.klb-koetztal.de\/en\/produkt\/klb-system-epoxid-ep-202-clean\/#primaryimage"},"image":{"@id":"https:\/\/dev.klb-koetztal.de\/en\/produkt\/klb-system-epoxid-ep-202-clean\/#primaryimage"},"thumbnailUrl":"https:\/\/dev.klb-koetztal.de\/app\/uploads\/2022\/03\/EP202_Clean.jpg","datePublished":"2021-08-19T07:54:15+00:00","dateModified":"2026-03-16T13:21:00+00:00","description":"Low-emission, hygienic, smooth, hard 2-component floor covering and top sealer EP 202 Clean | KLB coatings \u2714\ufe0f AgBB-compliant, Eurofins","breadcrumb":{"@id":"https:\/\/dev.klb-koetztal.de\/en\/produkt\/klb-system-epoxid-ep-202-clean\/#breadcrumb"},"inLanguage":"en-GB","potentialAction":[{"@type":"ReadAction","target":["https:\/\/dev.klb-koetztal.de\/en\/produkt\/klb-system-epoxid-ep-202-clean\/"]}]},{"@type":"ImageObject","inLanguage":"en-GB","@id":"https:\/\/dev.klb-koetztal.de\/en\/produkt\/klb-system-epoxid-ep-202-clean\/#primaryimage","url":"https:\/\/dev.klb-koetztal.de\/app\/uploads\/2022\/03\/EP202_Clean.jpg","contentUrl":"https:\/\/dev.klb-koetztal.de\/app\/uploads\/2022\/03\/EP202_Clean.jpg","width":500,"height":500},{"@type":"BreadcrumbList","@id":"https:\/\/dev.klb-koetztal.de\/en\/produkt\/klb-system-epoxid-ep-202-clean\/#breadcrumb","itemListElement":[{"@type":"ListItem","position":1,"name":"Startseite","item":"https:\/\/dev.klb-koetztal.de\/en\/"},{"@type":"ListItem","position":2,"name":"KLB-SYSTEM EPOXID&nbsp;EP 202 Clean"}]},{"@type":"WebSite","@id":"https:\/\/dev.klb-koetztal.de\/en\/#website","url":"https:\/\/dev.klb-koetztal.de\/en\/","name":"KLB K\u00f6tztal","description":"Gute B\u00f6den haben ein System.","potentialAction":[{"@type":"SearchAction","target":{"@type":"EntryPoint","urlTemplate":"https:\/\/dev.klb-koetztal.de\/en\/?s={search_term_string}"},"query-input":{"@type":"PropertyValueSpecification","valueRequired":true,"valueName":"search_term_string"}}],"inLanguage":"en-GB"}]}},"_links":{"self":[{"href":"https:\/\/dev.klb-koetztal.de\/en\/wp-json\/wp\/v2\/product\/46760","targetHints":{"allow":["GET"]}}],"collection":[{"href":"https:\/\/dev.klb-koetztal.de\/en\/wp-json\/wp\/v2\/product"}],"about":[{"href":"https:\/\/dev.klb-koetztal.de\/en\/wp-json\/wp\/v2\/types\/product"}],"wp:featuredmedia":[{"embeddable":true,"href":"https:\/\/dev.klb-koetztal.de\/en\/wp-json\/wp\/v2\/media\/49444"}],"wp:attachment":[{"href":"https:\/\/dev.klb-koetztal.de\/en\/wp-json\/wp\/v2\/media?parent=46760"}],"wp:term":[{"taxonomy":"product_brand","embeddable":true,"href":"https:\/\/dev.klb-koetztal.de\/en\/wp-json\/wp\/v2\/product_brand?post=46760"},{"taxonomy":"product_cat","embeddable":true,"href":"https:\/\/dev.klb-koetztal.de\/en\/wp-json\/wp\/v2\/product_cat?post=46760"},{"taxonomy":"product_tag","embeddable":true,"href":"https:\/\/dev.klb-koetztal.de\/en\/wp-json\/wp\/v2\/product_tag?post=46760"}],"curies":[{"name":"wp","href":"https:\/\/api.w.org\/{rel}","templated":true}]}}