{"id":46759,"date":"2021-08-19T09:53:53","date_gmt":"2021-08-19T07:53:53","guid":{"rendered":"https:\/\/dev.klb-koetztal.de\/produkt\/klb-system-epoxid-ep-785-hs\/"},"modified":"2026-03-16T14:24:36","modified_gmt":"2026-03-16T13:24:36","slug":"klb-system-epoxid-ep-785-hs","status":"publish","type":"product","link":"https:\/\/dev.klb-koetztal.de\/en\/produkt\/klb-system-epoxid-ep-785-hs\/","title":{"rendered":"KLB-SYSTEM EPOXID EP 785 HS"},"content":{"rendered":"","protected":false},"excerpt":{"rendered":"<p>Low-emission, pigmented, vapour-permeable 2-component epoxy resin emulsion self-levelling coating. Suitable for substrates that require a vapour-permeable coating (magnesia, substrates in contact with soil or increased moisture).<br \/>\nAgBB-compliant for recreation rooms. Certified according to Eurofins &#8220;Indoor Air Comfort Gold&#8221; as particularly low-emission.<\/p>\n","protected":false},"featured_media":49431,"template":"","meta":{"_acf_changed":false},"product_brand":[],"product_cat":[10158,9609,9631],"product_tag":[],"class_list":{"0":"post-46759","1":"product","2":"type-product","3":"status-publish","4":"has-post-thumbnail","6":"product_cat-coatings_2-component-epoxy-resin-coatings-low-emission","7":"product_cat-coatings","8":"product_cat-vapour-permeable-coatings-and-sealers","10":"first","11":"instock","12":"shipping-taxable","13":"product-type-simple"},"acf":{"product_header":{"module_product_header":{"":null,"prototype_headline":{"headline":"KLB-SYSTEM EPOXID EP 785 HS","h1":true,"subheadline":"Low-emission, water vapour-permeable&#160;2-component epoxy resin emulsion self-levelling coating","anchor":"","url":""},"grid_text_slider":false,"grid_text_content":[{"text":"<p class=\"product-short-title\" style=\"text-align: center;\"><strong>Brief description<\/strong><\/p>\n<p>Low-emission, pigmented, vapour-permeable 2-component epoxy resin emulsion self-levelling coating. Suitable for substrates that require a vapour-permeable coating (magnesia, substrates in contact with soil or increased moisture).<\/p>\n<p>AgBB-compliant for recreation rooms. Certified according to Eurofins &#8220;Indoor Air Comfort Gold&#8221; as particularly low-emission.<\/p>\n","width":"4","background_color_text":"bg-white","border_color":"border-gray-light"},{"text":"<p class=\"product-sicing-title\" style=\"text-align: center;\"><strong>Packaging units<\/strong><\/p>\n<ul>\n<li>AK2725-11 &#8211; Bucket combo 11.00 kg<\/li>\n<li>AK2725-30 &#8211; Hobbock combo 30.00 kg<\/li>\n<\/ul>\n<p><\/p>\n<p>Please do not hesitate to contact us directly for enquiries about larger delivery quantities or packaging units.<\/p>\n\n","width":"4","background_color_text":"bg-white","border_color":"border-gray-light"},{"text":"<p class=\"product-attr-title\" style=\"text-align: center;\"><strong>Properties<\/strong><\/p>\n<ul>\n<li>ready-to-use<\/li>\n<li>odorless<\/li>\n<li>tested, low-emission quality<\/li>\n<li>environmentally friendly<\/li>\n<li>Total Solid according to GISCODE<\/li>\n<li>water vapour-permeable<\/li>\n<li>easy application<\/li>\n<li>even surface<\/li>\n<li>matt<\/li>\n<\/ul>\n","width":"4","background_color_text":"bg-white","border_color":"border-gray-light"}],"background_color":"bg-none","background_color_content":"bg-none"}},"downloads":{"module_download_list":{"inhalt":null,"downloads":[{"download":{"ID":59055,"id":59055,"title":"EP_785_HS_PI_en_2023_11","filename":"EP_785_HS_PI_en_2023_11.pdf","filesize":568219,"url":"https:\/\/dev.klb-koetztal.de\/app\/uploads\/2023\/11\/EP_785_HS_PI_en_2023_11.pdf","link":"https:\/\/dev.klb-koetztal.de\/en\/?attachment_id=59055","alt":"","author":"7","description":"","caption":"","name":"ep_785_hs_pi_en_2023_11-2","status":"inherit","uploaded_to":0,"date":"2023-11-28 07:40:28","modified":"2023-11-28 07:40:28","menu_order":0,"mime_type":"application\/pdf","type":"application","subtype":"pdf","icon":"https:\/\/dev.klb-koetztal.de\/wp\/wp-includes\/images\/media\/document.png"},"filename":"Product Information","protected":false,"doclang":"GB","externalkey":"Produktinformation","docpos":"2"},{"download":{"ID":59058,"id":59058,"title":"EP_785_HS_PI_fr_2023_11","filename":"EP_785_HS_PI_fr_2023_11.pdf","filesize":573836,"url":"https:\/\/dev.klb-koetztal.de\/app\/uploads\/2023\/11\/EP_785_HS_PI_fr_2023_11.pdf","link":"https:\/\/dev.klb-koetztal.de\/en\/?attachment_id=59058","alt":"","author":"7","description":"","caption":"","name":"ep_785_hs_pi_fr_2023_11-2","status":"inherit","uploaded_to":0,"date":"2023-11-28 07:40:30","modified":"2023-11-28 07:40:30","menu_order":0,"mime_type":"application\/pdf","type":"application","subtype":"pdf","icon":"https:\/\/dev.klb-koetztal.de\/wp\/wp-includes\/images\/media\/document.png"},"filename":"Information Produit FR","protected":false,"doclang":"FR","externalkey":"Produktinformation","docpos":"3"},{"download":{"ID":49433,"id":49433,"title":"Leistungserkl\u00e4rung - Statement of performance","filename":"EP785_HS_LE_2013-04.pdf","filesize":170044,"url":"https:\/\/dev.klb-koetztal.de\/app\/uploads\/2022\/03\/EP785_HS_LE_2013-04.pdf","link":"https:\/\/dev.klb-koetztal.de\/en\/?attachment_id=49433","alt":"","author":"7","description":"","caption":"","name":"ep785_hs_le_2013-04","status":"inherit","uploaded_to":0,"date":"2022-03-14 09:56:22","modified":"2026-03-16 13:24:44","menu_order":0,"mime_type":"application\/pdf","type":"application","subtype":"pdf","icon":"https:\/\/dev.klb-koetztal.de\/wp\/wp-includes\/images\/media\/document.png"},"filename":"Statement of performance - Leistungserkl\u00e4rung","protected":false,"doclang":"Multi","externalkey":"Leistungserklaerung","docpos":"50"},{"download":{"ID":52046,"id":52046,"title":"EP785_HS_Umwelt-Deklaration_2022-08","filename":"EP785_HS_Umwelt-Deklaration_2022-08.pdf","filesize":2342592,"url":"https:\/\/dev.klb-koetztal.de\/app\/uploads\/2022\/09\/EP785_HS_Umwelt-Deklaration_2022-08.pdf","link":"https:\/\/dev.klb-koetztal.de\/en\/?attachment_id=52046","alt":"","author":"7","description":"","caption":"","name":"ep785_hs_umwelt-deklaration_2022-08-2","status":"inherit","uploaded_to":0,"date":"2022-09-01 11:35:33","modified":"2022-09-01 11:35:33","menu_order":0,"mime_type":"application\/pdf","type":"application","subtype":"pdf","icon":"https:\/\/dev.klb-koetztal.de\/wp\/wp-includes\/images\/media\/document.png"},"filename":"EPD - Environmental Product Declaration","protected":false,"doclang":"Multi","externalkey":"Umweltproduktdeklaration","docpos":"50"},{"download":false,"filename":"Safety data sheet","protected":true,"doclang":"GB","externalkey":"Sicherheitsdatenblatt","docpos":"2"},{"download":false,"filename":"Fiche de donn\u00e9es de s\u00e9curit\u00e9 FR","protected":true,"doclang":"FR","externalkey":"Sicherheitsdatenblatt","docpos":"3"}],"einstellungen":null,"background_color":"bg-none","background_color_content":"bg-none"}},"included_in_systems":{"module_included_in_systems":{"":null,"background_color":"bg-gray-medium","background_color_content":"bg-none"}},"contact":{"module_contact":{"":null,"background_color":"bg-none","background_color_content":"bg-none"}},"ausschreibende":{"module_ausschreibende":{"andern_sie_den_inhalt_unter_universelle_elemente":null,"background_color":"bg-none","background_color_content":"bg-none"}}},"yoast_head":"<!-- This site is optimized with the Yoast SEO plugin v27.0 - https:\/\/yoast.com\/product\/yoast-seo-wordpress\/ -->\n<title>Diffusible, low-VOC floor covering EP 785 HS | KLB<\/title>\n<meta name=\"description\" content=\"Vapour-permeable, low-emission coating EP 785 HS for magnesia, substrates in contact with soil or damp | KLB floors \u2714\ufe0f AgBB, Eurofins\" \/>\n<meta name=\"robots\" content=\"noindex, follow, max-snippet:-1, max-image-preview:large, max-video-preview:-1\" \/>\n<meta property=\"og:locale\" content=\"en_GB\" \/>\n<meta property=\"og:type\" content=\"article\" \/>\n<meta property=\"og:title\" content=\"Diffusible, low-VOC floor covering EP 785 HS | KLB\" \/>\n<meta property=\"og:description\" content=\"Vapour-permeable, low-emission coating EP 785 HS for magnesia, substrates in contact with soil or damp | KLB floors \u2714\ufe0f AgBB, Eurofins\" \/>\n<meta property=\"og:url\" content=\"https:\/\/dev.klb-koetztal.de\/en\/produkt\/klb-system-epoxid-ep-785-hs\/\" \/>\n<meta property=\"og:site_name\" content=\"KLB K\u00f6tztal\" \/>\n<meta property=\"article:publisher\" content=\"https:\/\/www.facebook.com\/klbkoetztal\" \/>\n<meta property=\"article:modified_time\" content=\"2026-03-16T13:24:36+00:00\" \/>\n<meta property=\"og:image\" content=\"https:\/\/dev.klb-koetztal.de\/app\/uploads\/2022\/03\/EP785_HS.jpg\" \/>\n\t<meta property=\"og:image:width\" content=\"500\" \/>\n\t<meta property=\"og:image:height\" content=\"500\" \/>\n\t<meta property=\"og:image:type\" content=\"image\/jpeg\" \/>\n<meta name=\"twitter:card\" content=\"summary_large_image\" \/>\n<script type=\"application\/ld+json\" class=\"yoast-schema-graph\">{\"@context\":\"https:\/\/schema.org\",\"@graph\":[{\"@type\":\"WebPage\",\"@id\":\"https:\/\/dev.klb-koetztal.de\/en\/produkt\/klb-system-epoxid-ep-785-hs\/\",\"url\":\"https:\/\/dev.klb-koetztal.de\/en\/produkt\/klb-system-epoxid-ep-785-hs\/\",\"name\":\"Diffusible, low-VOC floor covering EP 785 HS | KLB\",\"isPartOf\":{\"@id\":\"https:\/\/dev.klb-koetztal.de\/en\/#website\"},\"primaryImageOfPage\":{\"@id\":\"https:\/\/dev.klb-koetztal.de\/en\/produkt\/klb-system-epoxid-ep-785-hs\/#primaryimage\"},\"image\":{\"@id\":\"https:\/\/dev.klb-koetztal.de\/en\/produkt\/klb-system-epoxid-ep-785-hs\/#primaryimage\"},\"thumbnailUrl\":\"https:\/\/dev.klb-koetztal.de\/app\/uploads\/2022\/03\/EP785_HS.jpg\",\"datePublished\":\"2021-08-19T07:53:53+00:00\",\"dateModified\":\"2026-03-16T13:24:36+00:00\",\"description\":\"Vapour-permeable, low-emission coating EP 785 HS for magnesia, substrates in contact with soil or damp | KLB floors \u2714\ufe0f AgBB, Eurofins\",\"breadcrumb\":{\"@id\":\"https:\/\/dev.klb-koetztal.de\/en\/produkt\/klb-system-epoxid-ep-785-hs\/#breadcrumb\"},\"inLanguage\":\"en-GB\",\"potentialAction\":[{\"@type\":\"ReadAction\",\"target\":[\"https:\/\/dev.klb-koetztal.de\/en\/produkt\/klb-system-epoxid-ep-785-hs\/\"]}]},{\"@type\":\"ImageObject\",\"inLanguage\":\"en-GB\",\"@id\":\"https:\/\/dev.klb-koetztal.de\/en\/produkt\/klb-system-epoxid-ep-785-hs\/#primaryimage\",\"url\":\"https:\/\/dev.klb-koetztal.de\/app\/uploads\/2022\/03\/EP785_HS.jpg\",\"contentUrl\":\"https:\/\/dev.klb-koetztal.de\/app\/uploads\/2022\/03\/EP785_HS.jpg\",\"width\":500,\"height\":500},{\"@type\":\"BreadcrumbList\",\"@id\":\"https:\/\/dev.klb-koetztal.de\/en\/produkt\/klb-system-epoxid-ep-785-hs\/#breadcrumb\",\"itemListElement\":[{\"@type\":\"ListItem\",\"position\":1,\"name\":\"Startseite\",\"item\":\"https:\/\/dev.klb-koetztal.de\/en\/\"},{\"@type\":\"ListItem\",\"position\":2,\"name\":\"KLB-SYSTEM EPOXID EP 785 HS\"}]},{\"@type\":\"WebSite\",\"@id\":\"https:\/\/dev.klb-koetztal.de\/en\/#website\",\"url\":\"https:\/\/dev.klb-koetztal.de\/en\/\",\"name\":\"KLB K\u00f6tztal\",\"description\":\"Gute B\u00f6den haben ein System.\",\"potentialAction\":[{\"@type\":\"SearchAction\",\"target\":{\"@type\":\"EntryPoint\",\"urlTemplate\":\"https:\/\/dev.klb-koetztal.de\/en\/?s={search_term_string}\"},\"query-input\":{\"@type\":\"PropertyValueSpecification\",\"valueRequired\":true,\"valueName\":\"search_term_string\"}}],\"inLanguage\":\"en-GB\"}]}<\/script>\n<!-- \/ Yoast SEO plugin. -->","yoast_head_json":{"title":"Diffusible, low-VOC floor covering EP 785 HS | KLB","description":"Vapour-permeable, low-emission coating EP 785 HS for magnesia, substrates in contact with soil or damp | KLB floors \u2714\ufe0f AgBB, Eurofins","robots":{"index":"noindex","follow":"follow","max-snippet":"max-snippet:-1","max-image-preview":"max-image-preview:large","max-video-preview":"max-video-preview:-1"},"og_locale":"en_GB","og_type":"article","og_title":"Diffusible, low-VOC floor covering EP 785 HS | KLB","og_description":"Vapour-permeable, low-emission coating EP 785 HS for magnesia, substrates in contact with soil or damp | KLB floors \u2714\ufe0f AgBB, Eurofins","og_url":"https:\/\/dev.klb-koetztal.de\/en\/produkt\/klb-system-epoxid-ep-785-hs\/","og_site_name":"KLB K\u00f6tztal","article_publisher":"https:\/\/www.facebook.com\/klbkoetztal","article_modified_time":"2026-03-16T13:24:36+00:00","og_image":[{"width":500,"height":500,"url":"https:\/\/dev.klb-koetztal.de\/app\/uploads\/2022\/03\/EP785_HS.jpg","type":"image\/jpeg"}],"twitter_card":"summary_large_image","schema":{"@context":"https:\/\/schema.org","@graph":[{"@type":"WebPage","@id":"https:\/\/dev.klb-koetztal.de\/en\/produkt\/klb-system-epoxid-ep-785-hs\/","url":"https:\/\/dev.klb-koetztal.de\/en\/produkt\/klb-system-epoxid-ep-785-hs\/","name":"Diffusible, low-VOC floor covering EP 785 HS | KLB","isPartOf":{"@id":"https:\/\/dev.klb-koetztal.de\/en\/#website"},"primaryImageOfPage":{"@id":"https:\/\/dev.klb-koetztal.de\/en\/produkt\/klb-system-epoxid-ep-785-hs\/#primaryimage"},"image":{"@id":"https:\/\/dev.klb-koetztal.de\/en\/produkt\/klb-system-epoxid-ep-785-hs\/#primaryimage"},"thumbnailUrl":"https:\/\/dev.klb-koetztal.de\/app\/uploads\/2022\/03\/EP785_HS.jpg","datePublished":"2021-08-19T07:53:53+00:00","dateModified":"2026-03-16T13:24:36+00:00","description":"Vapour-permeable, low-emission coating EP 785 HS for magnesia, substrates in contact with soil or damp | KLB floors \u2714\ufe0f AgBB, Eurofins","breadcrumb":{"@id":"https:\/\/dev.klb-koetztal.de\/en\/produkt\/klb-system-epoxid-ep-785-hs\/#breadcrumb"},"inLanguage":"en-GB","potentialAction":[{"@type":"ReadAction","target":["https:\/\/dev.klb-koetztal.de\/en\/produkt\/klb-system-epoxid-ep-785-hs\/"]}]},{"@type":"ImageObject","inLanguage":"en-GB","@id":"https:\/\/dev.klb-koetztal.de\/en\/produkt\/klb-system-epoxid-ep-785-hs\/#primaryimage","url":"https:\/\/dev.klb-koetztal.de\/app\/uploads\/2022\/03\/EP785_HS.jpg","contentUrl":"https:\/\/dev.klb-koetztal.de\/app\/uploads\/2022\/03\/EP785_HS.jpg","width":500,"height":500},{"@type":"BreadcrumbList","@id":"https:\/\/dev.klb-koetztal.de\/en\/produkt\/klb-system-epoxid-ep-785-hs\/#breadcrumb","itemListElement":[{"@type":"ListItem","position":1,"name":"Startseite","item":"https:\/\/dev.klb-koetztal.de\/en\/"},{"@type":"ListItem","position":2,"name":"KLB-SYSTEM EPOXID EP 785 HS"}]},{"@type":"WebSite","@id":"https:\/\/dev.klb-koetztal.de\/en\/#website","url":"https:\/\/dev.klb-koetztal.de\/en\/","name":"KLB K\u00f6tztal","description":"Gute B\u00f6den haben ein System.","potentialAction":[{"@type":"SearchAction","target":{"@type":"EntryPoint","urlTemplate":"https:\/\/dev.klb-koetztal.de\/en\/?s={search_term_string}"},"query-input":{"@type":"PropertyValueSpecification","valueRequired":true,"valueName":"search_term_string"}}],"inLanguage":"en-GB"}]}},"_links":{"self":[{"href":"https:\/\/dev.klb-koetztal.de\/en\/wp-json\/wp\/v2\/product\/46759","targetHints":{"allow":["GET"]}}],"collection":[{"href":"https:\/\/dev.klb-koetztal.de\/en\/wp-json\/wp\/v2\/product"}],"about":[{"href":"https:\/\/dev.klb-koetztal.de\/en\/wp-json\/wp\/v2\/types\/product"}],"wp:featuredmedia":[{"embeddable":true,"href":"https:\/\/dev.klb-koetztal.de\/en\/wp-json\/wp\/v2\/media\/49431"}],"wp:attachment":[{"href":"https:\/\/dev.klb-koetztal.de\/en\/wp-json\/wp\/v2\/media?parent=46759"}],"wp:term":[{"taxonomy":"product_brand","embeddable":true,"href":"https:\/\/dev.klb-koetztal.de\/en\/wp-json\/wp\/v2\/product_brand?post=46759"},{"taxonomy":"product_cat","embeddable":true,"href":"https:\/\/dev.klb-koetztal.de\/en\/wp-json\/wp\/v2\/product_cat?post=46759"},{"taxonomy":"product_tag","embeddable":true,"href":"https:\/\/dev.klb-koetztal.de\/en\/wp-json\/wp\/v2\/product_tag?post=46759"}],"curies":[{"name":"wp","href":"https:\/\/api.w.org\/{rel}","templated":true}]}}