{"id":46755,"date":"2021-08-19T09:50:53","date_gmt":"2021-08-19T07:50:53","guid":{"rendered":"https:\/\/dev.klb-koetztal.de\/produkt\/klb-system-epoxid-ep-55\/"},"modified":"2026-03-16T14:12:51","modified_gmt":"2026-03-16T13:12:51","slug":"klb-system-epoxid-ep-55","status":"publish","type":"product","link":"https:\/\/dev.klb-koetztal.de\/en\/produkt\/klb-system-epoxid-ep-55\/","title":{"rendered":"KLB-SYSTEM EPOXID EP 55"},"content":{"rendered":"","protected":false},"excerpt":{"rendered":"<p>Solvent-free, non-pigmented 2-component epoxy resin for producing base and scratch coats. System primer approved for KLB water protection coatings EP 280 and EP 282 WHG.<\/p>\n","protected":false},"featured_media":49364,"template":"","meta":{"_acf_changed":false},"product_brand":[],"product_cat":[9607,9608,9609,9610],"product_tag":[],"class_list":{"0":"post-46755","1":"product","2":"type-product","3":"status-publish","4":"has-post-thumbnail","6":"product_cat-primers","7":"product_cat-2-component-epoxy-resin-primers","8":"product_cat-coatings","9":"product_cat-water-protection-coating-according-to-whg","11":"first","12":"instock","13":"shipping-taxable","14":"product-type-simple"},"acf":{"product_header":{"module_product_header":{"":null,"prototype_headline":{"headline":"KLB-SYSTEM EPOXID EP 55","h1":true,"subheadline":"All-purpose 2-component epoxy resin system primer and scratch coat for KLB water protection systems&#160;EP 280 WHG and EP 282 WHG","anchor":"","url":""},"grid_text_slider":false,"grid_text_content":[{"text":"<p class=\"product-short-title\" style=\"text-align: center;\"><strong>Brief description<\/strong><\/p>\n<p>Solvent-free, non-pigmented 2-component epoxy resin for producing base and scratch coats. System primer approved for KLB water protection coatings EP 280 and EP 282 WHG.<\/p>\n","width":"4","background_color_text":"bg-white","border_color":"border-gray-light"},{"text":"<p class=\"product-sicing-title\" style=\"text-align: center;\"><strong>Packaging units<\/strong><\/p>\n<ul>\n<li>AK1012-83 &#8211; Combo can 1.00 kg<\/li>\n<li>AK1012-50 &#8211; Bucket combo 10.00 kg<\/li>\n<li>AK1012-30 &#8211; Hobbock combo 30.00 kg<\/li>\n<li>AK1012-01 &#8211; Drum combo 600.00 kg<\/li>\n<\/ul>\n<p><\/p>\n<p>Please do not hesitate to contact us directly for enquiries about larger delivery quantities or packaging units.<\/p>\n\n","width":"4","background_color_text":"bg-white","border_color":"border-gray-light"},{"text":"<p class=\"product-attr-title\" style=\"text-align: center;\"><strong>Properties<\/strong><\/p>\n<ul>\n<li>high-quality primer<\/li>\n<li>proven quality<\/li>\n<li>all-purpose use<\/li>\n<li>consistent to hydrolysis and saponification<\/li>\n<li>good interlayer adhesion<\/li>\n<li>free of deleterious substances against varnish<\/li>\n<li>Total Solid according to GISCODE (Test method &#8220;Deutsche Bauchemie&#8221;)<\/li>\n<li>building authority approval according to DIBt\u00ae<\/li>\n<\/ul>\n","width":"4","background_color_text":"bg-white","border_color":"border-gray-light"}],"background_color":"bg-none","background_color_content":"bg-none"}},"downloads":{"module_download_list":{"inhalt":null,"downloads":[{"download":{"ID":67107,"id":67107,"title":"EP_55_PI_en_2025_08","filename":"EP_55_PI_en_2025_08.pdf","filesize":1694800,"url":"https:\/\/dev.klb-koetztal.de\/app\/uploads\/2025\/08\/EP_55_PI_en_2025_08.pdf","link":"https:\/\/dev.klb-koetztal.de\/en\/?attachment_id=67107","alt":"","author":"7","description":"","caption":"","name":"ep_55_pi_en_2025_08-2","status":"inherit","uploaded_to":0,"date":"2025-08-21 07:41:07","modified":"2025-08-21 07:41:07","menu_order":0,"mime_type":"application\/pdf","type":"application","subtype":"pdf","icon":"https:\/\/dev.klb-koetztal.de\/wp\/wp-includes\/images\/media\/document.png"},"filename":"Product Information","protected":false,"doclang":"GB","externalkey":"Produktinformation","docpos":"2"},{"download":{"ID":67110,"id":67110,"title":"EP_55_PI_fr_2025_08","filename":"EP_55_PI_fr_2025_08.pdf","filesize":1698935,"url":"https:\/\/dev.klb-koetztal.de\/app\/uploads\/2025\/08\/EP_55_PI_fr_2025_08.pdf","link":"https:\/\/dev.klb-koetztal.de\/en\/?attachment_id=67110","alt":"","author":"7","description":"","caption":"","name":"ep_55_pi_fr_2025_08-2","status":"inherit","uploaded_to":0,"date":"2025-08-21 07:41:09","modified":"2025-08-21 07:41:09","menu_order":0,"mime_type":"application\/pdf","type":"application","subtype":"pdf","icon":"https:\/\/dev.klb-koetztal.de\/wp\/wp-includes\/images\/media\/document.png"},"filename":"Information Produit FR","protected":false,"doclang":"FR","externalkey":"Produktinformation","docpos":"3"},{"download":{"ID":49365,"id":49365,"title":"Leistungserkl\u00e4rung - Statement of performance","filename":"EP55_LE_2022-01.pdf","filesize":243962,"url":"https:\/\/dev.klb-koetztal.de\/app\/uploads\/2022\/03\/EP55_LE_2022-01.pdf","link":"https:\/\/dev.klb-koetztal.de\/en\/?attachment_id=49365","alt":"","author":"7","description":"","caption":"","name":"ep55_le_2022-01","status":"inherit","uploaded_to":0,"date":"2022-03-14 09:55:04","modified":"2026-03-16 13:12:59","menu_order":0,"mime_type":"application\/pdf","type":"application","subtype":"pdf","icon":"https:\/\/dev.klb-koetztal.de\/wp\/wp-includes\/images\/media\/document.png"},"filename":"Statement of performance - Leistungserkl\u00e4rung","protected":false,"doclang":"Multi","externalkey":"Leistungserklaerung","docpos":"50"},{"download":{"ID":51890,"id":51890,"title":"EP55_Umwelt-Deklaration_2022-08","filename":"EP55_Umwelt-Deklaration_2022-08.pdf","filesize":2901622,"url":"https:\/\/dev.klb-koetztal.de\/app\/uploads\/2022\/09\/EP55_Umwelt-Deklaration_2022-08.pdf","link":"https:\/\/dev.klb-koetztal.de\/en\/?attachment_id=51890","alt":"","author":"7","description":"","caption":"","name":"ep55_umwelt-deklaration_2022-08-2","status":"inherit","uploaded_to":0,"date":"2022-09-01 06:35:34","modified":"2022-09-01 06:35:34","menu_order":0,"mime_type":"application\/pdf","type":"application","subtype":"pdf","icon":"https:\/\/dev.klb-koetztal.de\/wp\/wp-includes\/images\/media\/document.png"},"filename":"EPD - Environmental Product Declaration","protected":false,"doclang":"Multi","externalkey":"Umweltproduktdeklaration","docpos":"50"},{"download":false,"filename":"Safety data sheet","protected":true,"doclang":"GB","externalkey":"Sicherheitsdatenblatt","docpos":"2"},{"download":false,"filename":"Fiche de donn\u00e9es de s\u00e9curit\u00e9 FR","protected":true,"doclang":"FR","externalkey":"Sicherheitsdatenblatt","docpos":"3"}],"einstellungen":null,"background_color":"bg-none","background_color_content":"bg-none"}},"included_in_systems":{"module_included_in_systems":{"":null,"background_color":"bg-gray-medium","background_color_content":"bg-none"}},"contact":{"module_contact":{"":null,"background_color":"bg-none","background_color_content":"bg-none"}},"ausschreibende":{"module_ausschreibende":{"andern_sie_den_inhalt_unter_universelle_elemente":null,"background_color":"bg-none","background_color_content":"bg-none"}}},"yoast_head":"<!-- This site is optimized with the Yoast SEO plugin v27.0 - https:\/\/yoast.com\/product\/yoast-seo-wordpress\/ -->\n<title>Solvent-free, non-pigmented primer EP 55 | KLB K\u00f6tztal<\/title>\n<meta name=\"description\" content=\"Solvent-free, high-quality universal base and scratch coat EP 55 | KLB floor coverings \u2714\ufe0f DIBt\u00ae-approval for WHG water protection coatings\" \/>\n<meta name=\"robots\" content=\"noindex, follow, max-snippet:-1, max-image-preview:large, max-video-preview:-1\" \/>\n<meta property=\"og:locale\" content=\"en_GB\" \/>\n<meta property=\"og:type\" content=\"article\" \/>\n<meta property=\"og:title\" content=\"Solvent-free, non-pigmented primer EP 55 | KLB K\u00f6tztal\" \/>\n<meta property=\"og:description\" content=\"Solvent-free, high-quality universal base and scratch coat EP 55 | KLB floor coverings \u2714\ufe0f DIBt\u00ae-approval for WHG water protection coatings\" \/>\n<meta property=\"og:url\" content=\"https:\/\/dev.klb-koetztal.de\/en\/produkt\/klb-system-epoxid-ep-55\/\" \/>\n<meta property=\"og:site_name\" content=\"KLB K\u00f6tztal\" \/>\n<meta property=\"article:publisher\" content=\"https:\/\/www.facebook.com\/klbkoetztal\" \/>\n<meta property=\"article:modified_time\" content=\"2026-03-16T13:12:51+00:00\" \/>\n<meta property=\"og:image\" content=\"https:\/\/dev.klb-koetztal.de\/app\/uploads\/2022\/03\/EP55.jpg\" \/>\n\t<meta property=\"og:image:width\" content=\"500\" \/>\n\t<meta property=\"og:image:height\" content=\"500\" \/>\n\t<meta property=\"og:image:type\" content=\"image\/jpeg\" \/>\n<meta name=\"twitter:card\" content=\"summary_large_image\" \/>\n<script type=\"application\/ld+json\" class=\"yoast-schema-graph\">{\"@context\":\"https:\/\/schema.org\",\"@graph\":[{\"@type\":\"WebPage\",\"@id\":\"https:\/\/dev.klb-koetztal.de\/en\/produkt\/klb-system-epoxid-ep-55\/\",\"url\":\"https:\/\/dev.klb-koetztal.de\/en\/produkt\/klb-system-epoxid-ep-55\/\",\"name\":\"Solvent-free, non-pigmented primer EP 55 | KLB K\u00f6tztal\",\"isPartOf\":{\"@id\":\"https:\/\/dev.klb-koetztal.de\/en\/#website\"},\"primaryImageOfPage\":{\"@id\":\"https:\/\/dev.klb-koetztal.de\/en\/produkt\/klb-system-epoxid-ep-55\/#primaryimage\"},\"image\":{\"@id\":\"https:\/\/dev.klb-koetztal.de\/en\/produkt\/klb-system-epoxid-ep-55\/#primaryimage\"},\"thumbnailUrl\":\"https:\/\/dev.klb-koetztal.de\/app\/uploads\/2022\/03\/EP55.jpg\",\"datePublished\":\"2021-08-19T07:50:53+00:00\",\"dateModified\":\"2026-03-16T13:12:51+00:00\",\"description\":\"Solvent-free, high-quality universal base and scratch coat EP 55 | KLB floor coverings \u2714\ufe0f DIBt\u00ae-approval for WHG water protection coatings\",\"breadcrumb\":{\"@id\":\"https:\/\/dev.klb-koetztal.de\/en\/produkt\/klb-system-epoxid-ep-55\/#breadcrumb\"},\"inLanguage\":\"en-GB\",\"potentialAction\":[{\"@type\":\"ReadAction\",\"target\":[\"https:\/\/dev.klb-koetztal.de\/en\/produkt\/klb-system-epoxid-ep-55\/\"]}]},{\"@type\":\"ImageObject\",\"inLanguage\":\"en-GB\",\"@id\":\"https:\/\/dev.klb-koetztal.de\/en\/produkt\/klb-system-epoxid-ep-55\/#primaryimage\",\"url\":\"https:\/\/dev.klb-koetztal.de\/app\/uploads\/2022\/03\/EP55.jpg\",\"contentUrl\":\"https:\/\/dev.klb-koetztal.de\/app\/uploads\/2022\/03\/EP55.jpg\",\"width\":500,\"height\":500},{\"@type\":\"BreadcrumbList\",\"@id\":\"https:\/\/dev.klb-koetztal.de\/en\/produkt\/klb-system-epoxid-ep-55\/#breadcrumb\",\"itemListElement\":[{\"@type\":\"ListItem\",\"position\":1,\"name\":\"Startseite\",\"item\":\"https:\/\/dev.klb-koetztal.de\/en\/\"},{\"@type\":\"ListItem\",\"position\":2,\"name\":\"KLB-SYSTEM EPOXID EP 55\"}]},{\"@type\":\"WebSite\",\"@id\":\"https:\/\/dev.klb-koetztal.de\/en\/#website\",\"url\":\"https:\/\/dev.klb-koetztal.de\/en\/\",\"name\":\"KLB K\u00f6tztal\",\"description\":\"Gute B\u00f6den haben ein System.\",\"potentialAction\":[{\"@type\":\"SearchAction\",\"target\":{\"@type\":\"EntryPoint\",\"urlTemplate\":\"https:\/\/dev.klb-koetztal.de\/en\/?s={search_term_string}\"},\"query-input\":{\"@type\":\"PropertyValueSpecification\",\"valueRequired\":true,\"valueName\":\"search_term_string\"}}],\"inLanguage\":\"en-GB\"}]}<\/script>\n<!-- \/ Yoast SEO plugin. -->","yoast_head_json":{"title":"Solvent-free, non-pigmented primer EP 55 | KLB K\u00f6tztal","description":"Solvent-free, high-quality universal base and scratch coat EP 55 | KLB floor coverings \u2714\ufe0f DIBt\u00ae-approval for WHG water protection coatings","robots":{"index":"noindex","follow":"follow","max-snippet":"max-snippet:-1","max-image-preview":"max-image-preview:large","max-video-preview":"max-video-preview:-1"},"og_locale":"en_GB","og_type":"article","og_title":"Solvent-free, non-pigmented primer EP 55 | KLB K\u00f6tztal","og_description":"Solvent-free, high-quality universal base and scratch coat EP 55 | KLB floor coverings \u2714\ufe0f DIBt\u00ae-approval for WHG water protection coatings","og_url":"https:\/\/dev.klb-koetztal.de\/en\/produkt\/klb-system-epoxid-ep-55\/","og_site_name":"KLB K\u00f6tztal","article_publisher":"https:\/\/www.facebook.com\/klbkoetztal","article_modified_time":"2026-03-16T13:12:51+00:00","og_image":[{"width":500,"height":500,"url":"https:\/\/dev.klb-koetztal.de\/app\/uploads\/2022\/03\/EP55.jpg","type":"image\/jpeg"}],"twitter_card":"summary_large_image","schema":{"@context":"https:\/\/schema.org","@graph":[{"@type":"WebPage","@id":"https:\/\/dev.klb-koetztal.de\/en\/produkt\/klb-system-epoxid-ep-55\/","url":"https:\/\/dev.klb-koetztal.de\/en\/produkt\/klb-system-epoxid-ep-55\/","name":"Solvent-free, non-pigmented primer EP 55 | KLB K\u00f6tztal","isPartOf":{"@id":"https:\/\/dev.klb-koetztal.de\/en\/#website"},"primaryImageOfPage":{"@id":"https:\/\/dev.klb-koetztal.de\/en\/produkt\/klb-system-epoxid-ep-55\/#primaryimage"},"image":{"@id":"https:\/\/dev.klb-koetztal.de\/en\/produkt\/klb-system-epoxid-ep-55\/#primaryimage"},"thumbnailUrl":"https:\/\/dev.klb-koetztal.de\/app\/uploads\/2022\/03\/EP55.jpg","datePublished":"2021-08-19T07:50:53+00:00","dateModified":"2026-03-16T13:12:51+00:00","description":"Solvent-free, high-quality universal base and scratch coat EP 55 | KLB floor coverings \u2714\ufe0f DIBt\u00ae-approval for WHG water protection coatings","breadcrumb":{"@id":"https:\/\/dev.klb-koetztal.de\/en\/produkt\/klb-system-epoxid-ep-55\/#breadcrumb"},"inLanguage":"en-GB","potentialAction":[{"@type":"ReadAction","target":["https:\/\/dev.klb-koetztal.de\/en\/produkt\/klb-system-epoxid-ep-55\/"]}]},{"@type":"ImageObject","inLanguage":"en-GB","@id":"https:\/\/dev.klb-koetztal.de\/en\/produkt\/klb-system-epoxid-ep-55\/#primaryimage","url":"https:\/\/dev.klb-koetztal.de\/app\/uploads\/2022\/03\/EP55.jpg","contentUrl":"https:\/\/dev.klb-koetztal.de\/app\/uploads\/2022\/03\/EP55.jpg","width":500,"height":500},{"@type":"BreadcrumbList","@id":"https:\/\/dev.klb-koetztal.de\/en\/produkt\/klb-system-epoxid-ep-55\/#breadcrumb","itemListElement":[{"@type":"ListItem","position":1,"name":"Startseite","item":"https:\/\/dev.klb-koetztal.de\/en\/"},{"@type":"ListItem","position":2,"name":"KLB-SYSTEM EPOXID EP 55"}]},{"@type":"WebSite","@id":"https:\/\/dev.klb-koetztal.de\/en\/#website","url":"https:\/\/dev.klb-koetztal.de\/en\/","name":"KLB K\u00f6tztal","description":"Gute B\u00f6den haben ein System.","potentialAction":[{"@type":"SearchAction","target":{"@type":"EntryPoint","urlTemplate":"https:\/\/dev.klb-koetztal.de\/en\/?s={search_term_string}"},"query-input":{"@type":"PropertyValueSpecification","valueRequired":true,"valueName":"search_term_string"}}],"inLanguage":"en-GB"}]}},"_links":{"self":[{"href":"https:\/\/dev.klb-koetztal.de\/en\/wp-json\/wp\/v2\/product\/46755","targetHints":{"allow":["GET"]}}],"collection":[{"href":"https:\/\/dev.klb-koetztal.de\/en\/wp-json\/wp\/v2\/product"}],"about":[{"href":"https:\/\/dev.klb-koetztal.de\/en\/wp-json\/wp\/v2\/types\/product"}],"wp:featuredmedia":[{"embeddable":true,"href":"https:\/\/dev.klb-koetztal.de\/en\/wp-json\/wp\/v2\/media\/49364"}],"wp:attachment":[{"href":"https:\/\/dev.klb-koetztal.de\/en\/wp-json\/wp\/v2\/media?parent=46755"}],"wp:term":[{"taxonomy":"product_brand","embeddable":true,"href":"https:\/\/dev.klb-koetztal.de\/en\/wp-json\/wp\/v2\/product_brand?post=46755"},{"taxonomy":"product_cat","embeddable":true,"href":"https:\/\/dev.klb-koetztal.de\/en\/wp-json\/wp\/v2\/product_cat?post=46755"},{"taxonomy":"product_tag","embeddable":true,"href":"https:\/\/dev.klb-koetztal.de\/en\/wp-json\/wp\/v2\/product_tag?post=46755"}],"curies":[{"name":"wp","href":"https:\/\/api.w.org\/{rel}","templated":true}]}}