{"id":46752,"date":"2021-08-19T09:14:00","date_gmt":"2021-08-19T07:14:00","guid":{"rendered":"https:\/\/dev.klb-koetztal.de\/produkt\/klb-system-polyurethan-pu-424\/"},"modified":"2026-02-26T13:20:45","modified_gmt":"2026-02-26T12:20:45","slug":"klb-system-polyurethan-pu-424","status":"publish","type":"product","link":"https:\/\/dev.klb-koetztal.de\/en\/produkt\/klb-system-polyurethan-pu-424\/","title":{"rendered":"KLB-SYSTEM POLYURETHAN PU 424"},"content":{"rendered":"","protected":false},"excerpt":{"rendered":"<p>Low-emission, pigmented 2-component polyurethane binding agent for producing elastic and slip-resistant coatings scattered with coloured sand. System component and supporting layer for low-emission kitchen floors. Tested in the system with crack-bridging&#160;of 0.5 mm. Suitable for recreation rooms.&#160;Certified according to Eurofins &#8220;Indoor Air Comfort Gold\u201c as particularly low-emission.<\/p>\n","protected":false},"featured_media":50436,"template":"","meta":{"_acf_changed":false},"product_brand":[],"product_cat":[9609,9611],"product_tag":[],"class_list":{"0":"post-46752","1":"product","2":"type-product","3":"status-publish","4":"has-post-thumbnail","6":"product_cat-coatings","7":"product_cat-2-component-polyurethane-coatings-comfortable-coatings","9":"first","10":"instock","11":"shipping-taxable","12":"product-type-simple"},"acf":{"product_header":{"module_product_header":{"":null,"prototype_headline":{"headline":"KLB-SYSTEM POLYURETHAN PU 424","h1":true,"subheadline":"Tough-elastic, low-emission, plain-coloured 2-component polyurethane coating as supporting layer for scattered coverings in the system for kitchen floorings.","anchor":"","url":""},"grid_text_slider":false,"grid_text_content":[{"text":"<p class=\"product-short-title\" style=\"text-align: center;\"><strong>Brief description<\/strong><\/p>\n<p>Low-emission, pigmented 2-component polyurethane binding agent for producing elastic and slip-resistant coatings scattered with coloured sand. System component and supporting layer for low-emission kitchen floors. Tested in the system with crack-bridging&#160;of 0.5 mm. Suitable for recreation rooms.&#160;Certified according to Eurofins &#8220;Indoor Air Comfort Gold\u201c as particularly low-emission.<\/p>\n","width":"4","background_color_text":"bg-white","border_color":"border-gray-light"},{"text":"<p class=\"product-sicing-title\" style=\"text-align: center;\"><strong>Packaging units<\/strong><\/p>\n<ul>\n<li>AK6951-50 &#8211; Bucket combo 10.00 kg<\/li>\n<li>AK6951-30 &#8211; Hobbock combo 30.00 kg<\/li>\n<\/ul>\n<p><\/p>\n<p>Please do not hesitate to contact us directly for enquiries about larger delivery quantities or packaging units.<\/p>\n\n","width":"4","background_color_text":"bg-white","border_color":"border-gray-light"},{"text":"<p class=\"product-attr-title\" style=\"text-align: center;\"><strong>Properties<\/strong><\/p>\n<ul>\n<li>low-emission formulation<\/li>\n<li>good filling capacity<\/li>\n<li>free of deleterious substances against varnish<\/li>\n<li>good resistance to water and chemicals<\/li>\n<li>mechanically resistant<\/li>\n<li>viscoplastic<\/li>\n<\/ul>\n","width":"4","background_color_text":"bg-white","border_color":"border-gray-light"}],"background_color":"bg-none","background_color_content":"bg-none"}},"downloads":{"module_download_list":{"inhalt":null,"downloads":[{"download":{"ID":65060,"id":65060,"title":"PU_424_PI_en_2025_04","filename":"PU_424_PI_en_2025_04.pdf","filesize":628655,"url":"https:\/\/dev.klb-koetztal.de\/app\/uploads\/2025\/04\/PU_424_PI_en_2025_04.pdf","link":"https:\/\/dev.klb-koetztal.de\/en\/?attachment_id=65060","alt":"","author":"7","description":"","caption":"","name":"pu_424_pi_en_2025_04-2","status":"inherit","uploaded_to":0,"date":"2025-04-22 11:40:15","modified":"2025-04-22 11:40:15","menu_order":0,"mime_type":"application\/pdf","type":"application","subtype":"pdf","icon":"https:\/\/dev.klb-koetztal.de\/wp\/wp-includes\/images\/media\/document.png"},"filename":"Product Information","protected":false,"doclang":"GB","externalkey":"Produktinformation","docpos":"2"},{"download":{"ID":65063,"id":65063,"title":"PU_424_PI_fr_2025_04","filename":"PU_424_PI_fr_2025_04.pdf","filesize":632921,"url":"https:\/\/dev.klb-koetztal.de\/app\/uploads\/2025\/04\/PU_424_PI_fr_2025_04.pdf","link":"https:\/\/dev.klb-koetztal.de\/en\/?attachment_id=65063","alt":"","author":"7","description":"","caption":"","name":"pu_424_pi_fr_2025_04-2","status":"inherit","uploaded_to":0,"date":"2025-04-22 11:40:17","modified":"2025-04-22 11:40:17","menu_order":0,"mime_type":"application\/pdf","type":"application","subtype":"pdf","icon":"https:\/\/dev.klb-koetztal.de\/wp\/wp-includes\/images\/media\/document.png"},"filename":"Information Produit FR","protected":false,"doclang":"FR","externalkey":"Produktinformation","docpos":"3"},{"download":{"ID":50437,"id":50437,"title":"Leistungserkl\u00e4rung - Statement of performance","filename":"PU424_LE_2021-02.pdf","filesize":179544,"url":"https:\/\/dev.klb-koetztal.de\/app\/uploads\/2022\/03\/PU424_LE_2021-02.pdf","link":"https:\/\/dev.klb-koetztal.de\/en\/?attachment_id=50437","alt":"","author":"7","description":"","caption":"","name":"pu424_le_2021-02","status":"inherit","uploaded_to":0,"date":"2022-03-14 10:21:05","modified":"2026-02-26 12:20:52","menu_order":0,"mime_type":"application\/pdf","type":"application","subtype":"pdf","icon":"https:\/\/dev.klb-koetztal.de\/wp\/wp-includes\/images\/media\/document.png"},"filename":"Statement of performance - Leistungserkl\u00e4rung","protected":false,"doclang":"Multi","externalkey":"Leistungserklaerung","docpos":"50"},{"download":{"ID":51317,"id":51317,"title":"EPD-Information","filename":"PU-424_Umwelt-Deklaration_2022-06.pdf","filesize":4378463,"url":"https:\/\/dev.klb-koetztal.de\/app\/uploads\/2022\/06\/PU-424_Umwelt-Deklaration_2022-06.pdf","link":"https:\/\/dev.klb-koetztal.de\/en\/?attachment_id=51317","alt":"","author":"7","description":"","caption":"","name":"pu-424_umwelt-deklaration_2022-06","status":"inherit","uploaded_to":0,"date":"2022-06-30 12:33:20","modified":"2026-02-26 12:20:54","menu_order":0,"mime_type":"application\/pdf","type":"application","subtype":"pdf","icon":"https:\/\/dev.klb-koetztal.de\/wp\/wp-includes\/images\/media\/document.png"},"filename":"EPD - Environmental Product Declaration","protected":false,"doclang":"Multi","externalkey":"Umweltproduktdeklaration","docpos":"50"},{"download":false,"filename":"Safety data sheet","protected":true,"doclang":"GB","externalkey":"Sicherheitsdatenblatt","docpos":"2"},{"download":false,"filename":"Fiche de donn\u00e9es de s\u00e9curit\u00e9 FR","protected":true,"doclang":"FR","externalkey":"Sicherheitsdatenblatt","docpos":"3"}],"einstellungen":null,"background_color":"bg-none","background_color_content":"bg-none"}},"included_in_systems":{"module_included_in_systems":{"":null,"background_color":"bg-gray-medium","background_color_content":"bg-none"}},"contact":{"module_contact":{"":null,"background_color":"bg-none","background_color_content":"bg-none"}},"ausschreibende":{"module_ausschreibende":{"andern_sie_den_inhalt_unter_universelle_elemente":null,"background_color":"bg-none","background_color_content":"bg-none"}}},"yoast_head":"<!-- This site is optimized with the Yoast SEO plugin v27.0 - https:\/\/yoast.com\/product\/yoast-seo-wordpress\/ -->\n<title>Sustainable 2-comp binding agent PU 424 | KLB K\u00f6tztal<\/title>\n<meta name=\"description\" content=\"Low-emission, tough-elastic, coloured 2-comp. polyurethane binder PU 424 as base layer scattered coatings | KLB coating \u2714\ufe0f AgBB-compliant, Eurofins\" \/>\n<meta name=\"robots\" content=\"noindex, follow, max-snippet:-1, max-image-preview:large, max-video-preview:-1\" \/>\n<meta property=\"og:locale\" content=\"en_GB\" \/>\n<meta property=\"og:type\" content=\"article\" \/>\n<meta property=\"og:title\" content=\"Sustainable 2-comp binding agent PU 424 | KLB K\u00f6tztal\" \/>\n<meta property=\"og:description\" content=\"Low-emission, tough-elastic, coloured 2-comp. polyurethane binder PU 424 as base layer scattered coatings | KLB coating \u2714\ufe0f AgBB-compliant, Eurofins\" \/>\n<meta property=\"og:url\" content=\"https:\/\/dev.klb-koetztal.de\/en\/produkt\/klb-system-polyurethan-pu-424\/\" \/>\n<meta property=\"og:site_name\" content=\"KLB K\u00f6tztal\" \/>\n<meta property=\"article:publisher\" content=\"https:\/\/www.facebook.com\/klbkoetztal\" \/>\n<meta property=\"article:modified_time\" content=\"2026-02-26T12:20:45+00:00\" \/>\n<meta property=\"og:image\" content=\"https:\/\/dev.klb-koetztal.de\/app\/uploads\/2022\/03\/KLB-System-PU-424_500px.jpg\" \/>\n\t<meta property=\"og:image:width\" content=\"500\" \/>\n\t<meta property=\"og:image:height\" content=\"500\" \/>\n\t<meta property=\"og:image:type\" content=\"image\/jpeg\" \/>\n<meta name=\"twitter:card\" content=\"summary_large_image\" \/>\n<script type=\"application\/ld+json\" class=\"yoast-schema-graph\">{\"@context\":\"https:\/\/schema.org\",\"@graph\":[{\"@type\":\"WebPage\",\"@id\":\"https:\/\/dev.klb-koetztal.de\/en\/produkt\/klb-system-polyurethan-pu-424\/\",\"url\":\"https:\/\/dev.klb-koetztal.de\/en\/produkt\/klb-system-polyurethan-pu-424\/\",\"name\":\"Sustainable 2-comp binding agent PU 424 | KLB K\u00f6tztal\",\"isPartOf\":{\"@id\":\"https:\/\/dev.klb-koetztal.de\/en\/#website\"},\"primaryImageOfPage\":{\"@id\":\"https:\/\/dev.klb-koetztal.de\/en\/produkt\/klb-system-polyurethan-pu-424\/#primaryimage\"},\"image\":{\"@id\":\"https:\/\/dev.klb-koetztal.de\/en\/produkt\/klb-system-polyurethan-pu-424\/#primaryimage\"},\"thumbnailUrl\":\"https:\/\/dev.klb-koetztal.de\/app\/uploads\/2022\/03\/KLB-System-PU-424_500px.jpg\",\"datePublished\":\"2021-08-19T07:14:00+00:00\",\"dateModified\":\"2026-02-26T12:20:45+00:00\",\"description\":\"Low-emission, tough-elastic, coloured 2-comp. polyurethane binder PU 424 as base layer scattered coatings | KLB coating \u2714\ufe0f AgBB-compliant, Eurofins\",\"breadcrumb\":{\"@id\":\"https:\/\/dev.klb-koetztal.de\/en\/produkt\/klb-system-polyurethan-pu-424\/#breadcrumb\"},\"inLanguage\":\"en-GB\",\"potentialAction\":[{\"@type\":\"ReadAction\",\"target\":[\"https:\/\/dev.klb-koetztal.de\/en\/produkt\/klb-system-polyurethan-pu-424\/\"]}]},{\"@type\":\"ImageObject\",\"inLanguage\":\"en-GB\",\"@id\":\"https:\/\/dev.klb-koetztal.de\/en\/produkt\/klb-system-polyurethan-pu-424\/#primaryimage\",\"url\":\"https:\/\/dev.klb-koetztal.de\/app\/uploads\/2022\/03\/KLB-System-PU-424_500px.jpg\",\"contentUrl\":\"https:\/\/dev.klb-koetztal.de\/app\/uploads\/2022\/03\/KLB-System-PU-424_500px.jpg\",\"width\":500,\"height\":500},{\"@type\":\"BreadcrumbList\",\"@id\":\"https:\/\/dev.klb-koetztal.de\/en\/produkt\/klb-system-polyurethan-pu-424\/#breadcrumb\",\"itemListElement\":[{\"@type\":\"ListItem\",\"position\":1,\"name\":\"Startseite\",\"item\":\"https:\/\/dev.klb-koetztal.de\/en\/\"},{\"@type\":\"ListItem\",\"position\":2,\"name\":\"KLB-SYSTEM POLYURETHAN PU 424\"}]},{\"@type\":\"WebSite\",\"@id\":\"https:\/\/dev.klb-koetztal.de\/en\/#website\",\"url\":\"https:\/\/dev.klb-koetztal.de\/en\/\",\"name\":\"KLB K\u00f6tztal\",\"description\":\"Gute B\u00f6den haben ein System.\",\"potentialAction\":[{\"@type\":\"SearchAction\",\"target\":{\"@type\":\"EntryPoint\",\"urlTemplate\":\"https:\/\/dev.klb-koetztal.de\/en\/?s={search_term_string}\"},\"query-input\":{\"@type\":\"PropertyValueSpecification\",\"valueRequired\":true,\"valueName\":\"search_term_string\"}}],\"inLanguage\":\"en-GB\"}]}<\/script>\n<!-- \/ Yoast SEO plugin. -->","yoast_head_json":{"title":"Sustainable 2-comp binding agent PU 424 | KLB K\u00f6tztal","description":"Low-emission, tough-elastic, coloured 2-comp. polyurethane binder PU 424 as base layer scattered coatings | KLB coating \u2714\ufe0f AgBB-compliant, Eurofins","robots":{"index":"noindex","follow":"follow","max-snippet":"max-snippet:-1","max-image-preview":"max-image-preview:large","max-video-preview":"max-video-preview:-1"},"og_locale":"en_GB","og_type":"article","og_title":"Sustainable 2-comp binding agent PU 424 | KLB K\u00f6tztal","og_description":"Low-emission, tough-elastic, coloured 2-comp. polyurethane binder PU 424 as base layer scattered coatings | KLB coating \u2714\ufe0f AgBB-compliant, Eurofins","og_url":"https:\/\/dev.klb-koetztal.de\/en\/produkt\/klb-system-polyurethan-pu-424\/","og_site_name":"KLB K\u00f6tztal","article_publisher":"https:\/\/www.facebook.com\/klbkoetztal","article_modified_time":"2026-02-26T12:20:45+00:00","og_image":[{"width":500,"height":500,"url":"https:\/\/dev.klb-koetztal.de\/app\/uploads\/2022\/03\/KLB-System-PU-424_500px.jpg","type":"image\/jpeg"}],"twitter_card":"summary_large_image","schema":{"@context":"https:\/\/schema.org","@graph":[{"@type":"WebPage","@id":"https:\/\/dev.klb-koetztal.de\/en\/produkt\/klb-system-polyurethan-pu-424\/","url":"https:\/\/dev.klb-koetztal.de\/en\/produkt\/klb-system-polyurethan-pu-424\/","name":"Sustainable 2-comp binding agent PU 424 | KLB K\u00f6tztal","isPartOf":{"@id":"https:\/\/dev.klb-koetztal.de\/en\/#website"},"primaryImageOfPage":{"@id":"https:\/\/dev.klb-koetztal.de\/en\/produkt\/klb-system-polyurethan-pu-424\/#primaryimage"},"image":{"@id":"https:\/\/dev.klb-koetztal.de\/en\/produkt\/klb-system-polyurethan-pu-424\/#primaryimage"},"thumbnailUrl":"https:\/\/dev.klb-koetztal.de\/app\/uploads\/2022\/03\/KLB-System-PU-424_500px.jpg","datePublished":"2021-08-19T07:14:00+00:00","dateModified":"2026-02-26T12:20:45+00:00","description":"Low-emission, tough-elastic, coloured 2-comp. polyurethane binder PU 424 as base layer scattered coatings | KLB coating \u2714\ufe0f AgBB-compliant, Eurofins","breadcrumb":{"@id":"https:\/\/dev.klb-koetztal.de\/en\/produkt\/klb-system-polyurethan-pu-424\/#breadcrumb"},"inLanguage":"en-GB","potentialAction":[{"@type":"ReadAction","target":["https:\/\/dev.klb-koetztal.de\/en\/produkt\/klb-system-polyurethan-pu-424\/"]}]},{"@type":"ImageObject","inLanguage":"en-GB","@id":"https:\/\/dev.klb-koetztal.de\/en\/produkt\/klb-system-polyurethan-pu-424\/#primaryimage","url":"https:\/\/dev.klb-koetztal.de\/app\/uploads\/2022\/03\/KLB-System-PU-424_500px.jpg","contentUrl":"https:\/\/dev.klb-koetztal.de\/app\/uploads\/2022\/03\/KLB-System-PU-424_500px.jpg","width":500,"height":500},{"@type":"BreadcrumbList","@id":"https:\/\/dev.klb-koetztal.de\/en\/produkt\/klb-system-polyurethan-pu-424\/#breadcrumb","itemListElement":[{"@type":"ListItem","position":1,"name":"Startseite","item":"https:\/\/dev.klb-koetztal.de\/en\/"},{"@type":"ListItem","position":2,"name":"KLB-SYSTEM POLYURETHAN PU 424"}]},{"@type":"WebSite","@id":"https:\/\/dev.klb-koetztal.de\/en\/#website","url":"https:\/\/dev.klb-koetztal.de\/en\/","name":"KLB K\u00f6tztal","description":"Gute B\u00f6den haben ein System.","potentialAction":[{"@type":"SearchAction","target":{"@type":"EntryPoint","urlTemplate":"https:\/\/dev.klb-koetztal.de\/en\/?s={search_term_string}"},"query-input":{"@type":"PropertyValueSpecification","valueRequired":true,"valueName":"search_term_string"}}],"inLanguage":"en-GB"}]}},"_links":{"self":[{"href":"https:\/\/dev.klb-koetztal.de\/en\/wp-json\/wp\/v2\/product\/46752","targetHints":{"allow":["GET"]}}],"collection":[{"href":"https:\/\/dev.klb-koetztal.de\/en\/wp-json\/wp\/v2\/product"}],"about":[{"href":"https:\/\/dev.klb-koetztal.de\/en\/wp-json\/wp\/v2\/types\/product"}],"wp:featuredmedia":[{"embeddable":true,"href":"https:\/\/dev.klb-koetztal.de\/en\/wp-json\/wp\/v2\/media\/50436"}],"wp:attachment":[{"href":"https:\/\/dev.klb-koetztal.de\/en\/wp-json\/wp\/v2\/media?parent=46752"}],"wp:term":[{"taxonomy":"product_brand","embeddable":true,"href":"https:\/\/dev.klb-koetztal.de\/en\/wp-json\/wp\/v2\/product_brand?post=46752"},{"taxonomy":"product_cat","embeddable":true,"href":"https:\/\/dev.klb-koetztal.de\/en\/wp-json\/wp\/v2\/product_cat?post=46752"},{"taxonomy":"product_tag","embeddable":true,"href":"https:\/\/dev.klb-koetztal.de\/en\/wp-json\/wp\/v2\/product_tag?post=46752"}],"curies":[{"name":"wp","href":"https:\/\/api.w.org\/{rel}","templated":true}]}}