{"id":46748,"date":"2021-08-19T09:13:08","date_gmt":"2021-08-19T07:13:08","guid":{"rendered":"https:\/\/dev.klb-koetztal.de\/produkt\/klb-system-acryl-ac-820\/"},"modified":"2026-03-16T14:06:06","modified_gmt":"2026-03-16T13:06:06","slug":"klb-system-acryl-ac-820","status":"publish","type":"product","link":"https:\/\/dev.klb-koetztal.de\/en\/produkt\/klb-system-acryl-ac-820\/","title":{"rendered":"KLB-SYSTEM ACRYL AC 820"},"content":{"rendered":"","protected":false},"excerpt":{"rendered":"<p>Rapid setting, low-viscosity 2-component PMMA resin with&#160;low tendency to yellowing. The resin can be used for&#160;sealing smooth floors as well as&#160;coverings scattered with&#160;partiColor\u00ae-Chips (flakes) or sand.&#160;Especially suitable for dry interior areas.<br \/>\nPlease order hardener powder separately!<\/p>\n","protected":false},"featured_media":50289,"template":"","meta":{"_acf_changed":false},"product_brand":[],"product_cat":[9609,9657,9617,9656,9621,9658],"product_tag":[],"class_list":{"0":"post-46748","1":"product","2":"type-product","3":"status-publish","4":"has-post-thumbnail","6":"product_cat-coatings","7":"product_cat-pmma-coatings-and-top-sealer","8":"product_cat-top-sealers-for-scattered-coatings","9":"product_cat-pmma-top-sealers","10":"product_cat-sealers-impregnations","11":"product_cat-pmma-sealers","13":"first","14":"instock","15":"shipping-taxable","16":"product-type-simple"},"acf":{"product_header":{"module_product_header":{"":null,"prototype_headline":{"headline":"KLB-SYSTEM ACRYL AC 820","h1":true,"subheadline":"Rapid-setting sealing resin for hard, smooth and scattered acrylic resin coatings (PMMA)","anchor":"","url":""},"grid_text_slider":false,"grid_text_content":[{"text":"<p class=\"product-short-title\" style=\"text-align: center;\"><strong>Brief description<\/strong><\/p>\n<p>Rapid setting, low-viscosity 2-component PMMA resin with&#160;low tendency to yellowing. The resin can be used for&#160;sealing smooth floors as well as&#160;coverings scattered with&#160;partiColor\u00ae-Chips (flakes) or sand.&#160;Especially suitable for dry interior areas.<\/p>\n<p>Please order hardener powder separately!<\/p>\n","width":"4","background_color_text":"bg-white","border_color":"border-gray-light"},{"text":"<p class=\"product-sicing-title\" style=\"text-align: center;\"><strong>Packaging units<\/strong><\/p>\n<ul>\n<li>MA0003-52 &#8211; Canister 10.00 kg<\/li>\n<li>MA0003-30 &#8211; Hobbock 25.00 kg<\/li>\n<li>MA0003-02 &#8211; Drum 190.00 kg<\/li>\n<\/ul>\n<p><\/p>\n<p>Please do not hesitate to contact us directly for enquiries about larger delivery quantities or packaging units.<\/p>\n\n","width":"4","background_color_text":"bg-white","border_color":"border-gray-light"},{"text":"<p class=\"product-attr-title\" style=\"text-align: center;\"><strong>Properties<\/strong><\/p>\n<ul>\n<li>very rapid-setting<\/li>\n<li>quickly accessible<\/li>\n<li>cures at low temperatures<\/li>\n<li>free of deleterious substances against varnish<\/li>\n<li>reworkable after 1 hour<\/li>\n<li>good resistance to water and chemicals<\/li>\n<li>mechanically resistant<\/li>\n<li>suitable for renovations<\/li>\n<li>resistant to abrasion and wear<\/li>\n<\/ul>\n","width":"4","background_color_text":"bg-white","border_color":"border-gray-light"}],"background_color":"bg-none","background_color_content":"bg-none"}},"downloads":{"module_download_list":{"inhalt":null,"downloads":[{"download":{"ID":55142,"id":55142,"title":"AC_820_PI_en_2023_02","filename":"AC_820_PI_en_2023_02.pdf","filesize":262516,"url":"https:\/\/dev.klb-koetztal.de\/app\/uploads\/2023\/02\/AC_820_PI_en_2023_02.pdf","link":"https:\/\/dev.klb-koetztal.de\/en\/?attachment_id=55142","alt":"","author":"7","description":"","caption":"","name":"ac_820_pi_en_2023_02-2","status":"inherit","uploaded_to":0,"date":"2023-02-20 14:30:15","modified":"2023-02-20 14:30:15","menu_order":0,"mime_type":"application\/pdf","type":"application","subtype":"pdf","icon":"https:\/\/dev.klb-koetztal.de\/wp\/wp-includes\/images\/media\/document.png"},"filename":"Product Information","protected":false,"doclang":"GB","externalkey":"Produktinformation","docpos":"2"},{"download":{"ID":55145,"id":55145,"title":"AC_820_PI_fr_2023_02","filename":"AC_820_PI_fr_2023_02.pdf","filesize":267917,"url":"https:\/\/dev.klb-koetztal.de\/app\/uploads\/2023\/02\/AC_820_PI_fr_2023_02.pdf","link":"https:\/\/dev.klb-koetztal.de\/en\/?attachment_id=55145","alt":"","author":"7","description":"","caption":"","name":"ac_820_pi_fr_2023_02-2","status":"inherit","uploaded_to":0,"date":"2023-02-20 14:30:16","modified":"2023-02-20 14:30:16","menu_order":0,"mime_type":"application\/pdf","type":"application","subtype":"pdf","icon":"https:\/\/dev.klb-koetztal.de\/wp\/wp-includes\/images\/media\/document.png"},"filename":"Information Produit FR","protected":false,"doclang":"FR","externalkey":"Produktinformation","docpos":"3"},{"download":{"ID":50290,"id":50290,"title":"Leistungserkl\u00e4rung - Statement of performance","filename":"AC820_LE_2013-04.pdf","filesize":169853,"url":"https:\/\/dev.klb-koetztal.de\/app\/uploads\/2022\/03\/AC820_LE_2013-04.pdf","link":"https:\/\/dev.klb-koetztal.de\/en\/?attachment_id=50290","alt":"","author":"7","description":"","caption":"","name":"ac820_le_2013-04","status":"inherit","uploaded_to":0,"date":"2022-03-14 10:13:30","modified":"2026-03-16 13:06:13","menu_order":0,"mime_type":"application\/pdf","type":"application","subtype":"pdf","icon":"https:\/\/dev.klb-koetztal.de\/wp\/wp-includes\/images\/media\/document.png"},"filename":"Statement of performance - Leistungserkl\u00e4rung","protected":false,"doclang":"Multi","externalkey":"Leistungserklaerung","docpos":"50"},{"download":{"ID":67727,"id":67727,"title":"AC820_Umwelt-Deklaration_2025-10","filename":"AC820_Umwelt-Deklaration_2025-10.pdf","filesize":1692207,"url":"https:\/\/dev.klb-koetztal.de\/app\/uploads\/2025\/10\/AC820_Umwelt-Deklaration_2025-10.pdf","link":"https:\/\/dev.klb-koetztal.de\/en\/?attachment_id=67727","alt":"","author":"7","description":"","caption":"","name":"ac820_umwelt-deklaration_2025-10-2","status":"inherit","uploaded_to":0,"date":"2025-10-16 09:02:07","modified":"2025-10-16 09:02:07","menu_order":0,"mime_type":"application\/pdf","type":"application","subtype":"pdf","icon":"https:\/\/dev.klb-koetztal.de\/wp\/wp-includes\/images\/media\/document.png"},"filename":"EPD - Environmental Product Declaration","protected":false,"doclang":"Multi","externalkey":"Umweltproduktdeklaration","docpos":"50"},{"download":false,"filename":"Safety data sheet","protected":true,"doclang":"GB","externalkey":"Sicherheitsdatenblatt","docpos":"2"},{"download":false,"filename":"Fiche de donn\u00e9es de s\u00e9curit\u00e9 FR","protected":true,"doclang":"FR","externalkey":"Sicherheitsdatenblatt","docpos":"3"}],"einstellungen":null,"background_color":"bg-none","background_color_content":"bg-none"}},"included_in_systems":{"module_included_in_systems":{"":null,"background_color":"bg-gray-medium","background_color_content":"bg-none"}},"contact":{"module_contact":{"":null,"background_color":"bg-none","background_color_content":"bg-none"}},"ausschreibende":{"module_ausschreibende":{"andern_sie_den_inhalt_unter_universelle_elemente":null,"background_color":"bg-none","background_color_content":"bg-none"}}},"yoast_head":"<!-- This site is optimized with the Yoast SEO plugin v27.0 - https:\/\/yoast.com\/product\/yoast-seo-wordpress\/ -->\n<title>Rapid-setting, low-viscosity PMMA resin AC 820 | KLB<\/title>\n<meta name=\"description\" content=\"Rapidly and reactively setting, low-viscosity 2-component PMMA resin AC 820 for dry interior areas | KLB coating resins \u2714\ufe0f low tendency to yellowing\" \/>\n<meta name=\"robots\" content=\"noindex, follow, max-snippet:-1, max-image-preview:large, max-video-preview:-1\" \/>\n<meta property=\"og:locale\" content=\"en_GB\" \/>\n<meta property=\"og:type\" content=\"article\" \/>\n<meta property=\"og:title\" content=\"Rapid-setting, low-viscosity PMMA resin AC 820 | KLB\" \/>\n<meta property=\"og:description\" content=\"Rapidly and reactively setting, low-viscosity 2-component PMMA resin AC 820 for dry interior areas | KLB coating resins \u2714\ufe0f low tendency to yellowing\" \/>\n<meta property=\"og:url\" content=\"https:\/\/dev.klb-koetztal.de\/en\/produkt\/klb-system-acryl-ac-820\/\" \/>\n<meta property=\"og:site_name\" content=\"KLB K\u00f6tztal\" \/>\n<meta property=\"article:publisher\" content=\"https:\/\/www.facebook.com\/klbkoetztal\" \/>\n<meta property=\"article:modified_time\" content=\"2026-03-16T13:06:06+00:00\" \/>\n<meta property=\"og:image\" content=\"https:\/\/dev.klb-koetztal.de\/app\/uploads\/2022\/03\/AC820.jpg\" \/>\n\t<meta property=\"og:image:width\" content=\"500\" \/>\n\t<meta property=\"og:image:height\" content=\"500\" \/>\n\t<meta property=\"og:image:type\" content=\"image\/jpeg\" \/>\n<meta name=\"twitter:card\" content=\"summary_large_image\" \/>\n<script type=\"application\/ld+json\" class=\"yoast-schema-graph\">{\"@context\":\"https:\/\/schema.org\",\"@graph\":[{\"@type\":\"WebPage\",\"@id\":\"https:\/\/dev.klb-koetztal.de\/en\/produkt\/klb-system-acryl-ac-820\/\",\"url\":\"https:\/\/dev.klb-koetztal.de\/en\/produkt\/klb-system-acryl-ac-820\/\",\"name\":\"Rapid-setting, low-viscosity PMMA resin AC 820 | KLB\",\"isPartOf\":{\"@id\":\"https:\/\/dev.klb-koetztal.de\/en\/#website\"},\"primaryImageOfPage\":{\"@id\":\"https:\/\/dev.klb-koetztal.de\/en\/produkt\/klb-system-acryl-ac-820\/#primaryimage\"},\"image\":{\"@id\":\"https:\/\/dev.klb-koetztal.de\/en\/produkt\/klb-system-acryl-ac-820\/#primaryimage\"},\"thumbnailUrl\":\"https:\/\/dev.klb-koetztal.de\/app\/uploads\/2022\/03\/AC820.jpg\",\"datePublished\":\"2021-08-19T07:13:08+00:00\",\"dateModified\":\"2026-03-16T13:06:06+00:00\",\"description\":\"Rapidly and reactively setting, low-viscosity 2-component PMMA resin AC 820 for dry interior areas | KLB coating resins \u2714\ufe0f low tendency to yellowing\",\"breadcrumb\":{\"@id\":\"https:\/\/dev.klb-koetztal.de\/en\/produkt\/klb-system-acryl-ac-820\/#breadcrumb\"},\"inLanguage\":\"en-GB\",\"potentialAction\":[{\"@type\":\"ReadAction\",\"target\":[\"https:\/\/dev.klb-koetztal.de\/en\/produkt\/klb-system-acryl-ac-820\/\"]}]},{\"@type\":\"ImageObject\",\"inLanguage\":\"en-GB\",\"@id\":\"https:\/\/dev.klb-koetztal.de\/en\/produkt\/klb-system-acryl-ac-820\/#primaryimage\",\"url\":\"https:\/\/dev.klb-koetztal.de\/app\/uploads\/2022\/03\/AC820.jpg\",\"contentUrl\":\"https:\/\/dev.klb-koetztal.de\/app\/uploads\/2022\/03\/AC820.jpg\",\"width\":500,\"height\":500},{\"@type\":\"BreadcrumbList\",\"@id\":\"https:\/\/dev.klb-koetztal.de\/en\/produkt\/klb-system-acryl-ac-820\/#breadcrumb\",\"itemListElement\":[{\"@type\":\"ListItem\",\"position\":1,\"name\":\"Startseite\",\"item\":\"https:\/\/dev.klb-koetztal.de\/en\/\"},{\"@type\":\"ListItem\",\"position\":2,\"name\":\"KLB-SYSTEM ACRYL AC 820\"}]},{\"@type\":\"WebSite\",\"@id\":\"https:\/\/dev.klb-koetztal.de\/en\/#website\",\"url\":\"https:\/\/dev.klb-koetztal.de\/en\/\",\"name\":\"KLB K\u00f6tztal\",\"description\":\"Gute B\u00f6den haben ein System.\",\"potentialAction\":[{\"@type\":\"SearchAction\",\"target\":{\"@type\":\"EntryPoint\",\"urlTemplate\":\"https:\/\/dev.klb-koetztal.de\/en\/?s={search_term_string}\"},\"query-input\":{\"@type\":\"PropertyValueSpecification\",\"valueRequired\":true,\"valueName\":\"search_term_string\"}}],\"inLanguage\":\"en-GB\"}]}<\/script>\n<!-- \/ Yoast SEO plugin. -->","yoast_head_json":{"title":"Rapid-setting, low-viscosity PMMA resin AC 820 | KLB","description":"Rapidly and reactively setting, low-viscosity 2-component PMMA resin AC 820 for dry interior areas | KLB coating resins \u2714\ufe0f low tendency to yellowing","robots":{"index":"noindex","follow":"follow","max-snippet":"max-snippet:-1","max-image-preview":"max-image-preview:large","max-video-preview":"max-video-preview:-1"},"og_locale":"en_GB","og_type":"article","og_title":"Rapid-setting, low-viscosity PMMA resin AC 820 | KLB","og_description":"Rapidly and reactively setting, low-viscosity 2-component PMMA resin AC 820 for dry interior areas | KLB coating resins \u2714\ufe0f low tendency to yellowing","og_url":"https:\/\/dev.klb-koetztal.de\/en\/produkt\/klb-system-acryl-ac-820\/","og_site_name":"KLB K\u00f6tztal","article_publisher":"https:\/\/www.facebook.com\/klbkoetztal","article_modified_time":"2026-03-16T13:06:06+00:00","og_image":[{"width":500,"height":500,"url":"https:\/\/dev.klb-koetztal.de\/app\/uploads\/2022\/03\/AC820.jpg","type":"image\/jpeg"}],"twitter_card":"summary_large_image","schema":{"@context":"https:\/\/schema.org","@graph":[{"@type":"WebPage","@id":"https:\/\/dev.klb-koetztal.de\/en\/produkt\/klb-system-acryl-ac-820\/","url":"https:\/\/dev.klb-koetztal.de\/en\/produkt\/klb-system-acryl-ac-820\/","name":"Rapid-setting, low-viscosity PMMA resin AC 820 | KLB","isPartOf":{"@id":"https:\/\/dev.klb-koetztal.de\/en\/#website"},"primaryImageOfPage":{"@id":"https:\/\/dev.klb-koetztal.de\/en\/produkt\/klb-system-acryl-ac-820\/#primaryimage"},"image":{"@id":"https:\/\/dev.klb-koetztal.de\/en\/produkt\/klb-system-acryl-ac-820\/#primaryimage"},"thumbnailUrl":"https:\/\/dev.klb-koetztal.de\/app\/uploads\/2022\/03\/AC820.jpg","datePublished":"2021-08-19T07:13:08+00:00","dateModified":"2026-03-16T13:06:06+00:00","description":"Rapidly and reactively setting, low-viscosity 2-component PMMA resin AC 820 for dry interior areas | KLB coating resins \u2714\ufe0f low tendency to yellowing","breadcrumb":{"@id":"https:\/\/dev.klb-koetztal.de\/en\/produkt\/klb-system-acryl-ac-820\/#breadcrumb"},"inLanguage":"en-GB","potentialAction":[{"@type":"ReadAction","target":["https:\/\/dev.klb-koetztal.de\/en\/produkt\/klb-system-acryl-ac-820\/"]}]},{"@type":"ImageObject","inLanguage":"en-GB","@id":"https:\/\/dev.klb-koetztal.de\/en\/produkt\/klb-system-acryl-ac-820\/#primaryimage","url":"https:\/\/dev.klb-koetztal.de\/app\/uploads\/2022\/03\/AC820.jpg","contentUrl":"https:\/\/dev.klb-koetztal.de\/app\/uploads\/2022\/03\/AC820.jpg","width":500,"height":500},{"@type":"BreadcrumbList","@id":"https:\/\/dev.klb-koetztal.de\/en\/produkt\/klb-system-acryl-ac-820\/#breadcrumb","itemListElement":[{"@type":"ListItem","position":1,"name":"Startseite","item":"https:\/\/dev.klb-koetztal.de\/en\/"},{"@type":"ListItem","position":2,"name":"KLB-SYSTEM ACRYL AC 820"}]},{"@type":"WebSite","@id":"https:\/\/dev.klb-koetztal.de\/en\/#website","url":"https:\/\/dev.klb-koetztal.de\/en\/","name":"KLB K\u00f6tztal","description":"Gute B\u00f6den haben ein System.","potentialAction":[{"@type":"SearchAction","target":{"@type":"EntryPoint","urlTemplate":"https:\/\/dev.klb-koetztal.de\/en\/?s={search_term_string}"},"query-input":{"@type":"PropertyValueSpecification","valueRequired":true,"valueName":"search_term_string"}}],"inLanguage":"en-GB"}]}},"_links":{"self":[{"href":"https:\/\/dev.klb-koetztal.de\/en\/wp-json\/wp\/v2\/product\/46748","targetHints":{"allow":["GET"]}}],"collection":[{"href":"https:\/\/dev.klb-koetztal.de\/en\/wp-json\/wp\/v2\/product"}],"about":[{"href":"https:\/\/dev.klb-koetztal.de\/en\/wp-json\/wp\/v2\/types\/product"}],"wp:featuredmedia":[{"embeddable":true,"href":"https:\/\/dev.klb-koetztal.de\/en\/wp-json\/wp\/v2\/media\/50289"}],"wp:attachment":[{"href":"https:\/\/dev.klb-koetztal.de\/en\/wp-json\/wp\/v2\/media?parent=46748"}],"wp:term":[{"taxonomy":"product_brand","embeddable":true,"href":"https:\/\/dev.klb-koetztal.de\/en\/wp-json\/wp\/v2\/product_brand?post=46748"},{"taxonomy":"product_cat","embeddable":true,"href":"https:\/\/dev.klb-koetztal.de\/en\/wp-json\/wp\/v2\/product_cat?post=46748"},{"taxonomy":"product_tag","embeddable":true,"href":"https:\/\/dev.klb-koetztal.de\/en\/wp-json\/wp\/v2\/product_tag?post=46748"}],"curies":[{"name":"wp","href":"https:\/\/api.w.org\/{rel}","templated":true}]}}