{"id":46745,"date":"2021-08-19T09:12:21","date_gmt":"2021-08-19T07:12:21","guid":{"rendered":"https:\/\/dev.klb-koetztal.de\/produkt\/klb-system-acryl-ac-313\/"},"modified":"2026-03-16T14:06:40","modified_gmt":"2026-03-16T13:06:40","slug":"klb-system-acryl-ac-313","status":"publish","type":"product","link":"https:\/\/dev.klb-koetztal.de\/en\/produkt\/klb-system-acryl-ac-313\/","title":{"rendered":"KLB-SYSTEM ACRYL AC 313"},"content":{"rendered":"","protected":false},"excerpt":{"rendered":"<p>Rapid-setting, flexibilised&#160;PMMA coating resin for slip-resistant&#160;scattered coatings in wet areas. The coating compound&#160;is produced by adding&#160;pigments, mixed sand KLB-Mischsand 2\/1 and hardener.&#160;The surface scattered with (coloured) sand is then sealed with AC 826.<br \/>\nPlease order hardener powder separately!<\/p>\n","protected":false},"featured_media":50272,"template":"","meta":{"_acf_changed":false},"product_brand":[],"product_cat":[9609,9657],"product_tag":[],"class_list":{"0":"post-46745","1":"product","2":"type-product","3":"status-publish","4":"has-post-thumbnail","6":"product_cat-coatings","7":"product_cat-pmma-coatings-and-top-sealer","9":"first","10":"instock","11":"shipping-taxable","12":"product-type-simple"},"acf":{"product_header":{"module_product_header":{"":null,"prototype_headline":{"headline":"KLB-SYSTEM ACRYL AC 313","h1":true,"subheadline":"Rapid-setting, flexibilised&#160;PMMA&#160;coating resin for scattered coatings in wet areas","anchor":"","url":""},"grid_text_slider":false,"grid_text_content":[{"text":"<p class=\"product-short-title\" style=\"text-align: center;\"><strong>Brief description<\/strong><\/p>\n<p>Rapid-setting, flexibilised&#160;PMMA coating resin for slip-resistant&#160;scattered coatings in wet areas. The coating compound&#160;is produced by adding&#160;pigments, mixed sand KLB-Mischsand 2\/1 and hardener.&#160;The surface scattered with (coloured) sand is then sealed with AC 826.<\/p>\n<p>Please order hardener powder separately!<\/p>\n","width":"4","background_color_text":"bg-white","border_color":"border-gray-light"},{"text":"<p class=\"product-sicing-title\" style=\"text-align: center;\"><strong>Packaging units<\/strong><\/p>\n<ul>\n<li>MA0001-52 &#8211; Canister 10.00 kg<\/li>\n<li>MA0001-25 &#8211; Hobbock 25.00 kg<\/li>\n<li>MA0001-02 &#8211; Drum 200.00 kg<\/li>\n<\/ul>\n<p><\/p>\n<p>Please do not hesitate to contact us directly for enquiries about larger delivery quantities or packaging units.<\/p>\n\n","width":"4","background_color_text":"bg-white","border_color":"border-gray-light"},{"text":"<p class=\"product-attr-title\" style=\"text-align: center;\"><strong>Properties<\/strong><\/p>\n<ul>\n<li>very rapid-setting<\/li>\n<li>quickly accessible<\/li>\n<li>cures at low temperatures<\/li>\n<li>good resistance to water and chemicals<\/li>\n<li>reworkable after 1 hour<\/li>\n<li>immediately water-resistant<\/li>\n<li>free of deleterious substances against varnish<\/li>\n<li>suitable for renovations<\/li>\n<\/ul>\n","width":"4","background_color_text":"bg-white","border_color":"border-gray-light"}],"background_color":"bg-none","background_color_content":"bg-none"}},"downloads":{"module_download_list":{"inhalt":null,"downloads":[{"download":{"ID":55106,"id":55106,"title":"AC_313_PI_en_2023_02","filename":"AC_313_PI_en_2023_02.pdf","filesize":262589,"url":"https:\/\/dev.klb-koetztal.de\/app\/uploads\/2023\/02\/AC_313_PI_en_2023_02.pdf","link":"https:\/\/dev.klb-koetztal.de\/en\/?attachment_id=55106","alt":"","author":"7","description":"","caption":"","name":"ac_313_pi_en_2023_02-2","status":"inherit","uploaded_to":0,"date":"2023-02-20 14:00:18","modified":"2023-02-20 14:00:18","menu_order":0,"mime_type":"application\/pdf","type":"application","subtype":"pdf","icon":"https:\/\/dev.klb-koetztal.de\/wp\/wp-includes\/images\/media\/document.png"},"filename":"Product Information","protected":false,"doclang":"GB","externalkey":"Produktinformation","docpos":"2"},{"download":{"ID":55109,"id":55109,"title":"AC_313_PI_fr_2023_02","filename":"AC_313_PI_fr_2023_02.pdf","filesize":276168,"url":"https:\/\/dev.klb-koetztal.de\/app\/uploads\/2023\/02\/AC_313_PI_fr_2023_02.pdf","link":"https:\/\/dev.klb-koetztal.de\/en\/?attachment_id=55109","alt":"","author":"7","description":"","caption":"","name":"ac_313_pi_fr_2023_02-2","status":"inherit","uploaded_to":0,"date":"2023-02-20 14:00:19","modified":"2023-02-20 14:00:19","menu_order":0,"mime_type":"application\/pdf","type":"application","subtype":"pdf","icon":"https:\/\/dev.klb-koetztal.de\/wp\/wp-includes\/images\/media\/document.png"},"filename":"Information Produit FR","protected":false,"doclang":"FR","externalkey":"Produktinformation","docpos":"3"},{"download":{"ID":50273,"id":50273,"title":"Leistungserkl\u00e4rung - Statement of performance","filename":"AC313_LE_2013-04.pdf","filesize":169757,"url":"https:\/\/dev.klb-koetztal.de\/app\/uploads\/2022\/03\/AC313_LE_2013-04.pdf","link":"https:\/\/dev.klb-koetztal.de\/en\/?attachment_id=50273","alt":"","author":"7","description":"","caption":"","name":"ac313_le_2013-04","status":"inherit","uploaded_to":0,"date":"2022-03-14 10:12:59","modified":"2026-03-16 13:06:47","menu_order":0,"mime_type":"application\/pdf","type":"application","subtype":"pdf","icon":"https:\/\/dev.klb-koetztal.de\/wp\/wp-includes\/images\/media\/document.png"},"filename":"Statement of performance - Leistungserkl\u00e4rung","protected":false,"doclang":"Multi","externalkey":"Leistungserklaerung","docpos":"50"},{"download":{"ID":67718,"id":67718,"title":"AC313_Umwelt-Deklaration_2025-10","filename":"AC313_Umwelt-Deklaration_2025-10.pdf","filesize":1691706,"url":"https:\/\/dev.klb-koetztal.de\/app\/uploads\/2025\/10\/AC313_Umwelt-Deklaration_2025-10.pdf","link":"https:\/\/dev.klb-koetztal.de\/en\/?attachment_id=67718","alt":"","author":"7","description":"","caption":"","name":"ac313_umwelt-deklaration_2025-10-2","status":"inherit","uploaded_to":0,"date":"2025-10-16 09:01:17","modified":"2025-10-16 09:01:17","menu_order":0,"mime_type":"application\/pdf","type":"application","subtype":"pdf","icon":"https:\/\/dev.klb-koetztal.de\/wp\/wp-includes\/images\/media\/document.png"},"filename":"EPD - Environmental Product Declaration","protected":false,"doclang":"Multi","externalkey":"Umweltproduktdeklaration","docpos":"50"},{"download":false,"filename":"Safety data sheet","protected":true,"doclang":"GB","externalkey":"Sicherheitsdatenblatt","docpos":"2"},{"download":false,"filename":"Fiche de donn\u00e9es de s\u00e9curit\u00e9 FR","protected":true,"doclang":"FR","externalkey":"Sicherheitsdatenblatt","docpos":"3"}],"einstellungen":null,"background_color":"bg-none","background_color_content":"bg-none"}},"included_in_systems":{"module_included_in_systems":{"":null,"background_color":"bg-gray-medium","background_color_content":"bg-none"}},"contact":{"module_contact":{"":null,"background_color":"bg-none","background_color_content":"bg-none"}},"ausschreibende":{"module_ausschreibende":{"andern_sie_den_inhalt_unter_universelle_elemente":null,"background_color":"bg-none","background_color_content":"bg-none"}}},"yoast_head":"<!-- This site is optimized with the Yoast SEO plugin v27.0 - https:\/\/yoast.com\/product\/yoast-seo-wordpress\/ -->\n<title>Rapid-setting PMMA coating resin AC 313 | KLB K\u00f6tztal<\/title>\n<meta name=\"description\" content=\"Rapid-setting, flexibilised PMMA coating resin AC 313 for slip-resistant scattered coverings | KLB floor \u2714\ufe0f for use in wet areas\" \/>\n<meta name=\"robots\" content=\"noindex, follow, max-snippet:-1, max-image-preview:large, max-video-preview:-1\" \/>\n<meta property=\"og:locale\" content=\"en_GB\" \/>\n<meta property=\"og:type\" content=\"article\" \/>\n<meta property=\"og:title\" content=\"Rapid-setting PMMA coating resin AC 313 | KLB K\u00f6tztal\" \/>\n<meta property=\"og:description\" content=\"Rapid-setting, flexibilised PMMA coating resin AC 313 for slip-resistant scattered coverings | KLB floor \u2714\ufe0f for use in wet areas\" \/>\n<meta property=\"og:url\" content=\"https:\/\/dev.klb-koetztal.de\/en\/produkt\/klb-system-acryl-ac-313\/\" \/>\n<meta property=\"og:site_name\" content=\"KLB K\u00f6tztal\" \/>\n<meta property=\"article:publisher\" content=\"https:\/\/www.facebook.com\/klbkoetztal\" \/>\n<meta property=\"article:modified_time\" content=\"2026-03-16T13:06:40+00:00\" \/>\n<meta property=\"og:image\" content=\"https:\/\/dev.klb-koetztal.de\/app\/uploads\/2022\/03\/AC313.jpg\" \/>\n\t<meta property=\"og:image:width\" content=\"500\" \/>\n\t<meta property=\"og:image:height\" content=\"500\" \/>\n\t<meta property=\"og:image:type\" content=\"image\/jpeg\" \/>\n<meta name=\"twitter:card\" content=\"summary_large_image\" \/>\n<script type=\"application\/ld+json\" class=\"yoast-schema-graph\">{\"@context\":\"https:\/\/schema.org\",\"@graph\":[{\"@type\":\"WebPage\",\"@id\":\"https:\/\/dev.klb-koetztal.de\/en\/produkt\/klb-system-acryl-ac-313\/\",\"url\":\"https:\/\/dev.klb-koetztal.de\/en\/produkt\/klb-system-acryl-ac-313\/\",\"name\":\"Rapid-setting PMMA coating resin AC 313 | KLB K\u00f6tztal\",\"isPartOf\":{\"@id\":\"https:\/\/dev.klb-koetztal.de\/en\/#website\"},\"primaryImageOfPage\":{\"@id\":\"https:\/\/dev.klb-koetztal.de\/en\/produkt\/klb-system-acryl-ac-313\/#primaryimage\"},\"image\":{\"@id\":\"https:\/\/dev.klb-koetztal.de\/en\/produkt\/klb-system-acryl-ac-313\/#primaryimage\"},\"thumbnailUrl\":\"https:\/\/dev.klb-koetztal.de\/app\/uploads\/2022\/03\/AC313.jpg\",\"datePublished\":\"2021-08-19T07:12:21+00:00\",\"dateModified\":\"2026-03-16T13:06:40+00:00\",\"description\":\"Rapid-setting, flexibilised PMMA coating resin AC 313 for slip-resistant scattered coverings | KLB floor \u2714\ufe0f for use in wet areas\",\"breadcrumb\":{\"@id\":\"https:\/\/dev.klb-koetztal.de\/en\/produkt\/klb-system-acryl-ac-313\/#breadcrumb\"},\"inLanguage\":\"en-GB\",\"potentialAction\":[{\"@type\":\"ReadAction\",\"target\":[\"https:\/\/dev.klb-koetztal.de\/en\/produkt\/klb-system-acryl-ac-313\/\"]}]},{\"@type\":\"ImageObject\",\"inLanguage\":\"en-GB\",\"@id\":\"https:\/\/dev.klb-koetztal.de\/en\/produkt\/klb-system-acryl-ac-313\/#primaryimage\",\"url\":\"https:\/\/dev.klb-koetztal.de\/app\/uploads\/2022\/03\/AC313.jpg\",\"contentUrl\":\"https:\/\/dev.klb-koetztal.de\/app\/uploads\/2022\/03\/AC313.jpg\",\"width\":500,\"height\":500},{\"@type\":\"BreadcrumbList\",\"@id\":\"https:\/\/dev.klb-koetztal.de\/en\/produkt\/klb-system-acryl-ac-313\/#breadcrumb\",\"itemListElement\":[{\"@type\":\"ListItem\",\"position\":1,\"name\":\"Startseite\",\"item\":\"https:\/\/dev.klb-koetztal.de\/en\/\"},{\"@type\":\"ListItem\",\"position\":2,\"name\":\"KLB-SYSTEM ACRYL AC 313\"}]},{\"@type\":\"WebSite\",\"@id\":\"https:\/\/dev.klb-koetztal.de\/en\/#website\",\"url\":\"https:\/\/dev.klb-koetztal.de\/en\/\",\"name\":\"KLB K\u00f6tztal\",\"description\":\"Gute B\u00f6den haben ein System.\",\"potentialAction\":[{\"@type\":\"SearchAction\",\"target\":{\"@type\":\"EntryPoint\",\"urlTemplate\":\"https:\/\/dev.klb-koetztal.de\/en\/?s={search_term_string}\"},\"query-input\":{\"@type\":\"PropertyValueSpecification\",\"valueRequired\":true,\"valueName\":\"search_term_string\"}}],\"inLanguage\":\"en-GB\"}]}<\/script>\n<!-- \/ Yoast SEO plugin. -->","yoast_head_json":{"title":"Rapid-setting PMMA coating resin AC 313 | KLB K\u00f6tztal","description":"Rapid-setting, flexibilised PMMA coating resin AC 313 for slip-resistant scattered coverings | KLB floor \u2714\ufe0f for use in wet areas","robots":{"index":"noindex","follow":"follow","max-snippet":"max-snippet:-1","max-image-preview":"max-image-preview:large","max-video-preview":"max-video-preview:-1"},"og_locale":"en_GB","og_type":"article","og_title":"Rapid-setting PMMA coating resin AC 313 | KLB K\u00f6tztal","og_description":"Rapid-setting, flexibilised PMMA coating resin AC 313 for slip-resistant scattered coverings | KLB floor \u2714\ufe0f for use in wet areas","og_url":"https:\/\/dev.klb-koetztal.de\/en\/produkt\/klb-system-acryl-ac-313\/","og_site_name":"KLB K\u00f6tztal","article_publisher":"https:\/\/www.facebook.com\/klbkoetztal","article_modified_time":"2026-03-16T13:06:40+00:00","og_image":[{"width":500,"height":500,"url":"https:\/\/dev.klb-koetztal.de\/app\/uploads\/2022\/03\/AC313.jpg","type":"image\/jpeg"}],"twitter_card":"summary_large_image","schema":{"@context":"https:\/\/schema.org","@graph":[{"@type":"WebPage","@id":"https:\/\/dev.klb-koetztal.de\/en\/produkt\/klb-system-acryl-ac-313\/","url":"https:\/\/dev.klb-koetztal.de\/en\/produkt\/klb-system-acryl-ac-313\/","name":"Rapid-setting PMMA coating resin AC 313 | KLB K\u00f6tztal","isPartOf":{"@id":"https:\/\/dev.klb-koetztal.de\/en\/#website"},"primaryImageOfPage":{"@id":"https:\/\/dev.klb-koetztal.de\/en\/produkt\/klb-system-acryl-ac-313\/#primaryimage"},"image":{"@id":"https:\/\/dev.klb-koetztal.de\/en\/produkt\/klb-system-acryl-ac-313\/#primaryimage"},"thumbnailUrl":"https:\/\/dev.klb-koetztal.de\/app\/uploads\/2022\/03\/AC313.jpg","datePublished":"2021-08-19T07:12:21+00:00","dateModified":"2026-03-16T13:06:40+00:00","description":"Rapid-setting, flexibilised PMMA coating resin AC 313 for slip-resistant scattered coverings | KLB floor \u2714\ufe0f for use in wet areas","breadcrumb":{"@id":"https:\/\/dev.klb-koetztal.de\/en\/produkt\/klb-system-acryl-ac-313\/#breadcrumb"},"inLanguage":"en-GB","potentialAction":[{"@type":"ReadAction","target":["https:\/\/dev.klb-koetztal.de\/en\/produkt\/klb-system-acryl-ac-313\/"]}]},{"@type":"ImageObject","inLanguage":"en-GB","@id":"https:\/\/dev.klb-koetztal.de\/en\/produkt\/klb-system-acryl-ac-313\/#primaryimage","url":"https:\/\/dev.klb-koetztal.de\/app\/uploads\/2022\/03\/AC313.jpg","contentUrl":"https:\/\/dev.klb-koetztal.de\/app\/uploads\/2022\/03\/AC313.jpg","width":500,"height":500},{"@type":"BreadcrumbList","@id":"https:\/\/dev.klb-koetztal.de\/en\/produkt\/klb-system-acryl-ac-313\/#breadcrumb","itemListElement":[{"@type":"ListItem","position":1,"name":"Startseite","item":"https:\/\/dev.klb-koetztal.de\/en\/"},{"@type":"ListItem","position":2,"name":"KLB-SYSTEM ACRYL AC 313"}]},{"@type":"WebSite","@id":"https:\/\/dev.klb-koetztal.de\/en\/#website","url":"https:\/\/dev.klb-koetztal.de\/en\/","name":"KLB K\u00f6tztal","description":"Gute B\u00f6den haben ein System.","potentialAction":[{"@type":"SearchAction","target":{"@type":"EntryPoint","urlTemplate":"https:\/\/dev.klb-koetztal.de\/en\/?s={search_term_string}"},"query-input":{"@type":"PropertyValueSpecification","valueRequired":true,"valueName":"search_term_string"}}],"inLanguage":"en-GB"}]}},"_links":{"self":[{"href":"https:\/\/dev.klb-koetztal.de\/en\/wp-json\/wp\/v2\/product\/46745","targetHints":{"allow":["GET"]}}],"collection":[{"href":"https:\/\/dev.klb-koetztal.de\/en\/wp-json\/wp\/v2\/product"}],"about":[{"href":"https:\/\/dev.klb-koetztal.de\/en\/wp-json\/wp\/v2\/types\/product"}],"wp:featuredmedia":[{"embeddable":true,"href":"https:\/\/dev.klb-koetztal.de\/en\/wp-json\/wp\/v2\/media\/50272"}],"wp:attachment":[{"href":"https:\/\/dev.klb-koetztal.de\/en\/wp-json\/wp\/v2\/media?parent=46745"}],"wp:term":[{"taxonomy":"product_brand","embeddable":true,"href":"https:\/\/dev.klb-koetztal.de\/en\/wp-json\/wp\/v2\/product_brand?post=46745"},{"taxonomy":"product_cat","embeddable":true,"href":"https:\/\/dev.klb-koetztal.de\/en\/wp-json\/wp\/v2\/product_cat?post=46745"},{"taxonomy":"product_tag","embeddable":true,"href":"https:\/\/dev.klb-koetztal.de\/en\/wp-json\/wp\/v2\/product_tag?post=46745"}],"curies":[{"name":"wp","href":"https:\/\/api.w.org\/{rel}","templated":true}]}}