{"id":46742,"date":"2021-08-19T09:11:47","date_gmt":"2021-08-19T07:11:47","guid":{"rendered":"https:\/\/dev.klb-koetztal.de\/produkt\/klb-system-acryl-ac-357\/"},"modified":"2026-03-16T14:07:13","modified_gmt":"2026-03-16T13:07:13","slug":"klb-system-acryl-ac-357","status":"publish","type":"product","link":"https:\/\/dev.klb-koetztal.de\/en\/produkt\/klb-system-acryl-ac-357\/","title":{"rendered":"KLB-SYSTEM ACRYL AC 357"},"content":{"rendered":"","protected":false},"excerpt":{"rendered":"<p>Rapid-setting 2-component acrylic resin mortar for concrete repair and levelling layers on mineral substrates in&#160;layers&#160;of 3 to 20 mm. Easy-to-process, rapid-setting, resistant to mechanical loads after 1 to 2 hours. It can be used at temperatures between 0 \u00b0C&#160;\/ 32 \u00b0F and&#160;30 \u00b0C \/ 86 \u00b0F.<\/p>\n","protected":false},"featured_media":50253,"template":"","meta":{"_acf_changed":false},"product_brand":[],"product_cat":[9605,9649],"product_tag":[],"class_list":{"0":"post-46742","1":"product","2":"type-product","3":"status-publish","4":"has-post-thumbnail","6":"product_cat-ready-mixed-mortar-coving-resins-renovation-injection-and-joint-resins","7":"product_cat-ready-mixed-mortar","9":"first","10":"instock","11":"shipping-taxable","12":"product-type-simple"},"acf":{"product_header":{"module_product_header":{"":null,"prototype_headline":{"headline":"KLB-SYSTEM ACRYL AC 357","h1":true,"subheadline":"Rapid-setting acrylic resin mortar for renovations and repair works","anchor":"","url":""},"grid_text_slider":false,"grid_text_content":[{"text":"<p class=\"product-short-title\" style=\"text-align: center;\"><strong>Brief description<\/strong><\/p>\n<p>Rapid-setting 2-component acrylic resin mortar for concrete repair and levelling layers on mineral substrates in&#160;layers&#160;of 3 to 20 mm. Easy-to-process, rapid-setting, resistant to mechanical loads after 1 to 2 hours. It can be used at temperatures between 0 \u00b0C&#160;\/ 32 \u00b0F and&#160;30 \u00b0C \/ 86 \u00b0F.<\/p>\n","width":"4","background_color_text":"bg-white","border_color":"border-gray-light"},{"text":"<p class=\"product-sicing-title\" style=\"text-align: center;\"><strong>Packaging units<\/strong><\/p>\n<ul>\n<li>AK0018-17 &#8211; Combo packaging 25.00 kg<\/li>\n<\/ul>\n<p><\/p>\n<p>Please do not hesitate to contact us directly for enquiries about larger delivery quantities or packaging units.<\/p>\n\n","width":"4","background_color_text":"bg-white","border_color":"border-gray-light"},{"text":"<p class=\"product-attr-title\" style=\"text-align: center;\"><strong>Properties<\/strong><\/p>\n<ul>\n<li>very rapid-setting<\/li>\n<li>quickly accessible<\/li>\n<li>ready-to-use<\/li>\n<li>low-shrink<\/li>\n<li>for renovations and repair works<\/li>\n<li>good resistance to water and chemicals<\/li>\n<li>reworkable after 1 hour<\/li>\n<li>high mechanical resistance<\/li>\n<\/ul>\n","width":"4","background_color_text":"bg-white","border_color":"border-gray-light"}],"background_color":"bg-none","background_color_content":"bg-none"}},"downloads":{"module_download_list":{"inhalt":null,"downloads":[{"download":{"ID":55079,"id":55079,"title":"AC_357_PI_en_2023_02","filename":"AC_357_PI_en_2023_02.pdf","filesize":312807,"url":"https:\/\/dev.klb-koetztal.de\/app\/uploads\/2023\/02\/AC_357_PI_en_2023_02.pdf","link":"https:\/\/dev.klb-koetztal.de\/en\/?attachment_id=55079","alt":"","author":"7","description":"","caption":"","name":"ac_357_pi_en_2023_02-2","status":"inherit","uploaded_to":0,"date":"2023-02-20 13:10:29","modified":"2023-02-20 13:10:29","menu_order":0,"mime_type":"application\/pdf","type":"application","subtype":"pdf","icon":"https:\/\/dev.klb-koetztal.de\/wp\/wp-includes\/images\/media\/document.png"},"filename":"Product Information","protected":false,"doclang":"GB","externalkey":"Produktinformation","docpos":"2"},{"download":{"ID":55082,"id":55082,"title":"AC_357_PI_fr_2023_02","filename":"AC_357_PI_fr_2023_02.pdf","filesize":306281,"url":"https:\/\/dev.klb-koetztal.de\/app\/uploads\/2023\/02\/AC_357_PI_fr_2023_02.pdf","link":"https:\/\/dev.klb-koetztal.de\/en\/?attachment_id=55082","alt":"","author":"7","description":"","caption":"","name":"ac_357_pi_fr_2023_02-2","status":"inherit","uploaded_to":0,"date":"2023-02-20 13:10:30","modified":"2023-02-20 13:10:30","menu_order":0,"mime_type":"application\/pdf","type":"application","subtype":"pdf","icon":"https:\/\/dev.klb-koetztal.de\/wp\/wp-includes\/images\/media\/document.png"},"filename":"Information Produit FR","protected":false,"doclang":"FR","externalkey":"Produktinformation","docpos":"3"},{"download":{"ID":50254,"id":50254,"title":"Leistungserkl\u00e4rung - Statement of performance","filename":"AC357_LE_2013-04.pdf","filesize":169933,"url":"https:\/\/dev.klb-koetztal.de\/app\/uploads\/2022\/03\/AC357_LE_2013-04.pdf","link":"https:\/\/dev.klb-koetztal.de\/en\/?attachment_id=50254","alt":"","author":"7","description":"","caption":"","name":"ac357_le_2013-04","status":"inherit","uploaded_to":0,"date":"2022-03-14 10:12:31","modified":"2026-03-16 13:07:20","menu_order":0,"mime_type":"application\/pdf","type":"application","subtype":"pdf","icon":"https:\/\/dev.klb-koetztal.de\/wp\/wp-includes\/images\/media\/document.png"},"filename":"Statement of performance - Leistungserkl\u00e4rung","protected":false,"doclang":"Multi","externalkey":"Leistungserklaerung","docpos":"50"},{"download":{"ID":67733,"id":67733,"title":"AC357_Umwelt-Deklaration_2025-10","filename":"AC357_Umwelt-Deklaration_2025-10.pdf","filesize":1674022,"url":"https:\/\/dev.klb-koetztal.de\/app\/uploads\/2025\/10\/AC357_Umwelt-Deklaration_2025-10.pdf","link":"https:\/\/dev.klb-koetztal.de\/en\/?attachment_id=67733","alt":"","author":"7","description":"","caption":"","name":"ac357_umwelt-deklaration_2025-10-2","status":"inherit","uploaded_to":0,"date":"2025-10-16 09:02:42","modified":"2025-10-16 09:02:42","menu_order":0,"mime_type":"application\/pdf","type":"application","subtype":"pdf","icon":"https:\/\/dev.klb-koetztal.de\/wp\/wp-includes\/images\/media\/document.png"},"filename":"EPD - Environmental Product Declaration","protected":false,"doclang":"Multi","externalkey":"Umweltproduktdeklaration","docpos":"50"},{"download":false,"filename":"Safety data sheet","protected":true,"doclang":"GB","externalkey":"Sicherheitsdatenblatt","docpos":"2"},{"download":false,"filename":"Fiche de donn\u00e9es de s\u00e9curit\u00e9 FR","protected":true,"doclang":"FR","externalkey":"Sicherheitsdatenblatt","docpos":"3"}],"einstellungen":null,"background_color":"bg-none","background_color_content":"bg-none"}},"included_in_systems":{"module_included_in_systems":{"":null,"background_color":"bg-gray-medium","background_color_content":"bg-none"}},"contact":{"module_contact":{"":null,"background_color":"bg-none","background_color_content":"bg-none"}},"ausschreibende":{"module_ausschreibende":{"andern_sie_den_inhalt_unter_universelle_elemente":null,"background_color":"bg-none","background_color_content":"bg-none"}}},"yoast_head":"<!-- This site is optimized with the Yoast SEO plugin v27.0 - https:\/\/yoast.com\/product\/yoast-seo-wordpress\/ -->\n<title>Rapid-setting 2C acrylic resin mortar AC 357 | KLB K\u00f6tztal<\/title>\n<meta name=\"description\" content=\"Rapid-setting, ready-to-use 2-component acrylic resin mortar AC 357 | KLB coatings \u2714\ufe0ffor concrete repair works and levelling layers\" \/>\n<meta name=\"robots\" content=\"noindex, follow, max-snippet:-1, max-image-preview:large, max-video-preview:-1\" \/>\n<meta property=\"og:locale\" content=\"en_GB\" \/>\n<meta property=\"og:type\" content=\"article\" \/>\n<meta property=\"og:title\" content=\"Rapid-setting 2C acrylic resin mortar AC 357 | KLB K\u00f6tztal\" \/>\n<meta property=\"og:description\" content=\"Rapid-setting, ready-to-use 2-component acrylic resin mortar AC 357 | KLB coatings \u2714\ufe0ffor concrete repair works and levelling layers\" \/>\n<meta property=\"og:url\" content=\"https:\/\/dev.klb-koetztal.de\/en\/produkt\/klb-system-acryl-ac-357\/\" \/>\n<meta property=\"og:site_name\" content=\"KLB K\u00f6tztal\" \/>\n<meta property=\"article:publisher\" content=\"https:\/\/www.facebook.com\/klbkoetztal\" \/>\n<meta property=\"article:modified_time\" content=\"2026-03-16T13:07:13+00:00\" \/>\n<meta property=\"og:image\" content=\"https:\/\/dev.klb-koetztal.de\/app\/uploads\/2022\/03\/AC357.jpg\" \/>\n\t<meta property=\"og:image:width\" content=\"500\" \/>\n\t<meta property=\"og:image:height\" content=\"500\" \/>\n\t<meta property=\"og:image:type\" content=\"image\/jpeg\" \/>\n<meta name=\"twitter:card\" content=\"summary_large_image\" \/>\n<script type=\"application\/ld+json\" class=\"yoast-schema-graph\">{\"@context\":\"https:\/\/schema.org\",\"@graph\":[{\"@type\":\"WebPage\",\"@id\":\"https:\/\/dev.klb-koetztal.de\/en\/produkt\/klb-system-acryl-ac-357\/\",\"url\":\"https:\/\/dev.klb-koetztal.de\/en\/produkt\/klb-system-acryl-ac-357\/\",\"name\":\"Rapid-setting 2C acrylic resin mortar AC 357 | KLB K\u00f6tztal\",\"isPartOf\":{\"@id\":\"https:\/\/dev.klb-koetztal.de\/en\/#website\"},\"primaryImageOfPage\":{\"@id\":\"https:\/\/dev.klb-koetztal.de\/en\/produkt\/klb-system-acryl-ac-357\/#primaryimage\"},\"image\":{\"@id\":\"https:\/\/dev.klb-koetztal.de\/en\/produkt\/klb-system-acryl-ac-357\/#primaryimage\"},\"thumbnailUrl\":\"https:\/\/dev.klb-koetztal.de\/app\/uploads\/2022\/03\/AC357.jpg\",\"datePublished\":\"2021-08-19T07:11:47+00:00\",\"dateModified\":\"2026-03-16T13:07:13+00:00\",\"description\":\"Rapid-setting, ready-to-use 2-component acrylic resin mortar AC 357 | KLB coatings \u2714\ufe0ffor concrete repair works and levelling layers\",\"breadcrumb\":{\"@id\":\"https:\/\/dev.klb-koetztal.de\/en\/produkt\/klb-system-acryl-ac-357\/#breadcrumb\"},\"inLanguage\":\"en-GB\",\"potentialAction\":[{\"@type\":\"ReadAction\",\"target\":[\"https:\/\/dev.klb-koetztal.de\/en\/produkt\/klb-system-acryl-ac-357\/\"]}]},{\"@type\":\"ImageObject\",\"inLanguage\":\"en-GB\",\"@id\":\"https:\/\/dev.klb-koetztal.de\/en\/produkt\/klb-system-acryl-ac-357\/#primaryimage\",\"url\":\"https:\/\/dev.klb-koetztal.de\/app\/uploads\/2022\/03\/AC357.jpg\",\"contentUrl\":\"https:\/\/dev.klb-koetztal.de\/app\/uploads\/2022\/03\/AC357.jpg\",\"width\":500,\"height\":500},{\"@type\":\"BreadcrumbList\",\"@id\":\"https:\/\/dev.klb-koetztal.de\/en\/produkt\/klb-system-acryl-ac-357\/#breadcrumb\",\"itemListElement\":[{\"@type\":\"ListItem\",\"position\":1,\"name\":\"Startseite\",\"item\":\"https:\/\/dev.klb-koetztal.de\/en\/\"},{\"@type\":\"ListItem\",\"position\":2,\"name\":\"KLB-SYSTEM ACRYL AC 357\"}]},{\"@type\":\"WebSite\",\"@id\":\"https:\/\/dev.klb-koetztal.de\/en\/#website\",\"url\":\"https:\/\/dev.klb-koetztal.de\/en\/\",\"name\":\"KLB K\u00f6tztal\",\"description\":\"Gute B\u00f6den haben ein System.\",\"potentialAction\":[{\"@type\":\"SearchAction\",\"target\":{\"@type\":\"EntryPoint\",\"urlTemplate\":\"https:\/\/dev.klb-koetztal.de\/en\/?s={search_term_string}\"},\"query-input\":{\"@type\":\"PropertyValueSpecification\",\"valueRequired\":true,\"valueName\":\"search_term_string\"}}],\"inLanguage\":\"en-GB\"}]}<\/script>\n<!-- \/ Yoast SEO plugin. -->","yoast_head_json":{"title":"Rapid-setting 2C acrylic resin mortar AC 357 | KLB K\u00f6tztal","description":"Rapid-setting, ready-to-use 2-component acrylic resin mortar AC 357 | KLB coatings \u2714\ufe0ffor concrete repair works and levelling layers","robots":{"index":"noindex","follow":"follow","max-snippet":"max-snippet:-1","max-image-preview":"max-image-preview:large","max-video-preview":"max-video-preview:-1"},"og_locale":"en_GB","og_type":"article","og_title":"Rapid-setting 2C acrylic resin mortar AC 357 | KLB K\u00f6tztal","og_description":"Rapid-setting, ready-to-use 2-component acrylic resin mortar AC 357 | KLB coatings \u2714\ufe0ffor concrete repair works and levelling layers","og_url":"https:\/\/dev.klb-koetztal.de\/en\/produkt\/klb-system-acryl-ac-357\/","og_site_name":"KLB K\u00f6tztal","article_publisher":"https:\/\/www.facebook.com\/klbkoetztal","article_modified_time":"2026-03-16T13:07:13+00:00","og_image":[{"width":500,"height":500,"url":"https:\/\/dev.klb-koetztal.de\/app\/uploads\/2022\/03\/AC357.jpg","type":"image\/jpeg"}],"twitter_card":"summary_large_image","schema":{"@context":"https:\/\/schema.org","@graph":[{"@type":"WebPage","@id":"https:\/\/dev.klb-koetztal.de\/en\/produkt\/klb-system-acryl-ac-357\/","url":"https:\/\/dev.klb-koetztal.de\/en\/produkt\/klb-system-acryl-ac-357\/","name":"Rapid-setting 2C acrylic resin mortar AC 357 | KLB K\u00f6tztal","isPartOf":{"@id":"https:\/\/dev.klb-koetztal.de\/en\/#website"},"primaryImageOfPage":{"@id":"https:\/\/dev.klb-koetztal.de\/en\/produkt\/klb-system-acryl-ac-357\/#primaryimage"},"image":{"@id":"https:\/\/dev.klb-koetztal.de\/en\/produkt\/klb-system-acryl-ac-357\/#primaryimage"},"thumbnailUrl":"https:\/\/dev.klb-koetztal.de\/app\/uploads\/2022\/03\/AC357.jpg","datePublished":"2021-08-19T07:11:47+00:00","dateModified":"2026-03-16T13:07:13+00:00","description":"Rapid-setting, ready-to-use 2-component acrylic resin mortar AC 357 | KLB coatings \u2714\ufe0ffor concrete repair works and levelling layers","breadcrumb":{"@id":"https:\/\/dev.klb-koetztal.de\/en\/produkt\/klb-system-acryl-ac-357\/#breadcrumb"},"inLanguage":"en-GB","potentialAction":[{"@type":"ReadAction","target":["https:\/\/dev.klb-koetztal.de\/en\/produkt\/klb-system-acryl-ac-357\/"]}]},{"@type":"ImageObject","inLanguage":"en-GB","@id":"https:\/\/dev.klb-koetztal.de\/en\/produkt\/klb-system-acryl-ac-357\/#primaryimage","url":"https:\/\/dev.klb-koetztal.de\/app\/uploads\/2022\/03\/AC357.jpg","contentUrl":"https:\/\/dev.klb-koetztal.de\/app\/uploads\/2022\/03\/AC357.jpg","width":500,"height":500},{"@type":"BreadcrumbList","@id":"https:\/\/dev.klb-koetztal.de\/en\/produkt\/klb-system-acryl-ac-357\/#breadcrumb","itemListElement":[{"@type":"ListItem","position":1,"name":"Startseite","item":"https:\/\/dev.klb-koetztal.de\/en\/"},{"@type":"ListItem","position":2,"name":"KLB-SYSTEM ACRYL AC 357"}]},{"@type":"WebSite","@id":"https:\/\/dev.klb-koetztal.de\/en\/#website","url":"https:\/\/dev.klb-koetztal.de\/en\/","name":"KLB K\u00f6tztal","description":"Gute B\u00f6den haben ein System.","potentialAction":[{"@type":"SearchAction","target":{"@type":"EntryPoint","urlTemplate":"https:\/\/dev.klb-koetztal.de\/en\/?s={search_term_string}"},"query-input":{"@type":"PropertyValueSpecification","valueRequired":true,"valueName":"search_term_string"}}],"inLanguage":"en-GB"}]}},"_links":{"self":[{"href":"https:\/\/dev.klb-koetztal.de\/en\/wp-json\/wp\/v2\/product\/46742","targetHints":{"allow":["GET"]}}],"collection":[{"href":"https:\/\/dev.klb-koetztal.de\/en\/wp-json\/wp\/v2\/product"}],"about":[{"href":"https:\/\/dev.klb-koetztal.de\/en\/wp-json\/wp\/v2\/types\/product"}],"wp:featuredmedia":[{"embeddable":true,"href":"https:\/\/dev.klb-koetztal.de\/en\/wp-json\/wp\/v2\/media\/50253"}],"wp:attachment":[{"href":"https:\/\/dev.klb-koetztal.de\/en\/wp-json\/wp\/v2\/media?parent=46742"}],"wp:term":[{"taxonomy":"product_brand","embeddable":true,"href":"https:\/\/dev.klb-koetztal.de\/en\/wp-json\/wp\/v2\/product_brand?post=46742"},{"taxonomy":"product_cat","embeddable":true,"href":"https:\/\/dev.klb-koetztal.de\/en\/wp-json\/wp\/v2\/product_cat?post=46742"},{"taxonomy":"product_tag","embeddable":true,"href":"https:\/\/dev.klb-koetztal.de\/en\/wp-json\/wp\/v2\/product_tag?post=46742"}],"curies":[{"name":"wp","href":"https:\/\/api.w.org\/{rel}","templated":true}]}}