{"id":46741,"date":"2021-08-19T09:11:37","date_gmt":"2021-08-19T07:11:37","guid":{"rendered":"https:\/\/dev.klb-koetztal.de\/produkt\/klb-system-acryl-add-27\/"},"modified":"2023-04-27T15:03:40","modified_gmt":"2023-04-27T13:03:40","slug":"klb-system-acryl-add-27","status":"publish","type":"product","link":"https:\/\/dev.klb-koetztal.de\/en\/produkt\/klb-system-acryl-add-27\/","title":{"rendered":"KLB-SYSTEM ACRYL ADD 27"},"content":{"rendered":"","protected":false},"excerpt":{"rendered":"<p>AC-ADD 27 is an additive for optimizing the adhesion of AC 20 on ceramic coverings and on metals. AC-ADD 27 is mixed into the AC 20 primer at 1% by weight before the hardener is added to ensure&#160;optimum adhesion to the substrate.<\/p>\n","protected":false},"featured_media":50358,"template":"","meta":{"_acf_changed":false},"product_brand":[],"product_cat":[9607,9655,9609,9657],"product_tag":[],"class_list":{"0":"post-46741","1":"product","2":"type-product","3":"status-publish","4":"has-post-thumbnail","6":"product_cat-primers","7":"product_cat-pmma-primers","8":"product_cat-coatings","9":"product_cat-pmma-coatings-and-top-sealer","11":"first","12":"instock","13":"shipping-taxable","14":"product-type-simple"},"acf":{"product_header":{"module_product_header":{"":null,"prototype_headline":{"headline":"KLB-SYSTEM ACRYL ADD 27","h1":true,"subheadline":"Additive for optimizing the adhesion on non-absorbent substrates and ceramic coverings","anchor":"","url":""},"grid_text_slider":false,"grid_text_content":[{"text":"<p class=\"product-short-title\" style=\"text-align: center;\"><strong>Brief description<\/strong><\/p>\n<p>AC-ADD 27 is an additive for optimizing the adhesion of AC 20 on ceramic coverings and on metals. AC-ADD 27 is mixed into the AC 20 primer at 1% by weight before the hardener is added to ensure&#160;optimum adhesion to the substrate.<\/p>\n","width":"4","background_color_text":"bg-white","border_color":"border-gray-light"},{"text":"<p class=\"product-sicing-title\" style=\"text-align: center;\"><strong>Packaging units<\/strong><\/p>\n<ul>\n<li>MA0005-98 &#8211; Bottle 0.10 kg<\/li>\n<li>MA0005-97 &#8211; Bottle 0.25 kg<\/li>\n<\/ul>\n<p><\/p>\n<p>Please do not hesitate to contact us directly for enquiries about larger delivery quantities or packaging units.<\/p>\n\n","width":"4","background_color_text":"bg-white","border_color":"border-gray-light"},{"text":"<p class=\"product-attr-title\" style=\"text-align: center;\"><strong>Properties<\/strong><\/p>\n<ul>\n<li>cures at low temperatures<\/li>\n<li>very high adhesion<\/li>\n<\/ul>\n","width":"4","background_color_text":"bg-white","border_color":"border-gray-light"}],"background_color":"bg-none","background_color_content":"bg-none"}},"downloads":{"module_download_list":{"inhalt":null,"downloads":[{"download":{"ID":51162,"id":51162,"title":"Product Information EN","filename":"ADD_27_PI_en_2022_01.pdf","filesize":166960,"url":"https:\/\/dev.klb-koetztal.de\/app\/uploads\/2022\/05\/ADD_27_PI_en_2022_01.pdf","link":"https:\/\/dev.klb-koetztal.de\/en\/?attachment_id=51162","alt":"","author":"7","description":"","caption":"","name":"add_27_pi_en_2022_01","status":"inherit","uploaded_to":0,"date":"2022-05-05 13:02:27","modified":"2023-04-27 13:03:44","menu_order":0,"mime_type":"application\/pdf","type":"application","subtype":"pdf","icon":"https:\/\/dev.klb-koetztal.de\/wp\/wp-includes\/images\/media\/document.png"},"filename":"","protected":false,"doclang":"GB","externalkey":"Produktinformation","docpos":"2"},{"download":{"ID":51163,"id":51163,"title":"Information Produit FR","filename":"ADD_27_PI_fr_2022_01.pdf","filesize":155509,"url":"https:\/\/dev.klb-koetztal.de\/app\/uploads\/2022\/05\/ADD_27_PI_fr_2022_01.pdf","link":"https:\/\/dev.klb-koetztal.de\/en\/?attachment_id=51163","alt":"","author":"7","description":"","caption":"","name":"add_27_pi_fr_2022_01","status":"inherit","uploaded_to":0,"date":"2022-05-05 13:02:28","modified":"2023-04-27 13:03:45","menu_order":0,"mime_type":"application\/pdf","type":"application","subtype":"pdf","icon":"https:\/\/dev.klb-koetztal.de\/wp\/wp-includes\/images\/media\/document.png"},"filename":"","protected":false,"doclang":"FR","externalkey":"Produktinformation","docpos":"3"},{"download":false,"filename":"Safety data sheet","protected":true,"doclang":"GB","externalkey":"Sicherheitsdatenblatt","docpos":"2"},{"download":false,"filename":"Fiche de donn\u00e9es de s\u00e9curit\u00e9 FR","protected":true,"doclang":"FR","externalkey":"Sicherheitsdatenblatt","docpos":"3"}],"einstellungen":null,"background_color":"bg-none","background_color_content":"bg-none"}},"included_in_systems":{"module_included_in_systems":{"":null,"background_color":"bg-gray-medium","background_color_content":"bg-none"}},"contact":{"module_contact":{"":null,"background_color":"bg-none","background_color_content":"bg-none"}},"ausschreibende":{"module_ausschreibende":{"andern_sie_den_inhalt_unter_universelle_elemente":null,"background_color":"bg-none","background_color_content":"bg-none"}}},"yoast_head":"<!-- This site is optimized with the Yoast SEO plugin v27.0 - https:\/\/yoast.com\/product\/yoast-seo-wordpress\/ -->\n<title>Adhesion-improving acrylic additive AC-ADD 27 | KLB K\u00f6tztal<\/title>\n<meta name=\"description\" content=\"Adhesion-improving additive AC-ADD 27 | KLB reactive resin floor coating \u2714\ufe0fto improve adhesion of AC 20 on ceramic coverings and metals\" \/>\n<meta name=\"robots\" content=\"noindex, follow, max-snippet:-1, max-image-preview:large, max-video-preview:-1\" \/>\n<meta property=\"og:locale\" content=\"en_GB\" \/>\n<meta property=\"og:type\" content=\"article\" \/>\n<meta property=\"og:title\" content=\"Adhesion-improving acrylic additive AC-ADD 27 | KLB K\u00f6tztal\" \/>\n<meta property=\"og:description\" content=\"Adhesion-improving additive AC-ADD 27 | KLB reactive resin floor coating \u2714\ufe0fto improve adhesion of AC 20 on ceramic coverings and metals\" \/>\n<meta property=\"og:url\" content=\"https:\/\/dev.klb-koetztal.de\/en\/produkt\/klb-system-acryl-add-27\/\" \/>\n<meta property=\"og:site_name\" content=\"KLB K\u00f6tztal\" \/>\n<meta property=\"article:publisher\" content=\"https:\/\/www.facebook.com\/klbkoetztal\" \/>\n<meta property=\"article:modified_time\" content=\"2023-04-27T13:03:40+00:00\" \/>\n<meta property=\"og:image\" content=\"https:\/\/dev.klb-koetztal.de\/app\/uploads\/2022\/03\/Produkt_Platzhalter.jpg\" \/>\n\t<meta property=\"og:image:width\" content=\"500\" \/>\n\t<meta property=\"og:image:height\" content=\"500\" \/>\n\t<meta property=\"og:image:type\" content=\"image\/jpeg\" \/>\n<meta name=\"twitter:card\" content=\"summary_large_image\" \/>\n<script type=\"application\/ld+json\" class=\"yoast-schema-graph\">{\"@context\":\"https:\/\/schema.org\",\"@graph\":[{\"@type\":\"WebPage\",\"@id\":\"https:\/\/dev.klb-koetztal.de\/en\/produkt\/klb-system-acryl-add-27\/\",\"url\":\"https:\/\/dev.klb-koetztal.de\/en\/produkt\/klb-system-acryl-add-27\/\",\"name\":\"Adhesion-improving acrylic additive AC-ADD 27 | KLB K\u00f6tztal\",\"isPartOf\":{\"@id\":\"https:\/\/dev.klb-koetztal.de\/en\/#website\"},\"primaryImageOfPage\":{\"@id\":\"https:\/\/dev.klb-koetztal.de\/en\/produkt\/klb-system-acryl-add-27\/#primaryimage\"},\"image\":{\"@id\":\"https:\/\/dev.klb-koetztal.de\/en\/produkt\/klb-system-acryl-add-27\/#primaryimage\"},\"thumbnailUrl\":\"https:\/\/dev.klb-koetztal.de\/app\/uploads\/2022\/03\/Produkt_Platzhalter.jpg\",\"datePublished\":\"2021-08-19T07:11:37+00:00\",\"dateModified\":\"2023-04-27T13:03:40+00:00\",\"description\":\"Adhesion-improving additive AC-ADD 27 | KLB reactive resin floor coating \u2714\ufe0fto improve adhesion of AC 20 on ceramic coverings and metals\",\"breadcrumb\":{\"@id\":\"https:\/\/dev.klb-koetztal.de\/en\/produkt\/klb-system-acryl-add-27\/#breadcrumb\"},\"inLanguage\":\"en-GB\",\"potentialAction\":[{\"@type\":\"ReadAction\",\"target\":[\"https:\/\/dev.klb-koetztal.de\/en\/produkt\/klb-system-acryl-add-27\/\"]}]},{\"@type\":\"ImageObject\",\"inLanguage\":\"en-GB\",\"@id\":\"https:\/\/dev.klb-koetztal.de\/en\/produkt\/klb-system-acryl-add-27\/#primaryimage\",\"url\":\"https:\/\/dev.klb-koetztal.de\/app\/uploads\/2022\/03\/Produkt_Platzhalter.jpg\",\"contentUrl\":\"https:\/\/dev.klb-koetztal.de\/app\/uploads\/2022\/03\/Produkt_Platzhalter.jpg\",\"width\":500,\"height\":500},{\"@type\":\"BreadcrumbList\",\"@id\":\"https:\/\/dev.klb-koetztal.de\/en\/produkt\/klb-system-acryl-add-27\/#breadcrumb\",\"itemListElement\":[{\"@type\":\"ListItem\",\"position\":1,\"name\":\"Startseite\",\"item\":\"https:\/\/dev.klb-koetztal.de\/en\/\"},{\"@type\":\"ListItem\",\"position\":2,\"name\":\"KLB-SYSTEM ACRYL ADD 27\"}]},{\"@type\":\"WebSite\",\"@id\":\"https:\/\/dev.klb-koetztal.de\/en\/#website\",\"url\":\"https:\/\/dev.klb-koetztal.de\/en\/\",\"name\":\"KLB K\u00f6tztal\",\"description\":\"Gute B\u00f6den haben ein System.\",\"potentialAction\":[{\"@type\":\"SearchAction\",\"target\":{\"@type\":\"EntryPoint\",\"urlTemplate\":\"https:\/\/dev.klb-koetztal.de\/en\/?s={search_term_string}\"},\"query-input\":{\"@type\":\"PropertyValueSpecification\",\"valueRequired\":true,\"valueName\":\"search_term_string\"}}],\"inLanguage\":\"en-GB\"}]}<\/script>\n<!-- \/ Yoast SEO plugin. -->","yoast_head_json":{"title":"Adhesion-improving acrylic additive AC-ADD 27 | KLB K\u00f6tztal","description":"Adhesion-improving additive AC-ADD 27 | KLB reactive resin floor coating \u2714\ufe0fto improve adhesion of AC 20 on ceramic coverings and metals","robots":{"index":"noindex","follow":"follow","max-snippet":"max-snippet:-1","max-image-preview":"max-image-preview:large","max-video-preview":"max-video-preview:-1"},"og_locale":"en_GB","og_type":"article","og_title":"Adhesion-improving acrylic additive AC-ADD 27 | KLB K\u00f6tztal","og_description":"Adhesion-improving additive AC-ADD 27 | KLB reactive resin floor coating \u2714\ufe0fto improve adhesion of AC 20 on ceramic coverings and metals","og_url":"https:\/\/dev.klb-koetztal.de\/en\/produkt\/klb-system-acryl-add-27\/","og_site_name":"KLB K\u00f6tztal","article_publisher":"https:\/\/www.facebook.com\/klbkoetztal","article_modified_time":"2023-04-27T13:03:40+00:00","og_image":[{"width":500,"height":500,"url":"https:\/\/dev.klb-koetztal.de\/app\/uploads\/2022\/03\/Produkt_Platzhalter.jpg","type":"image\/jpeg"}],"twitter_card":"summary_large_image","schema":{"@context":"https:\/\/schema.org","@graph":[{"@type":"WebPage","@id":"https:\/\/dev.klb-koetztal.de\/en\/produkt\/klb-system-acryl-add-27\/","url":"https:\/\/dev.klb-koetztal.de\/en\/produkt\/klb-system-acryl-add-27\/","name":"Adhesion-improving acrylic additive AC-ADD 27 | KLB K\u00f6tztal","isPartOf":{"@id":"https:\/\/dev.klb-koetztal.de\/en\/#website"},"primaryImageOfPage":{"@id":"https:\/\/dev.klb-koetztal.de\/en\/produkt\/klb-system-acryl-add-27\/#primaryimage"},"image":{"@id":"https:\/\/dev.klb-koetztal.de\/en\/produkt\/klb-system-acryl-add-27\/#primaryimage"},"thumbnailUrl":"https:\/\/dev.klb-koetztal.de\/app\/uploads\/2022\/03\/Produkt_Platzhalter.jpg","datePublished":"2021-08-19T07:11:37+00:00","dateModified":"2023-04-27T13:03:40+00:00","description":"Adhesion-improving additive AC-ADD 27 | KLB reactive resin floor coating \u2714\ufe0fto improve adhesion of AC 20 on ceramic coverings and metals","breadcrumb":{"@id":"https:\/\/dev.klb-koetztal.de\/en\/produkt\/klb-system-acryl-add-27\/#breadcrumb"},"inLanguage":"en-GB","potentialAction":[{"@type":"ReadAction","target":["https:\/\/dev.klb-koetztal.de\/en\/produkt\/klb-system-acryl-add-27\/"]}]},{"@type":"ImageObject","inLanguage":"en-GB","@id":"https:\/\/dev.klb-koetztal.de\/en\/produkt\/klb-system-acryl-add-27\/#primaryimage","url":"https:\/\/dev.klb-koetztal.de\/app\/uploads\/2022\/03\/Produkt_Platzhalter.jpg","contentUrl":"https:\/\/dev.klb-koetztal.de\/app\/uploads\/2022\/03\/Produkt_Platzhalter.jpg","width":500,"height":500},{"@type":"BreadcrumbList","@id":"https:\/\/dev.klb-koetztal.de\/en\/produkt\/klb-system-acryl-add-27\/#breadcrumb","itemListElement":[{"@type":"ListItem","position":1,"name":"Startseite","item":"https:\/\/dev.klb-koetztal.de\/en\/"},{"@type":"ListItem","position":2,"name":"KLB-SYSTEM ACRYL ADD 27"}]},{"@type":"WebSite","@id":"https:\/\/dev.klb-koetztal.de\/en\/#website","url":"https:\/\/dev.klb-koetztal.de\/en\/","name":"KLB K\u00f6tztal","description":"Gute B\u00f6den haben ein System.","potentialAction":[{"@type":"SearchAction","target":{"@type":"EntryPoint","urlTemplate":"https:\/\/dev.klb-koetztal.de\/en\/?s={search_term_string}"},"query-input":{"@type":"PropertyValueSpecification","valueRequired":true,"valueName":"search_term_string"}}],"inLanguage":"en-GB"}]}},"_links":{"self":[{"href":"https:\/\/dev.klb-koetztal.de\/en\/wp-json\/wp\/v2\/product\/46741","targetHints":{"allow":["GET"]}}],"collection":[{"href":"https:\/\/dev.klb-koetztal.de\/en\/wp-json\/wp\/v2\/product"}],"about":[{"href":"https:\/\/dev.klb-koetztal.de\/en\/wp-json\/wp\/v2\/types\/product"}],"wp:featuredmedia":[{"embeddable":true,"href":"https:\/\/dev.klb-koetztal.de\/en\/wp-json\/wp\/v2\/media\/50358"}],"wp:attachment":[{"href":"https:\/\/dev.klb-koetztal.de\/en\/wp-json\/wp\/v2\/media?parent=46741"}],"wp:term":[{"taxonomy":"product_brand","embeddable":true,"href":"https:\/\/dev.klb-koetztal.de\/en\/wp-json\/wp\/v2\/product_brand?post=46741"},{"taxonomy":"product_cat","embeddable":true,"href":"https:\/\/dev.klb-koetztal.de\/en\/wp-json\/wp\/v2\/product_cat?post=46741"},{"taxonomy":"product_tag","embeddable":true,"href":"https:\/\/dev.klb-koetztal.de\/en\/wp-json\/wp\/v2\/product_tag?post=46741"}],"curies":[{"name":"wp","href":"https:\/\/api.w.org\/{rel}","templated":true}]}}