{"id":46738,"date":"2021-08-19T09:11:01","date_gmt":"2021-08-19T07:11:01","guid":{"rendered":"https:\/\/dev.klb-koetztal.de\/produkt\/klb-system-polyurethan-pu-806-e-wall\/"},"modified":"2026-02-25T11:54:43","modified_gmt":"2026-02-25T10:54:43","slug":"klb-system-polyurethan-pu-806-e-wall","status":"publish","type":"product","link":"https:\/\/dev.klb-koetztal.de\/en\/produkt\/klb-system-polyurethan-pu-806-e-wall\/","title":{"rendered":"KLB-SYSTEM POLYURETHAN PU 806 E &#8211; Wall"},"content":{"rendered":"","protected":false},"excerpt":{"rendered":"<p>Low-emission, coloured and light-stable 2-component&#160;matt sealer on the basis of&#160;a high-quality polyurethane dispersion system. The increased opacity can specifically be advantageous for wall and ceiling coatings, such as in combination with PU 662. Easy-to-apply and extremely opaque for homogeneously matt surfaces.&#160;Low-emission according to AgBB.<br \/>\nSuitable for floors that must comply with the Eurofins&#160;&#8221;Indoor Air Comfort&#8221; and the Gold certification. AgBB-compliant&#160;for recreation rooms.<\/p>\n","protected":false},"featured_media":50240,"template":"","meta":{"_acf_changed":false},"product_brand":[],"product_cat":[9609,9627],"product_tag":[],"class_list":{"0":"post-46738","1":"product","2":"type-product","3":"status-publish","4":"has-post-thumbnail","6":"product_cat-coatings","7":"product_cat-wall-coatings-and-sealers","9":"first","10":"instock","11":"shipping-taxable","12":"product-type-simple"},"acf":{"product_header":{"module_product_header":{"":null,"prototype_headline":{"headline":"KLB-SYSTEM POLYURETHAN PU 806 E - Wall","h1":true,"subheadline":"Light-stable and solvent-free 2-component polyurethane matt sealer&nbsp;with increased opacity as finish sealer on walls and ceilings","anchor":"","url":""},"grid_text_slider":false,"grid_text_content":[{"text":"<p class=\"product-short-title\" style=\"text-align: center;\"><strong>Brief description<\/strong><\/p>\n<p>Low-emission, coloured and light-stable 2-component&#160;matt sealer on the basis of&#160;a high-quality polyurethane dispersion system. The increased opacity can specifically be advantageous for wall and ceiling coatings, such as in combination with PU 662. Easy-to-apply and extremely opaque for homogeneously matt surfaces.&#160;Low-emission according to AgBB.<\/p>\n<p>Suitable for floors that must comply with the Eurofins&#160;&#8221;Indoor Air Comfort&#8221; and the Gold certification. AgBB-compliant&#160;for recreation rooms.<\/p>\n","width":"4","background_color_text":"bg-white","border_color":"border-gray-light"},{"text":"<p class=\"product-sicing-title\" style=\"text-align: center;\"><strong>Packaging units<\/strong><\/p>\n<ul>\n<li>AK6516-70 &#8211; Combo packaging 6.00 kg<\/li>\n<li>AK6516-50 &#8211; Combo packaging 12.00 kg<\/li>\n<\/ul>\n<p><\/p>\n<p>Please do not hesitate to contact us directly for enquiries about larger delivery quantities or packaging units.<\/p>\n\n","width":"4","background_color_text":"bg-white","border_color":"border-gray-light"},{"text":"<p class=\"product-attr-title\" style=\"text-align: center;\"><strong>Properties<\/strong><\/p>\n<ul>\n<li>high covering power<\/li>\n<li>for walls, ceilings and vertical surfaces<\/li>\n<li>very high adhesion<\/li>\n<li>Total Solid according to GISCODE<\/li>\n<li>water vapour-permeable<\/li>\n<li>environmentally friendly<\/li>\n<li>resistant to abrasion and wear<\/li>\n<li>tested, low-emission quality<\/li>\n<li>even surface<\/li>\n<\/ul>\n","width":"4","background_color_text":"bg-white","border_color":"border-gray-light"}],"background_color":"bg-none","background_color_content":"bg-none"}},"downloads":{"module_download_list":{"inhalt":null,"downloads":[{"download":{"ID":62962,"id":62962,"title":"PU_806_E-Wall_PI_en_2024_09","filename":"PU_806_E-Wall_PI_en_2024_09.pdf","filesize":790719,"url":"https:\/\/dev.klb-koetztal.de\/app\/uploads\/2024\/09\/PU_806_E-Wall_PI_en_2024_09.pdf","link":"https:\/\/dev.klb-koetztal.de\/en\/?attachment_id=62962","alt":"","author":"7","description":"","caption":"","name":"pu_806_e-wall_pi_en_2024_09-2","status":"inherit","uploaded_to":0,"date":"2024-09-02 08:40:17","modified":"2024-09-02 08:40:17","menu_order":0,"mime_type":"application\/pdf","type":"application","subtype":"pdf","icon":"https:\/\/dev.klb-koetztal.de\/wp\/wp-includes\/images\/media\/document.png"},"filename":"Product Information","protected":false,"doclang":"GB","externalkey":"Produktinformation","docpos":"2"},{"download":{"ID":62965,"id":62965,"title":"PU_806_E-Wall_PI_fr_2024_09","filename":"PU_806_E-Wall_PI_fr_2024_09.pdf","filesize":799650,"url":"https:\/\/dev.klb-koetztal.de\/app\/uploads\/2024\/09\/PU_806_E-Wall_PI_fr_2024_09.pdf","link":"https:\/\/dev.klb-koetztal.de\/en\/?attachment_id=62965","alt":"","author":"7","description":"","caption":"","name":"pu_806_e-wall_pi_fr_2024_09-2","status":"inherit","uploaded_to":0,"date":"2024-09-02 08:40:19","modified":"2024-09-02 08:40:19","menu_order":0,"mime_type":"application\/pdf","type":"application","subtype":"pdf","icon":"https:\/\/dev.klb-koetztal.de\/wp\/wp-includes\/images\/media\/document.png"},"filename":"Information Produit FR","protected":false,"doclang":"FR","externalkey":"Produktinformation","docpos":"3"},{"download":{"ID":50230,"id":50230,"title":"Leistungserkl\u00e4rung - Statement of performance","filename":"PU806_E_WALL_PU806_E_Clean_WALL_LE_2019-10.pdf","filesize":674397,"url":"https:\/\/dev.klb-koetztal.de\/app\/uploads\/2022\/03\/PU806_E_WALL_PU806_E_Clean_WALL_LE_2019-10.pdf","link":"https:\/\/dev.klb-koetztal.de\/en\/?attachment_id=50230","alt":"","author":"7","description":"","caption":"","name":"pu806_e_wall_pu806_e_clean_wall_le_2019-10","status":"inherit","uploaded_to":0,"date":"2022-03-14 10:11:39","modified":"2026-02-25 10:54:53","menu_order":0,"mime_type":"application\/pdf","type":"application","subtype":"pdf","icon":"https:\/\/dev.klb-koetztal.de\/wp\/wp-includes\/images\/media\/document.png"},"filename":"Statement of performance - Leistungserkl\u00e4rung","protected":false,"doclang":"Multi","externalkey":"Leistungserklaerung","docpos":"50"},{"download":{"ID":51311,"id":51311,"title":"EPD-Information","filename":"PU806E_Wall_Umwelt-Deklaration_2022-06.pdf","filesize":2561730,"url":"https:\/\/dev.klb-koetztal.de\/app\/uploads\/2022\/06\/PU806E_Wall_Umwelt-Deklaration_2022-06.pdf","link":"https:\/\/dev.klb-koetztal.de\/en\/?attachment_id=51311","alt":"","author":"7","description":"","caption":"","name":"pu806e_wall_umwelt-deklaration_2022-06","status":"inherit","uploaded_to":0,"date":"2022-06-30 12:28:34","modified":"2026-02-25 10:54:57","menu_order":0,"mime_type":"application\/pdf","type":"application","subtype":"pdf","icon":"https:\/\/dev.klb-koetztal.de\/wp\/wp-includes\/images\/media\/document.png"},"filename":"EPD - Environmental Product Declaration","protected":false,"doclang":"Multi","externalkey":"Umweltproduktdeklaration","docpos":"50"},{"download":false,"filename":"Safety data sheet","protected":true,"doclang":"GB","externalkey":"Sicherheitsdatenblatt","docpos":"2"},{"download":false,"filename":"Fiche de donn\u00e9es de s\u00e9curit\u00e9 FR","protected":true,"doclang":"FR","externalkey":"Sicherheitsdatenblatt","docpos":"3"}],"einstellungen":null,"background_color":"bg-none","background_color_content":"bg-none"}},"included_in_systems":{"module_included_in_systems":{"":null,"background_color":"bg-gray-medium","background_color_content":"bg-none"}},"contact":{"module_contact":{"":null,"background_color":"bg-none","background_color_content":"bg-none"}},"ausschreibende":{"module_ausschreibende":{"andern_sie_den_inhalt_unter_universelle_elemente":null,"background_color":"bg-none","background_color_content":"bg-none"}}},"yoast_head":"<!-- This site is optimized with the Yoast SEO plugin v27.0 - https:\/\/yoast.com\/product\/yoast-seo-wordpress\/ -->\n<title>Low-emission, matt 2-comp. sealer PU 806 E-Wall | KLB<\/title>\n<meta name=\"description\" content=\"Low-VOC, UV-light stable, matt 2-comp. colour sealer PU 806 E-Wall specifically for wall and ceiling | KLB floor systems \u2714\ufe0f AgBB-compliant, Eurofins\" \/>\n<meta name=\"robots\" content=\"noindex, follow, max-snippet:-1, max-image-preview:large, max-video-preview:-1\" \/>\n<meta property=\"og:locale\" content=\"en_GB\" \/>\n<meta property=\"og:type\" content=\"article\" \/>\n<meta property=\"og:title\" content=\"Low-emission, matt 2-comp. sealer PU 806 E-Wall | KLB\" \/>\n<meta property=\"og:description\" content=\"Low-VOC, UV-light stable, matt 2-comp. colour sealer PU 806 E-Wall specifically for wall and ceiling | KLB floor systems \u2714\ufe0f AgBB-compliant, Eurofins\" \/>\n<meta property=\"og:url\" content=\"https:\/\/dev.klb-koetztal.de\/en\/produkt\/klb-system-polyurethan-pu-806-e-wall\/\" \/>\n<meta property=\"og:site_name\" content=\"KLB K\u00f6tztal\" \/>\n<meta property=\"article:publisher\" content=\"https:\/\/www.facebook.com\/klbkoetztal\" \/>\n<meta property=\"article:modified_time\" content=\"2026-02-25T10:54:43+00:00\" \/>\n<meta property=\"og:image\" content=\"https:\/\/dev.klb-koetztal.de\/app\/uploads\/2022\/03\/PU806_E_Wall.jpg\" \/>\n\t<meta property=\"og:image:width\" content=\"500\" \/>\n\t<meta property=\"og:image:height\" content=\"500\" \/>\n\t<meta property=\"og:image:type\" content=\"image\/jpeg\" \/>\n<meta name=\"twitter:card\" content=\"summary_large_image\" \/>\n<script type=\"application\/ld+json\" class=\"yoast-schema-graph\">{\"@context\":\"https:\/\/schema.org\",\"@graph\":[{\"@type\":\"WebPage\",\"@id\":\"https:\/\/dev.klb-koetztal.de\/en\/produkt\/klb-system-polyurethan-pu-806-e-wall\/\",\"url\":\"https:\/\/dev.klb-koetztal.de\/en\/produkt\/klb-system-polyurethan-pu-806-e-wall\/\",\"name\":\"Low-emission, matt 2-comp. sealer PU 806 E-Wall | KLB\",\"isPartOf\":{\"@id\":\"https:\/\/dev.klb-koetztal.de\/en\/#website\"},\"primaryImageOfPage\":{\"@id\":\"https:\/\/dev.klb-koetztal.de\/en\/produkt\/klb-system-polyurethan-pu-806-e-wall\/#primaryimage\"},\"image\":{\"@id\":\"https:\/\/dev.klb-koetztal.de\/en\/produkt\/klb-system-polyurethan-pu-806-e-wall\/#primaryimage\"},\"thumbnailUrl\":\"https:\/\/dev.klb-koetztal.de\/app\/uploads\/2022\/03\/PU806_E_Wall.jpg\",\"datePublished\":\"2021-08-19T07:11:01+00:00\",\"dateModified\":\"2026-02-25T10:54:43+00:00\",\"description\":\"Low-VOC, UV-light stable, matt 2-comp. colour sealer PU 806 E-Wall specifically for wall and ceiling | KLB floor systems \u2714\ufe0f AgBB-compliant, Eurofins\",\"breadcrumb\":{\"@id\":\"https:\/\/dev.klb-koetztal.de\/en\/produkt\/klb-system-polyurethan-pu-806-e-wall\/#breadcrumb\"},\"inLanguage\":\"en-GB\",\"potentialAction\":[{\"@type\":\"ReadAction\",\"target\":[\"https:\/\/dev.klb-koetztal.de\/en\/produkt\/klb-system-polyurethan-pu-806-e-wall\/\"]}]},{\"@type\":\"ImageObject\",\"inLanguage\":\"en-GB\",\"@id\":\"https:\/\/dev.klb-koetztal.de\/en\/produkt\/klb-system-polyurethan-pu-806-e-wall\/#primaryimage\",\"url\":\"https:\/\/dev.klb-koetztal.de\/app\/uploads\/2022\/03\/PU806_E_Wall.jpg\",\"contentUrl\":\"https:\/\/dev.klb-koetztal.de\/app\/uploads\/2022\/03\/PU806_E_Wall.jpg\",\"width\":500,\"height\":500},{\"@type\":\"BreadcrumbList\",\"@id\":\"https:\/\/dev.klb-koetztal.de\/en\/produkt\/klb-system-polyurethan-pu-806-e-wall\/#breadcrumb\",\"itemListElement\":[{\"@type\":\"ListItem\",\"position\":1,\"name\":\"Startseite\",\"item\":\"https:\/\/dev.klb-koetztal.de\/en\/\"},{\"@type\":\"ListItem\",\"position\":2,\"name\":\"KLB-SYSTEM POLYURETHAN PU 806 E &#8211; Wall\"}]},{\"@type\":\"WebSite\",\"@id\":\"https:\/\/dev.klb-koetztal.de\/en\/#website\",\"url\":\"https:\/\/dev.klb-koetztal.de\/en\/\",\"name\":\"KLB K\u00f6tztal\",\"description\":\"Gute B\u00f6den haben ein System.\",\"potentialAction\":[{\"@type\":\"SearchAction\",\"target\":{\"@type\":\"EntryPoint\",\"urlTemplate\":\"https:\/\/dev.klb-koetztal.de\/en\/?s={search_term_string}\"},\"query-input\":{\"@type\":\"PropertyValueSpecification\",\"valueRequired\":true,\"valueName\":\"search_term_string\"}}],\"inLanguage\":\"en-GB\"}]}<\/script>\n<!-- \/ Yoast SEO plugin. -->","yoast_head_json":{"title":"Low-emission, matt 2-comp. sealer PU 806 E-Wall | KLB","description":"Low-VOC, UV-light stable, matt 2-comp. colour sealer PU 806 E-Wall specifically for wall and ceiling | KLB floor systems \u2714\ufe0f AgBB-compliant, Eurofins","robots":{"index":"noindex","follow":"follow","max-snippet":"max-snippet:-1","max-image-preview":"max-image-preview:large","max-video-preview":"max-video-preview:-1"},"og_locale":"en_GB","og_type":"article","og_title":"Low-emission, matt 2-comp. sealer PU 806 E-Wall | KLB","og_description":"Low-VOC, UV-light stable, matt 2-comp. colour sealer PU 806 E-Wall specifically for wall and ceiling | KLB floor systems \u2714\ufe0f AgBB-compliant, Eurofins","og_url":"https:\/\/dev.klb-koetztal.de\/en\/produkt\/klb-system-polyurethan-pu-806-e-wall\/","og_site_name":"KLB K\u00f6tztal","article_publisher":"https:\/\/www.facebook.com\/klbkoetztal","article_modified_time":"2026-02-25T10:54:43+00:00","og_image":[{"width":500,"height":500,"url":"https:\/\/dev.klb-koetztal.de\/app\/uploads\/2022\/03\/PU806_E_Wall.jpg","type":"image\/jpeg"}],"twitter_card":"summary_large_image","schema":{"@context":"https:\/\/schema.org","@graph":[{"@type":"WebPage","@id":"https:\/\/dev.klb-koetztal.de\/en\/produkt\/klb-system-polyurethan-pu-806-e-wall\/","url":"https:\/\/dev.klb-koetztal.de\/en\/produkt\/klb-system-polyurethan-pu-806-e-wall\/","name":"Low-emission, matt 2-comp. sealer PU 806 E-Wall | KLB","isPartOf":{"@id":"https:\/\/dev.klb-koetztal.de\/en\/#website"},"primaryImageOfPage":{"@id":"https:\/\/dev.klb-koetztal.de\/en\/produkt\/klb-system-polyurethan-pu-806-e-wall\/#primaryimage"},"image":{"@id":"https:\/\/dev.klb-koetztal.de\/en\/produkt\/klb-system-polyurethan-pu-806-e-wall\/#primaryimage"},"thumbnailUrl":"https:\/\/dev.klb-koetztal.de\/app\/uploads\/2022\/03\/PU806_E_Wall.jpg","datePublished":"2021-08-19T07:11:01+00:00","dateModified":"2026-02-25T10:54:43+00:00","description":"Low-VOC, UV-light stable, matt 2-comp. colour sealer PU 806 E-Wall specifically for wall and ceiling | KLB floor systems \u2714\ufe0f AgBB-compliant, Eurofins","breadcrumb":{"@id":"https:\/\/dev.klb-koetztal.de\/en\/produkt\/klb-system-polyurethan-pu-806-e-wall\/#breadcrumb"},"inLanguage":"en-GB","potentialAction":[{"@type":"ReadAction","target":["https:\/\/dev.klb-koetztal.de\/en\/produkt\/klb-system-polyurethan-pu-806-e-wall\/"]}]},{"@type":"ImageObject","inLanguage":"en-GB","@id":"https:\/\/dev.klb-koetztal.de\/en\/produkt\/klb-system-polyurethan-pu-806-e-wall\/#primaryimage","url":"https:\/\/dev.klb-koetztal.de\/app\/uploads\/2022\/03\/PU806_E_Wall.jpg","contentUrl":"https:\/\/dev.klb-koetztal.de\/app\/uploads\/2022\/03\/PU806_E_Wall.jpg","width":500,"height":500},{"@type":"BreadcrumbList","@id":"https:\/\/dev.klb-koetztal.de\/en\/produkt\/klb-system-polyurethan-pu-806-e-wall\/#breadcrumb","itemListElement":[{"@type":"ListItem","position":1,"name":"Startseite","item":"https:\/\/dev.klb-koetztal.de\/en\/"},{"@type":"ListItem","position":2,"name":"KLB-SYSTEM POLYURETHAN PU 806 E &#8211; Wall"}]},{"@type":"WebSite","@id":"https:\/\/dev.klb-koetztal.de\/en\/#website","url":"https:\/\/dev.klb-koetztal.de\/en\/","name":"KLB K\u00f6tztal","description":"Gute B\u00f6den haben ein System.","potentialAction":[{"@type":"SearchAction","target":{"@type":"EntryPoint","urlTemplate":"https:\/\/dev.klb-koetztal.de\/en\/?s={search_term_string}"},"query-input":{"@type":"PropertyValueSpecification","valueRequired":true,"valueName":"search_term_string"}}],"inLanguage":"en-GB"}]}},"_links":{"self":[{"href":"https:\/\/dev.klb-koetztal.de\/en\/wp-json\/wp\/v2\/product\/46738","targetHints":{"allow":["GET"]}}],"collection":[{"href":"https:\/\/dev.klb-koetztal.de\/en\/wp-json\/wp\/v2\/product"}],"about":[{"href":"https:\/\/dev.klb-koetztal.de\/en\/wp-json\/wp\/v2\/types\/product"}],"wp:featuredmedia":[{"embeddable":true,"href":"https:\/\/dev.klb-koetztal.de\/en\/wp-json\/wp\/v2\/media\/50240"}],"wp:attachment":[{"href":"https:\/\/dev.klb-koetztal.de\/en\/wp-json\/wp\/v2\/media?parent=46738"}],"wp:term":[{"taxonomy":"product_brand","embeddable":true,"href":"https:\/\/dev.klb-koetztal.de\/en\/wp-json\/wp\/v2\/product_brand?post=46738"},{"taxonomy":"product_cat","embeddable":true,"href":"https:\/\/dev.klb-koetztal.de\/en\/wp-json\/wp\/v2\/product_cat?post=46738"},{"taxonomy":"product_tag","embeddable":true,"href":"https:\/\/dev.klb-koetztal.de\/en\/wp-json\/wp\/v2\/product_tag?post=46738"}],"curies":[{"name":"wp","href":"https:\/\/api.w.org\/{rel}","templated":true}]}}