{"id":46730,"date":"2021-08-19T09:08:31","date_gmt":"2021-08-19T07:08:31","guid":{"rendered":"https:\/\/dev.klb-koetztal.de\/produkt\/klb-system-polyurethan-pu-883\/"},"modified":"2026-02-25T12:05:51","modified_gmt":"2026-02-25T11:05:51","slug":"klb-system-polyurethan-pu-883","status":"publish","type":"product","link":"https:\/\/dev.klb-koetztal.de\/en\/produkt\/klb-system-polyurethan-pu-883\/","title":{"rendered":"KLB-SYSTEM POLYURETHAN PU 883"},"content":{"rendered":"","protected":false},"excerpt":{"rendered":"<p>Coloured, silky-gloss 2-component sealer on the basis of polyurethane resin, with an excellent light and weather stability. Good cross-linking and wear resistance. Thixotropic, results in a structured surface, containing&#160;solvents.<\/p>\n","protected":false},"featured_media":50192,"template":"","meta":{"_acf_changed":false},"product_brand":[],"product_cat":[9621,9654],"product_tag":[],"class_list":{"0":"post-46730","1":"product","2":"type-product","3":"status-publish","4":"has-post-thumbnail","6":"product_cat-sealers-impregnations","7":"product_cat-2-component-polyurethane-sealers-containing-solvents","9":"first","10":"instock","11":"shipping-taxable","12":"product-type-simple"},"acf":{"product_header":{"module_product_header":{"":null,"prototype_headline":{"headline":"KLB-SYSTEM POLYURETHAN PU 883","h1":true,"subheadline":"PIgmented 2-component polyurethane sealer for silky-gloss, finely structured surfaces","anchor":"","url":""},"grid_text_slider":false,"grid_text_content":[{"text":"<p class=\"product-short-title\" style=\"text-align: center;\"><strong>Brief description<\/strong><\/p>\n<p>Coloured, silky-gloss 2-component sealer on the basis of polyurethane resin, with an excellent light and weather stability. Good cross-linking and wear resistance. Thixotropic, results in a structured surface, containing&#160;solvents.<\/p>\n","width":"4","background_color_text":"bg-white","border_color":"border-gray-light"},{"text":"<p class=\"product-sicing-title\" style=\"text-align: center;\"><strong>Packaging units<\/strong><\/p>\n<ul>\n<li>AK6619-50 &#8211; Bucket combo 10.00 kg<\/li>\n<li>AK6619-30 &#8211; Hobbock combo 30.00 kg<\/li>\n<\/ul>\n<p><\/p>\n<p>Please do not hesitate to contact us directly for enquiries about larger delivery quantities or packaging units.<\/p>\n\n","width":"4","background_color_text":"bg-white","border_color":"border-gray-light"},{"text":"<p class=\"product-attr-title\" style=\"text-align: center;\"><strong>Properties<\/strong><\/p>\n<ul>\n<li>finely structured<\/li>\n<li>easily wear-resistant<\/li>\n<li>free of deleterious substances against varnish<\/li>\n<li>light-stable for the most part<\/li>\n<li>high chemical resistance<\/li>\n<li>silky-gloss<\/li>\n<\/ul>\n","width":"4","background_color_text":"bg-white","border_color":"border-gray-light"}],"background_color":"bg-none","background_color_content":"bg-none"}},"downloads":{"module_download_list":{"inhalt":null,"downloads":[{"download":{"ID":57024,"id":57024,"title":"PU_883_PI_en_2023_06","filename":"PU_883_PI_en_2023_06.pdf","filesize":532575,"url":"https:\/\/dev.klb-koetztal.de\/app\/uploads\/2023\/06\/PU_883_PI_en_2023_06.pdf","link":"https:\/\/dev.klb-koetztal.de\/en\/?attachment_id=57024","alt":"","author":"7","description":"","caption":"","name":"pu_883_pi_en_2023_06-2","status":"inherit","uploaded_to":0,"date":"2023-06-12 08:00:14","modified":"2023-06-12 08:00:14","menu_order":0,"mime_type":"application\/pdf","type":"application","subtype":"pdf","icon":"https:\/\/dev.klb-koetztal.de\/wp\/wp-includes\/images\/media\/document.png"},"filename":"Product Information","protected":false,"doclang":"GB","externalkey":"Produktinformation","docpos":"2"},{"download":{"ID":57027,"id":57027,"title":"PU_883_PI_fr_2023_06","filename":"PU_883_PI_fr_2023_06.pdf","filesize":540730,"url":"https:\/\/dev.klb-koetztal.de\/app\/uploads\/2023\/06\/PU_883_PI_fr_2023_06.pdf","link":"https:\/\/dev.klb-koetztal.de\/en\/?attachment_id=57027","alt":"","author":"7","description":"","caption":"","name":"pu_883_pi_fr_2023_06-2","status":"inherit","uploaded_to":0,"date":"2023-06-12 08:00:15","modified":"2023-06-12 08:00:15","menu_order":0,"mime_type":"application\/pdf","type":"application","subtype":"pdf","icon":"https:\/\/dev.klb-koetztal.de\/wp\/wp-includes\/images\/media\/document.png"},"filename":"Information Produit FR","protected":false,"doclang":"FR","externalkey":"Produktinformation","docpos":"3"},{"download":{"ID":50193,"id":50193,"title":"Leistungserkl\u00e4rung - Statement of performance","filename":"PU883_LE_2019-04.pdf","filesize":819453,"url":"https:\/\/dev.klb-koetztal.de\/app\/uploads\/2022\/03\/PU883_LE_2019-04.pdf","link":"https:\/\/dev.klb-koetztal.de\/en\/?attachment_id=50193","alt":"","author":"7","description":"","caption":"","name":"pu883_le_2019-04","status":"inherit","uploaded_to":0,"date":"2022-03-14 10:07:58","modified":"2026-02-25 11:06:00","menu_order":0,"mime_type":"application\/pdf","type":"application","subtype":"pdf","icon":"https:\/\/dev.klb-koetztal.de\/wp\/wp-includes\/images\/media\/document.png"},"filename":"Statement of performance - Leistungserkl\u00e4rung","protected":false,"doclang":"Multi","externalkey":"Leistungserklaerung","docpos":"50"},{"download":{"ID":51335,"id":51335,"title":"EPD-Information","filename":"PU883_Umwelt-Deklaration_2022-06.pdf","filesize":2561869,"url":"https:\/\/dev.klb-koetztal.de\/app\/uploads\/2022\/06\/PU883_Umwelt-Deklaration_2022-06.pdf","link":"https:\/\/dev.klb-koetztal.de\/en\/?attachment_id=51335","alt":"","author":"7","description":"","caption":"","name":"pu883_umwelt-deklaration_2022-06","status":"inherit","uploaded_to":0,"date":"2022-06-30 12:48:25","modified":"2026-02-25 11:06:02","menu_order":0,"mime_type":"application\/pdf","type":"application","subtype":"pdf","icon":"https:\/\/dev.klb-koetztal.de\/wp\/wp-includes\/images\/media\/document.png"},"filename":"EPD - Environmental Product Declaration","protected":false,"doclang":"Multi","externalkey":"Umweltproduktdeklaration","docpos":"50"},{"download":false,"filename":"Safety data sheet","protected":true,"doclang":"GB","externalkey":"Sicherheitsdatenblatt","docpos":"2"},{"download":false,"filename":"Fiche de donn\u00e9es de s\u00e9curit\u00e9 FR","protected":true,"doclang":"FR","externalkey":"Sicherheitsdatenblatt","docpos":"3"},{"download":false,"filename":"Safety data sheet","protected":true,"doclang":"GB","externalkey":"Leistungserklaerung","docpos":"2"}],"einstellungen":null,"background_color":"bg-none","background_color_content":"bg-none"}},"included_in_systems":{"module_included_in_systems":{"":null,"background_color":"bg-gray-medium","background_color_content":"bg-none"}},"contact":{"module_contact":{"":null,"background_color":"bg-none","background_color_content":"bg-none"}},"ausschreibende":{"module_ausschreibende":{"andern_sie_den_inhalt_unter_universelle_elemente":null,"background_color":"bg-none","background_color_content":"bg-none"}}},"yoast_head":"<!-- This site is optimized with the Yoast SEO plugin v27.0 - https:\/\/yoast.com\/product\/yoast-seo-wordpress\/ -->\n<title>Coloured 2-comp. silky-gloss sealer PU 883 | KLB K\u00f6tztal<\/title>\n<meta name=\"description\" content=\"Pigmented, silky-gloss sealer PU 883 with UV and weather stability | KLB commercial floor \u2714\ufe0fgood cross-linking and wear resistance\" \/>\n<meta name=\"robots\" content=\"noindex, follow, max-snippet:-1, max-image-preview:large, max-video-preview:-1\" \/>\n<meta property=\"og:locale\" content=\"en_GB\" \/>\n<meta property=\"og:type\" content=\"article\" \/>\n<meta property=\"og:title\" content=\"Coloured 2-comp. silky-gloss sealer PU 883 | KLB K\u00f6tztal\" \/>\n<meta property=\"og:description\" content=\"Pigmented, silky-gloss sealer PU 883 with UV and weather stability | KLB commercial floor \u2714\ufe0fgood cross-linking and wear resistance\" \/>\n<meta property=\"og:url\" content=\"https:\/\/dev.klb-koetztal.de\/en\/produkt\/klb-system-polyurethan-pu-883\/\" \/>\n<meta property=\"og:site_name\" content=\"KLB K\u00f6tztal\" \/>\n<meta property=\"article:publisher\" content=\"https:\/\/www.facebook.com\/klbkoetztal\" \/>\n<meta property=\"article:modified_time\" content=\"2026-02-25T11:05:51+00:00\" \/>\n<meta property=\"og:image\" content=\"https:\/\/dev.klb-koetztal.de\/app\/uploads\/2022\/03\/PU883.jpg\" \/>\n\t<meta property=\"og:image:width\" content=\"500\" \/>\n\t<meta property=\"og:image:height\" content=\"500\" \/>\n\t<meta property=\"og:image:type\" content=\"image\/jpeg\" \/>\n<meta name=\"twitter:card\" content=\"summary_large_image\" \/>\n<script type=\"application\/ld+json\" class=\"yoast-schema-graph\">{\"@context\":\"https:\/\/schema.org\",\"@graph\":[{\"@type\":\"WebPage\",\"@id\":\"https:\/\/dev.klb-koetztal.de\/en\/produkt\/klb-system-polyurethan-pu-883\/\",\"url\":\"https:\/\/dev.klb-koetztal.de\/en\/produkt\/klb-system-polyurethan-pu-883\/\",\"name\":\"Coloured 2-comp. silky-gloss sealer PU 883 | KLB K\u00f6tztal\",\"isPartOf\":{\"@id\":\"https:\/\/dev.klb-koetztal.de\/en\/#website\"},\"primaryImageOfPage\":{\"@id\":\"https:\/\/dev.klb-koetztal.de\/en\/produkt\/klb-system-polyurethan-pu-883\/#primaryimage\"},\"image\":{\"@id\":\"https:\/\/dev.klb-koetztal.de\/en\/produkt\/klb-system-polyurethan-pu-883\/#primaryimage\"},\"thumbnailUrl\":\"https:\/\/dev.klb-koetztal.de\/app\/uploads\/2022\/03\/PU883.jpg\",\"datePublished\":\"2021-08-19T07:08:31+00:00\",\"dateModified\":\"2026-02-25T11:05:51+00:00\",\"description\":\"Pigmented, silky-gloss sealer PU 883 with UV and weather stability | KLB commercial floor \u2714\ufe0fgood cross-linking and wear resistance\",\"breadcrumb\":{\"@id\":\"https:\/\/dev.klb-koetztal.de\/en\/produkt\/klb-system-polyurethan-pu-883\/#breadcrumb\"},\"inLanguage\":\"en-GB\",\"potentialAction\":[{\"@type\":\"ReadAction\",\"target\":[\"https:\/\/dev.klb-koetztal.de\/en\/produkt\/klb-system-polyurethan-pu-883\/\"]}]},{\"@type\":\"ImageObject\",\"inLanguage\":\"en-GB\",\"@id\":\"https:\/\/dev.klb-koetztal.de\/en\/produkt\/klb-system-polyurethan-pu-883\/#primaryimage\",\"url\":\"https:\/\/dev.klb-koetztal.de\/app\/uploads\/2022\/03\/PU883.jpg\",\"contentUrl\":\"https:\/\/dev.klb-koetztal.de\/app\/uploads\/2022\/03\/PU883.jpg\",\"width\":500,\"height\":500},{\"@type\":\"BreadcrumbList\",\"@id\":\"https:\/\/dev.klb-koetztal.de\/en\/produkt\/klb-system-polyurethan-pu-883\/#breadcrumb\",\"itemListElement\":[{\"@type\":\"ListItem\",\"position\":1,\"name\":\"Startseite\",\"item\":\"https:\/\/dev.klb-koetztal.de\/en\/\"},{\"@type\":\"ListItem\",\"position\":2,\"name\":\"KLB-SYSTEM POLYURETHAN PU 883\"}]},{\"@type\":\"WebSite\",\"@id\":\"https:\/\/dev.klb-koetztal.de\/en\/#website\",\"url\":\"https:\/\/dev.klb-koetztal.de\/en\/\",\"name\":\"KLB K\u00f6tztal\",\"description\":\"Gute B\u00f6den haben ein System.\",\"potentialAction\":[{\"@type\":\"SearchAction\",\"target\":{\"@type\":\"EntryPoint\",\"urlTemplate\":\"https:\/\/dev.klb-koetztal.de\/en\/?s={search_term_string}\"},\"query-input\":{\"@type\":\"PropertyValueSpecification\",\"valueRequired\":true,\"valueName\":\"search_term_string\"}}],\"inLanguage\":\"en-GB\"}]}<\/script>\n<!-- \/ Yoast SEO plugin. -->","yoast_head_json":{"title":"Coloured 2-comp. silky-gloss sealer PU 883 | KLB K\u00f6tztal","description":"Pigmented, silky-gloss sealer PU 883 with UV and weather stability | KLB commercial floor \u2714\ufe0fgood cross-linking and wear resistance","robots":{"index":"noindex","follow":"follow","max-snippet":"max-snippet:-1","max-image-preview":"max-image-preview:large","max-video-preview":"max-video-preview:-1"},"og_locale":"en_GB","og_type":"article","og_title":"Coloured 2-comp. silky-gloss sealer PU 883 | KLB K\u00f6tztal","og_description":"Pigmented, silky-gloss sealer PU 883 with UV and weather stability | KLB commercial floor \u2714\ufe0fgood cross-linking and wear resistance","og_url":"https:\/\/dev.klb-koetztal.de\/en\/produkt\/klb-system-polyurethan-pu-883\/","og_site_name":"KLB K\u00f6tztal","article_publisher":"https:\/\/www.facebook.com\/klbkoetztal","article_modified_time":"2026-02-25T11:05:51+00:00","og_image":[{"width":500,"height":500,"url":"https:\/\/dev.klb-koetztal.de\/app\/uploads\/2022\/03\/PU883.jpg","type":"image\/jpeg"}],"twitter_card":"summary_large_image","schema":{"@context":"https:\/\/schema.org","@graph":[{"@type":"WebPage","@id":"https:\/\/dev.klb-koetztal.de\/en\/produkt\/klb-system-polyurethan-pu-883\/","url":"https:\/\/dev.klb-koetztal.de\/en\/produkt\/klb-system-polyurethan-pu-883\/","name":"Coloured 2-comp. silky-gloss sealer PU 883 | KLB K\u00f6tztal","isPartOf":{"@id":"https:\/\/dev.klb-koetztal.de\/en\/#website"},"primaryImageOfPage":{"@id":"https:\/\/dev.klb-koetztal.de\/en\/produkt\/klb-system-polyurethan-pu-883\/#primaryimage"},"image":{"@id":"https:\/\/dev.klb-koetztal.de\/en\/produkt\/klb-system-polyurethan-pu-883\/#primaryimage"},"thumbnailUrl":"https:\/\/dev.klb-koetztal.de\/app\/uploads\/2022\/03\/PU883.jpg","datePublished":"2021-08-19T07:08:31+00:00","dateModified":"2026-02-25T11:05:51+00:00","description":"Pigmented, silky-gloss sealer PU 883 with UV and weather stability | KLB commercial floor \u2714\ufe0fgood cross-linking and wear resistance","breadcrumb":{"@id":"https:\/\/dev.klb-koetztal.de\/en\/produkt\/klb-system-polyurethan-pu-883\/#breadcrumb"},"inLanguage":"en-GB","potentialAction":[{"@type":"ReadAction","target":["https:\/\/dev.klb-koetztal.de\/en\/produkt\/klb-system-polyurethan-pu-883\/"]}]},{"@type":"ImageObject","inLanguage":"en-GB","@id":"https:\/\/dev.klb-koetztal.de\/en\/produkt\/klb-system-polyurethan-pu-883\/#primaryimage","url":"https:\/\/dev.klb-koetztal.de\/app\/uploads\/2022\/03\/PU883.jpg","contentUrl":"https:\/\/dev.klb-koetztal.de\/app\/uploads\/2022\/03\/PU883.jpg","width":500,"height":500},{"@type":"BreadcrumbList","@id":"https:\/\/dev.klb-koetztal.de\/en\/produkt\/klb-system-polyurethan-pu-883\/#breadcrumb","itemListElement":[{"@type":"ListItem","position":1,"name":"Startseite","item":"https:\/\/dev.klb-koetztal.de\/en\/"},{"@type":"ListItem","position":2,"name":"KLB-SYSTEM POLYURETHAN PU 883"}]},{"@type":"WebSite","@id":"https:\/\/dev.klb-koetztal.de\/en\/#website","url":"https:\/\/dev.klb-koetztal.de\/en\/","name":"KLB K\u00f6tztal","description":"Gute B\u00f6den haben ein System.","potentialAction":[{"@type":"SearchAction","target":{"@type":"EntryPoint","urlTemplate":"https:\/\/dev.klb-koetztal.de\/en\/?s={search_term_string}"},"query-input":{"@type":"PropertyValueSpecification","valueRequired":true,"valueName":"search_term_string"}}],"inLanguage":"en-GB"}]}},"_links":{"self":[{"href":"https:\/\/dev.klb-koetztal.de\/en\/wp-json\/wp\/v2\/product\/46730","targetHints":{"allow":["GET"]}}],"collection":[{"href":"https:\/\/dev.klb-koetztal.de\/en\/wp-json\/wp\/v2\/product"}],"about":[{"href":"https:\/\/dev.klb-koetztal.de\/en\/wp-json\/wp\/v2\/types\/product"}],"wp:featuredmedia":[{"embeddable":true,"href":"https:\/\/dev.klb-koetztal.de\/en\/wp-json\/wp\/v2\/media\/50192"}],"wp:attachment":[{"href":"https:\/\/dev.klb-koetztal.de\/en\/wp-json\/wp\/v2\/media?parent=46730"}],"wp:term":[{"taxonomy":"product_brand","embeddable":true,"href":"https:\/\/dev.klb-koetztal.de\/en\/wp-json\/wp\/v2\/product_brand?post=46730"},{"taxonomy":"product_cat","embeddable":true,"href":"https:\/\/dev.klb-koetztal.de\/en\/wp-json\/wp\/v2\/product_cat?post=46730"},{"taxonomy":"product_tag","embeddable":true,"href":"https:\/\/dev.klb-koetztal.de\/en\/wp-json\/wp\/v2\/product_tag?post=46730"}],"curies":[{"name":"wp","href":"https:\/\/api.w.org\/{rel}","templated":true}]}}