{"id":46720,"date":"2021-08-19T09:05:38","date_gmt":"2021-08-19T07:05:38","guid":{"rendered":"https:\/\/dev.klb-koetztal.de\/produkt\/klb-system-polyurethan-pu-425-comfort\/"},"modified":"2026-03-16T14:11:24","modified_gmt":"2026-03-16T13:11:24","slug":"klb-system-polyurethan-pu-425-comfort","status":"publish","type":"product","link":"https:\/\/dev.klb-koetztal.de\/en\/produkt\/klb-system-polyurethan-pu-425-comfort\/","title":{"rendered":"KLB-SYSTEM POLYURETHAN PU 425 Comfort"},"content":{"rendered":"","protected":false},"excerpt":{"rendered":"<p>Low-emission, plain-coloured 2-component polyurethane coating for smooth, elastic coverings. To be used in combination with KLB-SYSTEM POLYURETHAN PU 430 Silent for high-quality floor coverings with high walking comfort and good impact sound reduction.&#160;<br \/>\nCompliant with AgBB&#160;for recreation rooms. Certified according to Eurofins &#8220;Indoor Air Comfort Gold&#8221; as particularly low-emission.<br \/>\nNot colour-stable!<\/p>\n","protected":false},"featured_media":50133,"template":"","meta":{"_acf_changed":false},"product_brand":[],"product_cat":[9609,9611],"product_tag":[],"class_list":{"0":"post-46720","1":"product","2":"type-product","3":"status-publish","4":"has-post-thumbnail","6":"product_cat-coatings","7":"product_cat-2-component-polyurethane-coatings-comfortable-coatings","9":"first","10":"instock","11":"shipping-taxable","12":"product-type-simple"},"acf":{"product_header":{"module_product_header":{"":null,"prototype_headline":{"headline":"KLB-SYSTEM POLYURETHAN PU 425 Comfort","h1":true,"subheadline":"Low-emission, plain-coloured 2-component polyurethane coating for elastic, comfortable floorings. To&#160;be used in combination with KLB-SYSTEM POLYURETHAN PU 430 Silent&#160;for high-quality floor coverings with high walking comfort and good impact sound reduction.&#160;","anchor":"","url":""},"grid_text_slider":false,"grid_text_content":[{"text":"<p class=\"product-short-title\" style=\"text-align: center;\"><strong>Brief description<\/strong><\/p>\n<p>Low-emission, plain-coloured 2-component polyurethane coating for smooth, elastic coverings. To be used in combination with KLB-SYSTEM POLYURETHAN PU 430 Silent for high-quality floor coverings with high walking comfort and good impact sound reduction.&#160;<\/p>\n<p>Compliant with AgBB&#160;for recreation rooms. Certified according to Eurofins &#8220;Indoor Air Comfort Gold&#8221; as particularly low-emission.<\/p>\n<p>Not colour-stable!<\/p>\n","width":"4","background_color_text":"bg-white","border_color":"border-gray-light"},{"text":"<p class=\"product-sicing-title\" style=\"text-align: center;\"><strong>Packaging units<\/strong><\/p>\n<ul>\n<li>AK6115-50 &#8211; Bucket combo 10.00 kg<\/li>\n<li>AK6115-30 &#8211; Hobbock combo 30.00 kg<\/li>\n<\/ul>\n<p><\/p>\n<p>Please do not hesitate to contact us directly for enquiries about larger delivery quantities or packaging units.<\/p>\n\n","width":"4","background_color_text":"bg-white","border_color":"border-gray-light"},{"text":"<p class=\"product-attr-title\" style=\"text-align: center;\"><strong>Properties<\/strong><\/p>\n<ul>\n<li>tested, low-emission quality<\/li>\n<li>insulating impact sound<\/li>\n<li>comfortable<\/li>\n<li>good processing properties<\/li>\n<li>good resilience<\/li>\n<li>free of deleterious substances against varnish<\/li>\n<li>mechanically resistant<\/li>\n<li>Total Solid according to GISCODE (Test method &#8220;Deutsche Bauchemie&#8221;)<\/li>\n<\/ul>\n","width":"4","background_color_text":"bg-white","border_color":"border-gray-light"}],"background_color":"bg-none","background_color_content":"bg-none"}},"downloads":{"module_download_list":{"inhalt":null,"downloads":[{"download":{"ID":68363,"id":68363,"title":"PU_425_Comfort_PI_en_2025_12","filename":"PU_425_Comfort_PI_en_2025_12.pdf","filesize":839938,"url":"https:\/\/dev.klb-koetztal.de\/app\/uploads\/2025\/12\/PU_425_Comfort_PI_en_2025_12.pdf","link":"https:\/\/dev.klb-koetztal.de\/en\/?attachment_id=68363","alt":"","author":"7","description":"","caption":"","name":"pu_425_comfort_pi_en_2025_12-2","status":"inherit","uploaded_to":0,"date":"2025-12-11 17:14:34","modified":"2025-12-11 17:14:34","menu_order":0,"mime_type":"application\/pdf","type":"application","subtype":"pdf","icon":"https:\/\/dev.klb-koetztal.de\/wp\/wp-includes\/images\/media\/document.png"},"filename":"Product Information","protected":false,"doclang":"GB","externalkey":"Produktinformation","docpos":"2"},{"download":{"ID":68366,"id":68366,"title":"PU_425_Comfort_PI_fr_2025_12","filename":"PU_425_Comfort_PI_fr_2025_12.pdf","filesize":845512,"url":"https:\/\/dev.klb-koetztal.de\/app\/uploads\/2025\/12\/PU_425_Comfort_PI_fr_2025_12.pdf","link":"https:\/\/dev.klb-koetztal.de\/en\/?attachment_id=68366","alt":"","author":"7","description":"","caption":"","name":"pu_425_comfort_pi_fr_2025_12-2","status":"inherit","uploaded_to":0,"date":"2025-12-11 17:14:36","modified":"2025-12-11 17:14:36","menu_order":0,"mime_type":"application\/pdf","type":"application","subtype":"pdf","icon":"https:\/\/dev.klb-koetztal.de\/wp\/wp-includes\/images\/media\/document.png"},"filename":"Information Produit FR","protected":false,"doclang":"FR","externalkey":"Produktinformation","docpos":"3"},{"download":{"ID":50135,"id":50135,"title":"Leistungserkl\u00e4rung - Statement of performance","filename":"PU425_C_LE_2013-04.pdf","filesize":171088,"url":"https:\/\/dev.klb-koetztal.de\/app\/uploads\/2022\/03\/PU425_C_LE_2013-04.pdf","link":"https:\/\/dev.klb-koetztal.de\/en\/?attachment_id=50135","alt":"","author":"7","description":"","caption":"","name":"pu425_c_le_2013-04","status":"inherit","uploaded_to":0,"date":"2022-03-14 10:06:45","modified":"2026-03-16 13:11:31","menu_order":0,"mime_type":"application\/pdf","type":"application","subtype":"pdf","icon":"https:\/\/dev.klb-koetztal.de\/wp\/wp-includes\/images\/media\/document.png"},"filename":"Statement of performance - Leistungserkl\u00e4rung","protected":false,"doclang":"Multi","externalkey":"Leistungserklaerung","docpos":"50"},{"download":{"ID":51316,"id":51316,"title":"EPD-Information","filename":"PU425_Comfort_Umwelt-Deklaration_2022-06.pdf","filesize":2561414,"url":"https:\/\/dev.klb-koetztal.de\/app\/uploads\/2022\/06\/PU425_Comfort_Umwelt-Deklaration_2022-06.pdf","link":"https:\/\/dev.klb-koetztal.de\/en\/?attachment_id=51316","alt":"","author":"7","description":"","caption":"","name":"pu425_comfort_umwelt-deklaration_2022-06","status":"inherit","uploaded_to":0,"date":"2022-06-30 12:33:10","modified":"2026-03-16 13:11:40","menu_order":0,"mime_type":"application\/pdf","type":"application","subtype":"pdf","icon":"https:\/\/dev.klb-koetztal.de\/wp\/wp-includes\/images\/media\/document.png"},"filename":"EPD - Environmental Product Declaration","protected":false,"doclang":"Multi","externalkey":"Umweltproduktdeklaration","docpos":"50"},{"download":false,"filename":"Safety data sheet","protected":true,"doclang":"GB","externalkey":"Sicherheitsdatenblatt","docpos":"2"},{"download":false,"filename":"Fiche de donn\u00e9es de s\u00e9curit\u00e9 FR","protected":true,"doclang":"FR","externalkey":"Sicherheitsdatenblatt","docpos":"3"}],"einstellungen":null,"background_color":"bg-none","background_color_content":"bg-none"}},"included_in_systems":{"module_included_in_systems":{"":null,"background_color":"bg-gray-medium","background_color_content":"bg-none"}},"contact":{"module_contact":{"":null,"background_color":"bg-none","background_color_content":"bg-none"}},"ausschreibende":{"module_ausschreibende":{"andern_sie_den_inhalt_unter_universelle_elemente":null,"background_color":"bg-none","background_color_content":"bg-none"}}},"yoast_head":"<!-- This site is optimized with the Yoast SEO plugin v27.0 - https:\/\/yoast.com\/product\/yoast-seo-wordpress\/ -->\n<title>Low-emission, elastic coating PU 425 Comfort | KLB K\u00f6tztal<\/title>\n<meta name=\"description\" content=\"Low-VOC, plain-coloured, smooth, elastic coating PU 425 Comfort for studios, surgeries, kindergardens, etc. | KLB floors \u2714\ufe0f AgBB-compliant, Eurofins\" \/>\n<meta name=\"robots\" content=\"noindex, follow, max-snippet:-1, max-image-preview:large, max-video-preview:-1\" \/>\n<meta property=\"og:locale\" content=\"en_GB\" \/>\n<meta property=\"og:type\" content=\"article\" \/>\n<meta property=\"og:title\" content=\"Low-emission, elastic coating PU 425 Comfort | KLB K\u00f6tztal\" \/>\n<meta property=\"og:description\" content=\"Low-VOC, plain-coloured, smooth, elastic coating PU 425 Comfort for studios, surgeries, kindergardens, etc. | KLB floors \u2714\ufe0f AgBB-compliant, Eurofins\" \/>\n<meta property=\"og:url\" content=\"https:\/\/dev.klb-koetztal.de\/en\/produkt\/klb-system-polyurethan-pu-425-comfort\/\" \/>\n<meta property=\"og:site_name\" content=\"KLB K\u00f6tztal\" \/>\n<meta property=\"article:publisher\" content=\"https:\/\/www.facebook.com\/klbkoetztal\" \/>\n<meta property=\"article:modified_time\" content=\"2026-03-16T13:11:24+00:00\" \/>\n<meta property=\"og:image\" content=\"https:\/\/dev.klb-koetztal.de\/app\/uploads\/2022\/03\/PU425_C.jpg\" \/>\n\t<meta property=\"og:image:width\" content=\"500\" \/>\n\t<meta property=\"og:image:height\" content=\"500\" \/>\n\t<meta property=\"og:image:type\" content=\"image\/jpeg\" \/>\n<meta name=\"twitter:card\" content=\"summary_large_image\" \/>\n<script type=\"application\/ld+json\" class=\"yoast-schema-graph\">{\"@context\":\"https:\/\/schema.org\",\"@graph\":[{\"@type\":\"WebPage\",\"@id\":\"https:\/\/dev.klb-koetztal.de\/en\/produkt\/klb-system-polyurethan-pu-425-comfort\/\",\"url\":\"https:\/\/dev.klb-koetztal.de\/en\/produkt\/klb-system-polyurethan-pu-425-comfort\/\",\"name\":\"Low-emission, elastic coating PU 425 Comfort | KLB K\u00f6tztal\",\"isPartOf\":{\"@id\":\"https:\/\/dev.klb-koetztal.de\/en\/#website\"},\"primaryImageOfPage\":{\"@id\":\"https:\/\/dev.klb-koetztal.de\/en\/produkt\/klb-system-polyurethan-pu-425-comfort\/#primaryimage\"},\"image\":{\"@id\":\"https:\/\/dev.klb-koetztal.de\/en\/produkt\/klb-system-polyurethan-pu-425-comfort\/#primaryimage\"},\"thumbnailUrl\":\"https:\/\/dev.klb-koetztal.de\/app\/uploads\/2022\/03\/PU425_C.jpg\",\"datePublished\":\"2021-08-19T07:05:38+00:00\",\"dateModified\":\"2026-03-16T13:11:24+00:00\",\"description\":\"Low-VOC, plain-coloured, smooth, elastic coating PU 425 Comfort for studios, surgeries, kindergardens, etc. | KLB floors \u2714\ufe0f AgBB-compliant, Eurofins\",\"breadcrumb\":{\"@id\":\"https:\/\/dev.klb-koetztal.de\/en\/produkt\/klb-system-polyurethan-pu-425-comfort\/#breadcrumb\"},\"inLanguage\":\"en-GB\",\"potentialAction\":[{\"@type\":\"ReadAction\",\"target\":[\"https:\/\/dev.klb-koetztal.de\/en\/produkt\/klb-system-polyurethan-pu-425-comfort\/\"]}]},{\"@type\":\"ImageObject\",\"inLanguage\":\"en-GB\",\"@id\":\"https:\/\/dev.klb-koetztal.de\/en\/produkt\/klb-system-polyurethan-pu-425-comfort\/#primaryimage\",\"url\":\"https:\/\/dev.klb-koetztal.de\/app\/uploads\/2022\/03\/PU425_C.jpg\",\"contentUrl\":\"https:\/\/dev.klb-koetztal.de\/app\/uploads\/2022\/03\/PU425_C.jpg\",\"width\":500,\"height\":500},{\"@type\":\"BreadcrumbList\",\"@id\":\"https:\/\/dev.klb-koetztal.de\/en\/produkt\/klb-system-polyurethan-pu-425-comfort\/#breadcrumb\",\"itemListElement\":[{\"@type\":\"ListItem\",\"position\":1,\"name\":\"Startseite\",\"item\":\"https:\/\/dev.klb-koetztal.de\/en\/\"},{\"@type\":\"ListItem\",\"position\":2,\"name\":\"KLB-SYSTEM POLYURETHAN PU 425 Comfort\"}]},{\"@type\":\"WebSite\",\"@id\":\"https:\/\/dev.klb-koetztal.de\/en\/#website\",\"url\":\"https:\/\/dev.klb-koetztal.de\/en\/\",\"name\":\"KLB K\u00f6tztal\",\"description\":\"Gute B\u00f6den haben ein System.\",\"potentialAction\":[{\"@type\":\"SearchAction\",\"target\":{\"@type\":\"EntryPoint\",\"urlTemplate\":\"https:\/\/dev.klb-koetztal.de\/en\/?s={search_term_string}\"},\"query-input\":{\"@type\":\"PropertyValueSpecification\",\"valueRequired\":true,\"valueName\":\"search_term_string\"}}],\"inLanguage\":\"en-GB\"}]}<\/script>\n<!-- \/ Yoast SEO plugin. -->","yoast_head_json":{"title":"Low-emission, elastic coating PU 425 Comfort | KLB K\u00f6tztal","description":"Low-VOC, plain-coloured, smooth, elastic coating PU 425 Comfort for studios, surgeries, kindergardens, etc. | KLB floors \u2714\ufe0f AgBB-compliant, Eurofins","robots":{"index":"noindex","follow":"follow","max-snippet":"max-snippet:-1","max-image-preview":"max-image-preview:large","max-video-preview":"max-video-preview:-1"},"og_locale":"en_GB","og_type":"article","og_title":"Low-emission, elastic coating PU 425 Comfort | KLB K\u00f6tztal","og_description":"Low-VOC, plain-coloured, smooth, elastic coating PU 425 Comfort for studios, surgeries, kindergardens, etc. | KLB floors \u2714\ufe0f AgBB-compliant, Eurofins","og_url":"https:\/\/dev.klb-koetztal.de\/en\/produkt\/klb-system-polyurethan-pu-425-comfort\/","og_site_name":"KLB K\u00f6tztal","article_publisher":"https:\/\/www.facebook.com\/klbkoetztal","article_modified_time":"2026-03-16T13:11:24+00:00","og_image":[{"width":500,"height":500,"url":"https:\/\/dev.klb-koetztal.de\/app\/uploads\/2022\/03\/PU425_C.jpg","type":"image\/jpeg"}],"twitter_card":"summary_large_image","schema":{"@context":"https:\/\/schema.org","@graph":[{"@type":"WebPage","@id":"https:\/\/dev.klb-koetztal.de\/en\/produkt\/klb-system-polyurethan-pu-425-comfort\/","url":"https:\/\/dev.klb-koetztal.de\/en\/produkt\/klb-system-polyurethan-pu-425-comfort\/","name":"Low-emission, elastic coating PU 425 Comfort | KLB K\u00f6tztal","isPartOf":{"@id":"https:\/\/dev.klb-koetztal.de\/en\/#website"},"primaryImageOfPage":{"@id":"https:\/\/dev.klb-koetztal.de\/en\/produkt\/klb-system-polyurethan-pu-425-comfort\/#primaryimage"},"image":{"@id":"https:\/\/dev.klb-koetztal.de\/en\/produkt\/klb-system-polyurethan-pu-425-comfort\/#primaryimage"},"thumbnailUrl":"https:\/\/dev.klb-koetztal.de\/app\/uploads\/2022\/03\/PU425_C.jpg","datePublished":"2021-08-19T07:05:38+00:00","dateModified":"2026-03-16T13:11:24+00:00","description":"Low-VOC, plain-coloured, smooth, elastic coating PU 425 Comfort for studios, surgeries, kindergardens, etc. | KLB floors \u2714\ufe0f AgBB-compliant, Eurofins","breadcrumb":{"@id":"https:\/\/dev.klb-koetztal.de\/en\/produkt\/klb-system-polyurethan-pu-425-comfort\/#breadcrumb"},"inLanguage":"en-GB","potentialAction":[{"@type":"ReadAction","target":["https:\/\/dev.klb-koetztal.de\/en\/produkt\/klb-system-polyurethan-pu-425-comfort\/"]}]},{"@type":"ImageObject","inLanguage":"en-GB","@id":"https:\/\/dev.klb-koetztal.de\/en\/produkt\/klb-system-polyurethan-pu-425-comfort\/#primaryimage","url":"https:\/\/dev.klb-koetztal.de\/app\/uploads\/2022\/03\/PU425_C.jpg","contentUrl":"https:\/\/dev.klb-koetztal.de\/app\/uploads\/2022\/03\/PU425_C.jpg","width":500,"height":500},{"@type":"BreadcrumbList","@id":"https:\/\/dev.klb-koetztal.de\/en\/produkt\/klb-system-polyurethan-pu-425-comfort\/#breadcrumb","itemListElement":[{"@type":"ListItem","position":1,"name":"Startseite","item":"https:\/\/dev.klb-koetztal.de\/en\/"},{"@type":"ListItem","position":2,"name":"KLB-SYSTEM POLYURETHAN PU 425 Comfort"}]},{"@type":"WebSite","@id":"https:\/\/dev.klb-koetztal.de\/en\/#website","url":"https:\/\/dev.klb-koetztal.de\/en\/","name":"KLB K\u00f6tztal","description":"Gute B\u00f6den haben ein System.","potentialAction":[{"@type":"SearchAction","target":{"@type":"EntryPoint","urlTemplate":"https:\/\/dev.klb-koetztal.de\/en\/?s={search_term_string}"},"query-input":{"@type":"PropertyValueSpecification","valueRequired":true,"valueName":"search_term_string"}}],"inLanguage":"en-GB"}]}},"_links":{"self":[{"href":"https:\/\/dev.klb-koetztal.de\/en\/wp-json\/wp\/v2\/product\/46720","targetHints":{"allow":["GET"]}}],"collection":[{"href":"https:\/\/dev.klb-koetztal.de\/en\/wp-json\/wp\/v2\/product"}],"about":[{"href":"https:\/\/dev.klb-koetztal.de\/en\/wp-json\/wp\/v2\/types\/product"}],"wp:featuredmedia":[{"embeddable":true,"href":"https:\/\/dev.klb-koetztal.de\/en\/wp-json\/wp\/v2\/media\/50133"}],"wp:attachment":[{"href":"https:\/\/dev.klb-koetztal.de\/en\/wp-json\/wp\/v2\/media?parent=46720"}],"wp:term":[{"taxonomy":"product_brand","embeddable":true,"href":"https:\/\/dev.klb-koetztal.de\/en\/wp-json\/wp\/v2\/product_brand?post=46720"},{"taxonomy":"product_cat","embeddable":true,"href":"https:\/\/dev.klb-koetztal.de\/en\/wp-json\/wp\/v2\/product_cat?post=46720"},{"taxonomy":"product_tag","embeddable":true,"href":"https:\/\/dev.klb-koetztal.de\/en\/wp-json\/wp\/v2\/product_tag?post=46720"}],"curies":[{"name":"wp","href":"https:\/\/api.w.org\/{rel}","templated":true}]}}