{"id":46716,"date":"2021-08-19T09:04:15","date_gmt":"2021-08-19T07:04:15","guid":{"rendered":"https:\/\/dev.klb-koetztal.de\/produkt\/klb-system-polyurethan-pu-5000-rx\/"},"modified":"2026-02-25T11:53:12","modified_gmt":"2026-02-25T10:53:12","slug":"klb-system-polyurethan-pu-5000-rx","status":"publish","type":"product","link":"https:\/\/dev.klb-koetztal.de\/en\/produkt\/klb-system-polyurethan-pu-5000-rx\/","title":{"rendered":"KLB-SYSTEM POLYURETHAN PU 5000 RX"},"content":{"rendered":"","protected":false},"excerpt":{"rendered":"<p>Solvent-free, colour-stable 2-component polyurethane sealing resin to be used in combination with RX scattering component for rapid-setting, slip-resistant floor coatings.<br \/>\nParticularly suitable for parking lots, garages, porches and commercially used surfaces in interior or exterior areas. Can be used again without restrictions after 2 to 6 hours.<br \/>\nScattering material and PU-Beschleuniger 12 (accelerator) must be ordered separately!<\/p>\n","protected":false},"featured_media":50101,"template":"","meta":{"_acf_changed":false},"product_brand":[],"product_cat":[9609,9639,9611],"product_tag":[],"class_list":{"0":"post-46716","1":"product","2":"type-product","3":"status-publish","4":"has-post-thumbnail","6":"product_cat-coatings","7":"product_cat-car-park-coatings-including-rapid-setting","8":"product_cat-2-component-polyurethane-coatings-comfortable-coatings","10":"first","11":"instock","12":"shipping-taxable","13":"product-type-simple"},"acf":{"product_header":{"module_product_header":{"":null,"prototype_headline":{"headline":"KLB-SYSTEM POLYURETHAN PU 5000 RX","h1":true,"subheadline":"Very rapid-setting, slip-resistant&#160;2-component polyurethane resin coating, light-stable","anchor":"","url":""},"grid_text_slider":false,"grid_text_content":[{"text":"<p class=\"product-short-title\" style=\"text-align: center;\"><strong>Brief description<\/strong><\/p>\n<p>Solvent-free, colour-stable 2-component polyurethane sealing resin to be used in combination with RX scattering component for rapid-setting, slip-resistant floor coatings.<\/p>\n<p>Particularly suitable for parking lots, garages, porches and commercially used surfaces in interior or exterior areas. Can be used again without restrictions after 2 to 6 hours.<\/p>\n<p>Scattering material and PU-Beschleuniger 12 (accelerator) must be ordered separately!<\/p>\n","width":"4","background_color_text":"bg-white","border_color":"border-gray-light"},{"text":"<p class=\"product-sicing-title\" style=\"text-align: center;\"><strong>Packaging units<\/strong><\/p>\n<ul>\n<li>AK6400-70 &#8211; Bucket combo 12.00 kg<\/li>\n<\/ul>\n<p><\/p>\n<p>Please do not hesitate to contact us directly for enquiries about larger delivery quantities or packaging units.<\/p>\n\n","width":"4","background_color_text":"bg-white","border_color":"border-gray-light"},{"text":"<p class=\"product-attr-title\" style=\"text-align: center;\"><strong>Properties<\/strong><\/p>\n<ul>\n<li>rapid-setting<\/li>\n<li>accessible after 2 &#8211; 6 hours<\/li>\n<li>good resistance to water and chemicals<\/li>\n<li>light-stable for the most part<\/li>\n<li>slip-resistant<\/li>\n<li>jointless coating<\/li>\n<li>high mechanical resistance<\/li>\n<li>resistant to abrasion and wear<\/li>\n<li>Total Solid according to GISCODE (Test method &#8220;Deutsche Bauchemie&#8221;)<\/li>\n<\/ul>\n","width":"4","background_color_text":"bg-white","border_color":"border-gray-light"}],"background_color":"bg-none","background_color_content":"bg-none"}},"downloads":{"module_download_list":{"inhalt":null,"downloads":[{"download":{"ID":61253,"id":61253,"title":"PU_5000_RX_Abstreukomponente_PI_en_2024_04","filename":"PU_5000_RX_Abstreukomponente_PI_en_2024_04.pdf","filesize":158894,"url":"https:\/\/dev.klb-koetztal.de\/app\/uploads\/2024\/04\/PU_5000_RX_Abstreukomponente_PI_en_2024_04.pdf","link":"https:\/\/dev.klb-koetztal.de\/en\/?attachment_id=61253","alt":"","author":"7","description":"","caption":"","name":"pu_5000_rx_abstreukomponente_pi_en_2024_04-2","status":"inherit","uploaded_to":0,"date":"2024-04-25 06:50:24","modified":"2024-04-25 06:50:24","menu_order":0,"mime_type":"application\/pdf","type":"application","subtype":"pdf","icon":"https:\/\/dev.klb-koetztal.de\/wp\/wp-includes\/images\/media\/document.png"},"filename":"Product Information","protected":false,"doclang":"GB","externalkey":"Produktinformation","docpos":"2"},{"download":{"ID":61250,"id":61250,"title":"PU_5000_RX_Abstreukomponente_PI_fr_2024_04","filename":"PU_5000_RX_Abstreukomponente_PI_fr_2024_04.pdf","filesize":161288,"url":"https:\/\/dev.klb-koetztal.de\/app\/uploads\/2024\/04\/PU_5000_RX_Abstreukomponente_PI_fr_2024_04.pdf","link":"https:\/\/dev.klb-koetztal.de\/en\/?attachment_id=61250","alt":"","author":"7","description":"","caption":"","name":"pu_5000_rx_abstreukomponente_pi_fr_2024_04-2","status":"inherit","uploaded_to":0,"date":"2024-04-25 06:50:22","modified":"2024-04-25 06:50:22","menu_order":0,"mime_type":"application\/pdf","type":"application","subtype":"pdf","icon":"https:\/\/dev.klb-koetztal.de\/wp\/wp-includes\/images\/media\/document.png"},"filename":"Information Produit FR","protected":false,"doclang":"FR","externalkey":"Produktinformation","docpos":"3"},{"download":{"ID":64041,"id":64041,"title":"PU_5000_RX_PI_en_2024_12","filename":"PU_5000_RX_PI_en_2024_12.pdf","filesize":594452,"url":"https:\/\/dev.klb-koetztal.de\/app\/uploads\/2024\/12\/PU_5000_RX_PI_en_2024_12.pdf","link":"https:\/\/dev.klb-koetztal.de\/en\/?attachment_id=64041","alt":"","author":"7","description":"","caption":"","name":"pu_5000_rx_pi_en_2024_12-2","status":"inherit","uploaded_to":0,"date":"2024-12-18 09:30:24","modified":"2024-12-18 09:30:24","menu_order":0,"mime_type":"application\/pdf","type":"application","subtype":"pdf","icon":"https:\/\/dev.klb-koetztal.de\/wp\/wp-includes\/images\/media\/document.png"},"filename":"Product Information","protected":false,"doclang":"GB","externalkey":"Produktinformation","docpos":"2"},{"download":{"ID":64044,"id":64044,"title":"PU_5000_RX_PI_fr_2024_12","filename":"PU_5000_RX_PI_fr_2024_12.pdf","filesize":602998,"url":"https:\/\/dev.klb-koetztal.de\/app\/uploads\/2024\/12\/PU_5000_RX_PI_fr_2024_12.pdf","link":"https:\/\/dev.klb-koetztal.de\/en\/?attachment_id=64044","alt":"","author":"7","description":"","caption":"","name":"pu_5000_rx_pi_fr_2024_12-2","status":"inherit","uploaded_to":0,"date":"2024-12-18 09:30:26","modified":"2024-12-18 09:30:26","menu_order":0,"mime_type":"application\/pdf","type":"application","subtype":"pdf","icon":"https:\/\/dev.klb-koetztal.de\/wp\/wp-includes\/images\/media\/document.png"},"filename":"Information Produit FR","protected":false,"doclang":"FR","externalkey":"Produktinformation","docpos":"3"},{"download":{"ID":50103,"id":50103,"title":"Leistungserkl\u00e4rung - Statement of performance","filename":"PU5000_RX_LE_2018-01.pdf","filesize":228114,"url":"https:\/\/dev.klb-koetztal.de\/app\/uploads\/2022\/03\/PU5000_RX_LE_2018-01.pdf","link":"https:\/\/dev.klb-koetztal.de\/en\/?attachment_id=50103","alt":"","author":"7","description":"","caption":"","name":"pu5000_rx_le_2018-01","status":"inherit","uploaded_to":0,"date":"2022-03-14 10:06:09","modified":"2026-02-25 10:53:27","menu_order":0,"mime_type":"application\/pdf","type":"application","subtype":"pdf","icon":"https:\/\/dev.klb-koetztal.de\/wp\/wp-includes\/images\/media\/document.png"},"filename":"Statement of performance - Leistungserkl\u00e4rung","protected":false,"doclang":"Multi","externalkey":"Leistungserklaerung","docpos":"50"},{"download":{"ID":51326,"id":51326,"title":"EPD-Information","filename":"PU5000_RX_Umwelt-Deklaration_2022-06.pdf","filesize":2559660,"url":"https:\/\/dev.klb-koetztal.de\/app\/uploads\/2022\/06\/PU5000_RX_Umwelt-Deklaration_2022-06.pdf","link":"https:\/\/dev.klb-koetztal.de\/en\/?attachment_id=51326","alt":"","author":"7","description":"","caption":"","name":"pu5000_rx_umwelt-deklaration_2022-06","status":"inherit","uploaded_to":0,"date":"2022-06-30 12:42:59","modified":"2026-02-25 10:53:32","menu_order":0,"mime_type":"application\/pdf","type":"application","subtype":"pdf","icon":"https:\/\/dev.klb-koetztal.de\/wp\/wp-includes\/images\/media\/document.png"},"filename":"EPD - Environmental Product Declaration","protected":false,"doclang":"Multi","externalkey":"Umweltproduktdeklaration","docpos":"50"},{"download":false,"filename":"Safety data sheet","protected":true,"doclang":"GB","externalkey":"Sicherheitsdatenblatt","docpos":"2"},{"download":false,"filename":"Fiche de donn\u00e9es de s\u00e9curit\u00e9 FR","protected":true,"doclang":"FR","externalkey":"Sicherheitsdatenblatt","docpos":"3"}],"einstellungen":null,"background_color":"bg-none","background_color_content":"bg-none"}},"included_in_systems":{"module_included_in_systems":{"":null,"background_color":"bg-gray-medium","background_color_content":"bg-none"}},"contact":{"module_contact":{"":null,"background_color":"bg-none","background_color_content":"bg-none"}},"ausschreibende":{"module_ausschreibende":{"andern_sie_den_inhalt_unter_universelle_elemente":null,"background_color":"bg-none","background_color_content":"bg-none"}}},"yoast_head":"<!-- This site is optimized with the Yoast SEO plugin v27.0 - https:\/\/yoast.com\/product\/yoast-seo-wordpress\/ -->\n<title>Rapid-setting 2-component sealing resin PU 5000 RX | KLB K\u00f6tztal<\/title>\n<meta name=\"description\" content=\"Rapid-setting, colour-stable, solvent-free sealing resin PU 5000 RX with anti-slip | KLB floors \u2714\ufe0f for parking areas, garages, etc. indoor and outdoor\" \/>\n<meta name=\"robots\" content=\"noindex, follow, max-snippet:-1, max-image-preview:large, max-video-preview:-1\" \/>\n<meta property=\"og:locale\" content=\"en_GB\" \/>\n<meta property=\"og:type\" content=\"article\" \/>\n<meta property=\"og:title\" content=\"Rapid-setting 2-component sealing resin PU 5000 RX | KLB K\u00f6tztal\" \/>\n<meta property=\"og:description\" content=\"Rapid-setting, colour-stable, solvent-free sealing resin PU 5000 RX with anti-slip | KLB floors \u2714\ufe0f for parking areas, garages, etc. indoor and outdoor\" \/>\n<meta property=\"og:url\" content=\"https:\/\/dev.klb-koetztal.de\/en\/produkt\/klb-system-polyurethan-pu-5000-rx\/\" \/>\n<meta property=\"og:site_name\" content=\"KLB K\u00f6tztal\" \/>\n<meta property=\"article:publisher\" content=\"https:\/\/www.facebook.com\/klbkoetztal\" \/>\n<meta property=\"article:modified_time\" content=\"2026-02-25T10:53:12+00:00\" \/>\n<meta property=\"og:image\" content=\"https:\/\/dev.klb-koetztal.de\/app\/uploads\/2022\/03\/PU5000_RX.jpg\" \/>\n\t<meta property=\"og:image:width\" content=\"500\" \/>\n\t<meta property=\"og:image:height\" content=\"500\" \/>\n\t<meta property=\"og:image:type\" content=\"image\/jpeg\" \/>\n<meta name=\"twitter:card\" content=\"summary_large_image\" \/>\n<script type=\"application\/ld+json\" class=\"yoast-schema-graph\">{\"@context\":\"https:\/\/schema.org\",\"@graph\":[{\"@type\":\"WebPage\",\"@id\":\"https:\/\/dev.klb-koetztal.de\/en\/produkt\/klb-system-polyurethan-pu-5000-rx\/\",\"url\":\"https:\/\/dev.klb-koetztal.de\/en\/produkt\/klb-system-polyurethan-pu-5000-rx\/\",\"name\":\"Rapid-setting 2-component sealing resin PU 5000 RX | KLB K\u00f6tztal\",\"isPartOf\":{\"@id\":\"https:\/\/dev.klb-koetztal.de\/en\/#website\"},\"primaryImageOfPage\":{\"@id\":\"https:\/\/dev.klb-koetztal.de\/en\/produkt\/klb-system-polyurethan-pu-5000-rx\/#primaryimage\"},\"image\":{\"@id\":\"https:\/\/dev.klb-koetztal.de\/en\/produkt\/klb-system-polyurethan-pu-5000-rx\/#primaryimage\"},\"thumbnailUrl\":\"https:\/\/dev.klb-koetztal.de\/app\/uploads\/2022\/03\/PU5000_RX.jpg\",\"datePublished\":\"2021-08-19T07:04:15+00:00\",\"dateModified\":\"2026-02-25T10:53:12+00:00\",\"description\":\"Rapid-setting, colour-stable, solvent-free sealing resin PU 5000 RX with anti-slip | KLB floors \u2714\ufe0f for parking areas, garages, etc. indoor and outdoor\",\"breadcrumb\":{\"@id\":\"https:\/\/dev.klb-koetztal.de\/en\/produkt\/klb-system-polyurethan-pu-5000-rx\/#breadcrumb\"},\"inLanguage\":\"en-GB\",\"potentialAction\":[{\"@type\":\"ReadAction\",\"target\":[\"https:\/\/dev.klb-koetztal.de\/en\/produkt\/klb-system-polyurethan-pu-5000-rx\/\"]}]},{\"@type\":\"ImageObject\",\"inLanguage\":\"en-GB\",\"@id\":\"https:\/\/dev.klb-koetztal.de\/en\/produkt\/klb-system-polyurethan-pu-5000-rx\/#primaryimage\",\"url\":\"https:\/\/dev.klb-koetztal.de\/app\/uploads\/2022\/03\/PU5000_RX.jpg\",\"contentUrl\":\"https:\/\/dev.klb-koetztal.de\/app\/uploads\/2022\/03\/PU5000_RX.jpg\",\"width\":500,\"height\":500},{\"@type\":\"BreadcrumbList\",\"@id\":\"https:\/\/dev.klb-koetztal.de\/en\/produkt\/klb-system-polyurethan-pu-5000-rx\/#breadcrumb\",\"itemListElement\":[{\"@type\":\"ListItem\",\"position\":1,\"name\":\"Startseite\",\"item\":\"https:\/\/dev.klb-koetztal.de\/en\/\"},{\"@type\":\"ListItem\",\"position\":2,\"name\":\"KLB-SYSTEM POLYURETHAN PU 5000 RX\"}]},{\"@type\":\"WebSite\",\"@id\":\"https:\/\/dev.klb-koetztal.de\/en\/#website\",\"url\":\"https:\/\/dev.klb-koetztal.de\/en\/\",\"name\":\"KLB K\u00f6tztal\",\"description\":\"Gute B\u00f6den haben ein System.\",\"potentialAction\":[{\"@type\":\"SearchAction\",\"target\":{\"@type\":\"EntryPoint\",\"urlTemplate\":\"https:\/\/dev.klb-koetztal.de\/en\/?s={search_term_string}\"},\"query-input\":{\"@type\":\"PropertyValueSpecification\",\"valueRequired\":true,\"valueName\":\"search_term_string\"}}],\"inLanguage\":\"en-GB\"}]}<\/script>\n<!-- \/ Yoast SEO plugin. -->","yoast_head_json":{"title":"Rapid-setting 2-component sealing resin PU 5000 RX | KLB K\u00f6tztal","description":"Rapid-setting, colour-stable, solvent-free sealing resin PU 5000 RX with anti-slip | KLB floors \u2714\ufe0f for parking areas, garages, etc. indoor and outdoor","robots":{"index":"noindex","follow":"follow","max-snippet":"max-snippet:-1","max-image-preview":"max-image-preview:large","max-video-preview":"max-video-preview:-1"},"og_locale":"en_GB","og_type":"article","og_title":"Rapid-setting 2-component sealing resin PU 5000 RX | KLB K\u00f6tztal","og_description":"Rapid-setting, colour-stable, solvent-free sealing resin PU 5000 RX with anti-slip | KLB floors \u2714\ufe0f for parking areas, garages, etc. indoor and outdoor","og_url":"https:\/\/dev.klb-koetztal.de\/en\/produkt\/klb-system-polyurethan-pu-5000-rx\/","og_site_name":"KLB K\u00f6tztal","article_publisher":"https:\/\/www.facebook.com\/klbkoetztal","article_modified_time":"2026-02-25T10:53:12+00:00","og_image":[{"width":500,"height":500,"url":"https:\/\/dev.klb-koetztal.de\/app\/uploads\/2022\/03\/PU5000_RX.jpg","type":"image\/jpeg"}],"twitter_card":"summary_large_image","schema":{"@context":"https:\/\/schema.org","@graph":[{"@type":"WebPage","@id":"https:\/\/dev.klb-koetztal.de\/en\/produkt\/klb-system-polyurethan-pu-5000-rx\/","url":"https:\/\/dev.klb-koetztal.de\/en\/produkt\/klb-system-polyurethan-pu-5000-rx\/","name":"Rapid-setting 2-component sealing resin PU 5000 RX | KLB K\u00f6tztal","isPartOf":{"@id":"https:\/\/dev.klb-koetztal.de\/en\/#website"},"primaryImageOfPage":{"@id":"https:\/\/dev.klb-koetztal.de\/en\/produkt\/klb-system-polyurethan-pu-5000-rx\/#primaryimage"},"image":{"@id":"https:\/\/dev.klb-koetztal.de\/en\/produkt\/klb-system-polyurethan-pu-5000-rx\/#primaryimage"},"thumbnailUrl":"https:\/\/dev.klb-koetztal.de\/app\/uploads\/2022\/03\/PU5000_RX.jpg","datePublished":"2021-08-19T07:04:15+00:00","dateModified":"2026-02-25T10:53:12+00:00","description":"Rapid-setting, colour-stable, solvent-free sealing resin PU 5000 RX with anti-slip | KLB floors \u2714\ufe0f for parking areas, garages, etc. indoor and outdoor","breadcrumb":{"@id":"https:\/\/dev.klb-koetztal.de\/en\/produkt\/klb-system-polyurethan-pu-5000-rx\/#breadcrumb"},"inLanguage":"en-GB","potentialAction":[{"@type":"ReadAction","target":["https:\/\/dev.klb-koetztal.de\/en\/produkt\/klb-system-polyurethan-pu-5000-rx\/"]}]},{"@type":"ImageObject","inLanguage":"en-GB","@id":"https:\/\/dev.klb-koetztal.de\/en\/produkt\/klb-system-polyurethan-pu-5000-rx\/#primaryimage","url":"https:\/\/dev.klb-koetztal.de\/app\/uploads\/2022\/03\/PU5000_RX.jpg","contentUrl":"https:\/\/dev.klb-koetztal.de\/app\/uploads\/2022\/03\/PU5000_RX.jpg","width":500,"height":500},{"@type":"BreadcrumbList","@id":"https:\/\/dev.klb-koetztal.de\/en\/produkt\/klb-system-polyurethan-pu-5000-rx\/#breadcrumb","itemListElement":[{"@type":"ListItem","position":1,"name":"Startseite","item":"https:\/\/dev.klb-koetztal.de\/en\/"},{"@type":"ListItem","position":2,"name":"KLB-SYSTEM POLYURETHAN PU 5000 RX"}]},{"@type":"WebSite","@id":"https:\/\/dev.klb-koetztal.de\/en\/#website","url":"https:\/\/dev.klb-koetztal.de\/en\/","name":"KLB K\u00f6tztal","description":"Gute B\u00f6den haben ein System.","potentialAction":[{"@type":"SearchAction","target":{"@type":"EntryPoint","urlTemplate":"https:\/\/dev.klb-koetztal.de\/en\/?s={search_term_string}"},"query-input":{"@type":"PropertyValueSpecification","valueRequired":true,"valueName":"search_term_string"}}],"inLanguage":"en-GB"}]}},"_links":{"self":[{"href":"https:\/\/dev.klb-koetztal.de\/en\/wp-json\/wp\/v2\/product\/46716","targetHints":{"allow":["GET"]}}],"collection":[{"href":"https:\/\/dev.klb-koetztal.de\/en\/wp-json\/wp\/v2\/product"}],"about":[{"href":"https:\/\/dev.klb-koetztal.de\/en\/wp-json\/wp\/v2\/types\/product"}],"wp:featuredmedia":[{"embeddable":true,"href":"https:\/\/dev.klb-koetztal.de\/en\/wp-json\/wp\/v2\/media\/50101"}],"wp:attachment":[{"href":"https:\/\/dev.klb-koetztal.de\/en\/wp-json\/wp\/v2\/media?parent=46716"}],"wp:term":[{"taxonomy":"product_brand","embeddable":true,"href":"https:\/\/dev.klb-koetztal.de\/en\/wp-json\/wp\/v2\/product_brand?post=46716"},{"taxonomy":"product_cat","embeddable":true,"href":"https:\/\/dev.klb-koetztal.de\/en\/wp-json\/wp\/v2\/product_cat?post=46716"},{"taxonomy":"product_tag","embeddable":true,"href":"https:\/\/dev.klb-koetztal.de\/en\/wp-json\/wp\/v2\/product_tag?post=46716"}],"curies":[{"name":"wp","href":"https:\/\/api.w.org\/{rel}","templated":true}]}}