{"id":46708,"date":"2021-08-19T09:02:24","date_gmt":"2021-08-19T07:02:24","guid":{"rendered":"https:\/\/dev.klb-koetztal.de\/produkt\/car-park-surface-protection-system-klb-system-polyurethan-pu-5560\/"},"modified":"2026-03-16T14:26:26","modified_gmt":"2026-03-16T13:26:26","slug":"car-park-surface-protection-system-klb-system-polyurethan-pu-5560","status":"publish","type":"product","link":"https:\/\/dev.klb-koetztal.de\/en\/produkt\/car-park-surface-protection-system-klb-system-polyurethan-pu-5560\/","title":{"rendered":"CAR PARK surface protection system KLB-SYSTEM POLYURETHAN PU 5560"},"content":{"rendered":"","protected":false},"excerpt":{"rendered":"<p>2-component polyurethane coating which can be used as wearing layer for surface protection systems OS 8, OS 11a or OS 14 according to the&#160;TR maintenance directive.&#160;In accordance with&#160;TR maintenance,&#160;the product is suitable for the production of certified OS 11a or OS 14 car park coatings with increased dynamic crack-bridging capability for surfaces that are accessible to foot and vehicle traffic. It&#160;can also be used for OS 8&#160;systems with static crack-bridging.<br \/>\nKLB-SYSTEM POLYURETHAN PU 5560 is resistant to frost and de-icing salt and permanently protects the building fabric against the penetration of water or de-icing salt.<\/p>\n","protected":false},"featured_media":49784,"template":"","meta":{"_acf_changed":false},"product_brand":[],"product_cat":[9609,9639],"product_tag":[],"class_list":{"0":"post-46708","1":"product","2":"type-product","3":"status-publish","4":"has-post-thumbnail","6":"product_cat-coatings","7":"product_cat-car-park-coatings-including-rapid-setting","9":"first","10":"instock","11":"shipping-taxable","12":"product-type-simple"},"acf":{"product_header":{"module_product_header":{"":null,"prototype_headline":{"headline":"CAR PARK surface protection system KLB-SYSTEM POLYURETHAN PU 5560","h1":true,"subheadline":"2-component polyurethane wearing layer for&#160;OS 8, OS 11a and OS 14 surface protection system in accordance with TR maintenance directive","anchor":"","url":""},"grid_text_slider":false,"grid_text_content":[{"text":"<p class=\"product-short-title\" style=\"text-align: center;\"><strong>Brief description<\/strong><\/p>\n<p>2-component polyurethane coating which can be used as wearing layer for surface protection systems OS 8, OS 11a or OS 14 according to the&#160;TR maintenance directive.&#160;In accordance with&#160;TR maintenance,&#160;the product is suitable for the production of certified OS 11a or OS 14 car park coatings with increased dynamic crack-bridging capability for surfaces that are accessible to foot and vehicle traffic. It&#160;can also be used for OS 8&#160;systems with static crack-bridging.<\/p>\n<p><strong>KLB-SYSTEM POLYURETHAN PU 5560<\/strong> is resistant to frost and de-icing salt and permanently protects the building fabric against the penetration of water or de-icing salt.<\/p>\n","width":"4","background_color_text":"bg-white","border_color":"border-gray-light"},{"text":"<p class=\"product-sicing-title\" style=\"text-align: center;\"><strong>Packaging units<\/strong><\/p>\n<ul>\n<li>AK6142-47 &#8211; Bucket combo 12.00 kg<\/li>\n<li>AK6142-30 &#8211; Hobbock combo 30.00 kg<\/li>\n<li>AK6142-01 &#8211; Drum combo 1200.00 kg<\/li>\n<\/ul>\n<p><\/p>\n<p>Please do not hesitate to contact us directly for enquiries about larger delivery quantities or packaging units.<\/p>\n\n","width":"4","background_color_text":"bg-white","border_color":"border-gray-light"},{"text":"<p class=\"product-attr-title\" style=\"text-align: center;\"><strong>Properties<\/strong><\/p>\n<ul>\n<li>solvent-free<\/li>\n<li>very good levelling<\/li>\n<li>elastic and deformable<\/li>\n<li>easily wear-resistant<\/li>\n<\/ul>\n","width":"4","background_color_text":"bg-white","border_color":"border-gray-light"}],"background_color":"bg-none","background_color_content":"bg-none"}},"downloads":{"module_download_list":{"inhalt":null,"downloads":[{"download":{"ID":68209,"id":68209,"title":"PU_5560_PI_en_2025_11","filename":"PU_5560_PI_en_2025_11.pdf","filesize":1339391,"url":"https:\/\/dev.klb-koetztal.de\/app\/uploads\/2025\/11\/PU_5560_PI_en_2025_11.pdf","link":"https:\/\/dev.klb-koetztal.de\/en\/?attachment_id=68209","alt":"","author":"7","description":"","caption":"","name":"pu_5560_pi_en_2025_11-2","status":"inherit","uploaded_to":0,"date":"2025-11-28 07:50:54","modified":"2025-11-28 07:50:54","menu_order":0,"mime_type":"application\/pdf","type":"application","subtype":"pdf","icon":"https:\/\/dev.klb-koetztal.de\/wp\/wp-includes\/images\/media\/document.png"},"filename":"Product Information","protected":false,"doclang":"GB","externalkey":"Produktinformation","docpos":"2"},{"download":{"ID":68212,"id":68212,"title":"PU_5560_PI_fr_2025_11","filename":"PU_5560_PI_fr_2025_11.pdf","filesize":1359844,"url":"https:\/\/dev.klb-koetztal.de\/app\/uploads\/2025\/11\/PU_5560_PI_fr_2025_11.pdf","link":"https:\/\/dev.klb-koetztal.de\/en\/?attachment_id=68212","alt":"","author":"7","description":"","caption":"","name":"pu_5560_pi_fr_2025_11-2","status":"inherit","uploaded_to":0,"date":"2025-11-28 07:50:56","modified":"2025-11-28 07:50:56","menu_order":0,"mime_type":"application\/pdf","type":"application","subtype":"pdf","icon":"https:\/\/dev.klb-koetztal.de\/wp\/wp-includes\/images\/media\/document.png"},"filename":"Information Produit FR","protected":false,"doclang":"FR","externalkey":"Produktinformation","docpos":"3"},{"download":{"ID":62899,"id":62899,"title":"PU_5560_LE_en_2024_08","filename":"PU_5560_LE_en_2024_08.pdf","filesize":679059,"url":"https:\/\/dev.klb-koetztal.de\/app\/uploads\/2024\/08\/PU_5560_LE_en_2024_08.pdf","link":"https:\/\/dev.klb-koetztal.de\/en\/?attachment_id=62899","alt":"","author":"7","description":"","caption":"","name":"pu_5560_le_en_2024_08-2","status":"inherit","uploaded_to":0,"date":"2024-08-29 13:10:12","modified":"2024-08-29 13:10:12","menu_order":0,"mime_type":"application\/pdf","type":"application","subtype":"pdf","icon":"https:\/\/dev.klb-koetztal.de\/wp\/wp-includes\/images\/media\/document.png"},"filename":"Statement of performance","protected":false,"doclang":"GB","externalkey":"Leistungserklaerung","docpos":"2"},{"download":{"ID":62902,"id":62902,"title":"PU_5560_LE_fr_2024_08","filename":"PU_5560_LE_fr_2024_08.pdf","filesize":687877,"url":"https:\/\/dev.klb-koetztal.de\/app\/uploads\/2024\/08\/PU_5560_LE_fr_2024_08.pdf","link":"https:\/\/dev.klb-koetztal.de\/en\/?attachment_id=62902","alt":"","author":"7","description":"","caption":"","name":"pu_5560_le_fr_2024_08-2","status":"inherit","uploaded_to":0,"date":"2024-08-29 13:10:14","modified":"2024-08-29 13:10:14","menu_order":0,"mime_type":"application\/pdf","type":"application","subtype":"pdf","icon":"https:\/\/dev.klb-koetztal.de\/wp\/wp-includes\/images\/media\/document.png"},"filename":"Declaration of performance","protected":false,"doclang":"FR","externalkey":"Leistungserklaerung","docpos":"3"},{"download":{"ID":51361,"id":51361,"title":"EPD-Information","filename":"PU5560_Umwelt-Deklaration_2022-07.pdf","filesize":4330158,"url":"https:\/\/dev.klb-koetztal.de\/app\/uploads\/2022\/07\/PU5560_Umwelt-Deklaration_2022-07.pdf","link":"https:\/\/dev.klb-koetztal.de\/en\/?attachment_id=51361","alt":"","author":"7","description":"","caption":"","name":"pu5560_umwelt-deklaration_2022-07","status":"inherit","uploaded_to":0,"date":"2022-07-04 07:28:26","modified":"2026-03-16 13:26:42","menu_order":0,"mime_type":"application\/pdf","type":"application","subtype":"pdf","icon":"https:\/\/dev.klb-koetztal.de\/wp\/wp-includes\/images\/media\/document.png"},"filename":"EPD - Environmental Product Declaration","protected":false,"doclang":"Multi","externalkey":"Umweltproduktdeklaration","docpos":"50"},{"download":false,"filename":"Safety data sheet","protected":true,"doclang":"GB","externalkey":"Sicherheitsdatenblatt","docpos":"2"},{"download":false,"filename":"Fiche de donn\u00e9es de s\u00e9curit\u00e9 FR","protected":true,"doclang":"FR","externalkey":"Sicherheitsdatenblatt","docpos":"3"}],"einstellungen":null,"background_color":"bg-none","background_color_content":"bg-none"}},"included_in_systems":{"module_included_in_systems":{"":null,"background_color":"bg-gray-medium","background_color_content":"bg-none"}},"contact":{"module_contact":{"":null,"background_color":"bg-none","background_color_content":"bg-none"}},"ausschreibende":{"module_ausschreibende":{"andern_sie_den_inhalt_unter_universelle_elemente":null,"background_color":"bg-none","background_color_content":"bg-none"}}},"yoast_head":"<!-- This site is optimized with the Yoast SEO plugin v27.0 - https:\/\/yoast.com\/product\/yoast-seo-wordpress\/ -->\n<title>Elastified 2-comp. OS wearing layer PU 5560 | KLB K\u00f6tztal<\/title>\n<meta name=\"description\" content=\"Crack-bridging, elastic 2-c wearing coat PU 5560 for surface protection system OS 8\/11a\/14 | KLB floor coatings \u2714\ufe0f for underground or multi-storey parking\" \/>\n<meta name=\"robots\" content=\"noindex, follow, max-snippet:-1, max-image-preview:large, max-video-preview:-1\" \/>\n<meta property=\"og:locale\" content=\"en_GB\" \/>\n<meta property=\"og:type\" content=\"article\" \/>\n<meta property=\"og:title\" content=\"Elastified 2-comp. OS wearing layer PU 5560 | KLB K\u00f6tztal\" \/>\n<meta property=\"og:description\" content=\"Crack-bridging, elastic 2-c wearing coat PU 5560 for surface protection system OS 8\/11a\/14 | KLB floor coatings \u2714\ufe0f for underground or multi-storey parking\" \/>\n<meta property=\"og:url\" content=\"https:\/\/dev.klb-koetztal.de\/en\/produkt\/car-park-surface-protection-system-klb-system-polyurethan-pu-5560\/\" \/>\n<meta property=\"og:site_name\" content=\"KLB K\u00f6tztal\" \/>\n<meta property=\"article:publisher\" content=\"https:\/\/www.facebook.com\/klbkoetztal\" \/>\n<meta property=\"article:modified_time\" content=\"2026-03-16T13:26:26+00:00\" \/>\n<meta property=\"og:image\" content=\"https:\/\/dev.klb-koetztal.de\/app\/uploads\/2022\/03\/PU5560.jpg\" \/>\n\t<meta property=\"og:image:width\" content=\"500\" \/>\n\t<meta property=\"og:image:height\" content=\"500\" \/>\n\t<meta property=\"og:image:type\" content=\"image\/jpeg\" \/>\n<meta name=\"twitter:card\" content=\"summary_large_image\" \/>\n<script type=\"application\/ld+json\" class=\"yoast-schema-graph\">{\"@context\":\"https:\/\/schema.org\",\"@graph\":[{\"@type\":\"WebPage\",\"@id\":\"https:\/\/dev.klb-koetztal.de\/en\/produkt\/car-park-surface-protection-system-klb-system-polyurethan-pu-5560\/\",\"url\":\"https:\/\/dev.klb-koetztal.de\/en\/produkt\/car-park-surface-protection-system-klb-system-polyurethan-pu-5560\/\",\"name\":\"Elastified 2-comp. OS wearing layer PU 5560 | KLB K\u00f6tztal\",\"isPartOf\":{\"@id\":\"https:\/\/dev.klb-koetztal.de\/en\/#website\"},\"primaryImageOfPage\":{\"@id\":\"https:\/\/dev.klb-koetztal.de\/en\/produkt\/car-park-surface-protection-system-klb-system-polyurethan-pu-5560\/#primaryimage\"},\"image\":{\"@id\":\"https:\/\/dev.klb-koetztal.de\/en\/produkt\/car-park-surface-protection-system-klb-system-polyurethan-pu-5560\/#primaryimage\"},\"thumbnailUrl\":\"https:\/\/dev.klb-koetztal.de\/app\/uploads\/2022\/03\/PU5560.jpg\",\"datePublished\":\"2021-08-19T07:02:24+00:00\",\"dateModified\":\"2026-03-16T13:26:26+00:00\",\"description\":\"Crack-bridging, elastic 2-c wearing coat PU 5560 for surface protection system OS 8\/11a\/14 | KLB floor coatings \u2714\ufe0f for underground or multi-storey parking\",\"breadcrumb\":{\"@id\":\"https:\/\/dev.klb-koetztal.de\/en\/produkt\/car-park-surface-protection-system-klb-system-polyurethan-pu-5560\/#breadcrumb\"},\"inLanguage\":\"en-GB\",\"potentialAction\":[{\"@type\":\"ReadAction\",\"target\":[\"https:\/\/dev.klb-koetztal.de\/en\/produkt\/car-park-surface-protection-system-klb-system-polyurethan-pu-5560\/\"]}]},{\"@type\":\"ImageObject\",\"inLanguage\":\"en-GB\",\"@id\":\"https:\/\/dev.klb-koetztal.de\/en\/produkt\/car-park-surface-protection-system-klb-system-polyurethan-pu-5560\/#primaryimage\",\"url\":\"https:\/\/dev.klb-koetztal.de\/app\/uploads\/2022\/03\/PU5560.jpg\",\"contentUrl\":\"https:\/\/dev.klb-koetztal.de\/app\/uploads\/2022\/03\/PU5560.jpg\",\"width\":500,\"height\":500},{\"@type\":\"BreadcrumbList\",\"@id\":\"https:\/\/dev.klb-koetztal.de\/en\/produkt\/car-park-surface-protection-system-klb-system-polyurethan-pu-5560\/#breadcrumb\",\"itemListElement\":[{\"@type\":\"ListItem\",\"position\":1,\"name\":\"Startseite\",\"item\":\"https:\/\/dev.klb-koetztal.de\/en\/\"},{\"@type\":\"ListItem\",\"position\":2,\"name\":\"CAR PARK surface protection system KLB-SYSTEM POLYURETHAN PU 5560\"}]},{\"@type\":\"WebSite\",\"@id\":\"https:\/\/dev.klb-koetztal.de\/en\/#website\",\"url\":\"https:\/\/dev.klb-koetztal.de\/en\/\",\"name\":\"KLB K\u00f6tztal\",\"description\":\"Gute B\u00f6den haben ein System.\",\"potentialAction\":[{\"@type\":\"SearchAction\",\"target\":{\"@type\":\"EntryPoint\",\"urlTemplate\":\"https:\/\/dev.klb-koetztal.de\/en\/?s={search_term_string}\"},\"query-input\":{\"@type\":\"PropertyValueSpecification\",\"valueRequired\":true,\"valueName\":\"search_term_string\"}}],\"inLanguage\":\"en-GB\"}]}<\/script>\n<!-- \/ Yoast SEO plugin. -->","yoast_head_json":{"title":"Elastified 2-comp. OS wearing layer PU 5560 | KLB K\u00f6tztal","description":"Crack-bridging, elastic 2-c wearing coat PU 5560 for surface protection system OS 8\/11a\/14 | KLB floor coatings \u2714\ufe0f for underground or multi-storey parking","robots":{"index":"noindex","follow":"follow","max-snippet":"max-snippet:-1","max-image-preview":"max-image-preview:large","max-video-preview":"max-video-preview:-1"},"og_locale":"en_GB","og_type":"article","og_title":"Elastified 2-comp. OS wearing layer PU 5560 | KLB K\u00f6tztal","og_description":"Crack-bridging, elastic 2-c wearing coat PU 5560 for surface protection system OS 8\/11a\/14 | KLB floor coatings \u2714\ufe0f for underground or multi-storey parking","og_url":"https:\/\/dev.klb-koetztal.de\/en\/produkt\/car-park-surface-protection-system-klb-system-polyurethan-pu-5560\/","og_site_name":"KLB K\u00f6tztal","article_publisher":"https:\/\/www.facebook.com\/klbkoetztal","article_modified_time":"2026-03-16T13:26:26+00:00","og_image":[{"width":500,"height":500,"url":"https:\/\/dev.klb-koetztal.de\/app\/uploads\/2022\/03\/PU5560.jpg","type":"image\/jpeg"}],"twitter_card":"summary_large_image","schema":{"@context":"https:\/\/schema.org","@graph":[{"@type":"WebPage","@id":"https:\/\/dev.klb-koetztal.de\/en\/produkt\/car-park-surface-protection-system-klb-system-polyurethan-pu-5560\/","url":"https:\/\/dev.klb-koetztal.de\/en\/produkt\/car-park-surface-protection-system-klb-system-polyurethan-pu-5560\/","name":"Elastified 2-comp. OS wearing layer PU 5560 | KLB K\u00f6tztal","isPartOf":{"@id":"https:\/\/dev.klb-koetztal.de\/en\/#website"},"primaryImageOfPage":{"@id":"https:\/\/dev.klb-koetztal.de\/en\/produkt\/car-park-surface-protection-system-klb-system-polyurethan-pu-5560\/#primaryimage"},"image":{"@id":"https:\/\/dev.klb-koetztal.de\/en\/produkt\/car-park-surface-protection-system-klb-system-polyurethan-pu-5560\/#primaryimage"},"thumbnailUrl":"https:\/\/dev.klb-koetztal.de\/app\/uploads\/2022\/03\/PU5560.jpg","datePublished":"2021-08-19T07:02:24+00:00","dateModified":"2026-03-16T13:26:26+00:00","description":"Crack-bridging, elastic 2-c wearing coat PU 5560 for surface protection system OS 8\/11a\/14 | KLB floor coatings \u2714\ufe0f for underground or multi-storey parking","breadcrumb":{"@id":"https:\/\/dev.klb-koetztal.de\/en\/produkt\/car-park-surface-protection-system-klb-system-polyurethan-pu-5560\/#breadcrumb"},"inLanguage":"en-GB","potentialAction":[{"@type":"ReadAction","target":["https:\/\/dev.klb-koetztal.de\/en\/produkt\/car-park-surface-protection-system-klb-system-polyurethan-pu-5560\/"]}]},{"@type":"ImageObject","inLanguage":"en-GB","@id":"https:\/\/dev.klb-koetztal.de\/en\/produkt\/car-park-surface-protection-system-klb-system-polyurethan-pu-5560\/#primaryimage","url":"https:\/\/dev.klb-koetztal.de\/app\/uploads\/2022\/03\/PU5560.jpg","contentUrl":"https:\/\/dev.klb-koetztal.de\/app\/uploads\/2022\/03\/PU5560.jpg","width":500,"height":500},{"@type":"BreadcrumbList","@id":"https:\/\/dev.klb-koetztal.de\/en\/produkt\/car-park-surface-protection-system-klb-system-polyurethan-pu-5560\/#breadcrumb","itemListElement":[{"@type":"ListItem","position":1,"name":"Startseite","item":"https:\/\/dev.klb-koetztal.de\/en\/"},{"@type":"ListItem","position":2,"name":"CAR PARK surface protection system KLB-SYSTEM POLYURETHAN PU 5560"}]},{"@type":"WebSite","@id":"https:\/\/dev.klb-koetztal.de\/en\/#website","url":"https:\/\/dev.klb-koetztal.de\/en\/","name":"KLB K\u00f6tztal","description":"Gute B\u00f6den haben ein System.","potentialAction":[{"@type":"SearchAction","target":{"@type":"EntryPoint","urlTemplate":"https:\/\/dev.klb-koetztal.de\/en\/?s={search_term_string}"},"query-input":{"@type":"PropertyValueSpecification","valueRequired":true,"valueName":"search_term_string"}}],"inLanguage":"en-GB"}]}},"_links":{"self":[{"href":"https:\/\/dev.klb-koetztal.de\/en\/wp-json\/wp\/v2\/product\/46708","targetHints":{"allow":["GET"]}}],"collection":[{"href":"https:\/\/dev.klb-koetztal.de\/en\/wp-json\/wp\/v2\/product"}],"about":[{"href":"https:\/\/dev.klb-koetztal.de\/en\/wp-json\/wp\/v2\/types\/product"}],"wp:featuredmedia":[{"embeddable":true,"href":"https:\/\/dev.klb-koetztal.de\/en\/wp-json\/wp\/v2\/media\/49784"}],"wp:attachment":[{"href":"https:\/\/dev.klb-koetztal.de\/en\/wp-json\/wp\/v2\/media?parent=46708"}],"wp:term":[{"taxonomy":"product_brand","embeddable":true,"href":"https:\/\/dev.klb-koetztal.de\/en\/wp-json\/wp\/v2\/product_brand?post=46708"},{"taxonomy":"product_cat","embeddable":true,"href":"https:\/\/dev.klb-koetztal.de\/en\/wp-json\/wp\/v2\/product_cat?post=46708"},{"taxonomy":"product_tag","embeddable":true,"href":"https:\/\/dev.klb-koetztal.de\/en\/wp-json\/wp\/v2\/product_tag?post=46708"}],"curies":[{"name":"wp","href":"https:\/\/api.w.org\/{rel}","templated":true}]}}