{"id":46707,"date":"2021-08-19T09:01:56","date_gmt":"2021-08-19T07:01:56","guid":{"rendered":"https:\/\/dev.klb-koetztal.de\/produkt\/car-park-surface-protection-system-klb-system-polyurethan-pu-5550\/"},"modified":"2026-03-16T14:25:59","modified_gmt":"2026-03-16T13:25:59","slug":"car-park-surface-protection-system-klb-system-polyurethan-pu-5550","status":"publish","type":"product","link":"https:\/\/dev.klb-koetztal.de\/en\/produkt\/car-park-surface-protection-system-klb-system-polyurethan-pu-5550\/","title":{"rendered":"CAR PARK surface protection system&nbsp;KLB-SYSTEM POLYURETHAN PU 5550"},"content":{"rendered":"","protected":false},"excerpt":{"rendered":"<p>Elastic 2-component polyurethane coating which can be used as crack-bridging floating\/wearing layer for&#160;surface protection systems OS 11 a\/b or OS 14 according to the DAfStb and TR maintenance directive. It&#160;is used in the&#160;system as an intermediate layer, flexible even at low temperatures,&#160;with increased dynamic crack-bridging capability in underground and multi-storey car&#160;park coatings with an increased risk of crack formation.<br \/>\nKLB-SYSTEM POLYURETHAN PU 5550&#160;is resistant to frost and de-icing salt and permanently protects the fabric of the building against the penetration of water and de-icing salt.<\/p>\n","protected":false},"featured_media":49773,"template":"","meta":{"_acf_changed":false},"product_brand":[],"product_cat":[9609,9639],"product_tag":[],"class_list":{"0":"post-46707","1":"product","2":"type-product","3":"status-publish","4":"has-post-thumbnail","6":"product_cat-coatings","7":"product_cat-car-park-coatings-including-rapid-setting","9":"first","10":"instock","11":"shipping-taxable","12":"product-type-simple"},"acf":{"product_header":{"module_product_header":{"":null,"prototype_headline":{"headline":"CAR PARK surface protection system&nbsp;KLB-SYSTEM POLYURETHAN PU 5550","h1":true,"subheadline":"Elastic 2-component polyurethane floating\/wearing layer for OS 11 a\/b or OS 14 surface protection systems in accordance with DAfStb (2001) and TR maintenance directive","anchor":"","url":""},"grid_text_slider":false,"grid_text_content":[{"text":"<p class=\"product-short-title\" style=\"text-align: center;\"><strong>Brief description<\/strong><\/p>\n<p>Elastic 2-component polyurethane coating which can be used as crack-bridging floating\/wearing layer for&#160;surface protection systems OS 11 a\/b or OS 14 according to the DAfStb and TR maintenance directive. It&#160;is used in the&#160;system as an intermediate layer, flexible even at low temperatures,&#160;with increased dynamic crack-bridging capability in underground and multi-storey car&#160;park coatings with an increased risk of crack formation.<\/p>\n<p><strong>KLB-SYSTEM POLYURETHAN PU 5550&#160;<\/strong>is resistant to frost and de-icing salt and permanently protects the fabric of the building against the penetration of water and de-icing salt.<\/p>\n","width":"4","background_color_text":"bg-white","border_color":"border-gray-light"},{"text":"<p class=\"product-sicing-title\" style=\"text-align: center;\"><strong>Packaging units<\/strong><\/p>\n<ul>\n<li>AK6134-47 &#8211; Bucket combo 12.00 kg<\/li>\n<li>AK6134-30 &#8211; Hobbock combo 30.00 kg<\/li>\n<li>AK6134-01 &#8211; Drum combo 400.00 kg<\/li>\n<\/ul>\n<p><\/p>\n<p>Please do not hesitate to contact us directly for enquiries about larger delivery quantities or packaging units.<\/p>\n\n","width":"4","background_color_text":"bg-white","border_color":"border-gray-light"},{"text":"<p class=\"product-attr-title\" style=\"text-align: center;\"><strong>Properties<\/strong><\/p>\n<ul>\n<li>elastic and deformable<\/li>\n<li>flexible at low temperatures<\/li>\n<li>resistant to frost and de-icing salt<\/li>\n<li>impervious to fluids<\/li>\n<li>crack-bridging<\/li>\n<li>insulating impact sound<\/li>\n<li>jointless coating<\/li>\n<li>suitable on steel<\/li>\n<\/ul>\n","width":"4","background_color_text":"bg-white","border_color":"border-gray-light"}],"background_color":"bg-none","background_color_content":"bg-none"}},"downloads":{"module_download_list":{"inhalt":null,"downloads":[{"download":{"ID":60137,"id":60137,"title":"PU_5550_PI_en_2024_02","filename":"PU_5550_PI_en_2024_02.pdf","filesize":986897,"url":"https:\/\/dev.klb-koetztal.de\/app\/uploads\/2024\/02\/PU_5550_PI_en_2024_02.pdf","link":"https:\/\/dev.klb-koetztal.de\/en\/?attachment_id=60137","alt":"","author":"7","description":"","caption":"","name":"pu_5550_pi_en_2024_02-2","status":"inherit","uploaded_to":0,"date":"2024-02-13 08:40:49","modified":"2024-02-13 08:40:49","menu_order":0,"mime_type":"application\/pdf","type":"application","subtype":"pdf","icon":"https:\/\/dev.klb-koetztal.de\/wp\/wp-includes\/images\/media\/document.png"},"filename":"Product Information","protected":false,"doclang":"GB","externalkey":"Produktinformation","docpos":"2"},{"download":{"ID":60140,"id":60140,"title":"PU_5550_PI_fr_2024_02","filename":"PU_5550_PI_fr_2024_02.pdf","filesize":1004801,"url":"https:\/\/dev.klb-koetztal.de\/app\/uploads\/2024\/02\/PU_5550_PI_fr_2024_02.pdf","link":"https:\/\/dev.klb-koetztal.de\/en\/?attachment_id=60140","alt":"","author":"7","description":"","caption":"","name":"pu_5550_pi_fr_2024_02-2","status":"inherit","uploaded_to":0,"date":"2024-02-13 08:40:51","modified":"2024-02-13 08:40:51","menu_order":0,"mime_type":"application\/pdf","type":"application","subtype":"pdf","icon":"https:\/\/dev.klb-koetztal.de\/wp\/wp-includes\/images\/media\/document.png"},"filename":"Information Produit FR","protected":false,"doclang":"FR","externalkey":"Produktinformation","docpos":"3"},{"download":{"ID":49765,"id":49765,"title":"Leistungserkl\u00e4rung - Statement of performance","filename":"Parkhaus_Aufbau_Leistungserklaerungen_23.08.2019.pdf","filesize":904343,"url":"https:\/\/dev.klb-koetztal.de\/app\/uploads\/2022\/03\/Parkhaus_Aufbau_Leistungserklaerungen_23.08.2019.pdf","link":"https:\/\/dev.klb-koetztal.de\/en\/?attachment_id=49765","alt":"","author":"7","description":"","caption":"","name":"parkhaus_aufbau_leistungserklaerungen_23-08-2019","status":"inherit","uploaded_to":0,"date":"2022-03-14 10:01:46","modified":"2026-03-16 13:26:06","menu_order":0,"mime_type":"application\/pdf","type":"application","subtype":"pdf","icon":"https:\/\/dev.klb-koetztal.de\/wp\/wp-includes\/images\/media\/document.png"},"filename":"Statement of performance - Leistungserkl\u00e4rung","protected":false,"doclang":"Multi","externalkey":"Leistungserklaerung","docpos":"50"},{"download":{"ID":51360,"id":51360,"title":"EPD-Information","filename":"PU5550_Umwelt-Deklaration_2022-07.pdf","filesize":4329842,"url":"https:\/\/dev.klb-koetztal.de\/app\/uploads\/2022\/07\/PU5550_Umwelt-Deklaration_2022-07.pdf","link":"https:\/\/dev.klb-koetztal.de\/en\/?attachment_id=51360","alt":"","author":"7","description":"","caption":"","name":"pu5550_umwelt-deklaration_2022-07","status":"inherit","uploaded_to":0,"date":"2022-07-04 07:28:09","modified":"2026-03-16 13:26:17","menu_order":0,"mime_type":"application\/pdf","type":"application","subtype":"pdf","icon":"https:\/\/dev.klb-koetztal.de\/wp\/wp-includes\/images\/media\/document.png"},"filename":"EPD - Environmental Product Declaration","protected":false,"doclang":"Multi","externalkey":"Umweltproduktdeklaration","docpos":"50"},{"download":false,"filename":"Safety data sheet","protected":true,"doclang":"GB","externalkey":"Sicherheitsdatenblatt","docpos":"2"},{"download":false,"filename":"Fiche de donn\u00e9es de s\u00e9curit\u00e9 FR","protected":true,"doclang":"FR","externalkey":"Sicherheitsdatenblatt","docpos":"3"}],"einstellungen":null,"background_color":"bg-none","background_color_content":"bg-none"}},"included_in_systems":{"module_included_in_systems":{"":null,"background_color":"bg-gray-medium","background_color_content":"bg-none"}},"contact":{"module_contact":{"":null,"background_color":"bg-none","background_color_content":"bg-none"}},"ausschreibende":{"module_ausschreibende":{"andern_sie_den_inhalt_unter_universelle_elemente":null,"background_color":"bg-none","background_color_content":"bg-none"}}},"yoast_head":"<!-- This site is optimized with the Yoast SEO plugin v27.0 - https:\/\/yoast.com\/product\/yoast-seo-wordpress\/ -->\n<title>Elastic, crack-bridging coating PU 5550 | KLB K\u00f6tztal<\/title>\n<meta name=\"description\" content=\"Elastified, crack-bridging 2-comp. coating PU 5550 for surface protection systems OS 11 a\/b or OS 14 | KLB synthetic resin coverings \u2714\ufe0f indoor or outdoor\" \/>\n<meta name=\"robots\" content=\"noindex, follow, max-snippet:-1, max-image-preview:large, max-video-preview:-1\" \/>\n<meta property=\"og:locale\" content=\"en_GB\" \/>\n<meta property=\"og:type\" content=\"article\" \/>\n<meta property=\"og:title\" content=\"Elastic, crack-bridging coating PU 5550 | KLB K\u00f6tztal\" \/>\n<meta property=\"og:description\" content=\"Elastified, crack-bridging 2-comp. coating PU 5550 for surface protection systems OS 11 a\/b or OS 14 | KLB synthetic resin coverings \u2714\ufe0f indoor or outdoor\" \/>\n<meta property=\"og:url\" content=\"https:\/\/dev.klb-koetztal.de\/en\/produkt\/car-park-surface-protection-system-klb-system-polyurethan-pu-5550\/\" \/>\n<meta property=\"og:site_name\" content=\"KLB K\u00f6tztal\" \/>\n<meta property=\"article:publisher\" content=\"https:\/\/www.facebook.com\/klbkoetztal\" \/>\n<meta property=\"article:modified_time\" content=\"2026-03-16T13:25:59+00:00\" \/>\n<meta property=\"og:image\" content=\"https:\/\/dev.klb-koetztal.de\/app\/uploads\/2022\/03\/PU5550.jpg\" \/>\n\t<meta property=\"og:image:width\" content=\"500\" \/>\n\t<meta property=\"og:image:height\" content=\"500\" \/>\n\t<meta property=\"og:image:type\" content=\"image\/jpeg\" \/>\n<meta name=\"twitter:card\" content=\"summary_large_image\" \/>\n<script type=\"application\/ld+json\" class=\"yoast-schema-graph\">{\"@context\":\"https:\/\/schema.org\",\"@graph\":[{\"@type\":\"WebPage\",\"@id\":\"https:\/\/dev.klb-koetztal.de\/en\/produkt\/car-park-surface-protection-system-klb-system-polyurethan-pu-5550\/\",\"url\":\"https:\/\/dev.klb-koetztal.de\/en\/produkt\/car-park-surface-protection-system-klb-system-polyurethan-pu-5550\/\",\"name\":\"Elastic, crack-bridging coating PU 5550 | KLB K\u00f6tztal\",\"isPartOf\":{\"@id\":\"https:\/\/dev.klb-koetztal.de\/en\/#website\"},\"primaryImageOfPage\":{\"@id\":\"https:\/\/dev.klb-koetztal.de\/en\/produkt\/car-park-surface-protection-system-klb-system-polyurethan-pu-5550\/#primaryimage\"},\"image\":{\"@id\":\"https:\/\/dev.klb-koetztal.de\/en\/produkt\/car-park-surface-protection-system-klb-system-polyurethan-pu-5550\/#primaryimage\"},\"thumbnailUrl\":\"https:\/\/dev.klb-koetztal.de\/app\/uploads\/2022\/03\/PU5550.jpg\",\"datePublished\":\"2021-08-19T07:01:56+00:00\",\"dateModified\":\"2026-03-16T13:25:59+00:00\",\"description\":\"Elastified, crack-bridging 2-comp. coating PU 5550 for surface protection systems OS 11 a\/b or OS 14 | KLB synthetic resin coverings \u2714\ufe0f indoor or outdoor\",\"breadcrumb\":{\"@id\":\"https:\/\/dev.klb-koetztal.de\/en\/produkt\/car-park-surface-protection-system-klb-system-polyurethan-pu-5550\/#breadcrumb\"},\"inLanguage\":\"en-GB\",\"potentialAction\":[{\"@type\":\"ReadAction\",\"target\":[\"https:\/\/dev.klb-koetztal.de\/en\/produkt\/car-park-surface-protection-system-klb-system-polyurethan-pu-5550\/\"]}]},{\"@type\":\"ImageObject\",\"inLanguage\":\"en-GB\",\"@id\":\"https:\/\/dev.klb-koetztal.de\/en\/produkt\/car-park-surface-protection-system-klb-system-polyurethan-pu-5550\/#primaryimage\",\"url\":\"https:\/\/dev.klb-koetztal.de\/app\/uploads\/2022\/03\/PU5550.jpg\",\"contentUrl\":\"https:\/\/dev.klb-koetztal.de\/app\/uploads\/2022\/03\/PU5550.jpg\",\"width\":500,\"height\":500},{\"@type\":\"BreadcrumbList\",\"@id\":\"https:\/\/dev.klb-koetztal.de\/en\/produkt\/car-park-surface-protection-system-klb-system-polyurethan-pu-5550\/#breadcrumb\",\"itemListElement\":[{\"@type\":\"ListItem\",\"position\":1,\"name\":\"Startseite\",\"item\":\"https:\/\/dev.klb-koetztal.de\/en\/\"},{\"@type\":\"ListItem\",\"position\":2,\"name\":\"CAR PARK surface protection system&nbsp;KLB-SYSTEM POLYURETHAN PU 5550\"}]},{\"@type\":\"WebSite\",\"@id\":\"https:\/\/dev.klb-koetztal.de\/en\/#website\",\"url\":\"https:\/\/dev.klb-koetztal.de\/en\/\",\"name\":\"KLB K\u00f6tztal\",\"description\":\"Gute B\u00f6den haben ein System.\",\"potentialAction\":[{\"@type\":\"SearchAction\",\"target\":{\"@type\":\"EntryPoint\",\"urlTemplate\":\"https:\/\/dev.klb-koetztal.de\/en\/?s={search_term_string}\"},\"query-input\":{\"@type\":\"PropertyValueSpecification\",\"valueRequired\":true,\"valueName\":\"search_term_string\"}}],\"inLanguage\":\"en-GB\"}]}<\/script>\n<!-- \/ Yoast SEO plugin. -->","yoast_head_json":{"title":"Elastic, crack-bridging coating PU 5550 | KLB K\u00f6tztal","description":"Elastified, crack-bridging 2-comp. coating PU 5550 for surface protection systems OS 11 a\/b or OS 14 | KLB synthetic resin coverings \u2714\ufe0f indoor or outdoor","robots":{"index":"noindex","follow":"follow","max-snippet":"max-snippet:-1","max-image-preview":"max-image-preview:large","max-video-preview":"max-video-preview:-1"},"og_locale":"en_GB","og_type":"article","og_title":"Elastic, crack-bridging coating PU 5550 | KLB K\u00f6tztal","og_description":"Elastified, crack-bridging 2-comp. coating PU 5550 for surface protection systems OS 11 a\/b or OS 14 | KLB synthetic resin coverings \u2714\ufe0f indoor or outdoor","og_url":"https:\/\/dev.klb-koetztal.de\/en\/produkt\/car-park-surface-protection-system-klb-system-polyurethan-pu-5550\/","og_site_name":"KLB K\u00f6tztal","article_publisher":"https:\/\/www.facebook.com\/klbkoetztal","article_modified_time":"2026-03-16T13:25:59+00:00","og_image":[{"width":500,"height":500,"url":"https:\/\/dev.klb-koetztal.de\/app\/uploads\/2022\/03\/PU5550.jpg","type":"image\/jpeg"}],"twitter_card":"summary_large_image","schema":{"@context":"https:\/\/schema.org","@graph":[{"@type":"WebPage","@id":"https:\/\/dev.klb-koetztal.de\/en\/produkt\/car-park-surface-protection-system-klb-system-polyurethan-pu-5550\/","url":"https:\/\/dev.klb-koetztal.de\/en\/produkt\/car-park-surface-protection-system-klb-system-polyurethan-pu-5550\/","name":"Elastic, crack-bridging coating PU 5550 | KLB K\u00f6tztal","isPartOf":{"@id":"https:\/\/dev.klb-koetztal.de\/en\/#website"},"primaryImageOfPage":{"@id":"https:\/\/dev.klb-koetztal.de\/en\/produkt\/car-park-surface-protection-system-klb-system-polyurethan-pu-5550\/#primaryimage"},"image":{"@id":"https:\/\/dev.klb-koetztal.de\/en\/produkt\/car-park-surface-protection-system-klb-system-polyurethan-pu-5550\/#primaryimage"},"thumbnailUrl":"https:\/\/dev.klb-koetztal.de\/app\/uploads\/2022\/03\/PU5550.jpg","datePublished":"2021-08-19T07:01:56+00:00","dateModified":"2026-03-16T13:25:59+00:00","description":"Elastified, crack-bridging 2-comp. coating PU 5550 for surface protection systems OS 11 a\/b or OS 14 | KLB synthetic resin coverings \u2714\ufe0f indoor or outdoor","breadcrumb":{"@id":"https:\/\/dev.klb-koetztal.de\/en\/produkt\/car-park-surface-protection-system-klb-system-polyurethan-pu-5550\/#breadcrumb"},"inLanguage":"en-GB","potentialAction":[{"@type":"ReadAction","target":["https:\/\/dev.klb-koetztal.de\/en\/produkt\/car-park-surface-protection-system-klb-system-polyurethan-pu-5550\/"]}]},{"@type":"ImageObject","inLanguage":"en-GB","@id":"https:\/\/dev.klb-koetztal.de\/en\/produkt\/car-park-surface-protection-system-klb-system-polyurethan-pu-5550\/#primaryimage","url":"https:\/\/dev.klb-koetztal.de\/app\/uploads\/2022\/03\/PU5550.jpg","contentUrl":"https:\/\/dev.klb-koetztal.de\/app\/uploads\/2022\/03\/PU5550.jpg","width":500,"height":500},{"@type":"BreadcrumbList","@id":"https:\/\/dev.klb-koetztal.de\/en\/produkt\/car-park-surface-protection-system-klb-system-polyurethan-pu-5550\/#breadcrumb","itemListElement":[{"@type":"ListItem","position":1,"name":"Startseite","item":"https:\/\/dev.klb-koetztal.de\/en\/"},{"@type":"ListItem","position":2,"name":"CAR PARK surface protection system&nbsp;KLB-SYSTEM POLYURETHAN PU 5550"}]},{"@type":"WebSite","@id":"https:\/\/dev.klb-koetztal.de\/en\/#website","url":"https:\/\/dev.klb-koetztal.de\/en\/","name":"KLB K\u00f6tztal","description":"Gute B\u00f6den haben ein System.","potentialAction":[{"@type":"SearchAction","target":{"@type":"EntryPoint","urlTemplate":"https:\/\/dev.klb-koetztal.de\/en\/?s={search_term_string}"},"query-input":{"@type":"PropertyValueSpecification","valueRequired":true,"valueName":"search_term_string"}}],"inLanguage":"en-GB"}]}},"_links":{"self":[{"href":"https:\/\/dev.klb-koetztal.de\/en\/wp-json\/wp\/v2\/product\/46707","targetHints":{"allow":["GET"]}}],"collection":[{"href":"https:\/\/dev.klb-koetztal.de\/en\/wp-json\/wp\/v2\/product"}],"about":[{"href":"https:\/\/dev.klb-koetztal.de\/en\/wp-json\/wp\/v2\/types\/product"}],"wp:featuredmedia":[{"embeddable":true,"href":"https:\/\/dev.klb-koetztal.de\/en\/wp-json\/wp\/v2\/media\/49773"}],"wp:attachment":[{"href":"https:\/\/dev.klb-koetztal.de\/en\/wp-json\/wp\/v2\/media?parent=46707"}],"wp:term":[{"taxonomy":"product_brand","embeddable":true,"href":"https:\/\/dev.klb-koetztal.de\/en\/wp-json\/wp\/v2\/product_brand?post=46707"},{"taxonomy":"product_cat","embeddable":true,"href":"https:\/\/dev.klb-koetztal.de\/en\/wp-json\/wp\/v2\/product_cat?post=46707"},{"taxonomy":"product_tag","embeddable":true,"href":"https:\/\/dev.klb-koetztal.de\/en\/wp-json\/wp\/v2\/product_tag?post=46707"}],"curies":[{"name":"wp","href":"https:\/\/api.w.org\/{rel}","templated":true}]}}